{"id":27522,"date":"2026-02-13T21:33:12","date_gmt":"2026-02-13T12:33:12","guid":{"rendered":"https:\/\/www.s-lecfilm.com\/?page_id=27522"},"modified":"2026-02-13T21:33:13","modified_gmt":"2026-02-13T12:33:13","slug":"pt-pt-download-archg","status":"publish","type":"page","link":"https:\/\/www.s-lecfilm.com\/pt-pt\/download\/ArchG-2\/","title":{"rendered":"\/pt-pt\/download\/ArchG\/"},"content":{"rendered":"\n<div class=\"frame\">\n\t<div class=\"container\">\n\t\t<div class=\"all_area2\">\n\t\t\t<!-- Gradient -->\n\t\t\t<div class=\"form_SolarP width-normal\">\n\t\t\t\t\n\n<div class=\"form_SolarP_left\">\n\t\n<H1 class=\"c-title-level02 section-subtitle\">Brochura de arquitetura S-LEC\u2122 Film<\/H1>\n\n\n<h4 class=\"wp-block-heading\">Explore a variedade de pel\u00edculas intercalares de PVB para vidro laminado.<\/h4>\n\n\n\n<p>A utiliza\u00e7\u00e3o extensiva do vidro na arquitetura \u00e9 mais popular do que nunca. Esta tend\u00eancia levou \u00e0 necessidade de um vidro mais funcional.<br\/>S-LEC\u2122 Film expande as possibilidades do vidro arquitet\u00f3nico, oferecendo isolamento ac\u00fastico, isolamento t\u00e9rmico e desempenho de design, ao mesmo tempo que proporciona os tr\u00eas desempenhos: seguran\u00e7a, prote\u00e7\u00e3o e bloqueio dos raios UV.<\/p>\n\n\n<div class=\"feature-img text-center form_SolarP_thumbnail mb-3\">\n\t\t<img decoding=\"async\" src=\"https:\/\/www.s-lecfilm.com\/wp-content\/uploads\/S-LEC_Architecture_ArchG-E01_thumbnail-1-1.webp\" alt=\"The brochures of S-LEC\u2122 PVB interlayer film for architectural laminated glass\" >\n\t\t<\/div>\n\n<div class=\"mb-3 form_SolarP_thumbnail_contents\">\n\t<div class=\"mb-3 form_SolarP_thumbnail_contents_box\">\n\t\t\n\n<p>Produto<\/p>\n\n\n\n<ul class=\"wp-block-list\">\n<li>Pel\u00edcula intercalar de PVB S-LEC\u2122 para vidro laminado<\/li>\n\n\n\n<li>Pel\u00edcula colorido <\/li>\n\n\n\n<li>Pel\u00edcula ac\u00fastica sonora<\/li>\n\n\n\n<li>Pel\u00edcula de controlo solar<\/li>\n\n\n\n<li>Pel\u00edcula de prote\u00e7\u00e3o UV Premium UA01<\/li>\n<\/ul>\n\n\n\n<p>Conte\u00fado<\/p>\n\n\n\n<ul class=\"wp-block-list\">\n<li>Desempenhos e propriedades<\/li>\n\n\n\n<li>Aplica\u00e7\u00f5es<\/li>\n<\/ul>\n\n\t<\/div>\n<\/div>\n\n<\/div>\n\n\n\r\n<form  name=\"S-LEC_WebContents_ArchG_EN_FH\" action=\"\" class=\"all_area2 form_contacts form_contents form_SolarP_right largura-grande\" method=\"post\">\r\n\t<input type=\"hidden\" name=\"Language\" value=\"EN\" id=\"Language\">\r\n\t<div class=\"mb-3 form_SolarP_forminner\">\r\n\t\t<div class=\"row\">\r\n\t\t\t<div class=\"col-md-12 mb-3\">\r\n\t\t\t\tPode obter a liga\u00e7\u00e3o para a nossa solu\u00e7\u00e3o logo ap\u00f3s preencher este formul\u00e1rio.\t\t\t<\/div>\r\n\t\t<\/div>\r\n\t\t<div class=\"row\">\r\n\t\t\r\n\t\t\t\t\t<div class=\"col-md-6 mb-2\">\r\n\t\t\t\t<label for=\"First_Name\" class=\"field-label\">Nome pr\u00f3prio \r\n\t\t\t\t\t\t\t\t\t<span class=\"required\">*<\/span>\r\n\t\t\t\t\t\t\t\t<\/label>\r\n\t\t\t\t<input required type=\"text\" class=\"form-control\" id=\"First_Name\" name=\"First_Name\" placeholder=\"\">\r\n\t\t\t<\/div>\r\n\t\t\t\t\r\n\t\t\t\t\t<div class=\"col-md-6 mb-2\">\r\n\t\t\t\t<label for=\"Last_Name\" class=\"field-label\">Apelido \r\n\t\t\t\t\t\t\t\t\t<span class=\"required\">*<\/span>\r\n\t\t\t\t\t\t\t\t<\/label>\r\n\t\t\t\t<input required type=\"text\" class=\"form-control\" id=\"Last_Name\" name=\"Last_Name\" placeholder=\"\">\r\n\t\t\t<\/div>\r\n\t\t\r\n\t\t\t\t\r\n\t\t\t\t\t<div class=\"col-md-12 mb-2\">\r\n\t\t\t\t<label for=\"email\" class=\"field-label\">Correio eletr\u00f3nico (apenas o endere\u00e7o da empresa) \r\n\t\t\t\t\t\t\t\t<span class=\"required\">*<\/span>\r\n\t\t\t\t\t\t\t\t<\/label>\r\n\t\t\t\t<input required type=\"email\" class=\"form-control\" id=\"email\" name=\"email\" placeholder=\"example@yourdomain.com\">\r\n\t\t\t\t<div class=\"error_massage required\"><\/div>\r\n\t\t\t<\/div>\r\n\t\t\r\n\t\t\r\n\t\t\t\t\t<div class=\"col-md-12 mb-2\">\r\n\t\t\t\t<label for=\"Company\" class=\"field-label\">Empresa \r\n\t\t\t\t\t\t\t\t<span class=\"required\">*<\/span>\r\n\t\t\t\t\t\t\t\t<\/label>\r\n\t\t\t\t<input required type=\"text\" class=\"form-control\" id=\"Company\" name=\"Company\" placeholder=\"Nome da empresa\">\r\n\t\t\t<\/div>\r\n\t\t\r\n\t\t\r\n\t\t\r\n\t\t\r\n\t\t\r\n\t\t\r\n\t\t\r\n\t\t\t\t\t<div class=\"col-md-12 form_SolarP_subscription\">\r\n\t\t\t\t<div class=\"form_SolarP_checkboxlabel\">\r\n\t\t\t\t\t<div>\r\n\t\t\t\t\t\t<input required type=\"checkbox\" name=\"Check_the_Privacy_Policy_and_Website_Policy\" id=\"Check_the_Privacy_Policy_and_Website_Policy\" value=\"true\">\r\n\t\t\t\t\t<\/div>\r\n\t\t\t\t\t<div>\r\n\t\t\t\t\t\t<label class=\"inline\" for=\"Check_the_Privacy_Policy_and_Website_Policy\">I agree to receive information from SEKISUI CHEMICAL (High Performance Plastics Company\/Urban Infrastructure &#038; Environmental Products Company).<\/label>\r\n\t\t\t\t\t\t<div class=\"mb-2\">You can unsubscribe at anytime.<\/div>\r\n\t\t\t\t\t\t<div class=\"form_SolarP_privacylink\">Please read our <a href=\"\/en\/privacy-notice\/\" target=\"_balnk\">Privacy Notice.<\/a><\/div>\r\n\t\t\t\t\t<\/div>\r\n\t\t\t\t<\/div>\r\n\t\t\t<\/div>\r\n\t\t\r\n\t\t<\/div><!--\/row-->\r\n\t<\/div>\r\n\t<button class=\"btn btn-primary btn-lg btn-block\">Descarregar agora<\/button>\r\n<\/form>\r\n\r\n<script>\r\n(function ($) {\r\n\t$('form[name=\"S-LEC_WebContents_ArchG_EN_FH\"]').submit(function() {\r\n\t\tvar postaddress = \"aHR0cHM6Ly9jb250YWN0LnMtbGVjZmlsbS5jb20vbC85MzUzOTMvMjAyMi0wNy0wOS8zNngxbGM=\";\r\n\t\t\r\n\t\tif($('form[name=\"S-LEC_WebContents_ArchG_EN_FH\"] .js_checkbox_list').length){\r\n\t\t\tif(!func_checkbox_checked($('form[name=\"S-LEC_WebContents_ArchG_EN_FH\"] .js_checkbox_list'))){\r\n\t\t\t\treturn false;\r\n\t\t\t}\r\n\t\t}\r\n\t\tif($('form[name=\"S-LEC_WebContents_ArchG_EN_FH\"] input[type=\"email\"]').length){\r\n\t\t\tif(!func_validation_domain($('form[name=\"S-LEC_WebContents_ArchG_EN_FH\"] input[type=\"email\"]'))){\r\n\t\t\t\t$(this).attr('action',  atob(postaddress));\r\n\t\t\t} else {\r\n\t\t\t\t$('form[name=\"S-LEC_WebContents_ArchG_EN_FH\"] input[type=\"email\"]').focus();\r\n\t\t\t\treturn false;\r\n\t\t\t}\r\n\t\t} else {\r\n\t\t\t$(this).attr('action',  atob(postaddress));\r\n\t\t}\r\n\t});\r\n\r\n\r\n\t$('form[name=\"S-LEC_WebContents_ArchG_EN_FH\"] input[type=\"email\"]').on('change focusout',function() {\r\n\t\tif(func_validation_domain($(this))){\r\n\t\t\t$(this).focus();\r\n\t\t}\r\n\t});\r\n\r\n\r\n\tfunction func_validation_domain(element){\r\n\t\tvar email = element.val();\r\n\t\tvar validation_domains = new Array(\r\n\t\t'desitai','kingboard','xinfupharm','worldpvb','color-pvb','cni-lontec','atlpvb','aomeipvb','ccpgp','kuraray','eastman','satinal','gmail','icloud','yahoo','outlook','hotmail','live.','126.com','163.com','1mail','bk.ru','bvhrs','comcast.net','daum','email.','g2bsmart.com','hanmail.net','home.nl','humantist.com','laposte.net','list.ru','live.com','mac.','mail.ru','mail2','me.com','naver','nifty','ocn','qq.com','sute.jp','t-online','yandex','x.co','gamil.','advmsecurity','concecutex','skiff.com','odoziakuchi','eventsnq','jcom.home','optusnet','139.com','qyresearch','kkmm.com','camplvad','aol','hannamht','yourdomain','orange.fr','dsads.com','bdda.com','BDDA.COM','afaf.com','nate.com','wp.pl','ezweb.ne.jp','consultant.com','beh.com','asda.com','aliyun.com','wetranstech','yourdo.com','foundite.com','bigpond.com','dominatekeywords.com','qyglobaldata.com','qyrsurvey.com','ybb.ne.jp','visitordetect.com','kyteway.com','needexpo.net','bolituandu.freeqiye.com','mm2s.eu','asd.com','revanshprojects.in',\t\t);\r\n\t\tvar splitEmail = email.split('@');\r\n\t\t\r\n\t\telement.next('.error_massage').text('');\r\n\t\telement.next('.error_massage').removeClass('message_active');\r\n\r\n\t\tif(splitEmail.length === 0 || email == ''){\r\n\t\t\treturn false;\r\n\t\t}\r\n\r\n\t\tvar func_return = false;\r\n\t\t$.each(validation_domains, function(i, blockedDomain) {\r\n\t\t\tblockedDomain = blockedDomain.toLowerCase();\r\n\t\t\tconst emailDomain = splitEmail[1].toLowerCase();\r\n\t\t\tif(emailDomain.indexOf(blockedDomain) === 0){\r\n\t\t\t\tfunc_return = true;\r\n\t\t\t\telement.next('.error_massage').text('Invalid E-mail address');\r\n\t\t\t\telement.next('.error_massage').addClass('message_active');\r\n\t\t\t\treturn false;\r\n\t\t\t}\r\n\t\t});\r\n\t\t\r\n\t\treturn func_return;\r\n\t}\r\n\r\n\tfunction func_checkbox_checked(element){\r\n\t\telement.prev('.error_massage').text('');\r\n\t\telement.prev('.error_massage').removeClass('message_active');\r\n\r\n\t\tif(!element.attr('required')){\r\n\t\t\treturn true;\r\n\t\t}\r\n\r\n\t\tvar func_return = false;\r\n\t\telement.find('input[type=\"checkbox\"]').each(function() {\r\n\t\t\tif($(this).prop('checked')){\r\n\t\t\t\tfunc_return = true;\r\n\t\t\t}\r\n\t\t});\r\n\t\t\r\n\t\tif(func_return == false){\r\n\t\t\telement.prev('.error_massage').text('Please select one or more');\r\n\t\t\telement.prev('.error_massage').addClass('message_active');\r\n\t\t}\r\n\t\treturn func_return;\r\n\t}\r\n})(jQuery);\r\n\r\n<\/script>\n\t\t\t<\/div>\n\t\t<\/div>\n\t<\/div>\n<\/div>\n","protected":false},"excerpt":{"rendered":"","protected":false},"author":14,"featured_media":0,"parent":16737,"menu_order":-23,"comment_status":"closed","ping_status":"closed","template":"page-ctaform.php","meta":{"_acf_changed":false,"_oasis_is_in_workflow":0,"_oasis_original":0,"om_disable_all_campaigns":false,"inline_featured_image":false,"_monsterinsights_skip_tracking":false,"_monsterinsights_sitenote_active":false,"_monsterinsights_sitenote_note":"","_monsterinsights_sitenote_category":0,"footnotes":""},"page_category":[137,121],"class_list":["post-27522","page","type-page","status-publish","hentry"],"acf":[],"aioseo_notices":[],"aioseo_head":"\n\t\t<!-- All in One SEO Pro 4.6.2 - aioseo.com -->\n\t\t<meta name=\"description\" content=\"S-LEC\u2122 Film expande as possibilidades do vidro arquitet\u00f3nico, oferecendo isolamento ac\u00fastico, isolamento t\u00e9rmico e desempenho de design, ao mesmo tempo que proporciona os tr\u00eas desempenhos: seguran\u00e7a, prote\u00e7\u00e3o e bloqueio dos raios UV.\" \/>\n\t\t<meta name=\"robots\" content=\"max-image-preview:large\" \/>\n\t\t<meta name=\"google-site-verification\" content=\"LGoHK3imcI57fEDyHDnPGNxrBKyRAWvyS1_pmekTNEU\" \/>\n\t\t<link rel=\"canonical\" href=\"https:\/\/www.s-lecfilm.com\/pt-pt\/download\/ArchG-2\/\" \/>\n\t\t<meta name=\"generator\" content=\"All in One SEO Pro (AIOSEO) 4.6.2\" \/>\n\t\t<meta property=\"og:locale\" content=\"pt_PT\" \/>\n\t\t<meta property=\"og:site_name\" content=\"SEKISUI S-LEC\" \/>\n\t\t<meta property=\"og:type\" content=\"website\" \/>\n\t\t<meta property=\"og:title\" content=\"S-LEC\u2122 Film para vidro laminado\" \/>\n\t\t<meta property=\"og:description\" content=\"S-LEC\u2122 Film expande as possibilidades do vidro arquitet\u00f3nico, oferecendo isolamento ac\u00fastico, isolamento t\u00e9rmico e desempenho de design, ao mesmo tempo que proporciona os tr\u00eas desempenhos: seguran\u00e7a, prote\u00e7\u00e3o e bloqueio dos raios UV.\" \/>\n\t\t<meta property=\"og:url\" content=\"https:\/\/www.s-lecfilm.com\/pt-pt\/download\/ArchG-2\/\" \/>\n\t\t<meta property=\"og:image\" content=\"https:\/\/www.s-lecfilm.com\/wp-content\/uploads\/2023\/01\/Archi_main-scaled.jpg\" \/>\n\t\t<meta property=\"og:image:secure_url\" content=\"https:\/\/www.s-lecfilm.com\/wp-content\/uploads\/2023\/01\/Archi_main-scaled.jpg\" \/>\n\t\t<meta name=\"twitter:card\" content=\"summary_large_image\" \/>\n\t\t<meta name=\"twitter:title\" content=\"S-LEC\u2122 Film para vidro laminado\" \/>\n\t\t<meta name=\"twitter:description\" content=\"S-LEC\u2122 Film expande as possibilidades do vidro arquitet\u00f3nico, oferecendo isolamento ac\u00fastico, isolamento t\u00e9rmico e desempenho de design, ao mesmo tempo que proporciona os tr\u00eas desempenhos: seguran\u00e7a, prote\u00e7\u00e3o e bloqueio dos raios UV.\" \/>\n\t\t<meta name=\"twitter:image\" content=\"https:\/\/www.s-lecfilm.com\/wp-content\/uploads\/2023\/01\/Archi_main-scaled.jpg\" \/>\n\t\t<script type=\"application\/ld+json\" class=\"aioseo-schema\">\n\t\t\t{\"@context\":\"https:\\\/\\\/schema.org\",\"@graph\":[{\"@type\":\"BreadcrumbList\",\"@id\":\"https:\\\/\\\/www.s-lecfilm.com\\\/pt-pt\\\/download\\\/ArchG-2\\\/#breadcrumblist\",\"itemListElement\":[{\"@type\":\"ListItem\",\"@id\":\"https:\\\/\\\/www.s-lecfilm.com\\\/pt-pt\\\/#listItem\",\"position\":1,\"name\":\"In\\u00edcio\",\"item\":\"https:\\\/\\\/www.s-lecfilm.com\\\/pt-pt\\\/\",\"nextItem\":\"https:\\\/\\\/www.s-lecfilm.com\\\/pt-pt\\\/pt-pt-download\\\/#listItem\"},{\"@type\":\"ListItem\",\"@id\":\"https:\\\/\\\/www.s-lecfilm.com\\\/pt-pt\\\/pt-pt-download\\\/#listItem\",\"position\":2,\"name\":\"\\\/pt-pt\\\/download\\\/\",\"item\":\"https:\\\/\\\/www.s-lecfilm.com\\\/pt-pt\\\/pt-pt-download\\\/\",\"nextItem\":\"https:\\\/\\\/www.s-lecfilm.com\\\/pt-pt\\\/download\\\/ArchG-2\\\/#listItem\",\"previousItem\":\"https:\\\/\\\/www.s-lecfilm.com\\\/pt-pt\\\/#listItem\"},{\"@type\":\"ListItem\",\"@id\":\"https:\\\/\\\/www.s-lecfilm.com\\\/pt-pt\\\/download\\\/ArchG-2\\\/#listItem\",\"position\":3,\"name\":\"\\\/pt-pt\\\/download\\\/ArchG\\\/\",\"previousItem\":\"https:\\\/\\\/www.s-lecfilm.com\\\/pt-pt\\\/pt-pt-download\\\/#listItem\"}]},{\"@type\":\"Organization\",\"@id\":\"https:\\\/\\\/www.s-lecfilm.com\\\/pt-pt\\\/#organization\",\"name\":\"s-lecfilm\",\"url\":\"https:\\\/\\\/www.s-lecfilm.com\\\/pt-pt\\\/\"},{\"@type\":\"WebPage\",\"@id\":\"https:\\\/\\\/www.s-lecfilm.com\\\/pt-pt\\\/download\\\/ArchG-2\\\/#webpage\",\"url\":\"https:\\\/\\\/www.s-lecfilm.com\\\/pt-pt\\\/download\\\/ArchG-2\\\/\",\"name\":\"S-LEC\\u2122 Film para vidro laminado\",\"description\":\"S-LEC\\u2122 Film expande as possibilidades do vidro arquitet\\u00f3nico, oferecendo isolamento ac\\u00fastico, isolamento t\\u00e9rmico e desempenho de design, ao mesmo tempo que proporciona os tr\\u00eas desempenhos: seguran\\u00e7a, prote\\u00e7\\u00e3o e bloqueio dos raios UV.\",\"inLanguage\":\"pt-PT\",\"isPartOf\":{\"@id\":\"https:\\\/\\\/www.s-lecfilm.com\\\/pt-pt\\\/#website\"},\"breadcrumb\":{\"@id\":\"https:\\\/\\\/www.s-lecfilm.com\\\/pt-pt\\\/download\\\/ArchG-2\\\/#breadcrumblist\"},\"datePublished\":\"2026-02-13T21:33:12+09:00\",\"dateModified\":\"2026-02-13T21:33:13+09:00\"},{\"@type\":\"WebSite\",\"@id\":\"https:\\\/\\\/www.s-lecfilm.com\\\/pt-pt\\\/#website\",\"url\":\"https:\\\/\\\/www.s-lecfilm.com\\\/pt-pt\\\/\",\"name\":\"s-lecfilm\",\"inLanguage\":\"pt-PT\",\"publisher\":{\"@id\":\"https:\\\/\\\/www.s-lecfilm.com\\\/pt-pt\\\/#organization\"}}]}\n\t\t<\/script>\n\t\t<!-- All in One SEO Pro -->\r\n\t\t<title>S-LEC\u2122 Film para vidro laminado<\/title>\n\n","aioseo_head_json":{"title":"S-LEC\u2122 Film para vidro laminado","description":"S-LEC\u2122 Film expande as possibilidades do vidro arquitet\u00f3nico, oferecendo isolamento ac\u00fastico, isolamento t\u00e9rmico e desempenho de design, ao mesmo tempo que proporciona os tr\u00eas desempenhos: seguran\u00e7a, prote\u00e7\u00e3o e bloqueio dos raios UV.","canonical_url":"https:\/\/www.s-lecfilm.com\/pt-pt\/download\/ArchG-2\/","robots":"max-image-preview:large","keywords":"","webmasterTools":{"google-site-verification":"LGoHK3imcI57fEDyHDnPGNxrBKyRAWvyS1_pmekTNEU","miscellaneous":""},"og:locale":"pt_PT","og:site_name":"SEKISUI S-LEC","og:type":"website","og:title":"S-LEC\u2122 Film para vidro laminado","og:description":"S-LEC\u2122 Film expande as possibilidades do vidro arquitet\u00f3nico, oferecendo isolamento ac\u00fastico, isolamento t\u00e9rmico e desempenho de design, ao mesmo tempo que proporciona os tr\u00eas desempenhos: seguran\u00e7a, prote\u00e7\u00e3o e bloqueio dos raios UV.","og:url":"https:\/\/www.s-lecfilm.com\/pt-pt\/download\/ArchG-2\/","og:image":"https:\/\/www.s-lecfilm.com\/wp-content\/uploads\/2023\/01\/Archi_main-scaled.jpg","og:image:secure_url":"https:\/\/www.s-lecfilm.com\/wp-content\/uploads\/2023\/01\/Archi_main-scaled.jpg","twitter:card":"summary_large_image","twitter:title":"S-LEC\u2122 Film para vidro laminado","twitter:description":"S-LEC\u2122 Film expande as possibilidades do vidro arquitet\u00f3nico, oferecendo isolamento ac\u00fastico, isolamento t\u00e9rmico e desempenho de design, ao mesmo tempo que proporciona os tr\u00eas desempenhos: seguran\u00e7a, prote\u00e7\u00e3o e bloqueio dos raios UV.","twitter:image":"https:\/\/www.s-lecfilm.com\/wp-content\/uploads\/2023\/01\/Archi_main-scaled.jpg","schema":{"@context":"https:\/\/schema.org","@graph":[{"@type":"BreadcrumbList","@id":"https:\/\/www.s-lecfilm.com\/pt-pt\/download\/ArchG-2\/#breadcrumblist","itemListElement":[{"@type":"ListItem","@id":"https:\/\/www.s-lecfilm.com\/pt-pt\/#listItem","position":1,"name":"In\u00edcio","item":"https:\/\/www.s-lecfilm.com\/pt-pt\/","nextItem":"https:\/\/www.s-lecfilm.com\/pt-pt\/pt-pt-download\/#listItem"},{"@type":"ListItem","@id":"https:\/\/www.s-lecfilm.com\/pt-pt\/pt-pt-download\/#listItem","position":2,"name":"\/pt-pt\/download\/","item":"https:\/\/www.s-lecfilm.com\/pt-pt\/pt-pt-download\/","nextItem":"https:\/\/www.s-lecfilm.com\/pt-pt\/download\/ArchG-2\/#listItem","previousItem":"https:\/\/www.s-lecfilm.com\/pt-pt\/#listItem"},{"@type":"ListItem","@id":"https:\/\/www.s-lecfilm.com\/pt-pt\/download\/ArchG-2\/#listItem","position":3,"name":"\/pt-pt\/download\/ArchG\/","previousItem":"https:\/\/www.s-lecfilm.com\/pt-pt\/pt-pt-download\/#listItem"}]},{"@type":"Organization","@id":"https:\/\/www.s-lecfilm.com\/pt-pt\/#organization","name":"s-lecfilm","url":"https:\/\/www.s-lecfilm.com\/pt-pt\/"},{"@type":"WebPage","@id":"https:\/\/www.s-lecfilm.com\/pt-pt\/download\/ArchG-2\/#webpage","url":"https:\/\/www.s-lecfilm.com\/pt-pt\/download\/ArchG-2\/","name":"S-LEC\u2122 Film para vidro laminado","description":"S-LEC\u2122 Film expande as possibilidades do vidro arquitet\u00f3nico, oferecendo isolamento ac\u00fastico, isolamento t\u00e9rmico e desempenho de design, ao mesmo tempo que proporciona os tr\u00eas desempenhos: seguran\u00e7a, prote\u00e7\u00e3o e bloqueio dos raios UV.","inLanguage":"pt-PT","isPartOf":{"@id":"https:\/\/www.s-lecfilm.com\/pt-pt\/#website"},"breadcrumb":{"@id":"https:\/\/www.s-lecfilm.com\/pt-pt\/download\/ArchG-2\/#breadcrumblist"},"datePublished":"2026-02-13T21:33:12+09:00","dateModified":"2026-02-13T21:33:13+09:00"},{"@type":"WebSite","@id":"https:\/\/www.s-lecfilm.com\/pt-pt\/#website","url":"https:\/\/www.s-lecfilm.com\/pt-pt\/","name":"s-lecfilm","inLanguage":"pt-PT","publisher":{"@id":"https:\/\/www.s-lecfilm.com\/pt-pt\/#organization"}}]}},"aioseo_meta_data":{"post_id":"27522","title":"S-LEC\u2122 Film para vidro laminado","description":"S-LEC\u2122 Film expande as possibilidades do vidro arquitet\u00f3nico, oferecendo isolamento ac\u00fastico, isolamento t\u00e9rmico e desempenho de design, ao mesmo tempo que proporciona os tr\u00eas desempenhos: seguran\u00e7a, prote\u00e7\u00e3o e bloqueio dos raios UV.","keywords":null,"keyphrases":"{\"focus\":{\"keyphrase\":\"\",\"score\":0,\"analysis\":{\"keyphraseInTitle\":{\"score\":0,\"maxScore\":9,\"error\":1}}},\"additional\":[]}","primary_term":null,"canonical_url":null,"og_title":null,"og_description":null,"og_object_type":"website","og_image_type":"custom_image","og_image_url":"https:\/\/www.s-lecfilm.com\/wp-content\/uploads\/2023\/01\/Archi_main-scaled.jpg","og_image_width":"0","og_image_height":"0","og_image_custom_url":"https:\/\/www.s-lecfilm.com\/wp-content\/uploads\/2023\/01\/Archi_main-scaled.jpg","og_image_custom_fields":null,"og_video":"","og_custom_url":null,"og_article_section":null,"og_article_tags":null,"twitter_use_og":false,"twitter_card":"default","twitter_image_type":"custom_image","twitter_image_url":"https:\/\/www.s-lecfilm.com\/wp-content\/uploads\/2023\/01\/Archi_main-scaled.jpg","twitter_image_custom_url":"https:\/\/www.s-lecfilm.com\/wp-content\/uploads\/2023\/01\/Archi_main-scaled.jpg","twitter_image_custom_fields":null,"twitter_title":null,"twitter_description":null,"schema":{"blockGraphs":[],"customGraphs":[],"default":{"data":{"Article":[],"Course":[],"Dataset":[],"FAQPage":[],"Movie":[],"Person":[],"Product":[],"Recipe":[],"Service":[],"SoftwareApplication":[],"WebPage":[]},"graphName":"WebPage","isEnabled":true},"graphs":[]},"schema_type":"default","schema_type_options":null,"pillar_content":false,"robots_default":true,"robots_noindex":false,"robots_noarchive":false,"robots_nosnippet":false,"robots_nofollow":false,"robots_noimageindex":false,"robots_noodp":false,"robots_notranslate":false,"robots_max_snippet":"-1","robots_max_videopreview":"-1","robots_max_imagepreview":"large","priority":null,"frequency":"default","local_seo":null,"limit_modified_date":false,"reviewed_by":null,"open_ai":{"title":{"suggestions":[],"usage":0},"description":{"suggestions":[],"usage":0}},"created":"2026-02-12 10:22:07","updated":"2026-02-13 12:34:23"},"aioseo_breadcrumb":"<div class=\"aioseo-breadcrumbs\"><span class=\"aioseo-breadcrumb\">\n\t<a href=\"https:\/\/www.s-lecfilm.com\/pt-pt\/\" title=\"\u30db\u30fc\u30e0\">\u30db\u30fc\u30e0<\/a>\n<\/span><span class=\"aioseo-breadcrumb-separator\">&raquo;<\/span><span class=\"aioseo-breadcrumb\">\n\t<a href=\"https:\/\/www.s-lecfilm.com\/pt-pt\/pt-pt-download\/\" title=\"Privado: \/pt-pt\/download\/\">Privado: \/pt-pt\/download\/<\/a>\n<\/span><span class=\"aioseo-breadcrumb-separator\">&raquo;<\/span><span class=\"aioseo-breadcrumb\">\n\t\/pt-pt\/download\/ArchG\/\n<\/span><\/div>","aioseo_breadcrumb_json":[{"label":"\u30db\u30fc\u30e0","link":"https:\/\/www.s-lecfilm.com\/pt-pt\/"},{"label":"Privado: \/pt-pt\/download\/","link":"https:\/\/www.s-lecfilm.com\/pt-pt\/pt-pt-download\/"},{"label":"\/pt-pt\/download\/ArchG\/","link":"https:\/\/www.s-lecfilm.com\/pt-pt\/download\/ArchG-2\/"}],"_links":{"self":[{"href":"https:\/\/www.s-lecfilm.com\/pt-pt\/wp-json\/wp\/v2\/pages\/27522"}],"collection":[{"href":"https:\/\/www.s-lecfilm.com\/pt-pt\/wp-json\/wp\/v2\/pages"}],"about":[{"href":"https:\/\/www.s-lecfilm.com\/pt-pt\/wp-json\/wp\/v2\/types\/page"}],"author":[{"embeddable":true,"href":"https:\/\/www.s-lecfilm.com\/pt-pt\/wp-json\/wp\/v2\/users\/14"}],"replies":[{"embeddable":true,"href":"https:\/\/www.s-lecfilm.com\/pt-pt\/wp-json\/wp\/v2\/comments?post=27522"}],"version-history":[{"count":1,"href":"https:\/\/www.s-lecfilm.com\/pt-pt\/wp-json\/wp\/v2\/pages\/27522\/revisions"}],"predecessor-version":[{"id":27527,"href":"https:\/\/www.s-lecfilm.com\/pt-pt\/wp-json\/wp\/v2\/pages\/27522\/revisions\/27527"}],"up":[{"embeddable":true,"href":"https:\/\/www.s-lecfilm.com\/pt-pt\/wp-json\/wp\/v2\/pages\/16737"}],"wp:attachment":[{"href":"https:\/\/www.s-lecfilm.com\/pt-pt\/wp-json\/wp\/v2\/media?parent=27522"}],"wp:term":[{"taxonomy":"page_category","embeddable":true,"href":"https:\/\/www.s-lecfilm.com\/pt-pt\/wp-json\/wp\/v2\/page_category?post=27522"}],"curies":[{"name":"wp","href":"https:\/\/api.w.org\/{rel}","templated":true}]}}