{"id":19453,"date":"2023-01-04T10:00:00","date_gmt":"2023-01-04T01:00:00","guid":{"rendered":"https:\/\/www.s-lecfilm.com\/en-sustainability\/"},"modified":"2024-06-25T13:08:57","modified_gmt":"2024-06-25T04:08:57","slug":"en-sustainability","status":"publish","type":"page","link":"https:\/\/www.s-lecfilm.com\/pt-pt\/sustainability\/","title":{"rendered":"\/pt-pt\/sustainability\/"},"content":{"rendered":"<div class=\"frame pt-0\" style=\"clear: both;\">\n\t<div class=\"hero-flame\" style=\"height:62vh;margin:0;\">\n\t\t<div class=\"hero-flame-bg\">\n\t\t\t<img loading=\"lazy\" decoding=\"async\" class=\"hero-flame-bg-img\" src=\"https:\/\/www.s-lecfilm.com\/wp-content\/uploads\/Hero_sustainability.webp\" width=\"1920\" height=\"1019\" alt=\"SEKISUI S-LEC with the vision for sustainability\" style=\"object-position:40% 50%;\">\n\t\t<\/div>\n\t\t<div class=\"hero-flame-content\">\n\t\t\t\t\t\t\t<div class=\"hero-text\">\n\t\t\t\t\t<div class=\"hero-text-title\">\n\t\t\t\t\t\tSustentabilidade\t\t\t\t\t<\/div>\n\t\t\t\t\t\t\t\t\t<\/div>\n\t\t\t\t<\/div>\n\t<\/div>\n<\/div>\n\n<div class=\"feature-img text-center\">\n\t\t<\/div>\n\n<div class=\"frame pt-0 pb-0\">\n\t\n<div class=\"container\">\n\t\n<H2 class=\"c-title-level02 section-subtitle\">SEKISUI Estrat\u00e9gia de sustentabilidade empresarial<\/H2>\n\n<div class=\"c-layout-frame section-flame\">\n\t\t<div class=\"row align-items-center\">\n\t\t<div class=\"col-lg-6\">\n\t\t\t<div class=\"feature-img text-center\">\n\t\t\t\t\t\t\t\t<img decoding=\"async\" src=\"https:\/\/www.s-lecfilm.com\/wp-content\/uploads\/Sustainability_forest-1024x571.webp\"  alt=\"Climate change, biodiversity loss, water resources pollution, people who protect their resources\">\n\t\t\t\t\t\t\t<\/div>\n\t\t<\/div>\n\t\t<div class=\"col-lg-6\">\n\t\t\t<div class=\"feature-cont\">\n\t\t\t\t<div class=\"acf-innerblocks-container\">\n\n<p>A SEKISUI S-LEC faz parte do grupo SEKISUI Corporate. Como uma empresa SEKISUI, estamos empenhados em proteger a terra e os seus recursos no meio das altera\u00e7\u00f5es clim\u00e1ticas, da perda de biodiversidade e da crescente polui\u00e7\u00e3o das reservas de \u00e1gua. <\/p>\n\n\n\n<p>A SEKISUI estabeleceu in\u00fameras iniciativas, objectivos e programas para equilibrar o capital natural e social, concentrando-se em produtos sustent\u00e1veis, reduzindo o impacto ambiental e conservando o ambiente. A terra \u00e9 a casa de todos n\u00f3s, por isso estamos empenhados em ajudar a travar estes desenvolvimentos preocupantes. <\/p>\n\n<\/div>\t\t\t<\/div>\n\t\t<\/div>\n\t<\/div>\n\t<\/div>\n\n\n<H2 class=\"c-title-level02 section-subtitle\">Fornecimento de eletricidade verde para a produ\u00e7\u00e3o de pel\u00edculas de PVB<\/H2>\n\n<div class=\"c-layout-frame section-flame\">\n\t\t<div class=\"row align-items-center\">\n\t\t<div class=\"col-lg-6 order-lg-1 order-0\">\n\t\t\t<div class=\"feature-img text-center\">\n\t\t\t\t\t\t\t\t<img decoding=\"async\" src=\"https:\/\/www.s-lecfilm.com\/wp-content\/uploads\/Sustainability_solar-1024x687.webp\"  alt=\"Solar panels expanding the use of renewable energy around the world.\">\n\t\t\t\t\t\t\t<\/div>\n\t\t<\/div>\n\t\t<div class=\"col-lg-6 order-lg-0 order-1\">\n\t\t\t<div class=\"feature-cont\">\n\t\t\t\t<div class=\"acf-innerblocks-container\">\n\n<p>A n\u00edvel mundial, a SEKISUI S-LEC est\u00e1 a concentrar-se no aumento da utiliza\u00e7\u00e3o de energia verde. Tanto as f\u00e1bricas de pel\u00edcula intercalar de PVB como as f\u00e1bricas de resina de PVB nos Pa\u00edses Baixos, na China, na Tail\u00e2ndia e nos EUA j\u00e1 utilizam 100% de energia verde.<\/p>\n\n<\/div>\t\t\t<\/div>\n\t\t<\/div>\n\t<\/div>\n\t<\/div>\n\n\n<H1 class=\"c-title-level02 section-subtitle\">Solu\u00e7\u00e3o de sustentabilidade do PVB Interlayer<\/H1>\n\n<div class=\"c-layout-frame section-flame\">\n\t\t<div class=\"row align-items-center\">\n\t\t<div class=\"col-lg-6\">\n\t\t\t<div class=\"feature-img text-center\">\n\t\t\t\t\t\t\t\t<img decoding=\"async\" src=\"https:\/\/www.s-lecfilm.com\/wp-content\/uploads\/Sustainability_green-1024x675.webp\"  alt=\"Various sustainability PVB interlayer solutions that contribute to the environment\">\n\t\t\t\t\t\t\t<\/div>\n\t\t<\/div>\n\t\t<div class=\"col-lg-6\">\n\t\t\t<div class=\"feature-cont\">\n\t\t\t\t<div class=\"acf-innerblocks-container\">\n\n<p>Oferecemos v\u00e1rias solu\u00e7\u00f5es de interlayer de PVB que podem influenciar positivamente o ambiente. <\/p>\n\n\n\n<p>A pel\u00edcula de S-LEC\u2122 Solar Control Film pode melhorar a efici\u00eancia do sistema AVAC, bloqueando os raios infravermelhos do sol e reduzindo a necessidade de utilizar ar condicionado. A pel\u00edcula S-LEC\u2122 Sound Acoustic Film, quando combinada com vidro laminado mais fino, pode reduzir o peso do vidro ao mesmo tempo que refor\u00e7a o desempenho do isolamento ac\u00fastico, melhorando a efici\u00eancia do combust\u00edvel e reduzindo o consumo de eletricidade em ve\u00edculos el\u00e9ctricos. <\/p>\n\n\n\n<p>Como parte das nossas pol\u00edticas de sustentabilidade, contacte-nos para obter mais informa\u00e7\u00f5es sobre os n\u00fameros de emiss\u00f5es das nossas solu\u00e7\u00f5es.<\/p>\n\n<\/div>\t\t\t<\/div>\n\t\t<\/div>\n\t<\/div>\n\t<\/div>\n\n\n<H2 class=\"c-title-level02 section-subtitle\">Solu\u00e7\u00f5es para um ambiente melhor<\/H2>\n\n\n<p>No \u00e2mbito do S-LEC\u2122, oferecemos v\u00e1rios desempenhos de interlayer de PVB, como o controlo ac\u00fastico e solar. <\/p>\n\n\n<div class=\"subtab-flame\">\r\n  <ul class=\"subtab\">\r\n\t\t\t\t\t\t\t\t\t<li class=\"select\"><span>Poupan\u00e7a de energia<\/span><\/li>\r\n\t\t\t\t\t\t\t<li class=\"\"><span>Reduzir o ru\u00eddo<\/span><\/li>\r\n\t\t\t\t\t\t\t<li class=\"\"><span>Ve\u00edculo el\u00e9trico<\/span><\/li>\r\n\t\t\t\t\t\t<\/ul>\r\n<\/div>\r\n\r\n\n\n<div class=\"c-subtab-content\">\n\t<div class=\"subicon\">\n\t\t\t\t\t\t\n<div class=\"c-subtab-frame frame py-0\">\n\t\t<div class=\"container\">\n\t\t\t\t\n<div class=\"c-layout-frame section-flame\">\n\t\t<div class=\"row align-items-center\">\n\t\t<div class=\"col-lg-6 order-lg-1 order-0\">\n\t\t\t<div class=\"feature-img text-center\">\n\t\t\t\t\t\t\t\t<img decoding=\"async\" src=\"https:\/\/www.s-lecfilm.com\/wp-content\/uploads\/210901_EBOOK-15_Bridge_75-1024x576.webp\"  alt=\"S-LEC\u2122 Solar Control Film that reduces the temperature in the car and helps energy-saving\">\n\t\t\t\t\t\t\t<\/div>\n\t\t<\/div>\n\t\t<div class=\"col-lg-6 order-lg-0 order-1\">\n\t\t\t<div class=\"feature-cont\">\n\t\t\t\t<div class=\"acf-innerblocks-container\">\n<Div class=\"c-title-level03 feature-cont-title\">\n\t\tPoupan\u00e7a de energia<\/Div>\n\n\n\n<p>Para os ve\u00edculos el\u00e9ctricos (VE), que est\u00e3o a generalizar-se a n\u00edvel mundial, \u00e9 importante reduzir o consumo de energia de mais formas do que apenas atrav\u00e9s da condu\u00e7\u00e3o.<\/p>\n\n\n\n<p>Os para-brisas e janelas de vidro IR conservam a energia. S-LEC\u2122 Solar Control Film pode reduzir a energia utilizada pela fun\u00e7\u00e3o de controlo da climatiza\u00e7\u00e3o ao arrefecer o autom\u00f3vel. Atrav\u00e9s de testes com ve\u00edculos el\u00e9ctricos, a SEKISUI S-LEC demonstrou uma poupan\u00e7a confirmada de at\u00e9 20% no ar condicionado, o que tamb\u00e9m contribui para aumentar a autonomia dos ve\u00edculos el\u00e9ctricos.<\/p>\n\n\n\n<p>\u200b<\/p>\n\n\n<div class=\"c-button-type02 feature-cont-btn text-right\">\n\t<a href=\"\/pt-pt\/solar-auto\/\" >\n\t\t<button class=\"btn btn-primary is-caret-link\">\n\t\t\t\t\t\t\tSaiba mais\t\t\t\t\t\t<\/button>\n\t<\/a>\n<\/div>\n\n\n\n<p><\/p>\n\n\n\n<p><\/p>\n\n\n<div class=\"c-button-type01 row justify-content-end\">\n\t<div class=\"col-lg-5 d-brochure-bg-btn is-inner-btn btn-size-medium\">\n\t\t<a href=\"\/pt-pt\/download\/SolarE\/\" target=\"_blank\">\n\t\t\t<button type=\"button\" class=\"btn btn-primary\">Baixe e-book<\/button>\n\t\t<\/a>\n\t<\/div>\n<\/div>\n\n<\/div>\t\t\t<\/div>\n\t\t<\/div>\n\t<\/div>\n\t<\/div>\n\n\t<\/div>\n\t<\/div>\n\n\n<div class=\"c-subtab-frame frame py-0\">\n\t\t<div class=\"container\">\n\t\t\t\t\n<div class=\"c-layout-frame section-flame\">\n\t\t<div class=\"row align-items-center\">\n\t\t<div class=\"col-lg-6 order-lg-1 order-0\">\n\t\t\t<div class=\"feature-img text-center\">\n\t\t\t\t\t\t\t\t<img decoding=\"async\" src=\"https:\/\/www.s-lecfilm.com\/wp-content\/uploads\/img_00016-1_1-1024x683.webp\"  alt=\"Noise reduction by S-LEC\u2122 Sound Acoustic Film\">\n\t\t\t\t\t\t\t<\/div>\n\t\t<\/div>\n\t\t<div class=\"col-lg-6 order-lg-0 order-1\">\n\t\t\t<div class=\"feature-cont\">\n\t\t\t\t<div class=\"acf-innerblocks-container\">\n<Div class=\"c-title-level03 feature-cont-title\">\n\t\tReduzir o ru\u00eddo<\/Div>\n\n\n\n<p>S-LEC\u2122 Sound Acoustic Film melhora o desempenho de isolamento ac\u00fastico do vidro laminado, suprimindo o ru\u00eddo ambiente para aumentar o conforto em aplica\u00e7\u00f5es autom\u00f3veis e arquitect\u00f3nicas, como o ru\u00eddo do tr\u00e1fego e do vento, para proporcionar um ambiente sereno num mundo barulhento e aglomerado. S-LEC\u2122 Sound Acoustic Film pode reduzir significativamente a polui\u00e7\u00e3o sonora em ve\u00edculos e edif\u00edcios.<\/p>\n\n\n<div class=\"c-button-type02 feature-cont-btn text-right\">\n\t<a href=\"\/pt-pt\/sound-arch\/\" >\n\t\t<button class=\"btn btn-primary is-caret-link\">\n\t\t\t\t\t\t\tSaiba mais\t\t\t\t\t\t<\/button>\n\t<\/a>\n<\/div>\n\n\n\n<p><\/p>\n\n\n\n<p><\/p>\n\n\n<div class=\"c-button-type01 row justify-content-end\">\n\t<div class=\"col-lg-5 d-brochure-bg-btn is-inner-btn btn-size-medium\">\n\t\t<a href=\"\/pt-pt\/download\/ArchG\/\" target=\"_blank\">\n\t\t\t<button type=\"button\" class=\"btn btn-primary\">Baixe o folheto<\/button>\n\t\t<\/a>\n\t<\/div>\n<\/div>\n\n<\/div>\t\t\t<\/div>\n\t\t<\/div>\n\t<\/div>\n\t<\/div>\n\n\t<\/div>\n\t<\/div>\n\n\n<div class=\"c-subtab-frame frame py-0\">\n\t\t<div class=\"container\">\n\t\t\t\t\n<div class=\"c-layout-frame section-flame\">\n\t\t<div class=\"row align-items-center\">\n\t\t<div class=\"col-lg-6 order-lg-1 order-0\">\n\t\t\t<div class=\"feature-img text-center\">\n\t\t\t\t\t\t\t\t<img decoding=\"async\" src=\"https:\/\/www.s-lecfilm.com\/wp-content\/uploads\/solar-auto-11_50-1-1024x660.webp\"  alt=\"EV (electric vehicle) that uses functional automotive glass as part of the exterior to differentiate itself\">\n\t\t\t\t\t\t\t<\/div>\n\t\t<\/div>\n\t\t<div class=\"col-lg-6 order-lg-0 order-1\">\n\t\t\t<div class=\"feature-cont\">\n\t\t\t\t<div class=\"acf-innerblocks-container\">\n<Div class=\"c-title-level03 feature-cont-title\">\n\t\tVe\u00edculo el\u00e9trico<\/Div>\n\n\n\n<p>A pel\u00edcula intercalar de PVB S-LEC\u2122 para vidro laminado pode ser personalizada com v\u00e1rias caracter\u00edsticas. Ao mesmo tempo que mant\u00e9m uma funcionalidade inquebr\u00e1vel que cumpre as normas de seguran\u00e7a convencionais, S-LEC\u2122 Film melhora o conforto do utilizador com a redu\u00e7\u00e3o do calor, o isolamento ac\u00fastico e o bloqueio dos raios ultravioleta. A vasta gama de cores dispon\u00edveis n\u00e3o compromete o design, proporcionando ao utilizador uma experi\u00eancia de um n\u00edvel superior.<\/p>\n\n\n\n<p>\u200b<\/p>\n\n\n\n<p>O vidro laminado para autom\u00f3veis com S-LEC\u2122 PVB interlayer film tamb\u00e9m contribuir\u00e1 significativamente para a eletrifica\u00e7\u00e3o da ind\u00fastria autom\u00f3vel.<\/p>\n\n\n<div class=\"c-button-type02 feature-cont-btn text-right\">\n\t<a href=\"\/pt-pt\/electric-vehicle\/\" >\n\t\t<button class=\"btn btn-primary is-caret-link\">\n\t\t\t\t\t\t\tSaiba mais\t\t\t\t\t\t<\/button>\n\t<\/a>\n<\/div>\n\n<\/div>\t\t\t<\/div>\n\t\t<\/div>\n\t<\/div>\n\t<\/div>\n\n\t<\/div>\n\t<\/div>\n\n\t<\/div>\n<\/div>\n\n<\/div>\n\n<\/div>\n\n\n\n<div class=\"frame is-bg-img c-more-detail \">\n\t<div class=\"container\">\n\t\t<div class=\"row justify-content-center\">\n\t\t\t<div class=\"col-lg-10\">\n\t\t\t\t<div class=\"row\">\n\t\t\t\t\t<div class=\"col-lg-7 mb-5 mb-lg-0\">\n\t\t\t\t\t\t<div class=\"contact-footer-text\">\n\t\t\t\t\t\t\tGostaria de saber mais?\t\t\t\t\t\t<\/div>\n\t\t\t\t\t\t<div class=\"contact-footer-btn\">\n\t\t\t\t\t\t\t<a href=\"\/pt-pt\/download\/all\/\" target=\"_blank\">\n\t\t\t\t\t\t\t\t<button class=\"btn btn-primary fa-download-check\">\n\t\t\t\t\t\t\t\t\t\t\t\t\t\t\t\t\t\t\tDownloads\t\t\t\t\t\t\t\t\t\t\t\t\t\t\t\t\t<\/button>\n\t\t\t\t\t\t\t<\/a>\n\t\t\t\t\t\t\t<a href=\"\/pt-pt\/download\/Inquiry\/\" target=\"_blank\">\n\t\t\t\t\t\t\t\t<button class=\"btn btn-primary is-external-link\">\n\t\t\t\t\t\t\t\t\t\t\t\t\t\t\t\t\t\t\tContate-nos\t\t\t\t\t\t\t\t\t\t\t\t\t\t\t\t\t<\/button>\n\t\t\t\t\t\t\t<\/a>\n\t\t\t\t\t\t<\/div>\n\t\t\t\t\t<\/div>\n\t\t\t\t\t<div class=\"col-lg-5\">\n\t\t\t\t\t\t<div class=\"contact-footer-img\">\n\t\t\t\t\t\t\t\t\t\t\t\t\t\t<img decoding=\"async\" src=\"https:\/\/www.s-lecfilm.com\/wp-content\/uploads\/thankyou_hero-1-1-1024x576.webp\" alt=\"Those who want to know more about S-LEC\u2122 Film\">\n\t\t\t\t\t\t\t\t\t\t\t\t\t<\/div>\n\t\t\t\t\t<\/div>\n\t\t\t\t<\/div>\n\t\t\t<\/div>\n\t\t<\/div>\n\t<\/div>\n<\/div>\n","protected":false},"excerpt":{"rendered":"","protected":false},"author":14,"featured_media":0,"parent":0,"menu_order":214,"comment_status":"closed","ping_status":"closed","template":"","meta":{"_acf_changed":false,"_oasis_is_in_workflow":0,"_oasis_original":0,"om_disable_all_campaigns":false,"inline_featured_image":false,"_monsterinsights_skip_tracking":false,"_monsterinsights_sitenote_active":false,"_monsterinsights_sitenote_note":"","_monsterinsights_sitenote_category":0,"footnotes":""},"page_category":[107,131,121],"class_list":["post-19453","page","type-page","status-publish","hentry"],"acf":[],"aioseo_notices":[],"aioseo_head":"\n\t\t<!-- All in One SEO Pro 4.6.2 - aioseo.com -->\n\t\t<meta name=\"description\" content=\"Melhorar drasticamente o desempenho de isolamento ac\u00fastico do vidro e proporcionar um ambiente sereno.\" \/>\n\t\t<meta name=\"robots\" content=\"max-image-preview:large\" \/>\n\t\t<meta name=\"google-site-verification\" content=\"LGoHK3imcI57fEDyHDnPGNxrBKyRAWvyS1_pmekTNEU\" \/>\n\t\t<link rel=\"canonical\" href=\"https:\/\/www.s-lecfilm.com\/pt-pt\/sustainability\/\" \/>\n\t\t<meta name=\"generator\" content=\"All in One SEO Pro (AIOSEO) 4.6.2\" \/>\n\t\t<meta property=\"og:locale\" content=\"pt_PT\" \/>\n\t\t<meta property=\"og:site_name\" content=\"SEKISUI S-LEC\" \/>\n\t\t<meta property=\"og:type\" content=\"article\" \/>\n\t\t<meta property=\"og:title\" content=\"Sustentabilidade | Interlayer de PVB da SEKISUI S-LEC para vidro laminado\" \/>\n\t\t<meta property=\"og:description\" content=\"Melhorar drasticamente o desempenho de isolamento ac\u00fastico do vidro e proporcionar um ambiente sereno.\" \/>\n\t\t<meta property=\"og:url\" content=\"https:\/\/www.s-lecfilm.com\/pt-pt\/sustainability\/\" \/>\n\t\t<meta property=\"og:image\" content=\"https:\/\/www.s-lecfilm.com\/wp-content\/uploads\/Hero_sustainability.webp\" \/>\n\t\t<meta property=\"og:image:secure_url\" content=\"https:\/\/www.s-lecfilm.com\/wp-content\/uploads\/Hero_sustainability.webp\" \/>\n\t\t<meta property=\"og:image:width\" content=\"1920\" \/>\n\t\t<meta property=\"og:image:height\" content=\"1019\" \/>\n\t\t<meta property=\"article:published_time\" content=\"2023-01-04T01:00:00+00:00\" \/>\n\t\t<meta property=\"article:modified_time\" content=\"2024-06-25T04:08:57+00:00\" \/>\n\t\t<meta name=\"twitter:card\" content=\"summary_large_image\" \/>\n\t\t<meta name=\"twitter:title\" content=\"Sustentabilidade | Interlayer de PVB da SEKISUI S-LEC para vidro laminado\" \/>\n\t\t<meta name=\"twitter:description\" content=\"Melhorar drasticamente o desempenho de isolamento ac\u00fastico do vidro e proporcionar um ambiente sereno.\" \/>\n\t\t<meta name=\"twitter:image\" content=\"https:\/\/www.s-lecfilm.com\/wp-content\/uploads\/Hero_sustainability.webp\" \/>\n\t\t<script type=\"application\/ld+json\" class=\"aioseo-schema\">\n\t\t\t{\"@context\":\"https:\\\/\\\/schema.org\",\"@graph\":[{\"@type\":\"BreadcrumbList\",\"@id\":\"https:\\\/\\\/www.s-lecfilm.com\\\/pt-pt\\\/sustainability\\\/#breadcrumblist\",\"itemListElement\":[{\"@type\":\"ListItem\",\"@id\":\"https:\\\/\\\/www.s-lecfilm.com\\\/pt-pt\\\/#listItem\",\"position\":1,\"name\":\"In\\u00edcio\",\"item\":\"https:\\\/\\\/www.s-lecfilm.com\\\/pt-pt\\\/\",\"nextItem\":\"https:\\\/\\\/www.s-lecfilm.com\\\/pt-pt\\\/sustainability\\\/#listItem\"},{\"@type\":\"ListItem\",\"@id\":\"https:\\\/\\\/www.s-lecfilm.com\\\/pt-pt\\\/sustainability\\\/#listItem\",\"position\":2,\"name\":\"\\\/pt-pt\\\/sustainability\\\/\",\"previousItem\":\"https:\\\/\\\/www.s-lecfilm.com\\\/pt-pt\\\/#listItem\"}]},{\"@type\":\"Organization\",\"@id\":\"https:\\\/\\\/www.s-lecfilm.com\\\/pt-pt\\\/#organization\",\"name\":\"s-lecfilm\",\"url\":\"https:\\\/\\\/www.s-lecfilm.com\\\/pt-pt\\\/\"},{\"@type\":\"WebPage\",\"@id\":\"https:\\\/\\\/www.s-lecfilm.com\\\/pt-pt\\\/sustainability\\\/#webpage\",\"url\":\"https:\\\/\\\/www.s-lecfilm.com\\\/pt-pt\\\/sustainability\\\/\",\"name\":\"Sustentabilidade | Interlayer de PVB da SEKISUI S-LEC para vidro laminado\",\"description\":\"Melhorar drasticamente o desempenho de isolamento ac\\u00fastico do vidro e proporcionar um ambiente sereno.\",\"inLanguage\":\"pt-PT\",\"isPartOf\":{\"@id\":\"https:\\\/\\\/www.s-lecfilm.com\\\/pt-pt\\\/#website\"},\"breadcrumb\":{\"@id\":\"https:\\\/\\\/www.s-lecfilm.com\\\/pt-pt\\\/sustainability\\\/#breadcrumblist\"},\"datePublished\":\"2023-01-04T10:00:00+09:00\",\"dateModified\":\"2024-06-25T13:08:57+09:00\"},{\"@type\":\"WebSite\",\"@id\":\"https:\\\/\\\/www.s-lecfilm.com\\\/pt-pt\\\/#website\",\"url\":\"https:\\\/\\\/www.s-lecfilm.com\\\/pt-pt\\\/\",\"name\":\"s-lecfilm\",\"inLanguage\":\"pt-PT\",\"publisher\":{\"@id\":\"https:\\\/\\\/www.s-lecfilm.com\\\/pt-pt\\\/#organization\"}}]}\n\t\t<\/script>\n\t\t<!-- All in One SEO Pro -->\r\n\t\t<title>Sustentabilidade | Interlayer de PVB da SEKISUI S-LEC para vidro laminado<\/title>\n\n","aioseo_head_json":{"title":"Sustentabilidade | Interlayer de PVB da SEKISUI S-LEC para vidro laminado","description":"Melhorar drasticamente o desempenho de isolamento ac\u00fastico do vidro e proporcionar um ambiente sereno.","canonical_url":"https:\/\/www.s-lecfilm.com\/pt-pt\/sustainability\/","robots":"max-image-preview:large","keywords":"","webmasterTools":{"google-site-verification":"LGoHK3imcI57fEDyHDnPGNxrBKyRAWvyS1_pmekTNEU","miscellaneous":""},"og:locale":"pt_PT","og:site_name":"SEKISUI S-LEC","og:type":"article","og:title":"Sustentabilidade | Interlayer de PVB da SEKISUI S-LEC para vidro laminado","og:description":"Melhorar drasticamente o desempenho de isolamento ac\u00fastico do vidro e proporcionar um ambiente sereno.","og:url":"https:\/\/www.s-lecfilm.com\/pt-pt\/sustainability\/","og:image":"https:\/\/www.s-lecfilm.com\/wp-content\/uploads\/Hero_sustainability.webp","og:image:secure_url":"https:\/\/www.s-lecfilm.com\/wp-content\/uploads\/Hero_sustainability.webp","og:image:width":1920,"og:image:height":1019,"article:published_time":"2023-01-04T01:00:00+00:00","article:modified_time":"2024-06-25T04:08:57+00:00","twitter:card":"summary_large_image","twitter:title":"Sustentabilidade | Interlayer de PVB da SEKISUI S-LEC para vidro laminado","twitter:description":"Melhorar drasticamente o desempenho de isolamento ac\u00fastico do vidro e proporcionar um ambiente sereno.","twitter:image":"https:\/\/www.s-lecfilm.com\/wp-content\/uploads\/Hero_sustainability.webp","schema":{"@context":"https:\/\/schema.org","@graph":[{"@type":"BreadcrumbList","@id":"https:\/\/www.s-lecfilm.com\/pt-pt\/sustainability\/#breadcrumblist","itemListElement":[{"@type":"ListItem","@id":"https:\/\/www.s-lecfilm.com\/pt-pt\/#listItem","position":1,"name":"In\u00edcio","item":"https:\/\/www.s-lecfilm.com\/pt-pt\/","nextItem":"https:\/\/www.s-lecfilm.com\/pt-pt\/sustainability\/#listItem"},{"@type":"ListItem","@id":"https:\/\/www.s-lecfilm.com\/pt-pt\/sustainability\/#listItem","position":2,"name":"\/pt-pt\/sustainability\/","previousItem":"https:\/\/www.s-lecfilm.com\/pt-pt\/#listItem"}]},{"@type":"Organization","@id":"https:\/\/www.s-lecfilm.com\/pt-pt\/#organization","name":"s-lecfilm","url":"https:\/\/www.s-lecfilm.com\/pt-pt\/"},{"@type":"WebPage","@id":"https:\/\/www.s-lecfilm.com\/pt-pt\/sustainability\/#webpage","url":"https:\/\/www.s-lecfilm.com\/pt-pt\/sustainability\/","name":"Sustentabilidade | Interlayer de PVB da SEKISUI S-LEC para vidro laminado","description":"Melhorar drasticamente o desempenho de isolamento ac\u00fastico do vidro e proporcionar um ambiente sereno.","inLanguage":"pt-PT","isPartOf":{"@id":"https:\/\/www.s-lecfilm.com\/pt-pt\/#website"},"breadcrumb":{"@id":"https:\/\/www.s-lecfilm.com\/pt-pt\/sustainability\/#breadcrumblist"},"datePublished":"2023-01-04T10:00:00+09:00","dateModified":"2024-06-25T13:08:57+09:00"},{"@type":"WebSite","@id":"https:\/\/www.s-lecfilm.com\/pt-pt\/#website","url":"https:\/\/www.s-lecfilm.com\/pt-pt\/","name":"s-lecfilm","inLanguage":"pt-PT","publisher":{"@id":"https:\/\/www.s-lecfilm.com\/pt-pt\/#organization"}}]}},"aioseo_meta_data":{"post_id":"19453","title":"Sustentabilidade | Interlayer de PVB da SEKISUI S-LEC para vidro laminado","description":"Melhorar drasticamente o desempenho de isolamento ac\u00fastico do vidro e proporcionar um ambiente sereno.","keywords":null,"keyphrases":"{\"focus\":{\"keyphrase\":\"\",\"score\":0,\"analysis\":{\"keyphraseInTitle\":{\"score\":0,\"maxScore\":9,\"error\":1}}},\"additional\":[]}","primary_term":null,"canonical_url":null,"og_title":null,"og_description":null,"og_object_type":"default","og_image_type":"custom_image","og_image_url":"https:\/\/www.s-lecfilm.com\/wp-content\/uploads\/Hero_sustainability.webp","og_image_width":"1920","og_image_height":"1019","og_image_custom_url":"https:\/\/www.s-lecfilm.com\/wp-content\/uploads\/Hero_sustainability.webp","og_image_custom_fields":null,"og_video":"","og_custom_url":null,"og_article_section":null,"og_article_tags":null,"twitter_use_og":false,"twitter_card":"default","twitter_image_type":"custom_image","twitter_image_url":"https:\/\/www.s-lecfilm.com\/wp-content\/uploads\/Hero_sustainability.webp","twitter_image_custom_url":"https:\/\/www.s-lecfilm.com\/wp-content\/uploads\/Hero_sustainability.webp","twitter_image_custom_fields":null,"twitter_title":null,"twitter_description":null,"schema":{"blockGraphs":[],"customGraphs":[],"default":{"data":{"Article":[],"Course":[],"Dataset":[],"FAQPage":[],"Movie":[],"Person":[],"Product":[],"Recipe":[],"Service":[],"SoftwareApplication":[],"WebPage":[]},"graphName":"WebPage","isEnabled":true},"graphs":[]},"schema_type":"default","schema_type_options":null,"pillar_content":false,"robots_default":true,"robots_noindex":false,"robots_noarchive":false,"robots_nosnippet":false,"robots_nofollow":false,"robots_noimageindex":false,"robots_noodp":false,"robots_notranslate":false,"robots_max_snippet":"-1","robots_max_videopreview":"-1","robots_max_imagepreview":"large","priority":null,"frequency":"default","local_seo":null,"limit_modified_date":false,"reviewed_by":null,"open_ai":{"title":{"suggestions":[],"usage":0},"description":{"suggestions":[],"usage":0}},"created":"2024-03-20 22:46:26","updated":"2024-06-25 04:08:57"},"aioseo_breadcrumb":"<div class=\"aioseo-breadcrumbs\"><span class=\"aioseo-breadcrumb\">\n\t<a href=\"https:\/\/www.s-lecfilm.com\/pt-pt\/\" title=\"\u30db\u30fc\u30e0\">\u30db\u30fc\u30e0<\/a>\n<\/span><span class=\"aioseo-breadcrumb-separator\">&raquo;<\/span><span class=\"aioseo-breadcrumb\">\n\t\/pt-pt\/sustainability\/\n<\/span><\/div>","aioseo_breadcrumb_json":[{"label":"\u30db\u30fc\u30e0","link":"https:\/\/www.s-lecfilm.com\/pt-pt\/"},{"label":"\/pt-pt\/sustainability\/","link":"https:\/\/www.s-lecfilm.com\/pt-pt\/sustainability\/"}],"_links":{"self":[{"href":"https:\/\/www.s-lecfilm.com\/pt-pt\/wp-json\/wp\/v2\/pages\/19453"}],"collection":[{"href":"https:\/\/www.s-lecfilm.com\/pt-pt\/wp-json\/wp\/v2\/pages"}],"about":[{"href":"https:\/\/www.s-lecfilm.com\/pt-pt\/wp-json\/wp\/v2\/types\/page"}],"author":[{"embeddable":true,"href":"https:\/\/www.s-lecfilm.com\/pt-pt\/wp-json\/wp\/v2\/users\/14"}],"replies":[{"embeddable":true,"href":"https:\/\/www.s-lecfilm.com\/pt-pt\/wp-json\/wp\/v2\/comments?post=19453"}],"version-history":[{"count":11,"href":"https:\/\/www.s-lecfilm.com\/pt-pt\/wp-json\/wp\/v2\/pages\/19453\/revisions"}],"predecessor-version":[{"id":21834,"href":"https:\/\/www.s-lecfilm.com\/pt-pt\/wp-json\/wp\/v2\/pages\/19453\/revisions\/21834"}],"wp:attachment":[{"href":"https:\/\/www.s-lecfilm.com\/pt-pt\/wp-json\/wp\/v2\/media?parent=19453"}],"wp:term":[{"taxonomy":"page_category","embeddable":true,"href":"https:\/\/www.s-lecfilm.com\/pt-pt\/wp-json\/wp\/v2\/page_category?post=19453"}],"curies":[{"name":"wp","href":"https:\/\/api.w.org\/{rel}","templated":true}]}}