{"id":18132,"date":"2023-10-05T15:31:40","date_gmt":"2023-10-05T06:31:40","guid":{"rendered":"https:\/\/www.s-lecfilm.com\/en-news\/en-news-hud-solar\/"},"modified":"2024-03-11T13:26:42","modified_gmt":"2024-03-11T04:26:42","slug":"en-news-hud-solar","status":"publish","type":"page","link":"https:\/\/www.s-lecfilm.com\/pt-pt\/news\/HUD-solar\/","title":{"rendered":"\/pt-pt\/news\/HUD-solar\/"},"content":{"rendered":"<div class=\"frame pt-0\" style=\"clear: both;\">\n\t<div class=\"hero-flame\" style=\"height:62vh;margin:0;\">\n\t\t<div class=\"hero-flame-bg\">\n\t\t\t<img loading=\"lazy\" decoding=\"async\" class=\"hero-flame-bg-img\" src=\"https:\/\/www.s-lecfilm.com\/wp-content\/uploads\/HUD-solar_hero.webp\" width=\"1920\" height=\"1281\" alt=\"A woman experiences a projected image by S-LEC\u2122 Wedge-shaped Interlayer for a head-up display\" style=\"object-position:0% 75%;\">\n\t\t<\/div>\n\t\t<div class=\"hero-flame-content\">\n\t\t\t\t\t\t\t<div class=\"hero-text\">\n\t\t\t\t\t<div class=\"hero-text-title\">\n\t\t\t\t\t\tSolu\u00e7\u00f5es para Head-Up Displays<br>pela fun\u00e7\u00e3o de controlo solar\t\t\t\t\t<\/div>\n\t\t\t\t\t\t\t\t\t<\/div>\n\t\t\t\t<\/div>\n\t<\/div>\n<\/div>\n\n<div class=\"frame pt-0 pb-0\">\n\t\n<div class=\"container pb-0 mb-0\">\n\t\n<H2 class=\"c-title-level02 section-subtitle\">S-LEC\u2122 Wedge Shaped Film para o Head-Up Display<\/H2>\n\n<div class=\"container\">\r\n\t<div class=\"container\">\r\n\t\t<div class=\"section-flame\">\r\n\t\t\t<div class=\"row justify-content-end align-items-center\">\r\n\t\t\t\t\t\t\t\t\t<div class=\"col-lg-6 order-0\">\r\n\t\t\t\t\t\t<div class=\"youtube_wrap\">\n\t<div class=\"youtube_area un_youtube_area\">\n\t\t<script src=\"https:\/\/www.youtube.com\/iframe_api\"><\/script>\n\t\t<iframe loading=\"lazy\" data-cookieconsent=\"necessary\" width=\"560\" height=\"315\" src=\"\/\/www.youtube.com\/embed\/F-mM9m-Aw7g?enablejsapi=1&amp;origin=https%3A%2F%2Fwww.s-lecfilm.com\" title=\"\" frameborder=\"0\" allow=\"accelerometer; autoplay; clipboard-write; encrypted-media; gyroscope; picture-in-picture\" allowfullscreen=\"\" data-gtm-yt-inspected-7440638_38=\"true\" id=\"900282223\"><\/iframe>\n\t<\/div>\n<\/div>\n\t\t\t\t\t<\/div>\r\n\t\t\t\t\t<div class=\"col-lg-6 order-1\">\r\n\t\t\t\t\t\t<div class=\"feature-cont\">\n\t<div class=\"feature-cont-title\"><\/div>\n\t<div class=\"feature-cont-text\">\n\t\tUm visor frontal (HUD) \u00e9 um sistema de condu\u00e7\u00e3o segura que projecta informa\u00e7\u00f5es no para-brisas em frente ao banco do condutor, tais como a velocidade de condu\u00e7\u00e3o, a faixa de rodagem e a navega\u00e7\u00e3o, bem como outras informa\u00e7\u00f5es de condu\u00e7\u00e3o importantes. Os HUD s\u00e3o cada vez mais adoptados para aumentar a seguran\u00e7a em situa\u00e7\u00f5es de condu\u00e7\u00e3o que exijam decis\u00f5es instant\u00e2neas e para reduzir a fadiga, diminuindo o movimento dos olhos do condutor.<br \/>\n<br \/>\nCom um para-brisas normal, o problema ocorre quando a imagem do HUD aparece como uma imagem dupla devido \u00e0 refra\u00e7\u00e3o da luz, o que reduz a visibilidade. Para projetar imagens com nitidez, \u00e9 necess\u00e1rio controlar com precis\u00e3o a refra\u00e7\u00e3o da luz.<br \/>\n<br \/>\nS-LEC\u2122 Wedge Shaped Film controla a refra\u00e7\u00e3o da luz com elevada precis\u00e3o, formando a camada interm\u00e9dia em forma de cunha para apresentar a imagem projectada da unidade HUD no para-brisas.\t<\/div>\n<\/div>\n<div class=\"row d-brochure-bg-btn-wrap justify-content-end with-accent align-items-center mt-4 mx-0\">\n\t\t<div class=\"col-lg-5 d-brochure-bg-btn is-inner-btn with-accent\">\n\t\t\t<\/div>\n<\/div>\t\t\t\t\t<\/div>\r\n\t\t\t\t\t\t\t<\/div>\r\n\t\t<\/div>\r\n\t<\/div>\r\n<\/div>\r\n\n\n\n<p><\/p>\n\n\n&nbsp;\n\n\n<p><\/p>\n\n\n<H2 class=\"c-title-level02 section-subtitle\">Combina\u00e7\u00e3o com a fun\u00e7\u00e3o de controlo solar<\/H2>\n\n<div class=\"c-layout-frame section-flame\">\n\t\t<div class=\"row align-items-center\">\n\t\t<div class=\"col-lg-6 order-lg-1 order-0\">\n\t\t\t<div class=\"feature-img text-left\">\n\t\t\t\t\t\t\t\t<img decoding=\"async\" src=\"https:\/\/www.s-lecfilm.com\/wp-content\/uploads\/solar-lineup_en_02-1-1024x620.webp\"  alt=\"Diagram of S-LEC\u2122 Solar Control Film blocking infrared and UV light\">\n\t\t\t\t\t\t\t<\/div>\n\t\t<\/div>\n\t\t<div class=\"col-lg-6 order-lg-0 order-1\">\n\t\t\t<div class=\"feature-cont\">\n\t\t\t\t<div class=\"acf-innerblocks-container\">\n\n<p>Oferecemos uma combina\u00e7\u00e3o de S-LEC\u2122 Wedge Shaped Film e fun\u00e7\u00e3o de controlo solar.<\/p>\n\n\n\n<p>S-LEC\u2122 Wedge Shaped Film com fun\u00e7\u00e3o de controlo solar bloqueia os raios infravermelhos e ultravioleta (UV), permitindo a passagem da luz vis\u00edvel para uma vis\u00e3o clara. Isto mant\u00e9m o interior fresco e protege o condutor e os passageiros das luzes do sol.<\/p>\n\n\n\n<p>S-LEC\u2122 Wedge Shaped Film com fun\u00e7\u00e3o de controlo solar proporciona uma imagem de proje\u00e7\u00e3o HUD n\u00edtida para um ambiente de condu\u00e7\u00e3o seguro e confort\u00e1vel.<\/p>\n\n<\/div>\t\t\t<\/div>\n\t\t<\/div>\n\t<\/div>\n\t<\/div>\n\n\n<H1 class=\"c-title-level02 section-subtitle\">Solu\u00e7\u00f5es para Head-Up Displays<\/H1>\n\n<div class=\"c-layout-frame section-flame\">\n\t\t<div class=\"row align-items-center\">\n\t\t<div class=\"col-lg-6\">\n\t\t\t<div class=\"feature-img text-left\">\n\t\t\t\t\t\t\t\t<img decoding=\"async\" src=\"https:\/\/www.s-lecfilm.com\/wp-content\/uploads\/shutterstock_1898014777-1024x683.webp\"  alt=\"Solutions to protect HUD units from sunlight\">\n\t\t\t\t\t\t\t<\/div>\n\t\t<\/div>\n\t\t<div class=\"col-lg-6\">\n\t\t\t<div class=\"feature-cont\">\n\t\t\t\t<div class=\"acf-innerblocks-container\">\n<Div class=\"c-title-level03 feature-cont-title\">\n\t\tProteger a unidade HUD da luz solar<\/Div>\n\n\n\n<p>Uma unidade HUD \u00e9 constitu\u00edda por um projetor de luz, espelhos c\u00f4ncavos e reflectores e uma placa transparente denominada &#8220;antirreflexo&#8221;, tudo concebido para caber no painel de instrumentos do autom\u00f3vel.<\/p>\n\n\n\n<p>A unidade HUD est\u00e1 exposta a muita luz solar. Nos \u00faltimos anos, os visores de realidade aumentada (AR-HUD) que projectam ecr\u00e3s de grandes dimens\u00f5es t\u00eam atra\u00eddo a aten\u00e7\u00e3o. A unidade HUD est\u00e1 a aumentar de tamanho para projetar mais informa\u00e7\u00f5es numa \u00e1rea mais vasta, e existe a preocupa\u00e7\u00e3o de danificar a unidade HUD devido \u00e0 acumula\u00e7\u00e3o de calor pela luz solar.<\/p>\n\n\n\n<p>A S-LEC\u2122 Wedge Shaped Film com fun\u00e7\u00e3o de controlo solar reduz o efeito da luz solar e a carga na unidade HUD. Os testes laboratoriais realizados pela SEKISUI S-LEC e pelos seus parceiros confirmaram que a S-LEC\u2122 Wedge Shaped Film com fun\u00e7\u00e3o de controlo solar reduz o aumento da temperatura no TFT da unidade HUD em 7\u00b0C em compara\u00e7\u00e3o com um para-brisas normal.<\/p>\n\n<\/div>\t\t\t<\/div>\n\t\t<\/div>\n\t<\/div>\n\t<\/div>\n\n\n<div class=\"c-layout-frame section-flame\">\n\t\t<div class=\"row align-items-center\">\n\t\t<div class=\"col-lg-6 order-lg-1 order-0\">\n\t\t\t<div class=\"feature-img text-left\">\n\t\t\t\t\t\t\t\t<img decoding=\"async\" src=\"https:\/\/www.s-lecfilm.com\/wp-content\/uploads\/3de2b61b0d868df4fa7316c1afbd6aa6-1024x897.webp\"  alt=\"Heat shielding function without metal coating\">\n\t\t\t\t\t\t\t<\/div>\n\t\t<\/div>\n\t\t<div class=\"col-lg-6 order-lg-0 order-1\">\n\t\t\t<div class=\"feature-cont\">\n\t\t\t\t<div class=\"acf-innerblocks-container\">\n<Div class=\"c-title-level03 feature-cont-title\">\n\t\tFun\u00e7\u00e3o de controlo solar sem revestimento met\u00e1lico<\/Div>\n\n\n\n<p>Ao projetar imagens do HUD em vidro com revestimento met\u00e1lico, a imagem projectada do HUD pode parecer desfocada devido \u00e0 reflex\u00e3o da luz da camada de revestimento, ou o revestimento met\u00e1lico pode impedir a transmiss\u00e3o de r\u00e1dio.<\/p>\n\n\n\n<p>S-LEC\u2122 Wedge Shaped Film com fun\u00e7\u00e3o de controlo solar bloqueia os raios infravermelhos da luz solar como fonte de calor atrav\u00e9s da dispers\u00e3o de part\u00edculas de corte de IV na camada interm\u00e9dia de PVB, n\u00e3o afectando a imagem projectada do HUD, resultando numa imagem n\u00edtida. Al\u00e9m disso, S-LEC\u2122 Wedge Shaped Film com fun\u00e7\u00e3o de controlo solar n\u00e3o bloqueia as ondas de r\u00e1dio e permite a transmiss\u00e3o de ondas de r\u00e1dio na maioria das bandas de frequ\u00eancia. Os condutores e os passageiros podem utilizar confortavelmente chamadas de telem\u00f3vel e dispositivos como o ETC no autom\u00f3vel sem comprometer o ambiente de comunica\u00e7\u00e3o.<\/p>\n\n\n\n<p>A solu\u00e7\u00e3o da SEKISUI S-LEC permite obter uma imagem de proje\u00e7\u00e3o HUD n\u00edtida e uma condu\u00e7\u00e3o confort\u00e1vel sem blindagem de ondas de r\u00e1dio.<\/p>\n\n<\/div>\t\t\t<\/div>\n\t\t<\/div>\n\t<\/div>\n\t<\/div>\n\n\n<div class=\"c-layout-frame section-flame\">\n\t\t<div class=\"row align-items-center\">\n\t\t<div class=\"col-lg-6\">\n\t\t\t<div class=\"feature-img text-left\">\n\t\t\t\t\t\t\t\t<img decoding=\"async\" src=\"https:\/\/www.s-lecfilm.com\/wp-content\/uploads\/HUD-solar_contents1-1024x683.webp\"  alt=\"A car kept at a comfortable temperature with a heat shielding function in the S-LEC\u2122 Film\">\n\t\t\t\t\t\t\t<\/div>\n\t\t<\/div>\n\t\t<div class=\"col-lg-6\">\n\t\t\t<div class=\"feature-cont\">\n\t\t\t\t<div class=\"acf-innerblocks-container\">\n<Div class=\"c-title-level03 feature-cont-title\">\n\t\tConforto t\u00e9rmico<\/Div>\n\n\n\n<p>Um teste de ve\u00edculo que comparou o vidro geral e a S-LEC\u2122 Solar Control Film no mesmo autom\u00f3vel confirmou que a S-LEC\u2122 Solar Control Film reduz a temperatura num m\u00e1ximo de 7\u00b0C.<\/p>\n\n\n\n<p>S-LEC\u2122 Solar Control Film corta eficazmente o calor nos comprimentos de onda de 1550 nm do espetro, onde a pele humana \u00e9 mais sens\u00edvel ao calor. Num inqu\u00e9rito que comparou o conforto t\u00e9rmico do vidro laminado padr\u00e3o e da S-LEC\u2122 Solar Control Film, 94% dos inquiridos afirmaram que a redu\u00e7\u00e3o do calor pode ser notada de forma significativa.<\/p>\n\n\n\n<p>A S-LEC\u2122 Wedge Shaped Film com fun\u00e7\u00e3o de controlo solar reduz o aumento de temperatura provocado pela luz solar e mant\u00e9m o interior do ve\u00edculo mais confort\u00e1vel, independentemente do calor exterior.<\/p>\n\n<\/div>\t\t\t<\/div>\n\t\t<\/div>\n\t<\/div>\n\t<\/div>\n\n\n<H2 class=\"c-title-level02 section-subtitle\">Os nossos servi\u00e7os para o seu desenvolvimento<\/H2>\n\n<div class=\"c-layout-frame section-flame\">\n\t\t<div class=\"row align-items-center\">\n\t\t<div class=\"col-lg-6 order-lg-1 order-0\">\n\t\t\t<div class=\"feature-img text-center\">\n\t\t\t\t\t\t\t\t<img decoding=\"async\" src=\"https:\/\/www.s-lecfilm.com\/wp-content\/uploads\/shutterstock_2076774124-1024x576-1-1-1-1024x576.webp\"  alt=\"Glass development support from project design and proposes optimal solutions\">\n\t\t\t\t\t\t\t<\/div>\n\t\t<\/div>\n\t\t<div class=\"col-lg-6 order-lg-0 order-1\">\n\t\t\t<div class=\"feature-cont\">\n\t\t\t\t<div class=\"acf-innerblocks-container\">\n\n<p>Oferecemos-lhe os nossos servi\u00e7os flex\u00edveis e possibilidades de personaliza\u00e7\u00e3o. Inclua a nossa equipa de consultores na fase de conce\u00e7\u00e3o do seu projeto. Desta forma, podemos ajud\u00e1-lo a desenvolver uma solu\u00e7\u00e3o \u00e0 medida das suas necessidades. Com os nossos m\u00faltiplos locais de produ\u00e7\u00e3o em todo o mundo, h\u00e1 sempre uma oportunidade de o apresentar a um dos nossos especialistas nas proximidades.<\/p>\n\n\n\n<p>Entre em contacto connosco se quiser saber mais sobre as nossas solu\u00e7\u00f5es.<\/p>\n\n\n\n<ul class=\"wp-block-list\">\n<li>Detalhes sobre as nossas solu\u00e7\u00f5es ou produtos<\/li>\n\n\n\n<li>Pedido de amostra<\/li>\n\n\n\n<li>Colabora\u00e7\u00e3o com a SEKISUI S-LEC<\/li>\n\n\n\n<li>Apoio \u00e0s vendas para a sua empresa<\/li>\n\n\n\n<li>Apoio t\u00e9cnico para o seu desenvolvimento<\/li>\n\n\n\n<li>Considera\u00e7\u00e3o no seu projeto<\/li>\n<\/ul>\n\n\n<div class=\"c-button-type01 row justify-content-center\">\n\t<div class=\"col-lg-5 d-brochure-bg-btn is-inner-btn btn-size-medium\">\n\t\t<a href=\"\/pt-pt\/download\/Inquiry\/\" target=\"_blank\">\n\t\t\t<button type=\"button\" class=\"btn btn-primary\">Contactar-nos<\/button>\n\t\t<\/a>\n\t<\/div>\n<\/div>\n\n<\/div>\t\t\t<\/div>\n\t\t<\/div>\n\t<\/div>\n\t<\/div>\n\n<\/div>\n\n<\/div>\n\n\n\n<div class=\"frame is-bg-img c-more-detail \">\n\t<div class=\"container\">\n\t\t<div class=\"row justify-content-center\">\n\t\t\t<div class=\"col-lg-10\">\n\t\t\t\t<div class=\"row\">\n\t\t\t\t\t<div class=\"col-lg-7 mb-5 mb-lg-0\">\n\t\t\t\t\t\t<div class=\"contact-footer-text\">\n\t\t\t\t\t\t\tGostaria de saber mais?\t\t\t\t\t\t<\/div>\n\t\t\t\t\t\t<div class=\"contact-footer-btn\">\n\t\t\t\t\t\t\t<a href=\"\/pt-pt\/download\/all\/\" target=\"_blank\">\n\t\t\t\t\t\t\t\t<button class=\"btn btn-primary fa-download-check\">\n\t\t\t\t\t\t\t\t\t\t\t\t\t\t\t\t\t\t\tDownloads\t\t\t\t\t\t\t\t\t\t\t\t\t\t\t\t\t<\/button>\n\t\t\t\t\t\t\t<\/a>\n\t\t\t\t\t\t\t<a href=\"\/pt-pt\/download\/Inquiry\/\" target=\"_blank\">\n\t\t\t\t\t\t\t\t<button class=\"btn btn-primary is-external-link\">\n\t\t\t\t\t\t\t\t\t\t\t\t\t\t\t\t\t\t\tContate-nos\t\t\t\t\t\t\t\t\t\t\t\t\t\t\t\t\t<\/button>\n\t\t\t\t\t\t\t<\/a>\n\t\t\t\t\t\t<\/div>\n\t\t\t\t\t<\/div>\n\t\t\t\t\t<div class=\"col-lg-5\">\n\t\t\t\t\t\t<div class=\"contact-footer-img\">\n\t\t\t\t\t\t\t\t\t\t\t\t\t\t<img decoding=\"async\" src=\"https:\/\/www.s-lecfilm.com\/wp-content\/uploads\/thankyou_hero-1-1-1024x576.webp\" alt=\"Those who want to know more about S-LEC\u2122 Film\">\n\t\t\t\t\t\t\t\t\t\t\t\t\t<\/div>\n\t\t\t\t\t<\/div>\n\t\t\t\t<\/div>\n\t\t\t<\/div>\n\t\t<\/div>\n\t<\/div>\n<\/div>\n","protected":false},"excerpt":{"rendered":"","protected":false},"author":14,"featured_media":0,"parent":17043,"menu_order":76,"comment_status":"closed","ping_status":"closed","template":"","meta":{"_acf_changed":false,"_oasis_is_in_workflow":0,"_oasis_original":0,"om_disable_all_campaigns":false,"inline_featured_image":false,"_monsterinsights_skip_tracking":false,"_monsterinsights_sitenote_active":false,"_monsterinsights_sitenote_note":"","_monsterinsights_sitenote_category":0,"footnotes":""},"page_category":[121],"class_list":["post-18132","page","type-page","status-publish","hentry"],"acf":[],"aioseo_notices":[],"aioseo_head":"\n\t\t<!-- All in One SEO Pro 4.6.2 - aioseo.com -->\n\t\t<meta name=\"description\" content=\"A S-LEC\u2122 Wedge Shaped Film com fun\u00e7\u00e3o de controlo solar protege a unidade HUD da luz solar, proporcionando uma imagem projectada HUD n\u00edtida e conforto.\" \/>\n\t\t<meta name=\"robots\" content=\"max-image-preview:large\" \/>\n\t\t<meta name=\"google-site-verification\" content=\"LGoHK3imcI57fEDyHDnPGNxrBKyRAWvyS1_pmekTNEU\" \/>\n\t\t<link rel=\"canonical\" href=\"https:\/\/www.s-lecfilm.com\/pt-pt\/news\/HUD-solar\/\" \/>\n\t\t<meta name=\"generator\" content=\"All in One SEO Pro (AIOSEO) 4.6.2\" \/>\n\t\t<meta property=\"og:locale\" content=\"pt_PT\" \/>\n\t\t<meta property=\"og:site_name\" content=\"SEKISUI S-LEC\" \/>\n\t\t<meta property=\"og:type\" content=\"article\" \/>\n\t\t<meta property=\"og:title\" content=\"Solu\u00e7\u00f5es para Head-Up Displays atrav\u00e9s da fun\u00e7\u00e3o de controlo solar\" \/>\n\t\t<meta property=\"og:description\" content=\"A S-LEC\u2122 Wedge Shaped Film com fun\u00e7\u00e3o de controlo solar protege a unidade HUD da luz solar, proporcionando uma imagem projectada HUD n\u00edtida e conforto.\" \/>\n\t\t<meta property=\"og:url\" content=\"https:\/\/www.s-lecfilm.com\/pt-pt\/news\/HUD-solar\/\" \/>\n\t\t<meta property=\"og:image\" content=\"https:\/\/www.s-lecfilm.com\/wp-content\/uploads\/HUD_contents_equipment-1.webp\" \/>\n\t\t<meta property=\"og:image:secure_url\" content=\"https:\/\/www.s-lecfilm.com\/wp-content\/uploads\/HUD_contents_equipment-1.webp\" \/>\n\t\t<meta property=\"og:image:width\" content=\"1200\" \/>\n\t\t<meta property=\"og:image:height\" content=\"801\" \/>\n\t\t<meta property=\"article:published_time\" content=\"2023-10-05T06:31:40+00:00\" \/>\n\t\t<meta property=\"article:modified_time\" content=\"2024-03-11T04:26:42+00:00\" \/>\n\t\t<meta name=\"twitter:card\" content=\"summary_large_image\" \/>\n\t\t<meta name=\"twitter:title\" content=\"Solu\u00e7\u00f5es para Head-Up Displays atrav\u00e9s da fun\u00e7\u00e3o de controlo solar\" \/>\n\t\t<meta name=\"twitter:description\" content=\"A S-LEC\u2122 Wedge Shaped Film com fun\u00e7\u00e3o de controlo solar protege a unidade HUD da luz solar, proporcionando uma imagem projectada HUD n\u00edtida e conforto.\" \/>\n\t\t<meta name=\"twitter:image\" content=\"https:\/\/www.s-lecfilm.com\/wp-content\/uploads\/2023\/01\/Open-Graph-Image.png\" \/>\n\t\t<script type=\"application\/ld+json\" class=\"aioseo-schema\">\n\t\t\t{\"@context\":\"https:\\\/\\\/schema.org\",\"@graph\":[{\"@type\":\"BreadcrumbList\",\"@id\":\"https:\\\/\\\/www.s-lecfilm.com\\\/pt-pt\\\/news\\\/HUD-solar\\\/#breadcrumblist\",\"itemListElement\":[{\"@type\":\"ListItem\",\"@id\":\"https:\\\/\\\/www.s-lecfilm.com\\\/pt-pt\\\/#listItem\",\"position\":1,\"name\":\"In\\u00edcio\",\"item\":\"https:\\\/\\\/www.s-lecfilm.com\\\/pt-pt\\\/\",\"nextItem\":\"https:\\\/\\\/www.s-lecfilm.com\\\/pt-pt\\\/news\\\/#listItem\"},{\"@type\":\"ListItem\",\"@id\":\"https:\\\/\\\/www.s-lecfilm.com\\\/pt-pt\\\/news\\\/#listItem\",\"position\":2,\"name\":\"\\\/pt-pt\\\/news\\\/\",\"item\":\"https:\\\/\\\/www.s-lecfilm.com\\\/pt-pt\\\/news\\\/\",\"nextItem\":\"https:\\\/\\\/www.s-lecfilm.com\\\/pt-pt\\\/news\\\/HUD-solar\\\/#listItem\",\"previousItem\":\"https:\\\/\\\/www.s-lecfilm.com\\\/pt-pt\\\/#listItem\"},{\"@type\":\"ListItem\",\"@id\":\"https:\\\/\\\/www.s-lecfilm.com\\\/pt-pt\\\/news\\\/HUD-solar\\\/#listItem\",\"position\":3,\"name\":\"\\\/pt-pt\\\/news\\\/HUD-solar\\\/\",\"previousItem\":\"https:\\\/\\\/www.s-lecfilm.com\\\/pt-pt\\\/news\\\/#listItem\"}]},{\"@type\":\"Organization\",\"@id\":\"https:\\\/\\\/www.s-lecfilm.com\\\/pt-pt\\\/#organization\",\"name\":\"s-lecfilm\",\"url\":\"https:\\\/\\\/www.s-lecfilm.com\\\/pt-pt\\\/\"},{\"@type\":\"WebPage\",\"@id\":\"https:\\\/\\\/www.s-lecfilm.com\\\/pt-pt\\\/news\\\/HUD-solar\\\/#webpage\",\"url\":\"https:\\\/\\\/www.s-lecfilm.com\\\/pt-pt\\\/news\\\/HUD-solar\\\/\",\"name\":\"Solu\\u00e7\\u00f5es para Head-Up Displays atrav\\u00e9s da fun\\u00e7\\u00e3o de controlo solar\",\"description\":\"A S-LEC\\u2122 Wedge Shaped Film com fun\\u00e7\\u00e3o de controlo solar protege a unidade HUD da luz solar, proporcionando uma imagem projectada HUD n\\u00edtida e conforto.\",\"inLanguage\":\"pt-PT\",\"isPartOf\":{\"@id\":\"https:\\\/\\\/www.s-lecfilm.com\\\/pt-pt\\\/#website\"},\"breadcrumb\":{\"@id\":\"https:\\\/\\\/www.s-lecfilm.com\\\/pt-pt\\\/news\\\/HUD-solar\\\/#breadcrumblist\"},\"datePublished\":\"2023-10-05T15:31:40+09:00\",\"dateModified\":\"2024-03-11T13:26:42+09:00\"},{\"@type\":\"WebSite\",\"@id\":\"https:\\\/\\\/www.s-lecfilm.com\\\/pt-pt\\\/#website\",\"url\":\"https:\\\/\\\/www.s-lecfilm.com\\\/pt-pt\\\/\",\"name\":\"s-lecfilm\",\"inLanguage\":\"pt-PT\",\"publisher\":{\"@id\":\"https:\\\/\\\/www.s-lecfilm.com\\\/pt-pt\\\/#organization\"}}]}\n\t\t<\/script>\n\t\t<!-- All in One SEO Pro -->\r\n\t\t<title>Solu\u00e7\u00f5es para Head-Up Displays atrav\u00e9s da fun\u00e7\u00e3o de controlo solar<\/title>\n\n","aioseo_head_json":{"title":"Solu\u00e7\u00f5es para Head-Up Displays atrav\u00e9s da fun\u00e7\u00e3o de controlo solar","description":"A S-LEC\u2122 Wedge Shaped Film com fun\u00e7\u00e3o de controlo solar protege a unidade HUD da luz solar, proporcionando uma imagem projectada HUD n\u00edtida e conforto.","canonical_url":"https:\/\/www.s-lecfilm.com\/pt-pt\/news\/HUD-solar\/","robots":"max-image-preview:large","keywords":"","webmasterTools":{"google-site-verification":"LGoHK3imcI57fEDyHDnPGNxrBKyRAWvyS1_pmekTNEU","miscellaneous":""},"og:locale":"pt_PT","og:site_name":"SEKISUI S-LEC","og:type":"article","og:title":"Solu\u00e7\u00f5es para Head-Up Displays atrav\u00e9s da fun\u00e7\u00e3o de controlo solar","og:description":"A S-LEC\u2122 Wedge Shaped Film com fun\u00e7\u00e3o de controlo solar protege a unidade HUD da luz solar, proporcionando uma imagem projectada HUD n\u00edtida e conforto.","og:url":"https:\/\/www.s-lecfilm.com\/pt-pt\/news\/HUD-solar\/","og:image":"https:\/\/www.s-lecfilm.com\/wp-content\/uploads\/HUD_contents_equipment-1.webp","og:image:secure_url":"https:\/\/www.s-lecfilm.com\/wp-content\/uploads\/HUD_contents_equipment-1.webp","og:image:width":1200,"og:image:height":801,"article:published_time":"2023-10-05T06:31:40+00:00","article:modified_time":"2024-03-11T04:26:42+00:00","twitter:card":"summary_large_image","twitter:title":"Solu\u00e7\u00f5es para Head-Up Displays atrav\u00e9s da fun\u00e7\u00e3o de controlo solar","twitter:description":"A S-LEC\u2122 Wedge Shaped Film com fun\u00e7\u00e3o de controlo solar protege a unidade HUD da luz solar, proporcionando uma imagem projectada HUD n\u00edtida e conforto.","twitter:image":"https:\/\/www.s-lecfilm.com\/wp-content\/uploads\/2023\/01\/Open-Graph-Image.png","schema":{"@context":"https:\/\/schema.org","@graph":[{"@type":"BreadcrumbList","@id":"https:\/\/www.s-lecfilm.com\/pt-pt\/news\/HUD-solar\/#breadcrumblist","itemListElement":[{"@type":"ListItem","@id":"https:\/\/www.s-lecfilm.com\/pt-pt\/#listItem","position":1,"name":"In\u00edcio","item":"https:\/\/www.s-lecfilm.com\/pt-pt\/","nextItem":"https:\/\/www.s-lecfilm.com\/pt-pt\/news\/#listItem"},{"@type":"ListItem","@id":"https:\/\/www.s-lecfilm.com\/pt-pt\/news\/#listItem","position":2,"name":"\/pt-pt\/news\/","item":"https:\/\/www.s-lecfilm.com\/pt-pt\/news\/","nextItem":"https:\/\/www.s-lecfilm.com\/pt-pt\/news\/HUD-solar\/#listItem","previousItem":"https:\/\/www.s-lecfilm.com\/pt-pt\/#listItem"},{"@type":"ListItem","@id":"https:\/\/www.s-lecfilm.com\/pt-pt\/news\/HUD-solar\/#listItem","position":3,"name":"\/pt-pt\/news\/HUD-solar\/","previousItem":"https:\/\/www.s-lecfilm.com\/pt-pt\/news\/#listItem"}]},{"@type":"Organization","@id":"https:\/\/www.s-lecfilm.com\/pt-pt\/#organization","name":"s-lecfilm","url":"https:\/\/www.s-lecfilm.com\/pt-pt\/"},{"@type":"WebPage","@id":"https:\/\/www.s-lecfilm.com\/pt-pt\/news\/HUD-solar\/#webpage","url":"https:\/\/www.s-lecfilm.com\/pt-pt\/news\/HUD-solar\/","name":"Solu\u00e7\u00f5es para Head-Up Displays atrav\u00e9s da fun\u00e7\u00e3o de controlo solar","description":"A S-LEC\u2122 Wedge Shaped Film com fun\u00e7\u00e3o de controlo solar protege a unidade HUD da luz solar, proporcionando uma imagem projectada HUD n\u00edtida e conforto.","inLanguage":"pt-PT","isPartOf":{"@id":"https:\/\/www.s-lecfilm.com\/pt-pt\/#website"},"breadcrumb":{"@id":"https:\/\/www.s-lecfilm.com\/pt-pt\/news\/HUD-solar\/#breadcrumblist"},"datePublished":"2023-10-05T15:31:40+09:00","dateModified":"2024-03-11T13:26:42+09:00"},{"@type":"WebSite","@id":"https:\/\/www.s-lecfilm.com\/pt-pt\/#website","url":"https:\/\/www.s-lecfilm.com\/pt-pt\/","name":"s-lecfilm","inLanguage":"pt-PT","publisher":{"@id":"https:\/\/www.s-lecfilm.com\/pt-pt\/#organization"}}]}},"aioseo_meta_data":{"post_id":"18132","title":"Solu\u00e7\u00f5es para Head-Up Displays atrav\u00e9s da fun\u00e7\u00e3o de controlo solar","description":"A S-LEC\u2122 Wedge Shaped Film com fun\u00e7\u00e3o de controlo solar protege a unidade HUD da luz solar, proporcionando uma imagem projectada HUD n\u00edtida e conforto.","keywords":[],"keyphrases":"{\"focus\":{\"keyphrase\":\"\",\"score\":0,\"analysis\":{\"keyphraseInTitle\":{\"score\":0,\"maxScore\":9,\"error\":1}}},\"additional\":[]}","primary_term":null,"canonical_url":null,"og_title":null,"og_description":null,"og_object_type":"default","og_image_type":"custom_image","og_image_url":"https:\/\/www.s-lecfilm.com\/wp-content\/uploads\/HUD_contents_equipment-1.webp","og_image_width":"1200","og_image_height":"801","og_image_custom_url":"https:\/\/www.s-lecfilm.com\/wp-content\/uploads\/HUD_contents_equipment-1.webp","og_image_custom_fields":null,"og_video":"","og_custom_url":null,"og_article_section":null,"og_article_tags":[],"twitter_use_og":false,"twitter_card":"default","twitter_image_type":"default","twitter_image_url":null,"twitter_image_custom_url":null,"twitter_image_custom_fields":null,"twitter_title":null,"twitter_description":null,"schema":{"blockGraphs":[],"customGraphs":[],"default":{"data":{"Article":[],"Course":[],"Dataset":[],"FAQPage":[],"Movie":[],"Person":[],"Product":[],"Recipe":[],"Service":[],"SoftwareApplication":[],"WebPage":[]},"graphName":"WebPage","isEnabled":true},"graphs":[]},"schema_type":"default","schema_type_options":null,"pillar_content":false,"robots_default":true,"robots_noindex":false,"robots_noarchive":false,"robots_nosnippet":false,"robots_nofollow":false,"robots_noimageindex":false,"robots_noodp":false,"robots_notranslate":false,"robots_max_snippet":"-1","robots_max_videopreview":"-1","robots_max_imagepreview":"large","priority":null,"frequency":"default","local_seo":null,"limit_modified_date":false,"reviewed_by":null,"open_ai":{"title":{"suggestions":[],"usage":0},"description":{"suggestions":[],"usage":0}},"created":"2024-03-08 00:29:46","updated":"2024-03-11 04:26:46"},"aioseo_breadcrumb":"<div class=\"aioseo-breadcrumbs\"><span class=\"aioseo-breadcrumb\">\n\t<a href=\"https:\/\/www.s-lecfilm.com\/pt-pt\/\" title=\"\u30db\u30fc\u30e0\">\u30db\u30fc\u30e0<\/a>\n<\/span><span class=\"aioseo-breadcrumb-separator\">&raquo;<\/span><span class=\"aioseo-breadcrumb\">\n\t<a href=\"https:\/\/www.s-lecfilm.com\/pt-pt\/news\/\" title=\"Privado: \/pt-pt\/news\/\">Privado: \/pt-pt\/news\/<\/a>\n<\/span><span class=\"aioseo-breadcrumb-separator\">&raquo;<\/span><span class=\"aioseo-breadcrumb\">\n\t\/pt-pt\/news\/HUD-solar\/\n<\/span><\/div>","aioseo_breadcrumb_json":[{"label":"\u30db\u30fc\u30e0","link":"https:\/\/www.s-lecfilm.com\/pt-pt\/"},{"label":"Privado: \/pt-pt\/news\/","link":"https:\/\/www.s-lecfilm.com\/pt-pt\/news\/"},{"label":"\/pt-pt\/news\/HUD-solar\/","link":"https:\/\/www.s-lecfilm.com\/pt-pt\/news\/HUD-solar\/"}],"_links":{"self":[{"href":"https:\/\/www.s-lecfilm.com\/pt-pt\/wp-json\/wp\/v2\/pages\/18132"}],"collection":[{"href":"https:\/\/www.s-lecfilm.com\/pt-pt\/wp-json\/wp\/v2\/pages"}],"about":[{"href":"https:\/\/www.s-lecfilm.com\/pt-pt\/wp-json\/wp\/v2\/types\/page"}],"author":[{"embeddable":true,"href":"https:\/\/www.s-lecfilm.com\/pt-pt\/wp-json\/wp\/v2\/users\/14"}],"replies":[{"embeddable":true,"href":"https:\/\/www.s-lecfilm.com\/pt-pt\/wp-json\/wp\/v2\/comments?post=18132"}],"version-history":[{"count":6,"href":"https:\/\/www.s-lecfilm.com\/pt-pt\/wp-json\/wp\/v2\/pages\/18132\/revisions"}],"predecessor-version":[{"id":18299,"href":"https:\/\/www.s-lecfilm.com\/pt-pt\/wp-json\/wp\/v2\/pages\/18132\/revisions\/18299"}],"up":[{"embeddable":true,"href":"https:\/\/www.s-lecfilm.com\/pt-pt\/wp-json\/wp\/v2\/pages\/17043"}],"wp:attachment":[{"href":"https:\/\/www.s-lecfilm.com\/pt-pt\/wp-json\/wp\/v2\/media?parent=18132"}],"wp:term":[{"taxonomy":"page_category","embeddable":true,"href":"https:\/\/www.s-lecfilm.com\/pt-pt\/wp-json\/wp\/v2\/page_category?post=18132"}],"curies":[{"name":"wp","href":"https:\/\/api.w.org\/{rel}","templated":true}]}}