{"id":18041,"date":"2023-10-05T15:47:07","date_gmt":"2023-10-05T06:47:07","guid":{"rendered":"https:\/\/www.s-lecfilm.com\/en-news\/p-news-grey-privacy\/"},"modified":"2024-03-21T16:58:20","modified_gmt":"2024-03-21T07:58:20","slug":"p-news-grey-privacy","status":"publish","type":"page","link":"https:\/\/www.s-lecfilm.com\/pt-pt\/news\/grey-privacy\/","title":{"rendered":"\/pt-pt\/news\/grey-privacy\/"},"content":{"rendered":"<div class=\"frame pt-0\" style=\"clear: both;\">\n\t<div class=\"hero-flame\" style=\"height:62vh;margin:0;\">\n\t\t<div class=\"hero-flame-bg\">\n\t\t\t<img loading=\"lazy\" decoding=\"async\" class=\"hero-flame-bg-img\" src=\"https:\/\/www.s-lecfilm.com\/wp-content\/uploads\/201124_SLEC-MARKETING-DARK-0342.webp\" width=\"1920\" height=\"1202\" alt=\"Privacy grey PVB interlayer that gives elegance to the plastic bassy in the car\" style=\"object-position:0% 10%;\">\n\t\t<\/div>\n\t\t<div class=\"hero-flame-content\">\n\t\t\t\t\t\t\t<div class=\"hero-text\">\n\t\t\t\t\t<div class=\"hero-text-title\">\n\t\t\t\t\t\tDesign do vidro de privacidade\t\t\t\t\t<\/div>\n\t\t\t\t\t\t\t\t\t\t\t<div class=\"hero-text-subtitle\">\n\t\t\t\t\t\t\tO poder expressivo da cor\t\t\t\t\t\t<\/div>\n\t\t\t\t\t\t\t\t\t<\/div>\n\t\t\t\t<\/div>\n\t<\/div>\n<\/div>\n\n<div class=\"frame pt-0 pb-0\">\n\t\n<div class=\"container pb-0 mb-0\">\n\t\n<H1 class=\"c-title-level02 section-subtitle\">O que \u00e9 o vidro de privacidade?<\/H1>\n\n<div class=\"c-layout-frame section-flame\">\n\t\t<div class=\"row align-items-center\">\n\t\t<div class=\"col-lg-6\">\n\t\t\t<div class=\"feature-img text-center\">\n\t\t\t\t\t\t\t\t<img decoding=\"async\" src=\"https:\/\/www.s-lecfilm.com\/wp-content\/uploads\/privacygray_contsnts1-1024x707.webp\"  alt=\"Effective privacy glass in blocking views, preventing theft, UV rays, and regulating temperature.\">\n\t\t\t\t\t\t\t<\/div>\n\t\t<\/div>\n\t\t<div class=\"col-lg-6\">\n\t\t\t<div class=\"feature-cont\">\n\t\t\t\t<div class=\"acf-innerblocks-container\">\n\n<p>Ao reduzir a transmiss\u00e3o de luz vis\u00edvel, o vidro de privacidade assegura a privacidade ao bloquear a vis\u00e3o do exterior para o interior do ve\u00edculo e esconde os objectos deixados no ve\u00edculo para serem vistos como prote\u00e7\u00e3o antirroubo.<\/p>\n\n\n\n<p>O vidro de privacidade reduz o encandeamento da luz exterior, corta os raios ultravioleta e, ao bloquear o sol quente, reduz o aumento da temperatura no interior do ve\u00edculo, melhorando o conforto interior e evitando um enorme consumo de energia do ar condicionado.<\/p>\n\n\n\n<p>Comparado com o vidro de privacidade monol\u00edtico, o vidro laminado com camada interm\u00e9dia ac\u00fastica S-LEC\u2122 proporciona um melhor isolamento ac\u00fastico para os passageiros traseiros, criando um espa\u00e7o interior luxuoso que oferece privacidade e conforto.<\/p>\n\n<\/div>\t\t\t<\/div>\n\t\t<\/div>\n\t<\/div>\n\t<\/div>\n\n\n<H2 class=\"c-title-level02 section-subtitle\">Investiga\u00e7\u00e3o em vidro de privacidade<\/H2>\n\n<div class=\"c-layout-frame section-flame\">\n\t\t<div class=\"row align-items-center\">\n\t\t<div class=\"col-lg-6 order-lg-1 order-0\">\n\t\t\t<div class=\"feature-img text-left\">\n\t\t\t\t\t\t\t\t<img decoding=\"async\" src=\"https:\/\/www.s-lecfilm.com\/wp-content\/uploads\/slec_privacyglass_web-1-1024x649.webp\"  alt=\"Inside the car with unnatural colour matching, which is the issue of privacy glass\">\n\t\t\t\t\t\t\t<\/div>\n\t\t<\/div>\n\t\t<div class=\"col-lg-6 order-lg-0 order-1\">\n\t\t\t<div class=\"feature-cont\">\n\t\t\t\t<div class=\"acf-innerblocks-container\">\n\n<p>O vidro privado est\u00e1 a tornar-se quase uma op\u00e7\u00e3o ou um pacote padr\u00e3o para os autom\u00f3veis que s\u00e3o lan\u00e7ados atualmente. Existe uma grande variedade de vidros de privacidade no mercado, com tonalidades que variam ligeiramente consoante o fabricante e o tipo de vidro. A espessura do vidro tamb\u00e9m pode influenciar a taxa de transmiss\u00e3o. Em teoria, quanto mais espesso for o vidro, mais escura ser\u00e1 a cor; quanto mais fino for o vidro, mais clara ser\u00e1 a cor do vidro de privacidade.<\/p>\n\n\n\n<p>N\u00e3o \u00e9 invulgar que o vidro de prote\u00e7\u00e3o utilizado num ve\u00edculo seja fornecido por diferentes fabricantes de vidro, dependendo do vidro da porta traseira, do vidro do quarto traseiro e do vidro traseiro.<\/p>\n\n\n\n<p>Quando vidros de privacidade de diferentes tipos e espessuras s\u00e3o colocados uns ao lado dos outros, podem ocorrer diferentes gradientes de cor e uma correspond\u00eancia de cores n\u00e3o natural quando se v\u00ea a paisagem exterior a partir do interior do ve\u00edculo.<\/p>\n\n<\/div>\t\t\t<\/div>\n\t\t<\/div>\n\t<\/div>\n\t<\/div>\n\n\n<H2 class=\"c-title-level02 section-subtitle\">Design do vidro de privacidade<\/H2>\n\n<div class=\"c-layout-frame section-flame\">\n\t\t<div class=\"row align-items-center\">\n\t\t<div class=\"col-lg-6\">\n\t\t\t<div class=\"feature-img text-left\">\n\t\t\t\t\t\t\t\t<img decoding=\"async\" src=\"https:\/\/www.s-lecfilm.com\/wp-content\/uploads\/230717-Pivacy-glass-matrix-en-1024x598.webp\"  alt=\"Mapping of the privacy glass design with 4 types of grey PVB interlayers\">\n\t\t\t\t\t\t\t<\/div>\n\t\t<\/div>\n\t\t<div class=\"col-lg-6\">\n\t\t\t<div class=\"feature-cont\">\n\t\t\t\t<div class=\"acf-innerblocks-container\">\n\n<p>Existem v\u00e1rios tipos de vidro de privacidade no mundo. Dependendo do conceito e do design do ve\u00edculo, o vidro temperado laminado ou monol\u00edtico pode ser utilizado em combina\u00e7\u00e3o num ve\u00edculo. Por exemplo, uma janela lateral traseira pode utilizar um vidro laminado de privacidade com o tipo cinzento de S-LEC\u2122 Sound Acoustic Film, enquanto o vidro do quarto traseiro permanece um vidro temperado monol\u00edtico.<\/p>\n\n\n\n<p>A SEKISUI S-LEC oferece uma vasta gama de solu\u00e7\u00f5es em quatro gamas de cores cinzentas diferentes, as s\u00e9ries 70xx, 79xx, 80xx e 82xx, que podem ser combinadas com diferentes tipos e espessuras de vidro de diferentes fabricantes de vidro no vidro adjacente da porta traseira, no vidro do quarto traseiro e no vidro traseiro. Ao selecionar a cor cinzenta de privacidade mais adequada para combinar com o vidro, \u00e9 poss\u00edvel obter uma cor uniforme ao longo dos vidros da retaguarda do ve\u00edculo.<\/p>\n\n\n\n<p>Ao mesmo tempo que protege a privacidade, a baixa nebulosidade garante uma vis\u00e3o clara. A combina\u00e7\u00e3o da cor com uma fun\u00e7\u00e3o ac\u00fastica sonora pode melhorar drasticamente o isolamento ac\u00fastico para criar um espa\u00e7o interior silencioso e luxuoso.<\/p>\n\n\n<div class=\"c-button-type01 row justify-content-center\">\n\t<div class=\"col-lg-5 d-brochure-bg-btn is-inner-btn btn-size-medium\">\n\t\t<a href=\"\/pt-pt\/download\/ColP\/\" target=\"_blank\">\n\t\t\t<button type=\"button\" class=\"btn btn-primary\">Descarregar a brochura<\/button>\n\t\t<\/a>\n\t<\/div>\n<\/div>\n\n<\/div>\t\t\t<\/div>\n\t\t<\/div>\n\t<\/div>\n\t<\/div>\n\n\n<H2 class=\"c-title-level02 section-subtitle\">Cole\u00e7\u00e3o colorido Glass<\/H2>\n\n<div class=\"c-layout-frame section-flame\">\n\t\t<div class=\"row align-items-center\">\n\t\t<div class=\"col-lg-6 order-lg-1 order-0\">\n\t\t\t<div class=\"feature-img text-center\">\n\t\t\t\t\t\t\t\t<img decoding=\"async\" src=\"https:\/\/www.s-lecfilm.com\/wp-content\/uploads\/S-LEC_catalog_003-1-1024x796.webp\"  alt=\"Colour Glass Collection with dark colour variations\">\n\t\t\t\t\t\t\t<\/div>\n\t\t<\/div>\n\t\t<div class=\"col-lg-6 order-lg-0 order-1\">\n\t\t\t<div class=\"feature-cont\">\n\t\t\t\t<div class=\"acf-innerblocks-container\">\n\n<p>Na SEKISUI S-LEC, oferecemos uma vasta gama de varia\u00e7\u00f5es de cores de privacidade.<\/p>\n\n\n\n<p>Solicite a nossa cole\u00e7\u00e3o de vidros coloridos se pretender obter amostras f\u00edsicas com uma varia\u00e7\u00e3o da nossa privacidade diferente e explore as possibilidades e op\u00e7\u00f5es de envidra\u00e7amento de privacidade para autom\u00f3veis com a pel\u00edcula intercalar de PVB S-LEC\u2122 para designers e engenheiros.<\/p>\n\n\n<div class=\"c-button-type01 row justify-content-center\">\n\t<div class=\"col-lg-5 d-brochure-bg-btn is-inner-btn btn-size-medium\">\n\t\t<a href=\"\/pt-pt\/download\/Colour-Glass-Collection\/\" target=\"_blank\">\n\t\t\t<button type=\"button\" class=\"btn btn-primary\">Pedir cole\u00e7\u00e3o de vidro colorido <\/button>\n\t\t<\/a>\n\t<\/div>\n<\/div>\n\n<\/div>\t\t\t<\/div>\n\t\t<\/div>\n\t<\/div>\n\t<\/div>\n\n<\/div>\n\n<\/div>\n\n\n<div class=\"c-layout-frame section-flame\">\n\t\t<div class=\"row align-items-center\">\n\t\t<div class=\"col-lg-6 order-lg-1 order-0\">\n\t\t\t<div class=\"feature-img text-center\">\n\t\t\t\t\t\t\t<\/div>\n\t\t<\/div>\n\t\t<div class=\"col-lg-6 order-lg-0 order-1\">\n\t\t\t<div class=\"feature-cont\">\n\t\t\t\t<div class=\"acf-innerblocks-container\"><\/div>\t\t\t<\/div>\n\t\t<\/div>\n\t<\/div>\n\t<\/div>\n\n\n\n<div class=\"frame is-bg-img c-more-detail \">\n\t<div class=\"container\">\n\t\t<div class=\"row justify-content-center\">\n\t\t\t<div class=\"col-lg-10\">\n\t\t\t\t<div class=\"row\">\n\t\t\t\t\t<div class=\"col-lg-7 mb-5 mb-lg-0\">\n\t\t\t\t\t\t<div class=\"contact-footer-text\">\n\t\t\t\t\t\t\tGostaria de saber mais?\t\t\t\t\t\t<\/div>\n\t\t\t\t\t\t<div class=\"contact-footer-btn\">\n\t\t\t\t\t\t\t<a href=\"\/pt-pt\/download\/all\/\" target=\"_blank\">\n\t\t\t\t\t\t\t\t<button class=\"btn btn-primary fa-download-check\">\n\t\t\t\t\t\t\t\t\t\t\t\t\t\t\t\t\t\t\tDownloads\t\t\t\t\t\t\t\t\t\t\t\t\t\t\t\t\t<\/button>\n\t\t\t\t\t\t\t<\/a>\n\t\t\t\t\t\t\t<a href=\"\/pt-pt\/download\/Inquiry\/\" target=\"_blank\">\n\t\t\t\t\t\t\t\t<button class=\"btn btn-primary is-external-link\">\n\t\t\t\t\t\t\t\t\t\t\t\t\t\t\t\t\t\t\tContate-nos\t\t\t\t\t\t\t\t\t\t\t\t\t\t\t\t\t<\/button>\n\t\t\t\t\t\t\t<\/a>\n\t\t\t\t\t\t<\/div>\n\t\t\t\t\t<\/div>\n\t\t\t\t\t<div class=\"col-lg-5\">\n\t\t\t\t\t\t<div class=\"contact-footer-img\">\n\t\t\t\t\t\t\t\t\t\t\t\t\t\t<img decoding=\"async\" src=\"https:\/\/www.s-lecfilm.com\/wp-content\/uploads\/thankyou_hero-1-1-1024x576.webp\" alt=\"Those who want to know more about S-LEC\u2122 Film\">\n\t\t\t\t\t\t\t\t\t\t\t\t\t<\/div>\n\t\t\t\t\t<\/div>\n\t\t\t\t<\/div>\n\t\t\t<\/div>\n\t\t<\/div>\n\t<\/div>\n<\/div>\n","protected":false},"excerpt":{"rendered":"","protected":false},"author":14,"featured_media":0,"parent":17043,"menu_order":53,"comment_status":"closed","ping_status":"closed","template":"","meta":{"_acf_changed":false,"_oasis_is_in_workflow":0,"_oasis_original":0,"om_disable_all_campaigns":false,"inline_featured_image":false,"_monsterinsights_skip_tracking":false,"_monsterinsights_sitenote_active":false,"_monsterinsights_sitenote_note":"","_monsterinsights_sitenote_category":0,"footnotes":""},"page_category":[121],"class_list":["post-18041","page","type-page","status-publish","hentry"],"acf":[],"aioseo_notices":[],"aioseo_head":"\n\t\t<!-- All in One SEO Pro 4.6.2 - aioseo.com -->\n\t\t<meta name=\"description\" content=\"A SEKISUI S-LEC oferece uma vasta gama de solu\u00e7\u00f5es em quatro gamas diferentes de cinzento, permitindo uma cor uniforme ao longo dos vidros da traseira do ve\u00edculo.\" \/>\n\t\t<meta name=\"robots\" content=\"max-image-preview:large\" \/>\n\t\t<meta name=\"google-site-verification\" content=\"LGoHK3imcI57fEDyHDnPGNxrBKyRAWvyS1_pmekTNEU\" \/>\n\t\t<link rel=\"canonical\" href=\"https:\/\/www.s-lecfilm.com\/pt-pt\/news\/grey-privacy\/\" \/>\n\t\t<meta name=\"generator\" content=\"All in One SEO Pro (AIOSEO) 4.6.2\" \/>\n\t\t<meta property=\"og:locale\" content=\"pt_PT\" \/>\n\t\t<meta property=\"og:site_name\" content=\"SEKISUI S-LEC\" \/>\n\t\t<meta property=\"og:type\" content=\"article\" \/>\n\t\t<meta property=\"og:title\" content=\"Design de vidro de privacidade | PVB Interlayer\" \/>\n\t\t<meta property=\"og:description\" content=\"A SEKISUI S-LEC oferece uma vasta gama de solu\u00e7\u00f5es em quatro gamas diferentes de cinzento, permitindo uma cor uniforme ao longo dos vidros da traseira do ve\u00edculo.\" \/>\n\t\t<meta property=\"og:url\" content=\"https:\/\/www.s-lecfilm.com\/pt-pt\/news\/grey-privacy\/\" \/>\n\t\t<meta property=\"og:image\" content=\"https:\/\/www.s-lecfilm.com\/wp-content\/uploads\/201124_SLEC-MARKETING-DARK-0342.webp\" \/>\n\t\t<meta property=\"og:image:secure_url\" content=\"https:\/\/www.s-lecfilm.com\/wp-content\/uploads\/201124_SLEC-MARKETING-DARK-0342.webp\" \/>\n\t\t<meta property=\"og:image:width\" content=\"1920\" \/>\n\t\t<meta property=\"og:image:height\" content=\"1202\" \/>\n\t\t<meta property=\"article:published_time\" content=\"2023-10-05T06:47:07+00:00\" \/>\n\t\t<meta property=\"article:modified_time\" content=\"2024-03-21T07:58:20+00:00\" \/>\n\t\t<meta name=\"twitter:card\" content=\"summary_large_image\" \/>\n\t\t<meta name=\"twitter:title\" content=\"Design de vidro de privacidade | PVB Interlayer\" \/>\n\t\t<meta name=\"twitter:description\" content=\"A SEKISUI S-LEC oferece uma vasta gama de solu\u00e7\u00f5es em quatro gamas diferentes de cinzento, permitindo uma cor uniforme ao longo dos vidros da traseira do ve\u00edculo.\" \/>\n\t\t<meta name=\"twitter:image\" content=\"https:\/\/www.s-lecfilm.com\/wp-content\/uploads\/2023\/01\/Open-Graph-Image.png\" \/>\n\t\t<script type=\"application\/ld+json\" class=\"aioseo-schema\">\n\t\t\t{\"@context\":\"https:\\\/\\\/schema.org\",\"@graph\":[{\"@type\":\"BreadcrumbList\",\"@id\":\"https:\\\/\\\/www.s-lecfilm.com\\\/pt-pt\\\/news\\\/grey-privacy\\\/#breadcrumblist\",\"itemListElement\":[{\"@type\":\"ListItem\",\"@id\":\"https:\\\/\\\/www.s-lecfilm.com\\\/pt-pt\\\/#listItem\",\"position\":1,\"name\":\"In\\u00edcio\",\"item\":\"https:\\\/\\\/www.s-lecfilm.com\\\/pt-pt\\\/\",\"nextItem\":\"https:\\\/\\\/www.s-lecfilm.com\\\/pt-pt\\\/news\\\/#listItem\"},{\"@type\":\"ListItem\",\"@id\":\"https:\\\/\\\/www.s-lecfilm.com\\\/pt-pt\\\/news\\\/#listItem\",\"position\":2,\"name\":\"\\\/pt-pt\\\/news\\\/\",\"item\":\"https:\\\/\\\/www.s-lecfilm.com\\\/pt-pt\\\/news\\\/\",\"nextItem\":\"https:\\\/\\\/www.s-lecfilm.com\\\/pt-pt\\\/news\\\/grey-privacy\\\/#listItem\",\"previousItem\":\"https:\\\/\\\/www.s-lecfilm.com\\\/pt-pt\\\/#listItem\"},{\"@type\":\"ListItem\",\"@id\":\"https:\\\/\\\/www.s-lecfilm.com\\\/pt-pt\\\/news\\\/grey-privacy\\\/#listItem\",\"position\":3,\"name\":\"\\\/pt-pt\\\/news\\\/grey-privacy\\\/\",\"previousItem\":\"https:\\\/\\\/www.s-lecfilm.com\\\/pt-pt\\\/news\\\/#listItem\"}]},{\"@type\":\"Organization\",\"@id\":\"https:\\\/\\\/www.s-lecfilm.com\\\/pt-pt\\\/#organization\",\"name\":\"s-lecfilm\",\"url\":\"https:\\\/\\\/www.s-lecfilm.com\\\/pt-pt\\\/\"},{\"@type\":\"WebPage\",\"@id\":\"https:\\\/\\\/www.s-lecfilm.com\\\/pt-pt\\\/news\\\/grey-privacy\\\/#webpage\",\"url\":\"https:\\\/\\\/www.s-lecfilm.com\\\/pt-pt\\\/news\\\/grey-privacy\\\/\",\"name\":\"Design de vidro de privacidade | PVB Interlayer\",\"description\":\"A SEKISUI S-LEC oferece uma vasta gama de solu\\u00e7\\u00f5es em quatro gamas diferentes de cinzento, permitindo uma cor uniforme ao longo dos vidros da traseira do ve\\u00edculo.\",\"inLanguage\":\"pt-PT\",\"isPartOf\":{\"@id\":\"https:\\\/\\\/www.s-lecfilm.com\\\/pt-pt\\\/#website\"},\"breadcrumb\":{\"@id\":\"https:\\\/\\\/www.s-lecfilm.com\\\/pt-pt\\\/news\\\/grey-privacy\\\/#breadcrumblist\"},\"datePublished\":\"2023-10-05T15:47:07+09:00\",\"dateModified\":\"2024-03-21T16:58:20+09:00\"},{\"@type\":\"WebSite\",\"@id\":\"https:\\\/\\\/www.s-lecfilm.com\\\/pt-pt\\\/#website\",\"url\":\"https:\\\/\\\/www.s-lecfilm.com\\\/pt-pt\\\/\",\"name\":\"s-lecfilm\",\"inLanguage\":\"pt-PT\",\"publisher\":{\"@id\":\"https:\\\/\\\/www.s-lecfilm.com\\\/pt-pt\\\/#organization\"}}]}\n\t\t<\/script>\n\t\t<!-- All in One SEO Pro -->\r\n\t\t<title>Design de vidro de privacidade | PVB Interlayer<\/title>\n\n","aioseo_head_json":{"title":"Design de vidro de privacidade | PVB Interlayer","description":"A SEKISUI S-LEC oferece uma vasta gama de solu\u00e7\u00f5es em quatro gamas diferentes de cinzento, permitindo uma cor uniforme ao longo dos vidros da traseira do ve\u00edculo.","canonical_url":"https:\/\/www.s-lecfilm.com\/pt-pt\/news\/grey-privacy\/","robots":"max-image-preview:large","keywords":"","webmasterTools":{"google-site-verification":"LGoHK3imcI57fEDyHDnPGNxrBKyRAWvyS1_pmekTNEU","miscellaneous":""},"og:locale":"pt_PT","og:site_name":"SEKISUI S-LEC","og:type":"article","og:title":"Design de vidro de privacidade | PVB Interlayer","og:description":"A SEKISUI S-LEC oferece uma vasta gama de solu\u00e7\u00f5es em quatro gamas diferentes de cinzento, permitindo uma cor uniforme ao longo dos vidros da traseira do ve\u00edculo.","og:url":"https:\/\/www.s-lecfilm.com\/pt-pt\/news\/grey-privacy\/","og:image":"https:\/\/www.s-lecfilm.com\/wp-content\/uploads\/201124_SLEC-MARKETING-DARK-0342.webp","og:image:secure_url":"https:\/\/www.s-lecfilm.com\/wp-content\/uploads\/201124_SLEC-MARKETING-DARK-0342.webp","og:image:width":1920,"og:image:height":1202,"article:published_time":"2023-10-05T06:47:07+00:00","article:modified_time":"2024-03-21T07:58:20+00:00","twitter:card":"summary_large_image","twitter:title":"Design de vidro de privacidade | PVB Interlayer","twitter:description":"A SEKISUI S-LEC oferece uma vasta gama de solu\u00e7\u00f5es em quatro gamas diferentes de cinzento, permitindo uma cor uniforme ao longo dos vidros da traseira do ve\u00edculo.","twitter:image":"https:\/\/www.s-lecfilm.com\/wp-content\/uploads\/2023\/01\/Open-Graph-Image.png","schema":{"@context":"https:\/\/schema.org","@graph":[{"@type":"BreadcrumbList","@id":"https:\/\/www.s-lecfilm.com\/pt-pt\/news\/grey-privacy\/#breadcrumblist","itemListElement":[{"@type":"ListItem","@id":"https:\/\/www.s-lecfilm.com\/pt-pt\/#listItem","position":1,"name":"In\u00edcio","item":"https:\/\/www.s-lecfilm.com\/pt-pt\/","nextItem":"https:\/\/www.s-lecfilm.com\/pt-pt\/news\/#listItem"},{"@type":"ListItem","@id":"https:\/\/www.s-lecfilm.com\/pt-pt\/news\/#listItem","position":2,"name":"\/pt-pt\/news\/","item":"https:\/\/www.s-lecfilm.com\/pt-pt\/news\/","nextItem":"https:\/\/www.s-lecfilm.com\/pt-pt\/news\/grey-privacy\/#listItem","previousItem":"https:\/\/www.s-lecfilm.com\/pt-pt\/#listItem"},{"@type":"ListItem","@id":"https:\/\/www.s-lecfilm.com\/pt-pt\/news\/grey-privacy\/#listItem","position":3,"name":"\/pt-pt\/news\/grey-privacy\/","previousItem":"https:\/\/www.s-lecfilm.com\/pt-pt\/news\/#listItem"}]},{"@type":"Organization","@id":"https:\/\/www.s-lecfilm.com\/pt-pt\/#organization","name":"s-lecfilm","url":"https:\/\/www.s-lecfilm.com\/pt-pt\/"},{"@type":"WebPage","@id":"https:\/\/www.s-lecfilm.com\/pt-pt\/news\/grey-privacy\/#webpage","url":"https:\/\/www.s-lecfilm.com\/pt-pt\/news\/grey-privacy\/","name":"Design de vidro de privacidade | PVB Interlayer","description":"A SEKISUI S-LEC oferece uma vasta gama de solu\u00e7\u00f5es em quatro gamas diferentes de cinzento, permitindo uma cor uniforme ao longo dos vidros da traseira do ve\u00edculo.","inLanguage":"pt-PT","isPartOf":{"@id":"https:\/\/www.s-lecfilm.com\/pt-pt\/#website"},"breadcrumb":{"@id":"https:\/\/www.s-lecfilm.com\/pt-pt\/news\/grey-privacy\/#breadcrumblist"},"datePublished":"2023-10-05T15:47:07+09:00","dateModified":"2024-03-21T16:58:20+09:00"},{"@type":"WebSite","@id":"https:\/\/www.s-lecfilm.com\/pt-pt\/#website","url":"https:\/\/www.s-lecfilm.com\/pt-pt\/","name":"s-lecfilm","inLanguage":"pt-PT","publisher":{"@id":"https:\/\/www.s-lecfilm.com\/pt-pt\/#organization"}}]}},"aioseo_meta_data":{"post_id":"18041","title":"Design de vidro de privacidade | PVB Interlayer","description":"A SEKISUI S-LEC oferece uma vasta gama de solu\u00e7\u00f5es em quatro gamas diferentes de cinzento, permitindo uma cor uniforme ao longo dos vidros da traseira do ve\u00edculo.","keywords":[],"keyphrases":"{\"focus\":{\"keyphrase\":\"\",\"score\":0,\"analysis\":{\"keyphraseInTitle\":{\"score\":0,\"maxScore\":9,\"error\":1}}},\"additional\":[]}","primary_term":null,"canonical_url":null,"og_title":null,"og_description":null,"og_object_type":"default","og_image_type":"custom_image","og_image_url":"https:\/\/www.s-lecfilm.com\/wp-content\/uploads\/201124_SLEC-MARKETING-DARK-0342.webp","og_image_width":"1920","og_image_height":"1202","og_image_custom_url":"https:\/\/www.s-lecfilm.com\/wp-content\/uploads\/201124_SLEC-MARKETING-DARK-0342.webp","og_image_custom_fields":null,"og_video":"","og_custom_url":null,"og_article_section":null,"og_article_tags":[],"twitter_use_og":false,"twitter_card":"default","twitter_image_type":"default","twitter_image_url":null,"twitter_image_custom_url":null,"twitter_image_custom_fields":null,"twitter_title":null,"twitter_description":null,"schema":{"blockGraphs":[],"customGraphs":[],"default":{"data":{"Article":[],"Course":[],"Dataset":[],"FAQPage":[],"Movie":[],"Person":[],"Product":[],"Recipe":[],"Service":[],"SoftwareApplication":[],"WebPage":[]},"graphName":"WebPage","isEnabled":true},"graphs":[]},"schema_type":"default","schema_type_options":null,"pillar_content":false,"robots_default":true,"robots_noindex":false,"robots_noarchive":false,"robots_nosnippet":false,"robots_nofollow":false,"robots_noimageindex":false,"robots_noodp":false,"robots_notranslate":false,"robots_max_snippet":"-1","robots_max_videopreview":"-1","robots_max_imagepreview":"large","priority":null,"frequency":"default","local_seo":null,"limit_modified_date":false,"reviewed_by":null,"open_ai":{"title":{"suggestions":[],"usage":0},"description":{"suggestions":[],"usage":0}},"created":"2024-03-08 00:02:43","updated":"2024-03-21 07:58:23"},"aioseo_breadcrumb":"<div class=\"aioseo-breadcrumbs\"><span class=\"aioseo-breadcrumb\">\n\t<a href=\"https:\/\/www.s-lecfilm.com\/pt-pt\/\" title=\"\u30db\u30fc\u30e0\">\u30db\u30fc\u30e0<\/a>\n<\/span><span class=\"aioseo-breadcrumb-separator\">&raquo;<\/span><span class=\"aioseo-breadcrumb\">\n\t<a href=\"https:\/\/www.s-lecfilm.com\/pt-pt\/news\/\" title=\"Privado: \/pt-pt\/news\/\">Privado: \/pt-pt\/news\/<\/a>\n<\/span><span class=\"aioseo-breadcrumb-separator\">&raquo;<\/span><span class=\"aioseo-breadcrumb\">\n\t\/pt-pt\/news\/grey-privacy\/\n<\/span><\/div>","aioseo_breadcrumb_json":[{"label":"\u30db\u30fc\u30e0","link":"https:\/\/www.s-lecfilm.com\/pt-pt\/"},{"label":"Privado: \/pt-pt\/news\/","link":"https:\/\/www.s-lecfilm.com\/pt-pt\/news\/"},{"label":"\/pt-pt\/news\/grey-privacy\/","link":"https:\/\/www.s-lecfilm.com\/pt-pt\/news\/grey-privacy\/"}],"_links":{"self":[{"href":"https:\/\/www.s-lecfilm.com\/pt-pt\/wp-json\/wp\/v2\/pages\/18041"}],"collection":[{"href":"https:\/\/www.s-lecfilm.com\/pt-pt\/wp-json\/wp\/v2\/pages"}],"about":[{"href":"https:\/\/www.s-lecfilm.com\/pt-pt\/wp-json\/wp\/v2\/types\/page"}],"author":[{"embeddable":true,"href":"https:\/\/www.s-lecfilm.com\/pt-pt\/wp-json\/wp\/v2\/users\/14"}],"replies":[{"embeddable":true,"href":"https:\/\/www.s-lecfilm.com\/pt-pt\/wp-json\/wp\/v2\/comments?post=18041"}],"version-history":[{"count":6,"href":"https:\/\/www.s-lecfilm.com\/pt-pt\/wp-json\/wp\/v2\/pages\/18041\/revisions"}],"predecessor-version":[{"id":19550,"href":"https:\/\/www.s-lecfilm.com\/pt-pt\/wp-json\/wp\/v2\/pages\/18041\/revisions\/19550"}],"up":[{"embeddable":true,"href":"https:\/\/www.s-lecfilm.com\/pt-pt\/wp-json\/wp\/v2\/pages\/17043"}],"wp:attachment":[{"href":"https:\/\/www.s-lecfilm.com\/pt-pt\/wp-json\/wp\/v2\/media?parent=18041"}],"wp:term":[{"taxonomy":"page_category","embeddable":true,"href":"https:\/\/www.s-lecfilm.com\/pt-pt\/wp-json\/wp\/v2\/page_category?post=18041"}],"curies":[{"name":"wp","href":"https:\/\/api.w.org\/{rel}","templated":true}]}}