{"id":17837,"date":"2023-11-24T10:55:39","date_gmt":"2023-11-24T01:55:39","guid":{"rendered":"https:\/\/www.s-lecfilm.com\/en-news\/en-news-roof-acoustic\/"},"modified":"2024-06-07T07:33:17","modified_gmt":"2024-06-06T22:33:17","slug":"en-news-roof-acoustic","status":"publish","type":"page","link":"https:\/\/www.s-lecfilm.com\/pt-pt\/news\/roof-acoustic\/","title":{"rendered":"\/pt-pt\/news\/roof-acoustic\/"},"content":{"rendered":"<div class=\"frame pt-0\" style=\"clear: both;\">\n\t<div class=\"hero-flame\" style=\"height:62vh;margin:0;\">\n\t\t<div class=\"hero-flame-bg\">\n\t\t\t<img loading=\"lazy\" decoding=\"async\" class=\"hero-flame-bg-img\" src=\"https:\/\/www.s-lecfilm.com\/wp-content\/uploads\/Hero_roof-acoustic.webp\" width=\"1920\" height=\"1080\" alt=\"A woman examining the noise reduction of Acoustic Panoramic Roof Glass\" style=\"object-position:50% 0%;\">\n\t\t<\/div>\n\t\t<div class=\"hero-flame-content\">\n\t\t\t\t\t\t\t<div class=\"hero-text\">\n\t\t\t\t\t<div class=\"hero-text-title\">\n\t\t\t\t\t\tSom Ac\u00fastico<br>para vidro de teto panor\u00e2mico\t\t\t\t\t<\/div>\n\t\t\t\t\t\t\t\t\t<\/div>\n\t\t\t\t<\/div>\n\t<\/div>\n<\/div>\n\n<div class=\"frame pt-0 pb-0\">\n\t\n<div class=\"container pb-0 mb-0\">\n\t\n<H1 class=\"c-title-level02 section-subtitle\">Desempenho ac\u00fastico exigido para o vidro de teto<\/H1>\n\n<div class=\"c-layout-frame section-flame\">\n\t\t<div class=\"row align-items-center\">\n\t\t<div class=\"col-lg-6\">\n\t\t\t<div class=\"feature-img text-center\">\n\t\t\t\t\t\t\t\t<img decoding=\"async\" src=\"https:\/\/www.s-lecfilm.com\/wp-content\/uploads\/210331_SLEC_Pamphlet-flatten_2_90-1024x666.webp\"  alt=\"A black car adopting S-LEC\u2122 Design Films, capable of various solutions\">\n\t\t\t\t\t\t\t<\/div>\n\t\t<\/div>\n\t\t<div class=\"col-lg-6\">\n\t\t\t<div class=\"feature-cont\">\n\t\t\t\t<div class=\"acf-innerblocks-container\">\n\n<p>A popularidade dos ve\u00edculos el\u00e9ctricos, VEs, est\u00e1 a crescer devido \u00e0 alta tecnologia e ao conhecimento que estes ve\u00edculos t\u00eam e ao facto de pouparem energia e protegerem o planeta. Al\u00e9m disso, os ve\u00edculos el\u00e9ctricos est\u00e3o equipados com vidros panor\u00e2micos no teto, que t\u00eam uma \u00e1rea de vidro maior. Como os VEs t\u00eam baterias debaixo dos bancos, os bancos est\u00e3o posicionados mais alto do que nos ve\u00edculos com motor, e a tend\u00eancia \u00e9 remover os p\u00e1ra-s\u00f3is para proporcionar espa\u00e7o para a cabe\u00e7a dos passageiros.<\/p>\n\n\n\n<p>Os vidros do tejadilho maiores e a remo\u00e7\u00e3o dos guarda-s\u00f3is permitem que mais luz solar entre no ve\u00edculo e criam um espa\u00e7o aberto. Por outro lado, \u00e9 necess\u00e1rio que o vidro do teto tenha uma fun\u00e7\u00e3o ac\u00fastica sonora devido ao aumento do ru\u00eddo exterior que entra pelo vidro.<\/p>\n\n\n\n<p>A SEKISUI S-LEC verificou a necessidade de desempenho ac\u00fastico sonoro no vidro do tejadilho e a efic\u00e1cia da S-LEC\u2122 Sound Acoustic Film atrav\u00e9s de testes em ve\u00edculos reais.<\/p>\n\n<\/div>\t\t\t<\/div>\n\t\t<\/div>\n\t<\/div>\n\t<\/div>\n\n\n<H2 class=\"c-title-level02 section-subtitle\">Ensaios de condu\u00e7\u00e3o com o teto de abrir e fechar<\/H2>\n\n<div class=\"c-layout-frame section-flame\">\n\t\t<div class=\"row align-items-center\">\n\t\t<div class=\"col-lg-6 order-lg-1 order-0\">\n\t\t\t<div class=\"feature-img text-left\">\n\t\t\t\t\t\t\t\t<img decoding=\"async\" src=\"https:\/\/www.s-lecfilm.com\/wp-content\/uploads\/shutterstock_2036020670-1-1024x697.webp\"  alt=\"Driving test by sunroof opening and closing conducted by a model equipped with a sunshade\">\n\t\t\t\t\t\t\t<\/div>\n\t\t<\/div>\n\t\t<div class=\"col-lg-6 order-lg-0 order-1\">\n\t\t\t<div class=\"feature-cont\">\n\t\t\t\t<div class=\"acf-innerblocks-container\">\n\n<p>O vidro do teto tem de ter um desempenho de isolamento ac\u00fastico?<\/p>\n\n\n\n<p>Para responder a esta quest\u00e3o, realiz\u00e1mos um teste de condu\u00e7\u00e3o com um modelo equipado com um para-sol.<\/p>\n\n\n\n<p>Instal\u00e1mos uma cabe\u00e7a de boneco no banco do passageiro da frente. Medimos a press\u00e3o sonora percorrendo uma dist\u00e2ncia fixa a 140 km\/h com o para-sol aberto e fechado, respetivamente. Foi encontrada uma diferen\u00e7a de press\u00e3o sonora de at\u00e9 4 dB quando o para-sol estava aberto em compara\u00e7\u00e3o com quando estava fechado. Este resultado prova que abrir ou retirar o para-sol permite a entrada de mais ru\u00eddo no ve\u00edculo.<\/p>\n\n\n\n<p>Com a crescente popularidade dos ve\u00edculos com vidros panor\u00e2micos no teto, h\u00e1 necessidade de uma maior ac\u00fastica sonora nos vidros do teto.<\/p>\n\n<\/div>\t\t\t<\/div>\n\t\t<\/div>\n\t<\/div>\n\t<\/div>\n\n\n<H2 class=\"c-title-level02 section-subtitle\">Ensaio em t\u00fanel de vento  <\/H2>\n\n<div class=\"c-layout-frame section-flame\">\n\t\t<div class=\"row align-items-center\">\n\t\t<div class=\"col-lg-6\">\n\t\t\t<div class=\"feature-img text-left\">\n\t\t\t\t\t\t\t\t<img decoding=\"async\" src=\"https:\/\/www.s-lecfilm.com\/wp-content\/uploads\/P1-Updated-Wind-Tunnel-1-1024x463-1-1024x463.webp\"  alt=\"Wind tunnel test using paranomic rooflite with S-LEC\u2122 Sound Acoustic Film\">\n\t\t\t\t\t\t\t<\/div>\n\t\t<\/div>\n\t\t<div class=\"col-lg-6\">\n\t\t\t<div class=\"feature-cont\">\n\t\t\t\t<div class=\"acf-innerblocks-container\">\n\n<p>Utilizando um SUV EV com aproximadamente 2 metros quadrados de vidro de tejadilho, realiz\u00e1mos um teste em t\u00fanel de vento a 140 km\/h no mesmo ve\u00edculo com um vidro de tejadilho laminado padr\u00e3o e um vidro de tejadilho ac\u00fastico com a S-LEC\u2122 Sound Acoustic Film.<\/p>\n\n\n\n<p>Instal\u00e1mos cabe\u00e7as de manequim em quatro lugares dos bancos da frente e de tr\u00e1s e medimos a press\u00e3o sonora nas posi\u00e7\u00f5es dos ouvidos. O resultado mostra uma melhoria de at\u00e9 <strong>3,2dB<\/strong>, particularmente significativa em posi\u00e7\u00f5es de ouvido mais pr\u00f3ximas do centro do carro. Al\u00e9m disso, foi tamb\u00e9m observada uma melhoria significativa nos bancos traseiros e nos bancos dianteiros. Quando a press\u00e3o sonora \u00e9 convertida em \u00cdndice de Articula\u00e7\u00e3o, \u00e9 equivalente a <strong>3,7%<\/strong>, contribuindo para uma melhoria do sil\u00eancio geral do interior do autom\u00f3vel.<\/p>\n\n\n\n<p>Estes resultados provam que o vidro do tejadilho com a S-LEC\u2122 Sound Acoustic Film melhora significativamente o conforto do interior.<\/p>\n\n<\/div>\t\t\t<\/div>\n\t\t<\/div>\n\t<\/div>\n\t<\/div>\n\n\n<H2 class=\"c-title-level02 section-subtitle\">Teste da gota de chuva<\/H2>\n\n<div class=\"c-layout-frame section-flame\">\n\t\t<div class=\"row align-items-center\">\n\t\t<div class=\"col-lg-6 order-lg-1 order-0\">\n\t\t\t<div class=\"feature-img text-center\">\n\t\t\t\t\t\t\t\t<img decoding=\"async\" src=\"https:\/\/www.s-lecfilm.com\/wp-content\/uploads\/roof-auto_03-1-1024x681.webp\"  alt=\"A man who talks in a car with sound acoustic glass in a rain\">\n\t\t\t\t\t\t\t<\/div>\n\t\t<\/div>\n\t\t<div class=\"col-lg-6 order-lg-0 order-1\">\n\t\t\t<div class=\"feature-cont\">\n\t\t\t\t<div class=\"acf-innerblocks-container\">\n\n<p>Efectu\u00e1mos testes laboratoriais com vidro laminado normal e vidro laminado ac\u00fastico com S-LEC\u2122 Sound Acoustic Film para avaliar o efeito no ru\u00eddo da chuva.<\/p>\n\n\n\n<p>Foi colocado um microfone a 35 cm do vidro, assumindo uma dist\u00e2ncia do vidro do tejadilho ao ouvido. Medimos as press\u00f5es sonoras para cada tipo de vidro laminado sob uma queda de chuva de 40 mm\/h. Como resultado, confirm\u00e1mos que o vidro ac\u00fastico melhorou o desempenho ac\u00fastico do som at\u00e9 5,9 dB em compara\u00e7\u00e3o com o vidro normal.<\/p>\n\n\n\n<p>O resultado mostra que o vidro laminado que utiliza a S-LEC\u2122 Sound Acoustic Film \u00e9 altamente eficaz na prote\u00e7\u00e3o ac\u00fastica contra o ru\u00eddo da chuva e contribui para um habit\u00e1culo mais silencioso.<\/p>\n\n<\/div>\t\t\t<\/div>\n\t\t<\/div>\n\t<\/div>\n\t<\/div>\n\n\n<H2 class=\"c-title-level02 section-subtitle\">Desempenho ac\u00fastico comprovado<\/H2>\n\n<div class=\"c-layout-frame section-flame\">\n\t\t<div class=\"row align-items-center\">\n\t\t<div class=\"col-lg-6\">\n\t\t\t<div class=\"feature-img text-center\">\n\t\t\t\t\t\t\t\t<img decoding=\"async\" src=\"https:\/\/www.s-lecfilm.com\/wp-content\/uploads\/shutterstock_2076774124-1024x576-1-1-1-1024x576.webp\" style=\"width:%;\" alt=\"Glass development support from project design and proposes optimal solutions\">\n\t\t\t\t\t\t\t<\/div>\n\t\t<\/div>\n\t\t<div class=\"col-lg-6\">\n\t\t\t<div class=\"feature-cont\">\n\t\t\t\t<div class=\"acf-innerblocks-container\">\n\n<p>A partir destes testes em ve\u00edculos e em laborat\u00f3rio, a SEKISUI S-LEC confirmou a necessidade de um desempenho ac\u00fastico sonoro no vidro do tejadilho e a efic\u00e1cia da S-LEC\u2122 Sound Acoustic Film.<\/p>\n\n\n\n<p>Para mais informa\u00e7\u00f5es sobre os m\u00e9todos e resultados da avalia\u00e7\u00e3o ou quaisquer quest\u00f5es sobre a S-LEC\u2122 Sound Acoustic Film, n\u00e3o hesite em contactar-nos.<\/p>\n\n\n<div class=\"c-button-type01 row justify-content-center\">\n\t<div class=\"col-lg-5 d-brochure-bg-btn is-inner-btn btn-size-medium\">\n\t\t<a href=\"\/pt-pt\/download\/Inquiry\/\" target=\"_blank\">\n\t\t\t<button type=\"button\" class=\"btn btn-primary\">Para mais informa\u00e7\u00f5es, contactar<\/button>\n\t\t<\/a>\n\t<\/div>\n<\/div>\n\n<\/div>\t\t\t<\/div>\n\t\t<\/div>\n\t<\/div>\n\t<\/div>\n\n\n<H2 id=\"automotive-brochure\" class=\"c-title-level02 section-subtitle\">Solu\u00e7\u00f5es para vidros panor\u00e2micos de teto<\/H2>\n\n<div class=\"c-layout-frame section-flame\">\n\t\t<div class=\"row align-items-center\">\n\t\t<div class=\"col-lg-6 order-lg-1 order-0\">\n\t\t\t<div class=\"feature-img text-center\">\n\t\t\t\t\t\t\t\t<img decoding=\"async\" src=\"https:\/\/www.s-lecfilm.com\/wp-content\/uploads\/solar-auto_09-1-1-1024x576.webp\"  alt=\"Panoramic roof glass that provides parts reduction and design improvement\">\n\t\t\t\t\t\t\t<\/div>\n\t\t<\/div>\n\t\t<div class=\"col-lg-6 order-lg-0 order-1\">\n\t\t\t<div class=\"feature-cont\">\n\t\t\t\t<div class=\"acf-innerblocks-container\">\n\n<p>O vidro laminado de PVB interlayer da SEKISUI S-LEC, S-LEC\u2122 Film, oferece uma vasta gama de solu\u00e7\u00f5es para as necessidades de vidro panor\u00e2mico de teto, n\u00e3o se limitando \u00e0s fun\u00e7\u00f5es ac\u00fasticas sonoras.<\/p>\n\n\n\n<p>O ajuste da transmit\u00e2ncia proporciona uma sensa\u00e7\u00e3o de abertura e controlo da luz solar. Contribui igualmente para a seguran\u00e7a do vidro do tejadilho, evitando a sua quebra em caso de quebra do vidro. S-LEC\u2122 Film corta mais de 99% dos raios UV, protegendo a pele dos passageiros em ve\u00edculos sem guarda-s\u00f3is. Pode ser combinado com o desempenho do controlo solar, cortando eficazmente os raios infravermelhos como fonte de calor, proporcionando um conforto adicional.<\/p>\n\n\n\n<p>Pode descarregar aqui mais informa\u00e7\u00f5es sobre a vasta gama de linhas e dados t\u00e9cnicos.<\/p>\n\n\n<div class=\"c-button-type01 row justify-content-center\">\n\t<div class=\"col-lg-5 d-brochure-bg-btn is-inner-btn btn-size-medium\">\n\t\t<a href=\"\/pt-pt\/download\/RoofP\/\" target=\"_blank\">\n\t\t\t<button type=\"button\" class=\"btn btn-primary\">Descarregar a brochura<\/button>\n\t\t<\/a>\n\t<\/div>\n<\/div>\n\n<\/div>\t\t\t<\/div>\n\t\t<\/div>\n\t<\/div>\n\t<\/div>\n\n<\/div>\n\n<\/div>\n\n\n\n<div class=\"frame is-bg-img c-more-detail \">\n\t<div class=\"container\">\n\t\t<div class=\"row justify-content-center\">\n\t\t\t<div class=\"col-lg-10\">\n\t\t\t\t<div class=\"row\">\n\t\t\t\t\t<div class=\"col-lg-7 mb-5 mb-lg-0\">\n\t\t\t\t\t\t<div class=\"contact-footer-text\">\n\t\t\t\t\t\t\tGostaria de saber mais?\t\t\t\t\t\t<\/div>\n\t\t\t\t\t\t<div class=\"contact-footer-btn\">\n\t\t\t\t\t\t\t<a href=\"\/pt-pt\/download\/all\/\" target=\"_blank\">\n\t\t\t\t\t\t\t\t<button class=\"btn btn-primary fa-download-check\">\n\t\t\t\t\t\t\t\t\t\t\t\t\t\t\t\t\t\t\tDownloads\t\t\t\t\t\t\t\t\t\t\t\t\t\t\t\t\t<\/button>\n\t\t\t\t\t\t\t<\/a>\n\t\t\t\t\t\t\t<a href=\"\/pt-pt\/download\/Inquiry\/\" target=\"_blank\">\n\t\t\t\t\t\t\t\t<button class=\"btn btn-primary is-external-link\">\n\t\t\t\t\t\t\t\t\t\t\t\t\t\t\t\t\t\t\tContate-nos\t\t\t\t\t\t\t\t\t\t\t\t\t\t\t\t\t<\/button>\n\t\t\t\t\t\t\t<\/a>\n\t\t\t\t\t\t<\/div>\n\t\t\t\t\t<\/div>\n\t\t\t\t\t<div class=\"col-lg-5\">\n\t\t\t\t\t\t<div class=\"contact-footer-img\">\n\t\t\t\t\t\t\t\t\t\t\t\t\t\t<img decoding=\"async\" src=\"https:\/\/www.s-lecfilm.com\/wp-content\/uploads\/thankyou_hero-1-1-1024x576.webp\" alt=\"Those who want to know more about S-LEC\u2122 Film\">\n\t\t\t\t\t\t\t\t\t\t\t\t\t<\/div>\n\t\t\t\t\t<\/div>\n\t\t\t\t<\/div>\n\t\t\t<\/div>\n\t\t<\/div>\n\t<\/div>\n<\/div>\n","protected":false},"excerpt":{"rendered":"","protected":false},"author":14,"featured_media":0,"parent":17043,"menu_order":84,"comment_status":"closed","ping_status":"closed","template":"","meta":{"_acf_changed":false,"_oasis_is_in_workflow":0,"_oasis_original":0,"om_disable_all_campaigns":false,"inline_featured_image":false,"_monsterinsights_skip_tracking":false,"_monsterinsights_sitenote_active":false,"_monsterinsights_sitenote_note":"","_monsterinsights_sitenote_category":0,"footnotes":""},"page_category":[121],"class_list":["post-17837","page","type-page","status-publish","hentry"],"acf":[],"aioseo_notices":[],"aioseo_head":"\n\t\t<!-- All in One SEO Pro 4.6.2 - aioseo.com -->\n\t\t<meta name=\"description\" content=\"O vidro panor\u00e2mico do tejadilho com S-LEC\u2122 Sound Acoustic Film comprova a melhoria de 3,2 dB nos testes de ve\u00edculos em t\u00fanel de vento.\" \/>\n\t\t<meta name=\"robots\" content=\"max-image-preview:large\" \/>\n\t\t<meta name=\"google-site-verification\" content=\"LGoHK3imcI57fEDyHDnPGNxrBKyRAWvyS1_pmekTNEU\" \/>\n\t\t<link rel=\"canonical\" href=\"https:\/\/www.s-lecfilm.com\/pt-pt\/news\/roof-acoustic\/\" \/>\n\t\t<meta name=\"generator\" content=\"All in One SEO Pro (AIOSEO) 4.6.2\" \/>\n\t\t<meta property=\"og:locale\" content=\"pt_PT\" \/>\n\t\t<meta property=\"og:site_name\" content=\"SEKISUI S-LEC\" \/>\n\t\t<meta property=\"og:type\" content=\"article\" \/>\n\t\t<meta property=\"og:title\" content=\"Ac\u00fastica ac\u00fastica para teto panor\u00e2mico | SEKISUI S-LEC\" \/>\n\t\t<meta property=\"og:description\" content=\"O vidro panor\u00e2mico do tejadilho com S-LEC\u2122 Sound Acoustic Film comprova a melhoria de 3,2 dB nos testes de ve\u00edculos em t\u00fanel de vento.\" \/>\n\t\t<meta property=\"og:url\" content=\"https:\/\/www.s-lecfilm.com\/pt-pt\/news\/roof-acoustic\/\" \/>\n\t\t<meta property=\"og:image\" content=\"https:\/\/www.s-lecfilm.com\/wp-content\/uploads\/shutterstock_2237149545-1.webp\" \/>\n\t\t<meta property=\"og:image:secure_url\" content=\"https:\/\/www.s-lecfilm.com\/wp-content\/uploads\/shutterstock_2237149545-1.webp\" \/>\n\t\t<meta property=\"og:image:width\" content=\"1920\" \/>\n\t\t<meta property=\"og:image:height\" content=\"1080\" \/>\n\t\t<meta property=\"article:published_time\" content=\"2023-11-24T01:55:39+00:00\" \/>\n\t\t<meta property=\"article:modified_time\" content=\"2024-06-06T22:33:17+00:00\" \/>\n\t\t<meta name=\"twitter:card\" content=\"summary_large_image\" \/>\n\t\t<meta name=\"twitter:title\" content=\"Ac\u00fastica ac\u00fastica para teto panor\u00e2mico | SEKISUI S-LEC\" \/>\n\t\t<meta name=\"twitter:description\" content=\"O vidro panor\u00e2mico do tejadilho com S-LEC\u2122 Sound Acoustic Film comprova a melhoria de 3,2 dB nos testes de ve\u00edculos em t\u00fanel de vento.\" \/>\n\t\t<meta name=\"twitter:image\" content=\"https:\/\/www.s-lecfilm.com\/wp-content\/uploads\/2023\/01\/Open-Graph-Image.png\" \/>\n\t\t<script type=\"application\/ld+json\" class=\"aioseo-schema\">\n\t\t\t{\"@context\":\"https:\\\/\\\/schema.org\",\"@graph\":[{\"@type\":\"BreadcrumbList\",\"@id\":\"https:\\\/\\\/www.s-lecfilm.com\\\/pt-pt\\\/news\\\/roof-acoustic\\\/#breadcrumblist\",\"itemListElement\":[{\"@type\":\"ListItem\",\"@id\":\"https:\\\/\\\/www.s-lecfilm.com\\\/pt-pt\\\/#listItem\",\"position\":1,\"name\":\"In\\u00edcio\",\"item\":\"https:\\\/\\\/www.s-lecfilm.com\\\/pt-pt\\\/\",\"nextItem\":\"https:\\\/\\\/www.s-lecfilm.com\\\/pt-pt\\\/news\\\/#listItem\"},{\"@type\":\"ListItem\",\"@id\":\"https:\\\/\\\/www.s-lecfilm.com\\\/pt-pt\\\/news\\\/#listItem\",\"position\":2,\"name\":\"\\\/pt-pt\\\/news\\\/\",\"item\":\"https:\\\/\\\/www.s-lecfilm.com\\\/pt-pt\\\/news\\\/\",\"nextItem\":\"https:\\\/\\\/www.s-lecfilm.com\\\/pt-pt\\\/news\\\/roof-acoustic\\\/#listItem\",\"previousItem\":\"https:\\\/\\\/www.s-lecfilm.com\\\/pt-pt\\\/#listItem\"},{\"@type\":\"ListItem\",\"@id\":\"https:\\\/\\\/www.s-lecfilm.com\\\/pt-pt\\\/news\\\/roof-acoustic\\\/#listItem\",\"position\":3,\"name\":\"\\\/pt-pt\\\/news\\\/roof-acoustic\\\/\",\"previousItem\":\"https:\\\/\\\/www.s-lecfilm.com\\\/pt-pt\\\/news\\\/#listItem\"}]},{\"@type\":\"Organization\",\"@id\":\"https:\\\/\\\/www.s-lecfilm.com\\\/pt-pt\\\/#organization\",\"name\":\"s-lecfilm\",\"url\":\"https:\\\/\\\/www.s-lecfilm.com\\\/pt-pt\\\/\"},{\"@type\":\"WebPage\",\"@id\":\"https:\\\/\\\/www.s-lecfilm.com\\\/pt-pt\\\/news\\\/roof-acoustic\\\/#webpage\",\"url\":\"https:\\\/\\\/www.s-lecfilm.com\\\/pt-pt\\\/news\\\/roof-acoustic\\\/\",\"name\":\"Ac\\u00fastica ac\\u00fastica para teto panor\\u00e2mico | SEKISUI S-LEC\",\"description\":\"O vidro panor\\u00e2mico do tejadilho com S-LEC\\u2122 Sound Acoustic Film comprova a melhoria de 3,2 dB nos testes de ve\\u00edculos em t\\u00fanel de vento.\",\"inLanguage\":\"pt-PT\",\"isPartOf\":{\"@id\":\"https:\\\/\\\/www.s-lecfilm.com\\\/pt-pt\\\/#website\"},\"breadcrumb\":{\"@id\":\"https:\\\/\\\/www.s-lecfilm.com\\\/pt-pt\\\/news\\\/roof-acoustic\\\/#breadcrumblist\"},\"datePublished\":\"2023-11-24T10:55:39+09:00\",\"dateModified\":\"2024-06-07T07:33:17+09:00\"},{\"@type\":\"WebSite\",\"@id\":\"https:\\\/\\\/www.s-lecfilm.com\\\/pt-pt\\\/#website\",\"url\":\"https:\\\/\\\/www.s-lecfilm.com\\\/pt-pt\\\/\",\"name\":\"s-lecfilm\",\"inLanguage\":\"pt-PT\",\"publisher\":{\"@id\":\"https:\\\/\\\/www.s-lecfilm.com\\\/pt-pt\\\/#organization\"}}]}\n\t\t<\/script>\n\t\t<!-- All in One SEO Pro -->\r\n\t\t<title>Ac\u00fastica ac\u00fastica para teto panor\u00e2mico | SEKISUI S-LEC<\/title>\n\n","aioseo_head_json":{"title":"Ac\u00fastica ac\u00fastica para teto panor\u00e2mico | SEKISUI S-LEC","description":"O vidro panor\u00e2mico do tejadilho com S-LEC\u2122 Sound Acoustic Film comprova a melhoria de 3,2 dB nos testes de ve\u00edculos em t\u00fanel de vento.","canonical_url":"https:\/\/www.s-lecfilm.com\/pt-pt\/news\/roof-acoustic\/","robots":"max-image-preview:large","keywords":"","webmasterTools":{"google-site-verification":"LGoHK3imcI57fEDyHDnPGNxrBKyRAWvyS1_pmekTNEU","miscellaneous":""},"og:locale":"pt_PT","og:site_name":"SEKISUI S-LEC","og:type":"article","og:title":"Ac\u00fastica ac\u00fastica para teto panor\u00e2mico | SEKISUI S-LEC","og:description":"O vidro panor\u00e2mico do tejadilho com S-LEC\u2122 Sound Acoustic Film comprova a melhoria de 3,2 dB nos testes de ve\u00edculos em t\u00fanel de vento.","og:url":"https:\/\/www.s-lecfilm.com\/pt-pt\/news\/roof-acoustic\/","og:image":"https:\/\/www.s-lecfilm.com\/wp-content\/uploads\/shutterstock_2237149545-1.webp","og:image:secure_url":"https:\/\/www.s-lecfilm.com\/wp-content\/uploads\/shutterstock_2237149545-1.webp","og:image:width":1920,"og:image:height":1080,"article:published_time":"2023-11-24T01:55:39+00:00","article:modified_time":"2024-06-06T22:33:17+00:00","twitter:card":"summary_large_image","twitter:title":"Ac\u00fastica ac\u00fastica para teto panor\u00e2mico | SEKISUI S-LEC","twitter:description":"O vidro panor\u00e2mico do tejadilho com S-LEC\u2122 Sound Acoustic Film comprova a melhoria de 3,2 dB nos testes de ve\u00edculos em t\u00fanel de vento.","twitter:image":"https:\/\/www.s-lecfilm.com\/wp-content\/uploads\/2023\/01\/Open-Graph-Image.png","schema":{"@context":"https:\/\/schema.org","@graph":[{"@type":"BreadcrumbList","@id":"https:\/\/www.s-lecfilm.com\/pt-pt\/news\/roof-acoustic\/#breadcrumblist","itemListElement":[{"@type":"ListItem","@id":"https:\/\/www.s-lecfilm.com\/pt-pt\/#listItem","position":1,"name":"In\u00edcio","item":"https:\/\/www.s-lecfilm.com\/pt-pt\/","nextItem":"https:\/\/www.s-lecfilm.com\/pt-pt\/news\/#listItem"},{"@type":"ListItem","@id":"https:\/\/www.s-lecfilm.com\/pt-pt\/news\/#listItem","position":2,"name":"\/pt-pt\/news\/","item":"https:\/\/www.s-lecfilm.com\/pt-pt\/news\/","nextItem":"https:\/\/www.s-lecfilm.com\/pt-pt\/news\/roof-acoustic\/#listItem","previousItem":"https:\/\/www.s-lecfilm.com\/pt-pt\/#listItem"},{"@type":"ListItem","@id":"https:\/\/www.s-lecfilm.com\/pt-pt\/news\/roof-acoustic\/#listItem","position":3,"name":"\/pt-pt\/news\/roof-acoustic\/","previousItem":"https:\/\/www.s-lecfilm.com\/pt-pt\/news\/#listItem"}]},{"@type":"Organization","@id":"https:\/\/www.s-lecfilm.com\/pt-pt\/#organization","name":"s-lecfilm","url":"https:\/\/www.s-lecfilm.com\/pt-pt\/"},{"@type":"WebPage","@id":"https:\/\/www.s-lecfilm.com\/pt-pt\/news\/roof-acoustic\/#webpage","url":"https:\/\/www.s-lecfilm.com\/pt-pt\/news\/roof-acoustic\/","name":"Ac\u00fastica ac\u00fastica para teto panor\u00e2mico | SEKISUI S-LEC","description":"O vidro panor\u00e2mico do tejadilho com S-LEC\u2122 Sound Acoustic Film comprova a melhoria de 3,2 dB nos testes de ve\u00edculos em t\u00fanel de vento.","inLanguage":"pt-PT","isPartOf":{"@id":"https:\/\/www.s-lecfilm.com\/pt-pt\/#website"},"breadcrumb":{"@id":"https:\/\/www.s-lecfilm.com\/pt-pt\/news\/roof-acoustic\/#breadcrumblist"},"datePublished":"2023-11-24T10:55:39+09:00","dateModified":"2024-06-07T07:33:17+09:00"},{"@type":"WebSite","@id":"https:\/\/www.s-lecfilm.com\/pt-pt\/#website","url":"https:\/\/www.s-lecfilm.com\/pt-pt\/","name":"s-lecfilm","inLanguage":"pt-PT","publisher":{"@id":"https:\/\/www.s-lecfilm.com\/pt-pt\/#organization"}}]}},"aioseo_meta_data":{"post_id":"17837","title":"Ac\u00fastica ac\u00fastica para teto panor\u00e2mico | SEKISUI S-LEC","description":"O vidro panor\u00e2mico do tejadilho com S-LEC\u2122 Sound Acoustic Film comprova a melhoria de 3,2 dB nos testes de ve\u00edculos em t\u00fanel de vento.","keywords":null,"keyphrases":"{\"focus\":{\"keyphrase\":\"\",\"score\":0,\"analysis\":{\"keyphraseInTitle\":{\"score\":0,\"maxScore\":9,\"error\":1}}},\"additional\":[]}","primary_term":null,"canonical_url":null,"og_title":null,"og_description":null,"og_object_type":"default","og_image_type":"custom_image","og_image_url":"https:\/\/www.s-lecfilm.com\/wp-content\/uploads\/shutterstock_2237149545-1.webp","og_image_width":"1920","og_image_height":"1080","og_image_custom_url":"https:\/\/www.s-lecfilm.com\/wp-content\/uploads\/shutterstock_2237149545-1.webp","og_image_custom_fields":null,"og_video":"","og_custom_url":null,"og_article_section":null,"og_article_tags":null,"twitter_use_og":false,"twitter_card":"default","twitter_image_type":"default","twitter_image_url":null,"twitter_image_custom_url":null,"twitter_image_custom_fields":null,"twitter_title":null,"twitter_description":null,"schema":{"blockGraphs":[],"customGraphs":[],"default":{"data":{"Article":[],"Course":[],"Dataset":[],"FAQPage":[],"Movie":[],"Person":[],"Product":[],"Recipe":[],"Service":[],"SoftwareApplication":[],"WebPage":[]},"graphName":"WebPage","isEnabled":true},"graphs":[]},"schema_type":"default","schema_type_options":null,"pillar_content":false,"robots_default":true,"robots_noindex":true,"robots_noarchive":false,"robots_nosnippet":false,"robots_nofollow":false,"robots_noimageindex":false,"robots_noodp":false,"robots_notranslate":false,"robots_max_snippet":"-1","robots_max_videopreview":"-1","robots_max_imagepreview":"large","priority":null,"frequency":"default","local_seo":null,"limit_modified_date":false,"reviewed_by":null,"open_ai":{"title":{"suggestions":[],"usage":0},"description":{"suggestions":[],"usage":0}},"created":"2024-03-06 17:09:54","updated":"2024-06-07 03:27:04"},"aioseo_breadcrumb":"<div class=\"aioseo-breadcrumbs\"><span class=\"aioseo-breadcrumb\">\n\t<a href=\"https:\/\/www.s-lecfilm.com\/pt-pt\/\" title=\"\u30db\u30fc\u30e0\">\u30db\u30fc\u30e0<\/a>\n<\/span><span class=\"aioseo-breadcrumb-separator\">&raquo;<\/span><span class=\"aioseo-breadcrumb\">\n\t<a href=\"https:\/\/www.s-lecfilm.com\/pt-pt\/news\/\" title=\"Privado: \/pt-pt\/news\/\">Privado: \/pt-pt\/news\/<\/a>\n<\/span><span class=\"aioseo-breadcrumb-separator\">&raquo;<\/span><span class=\"aioseo-breadcrumb\">\n\t\/pt-pt\/news\/roof-acoustic\/\n<\/span><\/div>","aioseo_breadcrumb_json":[{"label":"\u30db\u30fc\u30e0","link":"https:\/\/www.s-lecfilm.com\/pt-pt\/"},{"label":"Privado: \/pt-pt\/news\/","link":"https:\/\/www.s-lecfilm.com\/pt-pt\/news\/"},{"label":"\/pt-pt\/news\/roof-acoustic\/","link":"https:\/\/www.s-lecfilm.com\/pt-pt\/news\/roof-acoustic\/"}],"_links":{"self":[{"href":"https:\/\/www.s-lecfilm.com\/pt-pt\/wp-json\/wp\/v2\/pages\/17837"}],"collection":[{"href":"https:\/\/www.s-lecfilm.com\/pt-pt\/wp-json\/wp\/v2\/pages"}],"about":[{"href":"https:\/\/www.s-lecfilm.com\/pt-pt\/wp-json\/wp\/v2\/types\/page"}],"author":[{"embeddable":true,"href":"https:\/\/www.s-lecfilm.com\/pt-pt\/wp-json\/wp\/v2\/users\/14"}],"replies":[{"embeddable":true,"href":"https:\/\/www.s-lecfilm.com\/pt-pt\/wp-json\/wp\/v2\/comments?post=17837"}],"version-history":[{"count":6,"href":"https:\/\/www.s-lecfilm.com\/pt-pt\/wp-json\/wp\/v2\/pages\/17837\/revisions"}],"predecessor-version":[{"id":21319,"href":"https:\/\/www.s-lecfilm.com\/pt-pt\/wp-json\/wp\/v2\/pages\/17837\/revisions\/21319"}],"up":[{"embeddable":true,"href":"https:\/\/www.s-lecfilm.com\/pt-pt\/wp-json\/wp\/v2\/pages\/17043"}],"wp:attachment":[{"href":"https:\/\/www.s-lecfilm.com\/pt-pt\/wp-json\/wp\/v2\/media?parent=17837"}],"wp:term":[{"taxonomy":"page_category","embeddable":true,"href":"https:\/\/www.s-lecfilm.com\/pt-pt\/wp-json\/wp\/v2\/page_category?post=17837"}],"curies":[{"name":"wp","href":"https:\/\/api.w.org\/{rel}","templated":true}]}}