{"id":17818,"date":"2023-10-25T17:54:38","date_gmt":"2023-10-25T08:54:38","guid":{"rendered":"https:\/\/www.s-lecfilm.com\/en-news\/en-news-puv-comfort\/"},"modified":"2025-06-26T20:32:43","modified_gmt":"2025-06-26T11:32:43","slug":"en-news-puv-comfort","status":"publish","type":"page","link":"https:\/\/www.s-lecfilm.com\/pt-pt\/news\/puv-comfort\/","title":{"rendered":"\/pt-pt\/news\/puv-comfort\/"},"content":{"rendered":"<div class=\"frame pt-0\" style=\"clear: both;\">\n\t<div class=\"hero-flame\" style=\"height:62vh;margin:0;\">\n\t\t<div class=\"hero-flame-bg\">\n\t\t\t<img loading=\"lazy\" decoding=\"async\" class=\"hero-flame-bg-img\" src=\"https:\/\/www.s-lecfilm.com\/wp-content\/uploads\/puv-comfort_hero-3.webp\" width=\"1920\" height=\"1080\" alt=\"A woman experiences a solution that shields people from UV rays using the PVB interlayer film.\" style=\"object-position:0% 80%;\">\n\t\t<\/div>\n\t\t<div class=\"hero-flame-content\">\n\t\t\t\t\t\t\t<div class=\"hero-text\">\n\t\t\t\t\t<div class=\"hero-text-title\">\n\t\t\t\t\t\tPrevenir os efeitos dos raios<br>infravermelhos\t\t\t\t\t<\/div>\n\t\t\t\t\t\t\t\t\t\t\t<div class=\"hero-text-subtitle\">\n\t\t\t\t\t\t\tPara uma experi\u00eancia de condu\u00e7\u00e3o confort\u00e1vel e saud\u00e1vel\t\t\t\t\t\t<\/div>\n\t\t\t\t\t\t\t\t\t<\/div>\n\t\t\t\t<\/div>\n\t<\/div>\n<\/div>\n\n<div class=\"frame pt-0 pb-0\">\n\t\n<div class=\"container pb-0 mb-0\">\n\t\n<H2 class=\"c-title-level02 section-subtitle\">Efeitos dos raios ultravioleta (UV) e infravermelhos (IR)<\/H2>\n\n<div class=\"c-layout-frame section-flame\">\n\t\t<div class=\"row align-items-center\">\n\t\t<div class=\"col-lg-6\">\n\t\t\t<div class=\"feature-img text-center\">\n\t\t\t\t\t\t\t\t<img decoding=\"async\" src=\"https:\/\/www.s-lecfilm.com\/wp-content\/uploads\/puv-comfort_contents-1-1024x683.webp\"  alt=\"A woman who&#039;s afraid of photoaging due to the influence of ultraviolet rays (UV) and near-infrared rays (NIR)\">\n\t\t\t\t\t\t\t<\/div>\n\t\t<\/div>\n\t\t<div class=\"col-lg-6\">\n\t\t\t<div class=\"feature-cont\">\n\t\t\t\t<div class=\"acf-innerblocks-container\">\n\n<p>Os raios ultravioleta (UV) podem ser divididos em tr\u00eas tipos, de acordo com os seus comprimentos de onda: UV-A, UV-B e UV-C. Os raios UV-C s\u00e3o absorvidos pela camada de ozono e n\u00e3o atingem a superf\u00edcie da Terra, mas os raios UV-A e UV-B atingem o solo e podem causar fotoenvelhecimento que, devido a uma exposi\u00e7\u00e3o prolongada, pode levar a problemas de pele como o bronzeado pouco saud\u00e1vel, rugas e flacidez da pele.<\/p>\n\n\n\n<p>A investiga\u00e7\u00e3o demonstrou que os raios infravermelhos pr\u00f3ximos (NIR), que representam cerca de 50% da luz solar, tamb\u00e9m est\u00e3o envolvidos no processo de fotoenvelhecimento e podem causar irrita\u00e7\u00e3o na pele, como um aumento da temperatura corporal devido ao seu efeito t\u00e9rmico nos nervos.<\/p>\n\n\n\n<p>A exposi\u00e7\u00e3o cont\u00ednua aos raios UV-A e infravermelhos pr\u00f3ximos faz com que o colag\u00e9nio e a elastina se metamorfoseiem e percam as suas fun\u00e7\u00f5es originais, e o suporte do tecido subcut\u00e2neo tamb\u00e9m \u00e9 enfraquecido, resultando em danos cut\u00e2neos n\u00e3o evit\u00e1veis. Para prevenir problemas de pele e proteger a sa\u00fade das pessoas, \u00e9 importante tomar medidas para reduzir a exposi\u00e7\u00e3o aos raios ultravioleta e infravermelhos pr\u00f3ximos.<\/p>\n\n<\/div>\t\t\t<\/div>\n\t\t<\/div>\n\t<\/div>\n\t<\/div>\n\n\n<H2 class=\"c-title-level02 section-subtitle\">Alcan\u00e7ar a sa\u00fade e o conforto<\/H2>\n\n<div class=\"container\">\r\n\t<div class=\"container\">\r\n\t\t<div class=\"section-flame\">\r\n\t\t\t<div class=\"row justify-content-end align-items-center\">\r\n\t\t\t\t\t\t\t\t\t<div class=\"col-lg-6 order-lg-0 order-1\">\r\n\t\t\t\t\t\t<div class=\"feature-cont\">\n\t<div class=\"feature-cont-title\"><\/div>\n\t<div class=\"feature-cont-text\">\n\t\tOs raios UV-A podem penetrar nas camadas mais profundas da pele (derme) e causar les\u00f5es cut\u00e2neas a longo prazo.<br \/>\n<br \/>\nO vidro laminado que utiliza a nossa S-LEC\u2122 Premium UV Blocking Film UA01 oferece um desempenho excecional de bloqueio de UV-A, reduzindo a transmiss\u00e3o de UV-A para menos de 0,1% em compara\u00e7\u00e3o com o vidro laminado normal.<br \/>\nEm combina\u00e7\u00e3o com a S-LEC\u2122 Solar Control Film, torna-se poss\u00edvel cortar os raios infravermelhos, para al\u00e9m dos raios ultravioleta, para reduzir o aquecimento do interior do seu ve\u00edculo, resultando num interior do autom\u00f3vel mais confort\u00e1vel e ben\u00e9fico para a sa\u00fade.<br \/>\n<br \/>\nNa SEKISUI S-LEC estamos empenhados em criar novas solu\u00e7\u00f5es valiosas atrav\u00e9s de pel\u00edculas de PVB para vidro laminado, contribuindo para o desenvolvimento da ind\u00fastria autom\u00f3vel e arquitet\u00f3nica em constante crescimento.\t<\/div>\n<\/div>\n<div class=\"row d-brochure-bg-btn-wrap justify-content-end with-accent align-items-center mt-4 mx-0\">\n\t\t<div class=\"col-lg-5 d-brochure-bg-btn is-inner-btn with-accent\">\n\t\t\t<\/div>\n<\/div>\t\t\t\t\t<\/div>\r\n\t\t\t\t\t<div class=\"col-lg-6 order-lg-1\">\r\n\t\t\t\t\t\t<div class=\"youtube_wrap\">\n\t<div class=\"youtube_area un_youtube_area\">\n\t\t<script src=\"https:\/\/www.youtube.com\/iframe_api\"><\/script>\n\t\t<iframe loading=\"lazy\" data-cookieconsent=\"necessary\" width=\"560\" height=\"315\" src=\"\/\/www.youtube.com\/embed\/ig13Z-pKSHc?enablejsapi=1&amp;origin=https%3A%2F%2Fwww.s-lecfilm.com\" title=\"\" frameborder=\"0\" allow=\"accelerometer; autoplay; clipboard-write; encrypted-media; gyroscope; picture-in-picture\" allowfullscreen=\"\" data-gtm-yt-inspected-7440638_38=\"true\" id=\"900282223\"><\/iframe>\n\t<\/div>\n<\/div>\n\t\t\t\t\t<\/div>\r\n\t\t\t\t\t\t\t<\/div>\r\n\t\t<\/div>\r\n\t<\/div>\r\n<\/div>\r\n\n\n<H2 class=\"c-title-level02 section-subtitle\">Avaliado atrav\u00e9s de ensaios em ve\u00edculos<\/H2>\n\n<div class=\"c-layout-frame section-flame\">\n\t\t<div class=\"row align-items-center\">\n\t\t<div class=\"col-lg-6\">\n\t\t\t<div class=\"feature-img text-left\">\n\t\t\t\t\t\t\t\t<img decoding=\"async\" src=\"https:\/\/www.s-lecfilm.com\/wp-content\/uploads\/puv-comfort_contents_vehicle-1-1024x577.webp\"  alt=\"Heat reduction effect of S-LEC\u2122 Solar Control Film that has been confirmed in the actual vehicle evaluation\">\n\t\t\t\t\t\t\t<\/div>\n\t\t<\/div>\n\t\t<div class=\"col-lg-6\">\n\t\t\t<div class=\"feature-cont\">\n\t\t\t\t<div class=\"acf-innerblocks-container\">\n\n<p>Confirm\u00e1mos o efeito de prote\u00e7\u00e3o t\u00e9rmica da S-LEC\u2122 Solar Control Film atrav\u00e9s de v\u00e1rios testes em ve\u00edculos.<\/p>\n\n\n\n<p>Num dos nossos testes realizados, instal\u00e1mos um para-brisas com uma pel\u00edcula de PVB padr\u00e3o e outro com a S-LEC\u2122 Solar Control Film em dois dos mesmos autom\u00f3veis para medir o aumento da diferen\u00e7a de temperatura no interior do autom\u00f3vel em condi\u00e7\u00f5es de condu\u00e7\u00e3o iguais. Como resultado, pudemos confirmar um desempenho de prote\u00e7\u00e3o t\u00e9rmica de at\u00e9 7\u00b0C.<\/p>\n\n\n\n<p>Nos ve\u00edculos el\u00e9ctricos, que est\u00e3o a tornar-se cada vez mais populares, ao bloquear eficazmente o calor que entra no autom\u00f3vel, a energia consumida pelo ar condicionado pode poupar na utiliza\u00e7\u00e3o da bateria, contribuindo para o aumento da autonomia de condu\u00e7\u00e3o.  <\/p>\n\n\n\n<p>Para mais informa\u00e7\u00f5es sobre os nossos dados de teste, contacte-nos.<\/p>\n\n<\/div>\t\t\t<\/div>\n\t\t<\/div>\n\t<\/div>\n\t<\/div>\n\n\n<H2 class=\"c-title-level02 section-subtitle\">Inqu\u00e9rito ao consumidor sobre conforto t\u00e9rmico<\/H2>\n\n<div class=\"c-layout-frame section-flame\">\n\t\t<div class=\"row align-items-center\">\n\t\t<div class=\"col-lg-6 order-lg-1 order-0\">\n\t\t\t<div class=\"feature-img text-left\">\n\t\t\t\t\t\t\t\t<img decoding=\"async\" src=\"https:\/\/www.s-lecfilm.com\/wp-content\/uploads\/puv-comfort_contents_study-2-1024x683.webp\"  alt=\"Survey implementation by SEKISUI S-LEC\">\n\t\t\t\t\t\t\t<\/div>\n\t\t<\/div>\n\t\t<div class=\"col-lg-6 order-lg-0 order-1\">\n\t\t\t<div class=\"feature-cont\">\n\t\t\t\t<div class=\"acf-innerblocks-container\">\n\n<p>S-LEC\u2122 Solar Control Film reduz o aumento de temperatura provocado pelo sol e mant\u00e9m o interior do autom\u00f3vel confort\u00e1vel mesmo em dias quentes.<\/p>\n\n\n\n<p>Num inqu\u00e9rito realizado a 526 participantes, utiliz\u00e1mos um kit de demonstra\u00e7\u00e3o com dois vidros, um com vidro laminado normal e outro com S-LEC\u2122 Solar Control Film, colocados por baixo de l\u00e2mpadas que imitavam a luz solar artificial, onde os participantes podiam sentir a diferen\u00e7a na sensa\u00e7\u00e3o de calor. 94% dos participantes confirmaram sentir o efeito de prote\u00e7\u00e3o t\u00e9rmica da S-LEC\u2122 Solar Control Film em compara\u00e7\u00e3o com o vidro laminado padr\u00e3o.<\/p>\n\n\n\n<p>S-LEC\u2122 Solar Control Film \u00e9 reconhecida pelos consumidores como uma solu\u00e7\u00e3o que pode tornar o interior dos autom\u00f3veis mais confort\u00e1vel e com o benef\u00edcio adicional de reduzir a necessidade de utiliza\u00e7\u00e3o cont\u00ednua do ar condicionado, contribuindo para a condu\u00e7\u00e3o el\u00e9ctrica.<\/p>\n\n<\/div>\t\t\t<\/div>\n\t\t<\/div>\n\t<\/div>\n\t<\/div>\n\n\n<H1 class=\"c-title-level02 section-subtitle\">Aplica\u00e7\u00e3o de vidro de prote\u00e7\u00e3o contra os raios ultravioleta e infravermelhos<\/H1>\n\n<div class=\"c-layout-frame section-flame\">\n\t\t<div class=\"row align-items-center\">\n\t\t<div class=\"col-lg-6\">\n\t\t\t<div class=\"feature-img text-left\">\n\t\t\t\t\t\t\t\t<img decoding=\"async\" src=\"https:\/\/www.s-lecfilm.com\/wp-content\/uploads\/puv-comfort_contents_glass-1-1024x683.webp\"  alt=\"UV and NIR cuts increase the need for automobile glass\">\n\t\t\t\t\t\t\t<\/div>\n\t\t<\/div>\n\t\t<div class=\"col-lg-6\">\n\t\t\t<div class=\"feature-cont\">\n\t\t\t\t<div class=\"acf-innerblocks-container\">\n\n<p>A procura de vidro laminado que proteja a pele dos efeitos negativos da luz solar, como a prote\u00e7\u00e3o UV e o bloqueio do calor, est\u00e1 a aumentar significativamente.<\/p>\n\n\n\n<p>S-LEC\u2122 Solar Control Film foi confirmada atrav\u00e9s de testes em ve\u00edculos e inqu\u00e9ritos aos consumidores como uma fun\u00e7\u00e3o \u00fatil para os vidros dos autom\u00f3veis para diminuir a exposi\u00e7\u00e3o ao calor. Em combina\u00e7\u00e3o com a S-LEC\u2122 Premium UV Blocking Film UA01, \u00e9 poss\u00edvel obter benef\u00edcios adicionais em termos de sa\u00fade e conforto.<\/p>\n\n\n\n<p>A S-LEC\u2122 Solar Control Film \u00e9 utilizada por v\u00e1rios fabricantes de autom\u00f3veis em todo o mundo para melhorar os para-brisas e os vidros laterais dos seus autom\u00f3veis com prote\u00e7\u00e3o UV e IR para criar benef\u00edcios para a sa\u00fade e o conforto dos seus clientes.<\/p>\n\n<\/div>\t\t\t<\/div>\n\t\t<\/div>\n\t<\/div>\n\t<\/div>\n\n\n<H2 class=\"c-title-level02 section-subtitle\">Experimente o conforto solar<\/H2>\n\n<div class=\"c-layout-frame section-flame\">\n\t\t<div class=\"row align-items-center\">\n\t\t<div class=\"col-lg-6 order-lg-1 order-0\">\n\t\t\t<div class=\"feature-img text-left\">\n\t\t\t\t\t\t\t\t<img decoding=\"async\" src=\"https:\/\/www.s-lecfilm.com\/wp-content\/uploads\/S-LEC_Solar_demonstration-1024x686.webp\"  alt=\"A Demonstration that shows heat shielding between S-LEC\u2122 Solar Control Film and general glass\">\n\t\t\t\t\t\t\t<\/div>\n\t\t<\/div>\n\t\t<div class=\"col-lg-6 order-lg-0 order-1\">\n\t\t\t<div class=\"feature-cont\">\n\t\t\t\t<div class=\"acf-innerblocks-container\">\n\n<p>Pode experimentar os benef\u00edcios da S-LEC\u2122 Solar Control Film para vidro autom\u00f3vel com o nosso kit de demonstra\u00e7\u00e3o do inqu\u00e9rito aos consumidores.<\/p>\n\n\n\n<p>Contacte-nos se quiser experimentar a experi\u00eancia e entrar em contacto com os nossos representantes locais sobre as possibilidades de uma demonstra\u00e7\u00e3o ou para obter mais informa\u00e7\u00f5es sobre as nossas solu\u00e7\u00f5es para o vidro autom\u00f3vel.<\/p>\n\n\n<div class=\"c-button-type01 row justify-content-center\">\n\t<div class=\"col-lg-5 d-brochure-bg-btn is-inner-btn btn-size-medium\">\n\t\t<a href=\"\/pt-pt\/download\/Solar-demo\/\" target=\"_blank\">\n\t\t\t<button type=\"button\" class=\"btn btn-primary\">Solicitar Demonstra\u00e7\u00e3o<\/button>\n\t\t<\/a>\n\t<\/div>\n<\/div>\n\n<\/div>\t\t\t<\/div>\n\t\t<\/div>\n\t<\/div>\n\t<\/div>\n\n<\/div>\n\n<\/div>\n\n\n\n<div class=\"frame is-bg-img c-more-detail \">\n\t<div class=\"container\">\n\t\t<div class=\"row justify-content-center\">\n\t\t\t<div class=\"col-lg-10\">\n\t\t\t\t<div class=\"row\">\n\t\t\t\t\t<div class=\"col-lg-7 mb-5 mb-lg-0\">\n\t\t\t\t\t\t<div class=\"contact-footer-text\">\n\t\t\t\t\t\t\tGostaria de saber mais?\t\t\t\t\t\t<\/div>\n\t\t\t\t\t\t<div class=\"contact-footer-btn\">\n\t\t\t\t\t\t\t<a href=\"\/pt-pt\/download\/all\/\" target=\"_blank\">\n\t\t\t\t\t\t\t\t<button class=\"btn btn-primary fa-download-check\">\n\t\t\t\t\t\t\t\t\t\t\t\t\t\t\t\t\t\t\tDownloads\t\t\t\t\t\t\t\t\t\t\t\t\t\t\t\t\t<\/button>\n\t\t\t\t\t\t\t<\/a>\n\t\t\t\t\t\t\t<a href=\"\/pt-pt\/download\/Inquiry\/\" target=\"_blank\">\n\t\t\t\t\t\t\t\t<button class=\"btn btn-primary is-external-link\">\n\t\t\t\t\t\t\t\t\t\t\t\t\t\t\t\t\t\t\tContate-nos\t\t\t\t\t\t\t\t\t\t\t\t\t\t\t\t\t<\/button>\n\t\t\t\t\t\t\t<\/a>\n\t\t\t\t\t\t<\/div>\n\t\t\t\t\t<\/div>\n\t\t\t\t\t<div class=\"col-lg-5\">\n\t\t\t\t\t\t<div class=\"contact-footer-img\">\n\t\t\t\t\t\t\t\t\t\t\t\t\t\t<img decoding=\"async\" src=\"https:\/\/www.s-lecfilm.com\/wp-content\/uploads\/thankyou_hero-1-1-1024x576.webp\" alt=\"Those who want to know more about S-LEC\u2122 Film\">\n\t\t\t\t\t\t\t\t\t\t\t\t\t<\/div>\n\t\t\t\t\t<\/div>\n\t\t\t\t<\/div>\n\t\t\t<\/div>\n\t\t<\/div>\n\t<\/div>\n<\/div>\n","protected":false},"excerpt":{"rendered":"","protected":false},"author":14,"featured_media":0,"parent":17043,"menu_order":83,"comment_status":"closed","ping_status":"closed","template":"","meta":{"_acf_changed":false,"_oasis_is_in_workflow":0,"_oasis_original":0,"om_disable_all_campaigns":false,"inline_featured_image":false,"_monsterinsights_skip_tracking":false,"_monsterinsights_sitenote_active":false,"_monsterinsights_sitenote_note":"","_monsterinsights_sitenote_category":0,"footnotes":""},"page_category":[121],"class_list":["post-17818","page","type-page","status-publish","hentry"],"acf":[],"aioseo_notices":[],"aioseo_head":"\n\t\t<!-- All in One SEO Pro 4.6.2 - aioseo.com -->\n\t\t<meta name=\"description\" content=\"As nossas solu\u00e7\u00f5es para vidro autom\u00f3vel podem cortar os raios ultravioleta (UV) e infravermelhos (IR) para um interior do ve\u00edculo mais confort\u00e1vel e ben\u00e9fico para a sa\u00fade.\" \/>\n\t\t<meta name=\"robots\" content=\"max-image-preview:large\" \/>\n\t\t<meta name=\"google-site-verification\" content=\"LGoHK3imcI57fEDyHDnPGNxrBKyRAWvyS1_pmekTNEU\" \/>\n\t\t<link rel=\"canonical\" href=\"https:\/\/www.s-lecfilm.com\/pt-pt\/news\/puv-comfort\/\" \/>\n\t\t<meta name=\"generator\" content=\"All in One SEO Pro (AIOSEO) 4.6.2\" \/>\n\t\t<meta property=\"og:locale\" content=\"pt_PT\" \/>\n\t\t<meta property=\"og:site_name\" content=\"SEKISUI S-LEC\" \/>\n\t\t<meta property=\"og:type\" content=\"article\" \/>\n\t\t<meta property=\"og:title\" content=\"Prevenir os efeitos dos raios infravermelhos | SEKISUI S-LEC\" \/>\n\t\t<meta property=\"og:description\" content=\"As nossas solu\u00e7\u00f5es para vidro autom\u00f3vel podem cortar os raios ultravioleta (UV) e infravermelhos (IR) para um interior do ve\u00edculo mais confort\u00e1vel e ben\u00e9fico para a sa\u00fade.\" \/>\n\t\t<meta property=\"og:url\" content=\"https:\/\/www.s-lecfilm.com\/pt-pt\/news\/puv-comfort\/\" \/>\n\t\t<meta property=\"og:image\" content=\"https:\/\/www.s-lecfilm.com\/wp-content\/uploads\/puv-comfort_hero-3.webp\" \/>\n\t\t<meta property=\"og:image:secure_url\" content=\"https:\/\/www.s-lecfilm.com\/wp-content\/uploads\/puv-comfort_hero-3.webp\" \/>\n\t\t<meta property=\"og:image:width\" content=\"1920\" \/>\n\t\t<meta property=\"og:image:height\" content=\"1080\" \/>\n\t\t<meta property=\"article:published_time\" content=\"2023-10-25T08:54:38+00:00\" \/>\n\t\t<meta property=\"article:modified_time\" content=\"2025-06-26T11:32:43+00:00\" \/>\n\t\t<meta name=\"twitter:card\" content=\"summary_large_image\" \/>\n\t\t<meta name=\"twitter:title\" content=\"Prevenir os efeitos dos raios infravermelhos | SEKISUI S-LEC\" \/>\n\t\t<meta name=\"twitter:description\" content=\"As nossas solu\u00e7\u00f5es para vidro autom\u00f3vel podem cortar os raios ultravioleta (UV) e infravermelhos (IR) para um interior do ve\u00edculo mais confort\u00e1vel e ben\u00e9fico para a sa\u00fade.\" \/>\n\t\t<meta name=\"twitter:image\" content=\"https:\/\/www.s-lecfilm.com\/wp-content\/uploads\/2023\/01\/Open-Graph-Image.png\" \/>\n\t\t<script type=\"application\/ld+json\" class=\"aioseo-schema\">\n\t\t\t{\"@context\":\"https:\\\/\\\/schema.org\",\"@graph\":[{\"@type\":\"BreadcrumbList\",\"@id\":\"https:\\\/\\\/www.s-lecfilm.com\\\/pt-pt\\\/news\\\/puv-comfort\\\/#breadcrumblist\",\"itemListElement\":[{\"@type\":\"ListItem\",\"@id\":\"https:\\\/\\\/www.s-lecfilm.com\\\/pt-pt\\\/#listItem\",\"position\":1,\"name\":\"In\\u00edcio\",\"item\":\"https:\\\/\\\/www.s-lecfilm.com\\\/pt-pt\\\/\",\"nextItem\":\"https:\\\/\\\/www.s-lecfilm.com\\\/pt-pt\\\/news\\\/#listItem\"},{\"@type\":\"ListItem\",\"@id\":\"https:\\\/\\\/www.s-lecfilm.com\\\/pt-pt\\\/news\\\/#listItem\",\"position\":2,\"name\":\"\\\/pt-pt\\\/news\\\/\",\"item\":\"https:\\\/\\\/www.s-lecfilm.com\\\/pt-pt\\\/news\\\/\",\"nextItem\":\"https:\\\/\\\/www.s-lecfilm.com\\\/pt-pt\\\/news\\\/puv-comfort\\\/#listItem\",\"previousItem\":\"https:\\\/\\\/www.s-lecfilm.com\\\/pt-pt\\\/#listItem\"},{\"@type\":\"ListItem\",\"@id\":\"https:\\\/\\\/www.s-lecfilm.com\\\/pt-pt\\\/news\\\/puv-comfort\\\/#listItem\",\"position\":3,\"name\":\"\\\/pt-pt\\\/news\\\/puv-comfort\\\/\",\"previousItem\":\"https:\\\/\\\/www.s-lecfilm.com\\\/pt-pt\\\/news\\\/#listItem\"}]},{\"@type\":\"Organization\",\"@id\":\"https:\\\/\\\/www.s-lecfilm.com\\\/pt-pt\\\/#organization\",\"name\":\"s-lecfilm\",\"url\":\"https:\\\/\\\/www.s-lecfilm.com\\\/pt-pt\\\/\"},{\"@type\":\"WebPage\",\"@id\":\"https:\\\/\\\/www.s-lecfilm.com\\\/pt-pt\\\/news\\\/puv-comfort\\\/#webpage\",\"url\":\"https:\\\/\\\/www.s-lecfilm.com\\\/pt-pt\\\/news\\\/puv-comfort\\\/\",\"name\":\"Prevenir os efeitos dos raios infravermelhos | SEKISUI S-LEC\",\"description\":\"As nossas solu\\u00e7\\u00f5es para vidro autom\\u00f3vel podem cortar os raios ultravioleta (UV) e infravermelhos (IR) para um interior do ve\\u00edculo mais confort\\u00e1vel e ben\\u00e9fico para a sa\\u00fade.\",\"inLanguage\":\"pt-PT\",\"isPartOf\":{\"@id\":\"https:\\\/\\\/www.s-lecfilm.com\\\/pt-pt\\\/#website\"},\"breadcrumb\":{\"@id\":\"https:\\\/\\\/www.s-lecfilm.com\\\/pt-pt\\\/news\\\/puv-comfort\\\/#breadcrumblist\"},\"datePublished\":\"2023-10-25T17:54:38+09:00\",\"dateModified\":\"2025-06-26T20:32:43+09:00\"},{\"@type\":\"WebSite\",\"@id\":\"https:\\\/\\\/www.s-lecfilm.com\\\/pt-pt\\\/#website\",\"url\":\"https:\\\/\\\/www.s-lecfilm.com\\\/pt-pt\\\/\",\"name\":\"s-lecfilm\",\"inLanguage\":\"pt-PT\",\"publisher\":{\"@id\":\"https:\\\/\\\/www.s-lecfilm.com\\\/pt-pt\\\/#organization\"}}]}\n\t\t<\/script>\n\t\t<!-- All in One SEO Pro -->\r\n\t\t<title>Prevenir os efeitos dos raios infravermelhos | SEKISUI S-LEC<\/title>\n\n","aioseo_head_json":{"title":"Prevenir os efeitos dos raios infravermelhos | SEKISUI S-LEC","description":"As nossas solu\u00e7\u00f5es para vidro autom\u00f3vel podem cortar os raios ultravioleta (UV) e infravermelhos (IR) para um interior do ve\u00edculo mais confort\u00e1vel e ben\u00e9fico para a sa\u00fade.","canonical_url":"https:\/\/www.s-lecfilm.com\/pt-pt\/news\/puv-comfort\/","robots":"max-image-preview:large","keywords":"","webmasterTools":{"google-site-verification":"LGoHK3imcI57fEDyHDnPGNxrBKyRAWvyS1_pmekTNEU","miscellaneous":""},"og:locale":"pt_PT","og:site_name":"SEKISUI S-LEC","og:type":"article","og:title":"Prevenir os efeitos dos raios infravermelhos | SEKISUI S-LEC","og:description":"As nossas solu\u00e7\u00f5es para vidro autom\u00f3vel podem cortar os raios ultravioleta (UV) e infravermelhos (IR) para um interior do ve\u00edculo mais confort\u00e1vel e ben\u00e9fico para a sa\u00fade.","og:url":"https:\/\/www.s-lecfilm.com\/pt-pt\/news\/puv-comfort\/","og:image":"https:\/\/www.s-lecfilm.com\/wp-content\/uploads\/puv-comfort_hero-3.webp","og:image:secure_url":"https:\/\/www.s-lecfilm.com\/wp-content\/uploads\/puv-comfort_hero-3.webp","og:image:width":1920,"og:image:height":1080,"article:published_time":"2023-10-25T08:54:38+00:00","article:modified_time":"2025-06-26T11:32:43+00:00","twitter:card":"summary_large_image","twitter:title":"Prevenir os efeitos dos raios infravermelhos | SEKISUI S-LEC","twitter:description":"As nossas solu\u00e7\u00f5es para vidro autom\u00f3vel podem cortar os raios ultravioleta (UV) e infravermelhos (IR) para um interior do ve\u00edculo mais confort\u00e1vel e ben\u00e9fico para a sa\u00fade.","twitter:image":"https:\/\/www.s-lecfilm.com\/wp-content\/uploads\/2023\/01\/Open-Graph-Image.png","schema":{"@context":"https:\/\/schema.org","@graph":[{"@type":"BreadcrumbList","@id":"https:\/\/www.s-lecfilm.com\/pt-pt\/news\/puv-comfort\/#breadcrumblist","itemListElement":[{"@type":"ListItem","@id":"https:\/\/www.s-lecfilm.com\/pt-pt\/#listItem","position":1,"name":"In\u00edcio","item":"https:\/\/www.s-lecfilm.com\/pt-pt\/","nextItem":"https:\/\/www.s-lecfilm.com\/pt-pt\/news\/#listItem"},{"@type":"ListItem","@id":"https:\/\/www.s-lecfilm.com\/pt-pt\/news\/#listItem","position":2,"name":"\/pt-pt\/news\/","item":"https:\/\/www.s-lecfilm.com\/pt-pt\/news\/","nextItem":"https:\/\/www.s-lecfilm.com\/pt-pt\/news\/puv-comfort\/#listItem","previousItem":"https:\/\/www.s-lecfilm.com\/pt-pt\/#listItem"},{"@type":"ListItem","@id":"https:\/\/www.s-lecfilm.com\/pt-pt\/news\/puv-comfort\/#listItem","position":3,"name":"\/pt-pt\/news\/puv-comfort\/","previousItem":"https:\/\/www.s-lecfilm.com\/pt-pt\/news\/#listItem"}]},{"@type":"Organization","@id":"https:\/\/www.s-lecfilm.com\/pt-pt\/#organization","name":"s-lecfilm","url":"https:\/\/www.s-lecfilm.com\/pt-pt\/"},{"@type":"WebPage","@id":"https:\/\/www.s-lecfilm.com\/pt-pt\/news\/puv-comfort\/#webpage","url":"https:\/\/www.s-lecfilm.com\/pt-pt\/news\/puv-comfort\/","name":"Prevenir os efeitos dos raios infravermelhos | SEKISUI S-LEC","description":"As nossas solu\u00e7\u00f5es para vidro autom\u00f3vel podem cortar os raios ultravioleta (UV) e infravermelhos (IR) para um interior do ve\u00edculo mais confort\u00e1vel e ben\u00e9fico para a sa\u00fade.","inLanguage":"pt-PT","isPartOf":{"@id":"https:\/\/www.s-lecfilm.com\/pt-pt\/#website"},"breadcrumb":{"@id":"https:\/\/www.s-lecfilm.com\/pt-pt\/news\/puv-comfort\/#breadcrumblist"},"datePublished":"2023-10-25T17:54:38+09:00","dateModified":"2025-06-26T20:32:43+09:00"},{"@type":"WebSite","@id":"https:\/\/www.s-lecfilm.com\/pt-pt\/#website","url":"https:\/\/www.s-lecfilm.com\/pt-pt\/","name":"s-lecfilm","inLanguage":"pt-PT","publisher":{"@id":"https:\/\/www.s-lecfilm.com\/pt-pt\/#organization"}}]}},"aioseo_meta_data":{"post_id":"17818","title":"Prevenir os efeitos dos raios infravermelhos | SEKISUI S-LEC","description":"As nossas solu\u00e7\u00f5es para vidro autom\u00f3vel podem cortar os raios ultravioleta (UV) e infravermelhos (IR) para um interior do ve\u00edculo mais confort\u00e1vel e ben\u00e9fico para a sa\u00fade.","keywords":null,"keyphrases":"{\"focus\":{\"keyphrase\":\"\",\"score\":0,\"analysis\":{\"keyphraseInTitle\":{\"score\":0,\"maxScore\":9,\"error\":1}}},\"additional\":[]}","primary_term":null,"canonical_url":null,"og_title":null,"og_description":null,"og_object_type":"default","og_image_type":"custom_image","og_image_url":"https:\/\/www.s-lecfilm.com\/wp-content\/uploads\/puv-comfort_hero-3.webp","og_image_width":"1920","og_image_height":"1080","og_image_custom_url":"https:\/\/www.s-lecfilm.com\/wp-content\/uploads\/puv-comfort_hero-3.webp","og_image_custom_fields":null,"og_video":"","og_custom_url":null,"og_article_section":null,"og_article_tags":null,"twitter_use_og":false,"twitter_card":"default","twitter_image_type":"default","twitter_image_url":null,"twitter_image_custom_url":null,"twitter_image_custom_fields":null,"twitter_title":null,"twitter_description":null,"schema":{"blockGraphs":[],"customGraphs":[],"default":{"data":{"Article":[],"Course":[],"Dataset":[],"FAQPage":[],"Movie":[],"Person":[],"Product":[],"Recipe":[],"Service":[],"SoftwareApplication":[],"WebPage":[]},"graphName":"WebPage","isEnabled":true},"graphs":[]},"schema_type":"default","schema_type_options":null,"pillar_content":false,"robots_default":true,"robots_noindex":true,"robots_noarchive":false,"robots_nosnippet":false,"robots_nofollow":false,"robots_noimageindex":false,"robots_noodp":false,"robots_notranslate":false,"robots_max_snippet":"-1","robots_max_videopreview":"-1","robots_max_imagepreview":"large","priority":null,"frequency":"default","local_seo":null,"limit_modified_date":false,"reviewed_by":null,"open_ai":{"title":{"suggestions":[],"usage":0},"description":{"suggestions":[],"usage":0}},"created":"2024-03-06 17:00:31","updated":"2025-07-08 10:56:48"},"aioseo_breadcrumb":"<div class=\"aioseo-breadcrumbs\"><span class=\"aioseo-breadcrumb\">\n\t<a href=\"https:\/\/www.s-lecfilm.com\/pt-pt\/\" title=\"\u30db\u30fc\u30e0\">\u30db\u30fc\u30e0<\/a>\n<\/span><span class=\"aioseo-breadcrumb-separator\">&raquo;<\/span><span class=\"aioseo-breadcrumb\">\n\t<a href=\"https:\/\/www.s-lecfilm.com\/pt-pt\/news\/\" title=\"Privado: \/pt-pt\/news\/\">Privado: \/pt-pt\/news\/<\/a>\n<\/span><span class=\"aioseo-breadcrumb-separator\">&raquo;<\/span><span class=\"aioseo-breadcrumb\">\n\t\/pt-pt\/news\/puv-comfort\/\n<\/span><\/div>","aioseo_breadcrumb_json":[{"label":"\u30db\u30fc\u30e0","link":"https:\/\/www.s-lecfilm.com\/pt-pt\/"},{"label":"Privado: \/pt-pt\/news\/","link":"https:\/\/www.s-lecfilm.com\/pt-pt\/news\/"},{"label":"\/pt-pt\/news\/puv-comfort\/","link":"https:\/\/www.s-lecfilm.com\/pt-pt\/news\/puv-comfort\/"}],"_links":{"self":[{"href":"https:\/\/www.s-lecfilm.com\/pt-pt\/wp-json\/wp\/v2\/pages\/17818"}],"collection":[{"href":"https:\/\/www.s-lecfilm.com\/pt-pt\/wp-json\/wp\/v2\/pages"}],"about":[{"href":"https:\/\/www.s-lecfilm.com\/pt-pt\/wp-json\/wp\/v2\/types\/page"}],"author":[{"embeddable":true,"href":"https:\/\/www.s-lecfilm.com\/pt-pt\/wp-json\/wp\/v2\/users\/14"}],"replies":[{"embeddable":true,"href":"https:\/\/www.s-lecfilm.com\/pt-pt\/wp-json\/wp\/v2\/comments?post=17818"}],"version-history":[{"count":7,"href":"https:\/\/www.s-lecfilm.com\/pt-pt\/wp-json\/wp\/v2\/pages\/17818\/revisions"}],"predecessor-version":[{"id":27069,"href":"https:\/\/www.s-lecfilm.com\/pt-pt\/wp-json\/wp\/v2\/pages\/17818\/revisions\/27069"}],"up":[{"embeddable":true,"href":"https:\/\/www.s-lecfilm.com\/pt-pt\/wp-json\/wp\/v2\/pages\/17043"}],"wp:attachment":[{"href":"https:\/\/www.s-lecfilm.com\/pt-pt\/wp-json\/wp\/v2\/media?parent=17818"}],"wp:term":[{"taxonomy":"page_category","embeddable":true,"href":"https:\/\/www.s-lecfilm.com\/pt-pt\/wp-json\/wp\/v2\/page_category?post=17818"}],"curies":[{"name":"wp","href":"https:\/\/api.w.org\/{rel}","templated":true}]}}