{"id":17765,"date":"2023-11-24T10:43:43","date_gmt":"2023-11-24T01:43:43","guid":{"rendered":"https:\/\/www.s-lecfilm.com\/en-news\/en-news-what-is-hud\/"},"modified":"2024-06-07T09:24:13","modified_gmt":"2024-06-07T00:24:13","slug":"en-news-what-is-hud","status":"publish","type":"page","link":"https:\/\/www.s-lecfilm.com\/pt-pt\/news\/what-is-HUD\/","title":{"rendered":"\/pt-pt\/news\/what-is-HUD\/"},"content":{"rendered":"<div class=\"frame pt-0\" style=\"clear: both;\">\n\t<div class=\"hero-flame\" style=\"height:62vh;margin:0;\">\n\t\t<div class=\"hero-flame-bg\">\n\t\t\t<img loading=\"lazy\" decoding=\"async\" class=\"hero-flame-bg-img\" src=\"https:\/\/www.s-lecfilm.com\/wp-content\/uploads\/Hero_what-is-hud.webp\" width=\"1920\" height=\"860\" alt=\"A head-up display device that reflects driving info at the driver&#039;s eye level.\" style=\"object-position:0% 75%;\">\n\t\t<\/div>\n\t\t<div class=\"hero-flame-content\">\n\t\t\t\t\t\t\t<div class=\"hero-text\">\n\t\t\t\t\t<div class=\"hero-text-title\">\n\t\t\t\t\t\tO que \u00e9 o Head-up Display?\t\t\t\t\t<\/div>\n\t\t\t\t\t\t\t\t\t<\/div>\n\t\t\t\t<\/div>\n\t<\/div>\n<\/div>\n\n<div class=\"frame pt-0 pb-0\">\n\t\n<div class=\"container pb-0 mb-0\">\n\t\n<H2 class=\"c-title-level02 section-subtitle\">O que \u00e9 o Head-up Display?<\/H2>\n\n<div class=\"c-layout-frame section-flame\">\n\t\t<div class=\"row align-items-center\">\n\t\t<div class=\"col-lg-6\">\n\t\t\t<div class=\"feature-img text-left\">\n\t\t\t\t\t\t\t\t<img decoding=\"async\" src=\"https:\/\/www.s-lecfilm.com\/wp-content\/uploads\/aboutus_contens_hud-1-1024x567.webp\"  alt=\"Head-up display (HUD) that effectively reflects information from the driver&#039;s eyes\">\n\t\t\t\t\t\t\t<\/div>\n\t\t<\/div>\n\t\t<div class=\"col-lg-6\">\n\t\t\t<div class=\"feature-cont\">\n\t\t\t\t<div class=\"acf-innerblocks-container\">\n\n<p>O Head-up Display (HUD) \u00e9 um dispositivo que apresenta informa\u00e7\u00f5es relacionadas com a condu\u00e7\u00e3o, como o veloc\u00edmetro, o n\u00edvel de gasolina\/energia, a quilometragem, a navega\u00e7\u00e3o, os sinais de tr\u00e2nsito e os avisos de \u00e2ngulo morto, num local facilmente acess\u00edvel \u00e0 linha de vis\u00e3o do condutor. O HUD est\u00e1 a tornar-se cada vez mais popular em todo o mundo.<\/p>\n\n\n\n<p>Os condutores devem manter os olhos na estrada tanto quanto poss\u00edvel durante a condu\u00e7\u00e3o, uma vez que o ambiente circundante se altera mesmo quando voltam momentaneamente os olhos para o painel de instrumentos para verificar a velocidade de condu\u00e7\u00e3o ou a navega\u00e7\u00e3o.<\/p>\n\n\n\n<p>O HUD contribui para uma condu\u00e7\u00e3o mais segura ao permitir que os condutores passem menos tempo a mover os olhos e a ajustar a sua concentra\u00e7\u00e3o.<\/p>\n\n<\/div>\t\t\t<\/div>\n\t\t<\/div>\n\t<\/div>\n\t<\/div>\n\n\n<H1 class=\"c-title-level02 section-subtitle\">Caracter\u00edsticas do Head-Up Display<\/H1>\n\n<div class=\"c-layout-frame section-flame\">\n\t\t<div class=\"row align-items-center\">\n\t\t<div class=\"col-lg-6 order-lg-1 order-0\">\n\t\t\t<div class=\"feature-img text-left\">\n\t\t\t\t\t\t\t\t<img decoding=\"async\" src=\"https:\/\/www.s-lecfilm.com\/wp-content\/uploads\/Traffic-jam-in-sunlight-1024x688.webp\"  alt=\"Features of head up displays that effectively reflect information from the driver&#039;s eyes\">\n\t\t\t\t\t\t\t<\/div>\n\t\t<\/div>\n\t\t<div class=\"col-lg-6 order-lg-0 order-1\">\n\t\t\t<div class=\"feature-cont\">\n\t\t\t\t<div class=\"acf-innerblocks-container\">\n\n<p>Os visores frontais projectam eficazmente as informa\u00e7\u00f5es na linha de vis\u00e3o do condutor, permitindo-lhe obter v\u00e1rias informa\u00e7\u00f5es sem desviar o olhar da estrada.<\/p>\n\n\n\n<p>Nos \u00faltimos anos, um n\u00famero crescente de HUDs recolhe informa\u00e7\u00f5es em tempo real sobre a estrada, como pe\u00f5es, sinais de tr\u00e2nsito, sinais e faixas de rodagem, e combina-as com informa\u00e7\u00f5es como a velocidade e a dist\u00e2ncia entre ve\u00edculos para projetar avisos de poss\u00edveis acidentes no para-brisas.<\/p>\n\n\n\n<p>Ao melhorar a velocidade de rea\u00e7\u00e3o e a consci\u00eancia situacional do condutor, espera-se que os HUD protejam os condutores e os pe\u00f5es, evitando acidentes rodovi\u00e1rios. Est\u00e3o a surgir novas fun\u00e7\u00f5es dos HUD, como a visualiza\u00e7\u00e3o em 3D de pe\u00f5es, objectos, assist\u00eancia na faixa de rodagem e assist\u00eancia ativa \u00e0 dist\u00e2ncia.<\/p>\n\n<\/div>\t\t\t<\/div>\n\t\t<\/div>\n\t<\/div>\n\t<\/div>\n\n\n<H2 class=\"c-title-level02 section-subtitle\">Tipos directos e combinados<\/H2>\n\n<div class=\"c-layout-frame section-flame\">\n\t\t<div class=\"row align-items-center\">\n\t\t<div class=\"col-lg-6\">\n\t\t\t<div class=\"feature-img text-center\">\n\t\t\t\t\t\t\t\t<img decoding=\"async\" src=\"https:\/\/www.s-lecfilm.com\/wp-content\/uploads\/Direct-vs-Combiner-1024x718.webp\"  alt=\"There are two types of head-up displays, direct type and combiner type\">\n\t\t\t\t\t\t\t<\/div>\n\t\t<\/div>\n\t\t<div class=\"col-lg-6\">\n\t\t\t<div class=\"feature-cont\">\n\t\t\t\t<div class=\"acf-innerblocks-container\">\n\n<p>Existem dois tipos de sistemas de head-up display no mercado: tipo direto e tipo combinador.<\/p>\n\n\n\n<p>O tipo direto \u00e9 um sistema HUD que projecta imagens diretamente no para-brisas. \u00c9 superior porque o condutor pode captar informa\u00e7\u00f5es sem mover os olhos.<\/p>\n\n\n\n<p>O tipo combinador apresenta as informa\u00e7\u00f5es num pequeno painel transl\u00facido denominado combinador, que exige que o condutor baixe a sua linha de vis\u00e3o para a moldura do combinador instalado no painel de instrumentos. Em geral, a dist\u00e2ncia entre os olhos do condutor e o ecr\u00e3 \u00e9 mais curta e o ecr\u00e3 \u00e9 mais pequeno do que o do tipo direto.<\/p>\n\n<\/div>\t\t\t<\/div>\n\t\t<\/div>\n\t<\/div>\n\t<\/div>\n\n\n<H2 class=\"c-title-level02 section-subtitle\">AR-HUD<\/H2>\n\n<div class=\"c-layout-frame section-flame\">\n\t\t<div class=\"row align-items-center\">\n\t\t<div class=\"col-lg-6 order-lg-1 order-0\">\n\t\t\t<div class=\"feature-img text-left\">\n\t\t\t\t\t\t\t\t<img decoding=\"async\" src=\"https:\/\/www.s-lecfilm.com\/wp-content\/uploads\/Wedge_leaflet_img1_0601-1-1024x653-1-1024x653.webp\"  alt=\"Extermination reality head-up display (AR-HUD) that displays driving information on a windshield\">\n\t\t\t\t\t\t\t<\/div>\n\t\t<\/div>\n\t\t<div class=\"col-lg-6 order-lg-0 order-1\">\n\t\t\t<div class=\"feature-cont\">\n\t\t\t\t<div class=\"acf-innerblocks-container\">\n\n<p>O AR-HUD, ou head-up display de realidade aumentada, \u00e9 um sistema que apresenta no para-brisas informa\u00e7\u00f5es de navega\u00e7\u00e3o, avisos para fun\u00e7\u00f5es ADAS, Sistemas Avan\u00e7ados de Assist\u00eancia ao Condutor e outras informa\u00e7\u00f5es importantes sobre a estrada, em conjunto com informa\u00e7\u00f5es sobre a condu\u00e7\u00e3o no mundo real.<\/p>\n\n\n\n<p>Ao recolher informa\u00e7\u00f5es sobre a estrada em tempo real atrav\u00e9s de sensores e ao sobrepor gr\u00e1ficos de realidade aumentada (RA) ao cen\u00e1rio para o qual o condutor est\u00e1 a olhar, o sistema permite que o condutor reconhe\u00e7a mais rapidamente os pe\u00f5es e os obst\u00e1culos na estrada sem deslocar significativamente o ponto de vista do condutor, contribuindo para uma condu\u00e7\u00e3o mais segura.<\/p>\n\n<\/div>\t\t\t<\/div>\n\t\t<\/div>\n\t<\/div>\n\t<\/div>\n\n\n<H2 class=\"c-title-level02 section-subtitle\">HUD de duplo plano<\/H2>\n\n<div class=\"c-layout-frame section-flame\">\n\t\t<div class=\"row align-items-center\">\n\t\t<div class=\"col-lg-6\">\n\t\t\t<div class=\"feature-img text-center\">\n\t\t\t\t\t\t\t\t<img decoding=\"async\" src=\"https:\/\/www.s-lecfilm.com\/wp-content\/uploads\/Wedge-leaflet_img2_0603-1024x607.webp\"  alt=\"Dula-plane HUD that can display the information required for driving into two screens\">\n\t\t\t\t\t\t\t<\/div>\n\t\t<\/div>\n\t\t<div class=\"col-lg-6\">\n\t\t\t<div class=\"feature-cont\">\n\t\t\t\t<div class=\"acf-innerblocks-container\">\n\n<p>A tecnologia HUD continua a evoluir todos os dias para uma condu\u00e7\u00e3o segura. O AR-HUD recentemente introduzido pode apresentar as informa\u00e7\u00f5es necess\u00e1rias para a condu\u00e7\u00e3o em dois ecr\u00e3s.<\/p>\n\n\n\n<p>As informa\u00e7\u00f5es din\u00e2micas de apoio \u00e0 condu\u00e7\u00e3o, como a navega\u00e7\u00e3o, o ADAS e a orienta\u00e7\u00e3o rodovi\u00e1ria, s\u00e3o apresentadas a 10 metros do condutor. As informa\u00e7\u00f5es rodovi\u00e1rias, como a velocidade, os limites de velocidade e os sinais, s\u00e3o apresentadas noutro ecr\u00e3 a cerca de 3 metros do condutor.<\/p>\n\n\n\n<p>Ao apresentar v\u00e1rias informa\u00e7\u00f5es relacionadas com a condu\u00e7\u00e3o em dois ecr\u00e3s, o sistema melhora a capacidade do condutor para compreender as informa\u00e7\u00f5es sem problemas, conduzindo a uma experi\u00eancia de condu\u00e7\u00e3o segura e confort\u00e1vel.<\/p>\n\n<\/div>\t\t\t<\/div>\n\t\t<\/div>\n\t<\/div>\n\t<\/div>\n\n\n<H2 class=\"c-title-level02 section-subtitle\">Investiga\u00e7\u00e3o do mercado dos ecr\u00e3s para visualiza\u00e7\u00e3o frontal<\/H2>\n\n<div class=\"c-layout-frame section-flame\">\n\t\t<div class=\"row align-items-center\">\n\t\t<div class=\"col-lg-6 order-lg-1 order-0\">\n\t\t\t<div class=\"feature-img text-left\">\n\t\t\t\t\t\t\t\t<img decoding=\"async\" src=\"https:\/\/www.s-lecfilm.com\/wp-content\/uploads\/puv-comfort_contents_study-2-1024x683.webp\"  alt=\"Survey implementation by SEKISUI S-LEC\">\n\t\t\t\t\t\t\t<\/div>\n\t\t<\/div>\n\t\t<div class=\"col-lg-6 order-lg-0 order-1\">\n\t\t\t<div class=\"feature-cont\">\n\t\t\t\t<div class=\"acf-innerblocks-container\">\n\n<p>A SEKISUI S-LEC \u00e9 um fornecedor global de interlayers de PVB em forma de cunha para HUDs. Esta camada interm\u00e9dia controla a refra\u00e7\u00e3o da luz para apresentar uma imagem n\u00edtida projectada a partir do HUD, evitando uma imagem dupla.<\/p>\n\n\n\n<p>Contribu\u00edmos para difundir ambientes de condu\u00e7\u00e3o seguros e confort\u00e1veis atrav\u00e9s de pel\u00edculas intercalares para vidro laminado, o que tamb\u00e9m \u00e9 v\u00e1lido para HUDs. Alargar a utiliza\u00e7\u00e3o de HUDs a todo o mercado \u00e9 uma das nossas vis\u00f5es.<\/p>\n\n\n\n<p>Para compreender as atitudes e o comportamento de compra dos consumidores que escolhem ve\u00edculos equipados com HUD, a SEKISUI S-LEC realizou entrevistas com propriet\u00e1rios de autom\u00f3veis nos EUA, Alemanha, Fran\u00e7a, Pa\u00edses Baixos e China, em colabora\u00e7\u00e3o com uma empresa de investiga\u00e7\u00e3o.<\/p>\n\n\n\n<p>Para mais informa\u00e7\u00f5es, clique aqui.<\/p>\n\n\n<div class=\"c-button-type02 feature-cont-btn text-center\">\n\t<a href=\"\/pt-pt\/news\/HUD-expansion\/\" >\n\t\t<button class=\"btn btn-primary is-caret-link\">\n\t\t\t\t\t\t\tSaiba mais\t\t\t\t\t\t<\/button>\n\t<\/a>\n<\/div>\n\n<\/div>\t\t\t<\/div>\n\t\t<\/div>\n\t<\/div>\n\t<\/div>\n\n<\/div>\n\n<\/div>\n\n\n\n<div class=\"frame is-bg-img c-more-detail \">\n\t<div class=\"container\">\n\t\t<div class=\"row justify-content-center\">\n\t\t\t<div class=\"col-lg-10\">\n\t\t\t\t<div class=\"row\">\n\t\t\t\t\t<div class=\"col-lg-7 mb-5 mb-lg-0\">\n\t\t\t\t\t\t<div class=\"contact-footer-text\">\n\t\t\t\t\t\t\tGostaria de saber mais?\t\t\t\t\t\t<\/div>\n\t\t\t\t\t\t<div class=\"contact-footer-btn\">\n\t\t\t\t\t\t\t<a href=\"\/pt-pt\/download\/all\/\" target=\"_blank\">\n\t\t\t\t\t\t\t\t<button class=\"btn btn-primary fa-download-check\">\n\t\t\t\t\t\t\t\t\t\t\t\t\t\t\t\t\t\t\tDownloads\t\t\t\t\t\t\t\t\t\t\t\t\t\t\t\t\t<\/button>\n\t\t\t\t\t\t\t<\/a>\n\t\t\t\t\t\t\t<a href=\"\/pt-pt\/download\/Inquiry\/\" target=\"_blank\">\n\t\t\t\t\t\t\t\t<button class=\"btn btn-primary is-external-link\">\n\t\t\t\t\t\t\t\t\t\t\t\t\t\t\t\t\t\t\tContate-nos\t\t\t\t\t\t\t\t\t\t\t\t\t\t\t\t\t<\/button>\n\t\t\t\t\t\t\t<\/a>\n\t\t\t\t\t\t<\/div>\n\t\t\t\t\t<\/div>\n\t\t\t\t\t<div class=\"col-lg-5\">\n\t\t\t\t\t\t<div class=\"contact-footer-img\">\n\t\t\t\t\t\t\t\t\t\t\t\t\t\t<img decoding=\"async\" src=\"https:\/\/www.s-lecfilm.com\/wp-content\/uploads\/thankyou_hero-1-1-1024x576.webp\" alt=\"Those who want to know more about S-LEC\u2122 Film\">\n\t\t\t\t\t\t\t\t\t\t\t\t\t<\/div>\n\t\t\t\t\t<\/div>\n\t\t\t\t<\/div>\n\t\t\t<\/div>\n\t\t<\/div>\n\t<\/div>\n<\/div>\n","protected":false},"excerpt":{"rendered":"","protected":false},"author":14,"featured_media":0,"parent":17043,"menu_order":92,"comment_status":"closed","ping_status":"closed","template":"","meta":{"_acf_changed":false,"_oasis_is_in_workflow":0,"_oasis_original":0,"om_disable_all_campaigns":false,"inline_featured_image":false,"_monsterinsights_skip_tracking":false,"_monsterinsights_sitenote_active":false,"_monsterinsights_sitenote_note":"","_monsterinsights_sitenote_category":0,"footnotes":""},"page_category":[121],"class_list":["post-17765","page","type-page","status-publish","hentry"],"acf":[],"aioseo_notices":[],"aioseo_head":"\n\t\t<!-- All in One SEO Pro 4.6.2 - aioseo.com -->\n\t\t<meta name=\"description\" content=\"O Head-up Display, HUD, \u00e9 um sistema que projecta v\u00e1rias informa\u00e7\u00f5es no para-brisas, como a velocidade e a navega\u00e7\u00e3o, contribuindo para uma maior seguran\u00e7a na condu\u00e7\u00e3o.\" \/>\n\t\t<meta name=\"robots\" content=\"max-image-preview:large\" \/>\n\t\t<meta name=\"google-site-verification\" content=\"LGoHK3imcI57fEDyHDnPGNxrBKyRAWvyS1_pmekTNEU\" \/>\n\t\t<link rel=\"canonical\" href=\"https:\/\/www.s-lecfilm.com\/pt-pt\/news\/what-is-HUD\/\" \/>\n\t\t<meta name=\"generator\" content=\"All in One SEO Pro (AIOSEO) 4.6.2\" \/>\n\t\t<meta property=\"og:locale\" content=\"pt_PT\" \/>\n\t\t<meta property=\"og:site_name\" content=\"SEKISUI S-LEC\" \/>\n\t\t<meta property=\"og:type\" content=\"article\" \/>\n\t\t<meta property=\"og:title\" content=\"O que \u00e9 o Head-Up Display? | SEKISUI S-LEC\" \/>\n\t\t<meta property=\"og:description\" content=\"O Head-up Display, HUD, \u00e9 um sistema que projecta v\u00e1rias informa\u00e7\u00f5es no para-brisas, como a velocidade e a navega\u00e7\u00e3o, contribuindo para uma maior seguran\u00e7a na condu\u00e7\u00e3o.\" \/>\n\t\t<meta property=\"og:url\" content=\"https:\/\/www.s-lecfilm.com\/pt-pt\/news\/what-is-HUD\/\" \/>\n\t\t<meta property=\"og:image\" content=\"https:\/\/www.s-lecfilm.com\/wp-content\/uploads\/shutterstock_554401909-1.webp\" \/>\n\t\t<meta property=\"og:image:secure_url\" content=\"https:\/\/www.s-lecfilm.com\/wp-content\/uploads\/shutterstock_554401909-1.webp\" \/>\n\t\t<meta property=\"og:image:width\" content=\"1920\" \/>\n\t\t<meta property=\"og:image:height\" content=\"860\" \/>\n\t\t<meta property=\"article:published_time\" content=\"2023-11-24T01:43:43+00:00\" \/>\n\t\t<meta property=\"article:modified_time\" content=\"2024-06-07T00:24:13+00:00\" \/>\n\t\t<meta name=\"twitter:card\" content=\"summary_large_image\" \/>\n\t\t<meta name=\"twitter:title\" content=\"O que \u00e9 o Head-Up Display? | SEKISUI S-LEC\" \/>\n\t\t<meta name=\"twitter:description\" content=\"O Head-up Display, HUD, \u00e9 um sistema que projecta v\u00e1rias informa\u00e7\u00f5es no para-brisas, como a velocidade e a navega\u00e7\u00e3o, contribuindo para uma maior seguran\u00e7a na condu\u00e7\u00e3o.\" \/>\n\t\t<meta name=\"twitter:image\" content=\"https:\/\/www.s-lecfilm.com\/wp-content\/uploads\/2023\/01\/Open-Graph-Image.png\" \/>\n\t\t<script type=\"application\/ld+json\" class=\"aioseo-schema\">\n\t\t\t{\"@context\":\"https:\\\/\\\/schema.org\",\"@graph\":[{\"@type\":\"BreadcrumbList\",\"@id\":\"https:\\\/\\\/www.s-lecfilm.com\\\/pt-pt\\\/news\\\/what-is-HUD\\\/#breadcrumblist\",\"itemListElement\":[{\"@type\":\"ListItem\",\"@id\":\"https:\\\/\\\/www.s-lecfilm.com\\\/pt-pt\\\/#listItem\",\"position\":1,\"name\":\"In\\u00edcio\",\"item\":\"https:\\\/\\\/www.s-lecfilm.com\\\/pt-pt\\\/\",\"nextItem\":\"https:\\\/\\\/www.s-lecfilm.com\\\/pt-pt\\\/news\\\/#listItem\"},{\"@type\":\"ListItem\",\"@id\":\"https:\\\/\\\/www.s-lecfilm.com\\\/pt-pt\\\/news\\\/#listItem\",\"position\":2,\"name\":\"\\\/pt-pt\\\/news\\\/\",\"item\":\"https:\\\/\\\/www.s-lecfilm.com\\\/pt-pt\\\/news\\\/\",\"nextItem\":\"https:\\\/\\\/www.s-lecfilm.com\\\/pt-pt\\\/news\\\/what-is-HUD\\\/#listItem\",\"previousItem\":\"https:\\\/\\\/www.s-lecfilm.com\\\/pt-pt\\\/#listItem\"},{\"@type\":\"ListItem\",\"@id\":\"https:\\\/\\\/www.s-lecfilm.com\\\/pt-pt\\\/news\\\/what-is-HUD\\\/#listItem\",\"position\":3,\"name\":\"\\\/pt-pt\\\/news\\\/what-is-HUD\\\/\",\"previousItem\":\"https:\\\/\\\/www.s-lecfilm.com\\\/pt-pt\\\/news\\\/#listItem\"}]},{\"@type\":\"Organization\",\"@id\":\"https:\\\/\\\/www.s-lecfilm.com\\\/pt-pt\\\/#organization\",\"name\":\"s-lecfilm\",\"url\":\"https:\\\/\\\/www.s-lecfilm.com\\\/pt-pt\\\/\"},{\"@type\":\"WebPage\",\"@id\":\"https:\\\/\\\/www.s-lecfilm.com\\\/pt-pt\\\/news\\\/what-is-HUD\\\/#webpage\",\"url\":\"https:\\\/\\\/www.s-lecfilm.com\\\/pt-pt\\\/news\\\/what-is-HUD\\\/\",\"name\":\"O que \\u00e9 o Head-Up Display? | SEKISUI S-LEC\",\"description\":\"O Head-up Display, HUD, \\u00e9 um sistema que projecta v\\u00e1rias informa\\u00e7\\u00f5es no para-brisas, como a velocidade e a navega\\u00e7\\u00e3o, contribuindo para uma maior seguran\\u00e7a na condu\\u00e7\\u00e3o.\",\"inLanguage\":\"pt-PT\",\"isPartOf\":{\"@id\":\"https:\\\/\\\/www.s-lecfilm.com\\\/pt-pt\\\/#website\"},\"breadcrumb\":{\"@id\":\"https:\\\/\\\/www.s-lecfilm.com\\\/pt-pt\\\/news\\\/what-is-HUD\\\/#breadcrumblist\"},\"datePublished\":\"2023-11-24T10:43:43+09:00\",\"dateModified\":\"2024-06-07T09:24:13+09:00\"},{\"@type\":\"WebSite\",\"@id\":\"https:\\\/\\\/www.s-lecfilm.com\\\/pt-pt\\\/#website\",\"url\":\"https:\\\/\\\/www.s-lecfilm.com\\\/pt-pt\\\/\",\"name\":\"s-lecfilm\",\"inLanguage\":\"pt-PT\",\"publisher\":{\"@id\":\"https:\\\/\\\/www.s-lecfilm.com\\\/pt-pt\\\/#organization\"}}]}\n\t\t<\/script>\n\t\t<!-- All in One SEO Pro -->\r\n\t\t<title>O que \u00e9 o Head-Up Display? | SEKISUI S-LEC<\/title>\n\n","aioseo_head_json":{"title":"O que \u00e9 o Head-Up Display? | SEKISUI S-LEC","description":"O Head-up Display, HUD, \u00e9 um sistema que projecta v\u00e1rias informa\u00e7\u00f5es no para-brisas, como a velocidade e a navega\u00e7\u00e3o, contribuindo para uma maior seguran\u00e7a na condu\u00e7\u00e3o.","canonical_url":"https:\/\/www.s-lecfilm.com\/pt-pt\/news\/what-is-HUD\/","robots":"max-image-preview:large","keywords":"","webmasterTools":{"google-site-verification":"LGoHK3imcI57fEDyHDnPGNxrBKyRAWvyS1_pmekTNEU","miscellaneous":""},"og:locale":"pt_PT","og:site_name":"SEKISUI S-LEC","og:type":"article","og:title":"O que \u00e9 o Head-Up Display? | SEKISUI S-LEC","og:description":"O Head-up Display, HUD, \u00e9 um sistema que projecta v\u00e1rias informa\u00e7\u00f5es no para-brisas, como a velocidade e a navega\u00e7\u00e3o, contribuindo para uma maior seguran\u00e7a na condu\u00e7\u00e3o.","og:url":"https:\/\/www.s-lecfilm.com\/pt-pt\/news\/what-is-HUD\/","og:image":"https:\/\/www.s-lecfilm.com\/wp-content\/uploads\/shutterstock_554401909-1.webp","og:image:secure_url":"https:\/\/www.s-lecfilm.com\/wp-content\/uploads\/shutterstock_554401909-1.webp","og:image:width":1920,"og:image:height":860,"article:published_time":"2023-11-24T01:43:43+00:00","article:modified_time":"2024-06-07T00:24:13+00:00","twitter:card":"summary_large_image","twitter:title":"O que \u00e9 o Head-Up Display? | SEKISUI S-LEC","twitter:description":"O Head-up Display, HUD, \u00e9 um sistema que projecta v\u00e1rias informa\u00e7\u00f5es no para-brisas, como a velocidade e a navega\u00e7\u00e3o, contribuindo para uma maior seguran\u00e7a na condu\u00e7\u00e3o.","twitter:image":"https:\/\/www.s-lecfilm.com\/wp-content\/uploads\/2023\/01\/Open-Graph-Image.png","schema":{"@context":"https:\/\/schema.org","@graph":[{"@type":"BreadcrumbList","@id":"https:\/\/www.s-lecfilm.com\/pt-pt\/news\/what-is-HUD\/#breadcrumblist","itemListElement":[{"@type":"ListItem","@id":"https:\/\/www.s-lecfilm.com\/pt-pt\/#listItem","position":1,"name":"In\u00edcio","item":"https:\/\/www.s-lecfilm.com\/pt-pt\/","nextItem":"https:\/\/www.s-lecfilm.com\/pt-pt\/news\/#listItem"},{"@type":"ListItem","@id":"https:\/\/www.s-lecfilm.com\/pt-pt\/news\/#listItem","position":2,"name":"\/pt-pt\/news\/","item":"https:\/\/www.s-lecfilm.com\/pt-pt\/news\/","nextItem":"https:\/\/www.s-lecfilm.com\/pt-pt\/news\/what-is-HUD\/#listItem","previousItem":"https:\/\/www.s-lecfilm.com\/pt-pt\/#listItem"},{"@type":"ListItem","@id":"https:\/\/www.s-lecfilm.com\/pt-pt\/news\/what-is-HUD\/#listItem","position":3,"name":"\/pt-pt\/news\/what-is-HUD\/","previousItem":"https:\/\/www.s-lecfilm.com\/pt-pt\/news\/#listItem"}]},{"@type":"Organization","@id":"https:\/\/www.s-lecfilm.com\/pt-pt\/#organization","name":"s-lecfilm","url":"https:\/\/www.s-lecfilm.com\/pt-pt\/"},{"@type":"WebPage","@id":"https:\/\/www.s-lecfilm.com\/pt-pt\/news\/what-is-HUD\/#webpage","url":"https:\/\/www.s-lecfilm.com\/pt-pt\/news\/what-is-HUD\/","name":"O que \u00e9 o Head-Up Display? | SEKISUI S-LEC","description":"O Head-up Display, HUD, \u00e9 um sistema que projecta v\u00e1rias informa\u00e7\u00f5es no para-brisas, como a velocidade e a navega\u00e7\u00e3o, contribuindo para uma maior seguran\u00e7a na condu\u00e7\u00e3o.","inLanguage":"pt-PT","isPartOf":{"@id":"https:\/\/www.s-lecfilm.com\/pt-pt\/#website"},"breadcrumb":{"@id":"https:\/\/www.s-lecfilm.com\/pt-pt\/news\/what-is-HUD\/#breadcrumblist"},"datePublished":"2023-11-24T10:43:43+09:00","dateModified":"2024-06-07T09:24:13+09:00"},{"@type":"WebSite","@id":"https:\/\/www.s-lecfilm.com\/pt-pt\/#website","url":"https:\/\/www.s-lecfilm.com\/pt-pt\/","name":"s-lecfilm","inLanguage":"pt-PT","publisher":{"@id":"https:\/\/www.s-lecfilm.com\/pt-pt\/#organization"}}]}},"aioseo_meta_data":{"post_id":"17765","title":"O que \u00e9 o Head-Up Display? | SEKISUI S-LEC","description":"O Head-up Display, HUD, \u00e9 um sistema que projecta v\u00e1rias informa\u00e7\u00f5es no para-brisas, como a velocidade e a navega\u00e7\u00e3o, contribuindo para uma maior seguran\u00e7a na condu\u00e7\u00e3o.","keywords":null,"keyphrases":"{\"focus\":{\"keyphrase\":\"\",\"score\":0,\"analysis\":{\"keyphraseInTitle\":{\"score\":0,\"maxScore\":9,\"error\":1}}},\"additional\":[]}","primary_term":null,"canonical_url":null,"og_title":null,"og_description":null,"og_object_type":"default","og_image_type":"custom_image","og_image_url":"https:\/\/www.s-lecfilm.com\/wp-content\/uploads\/2023\/01\/Open-Graph-Image.png","og_image_width":"0","og_image_height":"0","og_image_custom_url":"https:\/\/www.s-lecfilm.com\/wp-content\/uploads\/shutterstock_554401909-1.webp","og_image_custom_fields":null,"og_video":"","og_custom_url":null,"og_article_section":null,"og_article_tags":null,"twitter_use_og":false,"twitter_card":"default","twitter_image_type":"default","twitter_image_url":null,"twitter_image_custom_url":null,"twitter_image_custom_fields":null,"twitter_title":null,"twitter_description":null,"schema":{"blockGraphs":[],"customGraphs":[],"default":{"data":{"Article":[],"Course":[],"Dataset":[],"FAQPage":[],"Movie":[],"Person":[],"Product":[],"Recipe":[],"Service":[],"SoftwareApplication":[],"WebPage":[]},"graphName":"WebPage","isEnabled":true},"graphs":[]},"schema_type":"default","schema_type_options":null,"pillar_content":false,"robots_default":true,"robots_noindex":true,"robots_noarchive":false,"robots_nosnippet":false,"robots_nofollow":false,"robots_noimageindex":false,"robots_noodp":false,"robots_notranslate":false,"robots_max_snippet":"-1","robots_max_videopreview":"-1","robots_max_imagepreview":"large","priority":null,"frequency":"default","local_seo":null,"limit_modified_date":false,"reviewed_by":null,"open_ai":{"title":{"suggestions":[],"usage":0},"description":{"suggestions":[],"usage":0}},"created":"2024-03-06 12:53:36","updated":"2024-06-07 03:27:04"},"aioseo_breadcrumb":"<div class=\"aioseo-breadcrumbs\"><span class=\"aioseo-breadcrumb\">\n\t<a href=\"https:\/\/www.s-lecfilm.com\/pt-pt\/\" title=\"\u30db\u30fc\u30e0\">\u30db\u30fc\u30e0<\/a>\n<\/span><span class=\"aioseo-breadcrumb-separator\">&raquo;<\/span><span class=\"aioseo-breadcrumb\">\n\t<a href=\"https:\/\/www.s-lecfilm.com\/pt-pt\/news\/\" title=\"Privado: \/pt-pt\/news\/\">Privado: \/pt-pt\/news\/<\/a>\n<\/span><span class=\"aioseo-breadcrumb-separator\">&raquo;<\/span><span class=\"aioseo-breadcrumb\">\n\t\/pt-pt\/news\/what-is-HUD\/\n<\/span><\/div>","aioseo_breadcrumb_json":[{"label":"\u30db\u30fc\u30e0","link":"https:\/\/www.s-lecfilm.com\/pt-pt\/"},{"label":"Privado: \/pt-pt\/news\/","link":"https:\/\/www.s-lecfilm.com\/pt-pt\/news\/"},{"label":"\/pt-pt\/news\/what-is-HUD\/","link":"https:\/\/www.s-lecfilm.com\/pt-pt\/news\/what-is-HUD\/"}],"_links":{"self":[{"href":"https:\/\/www.s-lecfilm.com\/pt-pt\/wp-json\/wp\/v2\/pages\/17765"}],"collection":[{"href":"https:\/\/www.s-lecfilm.com\/pt-pt\/wp-json\/wp\/v2\/pages"}],"about":[{"href":"https:\/\/www.s-lecfilm.com\/pt-pt\/wp-json\/wp\/v2\/types\/page"}],"author":[{"embeddable":true,"href":"https:\/\/www.s-lecfilm.com\/pt-pt\/wp-json\/wp\/v2\/users\/14"}],"replies":[{"embeddable":true,"href":"https:\/\/www.s-lecfilm.com\/pt-pt\/wp-json\/wp\/v2\/comments?post=17765"}],"version-history":[{"count":6,"href":"https:\/\/www.s-lecfilm.com\/pt-pt\/wp-json\/wp\/v2\/pages\/17765\/revisions"}],"predecessor-version":[{"id":21343,"href":"https:\/\/www.s-lecfilm.com\/pt-pt\/wp-json\/wp\/v2\/pages\/17765\/revisions\/21343"}],"up":[{"embeddable":true,"href":"https:\/\/www.s-lecfilm.com\/pt-pt\/wp-json\/wp\/v2\/pages\/17043"}],"wp:attachment":[{"href":"https:\/\/www.s-lecfilm.com\/pt-pt\/wp-json\/wp\/v2\/media?parent=17765"}],"wp:term":[{"taxonomy":"page_category","embeddable":true,"href":"https:\/\/www.s-lecfilm.com\/pt-pt\/wp-json\/wp\/v2\/page_category?post=17765"}],"curies":[{"name":"wp","href":"https:\/\/api.w.org\/{rel}","templated":true}]}}