{"id":17599,"date":"2023-02-14T10:00:00","date_gmt":"2023-02-14T01:00:00","guid":{"rendered":"https:\/\/www.s-lecfilm.com\/pt-pt-design-arch\/"},"modified":"2024-06-07T09:57:43","modified_gmt":"2024-06-07T00:57:43","slug":"pt-pt-design-arch","status":"publish","type":"page","link":"https:\/\/www.s-lecfilm.com\/pt-pt\/design-arch\/","title":{"rendered":"\/pt-pt\/design-arch\/"},"content":{"rendered":"<div class=\"frame pt-0\" style=\"clear: both;\">\n\t<div class=\"hero-flame\" style=\"height:62vh;margin:0;\">\n\t\t<div class=\"hero-flame-bg\">\n\t\t\t<img loading=\"lazy\" decoding=\"async\" class=\"hero-flame-bg-img\" src=\"https:\/\/www.s-lecfilm.com\/wp-content\/uploads\/Hero_design-arch.webp\" width=\"1920\" height=\"960\" alt=\"Design of architectural glass that pursues the potential of colored glass and gradation glass\" style=\"object-position:50% 0%;\">\n\t\t<\/div>\n\t\t<div class=\"hero-flame-content\">\n\t\t\t\t\t\t\t<div class=\"hero-text\">\n\t\t\t\t\t<div class=\"hero-text-title\">\n\t\t\t\t\t\tConce\u00e7\u00e3o\t\t\t\t\t<\/div>\n\t\t\t\t\t\t\t\t\t\t\t<div class=\"hero-text-subtitle\">\n\t\t\t\t\t\t\tUm design que me diz algo\t\t\t\t\t\t<\/div>\n\t\t\t\t\t\t\t\t\t<\/div>\n\t\t\t\t<\/div>\n\t<\/div>\n<\/div>\n\n<div class=\"frame pt-0 pb-0\">\n\t\n<div class=\"c-tab-type01 tab-flame\">\n\t<div class=\"container\">\n\t\t\t\t<ul class=\"tab_area\">\n\t\t\t\t\t\t\t\t\t<li id=\"autom\u00f3vel\" class=\"tab-menu\"><a href=\"\/pt-pt\/design-auto\/#auto\">Automotivo<\/a><\/li>\n\t\t\t\t\t\t\t\t\t<li id=\"arquitetura\" class=\"tab-menu select\"><a href=\"\/pt-pt\/design-arch\/#arch\">Arquitetura<\/a><\/li>\n\t\t\t\t\t<\/ul>\n\t\t\t<\/div>\n<\/div>\n\n\n<div class=\"container mt-5\">\n\t\n<H2 class=\"c-title-level02 section-subtitle\">Tend\u00eancias da arquitetura<\/H2>\n\n<div class=\"c-layout-frame section-flame\">\n\t\t<div class=\"row align-items-center\">\n\t\t<div class=\"col-lg-6\">\n\t\t\t<div class=\"feature-img text-center\">\n\t\t\t\t\t\t\t\t<img decoding=\"async\" src=\"https:\/\/www.s-lecfilm.com\/wp-content\/uploads\/shutterstock_186752795-1-1024x683.webp\"  alt=\"The glass facade of the white building using PVB interlayer for architectural glass applications\">\n\t\t\t\t\t\t\t<\/div>\n\t\t<\/div>\n\t\t<div class=\"col-lg-6\">\n\t\t\t<div class=\"feature-cont\">\n\t\t\t\t<div class=\"acf-innerblocks-container\">\n\n<p>As tend\u00eancias no design do vidro arquitet\u00f3nico est\u00e3o a evoluir rapidamente, centrando-se na melhoria da efici\u00eancia energ\u00e9tica, da seguran\u00e7a e da est\u00e9tica. Gra\u00e7as \u00e0s inova\u00e7\u00f5es na tecnologia de interlayer PVB, o vidro laminado est\u00e1 na vanguarda destes desenvolvimentos.<\/p>\n\n\n\n<p>Creative Minds by SEKISUI S-LEC tamb\u00e9m explora as possibilidades do vidro laminado colorido e gradiente, inaugurando uma nova era de design arquitet\u00f3nico visualmente apelativo.<\/p>\n\n<\/div>\t\t\t<\/div>\n\t\t<\/div>\n\t<\/div>\n\t<\/div>\n\n\n<H1 class=\"c-title-level02 section-subtitle\">Design em vidro arquitet\u00f3nico<\/H1>\n\n<div class=\"c-layout-frame section-flame\">\n\t\t<div class=\"row align-items-center\">\n\t\t<div class=\"col-lg-6 order-lg-1 order-0\">\n\t\t\t<div class=\"feature-img text-center\">\n\t\t\t\t\t\t\t\t<img decoding=\"async\" src=\"https:\/\/www.s-lecfilm.com\/wp-content\/uploads\/img_00005-1-1024x684.webp\"  alt=\"Building with S-LEC\u2122 Film working on a wide range of design solutions\">\n\t\t\t\t\t\t\t<\/div>\n\t\t<\/div>\n\t\t<div class=\"col-lg-6 order-lg-0 order-1\">\n\t\t\t<div class=\"feature-cont\">\n\t\t\t\t<div class=\"acf-innerblocks-container\">\n\n<p>O design \u00e9 um componente muito importante do envidra\u00e7amento.<\/p>\n\n\n\n<p>S-LEC\u2122 PVB interlayer film para vidro laminado est\u00e1 dispon\u00edvel em v\u00e1rias cores e grada\u00e7\u00f5es, oferecendo mais liberdade criativa, mantendo o desempenho S-LEC\u2122 para uma vasta gama de formas de vidro e aplica\u00e7\u00f5es em vidro laminado decorativo.<\/p>\n\n\n\n<p>Experimente o vidro laminado colorido com as nossas solu\u00e7\u00f5es inovadoras de vidro arquitet\u00f3nico. As nossas solu\u00e7\u00f5es abrem novas dimens\u00f5es na est\u00e9tica arquitet\u00f3nica, permitindo-lhe criar espa\u00e7os marcantes, \u00fanicos e visualmente cativantes que se destacam verdadeiramente. Eleve a sua vis\u00e3o arquitet\u00f3nica com as solu\u00e7\u00f5es da SEKISUI S-LEC para vidro laminado decorativo.<\/p>\n\n\n<div class=\"c-button-type01 row justify-content-center\">\n\t<div class=\"col-lg-5 d-brochure-bg-btn is-inner-btn btn-size-medium\">\n\t\t<a href=\"\/pt-pt\/download\/ArchG\/\" target=\"_blank\">\n\t\t\t<button type=\"button\" class=\"btn btn-primary\">Descarregar a brochura<\/button>\n\t\t<\/a>\n\t<\/div>\n<\/div>\n\n<\/div>\t\t\t<\/div>\n\t\t<\/div>\n\t<\/div>\n\t<\/div>\n\n\n<H2 class=\"c-title-level02 section-subtitle\">Cielora\u2122, opaco a transparente com uma camada interm\u00e9dia de PVB com gradiente natural<\/H2>\n\n<div class=\"c-layout-frame section-flame\">\n\t\t<div class=\"row align-items-center\">\n\t\t<div class=\"col-lg-6\">\n\t\t\t<div class=\"feature-img text-center\">\n\t\t\t\t\t\t\t\t<img decoding=\"async\" src=\"https:\/\/www.s-lecfilm.com\/wp-content\/uploads\/Cielara_contents-1-1024x611.webp\"  alt=\"Balcony with Cielora\u2122, Milky White Gradatient PVB interlayer\">\n\t\t\t\t\t\t\t<\/div>\n\t\t<\/div>\n\t\t<div class=\"col-lg-6\">\n\t\t\t<div class=\"feature-cont\">\n\t\t\t\t<div class=\"acf-innerblocks-container\">\n\n<p>Cielora\u2122 \u00e9 uma pel\u00edcula intercalar de PVB que vai do vidro totalmente opaco (vidro de privacidade) branco ao vidro totalmente transparente O gradiente branco \u00e9 invis\u00edvel a olho nu, permitindo a sua aplica\u00e7\u00e3o em desenhos de alta qualidade com uma grada\u00e7\u00e3o de cor natural e uma criatividade sem fim.<\/p>\n\n\n\n<p>Cielora\u2122 tem muitas aplica\u00e7\u00f5es em qualquer lugar onde os pain\u00e9is de vidro fa\u00e7am parte do design exterior ou interior. Exemplos de aplica\u00e7\u00f5es incluem:<\/p>\n\n\n\n<ul class=\"wp-block-list\">\n<li>Varanda de vidro<\/li>\n\n\n\n<li>Vidro de fachada<\/li>\n\n\n\n<li>Divis\u00f3rias de vidro em edif\u00edcios p\u00fablicos<\/li>\n\n\n\n<li>Portas de vidro<\/li>\n<\/ul>\n\n\n<div class=\"c-button-type02 feature-cont-btn text-center\">\n\t<a href=\"\/pt-pt\/cielora\/\" >\n\t\t<button class=\"btn btn-primary is-caret-link\">\n\t\t\t\t\t\t\tSaiba mais\t\t\t\t\t\t<\/button>\n\t<\/a>\n<\/div>\n\n\n\n<p><\/p>\n\n\n<div class=\"c-button-type01 row justify-content-center\">\n\t<div class=\"col-lg-5 d-brochure-bg-btn is-inner-btn btn-size-medium\">\n\t\t<a href=\"\/pt-pt\/download\/Cielora-leaflet\/\" target=\"_blank\">\n\t\t\t<button type=\"button\" class=\"btn btn-primary\">Descarregar a brochura<\/button>\n\t\t<\/a>\n\t<\/div>\n<\/div>\n\n<\/div>\t\t\t<\/div>\n\t\t<\/div>\n\t<\/div>\n\t<\/div>\n\n<\/div>\n\n<\/div>\n\n\n<div class=\"frame pt-0\">\n\t\n<div class=\"container\">\n\t\n<H2 class=\"c-title-level02 section-subtitle\">Casos de utiliza\u00e7\u00e3o<\/H2>\n\n    <div class=\"container\">\r\n              <div class=\"row justify-content-center\">\r\n                <div class=\"col-lg-6\">\r\n                  <div class=\"slick-usecase\">\r\n                    <div class=\"usecase-flame\">\r\n                      <div class=\"usecase-title\">\r\n                        <img decoding=\"async\" src=\"https:\/\/www.s-lecfilm.com\/wp-content\/themes\/s-lecfilm\/images\/icon\/slec_icon_05.svg\" alt=\"\"><span>colorido<\/span>\r\n                      <\/div>\r\n                      <div class=\"usecase-img\">\r\n                        <img decoding=\"async\" src=\"https:\/\/www.s-lecfilm.com\/wp-content\/themes\/s-lecfilm\/images\/design\/design-arch-3.jpg\" alt=\"\">\r\n                      <\/div>\r\n                      <div class=\"usecase-caption\">\r\n  Aeon Lake Town Outlet, Saitama, Jap\u00e3o\r\n                      <\/div>\r\n                    <\/div>\r\n                  <\/div>\r\n                <\/div>\r\n              <\/div>\r\n              <div class=\"row justify-content-center\">\r\n                <div class=\"col-lg-10\">\r\n                  <div class=\"usecase-text\">\r\n S-LEC\u2122 Colour Film oferece uma vasta gama de aplica\u00e7\u00f5es. \u00c9 mais vis\u00edvel em edif\u00edcios comerciais e arranha-c\u00e9us, lojas de conveni\u00eancia, restaurantes e at\u00e9 em instala\u00e7\u00f5es p\u00fablicas, incluindo escolas.\r\n                  <\/div>\r\n                <\/div>\r\n              <\/div>\r\n            <\/div>\n\n\n<p><\/p>\n\n\n&nbsp;\n\n\n<p><\/p>\n\n\n<H2 class=\"c-title-level02 section-subtitle\">As nossas solu\u00e7\u00f5es para vidro laminado para arquitetura<\/H2>\n\n<div class=\"c-layout-frame section-flame\">\n\t\t<div class=\"row align-items-center\">\n\t\t<div class=\"col-lg-6 order-lg-1 order-0\">\n\t\t\t<div class=\"feature-img text-center\">\n\t\t\t\t\t\t\t\t<img decoding=\"async\" src=\"https:\/\/www.s-lecfilm.com\/wp-content\/uploads\/wall5-1_img07-1-1024x762.webp\"  alt=\"Technology peace that realizes a glass solution that combines functions and aesthetics\">\n\t\t\t\t\t\t\t<\/div>\n\t\t<\/div>\n\t\t<div class=\"col-lg-6 order-lg-0 order-1\">\n\t\t\t<div class=\"feature-cont\">\n\t\t\t\t<div class=\"acf-innerblocks-container\">\n\n<p>A pel\u00edcula S-LEC\u2122 PVB interlayer para vidro laminado pode combinar controlo solar, op\u00e7\u00f5es de cor, bloqueio de UV, seguran\u00e7a melhorada e desempenho ac\u00fastico do vidro numa \u00fanica pel\u00edcula. Esta inova\u00e7\u00e3o optimiza a efici\u00eancia energ\u00e9tica e acrescenta um toque de est\u00e9tica personalizada. Al\u00e9m disso, proporciona paz de esp\u00edrito atrav\u00e9s de caracter\u00edsticas de seguran\u00e7a robustas e capacidades de redu\u00e7\u00e3o do ru\u00eddo para criar solu\u00e7\u00f5es de vidro arquitet\u00f3nico multifuncionais.<\/p>\n\n\n\n<p>  Contacte-nos agora para saber mais sobre as possibilidades.<\/p>\n\n\n<div class=\"c-button-type02 feature-cont-btn text-center\">\n\t<a href=\"\/pt-pt\/architecture\/\" >\n\t\t<button class=\"btn btn-primary is-caret-link\">\n\t\t\t\t\t\t\tSaiba mais\t\t\t\t\t\t<\/button>\n\t<\/a>\n<\/div>\n\n<\/div>\t\t\t<\/div>\n\t\t<\/div>\n\t<\/div>\n\t<\/div>\n\n<\/div>\n\n<\/div>\n\n\n\n<div class=\"frame is-bg-img c-more-detail \">\n\t<div class=\"container\">\n\t\t<div class=\"row justify-content-center\">\n\t\t\t<div class=\"col-lg-10\">\n\t\t\t\t<div class=\"row\">\n\t\t\t\t\t<div class=\"col-lg-7 mb-5 mb-lg-0\">\n\t\t\t\t\t\t<div class=\"contact-footer-text\">\n\t\t\t\t\t\t\tGostaria de saber mais?\t\t\t\t\t\t<\/div>\n\t\t\t\t\t\t<div class=\"contact-footer-btn\">\n\t\t\t\t\t\t\t<a href=\"\/pt-pt\/download\/all\/\" target=\"_blank\">\n\t\t\t\t\t\t\t\t<button class=\"btn btn-primary fa-download-check\">\n\t\t\t\t\t\t\t\t\t\t\t\t\t\t\t\t\t\t\tDownloads\t\t\t\t\t\t\t\t\t\t\t\t\t\t\t\t\t<\/button>\n\t\t\t\t\t\t\t<\/a>\n\t\t\t\t\t\t\t<a href=\"\/pt-pt\/download\/Inquiry\/\" target=\"_blank\">\n\t\t\t\t\t\t\t\t<button class=\"btn btn-primary is-external-link\">\n\t\t\t\t\t\t\t\t\t\t\t\t\t\t\t\t\t\t\tContate-nos\t\t\t\t\t\t\t\t\t\t\t\t\t\t\t\t\t<\/button>\n\t\t\t\t\t\t\t<\/a>\n\t\t\t\t\t\t<\/div>\n\t\t\t\t\t<\/div>\n\t\t\t\t\t<div class=\"col-lg-5\">\n\t\t\t\t\t\t<div class=\"contact-footer-img\">\n\t\t\t\t\t\t\t\t\t\t\t\t\t\t<img decoding=\"async\" src=\"https:\/\/www.s-lecfilm.com\/wp-content\/uploads\/thankyou_hero-1-1-1024x576.webp\" alt=\"Those who want to know more about S-LEC\u2122 Film\">\n\t\t\t\t\t\t\t\t\t\t\t\t\t<\/div>\n\t\t\t\t\t<\/div>\n\t\t\t\t<\/div>\n\t\t\t<\/div>\n\t\t<\/div>\n\t<\/div>\n<\/div>\n","protected":false},"excerpt":{"rendered":"","protected":false},"author":7,"featured_media":0,"parent":0,"menu_order":227,"comment_status":"closed","ping_status":"closed","template":"","meta":{"_acf_changed":false,"_oasis_is_in_workflow":0,"_oasis_original":0,"om_disable_all_campaigns":false,"inline_featured_image":false,"_monsterinsights_skip_tracking":false,"_monsterinsights_sitenote_active":false,"_monsterinsights_sitenote_note":"","_monsterinsights_sitenote_category":0,"footnotes":""},"page_category":[101,131,121],"class_list":["post-17599","page","type-page","status-publish","hentry"],"acf":[],"aioseo_notices":[],"aioseo_head":"\n\t\t<!-- All in One SEO Pro 4.6.2 - aioseo.com -->\n\t\t<meta name=\"description\" content=\"O design \u00e9 um componente muito importante do envidra\u00e7amento. As pel\u00edculas S-LEC\u2122 PVB Interlayer est\u00e3o dispon\u00edveis em v\u00e1rias cores diferentes, oferecendo mais liberdade de criatividade.\" \/>\n\t\t<meta name=\"robots\" content=\"max-image-preview:large\" \/>\n\t\t<meta name=\"google-site-verification\" content=\"LGoHK3imcI57fEDyHDnPGNxrBKyRAWvyS1_pmekTNEU\" \/>\n\t\t<link rel=\"canonical\" href=\"https:\/\/www.s-lecfilm.com\/pt-pt\/design-arch\/\" \/>\n\t\t<meta name=\"generator\" content=\"All in One SEO Pro (AIOSEO) 4.6.2\" \/>\n\t\t<meta property=\"og:locale\" content=\"pt_PT\" \/>\n\t\t<meta property=\"og:site_name\" content=\"SEKISUI S-LEC\" \/>\n\t\t<meta property=\"og:type\" content=\"article\" \/>\n\t\t<meta property=\"og:title\" content=\"Vidro laminado colorido da Design Interlayer | SEKISUI S-LEC\" \/>\n\t\t<meta property=\"og:description\" content=\"O design \u00e9 um componente muito importante do envidra\u00e7amento. As pel\u00edculas S-LEC\u2122 PVB Interlayer est\u00e3o dispon\u00edveis em v\u00e1rias cores diferentes, oferecendo mais liberdade de criatividade.\" \/>\n\t\t<meta property=\"og:url\" content=\"https:\/\/www.s-lecfilm.com\/pt-pt\/design-arch\/\" \/>\n\t\t<meta property=\"og:image\" content=\"https:\/\/www.s-lecfilm.com\/wp-content\/uploads\/2023\/01\/Open-Graph-Image.png\" \/>\n\t\t<meta property=\"og:image:secure_url\" content=\"https:\/\/www.s-lecfilm.com\/wp-content\/uploads\/2023\/01\/Open-Graph-Image.png\" \/>\n\t\t<meta property=\"article:published_time\" content=\"2023-02-14T01:00:00+00:00\" \/>\n\t\t<meta property=\"article:modified_time\" content=\"2024-06-07T00:57:43+00:00\" \/>\n\t\t<meta name=\"twitter:card\" content=\"summary_large_image\" \/>\n\t\t<meta name=\"twitter:title\" content=\"Vidro laminado colorido da Design Interlayer | SEKISUI S-LEC\" \/>\n\t\t<meta name=\"twitter:description\" content=\"O design \u00e9 um componente muito importante do envidra\u00e7amento. As pel\u00edculas S-LEC\u2122 PVB Interlayer est\u00e3o dispon\u00edveis em v\u00e1rias cores diferentes, oferecendo mais liberdade de criatividade.\" \/>\n\t\t<meta name=\"twitter:image\" content=\"https:\/\/www.s-lecfilm.com\/wp-content\/uploads\/2023\/01\/Open-Graph-Image.png\" \/>\n\t\t<script type=\"application\/ld+json\" class=\"aioseo-schema\">\n\t\t\t{\"@context\":\"https:\\\/\\\/schema.org\",\"@graph\":[{\"@type\":\"BreadcrumbList\",\"@id\":\"https:\\\/\\\/www.s-lecfilm.com\\\/pt-pt\\\/design-arch\\\/#breadcrumblist\",\"itemListElement\":[{\"@type\":\"ListItem\",\"@id\":\"https:\\\/\\\/www.s-lecfilm.com\\\/pt-pt\\\/#listItem\",\"position\":1,\"name\":\"In\\u00edcio\",\"item\":\"https:\\\/\\\/www.s-lecfilm.com\\\/pt-pt\\\/\",\"nextItem\":\"https:\\\/\\\/www.s-lecfilm.com\\\/pt-pt\\\/design-arch\\\/#listItem\"},{\"@type\":\"ListItem\",\"@id\":\"https:\\\/\\\/www.s-lecfilm.com\\\/pt-pt\\\/design-arch\\\/#listItem\",\"position\":2,\"name\":\"\\\/pt-pt\\\/design-arch\\\/\",\"previousItem\":\"https:\\\/\\\/www.s-lecfilm.com\\\/pt-pt\\\/#listItem\"}]},{\"@type\":\"Organization\",\"@id\":\"https:\\\/\\\/www.s-lecfilm.com\\\/pt-pt\\\/#organization\",\"name\":\"s-lecfilm\",\"url\":\"https:\\\/\\\/www.s-lecfilm.com\\\/pt-pt\\\/\"},{\"@type\":\"WebPage\",\"@id\":\"https:\\\/\\\/www.s-lecfilm.com\\\/pt-pt\\\/design-arch\\\/#webpage\",\"url\":\"https:\\\/\\\/www.s-lecfilm.com\\\/pt-pt\\\/design-arch\\\/\",\"name\":\"Vidro laminado colorido da Design Interlayer | SEKISUI S-LEC\",\"description\":\"O design \\u00e9 um componente muito importante do envidra\\u00e7amento. As pel\\u00edculas S-LEC\\u2122 PVB Interlayer est\\u00e3o dispon\\u00edveis em v\\u00e1rias cores diferentes, oferecendo mais liberdade de criatividade.\",\"inLanguage\":\"pt-PT\",\"isPartOf\":{\"@id\":\"https:\\\/\\\/www.s-lecfilm.com\\\/pt-pt\\\/#website\"},\"breadcrumb\":{\"@id\":\"https:\\\/\\\/www.s-lecfilm.com\\\/pt-pt\\\/design-arch\\\/#breadcrumblist\"},\"datePublished\":\"2023-02-14T10:00:00+09:00\",\"dateModified\":\"2024-06-07T09:57:43+09:00\"},{\"@type\":\"WebSite\",\"@id\":\"https:\\\/\\\/www.s-lecfilm.com\\\/pt-pt\\\/#website\",\"url\":\"https:\\\/\\\/www.s-lecfilm.com\\\/pt-pt\\\/\",\"name\":\"s-lecfilm\",\"inLanguage\":\"pt-PT\",\"publisher\":{\"@id\":\"https:\\\/\\\/www.s-lecfilm.com\\\/pt-pt\\\/#organization\"}}]}\n\t\t<\/script>\n\t\t<!-- All in One SEO Pro -->\r\n\t\t<title>Vidro laminado colorido da Design Interlayer | SEKISUI S-LEC<\/title>\n\n","aioseo_head_json":{"title":"Vidro laminado colorido da Design Interlayer | SEKISUI S-LEC","description":"O design \u00e9 um componente muito importante do envidra\u00e7amento. As pel\u00edculas S-LEC\u2122 PVB Interlayer est\u00e3o dispon\u00edveis em v\u00e1rias cores diferentes, oferecendo mais liberdade de criatividade.","canonical_url":"https:\/\/www.s-lecfilm.com\/pt-pt\/design-arch\/","robots":"max-image-preview:large","keywords":"","webmasterTools":{"google-site-verification":"LGoHK3imcI57fEDyHDnPGNxrBKyRAWvyS1_pmekTNEU","miscellaneous":""},"og:locale":"pt_PT","og:site_name":"SEKISUI S-LEC","og:type":"article","og:title":"Vidro laminado colorido da Design Interlayer | SEKISUI S-LEC","og:description":"O design \u00e9 um componente muito importante do envidra\u00e7amento. As pel\u00edculas S-LEC\u2122 PVB Interlayer est\u00e3o dispon\u00edveis em v\u00e1rias cores diferentes, oferecendo mais liberdade de criatividade.","og:url":"https:\/\/www.s-lecfilm.com\/pt-pt\/design-arch\/","og:image":"https:\/\/www.s-lecfilm.com\/wp-content\/uploads\/2023\/01\/Open-Graph-Image.png","og:image:secure_url":"https:\/\/www.s-lecfilm.com\/wp-content\/uploads\/2023\/01\/Open-Graph-Image.png","article:published_time":"2023-02-14T01:00:00+00:00","article:modified_time":"2024-06-07T00:57:43+00:00","twitter:card":"summary_large_image","twitter:title":"Vidro laminado colorido da Design Interlayer | SEKISUI S-LEC","twitter:description":"O design \u00e9 um componente muito importante do envidra\u00e7amento. As pel\u00edculas S-LEC\u2122 PVB Interlayer est\u00e3o dispon\u00edveis em v\u00e1rias cores diferentes, oferecendo mais liberdade de criatividade.","twitter:image":"https:\/\/www.s-lecfilm.com\/wp-content\/uploads\/2023\/01\/Open-Graph-Image.png","schema":{"@context":"https:\/\/schema.org","@graph":[{"@type":"BreadcrumbList","@id":"https:\/\/www.s-lecfilm.com\/pt-pt\/design-arch\/#breadcrumblist","itemListElement":[{"@type":"ListItem","@id":"https:\/\/www.s-lecfilm.com\/pt-pt\/#listItem","position":1,"name":"In\u00edcio","item":"https:\/\/www.s-lecfilm.com\/pt-pt\/","nextItem":"https:\/\/www.s-lecfilm.com\/pt-pt\/design-arch\/#listItem"},{"@type":"ListItem","@id":"https:\/\/www.s-lecfilm.com\/pt-pt\/design-arch\/#listItem","position":2,"name":"\/pt-pt\/design-arch\/","previousItem":"https:\/\/www.s-lecfilm.com\/pt-pt\/#listItem"}]},{"@type":"Organization","@id":"https:\/\/www.s-lecfilm.com\/pt-pt\/#organization","name":"s-lecfilm","url":"https:\/\/www.s-lecfilm.com\/pt-pt\/"},{"@type":"WebPage","@id":"https:\/\/www.s-lecfilm.com\/pt-pt\/design-arch\/#webpage","url":"https:\/\/www.s-lecfilm.com\/pt-pt\/design-arch\/","name":"Vidro laminado colorido da Design Interlayer | SEKISUI S-LEC","description":"O design \u00e9 um componente muito importante do envidra\u00e7amento. As pel\u00edculas S-LEC\u2122 PVB Interlayer est\u00e3o dispon\u00edveis em v\u00e1rias cores diferentes, oferecendo mais liberdade de criatividade.","inLanguage":"pt-PT","isPartOf":{"@id":"https:\/\/www.s-lecfilm.com\/pt-pt\/#website"},"breadcrumb":{"@id":"https:\/\/www.s-lecfilm.com\/pt-pt\/design-arch\/#breadcrumblist"},"datePublished":"2023-02-14T10:00:00+09:00","dateModified":"2024-06-07T09:57:43+09:00"},{"@type":"WebSite","@id":"https:\/\/www.s-lecfilm.com\/pt-pt\/#website","url":"https:\/\/www.s-lecfilm.com\/pt-pt\/","name":"s-lecfilm","inLanguage":"pt-PT","publisher":{"@id":"https:\/\/www.s-lecfilm.com\/pt-pt\/#organization"}}]}},"aioseo_meta_data":{"post_id":"17599","title":"Vidro laminado colorido da Design Interlayer | SEKISUI S-LEC","description":"O design \u00e9 um componente muito importante do envidra\u00e7amento. As pel\u00edculas S-LEC\u2122 PVB Interlayer est\u00e3o dispon\u00edveis em v\u00e1rias cores diferentes, oferecendo mais liberdade de criatividade.","keywords":null,"keyphrases":"{\"focus\":{\"keyphrase\":\"\",\"score\":0,\"analysis\":{\"keyphraseInTitle\":{\"score\":0,\"maxScore\":9,\"error\":1}}},\"additional\":[]}","primary_term":null,"canonical_url":null,"og_title":null,"og_description":null,"og_object_type":"default","og_image_type":"custom_image","og_image_url":"https:\/\/www.s-lecfilm.com\/wp-content\/uploads\/2023\/01\/hero-img2-arch.jpg","og_image_width":"0","og_image_height":"0","og_image_custom_url":"https:\/\/www.s-lecfilm.com\/wp-content\/uploads\/2023\/01\/hero-img2-arch.jpg","og_image_custom_fields":null,"og_video":"","og_custom_url":null,"og_article_section":null,"og_article_tags":null,"twitter_use_og":false,"twitter_card":"default","twitter_image_type":"custom_image","twitter_image_url":"https:\/\/www.s-lecfilm.com\/wp-content\/uploads\/2023\/01\/hero-img2-arch.jpg","twitter_image_custom_url":"https:\/\/www.s-lecfilm.com\/wp-content\/uploads\/2023\/01\/hero-img2-arch.jpg","twitter_image_custom_fields":null,"twitter_title":null,"twitter_description":null,"schema":{"blockGraphs":[],"customGraphs":[],"default":{"data":{"Article":[],"Course":[],"Dataset":[],"FAQPage":[],"Movie":[],"Person":[],"Product":[],"Recipe":[],"Service":[],"SoftwareApplication":[],"WebPage":[]},"graphName":"WebPage","isEnabled":true},"graphs":[]},"schema_type":"default","schema_type_options":null,"pillar_content":false,"robots_default":true,"robots_noindex":false,"robots_noarchive":false,"robots_nosnippet":false,"robots_nofollow":false,"robots_noimageindex":false,"robots_noodp":false,"robots_notranslate":false,"robots_max_snippet":"-1","robots_max_videopreview":"-1","robots_max_imagepreview":"large","priority":null,"frequency":"default","local_seo":null,"limit_modified_date":false,"reviewed_by":null,"open_ai":{"title":{"suggestions":[],"usage":0},"description":{"suggestions":[],"usage":0}},"created":"2024-03-06 09:21:14","updated":"2024-06-07 03:27:03"},"aioseo_breadcrumb":"<div class=\"aioseo-breadcrumbs\"><span class=\"aioseo-breadcrumb\">\n\t<a href=\"https:\/\/www.s-lecfilm.com\/pt-pt\/\" title=\"\u30db\u30fc\u30e0\">\u30db\u30fc\u30e0<\/a>\n<\/span><span class=\"aioseo-breadcrumb-separator\">&raquo;<\/span><span class=\"aioseo-breadcrumb\">\n\t\/pt-pt\/design-arch\/\n<\/span><\/div>","aioseo_breadcrumb_json":[{"label":"\u30db\u30fc\u30e0","link":"https:\/\/www.s-lecfilm.com\/pt-pt\/"},{"label":"\/pt-pt\/design-arch\/","link":"https:\/\/www.s-lecfilm.com\/pt-pt\/design-arch\/"}],"_links":{"self":[{"href":"https:\/\/www.s-lecfilm.com\/pt-pt\/wp-json\/wp\/v2\/pages\/17599"}],"collection":[{"href":"https:\/\/www.s-lecfilm.com\/pt-pt\/wp-json\/wp\/v2\/pages"}],"about":[{"href":"https:\/\/www.s-lecfilm.com\/pt-pt\/wp-json\/wp\/v2\/types\/page"}],"author":[{"embeddable":true,"href":"https:\/\/www.s-lecfilm.com\/pt-pt\/wp-json\/wp\/v2\/users\/7"}],"replies":[{"embeddable":true,"href":"https:\/\/www.s-lecfilm.com\/pt-pt\/wp-json\/wp\/v2\/comments?post=17599"}],"version-history":[{"count":11,"href":"https:\/\/www.s-lecfilm.com\/pt-pt\/wp-json\/wp\/v2\/pages\/17599\/revisions"}],"predecessor-version":[{"id":21430,"href":"https:\/\/www.s-lecfilm.com\/pt-pt\/wp-json\/wp\/v2\/pages\/17599\/revisions\/21430"}],"wp:attachment":[{"href":"https:\/\/www.s-lecfilm.com\/pt-pt\/wp-json\/wp\/v2\/media?parent=17599"}],"wp:term":[{"taxonomy":"page_category","embeddable":true,"href":"https:\/\/www.s-lecfilm.com\/pt-pt\/wp-json\/wp\/v2\/page_category?post=17599"}],"curies":[{"name":"wp","href":"https:\/\/api.w.org\/{rel}","templated":true}]}}