{"id":17557,"date":"2023-10-25T19:24:23","date_gmt":"2023-10-25T10:24:23","guid":{"rendered":"https:\/\/www.s-lecfilm.com\/en-news\/en-news-renewable-energy-sources\/"},"modified":"2024-03-08T02:06:21","modified_gmt":"2024-03-07T17:06:21","slug":"en-news-renewable-energy-sources","status":"publish","type":"page","link":"https:\/\/www.s-lecfilm.com\/pt-pt\/news\/renewable-energy-sources\/","title":{"rendered":"\/pt-pt\/news\/renewable-energy-sources\/"},"content":{"rendered":"<div class=\"frame pt-0\">\n\t\n<div class=\"container\">\n\t\n\n<h1 class=\"has-text-align-center mt-5 mb-3 wp-block-heading\">A f\u00e1brica de resina de mat\u00e9ria-prima para pel\u00edculas intercalares na Europa inicia o fornecimento de eletricidade proveniente a 100% de fontes de energia renov\u00e1veis<\/h1>\n\n\n\n<p class=\"has-text-align-right mb-5\">14 de abril de 2022<\/p>\n\n\n\n<p>SEKISUI CHEMICAL CO., LTD. (Presidente: Keita Kato; doravante designada por &#8220;SEKISUI CHEMICAL&#8221;) anunciou que a f\u00e1brica de resina de mat\u00e9ria-prima nos Pa\u00edses Baixos da sua subsidi\u00e1ria a 100% SEKISUI S-LEC B.V., que fabrica e vende pel\u00edculas intercalares para vidro laminado, passou a utilizar fontes de energia renov\u00e1veis para 100% da eletricidade adquirida pela f\u00e1brica em 2022.<\/p>\n\n\n<div class=\"feature-img text-center\">\n\t\t<img decoding=\"async\" src=\"https:\/\/www.s-lecfilm.com\/wp-content\/uploads\/220505-ER300-v2.webp\" alt=\"SEKISUI S-LEC B.V., PVB resin production factory for PVB interlayer\" style=\"width:80%;\">\n\t\t<\/div>\n\n\n<p class=\"has-text-align-center\">Vista exterior da f\u00e1brica de mat\u00e9rias-primas nos Pa\u00edses Baixos<\/p>\n\n<\/div>\n\n<\/div>\n\n\n<div class=\"frame pt-0\">\n\t\n<div class=\"container\">\n\t\n<H2 class=\"c-title-level02 section-subtitle\">Antecedentes e cronologia<\/H2>\n\n\n<p>O SEKISUI CHEMICAL Group adoptou a &#8220;Inova\u00e7\u00e3o para a Terra&#8221; como a sua declara\u00e7\u00e3o de vis\u00e3o na vis\u00e3o a longo prazo do Grupo, &#8220;Vis\u00e3o 2030&#8221;, declarando que &#8220;Para realizar uma sociedade sustent\u00e1vel, apoiamos a base da VIDA e continuaremos a criar &#8216;paz de esp\u00edrito para o futuro'&#8221;. O Grupo est\u00e1 a concentrar-se na gest\u00e3o ESG, com o objetivo de concretizar tanto a realiza\u00e7\u00e3o de uma sociedade sustent\u00e1vel como o crescimento rent\u00e1vel do Grupo SEKISUI CHEMICAL.<br>As altera\u00e7\u00f5es clim\u00e1ticas, que s\u00e3o consideradas como uma quest\u00e3o-chave na gest\u00e3o ESG, s\u00e3o uma quest\u00e3o social importante e, ao mesmo tempo, s\u00e3o reconhecidas como um risco importante para o Grupo. Nos \u00faltimos anos, o Grupo est\u00e1 a acelerar as iniciativas para fazer face \u00e0s altera\u00e7\u00f5es clim\u00e1ticas.<br>Em 31 de dezembro de 2021, havia 18 instala\u00e7\u00f5es no Jap\u00e3o e no estrangeiro que passaram a utilizar eletricidade 100% proveniente de fontes de energia renov\u00e1veis. O Grupo tem como objetivo passar a utilizar fontes de energia renov\u00e1veis para 100% da eletricidade adquirida por todos os locais de produ\u00e7\u00e3o do Grupo a partir de fontes externas at\u00e9 2030.<\/p>\n\n<\/div>\n\n<\/div>\n\n\n<div class=\"frame pt-0\">\n\t\n<div class=\"container\">\n\t\n<H2 class=\"c-title-level02 section-subtitle\">Relativamente \u00e0 iniciativa de mudan\u00e7a para energias renov\u00e1veis no sector das pel\u00edculas intercalares<\/H2>\n\n\n<p>As pel\u00edculas intercalares para vidro laminado s\u00e3o utilizadas em vidros de autom\u00f3veis e de constru\u00e7\u00e3o e servem para evitar que o vidro penetre ou se espalhe em caso de acidente, bem como para proteger contra os raios ultravioleta. Para al\u00e9m destas fun\u00e7\u00f5es b\u00e1sicas, a pel\u00edcula intercalar da SEKISUI CHEMICAL proporciona isolamento ac\u00fastico, isolamento t\u00e9rmico e compatibilidade com HUD. A empresa centra-se no desenvolvimento e na venda de pel\u00edculas intercalares de elevado desempenho com essas fun\u00e7\u00f5es, sendo a atividade de pel\u00edculas intercalares uma das principais actividades do seu sector da mobilidade.<br>No aspeto ambiental, as pel\u00edculas intercalares para isolamento sonoro e t\u00e9rmico contribuem para melhorar o consumo de combust\u00edvel e eletricidade. As pel\u00edculas intercalares para isolamento ac\u00fastico ajudam a tornar os ve\u00edculos mais leves, reduzindo a espessura do vidro, enquanto as pel\u00edculas intercalares para isolamento t\u00e9rmico melhoram a efici\u00eancia do ar condicionado, suprimindo o aumento da temperatura no interior dos ve\u00edculos.<br>Para al\u00e9m de reduzir o impacto ambiental atrav\u00e9s desses produtos, foram tamb\u00e9m ativamente implementadas iniciativas de descarboniza\u00e7\u00e3o nos locais de produ\u00e7\u00e3o do neg\u00f3cio de pel\u00edculas intercalares, incluindo a instala\u00e7\u00e3o de geradores de energia solar em cinco das sete f\u00e1bricas em todo o mundo para cobrir parte do consumo de energia dessas f\u00e1bricas.<\/p>\n\n<\/div>\n\n<\/div>\n\n\n<div class=\"frame pt-0\">\n\t\n<div class=\"container\">\n\t\n<H2 class=\"c-title-level02 section-subtitle\">Vis\u00e3o geral da mudan\u00e7a para fontes de energia renov\u00e1veis para 100% da eletricidade adquirida<\/H2>\n\n\n<p>O neg\u00f3cio das pel\u00edculas intercalares come\u00e7ou a implementar iniciativas de descarboniza\u00e7\u00e3o para os fabricantes de vidro &#8211; os seus principais clientes &#8211; e para a Europa, onde existe uma forte procura social de descarboniza\u00e7\u00e3o. A empresa tem como objetivo a aquisi\u00e7\u00e3o de energia verde a n\u00edvel mundial.<br>A f\u00e1brica de produ\u00e7\u00e3o de pel\u00edculas da SEKISUI S-LEC B.V. assumiu a lideran\u00e7a nesta iniciativa, conseguindo a mudan\u00e7a para fontes de energia renov\u00e1veis para 100% da eletricidade comprada em abril de 2020. Com a mudan\u00e7a para fontes de energia renov\u00e1veis para a eletricidade comprada, desta vez na f\u00e1brica de mat\u00e9rias-primas nos Pa\u00edses Baixos, a SEKISUI S-LEC B.V. atingiu a mudan\u00e7a para fontes de energia renov\u00e1veis para 100% da eletricidade comprada em todas as suas f\u00e1bricas.<\/p>\n\n\n\n<p>Ao contribuir para a resolu\u00e7\u00e3o das quest\u00f5es relacionadas com as altera\u00e7\u00f5es clim\u00e1ticas, o SEKISUI CHEMICAL Group converter\u00e1 os principais riscos em oportunidades, tendo como objetivo a realiza\u00e7\u00e3o de uma sociedade sustent\u00e1vel e o crescimento como uma empresa sustent\u00e1vel. Para construir uma sociedade descarbonizada, o Grupo pretende mudar para fontes de energia renov\u00e1veis para 100% da eletricidade adquirida at\u00e9 ao ano fiscal de 2030, e tem como objetivo atingir zero emiss\u00f5es de gases com efeito de estufa at\u00e9 ao ano fiscal de 2050 para toda a energia utilizada nas actividades comerciais, incluindo a produzida por sistemas de cogera\u00e7\u00e3o.<\/p>\n\n<\/div>\n\n<\/div>\n\n\n<div class=\"frame pt-0\">\n\t\n<div class=\"container\">\n\t\n<H2 class=\"c-title-level02 section-subtitle\">Vis\u00e3o geral da SEKISUI S-LEC B.V.<\/H2>\n\n<div class=\"c-table-type01 row align-items-center\">\n\t<div class=\"col-lg-12\">\n\t\t<div class=\"feature-cont un_overview_table\">\n\t\t\t\t\t\t<table>\n\t\t\t\t\t\t\t\t<tr>\n\t\t\t\t\t<th>Localiza\u00e7\u00e3o<\/th>\n\t\t\t\t\t<td>Metaalweg 5, Roermond 6045, Pa\u00edses Baixos<\/td>\n\t\t\t\t<\/tr>\n\t\t\t\t\t\t\t\t<tr>\n\t\t\t\t\t<th>Estabelecimento<\/th>\n\t\t\t\t\t<td>fevereiro de 1996<\/td>\n\t\t\t\t<\/tr>\n\t\t\t\t\t\t\t\t<tr>\n\t\t\t\t\t<th>Capital realizado<\/th>\n\t\t\t\t\t<td>11.345.000 EUR<\/td>\n\t\t\t\t<\/tr>\n\t\t\t\t\t\t\t\t<tr>\n\t\t\t\t\t<th>Representante<\/th>\n\t\t\t\t\t<td>Presidente Naoya Nishimoto<\/td>\n\t\t\t\t<\/tr>\n\t\t\t\t\t\t\t\t<tr>\n\t\t\t\t\t<th>\u00c1reas de atividade<\/th>\n\t\t\t\t\t<td>Fabrico e venda de pel\u00edculas intercalares<\/td>\n\t\t\t\t<\/tr>\n\t\t\t\t\t\t\t<\/table>\n\t\t\t\t\t<\/div>\n\t<\/div>\n<\/div>\n\n<\/div>\n\n<\/div>\n\n\n<div class=\"frame pt-0 pb-0\">\n\t\n<div class=\"container feature-img-frame-full\">\n\t\n<div class=\"feature-img text-center\">\n\t\t<img decoding=\"async\" src=\"https:\/\/www.s-lecfilm.com\/wp-content\/uploads\/press-release-4.webp\" alt=\"SEKISUI S-LEC is more attitude from all aspects of relationships with diverse people, environment and society.\" >\n\t\t<\/div>\n<\/div>\n\n<\/div>\n\n\n\n<div class=\"frame is-bg-img c-more-detail \">\n\t<div class=\"container\">\n\t\t<div class=\"row justify-content-center\">\n\t\t\t<div class=\"col-lg-10\">\n\t\t\t\t<div class=\"row\">\n\t\t\t\t\t<div class=\"col-lg-7 mb-5 mb-lg-0\">\n\t\t\t\t\t\t<div class=\"contact-footer-text\">\n\t\t\t\t\t\t\tGostaria de saber mais?\t\t\t\t\t\t<\/div>\n\t\t\t\t\t\t<div class=\"contact-footer-btn\">\n\t\t\t\t\t\t\t<a href=\"\/pt-pt\/download\/all\/\" target=\"_blank\">\n\t\t\t\t\t\t\t\t<button class=\"btn btn-primary fa-download-check\">\n\t\t\t\t\t\t\t\t\t\t\t\t\t\t\t\t\t\t\tDownloads\t\t\t\t\t\t\t\t\t\t\t\t\t\t\t\t\t<\/button>\n\t\t\t\t\t\t\t<\/a>\n\t\t\t\t\t\t\t<a href=\"\/pt-pt\/download\/Inquiry\/\" target=\"_blank\">\n\t\t\t\t\t\t\t\t<button class=\"btn btn-primary is-external-link\">\n\t\t\t\t\t\t\t\t\t\t\t\t\t\t\t\t\t\t\tContate-nos\t\t\t\t\t\t\t\t\t\t\t\t\t\t\t\t\t<\/button>\n\t\t\t\t\t\t\t<\/a>\n\t\t\t\t\t\t<\/div>\n\t\t\t\t\t<\/div>\n\t\t\t\t\t<div class=\"col-lg-5\">\n\t\t\t\t\t\t<div class=\"contact-footer-img\">\n\t\t\t\t\t\t\t\t\t\t\t\t\t\t<img decoding=\"async\" src=\"https:\/\/www.s-lecfilm.com\/wp-content\/uploads\/thankyou_hero-1-1-1024x576.webp\" alt=\"Those who want to know more about S-LEC\u2122 Film\">\n\t\t\t\t\t\t\t\t\t\t\t\t\t<\/div>\n\t\t\t\t\t<\/div>\n\t\t\t\t<\/div>\n\t\t\t<\/div>\n\t\t<\/div>\n\t<\/div>\n<\/div>\n","protected":false},"excerpt":{"rendered":"","protected":false},"author":14,"featured_media":0,"parent":17043,"menu_order":39,"comment_status":"closed","ping_status":"closed","template":"","meta":{"_acf_changed":false,"_oasis_is_in_workflow":0,"_oasis_original":0,"om_disable_all_campaigns":false,"inline_featured_image":false,"_monsterinsights_skip_tracking":false,"_monsterinsights_sitenote_active":false,"_monsterinsights_sitenote_note":"","_monsterinsights_sitenote_category":0,"footnotes":""},"page_category":[121],"class_list":["post-17557","page","type-page","status-publish","hentry"],"acf":[],"aioseo_notices":[],"aioseo_head":"\n\t\t<!-- All in One SEO Pro 4.6.2 - aioseo.com -->\n\t\t<meta name=\"description\" content=\"A f\u00e1brica de resina de mat\u00e9ria-prima para pel\u00edculas intercalares na Europa inicia o fornecimento de eletricidade proveniente a 100% de fontes de energia renov\u00e1veis.\" \/>\n\t\t<meta name=\"robots\" content=\"max-image-preview:large\" \/>\n\t\t<meta name=\"google-site-verification\" content=\"LGoHK3imcI57fEDyHDnPGNxrBKyRAWvyS1_pmekTNEU\" \/>\n\t\t<link rel=\"canonical\" href=\"https:\/\/www.s-lecfilm.com\/pt-pt\/news\/renewable-energy-sources\/\" \/>\n\t\t<meta name=\"generator\" content=\"All in One SEO Pro (AIOSEO) 4.6.2\" \/>\n\t\t<meta property=\"og:locale\" content=\"pt_PT\" \/>\n\t\t<meta property=\"og:site_name\" content=\"SEKISUI S-LEC\" \/>\n\t\t<meta property=\"og:type\" content=\"article\" \/>\n\t\t<meta property=\"og:title\" content=\"SEKISUI S-LEC Fontes de energia renov\u00e1veis para 100% da eletricidade comprada\" \/>\n\t\t<meta property=\"og:description\" content=\"A f\u00e1brica de resina de mat\u00e9ria-prima para pel\u00edculas intercalares na Europa inicia o fornecimento de eletricidade proveniente a 100% de fontes de energia renov\u00e1veis.\" \/>\n\t\t<meta property=\"og:url\" content=\"https:\/\/www.s-lecfilm.com\/pt-pt\/news\/renewable-energy-sources\/\" \/>\n\t\t<meta property=\"og:image\" content=\"https:\/\/www.s-lecfilm.com\/wp-content\/uploads\/220505-ER300-v2.webp\" \/>\n\t\t<meta property=\"og:image:secure_url\" content=\"https:\/\/www.s-lecfilm.com\/wp-content\/uploads\/220505-ER300-v2.webp\" \/>\n\t\t<meta property=\"og:image:width\" content=\"1200\" \/>\n\t\t<meta property=\"og:image:height\" content=\"873\" \/>\n\t\t<meta property=\"article:published_time\" content=\"2023-10-25T10:24:23+00:00\" \/>\n\t\t<meta property=\"article:modified_time\" content=\"2024-03-07T17:06:21+00:00\" \/>\n\t\t<meta name=\"twitter:card\" content=\"summary_large_image\" \/>\n\t\t<meta name=\"twitter:title\" content=\"SEKISUI S-LEC Fontes de energia renov\u00e1veis para 100% da eletricidade comprada\" \/>\n\t\t<meta name=\"twitter:description\" content=\"A f\u00e1brica de resina de mat\u00e9ria-prima para pel\u00edculas intercalares na Europa inicia o fornecimento de eletricidade proveniente a 100% de fontes de energia renov\u00e1veis.\" \/>\n\t\t<meta name=\"twitter:image\" content=\"https:\/\/www.s-lecfilm.com\/wp-content\/uploads\/2023\/01\/Open-Graph-Image.png\" \/>\n\t\t<script type=\"application\/ld+json\" class=\"aioseo-schema\">\n\t\t\t{\"@context\":\"https:\\\/\\\/schema.org\",\"@graph\":[{\"@type\":\"BreadcrumbList\",\"@id\":\"https:\\\/\\\/www.s-lecfilm.com\\\/pt-pt\\\/news\\\/renewable-energy-sources\\\/#breadcrumblist\",\"itemListElement\":[{\"@type\":\"ListItem\",\"@id\":\"https:\\\/\\\/www.s-lecfilm.com\\\/pt-pt\\\/#listItem\",\"position\":1,\"name\":\"In\\u00edcio\",\"item\":\"https:\\\/\\\/www.s-lecfilm.com\\\/pt-pt\\\/\",\"nextItem\":\"https:\\\/\\\/www.s-lecfilm.com\\\/pt-pt\\\/news\\\/#listItem\"},{\"@type\":\"ListItem\",\"@id\":\"https:\\\/\\\/www.s-lecfilm.com\\\/pt-pt\\\/news\\\/#listItem\",\"position\":2,\"name\":\"\\\/pt-pt\\\/news\\\/\",\"item\":\"https:\\\/\\\/www.s-lecfilm.com\\\/pt-pt\\\/news\\\/\",\"nextItem\":\"https:\\\/\\\/www.s-lecfilm.com\\\/pt-pt\\\/news\\\/renewable-energy-sources\\\/#listItem\",\"previousItem\":\"https:\\\/\\\/www.s-lecfilm.com\\\/pt-pt\\\/#listItem\"},{\"@type\":\"ListItem\",\"@id\":\"https:\\\/\\\/www.s-lecfilm.com\\\/pt-pt\\\/news\\\/renewable-energy-sources\\\/#listItem\",\"position\":3,\"name\":\"\\\/pt-pt\\\/news\\\/renewable-energy-sources\\\/\",\"previousItem\":\"https:\\\/\\\/www.s-lecfilm.com\\\/pt-pt\\\/news\\\/#listItem\"}]},{\"@type\":\"Organization\",\"@id\":\"https:\\\/\\\/www.s-lecfilm.com\\\/pt-pt\\\/#organization\",\"name\":\"s-lecfilm\",\"url\":\"https:\\\/\\\/www.s-lecfilm.com\\\/pt-pt\\\/\"},{\"@type\":\"WebPage\",\"@id\":\"https:\\\/\\\/www.s-lecfilm.com\\\/pt-pt\\\/news\\\/renewable-energy-sources\\\/#webpage\",\"url\":\"https:\\\/\\\/www.s-lecfilm.com\\\/pt-pt\\\/news\\\/renewable-energy-sources\\\/\",\"name\":\"SEKISUI S-LEC Fontes de energia renov\\u00e1veis para 100% da eletricidade comprada\",\"description\":\"A f\\u00e1brica de resina de mat\\u00e9ria-prima para pel\\u00edculas intercalares na Europa inicia o fornecimento de eletricidade proveniente a 100% de fontes de energia renov\\u00e1veis.\",\"inLanguage\":\"pt-PT\",\"isPartOf\":{\"@id\":\"https:\\\/\\\/www.s-lecfilm.com\\\/pt-pt\\\/#website\"},\"breadcrumb\":{\"@id\":\"https:\\\/\\\/www.s-lecfilm.com\\\/pt-pt\\\/news\\\/renewable-energy-sources\\\/#breadcrumblist\"},\"datePublished\":\"2023-10-25T19:24:23+09:00\",\"dateModified\":\"2024-03-08T02:06:21+09:00\"},{\"@type\":\"WebSite\",\"@id\":\"https:\\\/\\\/www.s-lecfilm.com\\\/pt-pt\\\/#website\",\"url\":\"https:\\\/\\\/www.s-lecfilm.com\\\/pt-pt\\\/\",\"name\":\"s-lecfilm\",\"inLanguage\":\"pt-PT\",\"publisher\":{\"@id\":\"https:\\\/\\\/www.s-lecfilm.com\\\/pt-pt\\\/#organization\"}}]}\n\t\t<\/script>\n\t\t<!-- All in One SEO Pro -->\r\n\t\t<title>SEKISUI S-LEC Fontes de energia renov\u00e1veis para 100% da eletricidade comprada<\/title>\n\n","aioseo_head_json":{"title":"SEKISUI S-LEC Fontes de energia renov\u00e1veis para 100% da eletricidade comprada","description":"A f\u00e1brica de resina de mat\u00e9ria-prima para pel\u00edculas intercalares na Europa inicia o fornecimento de eletricidade proveniente a 100% de fontes de energia renov\u00e1veis.","canonical_url":"https:\/\/www.s-lecfilm.com\/pt-pt\/news\/renewable-energy-sources\/","robots":"max-image-preview:large","keywords":"","webmasterTools":{"google-site-verification":"LGoHK3imcI57fEDyHDnPGNxrBKyRAWvyS1_pmekTNEU","miscellaneous":""},"og:locale":"pt_PT","og:site_name":"SEKISUI S-LEC","og:type":"article","og:title":"SEKISUI S-LEC Fontes de energia renov\u00e1veis para 100% da eletricidade comprada","og:description":"A f\u00e1brica de resina de mat\u00e9ria-prima para pel\u00edculas intercalares na Europa inicia o fornecimento de eletricidade proveniente a 100% de fontes de energia renov\u00e1veis.","og:url":"https:\/\/www.s-lecfilm.com\/pt-pt\/news\/renewable-energy-sources\/","og:image":"https:\/\/www.s-lecfilm.com\/wp-content\/uploads\/220505-ER300-v2.webp","og:image:secure_url":"https:\/\/www.s-lecfilm.com\/wp-content\/uploads\/220505-ER300-v2.webp","og:image:width":1200,"og:image:height":873,"article:published_time":"2023-10-25T10:24:23+00:00","article:modified_time":"2024-03-07T17:06:21+00:00","twitter:card":"summary_large_image","twitter:title":"SEKISUI S-LEC Fontes de energia renov\u00e1veis para 100% da eletricidade comprada","twitter:description":"A f\u00e1brica de resina de mat\u00e9ria-prima para pel\u00edculas intercalares na Europa inicia o fornecimento de eletricidade proveniente a 100% de fontes de energia renov\u00e1veis.","twitter:image":"https:\/\/www.s-lecfilm.com\/wp-content\/uploads\/2023\/01\/Open-Graph-Image.png","schema":{"@context":"https:\/\/schema.org","@graph":[{"@type":"BreadcrumbList","@id":"https:\/\/www.s-lecfilm.com\/pt-pt\/news\/renewable-energy-sources\/#breadcrumblist","itemListElement":[{"@type":"ListItem","@id":"https:\/\/www.s-lecfilm.com\/pt-pt\/#listItem","position":1,"name":"In\u00edcio","item":"https:\/\/www.s-lecfilm.com\/pt-pt\/","nextItem":"https:\/\/www.s-lecfilm.com\/pt-pt\/news\/#listItem"},{"@type":"ListItem","@id":"https:\/\/www.s-lecfilm.com\/pt-pt\/news\/#listItem","position":2,"name":"\/pt-pt\/news\/","item":"https:\/\/www.s-lecfilm.com\/pt-pt\/news\/","nextItem":"https:\/\/www.s-lecfilm.com\/pt-pt\/news\/renewable-energy-sources\/#listItem","previousItem":"https:\/\/www.s-lecfilm.com\/pt-pt\/#listItem"},{"@type":"ListItem","@id":"https:\/\/www.s-lecfilm.com\/pt-pt\/news\/renewable-energy-sources\/#listItem","position":3,"name":"\/pt-pt\/news\/renewable-energy-sources\/","previousItem":"https:\/\/www.s-lecfilm.com\/pt-pt\/news\/#listItem"}]},{"@type":"Organization","@id":"https:\/\/www.s-lecfilm.com\/pt-pt\/#organization","name":"s-lecfilm","url":"https:\/\/www.s-lecfilm.com\/pt-pt\/"},{"@type":"WebPage","@id":"https:\/\/www.s-lecfilm.com\/pt-pt\/news\/renewable-energy-sources\/#webpage","url":"https:\/\/www.s-lecfilm.com\/pt-pt\/news\/renewable-energy-sources\/","name":"SEKISUI S-LEC Fontes de energia renov\u00e1veis para 100% da eletricidade comprada","description":"A f\u00e1brica de resina de mat\u00e9ria-prima para pel\u00edculas intercalares na Europa inicia o fornecimento de eletricidade proveniente a 100% de fontes de energia renov\u00e1veis.","inLanguage":"pt-PT","isPartOf":{"@id":"https:\/\/www.s-lecfilm.com\/pt-pt\/#website"},"breadcrumb":{"@id":"https:\/\/www.s-lecfilm.com\/pt-pt\/news\/renewable-energy-sources\/#breadcrumblist"},"datePublished":"2023-10-25T19:24:23+09:00","dateModified":"2024-03-08T02:06:21+09:00"},{"@type":"WebSite","@id":"https:\/\/www.s-lecfilm.com\/pt-pt\/#website","url":"https:\/\/www.s-lecfilm.com\/pt-pt\/","name":"s-lecfilm","inLanguage":"pt-PT","publisher":{"@id":"https:\/\/www.s-lecfilm.com\/pt-pt\/#organization"}}]}},"aioseo_meta_data":{"post_id":"17557","title":"SEKISUI S-LEC Fontes de energia renov\u00e1veis para 100% da eletricidade comprada","description":"A f\u00e1brica de resina de mat\u00e9ria-prima para pel\u00edculas intercalares na Europa inicia o fornecimento de eletricidade proveniente a 100% de fontes de energia renov\u00e1veis.","keywords":[],"keyphrases":"{\"focus\":{\"keyphrase\":\"\",\"score\":0,\"analysis\":{\"keyphraseInTitle\":{\"score\":0,\"maxScore\":9,\"error\":1}}},\"additional\":[]}","primary_term":null,"canonical_url":null,"og_title":null,"og_description":null,"og_object_type":"default","og_image_type":"custom_image","og_image_url":"https:\/\/www.s-lecfilm.com\/wp-content\/uploads\/220505-ER300-v2.webp","og_image_width":"1200","og_image_height":"873","og_image_custom_url":"https:\/\/www.s-lecfilm.com\/wp-content\/uploads\/220505-ER300-v2.webp","og_image_custom_fields":null,"og_video":"","og_custom_url":null,"og_article_section":null,"og_article_tags":[],"twitter_use_og":false,"twitter_card":"default","twitter_image_type":"default","twitter_image_url":null,"twitter_image_custom_url":null,"twitter_image_custom_fields":null,"twitter_title":null,"twitter_description":null,"schema":{"blockGraphs":[],"customGraphs":[],"default":{"data":{"Article":[],"Course":[],"Dataset":[],"FAQPage":[],"Movie":[],"Person":[],"Product":[],"Recipe":[],"Service":[],"SoftwareApplication":[],"WebPage":[]},"graphName":"WebPage","isEnabled":true},"graphs":[]},"schema_type":"default","schema_type_options":null,"pillar_content":false,"robots_default":true,"robots_noindex":true,"robots_noarchive":false,"robots_nosnippet":false,"robots_nofollow":false,"robots_noimageindex":false,"robots_noodp":false,"robots_notranslate":false,"robots_max_snippet":"-1","robots_max_videopreview":"-1","robots_max_imagepreview":"large","priority":null,"frequency":"default","local_seo":null,"limit_modified_date":false,"reviewed_by":null,"open_ai":{"title":{"suggestions":[],"usage":0},"description":{"suggestions":[],"usage":0}},"created":"2024-03-06 07:59:13","updated":"2024-03-07 17:20:33"},"aioseo_breadcrumb":"<div class=\"aioseo-breadcrumbs\"><span class=\"aioseo-breadcrumb\">\n\t<a href=\"https:\/\/www.s-lecfilm.com\/pt-pt\/\" title=\"\u30db\u30fc\u30e0\">\u30db\u30fc\u30e0<\/a>\n<\/span><span class=\"aioseo-breadcrumb-separator\">&raquo;<\/span><span class=\"aioseo-breadcrumb\">\n\t<a href=\"https:\/\/www.s-lecfilm.com\/pt-pt\/news\/\" title=\"Privado: \/pt-pt\/news\/\">Privado: \/pt-pt\/news\/<\/a>\n<\/span><span class=\"aioseo-breadcrumb-separator\">&raquo;<\/span><span class=\"aioseo-breadcrumb\">\n\t\/pt-pt\/news\/renewable-energy-sources\/\n<\/span><\/div>","aioseo_breadcrumb_json":[{"label":"\u30db\u30fc\u30e0","link":"https:\/\/www.s-lecfilm.com\/pt-pt\/"},{"label":"Privado: \/pt-pt\/news\/","link":"https:\/\/www.s-lecfilm.com\/pt-pt\/news\/"},{"label":"\/pt-pt\/news\/renewable-energy-sources\/","link":"https:\/\/www.s-lecfilm.com\/pt-pt\/news\/renewable-energy-sources\/"}],"_links":{"self":[{"href":"https:\/\/www.s-lecfilm.com\/pt-pt\/wp-json\/wp\/v2\/pages\/17557"}],"collection":[{"href":"https:\/\/www.s-lecfilm.com\/pt-pt\/wp-json\/wp\/v2\/pages"}],"about":[{"href":"https:\/\/www.s-lecfilm.com\/pt-pt\/wp-json\/wp\/v2\/types\/page"}],"author":[{"embeddable":true,"href":"https:\/\/www.s-lecfilm.com\/pt-pt\/wp-json\/wp\/v2\/users\/14"}],"replies":[{"embeddable":true,"href":"https:\/\/www.s-lecfilm.com\/pt-pt\/wp-json\/wp\/v2\/comments?post=17557"}],"version-history":[{"count":7,"href":"https:\/\/www.s-lecfilm.com\/pt-pt\/wp-json\/wp\/v2\/pages\/17557\/revisions"}],"predecessor-version":[{"id":17928,"href":"https:\/\/www.s-lecfilm.com\/pt-pt\/wp-json\/wp\/v2\/pages\/17557\/revisions\/17928"}],"up":[{"embeddable":true,"href":"https:\/\/www.s-lecfilm.com\/pt-pt\/wp-json\/wp\/v2\/pages\/17043"}],"wp:attachment":[{"href":"https:\/\/www.s-lecfilm.com\/pt-pt\/wp-json\/wp\/v2\/media?parent=17557"}],"wp:term":[{"taxonomy":"page_category","embeddable":true,"href":"https:\/\/www.s-lecfilm.com\/pt-pt\/wp-json\/wp\/v2\/page_category?post=17557"}],"curies":[{"name":"wp","href":"https:\/\/api.w.org\/{rel}","templated":true}]}}