{"id":17545,"date":"2023-10-25T19:21:41","date_gmt":"2023-10-25T10:21:41","guid":{"rendered":"https:\/\/www.s-lecfilm.com\/en-news\/en-news-rebranding\/"},"modified":"2024-07-03T17:00:33","modified_gmt":"2024-07-03T08:00:33","slug":"en-news-rebranding","status":"publish","type":"page","link":"https:\/\/www.s-lecfilm.com\/pt-pt\/news\/rebranding\/","title":{"rendered":"\/pt-pt\/news\/rebranding\/"},"content":{"rendered":"<div class=\"frame\">\n\t\n<div class=\"container pt-0 pb-0\">\n\t\n\n<p class=\"has-text-align-right\">07 de mar\u00e7o de 2022<\/p>\n\n\n\n<p>SEKISUI CHEMICAL CO., LTD.<\/p>\n\n\n\n<h1 class=\"has-text-align-center h2 mt-5 mb-5 wp-block-heading\">Rebranding do neg\u00f3cio de pel\u00edculas intercalares da SEKISUI CHEMICAL<\/h1>\n\n\n\n<p class=\"mt-5\">SEKISUI CHEMICAL CO., LTD. (Presidente e Diretor Representante: Keita Kato; doravante, &#8220;SEKISUI&#8221;) da High Performance Plastics Company (Presidente: Ikusuke Shimizu) mudou a marca do seu neg\u00f3cio de pel\u00edcula intercalar de PVB.<\/p>\n\n\n<H2 class=\"c-title-level02 section-subtitle\">Antecedentes do Rebranding<\/H2>\n\n<div class=\"feature-img text-center\">\n\t\t<img decoding=\"async\" src=\"https:\/\/www.s-lecfilm.com\/wp-content\/uploads\/rebranding.webp\" alt=\"SEKISUI S-LEC logo with the brand line\" >\n\t\t<\/div>\n\n\n<p>A SEKISUI desenvolve, produz e vende pel\u00edculas intercalares de PVB para vidro laminado, utilizando os seus conhecimentos t\u00e9cnicos avan\u00e7ados, inova\u00e7\u00e3o e valorizando uma rela\u00e7\u00e3o de coopera\u00e7\u00e3o com os seus clientes, e tem desempenhado um papel de lideran\u00e7a na ind\u00fastria de pel\u00edculas intercalares de PVB h\u00e1 mais de sessenta anos. Envidar\u00e1 esfor\u00e7os cont\u00ednuos para fornecer novos valores acrescentados \u00e0s pel\u00edculas intercalares de PVB para vidro laminado e mudou o nome da sua unidade de neg\u00f3cio de pel\u00edculas intercalares da High Performance Plastics Company para refletir a inten\u00e7\u00e3o de &#8220;contribuir para a sociedade e para o ambiente atrav\u00e9s dos seus produtos e ajudar a construir um futuro melhor&#8221;, com a consci\u00eancia da import\u00e2ncia da sua &#8220;liga\u00e7\u00e3o&#8221; n\u00e3o s\u00f3 com os seus clientes, mas tamb\u00e9m com a sociedade para al\u00e9m deles.<\/p>\n\n\n<div class=\"feature-img text-center\">\n\t\t<img decoding=\"async\" src=\"https:\/\/www.s-lecfilm.com\/wp-content\/uploads\/Background-of-Rebranding_EN.webp\" alt=\"SEKISUI S-LEC brand renewal to contribute to society and environment and help build a better future\" style=\"width:80%;\">\n\t\t<\/div>\n<\/div>\n\n<\/div>\n\n\n<div class=\"frame pt-0\">\n\t\n<div class=\"container\">\n\t\n<H2 class=\"c-title-level02 section-subtitle\">O objetivo da SEKISUI<\/H2>\n\n\n<p>A SEKISUI tem-se esfor\u00e7ado por criar locais seguros e confort\u00e1veis na sociedade e contribu\u00eddo para ajudar as pessoas a construir uma rela\u00e7\u00e3o agrad\u00e1vel nesses locais. A empresa espera aprofundar ainda mais as liga\u00e7\u00f5es com as pessoas, a sociedade, o ambiente, a tecnologia e outras \u00e1reas que nos rodeiam. O seu objetivo ser\u00e1 criar empresas que contribuam para um futuro melhor, valorizando a consci\u00eancia de criar e aprofundar essas &#8220;liga\u00e7\u00f5es&#8221;.<\/p>\n\n<\/div>\n\n<\/div>\n\n\n<div class=\"frame pt-0\">\n\t\n<div class=\"container\">\n\t\n<H2 class=\"c-title-level02 section-subtitle\">Identidade da marca \/ Slogan de a\u00e7\u00e3o e declara\u00e7\u00e3o da marca<\/H2>\n\n\n<p>A SEKISUI criou o slogan de a\u00e7\u00e3o &#8220;Make the NEW&#8221; para expressar a atitude desafiadora e criativa de todos os membros envolvidos no neg\u00f3cio das pel\u00edculas intercalares de PVB. Este slogan declara criar v\u00e1rios &#8220;NOVOS&#8221; que ser\u00e3o gerados a partir da sua a\u00e7\u00e3o de estabelecer mais liga\u00e7\u00f5es com as pessoas e com tudo.<\/p>\n\n\n<div class=\"feature-img text-center\">\n\t\t<img decoding=\"async\" src=\"https:\/\/www.s-lecfilm.com\/wp-content\/uploads\/Action-slogan-and-brand-statement_EN-1.webp\" alt=\"Make the New, action slogan that represents the attitude of challenging and original activities\" >\n\t\t<\/div>\n<\/div>\n\n<\/div>\n\n\n<div class=\"frame pt-0 pb-0\">\n\t\n<div class=\"container\">\n\t\n<H2 class=\"c-title-level02 section-subtitle\">Log\u00f3tipo da marca<\/H2>\n\n\n<p>Para expressar a &#8220;liga\u00e7\u00e3o&#8221;, concebemos o novo log\u00f3tipo com um tipo de letra plano e neutro. A linha simb\u00f3lica representa a pel\u00edcula intercalar de PVB. E ao coloc\u00e1-lo no &#8220;E&#8221;, que tem o maior n\u00famero de tra\u00e7os de todas as letras de &#8220;S-LEC&#8221;, deve mostrar a atitude de que a unidade de neg\u00f3cios apoiar\u00e1 todos os tipos de rela\u00e7\u00f5es com as pessoas, o ambiente, a sociedade e quaisquer outros aspectos de todos os aspectos. Intencionalmente, a linha \u00e9 desenhada na diagonal para a direita para ilustrar o crescimento da marca.<\/p>\n\n<\/div>\n\n\n<div class=\"feature-img text-center\">\n\t\t<img decoding=\"async\" src=\"https:\/\/www.s-lecfilm.com\/wp-content\/uploads\/press-release-3-1-1.webp\" alt=\"SEKISUI S-LEC logo\" style=\"width:100%;\">\n\t\t<\/div>\n\n<div class=\"feature-img text-center\">\n\t\t<img decoding=\"async\" src=\"https:\/\/www.s-lecfilm.com\/wp-content\/uploads\/press-release-4.webp\" alt=\"SEKISUI S-LEC is more attitude from all aspects of relationships with diverse people, environment and society.\" >\n\t\t<\/div>\n\n<div class=\"container\">\n\t\n<div class=\"feature-img text-center\">\n\t\t<\/div>\n<\/div>\n\n<\/div>\n\n\n\n<div class=\"frame is-bg-img c-more-detail \">\n\t<div class=\"container\">\n\t\t<div class=\"row justify-content-center\">\n\t\t\t<div class=\"col-lg-10\">\n\t\t\t\t<div class=\"row\">\n\t\t\t\t\t<div class=\"col-lg-7 mb-5 mb-lg-0\">\n\t\t\t\t\t\t<div class=\"contact-footer-text\">\n\t\t\t\t\t\t\tGostaria de saber mais?\t\t\t\t\t\t<\/div>\n\t\t\t\t\t\t<div class=\"contact-footer-btn\">\n\t\t\t\t\t\t\t<a href=\"\/pt-pt\/download\/all\/\" target=\"_blank\">\n\t\t\t\t\t\t\t\t<button class=\"btn btn-primary fa-download-check\">\n\t\t\t\t\t\t\t\t\t\t\t\t\t\t\t\t\t\t\tDownloads\t\t\t\t\t\t\t\t\t\t\t\t\t\t\t\t\t<\/button>\n\t\t\t\t\t\t\t<\/a>\n\t\t\t\t\t\t\t<a href=\"\/pt-pt\/download\/Inquiry\/\" target=\"_blank\">\n\t\t\t\t\t\t\t\t<button class=\"btn btn-primary is-external-link\">\n\t\t\t\t\t\t\t\t\t\t\t\t\t\t\t\t\t\t\tContate-nos\t\t\t\t\t\t\t\t\t\t\t\t\t\t\t\t\t<\/button>\n\t\t\t\t\t\t\t<\/a>\n\t\t\t\t\t\t<\/div>\n\t\t\t\t\t<\/div>\n\t\t\t\t\t<div class=\"col-lg-5\">\n\t\t\t\t\t\t<div class=\"contact-footer-img\">\n\t\t\t\t\t\t\t\t\t\t\t\t\t\t<img decoding=\"async\" src=\"https:\/\/www.s-lecfilm.com\/wp-content\/uploads\/thankyou_hero-1-1-1024x576.webp\" alt=\"Those who want to know more about S-LEC\u2122 Film\">\n\t\t\t\t\t\t\t\t\t\t\t\t\t<\/div>\n\t\t\t\t\t<\/div>\n\t\t\t\t<\/div>\n\t\t\t<\/div>\n\t\t<\/div>\n\t<\/div>\n<\/div>\n","protected":false},"excerpt":{"rendered":"","protected":false},"author":14,"featured_media":0,"parent":17043,"menu_order":37,"comment_status":"closed","ping_status":"closed","template":"","meta":{"_acf_changed":false,"_oasis_is_in_workflow":0,"_oasis_original":0,"om_disable_all_campaigns":false,"inline_featured_image":false,"_monsterinsights_skip_tracking":false,"_monsterinsights_sitenote_active":false,"_monsterinsights_sitenote_note":"","_monsterinsights_sitenote_category":0,"footnotes":""},"page_category":[121],"class_list":["post-17545","page","type-page","status-publish","hentry"],"acf":[],"aioseo_notices":[],"aioseo_head":"\n\t\t<!-- All in One SEO Pro 4.6.2 - aioseo.com -->\n\t\t<meta name=\"description\" content=\"Mud\u00e1mos a marca do neg\u00f3cio de pel\u00edculas intercalares de PVB com a consci\u00eancia da import\u00e2ncia da &quot;liga\u00e7\u00e3o&quot; n\u00e3o s\u00f3 com os clientes, mas tamb\u00e9m com a sociedade para al\u00e9m deles.\" \/>\n\t\t<meta name=\"robots\" content=\"max-image-preview:large\" \/>\n\t\t<meta name=\"google-site-verification\" content=\"LGoHK3imcI57fEDyHDnPGNxrBKyRAWvyS1_pmekTNEU\" \/>\n\t\t<link rel=\"canonical\" href=\"https:\/\/www.s-lecfilm.com\/pt-pt\/news\/rebranding\/\" \/>\n\t\t<meta name=\"generator\" content=\"All in One SEO Pro (AIOSEO) 4.6.2\" \/>\n\t\t<meta property=\"og:locale\" content=\"pt_PT\" \/>\n\t\t<meta property=\"og:site_name\" content=\"SEKISUI S-LEC\" \/>\n\t\t<meta property=\"og:type\" content=\"article\" \/>\n\t\t<meta property=\"og:title\" content=\"Rebranding da SEKISUI S-LEC\" \/>\n\t\t<meta property=\"og:description\" content=\"Mud\u00e1mos a marca do neg\u00f3cio de pel\u00edculas intercalares de PVB com a consci\u00eancia da import\u00e2ncia da &quot;liga\u00e7\u00e3o&quot; n\u00e3o s\u00f3 com os clientes, mas tamb\u00e9m com a sociedade para al\u00e9m deles.\" \/>\n\t\t<meta property=\"og:url\" content=\"https:\/\/www.s-lecfilm.com\/pt-pt\/news\/rebranding\/\" \/>\n\t\t<meta property=\"og:image\" content=\"https:\/\/www.s-lecfilm.com\/wp-content\/uploads\/press-release_2.webp\" \/>\n\t\t<meta property=\"og:image:secure_url\" content=\"https:\/\/www.s-lecfilm.com\/wp-content\/uploads\/press-release_2.webp\" \/>\n\t\t<meta property=\"og:image:width\" content=\"1200\" \/>\n\t\t<meta property=\"og:image:height\" content=\"679\" \/>\n\t\t<meta property=\"article:published_time\" content=\"2023-10-25T10:21:41+00:00\" \/>\n\t\t<meta property=\"article:modified_time\" content=\"2024-07-03T08:00:33+00:00\" \/>\n\t\t<meta name=\"twitter:card\" content=\"summary_large_image\" \/>\n\t\t<meta name=\"twitter:title\" content=\"Rebranding da SEKISUI S-LEC\" \/>\n\t\t<meta name=\"twitter:description\" content=\"Mud\u00e1mos a marca do neg\u00f3cio de pel\u00edculas intercalares de PVB com a consci\u00eancia da import\u00e2ncia da &quot;liga\u00e7\u00e3o&quot; n\u00e3o s\u00f3 com os clientes, mas tamb\u00e9m com a sociedade para al\u00e9m deles.\" \/>\n\t\t<meta name=\"twitter:image\" content=\"https:\/\/www.s-lecfilm.com\/wp-content\/uploads\/2023\/01\/Open-Graph-Image.png\" \/>\n\t\t<script type=\"application\/ld+json\" class=\"aioseo-schema\">\n\t\t\t{\"@context\":\"https:\\\/\\\/schema.org\",\"@graph\":[{\"@type\":\"BreadcrumbList\",\"@id\":\"https:\\\/\\\/www.s-lecfilm.com\\\/pt-pt\\\/news\\\/rebranding\\\/#breadcrumblist\",\"itemListElement\":[{\"@type\":\"ListItem\",\"@id\":\"https:\\\/\\\/www.s-lecfilm.com\\\/pt-pt\\\/#listItem\",\"position\":1,\"name\":\"In\\u00edcio\",\"item\":\"https:\\\/\\\/www.s-lecfilm.com\\\/pt-pt\\\/\",\"nextItem\":\"https:\\\/\\\/www.s-lecfilm.com\\\/pt-pt\\\/news\\\/#listItem\"},{\"@type\":\"ListItem\",\"@id\":\"https:\\\/\\\/www.s-lecfilm.com\\\/pt-pt\\\/news\\\/#listItem\",\"position\":2,\"name\":\"\\\/pt-pt\\\/news\\\/\",\"item\":\"https:\\\/\\\/www.s-lecfilm.com\\\/pt-pt\\\/news\\\/\",\"nextItem\":\"https:\\\/\\\/www.s-lecfilm.com\\\/pt-pt\\\/news\\\/rebranding\\\/#listItem\",\"previousItem\":\"https:\\\/\\\/www.s-lecfilm.com\\\/pt-pt\\\/#listItem\"},{\"@type\":\"ListItem\",\"@id\":\"https:\\\/\\\/www.s-lecfilm.com\\\/pt-pt\\\/news\\\/rebranding\\\/#listItem\",\"position\":3,\"name\":\"\\\/pt-pt\\\/news\\\/rebranding\\\/\",\"previousItem\":\"https:\\\/\\\/www.s-lecfilm.com\\\/pt-pt\\\/news\\\/#listItem\"}]},{\"@type\":\"Organization\",\"@id\":\"https:\\\/\\\/www.s-lecfilm.com\\\/pt-pt\\\/#organization\",\"name\":\"s-lecfilm\",\"url\":\"https:\\\/\\\/www.s-lecfilm.com\\\/pt-pt\\\/\"},{\"@type\":\"WebPage\",\"@id\":\"https:\\\/\\\/www.s-lecfilm.com\\\/pt-pt\\\/news\\\/rebranding\\\/#webpage\",\"url\":\"https:\\\/\\\/www.s-lecfilm.com\\\/pt-pt\\\/news\\\/rebranding\\\/\",\"name\":\"Rebranding da SEKISUI S-LEC\",\"description\":\"Mud\\u00e1mos a marca do neg\\u00f3cio de pel\\u00edculas intercalares de PVB com a consci\\u00eancia da import\\u00e2ncia da \\\"liga\\u00e7\\u00e3o\\\" n\\u00e3o s\\u00f3 com os clientes, mas tamb\\u00e9m com a sociedade para al\\u00e9m deles.\",\"inLanguage\":\"pt-PT\",\"isPartOf\":{\"@id\":\"https:\\\/\\\/www.s-lecfilm.com\\\/pt-pt\\\/#website\"},\"breadcrumb\":{\"@id\":\"https:\\\/\\\/www.s-lecfilm.com\\\/pt-pt\\\/news\\\/rebranding\\\/#breadcrumblist\"},\"datePublished\":\"2023-10-25T19:21:41+09:00\",\"dateModified\":\"2024-07-03T17:00:33+09:00\"},{\"@type\":\"WebSite\",\"@id\":\"https:\\\/\\\/www.s-lecfilm.com\\\/pt-pt\\\/#website\",\"url\":\"https:\\\/\\\/www.s-lecfilm.com\\\/pt-pt\\\/\",\"name\":\"s-lecfilm\",\"inLanguage\":\"pt-PT\",\"publisher\":{\"@id\":\"https:\\\/\\\/www.s-lecfilm.com\\\/pt-pt\\\/#organization\"}}]}\n\t\t<\/script>\n\t\t<!-- All in One SEO Pro -->\r\n\t\t<title>Rebranding da SEKISUI S-LEC<\/title>\n\n","aioseo_head_json":{"title":"Rebranding da SEKISUI S-LEC","description":"Mud\u00e1mos a marca do neg\u00f3cio de pel\u00edculas intercalares de PVB com a consci\u00eancia da import\u00e2ncia da \"liga\u00e7\u00e3o\" n\u00e3o s\u00f3 com os clientes, mas tamb\u00e9m com a sociedade para al\u00e9m deles.","canonical_url":"https:\/\/www.s-lecfilm.com\/pt-pt\/news\/rebranding\/","robots":"max-image-preview:large","keywords":"","webmasterTools":{"google-site-verification":"LGoHK3imcI57fEDyHDnPGNxrBKyRAWvyS1_pmekTNEU","miscellaneous":""},"og:locale":"pt_PT","og:site_name":"SEKISUI S-LEC","og:type":"article","og:title":"Rebranding da SEKISUI S-LEC","og:description":"Mud\u00e1mos a marca do neg\u00f3cio de pel\u00edculas intercalares de PVB com a consci\u00eancia da import\u00e2ncia da &quot;liga\u00e7\u00e3o&quot; n\u00e3o s\u00f3 com os clientes, mas tamb\u00e9m com a sociedade para al\u00e9m deles.","og:url":"https:\/\/www.s-lecfilm.com\/pt-pt\/news\/rebranding\/","og:image":"https:\/\/www.s-lecfilm.com\/wp-content\/uploads\/press-release_2.webp","og:image:secure_url":"https:\/\/www.s-lecfilm.com\/wp-content\/uploads\/press-release_2.webp","og:image:width":1200,"og:image:height":679,"article:published_time":"2023-10-25T10:21:41+00:00","article:modified_time":"2024-07-03T08:00:33+00:00","twitter:card":"summary_large_image","twitter:title":"Rebranding da SEKISUI S-LEC","twitter:description":"Mud\u00e1mos a marca do neg\u00f3cio de pel\u00edculas intercalares de PVB com a consci\u00eancia da import\u00e2ncia da &quot;liga\u00e7\u00e3o&quot; n\u00e3o s\u00f3 com os clientes, mas tamb\u00e9m com a sociedade para al\u00e9m deles.","twitter:image":"https:\/\/www.s-lecfilm.com\/wp-content\/uploads\/2023\/01\/Open-Graph-Image.png","schema":{"@context":"https:\/\/schema.org","@graph":[{"@type":"BreadcrumbList","@id":"https:\/\/www.s-lecfilm.com\/pt-pt\/news\/rebranding\/#breadcrumblist","itemListElement":[{"@type":"ListItem","@id":"https:\/\/www.s-lecfilm.com\/pt-pt\/#listItem","position":1,"name":"In\u00edcio","item":"https:\/\/www.s-lecfilm.com\/pt-pt\/","nextItem":"https:\/\/www.s-lecfilm.com\/pt-pt\/news\/#listItem"},{"@type":"ListItem","@id":"https:\/\/www.s-lecfilm.com\/pt-pt\/news\/#listItem","position":2,"name":"\/pt-pt\/news\/","item":"https:\/\/www.s-lecfilm.com\/pt-pt\/news\/","nextItem":"https:\/\/www.s-lecfilm.com\/pt-pt\/news\/rebranding\/#listItem","previousItem":"https:\/\/www.s-lecfilm.com\/pt-pt\/#listItem"},{"@type":"ListItem","@id":"https:\/\/www.s-lecfilm.com\/pt-pt\/news\/rebranding\/#listItem","position":3,"name":"\/pt-pt\/news\/rebranding\/","previousItem":"https:\/\/www.s-lecfilm.com\/pt-pt\/news\/#listItem"}]},{"@type":"Organization","@id":"https:\/\/www.s-lecfilm.com\/pt-pt\/#organization","name":"s-lecfilm","url":"https:\/\/www.s-lecfilm.com\/pt-pt\/"},{"@type":"WebPage","@id":"https:\/\/www.s-lecfilm.com\/pt-pt\/news\/rebranding\/#webpage","url":"https:\/\/www.s-lecfilm.com\/pt-pt\/news\/rebranding\/","name":"Rebranding da SEKISUI S-LEC","description":"Mud\u00e1mos a marca do neg\u00f3cio de pel\u00edculas intercalares de PVB com a consci\u00eancia da import\u00e2ncia da \"liga\u00e7\u00e3o\" n\u00e3o s\u00f3 com os clientes, mas tamb\u00e9m com a sociedade para al\u00e9m deles.","inLanguage":"pt-PT","isPartOf":{"@id":"https:\/\/www.s-lecfilm.com\/pt-pt\/#website"},"breadcrumb":{"@id":"https:\/\/www.s-lecfilm.com\/pt-pt\/news\/rebranding\/#breadcrumblist"},"datePublished":"2023-10-25T19:21:41+09:00","dateModified":"2024-07-03T17:00:33+09:00"},{"@type":"WebSite","@id":"https:\/\/www.s-lecfilm.com\/pt-pt\/#website","url":"https:\/\/www.s-lecfilm.com\/pt-pt\/","name":"s-lecfilm","inLanguage":"pt-PT","publisher":{"@id":"https:\/\/www.s-lecfilm.com\/pt-pt\/#organization"}}]}},"aioseo_meta_data":{"post_id":"17545","title":"Rebranding da SEKISUI S-LEC","description":"Mud\u00e1mos a marca do neg\u00f3cio de pel\u00edculas intercalares de PVB com a consci\u00eancia da import\u00e2ncia da \"liga\u00e7\u00e3o\" n\u00e3o s\u00f3 com os clientes, mas tamb\u00e9m com a sociedade para al\u00e9m deles.","keywords":null,"keyphrases":"{\"focus\":{\"keyphrase\":\"\",\"score\":0,\"analysis\":{\"keyphraseInTitle\":{\"score\":0,\"maxScore\":9,\"error\":1}}},\"additional\":[]}","primary_term":null,"canonical_url":null,"og_title":null,"og_description":null,"og_object_type":"default","og_image_type":"custom_image","og_image_url":"https:\/\/www.s-lecfilm.com\/wp-content\/uploads\/press-release_2.webp","og_image_width":"0","og_image_height":"0","og_image_custom_url":"https:\/\/www.s-lecfilm.com\/wp-content\/uploads\/press-release_2.webp","og_image_custom_fields":null,"og_video":"","og_custom_url":null,"og_article_section":null,"og_article_tags":null,"twitter_use_og":false,"twitter_card":"default","twitter_image_type":"default","twitter_image_url":null,"twitter_image_custom_url":null,"twitter_image_custom_fields":null,"twitter_title":null,"twitter_description":null,"schema":{"blockGraphs":[],"customGraphs":[],"default":{"data":{"Article":[],"Course":[],"Dataset":[],"FAQPage":[],"Movie":[],"Person":[],"Product":[],"Recipe":[],"Service":[],"SoftwareApplication":[],"WebPage":[]},"graphName":"WebPage","isEnabled":true},"graphs":[]},"schema_type":"default","schema_type_options":null,"pillar_content":false,"robots_default":true,"robots_noindex":true,"robots_noarchive":false,"robots_nosnippet":false,"robots_nofollow":false,"robots_noimageindex":false,"robots_noodp":false,"robots_notranslate":false,"robots_max_snippet":"-1","robots_max_videopreview":"-1","robots_max_imagepreview":"large","priority":null,"frequency":"default","local_seo":null,"limit_modified_date":false,"reviewed_by":null,"open_ai":{"title":{"suggestions":[],"usage":0},"description":{"suggestions":[],"usage":0}},"created":"2024-03-06 07:54:02","updated":"2024-07-03 08:01:10"},"aioseo_breadcrumb":"<div class=\"aioseo-breadcrumbs\"><span class=\"aioseo-breadcrumb\">\n\t<a href=\"https:\/\/www.s-lecfilm.com\/pt-pt\/\" title=\"\u30db\u30fc\u30e0\">\u30db\u30fc\u30e0<\/a>\n<\/span><span class=\"aioseo-breadcrumb-separator\">&raquo;<\/span><span class=\"aioseo-breadcrumb\">\n\t<a href=\"https:\/\/www.s-lecfilm.com\/pt-pt\/news\/\" title=\"Privado: \/pt-pt\/news\/\">Privado: \/pt-pt\/news\/<\/a>\n<\/span><span class=\"aioseo-breadcrumb-separator\">&raquo;<\/span><span class=\"aioseo-breadcrumb\">\n\t\/pt-pt\/news\/rebranding\/\n<\/span><\/div>","aioseo_breadcrumb_json":[{"label":"\u30db\u30fc\u30e0","link":"https:\/\/www.s-lecfilm.com\/pt-pt\/"},{"label":"Privado: \/pt-pt\/news\/","link":"https:\/\/www.s-lecfilm.com\/pt-pt\/news\/"},{"label":"\/pt-pt\/news\/rebranding\/","link":"https:\/\/www.s-lecfilm.com\/pt-pt\/news\/rebranding\/"}],"_links":{"self":[{"href":"https:\/\/www.s-lecfilm.com\/pt-pt\/wp-json\/wp\/v2\/pages\/17545"}],"collection":[{"href":"https:\/\/www.s-lecfilm.com\/pt-pt\/wp-json\/wp\/v2\/pages"}],"about":[{"href":"https:\/\/www.s-lecfilm.com\/pt-pt\/wp-json\/wp\/v2\/types\/page"}],"author":[{"embeddable":true,"href":"https:\/\/www.s-lecfilm.com\/pt-pt\/wp-json\/wp\/v2\/users\/14"}],"replies":[{"embeddable":true,"href":"https:\/\/www.s-lecfilm.com\/pt-pt\/wp-json\/wp\/v2\/comments?post=17545"}],"version-history":[{"count":10,"href":"https:\/\/www.s-lecfilm.com\/pt-pt\/wp-json\/wp\/v2\/pages\/17545\/revisions"}],"predecessor-version":[{"id":25243,"href":"https:\/\/www.s-lecfilm.com\/pt-pt\/wp-json\/wp\/v2\/pages\/17545\/revisions\/25243"}],"up":[{"embeddable":true,"href":"https:\/\/www.s-lecfilm.com\/pt-pt\/wp-json\/wp\/v2\/pages\/17043"}],"wp:attachment":[{"href":"https:\/\/www.s-lecfilm.com\/pt-pt\/wp-json\/wp\/v2\/media?parent=17545"}],"wp:term":[{"taxonomy":"page_category","embeddable":true,"href":"https:\/\/www.s-lecfilm.com\/pt-pt\/wp-json\/wp\/v2\/page_category?post=17545"}],"curies":[{"name":"wp","href":"https:\/\/api.w.org\/{rel}","templated":true}]}}