{"id":17447,"date":"2023-02-28T10:00:00","date_gmt":"2023-02-28T01:00:00","guid":{"rendered":"https:\/\/www.s-lecfilm.com\/pt-pt-cielora\/"},"modified":"2024-06-05T10:42:41","modified_gmt":"2024-06-05T01:42:41","slug":"pt-pt-cielora","status":"publish","type":"page","link":"https:\/\/www.s-lecfilm.com\/pt-pt\/cielora\/","title":{"rendered":"\/pt-pt\/cielora\/"},"content":{"rendered":"<div class=\"frame pt-0\" style=\"clear: both;\">\n\t<div class=\"hero-flame\" style=\"height:62vh;margin:0;\">\n\t\t<div class=\"hero-flame-bg\">\n\t\t\t<img loading=\"lazy\" decoding=\"async\" class=\"hero-flame-bg-img\" src=\"https:\/\/www.s-lecfilm.com\/wp-content\/uploads\/Hero_cielora.webp\" width=\"1920\" height=\"561\" alt=\"Cielora\u2122, opaque to clear with a natural gradient PVB interlayer\" style=\"object-position:50% 50%;\">\n\t\t<\/div>\n\t\t<div class=\"hero-flame-content\">\n\t\t\t\t\t\t\t<div class=\"hero-text\">\n\t\t\t\t\t<div class=\"hero-text-title\">\n\t\t\t\t\t\tCielora\u2122 \t\t\t\t\t<\/div>\n\t\t\t\t\t\t\t\t\t\t\t<div class=\"hero-text-subtitle\">\n\t\t\t\t\t\t\tAlcan\u00e7ar a beleza atrav\u00e9s da grada\u00e7\u00e3o\t\t\t\t\t\t<\/div>\n\t\t\t\t\t\t\t\t\t<\/div>\n\t\t\t\t<\/div>\n\t<\/div>\n<\/div>\n\n<div class=\"frame pt-0 pb-0\">\n\t\n<div class=\"container\">\n\t\n<H1 class=\"c-title-level02 section-subtitle\">Cielora\u2122, opaco a transparente com uma camada interm\u00e9dia de PVB com gradiente natural<\/H1>\n\n<div class=\"c-layout-frame section-flame\">\n\t\t<div class=\"row align-items-center\">\n\t\t<div class=\"col-lg-6\">\n\t\t\t<div class=\"feature-img text-center\">\n\t\t\t\t\t\t\t\t<img decoding=\"async\" src=\"https:\/\/www.s-lecfilm.com\/wp-content\/uploads\/220114_Details-04-1024x683.webp\"  alt=\"Cielora\u2122 that creates a gradation that flows from milky to transparent\">\n\t\t\t\t\t\t\t<\/div>\n\t\t<\/div>\n\t\t<div class=\"col-lg-6\">\n\t\t\t<div class=\"feature-cont\">\n\t\t\t\t<div class=\"acf-innerblocks-container\">\n\n<p>Solu\u00e7\u00f5es criativas em janelas, paredes e divis\u00f3rias de vidro para privacidade, seguran\u00e7a e est\u00e9tica.<\/p>\n\n\n\n<p>Os arquitectos e os designers de interiores procuram sempre equilibrar a est\u00e9tica com a funcionalidade. Isto aplica-se particularmente ao vidro, uma vez que \u00e9 muito vers\u00e1til na utiliza\u00e7\u00e3o arquitet\u00f3nica. Eles procuram, testam, calculam e escolhem os melhores materiais de forma cr\u00edtica com os criadores de projectos, fabricantes de vidro e empreiteiros. As aplica\u00e7\u00f5es utilizadas devem satisfazer muitos requisitos, como a facilidade de trabalho, o gosto do utilizador final e a seguran\u00e7a nos edif\u00edcios.<\/p>\n\n\n\n<p>Com isto, em retrospetiva, a SEKISUI S-LEC criou uma solu\u00e7\u00e3o inovadora para janelas de vidro decorativas, divis\u00f3rias, fachadas, varandas, etc., e outras aplica\u00e7\u00f5es que oferecem uma aplica\u00e7\u00e3o de alta qualidade com m\u00faltiplos benef\u00edcios: Cielora\u2122.<\/p>\n\n\n<div class=\"c-button-type01 row justify-content-center\">\n\t<div class=\"col-lg-5 d-brochure-bg-btn is-inner-btn btn-size-medium\">\n\t\t<a href=\"\/pt-pt\/download\/Cielora-leaflet\/\" target=\"_blank\">\n\t\t\t<button type=\"button\" class=\"btn btn-primary\">Descarregar a brochura<\/button>\n\t\t<\/a>\n\t<\/div>\n<\/div>\n\n<\/div>\t\t\t<\/div>\n\t\t<\/div>\n\t<\/div>\n\t<\/div>\n\n\n<H2 class=\"c-title-level02 section-subtitle\">Caracter\u00edsticas do Cielora<\/H2>\n\n<div class=\"c-layout-frame section-flame\">\n\t\t<div class=\"row align-items-center\">\n\t\t<div class=\"col-lg-6 order-lg-1 order-0\">\n\t\t\t<div class=\"feature-img text-center\">\n\t\t\t\t\t\t\t\t<img decoding=\"async\" src=\"https:\/\/www.s-lecfilm.com\/wp-content\/uploads\/cielora_en_02-1024x620.webp\"  alt=\"Cielora\u2122, white gradient PVB interlayer for laminated glass that features privacy and transparency\">\n\t\t\t\t\t\t\t<\/div>\n\t\t<\/div>\n\t\t<div class=\"col-lg-6 order-lg-0 order-1\">\n\t\t\t<div class=\"feature-cont\">\n\t\t\t\t<div class=\"acf-innerblocks-container\">\n\n<p>Cielora\u2122 \u00e9 uma pel\u00edcula intercalar de PVB com 0,76 mm de espessura para pain\u00e9is de vidro com as mesmas propriedades que as outras pel\u00edculas S-LEC\u2122 para vidro de seguran\u00e7a:<\/p>\n\n\n\n<ul class=\"wp-block-list\">\n<li>Seguran\u00e7a &#8211; Resistente a estilha\u00e7os, absorve o impacto e impede a penetra\u00e7\u00e3o.<\/li>\n\n\n\n<li>Seguran\u00e7a &#8211; Resiste \u00e0 for\u00e7a de um martelo ou de um cortador de vidro.<\/li>\n\n\n\n<li>Bloqueio dos raios UV &#8211; Bloqueia 99% dos raios ultravioleta.<\/li>\n\n\n\n<li>Deixar passar a luz natural, mantendo uma transpar\u00eancia \u00f3ptima na zona transparente.<\/li>\n<\/ul>\n\n\n\n<p>A carater\u00edstica \u00fanica adicional do Cielora\u2122 \u00e9 o seu gradiente natural alargado de vidro transparente a transl\u00facido e a um aspeto fosco opaco, oferecendo uma forma criativa de combinar privacidade e transpar\u00eancia numa aplica\u00e7\u00e3o personalizada em vidro laminado.<\/p>\n\n\n<div class=\"c-button-type01 row justify-content-center\">\n\t<div class=\"col-lg-5 d-brochure-bg-btn is-inner-btn btn-size-medium\">\n\t\t<a href=\"\/pt-pt\/download\/Cielora-leaflet\/\" target=\"_blank\">\n\t\t\t<button type=\"button\" class=\"btn btn-primary\">Descarregar a brochura<\/button>\n\t\t<\/a>\n\t<\/div>\n<\/div>\n\n<\/div>\t\t\t<\/div>\n\t\t<\/div>\n\t<\/div>\n\t<\/div>\n\n\n<H2 class=\"c-title-level02 section-subtitle\">O que torna o vidro gradiente branco Cielora\u2122 \u00fanico?  <\/H2>\n\n<div class=\"c-layout-frame section-flame\">\n\t\t<div class=\"row align-items-center\">\n\t\t<div class=\"col-lg-6\">\n\t\t\t<div class=\"feature-img text-center\">\n\t\t\t\t\t\t\t\t<img decoding=\"async\" src=\"https:\/\/www.s-lecfilm.com\/wp-content\/uploads\/220105_Building-06_90-1024x637.webp\"  alt=\"Cielora\u2122 that creates a gradation that flows from milky to transparent\">\n\t\t\t\t\t\t\t<\/div>\n\t\t<\/div>\n\t\t<div class=\"col-lg-6\">\n\t\t\t<div class=\"feature-cont\">\n\t\t\t\t<div class=\"acf-innerblocks-container\">\n\n<p>Cielora\u2122 \u00e9 uma pel\u00edcula intercalar de PVB que vai do vidro totalmente opaco (vidro de privacidade) branco ao vidro totalmente transparente. A transi\u00e7\u00e3o estende-se por mais de 80 cm, o que \u00e9 \u00fanico no mercado. O gradiente gradual permite um efeito de gradiente suave que parece sem costuras \u00e0 vista, permitindo a sua aplica\u00e7\u00e3o em designs de alta qualidade com uma criatividade sem fim.<\/p>\n\n\n\n<p>A aplica\u00e7\u00e3o de uma camada interm\u00e9dia de PVB no vidro laminado para alterar a fun\u00e7\u00e3o \u00f3tica, de seguran\u00e7a ou de prote\u00e7\u00e3o UV do vidro oferece sempre excelentes qualidades. Em compara\u00e7\u00e3o com as pel\u00edculas aderentes, como as pel\u00edculas para janelas, uma pel\u00edcula decorativa com camada interm\u00e9dia de PVB \u00e9 selada para evitar o desgaste, mesmo ap\u00f3s muitos anos. O design dos produtos de vidro laminado mant\u00e9m-se totalmente liso, o que permite uma manuten\u00e7\u00e3o reduzida, independentemente de ser utilizado no interior ou no exterior.<\/p>\n\n<\/div>\t\t\t<\/div>\n\t\t<\/div>\n\t<\/div>\n\t<\/div>\n\n\n<H2 class=\"c-title-level02 section-subtitle\">Aplica\u00e7\u00f5es de vidro laminado gradiente<\/H2>\n\n<div class=\"c-layout-frame section-flame\">\n\t\t<div class=\"row align-items-center\">\n\t\t<div class=\"col-lg-6 order-lg-1 order-0\">\n\t\t\t<div class=\"feature-img text-center\">\n\t\t\t\t\t\t\t\t<img decoding=\"async\" src=\"https:\/\/www.s-lecfilm.com\/wp-content\/uploads\/Cielora-application-image-1024x625.webp\"  alt=\"Gradient laminated glass with Cielora\u2122, widely used in architecture for new builds, renovations, and decor\">\n\t\t\t\t\t\t\t<\/div>\n\t\t<\/div>\n\t\t<div class=\"col-lg-6 order-lg-0 order-1\">\n\t\t\t<div class=\"feature-cont\">\n\t\t\t\t<div class=\"acf-innerblocks-container\">\n\n<p>O vidro laminado com um gradiente branco tem muitas aplica\u00e7\u00f5es arquitect\u00f3nicas em edif\u00edcios novos, renova\u00e7\u00f5es, constru\u00e7\u00f5es em vidro, esculturas, etc. Em qualquer lugar onde os pain\u00e9is de vidro fa\u00e7am parte do design exterior ou interior. Exemplos de aplica\u00e7\u00f5es incluem:<\/p>\n\n\n\n<ul class=\"wp-block-list\">\n<li>Varanda de vidro<\/li>\n\n\n\n<li>Vidro de fachada<\/li>\n\n\n\n<li>Divis\u00f3rias de vidro em edif\u00edcios p\u00fablicos<\/li>\n\n\n\n<li>Balaustrada ou corrim\u00e3o de telhado<\/li>\n\n\n\n<li>Cub\u00edculo para conversas privadas em edif\u00edcios de escrit\u00f3rios partilhados<\/li>\n\n\n\n<li>Janelas de vidro para salas de reuni\u00f5es e salas de aula<\/li>\n\n\n\n<li>Teto de vidro em \u00e1trios ou espregui\u00e7adeiras<\/li>\n\n\n\n<li>Separador de secret\u00e1ria<\/li>\n\n\n\n<li>Portas de duche para casas de banho ou divis\u00f3rias para cabinas de duche<\/li>\n\n\n\n<li>Portas de vidro<\/li>\n<\/ul>\n\n<\/div>\t\t\t<\/div>\n\t\t<\/div>\n\t<\/div>\n\t<\/div>\n\n\n<H2 class=\"c-title-level02 section-subtitle\">As vantagens da versatilidade<\/H2>\n\n<div class=\"c-layout-frame section-flame\">\n\t\t<div class=\"row align-items-center\">\n\t\t<div class=\"col-lg-6\">\n\t\t\t<div class=\"feature-img text-center\">\n\t\t\t\t\t\t\t\t<img decoding=\"async\" src=\"https:\/\/www.s-lecfilm.com\/wp-content\/uploads\/cover-image-1024x746.webp\"  alt=\"Protecting privacy using opaque or transparent gradation glass by Cielora\u2122\">\n\t\t\t\t\t\t\t<\/div>\n\t\t<\/div>\n\t\t<div class=\"col-lg-6\">\n\t\t\t<div class=\"feature-cont\">\n\t\t\t\t<div class=\"acf-innerblocks-container\">\n\n<p>Os edif\u00edcios modernos s\u00e3o concebidos para serem eficientes em termos energ\u00e9ticos, oferecendo um espa\u00e7o para trabalhar, viver ou recrear. Em \u00e1reas densamente povoadas, o requisito adicional de privacidade entra em jogo. A utiliza\u00e7\u00e3o de vidro com gradiente parcialmente opaco e parcialmente transparente \u00e9 uma forma vers\u00e1til de manter um edif\u00edcio leve e aberto, ao mesmo tempo que proporciona privacidade em determinadas \u00e1reas.<\/p>\n\n\n\n<p>Cielora\u2122 proporciona esta sensa\u00e7\u00e3o de amplitude ao mesmo tempo que melhora o aspeto uniforme dos v\u00e1rios espa\u00e7os de um edif\u00edcio. O design de gradiente largo e o tamanho total da Cielora\u2122 permitem uma criatividade sem limites. Podemos oferecer personaliza\u00e7\u00e3o encurtando o lado transparente ou opaco da pel\u00edcula.<\/p>\n\n\n<div class=\"c-button-type01 row justify-content-center\">\n\t<div class=\"col-lg-5 d-brochure-bg-btn is-inner-btn btn-size-medium\">\n\t\t<a href=\"\/pt-pt\/download\/Cielora-leaflet\/\" target=\"_blank\">\n\t\t\t<button type=\"button\" class=\"btn btn-primary\">Descarregar a brochura<\/button>\n\t\t<\/a>\n\t<\/div>\n<\/div>\n\n<\/div>\t\t\t<\/div>\n\t\t<\/div>\n\t<\/div>\n\t<\/div>\n\n\n<H2 class=\"c-title-level02 section-subtitle\">Pedido de amostra<\/H2>\n\n<div class=\"c-layout-frame section-flame\">\n\t\t<div class=\"row align-items-center\">\n\t\t<div class=\"col-lg-6 order-lg-1 order-0\">\n\t\t\t<div class=\"feature-img text-center\">\n\t\t\t\t\t\t\t\t<img decoding=\"async\" src=\"https:\/\/www.s-lecfilm.com\/wp-content\/uploads\/Cielora-glass-book-grey-back2-1024x567.webp\"  alt=\"Cielora\u2122 glass sample that can evaluate the process in the glass and the glass process\">\n\t\t\t\t\t\t\t<\/div>\n\t\t<\/div>\n\t\t<div class=\"col-lg-6 order-lg-0 order-1\">\n\t\t\t<div class=\"feature-cont\">\n\t\t\t\t<div class=\"acf-innerblocks-container\">\n\n<p>As amostras est\u00e3o dispon\u00edveis mediante pedido. Podemos fornecer amostras de vidro laminado ou de pel\u00edcula, dependendo dos seus antecedentes, por exemplo, para verificar o aspeto do vidro laminado com Cielora\u2122, ou para avaliar os processos no processo de lamina\u00e7\u00e3o.<\/p>\n\n\n\n<p>N\u00e3o hesite em contactar-nos atrav\u00e9s do formul\u00e1rio abaixo, e um dos nossos representantes entrar\u00e1 em contacto consigo para discutir o seu pedido e a disponibilidade de amostras.<\/p>\n\n\n<div class=\"c-button-type01 row justify-content-center\">\n\t<div class=\"col-lg-5 d-brochure-bg-btn is-inner-btn btn-size-medium\">\n\t\t<a href=\"\/pt-pt\/download\/Cielora-sample\/\" target=\"_blank\">\n\t\t\t<button type=\"button\" class=\"btn btn-primary\">Pedir amostra<\/button>\n\t\t<\/a>\n\t<\/div>\n<\/div>\n\n<\/div>\t\t\t<\/div>\n\t\t<\/div>\n\t<\/div>\n\t<\/div>\n\n\n<H2 class=\"c-title-level02 section-subtitle\">Os nossos servi\u00e7os<\/H2>\n\n<div class=\"c-layout-frame section-flame\">\n\t\t<div class=\"row align-items-center\">\n\t\t<div class=\"col-lg-6\">\n\t\t\t<div class=\"feature-img text-center\">\n\t\t\t\t\t\t\t\t<img decoding=\"async\" src=\"https:\/\/www.s-lecfilm.com\/wp-content\/uploads\/shutterstock_2281799523-1-1024x672-1-1-1024x672.webp\"  alt=\"SEKISUI S-LEC can develop tailored solutions from the design stage per project needs.\">\n\t\t\t\t\t\t\t<\/div>\n\t\t<\/div>\n\t\t<div class=\"col-lg-6\">\n\t\t\t<div class=\"feature-cont\">\n\t\t\t\t<div class=\"acf-innerblocks-container\">\n\n<p>A SEKISUI S-LEC tem uma equipa de peritos t\u00e9cnicos, comerciais e de marketing dispon\u00edveis nos nossos m\u00faltiplos locais de produ\u00e7\u00e3o de interlayer de PVB em todo o mundo para o apoiar na fase de conce\u00e7\u00e3o do seu produto e oferecer-lhe a nossa assist\u00eancia no desenvolvimento de uma solu\u00e7\u00e3o personalizada que se adapte aos requisitos do seu projeto.<\/p>\n\n\n\n<p>Se quiser saber mais sobre Cielora\u2122, n\u00e3o hesite em contactar-nos. Diga-nos como podemos satisfazer as exig\u00eancias dos futuros edif\u00edcios.<\/p>\n\n<\/div>\t\t\t<\/div>\n\t\t<\/div>\n\t<\/div>\n\t<\/div>\n\n<\/div>\n\n<\/div>\n\n\n\n<div class=\"frame is-bg-img c-more-detail \">\n\t<div class=\"container\">\n\t\t<div class=\"row justify-content-center\">\n\t\t\t<div class=\"col-lg-10\">\n\t\t\t\t<div class=\"row\">\n\t\t\t\t\t<div class=\"col-lg-7 mb-5 mb-lg-0\">\n\t\t\t\t\t\t<div class=\"contact-footer-text\">\n\t\t\t\t\t\t\tGostaria de saber mais?\t\t\t\t\t\t<\/div>\n\t\t\t\t\t\t<div class=\"contact-footer-btn\">\n\t\t\t\t\t\t\t<a href=\"\/pt-pt\/download\/all\/\" target=\"_blank\">\n\t\t\t\t\t\t\t\t<button class=\"btn btn-primary fa-download-check\">\n\t\t\t\t\t\t\t\t\t\t\t\t\t\t\t\t\t\t\tDownloads\t\t\t\t\t\t\t\t\t\t\t\t\t\t\t\t\t<\/button>\n\t\t\t\t\t\t\t<\/a>\n\t\t\t\t\t\t\t<a href=\"\/pt-pt\/download\/Inquiry\/\" target=\"_blank\">\n\t\t\t\t\t\t\t\t<button class=\"btn btn-primary is-external-link\">\n\t\t\t\t\t\t\t\t\t\t\t\t\t\t\t\t\t\t\tContate-nos\t\t\t\t\t\t\t\t\t\t\t\t\t\t\t\t\t<\/button>\n\t\t\t\t\t\t\t<\/a>\n\t\t\t\t\t\t<\/div>\n\t\t\t\t\t<\/div>\n\t\t\t\t\t<div class=\"col-lg-5\">\n\t\t\t\t\t\t<div class=\"contact-footer-img\">\n\t\t\t\t\t\t\t\t\t\t\t\t\t\t<img decoding=\"async\" src=\"https:\/\/www.s-lecfilm.com\/wp-content\/uploads\/thankyou_hero-1-1-1024x576.webp\" alt=\"Those who want to know more about S-LEC\u2122 Film\">\n\t\t\t\t\t\t\t\t\t\t\t\t\t<\/div>\n\t\t\t\t\t<\/div>\n\t\t\t\t<\/div>\n\t\t\t<\/div>\n\t\t<\/div>\n\t<\/div>\n<\/div>\n","protected":false},"excerpt":{"rendered":"","protected":false},"author":7,"featured_media":0,"parent":0,"menu_order":225,"comment_status":"closed","ping_status":"closed","template":"","meta":{"_acf_changed":false,"_oasis_is_in_workflow":0,"_oasis_original":0,"om_disable_all_campaigns":false,"inline_featured_image":false,"_monsterinsights_skip_tracking":false,"_monsterinsights_sitenote_active":false,"_monsterinsights_sitenote_note":"","_monsterinsights_sitenote_category":0,"footnotes":""},"page_category":[101,131,121],"class_list":["post-17447","page","type-page","status-publish","hentry"],"acf":[],"aioseo_notices":[],"aioseo_head":"\n\t\t<!-- All in One SEO Pro 4.6.2 - aioseo.com -->\n\t\t<meta name=\"description\" content=\"A pel\u00edcula intercalar de gradiente branco para vidro laminado que proporciona oportunidades \u00fanicas para criar transi\u00e7\u00f5es graduais do branco transl\u00facido para o vidro transparente.\" \/>\n\t\t<meta name=\"robots\" content=\"max-image-preview:large\" \/>\n\t\t<meta name=\"google-site-verification\" content=\"LGoHK3imcI57fEDyHDnPGNxrBKyRAWvyS1_pmekTNEU\" \/>\n\t\t<link rel=\"canonical\" href=\"https:\/\/www.s-lecfilm.com\/pt-pt\/cielora\/\" \/>\n\t\t<meta name=\"generator\" content=\"All in One SEO Pro (AIOSEO) 4.6.2\" \/>\n\t\t<meta property=\"og:locale\" content=\"pt_PT\" \/>\n\t\t<meta property=\"og:site_name\" content=\"SEKISUI S-LEC\" \/>\n\t\t<meta property=\"og:type\" content=\"article\" \/>\n\t\t<meta property=\"og:title\" content=\"Alcan\u00e7ar a beleza atrav\u00e9s da grada\u00e7\u00e3o | Cielora\" \/>\n\t\t<meta property=\"og:description\" content=\"A pel\u00edcula intercalar de gradiente branco para vidro laminado que proporciona oportunidades \u00fanicas para criar transi\u00e7\u00f5es graduais do branco transl\u00facido para o vidro transparente.\" \/>\n\t\t<meta property=\"og:url\" content=\"https:\/\/www.s-lecfilm.com\/pt-pt\/cielora\/\" \/>\n\t\t<meta property=\"og:image\" content=\"https:\/\/www.s-lecfilm.com\/wp-content\/uploads\/2023\/01\/cielora_01-1.png\" \/>\n\t\t<meta property=\"og:image:secure_url\" content=\"https:\/\/www.s-lecfilm.com\/wp-content\/uploads\/2023\/01\/cielora_01-1.png\" \/>\n\t\t<meta property=\"article:published_time\" content=\"2023-02-28T01:00:00+00:00\" \/>\n\t\t<meta property=\"article:modified_time\" content=\"2024-06-05T01:42:41+00:00\" \/>\n\t\t<meta name=\"twitter:card\" content=\"summary_large_image\" \/>\n\t\t<meta name=\"twitter:title\" content=\"Alcan\u00e7ar a beleza atrav\u00e9s da grada\u00e7\u00e3o | Cielora\" \/>\n\t\t<meta name=\"twitter:description\" content=\"A pel\u00edcula intercalar de gradiente branco para vidro laminado que proporciona oportunidades \u00fanicas para criar transi\u00e7\u00f5es graduais do branco transl\u00facido para o vidro transparente.\" \/>\n\t\t<meta name=\"twitter:image\" content=\"https:\/\/www.s-lecfilm.com\/wp-content\/uploads\/2023\/01\/cielora_01-1.png\" \/>\n\t\t<script type=\"application\/ld+json\" class=\"aioseo-schema\">\n\t\t\t{\"@context\":\"https:\\\/\\\/schema.org\",\"@graph\":[{\"@type\":\"BreadcrumbList\",\"@id\":\"https:\\\/\\\/www.s-lecfilm.com\\\/pt-pt\\\/cielora\\\/#breadcrumblist\",\"itemListElement\":[{\"@type\":\"ListItem\",\"@id\":\"https:\\\/\\\/www.s-lecfilm.com\\\/pt-pt\\\/#listItem\",\"position\":1,\"name\":\"In\\u00edcio\",\"item\":\"https:\\\/\\\/www.s-lecfilm.com\\\/pt-pt\\\/\",\"nextItem\":\"https:\\\/\\\/www.s-lecfilm.com\\\/pt-pt\\\/cielora\\\/#listItem\"},{\"@type\":\"ListItem\",\"@id\":\"https:\\\/\\\/www.s-lecfilm.com\\\/pt-pt\\\/cielora\\\/#listItem\",\"position\":2,\"name\":\"\\\/pt-pt\\\/cielora\\\/\",\"previousItem\":\"https:\\\/\\\/www.s-lecfilm.com\\\/pt-pt\\\/#listItem\"}]},{\"@type\":\"Organization\",\"@id\":\"https:\\\/\\\/www.s-lecfilm.com\\\/pt-pt\\\/#organization\",\"name\":\"s-lecfilm\",\"url\":\"https:\\\/\\\/www.s-lecfilm.com\\\/pt-pt\\\/\"},{\"@type\":\"WebPage\",\"@id\":\"https:\\\/\\\/www.s-lecfilm.com\\\/pt-pt\\\/cielora\\\/#webpage\",\"url\":\"https:\\\/\\\/www.s-lecfilm.com\\\/pt-pt\\\/cielora\\\/\",\"name\":\"Alcan\\u00e7ar a beleza atrav\\u00e9s da grada\\u00e7\\u00e3o | Cielora\",\"description\":\"A pel\\u00edcula intercalar de gradiente branco para vidro laminado que proporciona oportunidades \\u00fanicas para criar transi\\u00e7\\u00f5es graduais do branco transl\\u00facido para o vidro transparente.\",\"inLanguage\":\"pt-PT\",\"isPartOf\":{\"@id\":\"https:\\\/\\\/www.s-lecfilm.com\\\/pt-pt\\\/#website\"},\"breadcrumb\":{\"@id\":\"https:\\\/\\\/www.s-lecfilm.com\\\/pt-pt\\\/cielora\\\/#breadcrumblist\"},\"datePublished\":\"2023-02-28T10:00:00+09:00\",\"dateModified\":\"2024-06-05T10:42:41+09:00\"},{\"@type\":\"WebSite\",\"@id\":\"https:\\\/\\\/www.s-lecfilm.com\\\/pt-pt\\\/#website\",\"url\":\"https:\\\/\\\/www.s-lecfilm.com\\\/pt-pt\\\/\",\"name\":\"s-lecfilm\",\"inLanguage\":\"pt-PT\",\"publisher\":{\"@id\":\"https:\\\/\\\/www.s-lecfilm.com\\\/pt-pt\\\/#organization\"}}]}\n\t\t<\/script>\n\t\t<!-- All in One SEO Pro -->\r\n\t\t<title>Alcan\u00e7ar a beleza atrav\u00e9s da grada\u00e7\u00e3o | Cielora<\/title>\n\n","aioseo_head_json":{"title":"Alcan\u00e7ar a beleza atrav\u00e9s da grada\u00e7\u00e3o | Cielora","description":"A pel\u00edcula intercalar de gradiente branco para vidro laminado que proporciona oportunidades \u00fanicas para criar transi\u00e7\u00f5es graduais do branco transl\u00facido para o vidro transparente.","canonical_url":"https:\/\/www.s-lecfilm.com\/pt-pt\/cielora\/","robots":"max-image-preview:large","keywords":"","webmasterTools":{"google-site-verification":"LGoHK3imcI57fEDyHDnPGNxrBKyRAWvyS1_pmekTNEU","miscellaneous":""},"og:locale":"pt_PT","og:site_name":"SEKISUI S-LEC","og:type":"article","og:title":"Alcan\u00e7ar a beleza atrav\u00e9s da grada\u00e7\u00e3o | Cielora","og:description":"A pel\u00edcula intercalar de gradiente branco para vidro laminado que proporciona oportunidades \u00fanicas para criar transi\u00e7\u00f5es graduais do branco transl\u00facido para o vidro transparente.","og:url":"https:\/\/www.s-lecfilm.com\/pt-pt\/cielora\/","og:image":"https:\/\/www.s-lecfilm.com\/wp-content\/uploads\/2023\/01\/cielora_01-1.png","og:image:secure_url":"https:\/\/www.s-lecfilm.com\/wp-content\/uploads\/2023\/01\/cielora_01-1.png","article:published_time":"2023-02-28T01:00:00+00:00","article:modified_time":"2024-06-05T01:42:41+00:00","twitter:card":"summary_large_image","twitter:title":"Alcan\u00e7ar a beleza atrav\u00e9s da grada\u00e7\u00e3o | Cielora","twitter:description":"A pel\u00edcula intercalar de gradiente branco para vidro laminado que proporciona oportunidades \u00fanicas para criar transi\u00e7\u00f5es graduais do branco transl\u00facido para o vidro transparente.","twitter:image":"https:\/\/www.s-lecfilm.com\/wp-content\/uploads\/2023\/01\/cielora_01-1.png","schema":{"@context":"https:\/\/schema.org","@graph":[{"@type":"BreadcrumbList","@id":"https:\/\/www.s-lecfilm.com\/pt-pt\/cielora\/#breadcrumblist","itemListElement":[{"@type":"ListItem","@id":"https:\/\/www.s-lecfilm.com\/pt-pt\/#listItem","position":1,"name":"In\u00edcio","item":"https:\/\/www.s-lecfilm.com\/pt-pt\/","nextItem":"https:\/\/www.s-lecfilm.com\/pt-pt\/cielora\/#listItem"},{"@type":"ListItem","@id":"https:\/\/www.s-lecfilm.com\/pt-pt\/cielora\/#listItem","position":2,"name":"\/pt-pt\/cielora\/","previousItem":"https:\/\/www.s-lecfilm.com\/pt-pt\/#listItem"}]},{"@type":"Organization","@id":"https:\/\/www.s-lecfilm.com\/pt-pt\/#organization","name":"s-lecfilm","url":"https:\/\/www.s-lecfilm.com\/pt-pt\/"},{"@type":"WebPage","@id":"https:\/\/www.s-lecfilm.com\/pt-pt\/cielora\/#webpage","url":"https:\/\/www.s-lecfilm.com\/pt-pt\/cielora\/","name":"Alcan\u00e7ar a beleza atrav\u00e9s da grada\u00e7\u00e3o | Cielora","description":"A pel\u00edcula intercalar de gradiente branco para vidro laminado que proporciona oportunidades \u00fanicas para criar transi\u00e7\u00f5es graduais do branco transl\u00facido para o vidro transparente.","inLanguage":"pt-PT","isPartOf":{"@id":"https:\/\/www.s-lecfilm.com\/pt-pt\/#website"},"breadcrumb":{"@id":"https:\/\/www.s-lecfilm.com\/pt-pt\/cielora\/#breadcrumblist"},"datePublished":"2023-02-28T10:00:00+09:00","dateModified":"2024-06-05T10:42:41+09:00"},{"@type":"WebSite","@id":"https:\/\/www.s-lecfilm.com\/pt-pt\/#website","url":"https:\/\/www.s-lecfilm.com\/pt-pt\/","name":"s-lecfilm","inLanguage":"pt-PT","publisher":{"@id":"https:\/\/www.s-lecfilm.com\/pt-pt\/#organization"}}]}},"aioseo_meta_data":{"post_id":"17447","title":"Alcan\u00e7ar a beleza atrav\u00e9s da grada\u00e7\u00e3o | Cielora","description":"A pel\u00edcula intercalar de gradiente branco para vidro laminado que proporciona oportunidades \u00fanicas para criar transi\u00e7\u00f5es graduais do branco transl\u00facido para o vidro transparente.","keywords":null,"keyphrases":"{\"focus\":{\"keyphrase\":\"\",\"score\":0,\"analysis\":{\"keyphraseInTitle\":{\"score\":0,\"maxScore\":9,\"error\":1}}},\"additional\":[]}","primary_term":null,"canonical_url":null,"og_title":null,"og_description":null,"og_object_type":"default","og_image_type":"custom_image","og_image_url":"https:\/\/www.s-lecfilm.com\/wp-content\/uploads\/2023\/01\/cielora_01-1.png","og_image_width":"0","og_image_height":"0","og_image_custom_url":"https:\/\/www.s-lecfilm.com\/wp-content\/uploads\/2023\/01\/cielora_01-1.png","og_image_custom_fields":null,"og_video":"","og_custom_url":null,"og_article_section":null,"og_article_tags":null,"twitter_use_og":false,"twitter_card":"default","twitter_image_type":"custom_image","twitter_image_url":"https:\/\/www.s-lecfilm.com\/wp-content\/uploads\/2023\/01\/cielora_01-1.png","twitter_image_custom_url":"https:\/\/www.s-lecfilm.com\/wp-content\/uploads\/2023\/01\/cielora_01-1.png","twitter_image_custom_fields":null,"twitter_title":null,"twitter_description":null,"schema":{"blockGraphs":[],"customGraphs":[],"default":{"data":{"Article":[],"Course":[],"Dataset":[],"FAQPage":[],"Movie":[],"Person":[],"Product":[],"Recipe":[],"Service":[],"SoftwareApplication":[],"WebPage":[]},"graphName":"WebPage","isEnabled":true},"graphs":[]},"schema_type":"default","schema_type_options":null,"pillar_content":false,"robots_default":true,"robots_noindex":false,"robots_noarchive":false,"robots_nosnippet":false,"robots_nofollow":false,"robots_noimageindex":false,"robots_noodp":false,"robots_notranslate":false,"robots_max_snippet":"-1","robots_max_videopreview":"-1","robots_max_imagepreview":"large","priority":null,"frequency":"default","local_seo":null,"limit_modified_date":false,"reviewed_by":null,"open_ai":{"title":{"suggestions":[],"usage":0},"description":{"suggestions":[],"usage":0}},"created":"2024-03-05 06:35:37","updated":"2024-06-05 01:43:07"},"aioseo_breadcrumb":"<div class=\"aioseo-breadcrumbs\"><span class=\"aioseo-breadcrumb\">\n\t<a href=\"https:\/\/www.s-lecfilm.com\/pt-pt\/\" title=\"\u30db\u30fc\u30e0\">\u30db\u30fc\u30e0<\/a>\n<\/span><span class=\"aioseo-breadcrumb-separator\">&raquo;<\/span><span class=\"aioseo-breadcrumb\">\n\t\/pt-pt\/cielora\/\n<\/span><\/div>","aioseo_breadcrumb_json":[{"label":"\u30db\u30fc\u30e0","link":"https:\/\/www.s-lecfilm.com\/pt-pt\/"},{"label":"\/pt-pt\/cielora\/","link":"https:\/\/www.s-lecfilm.com\/pt-pt\/cielora\/"}],"_links":{"self":[{"href":"https:\/\/www.s-lecfilm.com\/pt-pt\/wp-json\/wp\/v2\/pages\/17447"}],"collection":[{"href":"https:\/\/www.s-lecfilm.com\/pt-pt\/wp-json\/wp\/v2\/pages"}],"about":[{"href":"https:\/\/www.s-lecfilm.com\/pt-pt\/wp-json\/wp\/v2\/types\/page"}],"author":[{"embeddable":true,"href":"https:\/\/www.s-lecfilm.com\/pt-pt\/wp-json\/wp\/v2\/users\/7"}],"replies":[{"embeddable":true,"href":"https:\/\/www.s-lecfilm.com\/pt-pt\/wp-json\/wp\/v2\/comments?post=17447"}],"version-history":[{"count":10,"href":"https:\/\/www.s-lecfilm.com\/pt-pt\/wp-json\/wp\/v2\/pages\/17447\/revisions"}],"predecessor-version":[{"id":21275,"href":"https:\/\/www.s-lecfilm.com\/pt-pt\/wp-json\/wp\/v2\/pages\/17447\/revisions\/21275"}],"wp:attachment":[{"href":"https:\/\/www.s-lecfilm.com\/pt-pt\/wp-json\/wp\/v2\/media?parent=17447"}],"wp:term":[{"taxonomy":"page_category","embeddable":true,"href":"https:\/\/www.s-lecfilm.com\/pt-pt\/wp-json\/wp\/v2\/page_category?post=17447"}],"curies":[{"name":"wp","href":"https:\/\/api.w.org\/{rel}","templated":true}]}}