{"id":17812,"date":"2023-10-25T17:54:38","date_gmt":"2023-10-25T08:54:38","guid":{"rendered":"https:\/\/www.s-lecfilm.com\/en-news\/en-news-puv-comfort\/"},"modified":"2024-03-07T02:05:27","modified_gmt":"2024-03-06T17:05:27","slug":"en-news-puv-comfort","status":"publish","type":"page","link":"https:\/\/www.s-lecfilm.com\/nl\/news\/puv-comfort\/","title":{"rendered":"\/nl\/news\/puv-comfort\/"},"content":{"rendered":"<div class=\"frame pt-0\" style=\"clear: both;\">\n\t<div class=\"hero-flame\" style=\"height:62vh;margin:0;\">\n\t\t<div class=\"hero-flame-bg\">\n\t\t\t<img loading=\"lazy\" decoding=\"async\" class=\"hero-flame-bg-img\" src=\"https:\/\/www.s-lecfilm.com\/wp-content\/uploads\/puv-comfort_hero-3.webp\" width=\"1920\" height=\"1080\" alt=\"A woman experiences a solution that shields people from UV rays using the PVB interlayer film.\" style=\"object-position:0% 80%;\">\n\t\t<\/div>\n\t\t<div class=\"hero-flame-content\">\n\t\t\t\t\t\t\t<div class=\"hero-text\">\n\t\t\t\t\t<div class=\"hero-text-title\">\n\t\t\t\t\t\tEffecten van infraroodstralen voorkomen\t\t\t\t\t<\/div>\n\t\t\t\t\t\t\t\t\t\t\t<div class=\"hero-text-subtitle\">\n\t\t\t\t\t\t\tVoor een comfortabele, gezonde rijervaring\t\t\t\t\t\t<\/div>\n\t\t\t\t\t\t\t\t\t<\/div>\n\t\t\t\t<\/div>\n\t<\/div>\n<\/div>\n\n<div class=\"frame pt-0 pb-0\">\n\t\n<div class=\"container pb-0 mb-0\">\n\t\n<H2 class=\"c-title-level02 section-subtitle\">Effecten van ultraviolette (UV) en infrarode stralen (IR)<\/H2>\n\n<div class=\"c-layout-frame section-flame\">\n\t\t<div class=\"row align-items-center\">\n\t\t<div class=\"col-lg-6\">\n\t\t\t<div class=\"feature-img text-center\">\n\t\t\t\t\t\t\t\t<img decoding=\"async\" src=\"https:\/\/www.s-lecfilm.com\/wp-content\/uploads\/puv-comfort_contents-1-1024x683.webp\"  alt=\"A woman who&#039;s afraid of photoaging due to the influence of ultraviolet rays (UV) and near-infrared rays (NIR)\">\n\t\t\t\t\t\t\t<\/div>\n\t\t<\/div>\n\t\t<div class=\"col-lg-6\">\n\t\t\t<div class=\"feature-cont\">\n\t\t\t\t<div class=\"acf-innerblocks-container\">\n\n<p>Ultraviolette (UV) stralen kunnen op basis van hun golflengte worden onderverdeeld in drie soorten: UV-A, UV-B en UV-C. UV-C wordt geabsorbeerd door de ozonlaag en bereikt het aardoppervlak niet, maar UV-A en UV-B bereiken de grond en kunnen photoaging veroorzaken, wat bij langdurige blootstelling kan leiden tot huidproblemen zoals ongezond bruinen, rimpels en huidverslapping.<\/p>\n\n\n\n<p>Onderzoek heeft aangetoond dat nabij-infraroodstralen (NIR), die ongeveer 50% van het zonlicht uitmaken, ook betrokken zijn bij het proces van fotoveroudering en irritatie van de huid kunnen veroorzaken, zoals een stijging van de lichaamstemperatuur door het thermische effect op de zenuwen.<\/p>\n\n\n\n<p>Voortdurende blootstelling aan UV-A en nabij-infraroodstralen zorgt ervoor dat het collageen en elastine metamorfose ondergaan en hun oorspronkelijke functies verliezen, en ook de ondersteuning van het onderhuidse weefsel wordt verzwakt, wat resulteert in niet te voorkomen huidbeschadiging. Om huidproblemen te voorkomen en de gezondheid te beschermen, is het belangrijk om maatregelen te nemen om blootstelling aan zowel ultraviolet als nabij-infrarood te beperken.<\/p>\n\n<\/div>\t\t\t<\/div>\n\t\t<\/div>\n\t<\/div>\n\t<\/div>\n\n\n<H2 class=\"c-title-level02 section-subtitle\">Gezondheid en comfort bereiken<\/H2>\n\n<div class=\"container\">\r\n\t<div class=\"container\">\r\n\t\t<div class=\"section-flame\">\r\n\t\t\t<div class=\"row justify-content-end align-items-center\">\r\n\t\t\t\t\t\t\t\t\t<div class=\"col-lg-6 order-lg-0 order-1\">\r\n\t\t\t\t\t\t<div class=\"feature-cont\">\n\t<div class=\"feature-cont-title\"><\/div>\n\t<div class=\"feature-cont-text\">\n\t\tUV-A kan doordringen tot diepere lagen van de huid (dermis) en kan op lange termijn huidbeschadiging veroorzaken.<br \/>\n<br \/>\nGelamineerd glas met onze S-LEC\u2122 Premium UV Blocking Film UA01 biedt uitzonderlijke prestaties op het gebied van UV-A-blokkering en vermindert de doorlaatbaarheid van UV-A tot minder dan 0,1% in vergelijking met standaard gelamineerd glas.<br \/>\nIn combinatie met de S-LEC\u2122 Solar Control Film wordt het mogelijk om naast ultraviolette straling ook infrarode straling tegen te gaan, zodat het interieur van uw auto minder snel opwarmt, wat resulteert in een comfortabeler en gezonder auto-interieur.<br \/>\n<br \/>\nBij SEKISUI S-LEC zijn we toegewijd aan het cre\u00ebren van nieuwe waardevolle oplossingen door middel van PVB folie voor gelamineerd glas om bij te dragen aan de ontwikkelingen in de steeds groeiende auto-industrie en architectuur.\t<\/div>\n<\/div>\n<div class=\"row d-brochure-bg-btn-wrap justify-content-end with-accent align-items-center mt-4 mx-0\">\n\t\t<div class=\"col-lg-5 d-brochure-bg-btn is-inner-btn with-accent\">\n\t\t\t<\/div>\n<\/div>\t\t\t\t\t<\/div>\r\n\t\t\t\t\t<div class=\"col-lg-6 order-lg-1\">\r\n\t\t\t\t\t\t<div class=\"youtube_wrap\">\n\t<div class=\"youtube_area un_youtube_area\">\n\t\t<script src=\"https:\/\/www.youtube.com\/iframe_api\"><\/script>\n\t\t<iframe loading=\"lazy\" data-cookieconsent=\"necessary\" width=\"560\" height=\"315\" src=\"\/\/www.youtube.com\/embed\/ig13Z-pKSHc?enablejsapi=1&amp;origin=https%3A%2F%2Fwww.s-lecfilm.com\" title=\"\" frameborder=\"0\" allow=\"accelerometer; autoplay; clipboard-write; encrypted-media; gyroscope; picture-in-picture\" allowfullscreen=\"\" data-gtm-yt-inspected-7440638_38=\"true\" id=\"900282223\"><\/iframe>\n\t<\/div>\n<\/div>\n\t\t\t\t\t<\/div>\r\n\t\t\t\t\t\t\t<\/div>\r\n\t\t<\/div>\r\n\t<\/div>\r\n<\/div>\r\n\n\n<H2 class=\"c-title-level02 section-subtitle\">Ge\u00ebvalueerd via voertuigtests<\/H2>\n\n<div class=\"c-layout-frame section-flame\">\n\t\t<div class=\"row align-items-center\">\n\t\t<div class=\"col-lg-6\">\n\t\t\t<div class=\"feature-img text-left\">\n\t\t\t\t\t\t\t\t<img decoding=\"async\" src=\"https:\/\/www.s-lecfilm.com\/wp-content\/uploads\/puv-comfort_contents_vehicle-1-1024x577.webp\"  alt=\"Heat reduction effect of S-LEC\u2122 Solar Control Film that has been confirmed in the actual vehicle evaluation\">\n\t\t\t\t\t\t\t<\/div>\n\t\t<\/div>\n\t\t<div class=\"col-lg-6\">\n\t\t\t<div class=\"feature-cont\">\n\t\t\t\t<div class=\"acf-innerblocks-container\">\n\n<p>We hebben het hittewerende effect van S-LEC\u2122 Solar Control Film bevestigd aan de hand van verschillende voertuigtests.<\/p>\n\n\n\n<p>In een van onze tests installeerden we een voorruit met een standaard PVB tussenlaag en een met de S-LEC\u2122 PVB interlayer film in twee dezelfde auto&#8217;s om de stijging van het temperatuurverschil in de auto te meten onder gelijke rijomstandigheden. Hierdoor konden we een hitteschild tot 7\u00b0C bevestigen.<\/p>\n\n\n\n<p>Bij EV&#8217;s, die steeds populairder worden, kan door de warmte die de auto binnenkomt effectief te blokkeren, bespaard worden op het stroomverbruik van de airconditioner, wat bijdraagt aan de verlenging van het Rijbereik.  <\/p>\n\n\n\n<p>Neem contact met ons op voor meer informatie over onze testgegevens.<\/p>\n\n<\/div>\t\t\t<\/div>\n\t\t<\/div>\n\t<\/div>\n\t<\/div>\n\n\n<H2 class=\"c-title-level02 section-subtitle\">Consumentenenqu\u00eate over thermisch comfort<\/H2>\n\n<div class=\"c-layout-frame section-flame\">\n\t\t<div class=\"row align-items-center\">\n\t\t<div class=\"col-lg-6 order-lg-1 order-0\">\n\t\t\t<div class=\"feature-img text-left\">\n\t\t\t\t\t\t\t\t<img decoding=\"async\" src=\"https:\/\/www.s-lecfilm.com\/wp-content\/uploads\/puv-comfort_contents_study-2-1024x683.webp\"  alt=\"Survey implementation by SEKISUI S-LEC\">\n\t\t\t\t\t\t\t<\/div>\n\t\t<\/div>\n\t\t<div class=\"col-lg-6 order-lg-0 order-1\">\n\t\t\t<div class=\"feature-cont\">\n\t\t\t\t<div class=\"acf-innerblocks-container\">\n\n<p>S-LEC\u2122 Solar Control Film vermindert de temperatuurstijging die door de zon wordt veroorzaakt en houdt het interieur van de auto comfortabel, zelfs op warme dagen.<\/p>\n\n\n\n<p>In een onderzoek uitgevoerd onder 526 deelnemers gebruikten we een demonstratiekit met twee glazen, \u00e9\u00e9n met standaard gelamineerd glas en \u00e9\u00e9n gelamineerd glas met S-LEC\u2122 Solar Control Film, geplaatst onder lampen die kunstmatig zonlicht nabootsen, waarbij deelnemers het verschil in warmtesensatie konden voelen. 94% van de deelnemers bevestigde het warmteafschermende effect van S-LEC\u2122 Solar Control Film in vergelijking met standaard gelamineerd glas.<\/p>\n\n\n\n<p>S-LEC\u2122 Solar Control Film wordt door consumenten erkend als een oplossing die het interieur van auto&#8217;s comfortabeler kan maken en als bijkomend voordeel de noodzaak voor continu gebruik van airconditioning vermindert om bij te dragen aan elektrisch rijden.<\/p>\n\n<\/div>\t\t\t<\/div>\n\t\t<\/div>\n\t<\/div>\n\t<\/div>\n\n\n<H1 class=\"c-title-level02 section-subtitle\">Toepassing van ultraviolet en infrarood beschermend glas<\/H1>\n\n<div class=\"c-layout-frame section-flame\">\n\t\t<div class=\"row align-items-center\">\n\t\t<div class=\"col-lg-6\">\n\t\t\t<div class=\"feature-img text-left\">\n\t\t\t\t\t\t\t\t<img decoding=\"async\" src=\"https:\/\/www.s-lecfilm.com\/wp-content\/uploads\/puv-comfort_contents_glass-1-1024x683.webp\"  alt=\"UV and NIR cuts increase the need for automobile glass\">\n\t\t\t\t\t\t\t<\/div>\n\t\t<\/div>\n\t\t<div class=\"col-lg-6\">\n\t\t\t<div class=\"feature-cont\">\n\t\t\t\t<div class=\"acf-innerblocks-container\">\n\n<p>De vraag naar gelamineerd glas dat de huid beschermt tegen de negatieve effecten van zonlicht, zoals UV-bescherming en warmteblokkering, neemt aanzienlijk toe.<\/p>\n\n\n\n<p>S-LEC\u2122 Solar Control Film is door voertuigtests en consumentenonderzoeken bevestigd als een nuttige functie voor autoruiten om de blootstelling aan hitte te verminderen. In combinatie met S-LEC\u2122 Premium UV Blocking Film UA01 kunnen extra voordelen voor gezondheid en comfort worden bereikt.<\/p>\n\n\n\n<p>S-LEC\u2122 Solar Control Film wordt door verschillende autofabrikanten over de hele wereld gebruikt om hun voorruiten en zijruiten te beschermen tegen UV-stralen en IR-stralen, wat voordelen oplevert voor de gezondheid en het comfort van hun klanten.<\/p>\n\n<\/div>\t\t\t<\/div>\n\t\t<\/div>\n\t<\/div>\n\t<\/div>\n\n\n<H2 class=\"c-title-level02 section-subtitle\">Ervaar het comfort van solar<\/H2>\n\n<div class=\"c-layout-frame section-flame\">\n\t\t<div class=\"row align-items-center\">\n\t\t<div class=\"col-lg-6 order-lg-1 order-0\">\n\t\t\t<div class=\"feature-img text-left\">\n\t\t\t\t\t\t\t\t<img decoding=\"async\" src=\"https:\/\/www.s-lecfilm.com\/wp-content\/uploads\/S-LEC_Solar_demonstration-1024x686.webp\"  alt=\"A Demonstration that shows heat shielding between S-LEC\u2122 Solar Control Film and general glass\">\n\t\t\t\t\t\t\t<\/div>\n\t\t<\/div>\n\t\t<div class=\"col-lg-6 order-lg-0 order-1\">\n\t\t\t<div class=\"feature-cont\">\n\t\t\t\t<div class=\"acf-innerblocks-container\">\n\n<p>U kunt de voordelen van S-LEC\u2122 Solar Control Film voor autoglas ervaren met onze demonstratiekit uit het consumentenonderzoek.<\/p>\n\n\n\n<p>Neem contact met ons op als u de ervaring wilt uitproberen en neem contact op met onze lokale vertegenwoordigers over de mogelijkheden van een demonstratie of voor meer informatie over onze Producten voor de auto-industrie.<\/p>\n\n\n<div class=\"c-button-type01 row justify-content-center\">\n\t<div class=\"col-lg-5 d-brochure-bg-btn is-inner-btn btn-size-medium\">\n\t\t<a href=\"\/nl\/download\/Solar-demo\/\" target=\"_blank\">\n\t\t\t<button type=\"button\" class=\"btn btn-primary\">Vraag demonstratie aan<\/button>\n\t\t<\/a>\n\t<\/div>\n<\/div>\n\n<\/div>\t\t\t<\/div>\n\t\t<\/div>\n\t<\/div>\n\t<\/div>\n\n<\/div>\n\n<\/div>\n\n\n\n<div class=\"frame is-bg-img c-more-detail \">\n\t<div class=\"container\">\n\t\t<div class=\"row justify-content-center\">\n\t\t\t<div class=\"col-lg-10\">\n\t\t\t\t<div class=\"row\">\n\t\t\t\t\t<div class=\"col-lg-7 mb-5 mb-lg-0\">\n\t\t\t\t\t\t<div class=\"contact-footer-text\">\n\t\t\t\t\t\t\tWil je meer weten?\t\t\t\t\t\t<\/div>\n\t\t\t\t\t\t<div class=\"contact-footer-btn\">\n\t\t\t\t\t\t\t<a href=\"\/nl\/download\/all\/\" target=\"_blank\">\n\t\t\t\t\t\t\t\t<button class=\"btn btn-primary fa-download-check\">\n\t\t\t\t\t\t\t\t\t\t\t\t\t\t\t\t\t\t\tDownloads\t\t\t\t\t\t\t\t\t\t\t\t\t\t\t\t\t<\/button>\n\t\t\t\t\t\t\t<\/a>\n\t\t\t\t\t\t\t<a href=\"\/nl\/download\/Inquiry\/\" target=\"_blank\">\n\t\t\t\t\t\t\t\t<button class=\"btn btn-primary is-external-link\">\n\t\t\t\t\t\t\t\t\t\t\t\t\t\t\t\t\t\t\tNeem contact met ons op\t\t\t\t\t\t\t\t\t\t\t\t\t\t\t\t\t<\/button>\n\t\t\t\t\t\t\t<\/a>\n\t\t\t\t\t\t<\/div>\n\t\t\t\t\t<\/div>\n\t\t\t\t\t<div class=\"col-lg-5\">\n\t\t\t\t\t\t<div class=\"contact-footer-img\">\n\t\t\t\t\t\t\t\t\t\t\t\t\t\t<img decoding=\"async\" src=\"https:\/\/www.s-lecfilm.com\/wp-content\/uploads\/thankyou_hero-1-1-1024x576.webp\" alt=\"Those who want to know more about S-LEC\u2122 Film\">\n\t\t\t\t\t\t\t\t\t\t\t\t\t<\/div>\n\t\t\t\t\t<\/div>\n\t\t\t\t<\/div>\n\t\t\t<\/div>\n\t\t<\/div>\n\t<\/div>\n<\/div>\n","protected":false},"excerpt":{"rendered":"","protected":false},"author":14,"featured_media":0,"parent":17040,"menu_order":83,"comment_status":"closed","ping_status":"closed","template":"","meta":{"_acf_changed":false,"_oasis_is_in_workflow":0,"_oasis_original":0,"om_disable_all_campaigns":false,"inline_featured_image":false,"_monsterinsights_skip_tracking":false,"_monsterinsights_sitenote_active":false,"_monsterinsights_sitenote_note":"","_monsterinsights_sitenote_category":0,"footnotes":""},"page_category":[119],"class_list":["post-17812","page","type-page","status-publish","hentry"],"acf":[],"aioseo_notices":[],"aioseo_head":"\n\t\t<!-- All in One SEO Pro 4.6.2 - aioseo.com -->\n\t\t<meta name=\"description\" content=\"Onze Producten voor de auto-industrie kunnen ultraviolette (UV) en infrarode (IR) stralen tegengaan voor een comfortabeler en gezonder auto-interieur.\" \/>\n\t\t<meta name=\"robots\" content=\"max-image-preview:large\" \/>\n\t\t<meta name=\"google-site-verification\" content=\"LGoHK3imcI57fEDyHDnPGNxrBKyRAWvyS1_pmekTNEU\" \/>\n\t\t<link rel=\"canonical\" href=\"https:\/\/www.s-lecfilm.com\/nl\/news\/puv-comfort\/\" \/>\n\t\t<meta name=\"generator\" content=\"All in One SEO Pro (AIOSEO) 4.6.2\" \/>\n\t\t<meta property=\"og:locale\" content=\"nl_NL\" \/>\n\t\t<meta property=\"og:site_name\" content=\"SEKISUI S-LEC\" \/>\n\t\t<meta property=\"og:type\" content=\"article\" \/>\n\t\t<meta property=\"og:title\" content=\"Effecten van infraroodstralen voorkomen | SEKISUI S-LEC\" \/>\n\t\t<meta property=\"og:description\" content=\"Onze Producten voor de auto-industrie kunnen ultraviolette (UV) en infrarode (IR) stralen tegengaan voor een comfortabeler en gezonder auto-interieur.\" \/>\n\t\t<meta property=\"og:url\" content=\"https:\/\/www.s-lecfilm.com\/nl\/news\/puv-comfort\/\" \/>\n\t\t<meta property=\"og:image\" content=\"https:\/\/www.s-lecfilm.com\/wp-content\/uploads\/puv-comfort_hero-3.webp\" \/>\n\t\t<meta property=\"og:image:secure_url\" content=\"https:\/\/www.s-lecfilm.com\/wp-content\/uploads\/puv-comfort_hero-3.webp\" \/>\n\t\t<meta property=\"og:image:width\" content=\"1920\" \/>\n\t\t<meta property=\"og:image:height\" content=\"1080\" \/>\n\t\t<meta property=\"article:published_time\" content=\"2023-10-25T08:54:38+00:00\" \/>\n\t\t<meta property=\"article:modified_time\" content=\"2024-03-06T17:05:27+00:00\" \/>\n\t\t<meta name=\"twitter:card\" content=\"summary_large_image\" \/>\n\t\t<meta name=\"twitter:title\" content=\"Effecten van infraroodstralen voorkomen | SEKISUI S-LEC\" \/>\n\t\t<meta name=\"twitter:description\" content=\"Onze Producten voor de auto-industrie kunnen ultraviolette (UV) en infrarode (IR) stralen tegengaan voor een comfortabeler en gezonder auto-interieur.\" \/>\n\t\t<meta name=\"twitter:image\" content=\"https:\/\/www.s-lecfilm.com\/wp-content\/uploads\/2023\/01\/Open-Graph-Image.png\" \/>\n\t\t<script type=\"application\/ld+json\" class=\"aioseo-schema\">\n\t\t\t{\"@context\":\"https:\\\/\\\/schema.org\",\"@graph\":[{\"@type\":\"BreadcrumbList\",\"@id\":\"https:\\\/\\\/www.s-lecfilm.com\\\/nl\\\/news\\\/puv-comfort\\\/#breadcrumblist\",\"itemListElement\":[{\"@type\":\"ListItem\",\"@id\":\"https:\\\/\\\/www.s-lecfilm.com\\\/nl\\\/#listItem\",\"position\":1,\"name\":\"Home\",\"item\":\"https:\\\/\\\/www.s-lecfilm.com\\\/nl\\\/\",\"nextItem\":\"https:\\\/\\\/www.s-lecfilm.com\\\/nl\\\/news\\\/#listItem\"},{\"@type\":\"ListItem\",\"@id\":\"https:\\\/\\\/www.s-lecfilm.com\\\/nl\\\/news\\\/#listItem\",\"position\":2,\"name\":\"\\\/nl\\\/news\\\/\",\"item\":\"https:\\\/\\\/www.s-lecfilm.com\\\/nl\\\/news\\\/\",\"nextItem\":\"https:\\\/\\\/www.s-lecfilm.com\\\/nl\\\/news\\\/puv-comfort\\\/#listItem\",\"previousItem\":\"https:\\\/\\\/www.s-lecfilm.com\\\/nl\\\/#listItem\"},{\"@type\":\"ListItem\",\"@id\":\"https:\\\/\\\/www.s-lecfilm.com\\\/nl\\\/news\\\/puv-comfort\\\/#listItem\",\"position\":3,\"name\":\"\\\/nl\\\/news\\\/puv-comfort\\\/\",\"previousItem\":\"https:\\\/\\\/www.s-lecfilm.com\\\/nl\\\/news\\\/#listItem\"}]},{\"@type\":\"Organization\",\"@id\":\"https:\\\/\\\/www.s-lecfilm.com\\\/nl\\\/#organization\",\"name\":\"s-lecfilm\",\"url\":\"https:\\\/\\\/www.s-lecfilm.com\\\/nl\\\/\"},{\"@type\":\"WebPage\",\"@id\":\"https:\\\/\\\/www.s-lecfilm.com\\\/nl\\\/news\\\/puv-comfort\\\/#webpage\",\"url\":\"https:\\\/\\\/www.s-lecfilm.com\\\/nl\\\/news\\\/puv-comfort\\\/\",\"name\":\"Effecten van infraroodstralen voorkomen | SEKISUI S-LEC\",\"description\":\"Onze Producten voor de auto-industrie kunnen ultraviolette (UV) en infrarode (IR) stralen tegengaan voor een comfortabeler en gezonder auto-interieur.\",\"inLanguage\":\"nl-NL\",\"isPartOf\":{\"@id\":\"https:\\\/\\\/www.s-lecfilm.com\\\/nl\\\/#website\"},\"breadcrumb\":{\"@id\":\"https:\\\/\\\/www.s-lecfilm.com\\\/nl\\\/news\\\/puv-comfort\\\/#breadcrumblist\"},\"datePublished\":\"2023-10-25T17:54:38+09:00\",\"dateModified\":\"2024-03-07T02:05:27+09:00\"},{\"@type\":\"WebSite\",\"@id\":\"https:\\\/\\\/www.s-lecfilm.com\\\/nl\\\/#website\",\"url\":\"https:\\\/\\\/www.s-lecfilm.com\\\/nl\\\/\",\"name\":\"s-lecfilm\",\"inLanguage\":\"nl-NL\",\"publisher\":{\"@id\":\"https:\\\/\\\/www.s-lecfilm.com\\\/nl\\\/#organization\"}}]}\n\t\t<\/script>\n\t\t<!-- All in One SEO Pro -->\r\n\t\t<title>Effecten van infraroodstralen voorkomen | SEKISUI S-LEC<\/title>\n\n","aioseo_head_json":{"title":"Effecten van infraroodstralen voorkomen | SEKISUI S-LEC","description":"Onze Producten voor de auto-industrie kunnen ultraviolette (UV) en infrarode (IR) stralen tegengaan voor een comfortabeler en gezonder auto-interieur.","canonical_url":"https:\/\/www.s-lecfilm.com\/nl\/news\/puv-comfort\/","robots":"max-image-preview:large","keywords":"","webmasterTools":{"google-site-verification":"LGoHK3imcI57fEDyHDnPGNxrBKyRAWvyS1_pmekTNEU","miscellaneous":""},"og:locale":"nl_NL","og:site_name":"SEKISUI S-LEC","og:type":"article","og:title":"Effecten van infraroodstralen voorkomen | SEKISUI S-LEC","og:description":"Onze Producten voor de auto-industrie kunnen ultraviolette (UV) en infrarode (IR) stralen tegengaan voor een comfortabeler en gezonder auto-interieur.","og:url":"https:\/\/www.s-lecfilm.com\/nl\/news\/puv-comfort\/","og:image":"https:\/\/www.s-lecfilm.com\/wp-content\/uploads\/puv-comfort_hero-3.webp","og:image:secure_url":"https:\/\/www.s-lecfilm.com\/wp-content\/uploads\/puv-comfort_hero-3.webp","og:image:width":1920,"og:image:height":1080,"article:published_time":"2023-10-25T08:54:38+00:00","article:modified_time":"2024-03-06T17:05:27+00:00","twitter:card":"summary_large_image","twitter:title":"Effecten van infraroodstralen voorkomen | SEKISUI S-LEC","twitter:description":"Onze Producten voor de auto-industrie kunnen ultraviolette (UV) en infrarode (IR) stralen tegengaan voor een comfortabeler en gezonder auto-interieur.","twitter:image":"https:\/\/www.s-lecfilm.com\/wp-content\/uploads\/2023\/01\/Open-Graph-Image.png","schema":{"@context":"https:\/\/schema.org","@graph":[{"@type":"BreadcrumbList","@id":"https:\/\/www.s-lecfilm.com\/nl\/news\/puv-comfort\/#breadcrumblist","itemListElement":[{"@type":"ListItem","@id":"https:\/\/www.s-lecfilm.com\/nl\/#listItem","position":1,"name":"Home","item":"https:\/\/www.s-lecfilm.com\/nl\/","nextItem":"https:\/\/www.s-lecfilm.com\/nl\/news\/#listItem"},{"@type":"ListItem","@id":"https:\/\/www.s-lecfilm.com\/nl\/news\/#listItem","position":2,"name":"\/nl\/news\/","item":"https:\/\/www.s-lecfilm.com\/nl\/news\/","nextItem":"https:\/\/www.s-lecfilm.com\/nl\/news\/puv-comfort\/#listItem","previousItem":"https:\/\/www.s-lecfilm.com\/nl\/#listItem"},{"@type":"ListItem","@id":"https:\/\/www.s-lecfilm.com\/nl\/news\/puv-comfort\/#listItem","position":3,"name":"\/nl\/news\/puv-comfort\/","previousItem":"https:\/\/www.s-lecfilm.com\/nl\/news\/#listItem"}]},{"@type":"Organization","@id":"https:\/\/www.s-lecfilm.com\/nl\/#organization","name":"s-lecfilm","url":"https:\/\/www.s-lecfilm.com\/nl\/"},{"@type":"WebPage","@id":"https:\/\/www.s-lecfilm.com\/nl\/news\/puv-comfort\/#webpage","url":"https:\/\/www.s-lecfilm.com\/nl\/news\/puv-comfort\/","name":"Effecten van infraroodstralen voorkomen | SEKISUI S-LEC","description":"Onze Producten voor de auto-industrie kunnen ultraviolette (UV) en infrarode (IR) stralen tegengaan voor een comfortabeler en gezonder auto-interieur.","inLanguage":"nl-NL","isPartOf":{"@id":"https:\/\/www.s-lecfilm.com\/nl\/#website"},"breadcrumb":{"@id":"https:\/\/www.s-lecfilm.com\/nl\/news\/puv-comfort\/#breadcrumblist"},"datePublished":"2023-10-25T17:54:38+09:00","dateModified":"2024-03-07T02:05:27+09:00"},{"@type":"WebSite","@id":"https:\/\/www.s-lecfilm.com\/nl\/#website","url":"https:\/\/www.s-lecfilm.com\/nl\/","name":"s-lecfilm","inLanguage":"nl-NL","publisher":{"@id":"https:\/\/www.s-lecfilm.com\/nl\/#organization"}}]}},"aioseo_meta_data":{"post_id":"17812","title":"Effecten van infraroodstralen voorkomen | SEKISUI S-LEC","description":"Onze Producten voor de auto-industrie kunnen ultraviolette (UV) en infrarode (IR) stralen tegengaan voor een comfortabeler en gezonder auto-interieur.","keywords":[],"keyphrases":"{\"focus\":{\"keyphrase\":\"\",\"score\":0,\"analysis\":{\"keyphraseInTitle\":{\"score\":0,\"maxScore\":9,\"error\":1}}},\"additional\":[]}","primary_term":null,"canonical_url":null,"og_title":null,"og_description":null,"og_object_type":"default","og_image_type":"custom_image","og_image_url":"https:\/\/www.s-lecfilm.com\/wp-content\/uploads\/puv-comfort_hero-3.webp","og_image_width":"1920","og_image_height":"1080","og_image_custom_url":"https:\/\/www.s-lecfilm.com\/wp-content\/uploads\/puv-comfort_hero-3.webp","og_image_custom_fields":null,"og_video":"","og_custom_url":null,"og_article_section":null,"og_article_tags":[],"twitter_use_og":false,"twitter_card":"default","twitter_image_type":"default","twitter_image_url":null,"twitter_image_custom_url":null,"twitter_image_custom_fields":null,"twitter_title":null,"twitter_description":null,"schema":{"blockGraphs":[],"customGraphs":[],"default":{"data":{"Article":[],"Course":[],"Dataset":[],"FAQPage":[],"Movie":[],"Person":[],"Product":[],"Recipe":[],"Service":[],"SoftwareApplication":[],"WebPage":[]},"graphName":"WebPage","isEnabled":true},"graphs":[]},"schema_type":"default","schema_type_options":null,"pillar_content":false,"robots_default":true,"robots_noindex":true,"robots_noarchive":false,"robots_nosnippet":false,"robots_nofollow":false,"robots_noimageindex":false,"robots_noodp":false,"robots_notranslate":false,"robots_max_snippet":"-1","robots_max_videopreview":"-1","robots_max_imagepreview":"large","priority":null,"frequency":"default","local_seo":null,"limit_modified_date":false,"reviewed_by":null,"open_ai":{"title":{"suggestions":[],"usage":0},"description":{"suggestions":[],"usage":0}},"created":"2024-03-06 16:57:58","updated":"2024-03-06 17:18:54"},"aioseo_breadcrumb":"<div class=\"aioseo-breadcrumbs\"><span class=\"aioseo-breadcrumb\">\n\t<a href=\"https:\/\/www.s-lecfilm.com\/nl\/\" title=\"\u30db\u30fc\u30e0\">\u30db\u30fc\u30e0<\/a>\n<\/span><span class=\"aioseo-breadcrumb-separator\">&raquo;<\/span><span class=\"aioseo-breadcrumb\">\n\t<a href=\"https:\/\/www.s-lecfilm.com\/nl\/news\/\" title=\"Priv\u00e9: \/nl\/news\/\">Priv\u00e9: \/nl\/news\/<\/a>\n<\/span><span class=\"aioseo-breadcrumb-separator\">&raquo;<\/span><span class=\"aioseo-breadcrumb\">\n\t\/nl\/news\/puv-comfort\/\n<\/span><\/div>","aioseo_breadcrumb_json":[{"label":"\u30db\u30fc\u30e0","link":"https:\/\/www.s-lecfilm.com\/nl\/"},{"label":"Priv\u00e9: \/nl\/news\/","link":"https:\/\/www.s-lecfilm.com\/nl\/news\/"},{"label":"\/nl\/news\/puv-comfort\/","link":"https:\/\/www.s-lecfilm.com\/nl\/news\/puv-comfort\/"}],"_links":{"self":[{"href":"https:\/\/www.s-lecfilm.com\/nl\/wp-json\/wp\/v2\/pages\/17812"}],"collection":[{"href":"https:\/\/www.s-lecfilm.com\/nl\/wp-json\/wp\/v2\/pages"}],"about":[{"href":"https:\/\/www.s-lecfilm.com\/nl\/wp-json\/wp\/v2\/types\/page"}],"author":[{"embeddable":true,"href":"https:\/\/www.s-lecfilm.com\/nl\/wp-json\/wp\/v2\/users\/14"}],"replies":[{"embeddable":true,"href":"https:\/\/www.s-lecfilm.com\/nl\/wp-json\/wp\/v2\/comments?post=17812"}],"version-history":[{"count":3,"href":"https:\/\/www.s-lecfilm.com\/nl\/wp-json\/wp\/v2\/pages\/17812\/revisions"}],"predecessor-version":[{"id":17826,"href":"https:\/\/www.s-lecfilm.com\/nl\/wp-json\/wp\/v2\/pages\/17812\/revisions\/17826"}],"up":[{"embeddable":true,"href":"https:\/\/www.s-lecfilm.com\/nl\/wp-json\/wp\/v2\/pages\/17040"}],"wp:attachment":[{"href":"https:\/\/www.s-lecfilm.com\/nl\/wp-json\/wp\/v2\/media?parent=17812"}],"wp:term":[{"taxonomy":"page_category","embeddable":true,"href":"https:\/\/www.s-lecfilm.com\/nl\/wp-json\/wp\/v2\/page_category?post=17812"}],"curies":[{"name":"wp","href":"https:\/\/api.w.org\/{rel}","templated":true}]}}