{"id":17595,"date":"2023-02-14T10:00:00","date_gmt":"2023-02-14T01:00:00","guid":{"rendered":"https:\/\/www.s-lecfilm.com\/nl-design-arch\/"},"modified":"2024-06-07T09:56:41","modified_gmt":"2024-06-07T00:56:41","slug":"nl-design-arch","status":"publish","type":"page","link":"https:\/\/www.s-lecfilm.com\/nl\/design-arch\/","title":{"rendered":"\/nl\/design-arch\/"},"content":{"rendered":"<div class=\"frame pt-0\" style=\"clear: both;\">\n\t<div class=\"hero-flame\" style=\"height:62vh;margin:0;\">\n\t\t<div class=\"hero-flame-bg\">\n\t\t\t<img loading=\"lazy\" decoding=\"async\" class=\"hero-flame-bg-img\" src=\"https:\/\/www.s-lecfilm.com\/wp-content\/uploads\/Hero_design-arch.webp\" width=\"1920\" height=\"960\" alt=\"Design of architectural glass that pursues the potential of colored glass and gradation glass\" style=\"object-position:50% 0%;\">\n\t\t<\/div>\n\t\t<div class=\"hero-flame-content\">\n\t\t\t\t\t\t\t<div class=\"hero-text\">\n\t\t\t\t\t<div class=\"hero-text-title\">\n\t\t\t\t\t\tOntwerp\t\t\t\t\t<\/div>\n\t\t\t\t\t\t\t\t\t\t\t<div class=\"hero-text-subtitle\">\n\t\t\t\t\t\t\tDesign dat me aanspreekt\t\t\t\t\t\t<\/div>\n\t\t\t\t\t\t\t\t\t<\/div>\n\t\t\t\t<\/div>\n\t<\/div>\n<\/div>\n\n<div class=\"frame pt-0 pb-0\">\n\t\n<div class=\"c-tab-type01 tab-flame\">\n\t<div class=\"container\">\n\t\t\t\t<ul class=\"tab_area\">\n\t\t\t\t\t\t\t\t\t<li id=\"automobiel\" class=\"tab-menu\"><a href=\"\/nl\/design-auto\/#auto\">automotive<\/a><\/li>\n\t\t\t\t\t\t\t\t\t<li id=\"architectuur\" class=\"tab-menu select\"><a href=\"\/nl\/design-arch\/#arch\">architectuur<\/a><\/li>\n\t\t\t\t\t<\/ul>\n\t\t\t<\/div>\n<\/div>\n\n\n<div class=\"container mt-5\">\n\t\n<H2 class=\"c-title-level02 section-subtitle\">Trends in architectuur<\/H2>\n\n<div class=\"c-layout-frame section-flame\">\n\t\t<div class=\"row align-items-center\">\n\t\t<div class=\"col-lg-6\">\n\t\t\t<div class=\"feature-img text-center\">\n\t\t\t\t\t\t\t\t<img decoding=\"async\" src=\"https:\/\/www.s-lecfilm.com\/wp-content\/uploads\/shutterstock_186752795-1-1024x683.webp\"  alt=\"The glass facade of the white building using PVB interlayer for architectural glass applications\">\n\t\t\t\t\t\t\t<\/div>\n\t\t<\/div>\n\t\t<div class=\"col-lg-6\">\n\t\t\t<div class=\"feature-cont\">\n\t\t\t\t<div class=\"acf-innerblocks-container\">\n\n<p>Trends in het ontwerp van glas voor architectuur evolueren snel en richten zich op het verbeteren van energie-effici\u00ebntie, veiligheid en esthetiek. Dankzij innovaties in de PVB folie gelamineerd glas is gelamineerd glas de voorloper in deze ontwikkelingen.<\/p>\n\n\n\n<p>Creative Minds by SEKISUI S-LEC verkent ook de mogelijkheden met kleuren en gradient gelamineerd glas en luidt zo een nieuw tijdperk in van visueel aantrekkelijk glas voor architectuur.<\/p>\n\n<\/div>\t\t\t<\/div>\n\t\t<\/div>\n\t<\/div>\n\t<\/div>\n\n\n<H1 class=\"c-title-level02 section-subtitle\">Design in glas voor architectuur<\/H1>\n\n<div class=\"c-layout-frame section-flame\">\n\t\t<div class=\"row align-items-center\">\n\t\t<div class=\"col-lg-6 order-lg-1 order-0\">\n\t\t\t<div class=\"feature-img text-center\">\n\t\t\t\t\t\t\t\t<img decoding=\"async\" src=\"https:\/\/www.s-lecfilm.com\/wp-content\/uploads\/img_00005-1-1024x684.webp\"  alt=\"Building with S-LEC\u2122 Film working on a wide range of design solutions\">\n\t\t\t\t\t\t\t<\/div>\n\t\t<\/div>\n\t\t<div class=\"col-lg-6 order-lg-0 order-1\">\n\t\t\t<div class=\"feature-cont\">\n\t\t\t\t<div class=\"acf-innerblocks-container\">\n\n<p>Design is een uiterst belangrijk onderdeel van beglazing.<\/p>\n\n\n\n<p>S-LEC\u2122 PVB interlayer film voor gelamineerd glas is verkrijgbaar in verschillende kleuren en gradaties, wat meer creatieve vrijheid biedt met behoud van S-LEC\u2122 prestaties voor een breed assortiment glasvormen en toepassingen op decoratief gelamineerd glas.<\/p>\n\n\n\n<p>Ervaar gekleurd gelamineerd glas met onze innovatieve oplossingen voor glas voor architectuur. Onze oplossingen openen nieuwe dimensies in architecturale esthetiek, waardoor u opvallende, unieke en visueel boeiende ruimtes kunt cre\u00ebren die echt opvallen. Verhoog uw architecturale visie met de oplossingen van SEKISUI S-LEC voor decoratief gelamineerd glas.<\/p>\n\n\n<div class=\"c-button-type01 row justify-content-center\">\n\t<div class=\"col-lg-5 d-brochure-bg-btn is-inner-btn btn-size-medium\">\n\t\t<a href=\"\/nl\/download\/ArchG\/\" target=\"_blank\">\n\t\t\t<button type=\"button\" class=\"btn btn-primary\">Brochure downloaden<\/button>\n\t\t<\/a>\n\t<\/div>\n<\/div>\n\n<\/div>\t\t\t<\/div>\n\t\t<\/div>\n\t<\/div>\n\t<\/div>\n\n\n<H2 class=\"c-title-level02 section-subtitle\">Cielora\u2122, ondoorzichtig tot transparant met een natuurlijke PVB folie met gradient<\/H2>\n\n<div class=\"c-layout-frame section-flame\">\n\t\t<div class=\"row align-items-center\">\n\t\t<div class=\"col-lg-6\">\n\t\t\t<div class=\"feature-img text-center\">\n\t\t\t\t\t\t\t\t<img decoding=\"async\" src=\"https:\/\/www.s-lecfilm.com\/wp-content\/uploads\/Cielara_contents-1-1024x611.webp\"  alt=\"Balcony with Cielora\u2122, Milky White Gradatient PVB interlayer\">\n\t\t\t\t\t\t\t<\/div>\n\t\t<\/div>\n\t\t<div class=\"col-lg-6\">\n\t\t\t<div class=\"feature-cont\">\n\t\t\t\t<div class=\"acf-innerblocks-container\">\n\n<p>Cielora\u2122 is een PVB folie die loopt van volledig ondoorzichtig glas (privacy glas) wit naar volledig transparant glas De witte gradient is onzichtbaar voor het blote oog, waardoor het kan worden toegepast op ontwerpen van hoge kwaliteit met natuurlijke kleurgradatie eindeloze creativiteit.<\/p>\n\n\n\n<p>Cielora\u2122 kan overal worden toegepast waar glazen panelen deel uitmaken van het exterieur- of interieurontwerp. Voorbeelden van toepassingen zijn:<\/p>\n\n\n\n<ul class=\"wp-block-list\">\n<li>Glazen balkon<\/li>\n\n\n\n<li>Gevelglas<\/li>\n\n\n\n<li>Glazen scheidingswanden of scheidingswanden in openbare gebouwen<\/li>\n\n\n\n<li>Glazen deuren<\/li>\n<\/ul>\n\n\n<div class=\"c-button-type02 feature-cont-btn text-center\">\n\t<a href=\"\/nl\/cielora\/\" >\n\t\t<button class=\"btn btn-primary is-caret-link\">\n\t\t\t\t\t\t\tMeer informatie\t\t\t\t\t\t<\/button>\n\t<\/a>\n<\/div>\n\n\n\n<p><\/p>\n\n\n<div class=\"c-button-type01 row justify-content-center\">\n\t<div class=\"col-lg-5 d-brochure-bg-btn is-inner-btn btn-size-medium\">\n\t\t<a href=\"\/nl\/download\/Cielora-leaflet\/\" target=\"_blank\">\n\t\t\t<button type=\"button\" class=\"btn btn-primary\">Brochure downloaden<\/button>\n\t\t<\/a>\n\t<\/div>\n<\/div>\n\n<\/div>\t\t\t<\/div>\n\t\t<\/div>\n\t<\/div>\n\t<\/div>\n\n<\/div>\n\n<\/div>\n\n\n<div class=\"frame pt-0\">\n\t\n<div class=\"container\">\n\t\n<H2 class=\"c-title-level02 section-subtitle\">Gebruikscases<\/H2>\n\n    <div class=\"container\">\r\n              <div class=\"row justify-content-center\">\r\n                <div class=\"col-lg-6\">\r\n                  <div class=\"slick-usecase\">\r\n                    <div class=\"usecase-flame\">\r\n                      <div class=\"usecase-title\">\r\n                        <img decoding=\"async\" src=\"https:\/\/www.s-lecfilm.com\/wp-content\/themes\/s-lecfilm\/images\/icon\/slec_icon_05.svg\" alt=\"\"><span>Colour<\/span>\r\n                      <\/div>\r\n                      <div class=\"usecase-img\">\r\n                        <img decoding=\"async\" src=\"https:\/\/www.s-lecfilm.com\/wp-content\/themes\/s-lecfilm\/images\/design\/design-arch-3.jpg\" alt=\"\">\r\n                      <\/div>\r\n                      <div class=\"usecase-caption\">\r\n  Aeon Lake Town Outlet, Saitama, Japan\r\n                      <\/div>\r\n                    <\/div>\r\n                  <\/div>\r\n                <\/div>\r\n              <\/div>\r\n              <div class=\"row justify-content-center\">\r\n                <div class=\"col-lg-10\">\r\n                  <div class=\"usecase-text\">\r\n  S-LEC\u2122 Colour Film biedt een breed assortiment aan toepassingen. Het is het meest zichtbaar in commerci\u00eble gebouwen en wolkenkrabbers, buurtwinkels, restaurants en zelfs openbare voorzieningen zoals scholen.\r\n                  <\/div>\r\n                <\/div>\r\n              <\/div>\r\n            <\/div>\n\n\n<p><\/p>\n\n\n&nbsp;\n\n\n<p><\/p>\n\n\n<H2 class=\"c-title-level02 section-subtitle\">Onze oplossingen voor gelamineerd glas voor architectuur<\/H2>\n\n<div class=\"c-layout-frame section-flame\">\n\t\t<div class=\"row align-items-center\">\n\t\t<div class=\"col-lg-6 order-lg-1 order-0\">\n\t\t\t<div class=\"feature-img text-center\">\n\t\t\t\t\t\t\t\t<img decoding=\"async\" src=\"https:\/\/www.s-lecfilm.com\/wp-content\/uploads\/wall5-1_img07-1-1024x762.webp\"  alt=\"Technology peace that realizes a glass solution that combines functions and aesthetics\">\n\t\t\t\t\t\t\t<\/div>\n\t\t<\/div>\n\t\t<div class=\"col-lg-6 order-lg-0 order-1\">\n\t\t\t<div class=\"feature-cont\">\n\t\t\t\t<div class=\"acf-innerblocks-container\">\n\n<p>S-LEC\u2122 PVB interlayer film voor gelamineerd glas combineert zonregulering, kleuropties, UV blokkering, verbeterde veiligheid en geluidsreductie in \u00e9\u00e9n film. Deze Innovatie optimaliseert de energie-effici\u00ebntie en voegt een vleugje aangepaste esthetiek toe. Bovendien zorgt het voor gemoedsrust dankzij robuuste functies op het gebied van veiligheid en geluidsreductie om multifunctionele oplossingen voor glas voor architectuur te cre\u00ebren.<\/p>\n\n\n\n<p>  Neem nu contact met ons op voor meer informatie over de mogelijkheden.<\/p>\n\n\n<div class=\"c-button-type02 feature-cont-btn text-center\">\n\t<a href=\"\/nl\/architecture\/\" >\n\t\t<button class=\"btn btn-primary is-caret-link\">\n\t\t\t\t\t\t\tMeer informatie\t\t\t\t\t\t<\/button>\n\t<\/a>\n<\/div>\n\n<\/div>\t\t\t<\/div>\n\t\t<\/div>\n\t<\/div>\n\t<\/div>\n\n<\/div>\n\n<\/div>\n\n\n\n<div class=\"frame is-bg-img c-more-detail \">\n\t<div class=\"container\">\n\t\t<div class=\"row justify-content-center\">\n\t\t\t<div class=\"col-lg-10\">\n\t\t\t\t<div class=\"row\">\n\t\t\t\t\t<div class=\"col-lg-7 mb-5 mb-lg-0\">\n\t\t\t\t\t\t<div class=\"contact-footer-text\">\n\t\t\t\t\t\t\tWil je meer weten?\t\t\t\t\t\t<\/div>\n\t\t\t\t\t\t<div class=\"contact-footer-btn\">\n\t\t\t\t\t\t\t<a href=\"\/nl\/download\/all\/\" target=\"_blank\">\n\t\t\t\t\t\t\t\t<button class=\"btn btn-primary fa-download-check\">\n\t\t\t\t\t\t\t\t\t\t\t\t\t\t\t\t\t\t\tDownloads\t\t\t\t\t\t\t\t\t\t\t\t\t\t\t\t\t<\/button>\n\t\t\t\t\t\t\t<\/a>\n\t\t\t\t\t\t\t<a href=\"\/nl\/download\/Inquiry\/\" target=\"_blank\">\n\t\t\t\t\t\t\t\t<button class=\"btn btn-primary is-external-link\">\n\t\t\t\t\t\t\t\t\t\t\t\t\t\t\t\t\t\t\tNeem contact met ons op\t\t\t\t\t\t\t\t\t\t\t\t\t\t\t\t\t<\/button>\n\t\t\t\t\t\t\t<\/a>\n\t\t\t\t\t\t<\/div>\n\t\t\t\t\t<\/div>\n\t\t\t\t\t<div class=\"col-lg-5\">\n\t\t\t\t\t\t<div class=\"contact-footer-img\">\n\t\t\t\t\t\t\t\t\t\t\t\t\t\t<img decoding=\"async\" src=\"https:\/\/www.s-lecfilm.com\/wp-content\/uploads\/thankyou_hero-1-1-1024x576.webp\" alt=\"Those who want to know more about S-LEC\u2122 Film\">\n\t\t\t\t\t\t\t\t\t\t\t\t\t<\/div>\n\t\t\t\t\t<\/div>\n\t\t\t\t<\/div>\n\t\t\t<\/div>\n\t\t<\/div>\n\t<\/div>\n<\/div>\n","protected":false},"excerpt":{"rendered":"","protected":false},"author":7,"featured_media":0,"parent":0,"menu_order":227,"comment_status":"closed","ping_status":"closed","template":"","meta":{"_acf_changed":false,"_oasis_is_in_workflow":0,"_oasis_original":0,"om_disable_all_campaigns":false,"inline_featured_image":false,"_monsterinsights_skip_tracking":false,"_monsterinsights_sitenote_active":false,"_monsterinsights_sitenote_note":"","_monsterinsights_sitenote_category":0,"footnotes":""},"page_category":[99,133,119],"class_list":["post-17595","page","type-page","status-publish","hentry"],"acf":[],"aioseo_notices":[],"aioseo_head":"\n\t\t<!-- All in One SEO Pro 4.6.2 - aioseo.com -->\n\t\t<meta name=\"description\" content=\"Design is een uiterst belangrijk onderdeel van beglazing. S-LEC\u2122 PVB interlayer films zijn verkrijgbaar in verschillende kleuren, voor meer vrijheid in creativiteit.\" \/>\n\t\t<meta name=\"robots\" content=\"max-image-preview:large\" \/>\n\t\t<meta name=\"google-site-verification\" content=\"LGoHK3imcI57fEDyHDnPGNxrBKyRAWvyS1_pmekTNEU\" \/>\n\t\t<link rel=\"canonical\" href=\"https:\/\/www.s-lecfilm.com\/nl\/design-arch\/\" \/>\n\t\t<meta name=\"generator\" content=\"All in One SEO Pro (AIOSEO) 4.6.2\" \/>\n\t\t<meta property=\"og:locale\" content=\"nl_NL\" \/>\n\t\t<meta property=\"og:site_name\" content=\"SEKISUI S-LEC\" \/>\n\t\t<meta property=\"og:type\" content=\"article\" \/>\n\t\t<meta property=\"og:title\" content=\"Kleuren voor gelamineerd glas van Design Interlayer | SEKISUI S-LEC\" \/>\n\t\t<meta property=\"og:description\" content=\"Design is een uiterst belangrijk onderdeel van beglazing. S-LEC\u2122 PVB interlayer films zijn verkrijgbaar in verschillende kleuren, voor meer vrijheid in creativiteit.\" \/>\n\t\t<meta property=\"og:url\" content=\"https:\/\/www.s-lecfilm.com\/nl\/design-arch\/\" \/>\n\t\t<meta property=\"og:image\" content=\"https:\/\/www.s-lecfilm.com\/wp-content\/uploads\/2023\/01\/Open-Graph-Image.png\" \/>\n\t\t<meta property=\"og:image:secure_url\" content=\"https:\/\/www.s-lecfilm.com\/wp-content\/uploads\/2023\/01\/Open-Graph-Image.png\" \/>\n\t\t<meta property=\"article:published_time\" content=\"2023-02-14T01:00:00+00:00\" \/>\n\t\t<meta property=\"article:modified_time\" content=\"2024-06-07T00:56:41+00:00\" \/>\n\t\t<meta name=\"twitter:card\" content=\"summary_large_image\" \/>\n\t\t<meta name=\"twitter:title\" content=\"Kleuren voor gelamineerd glas van Design Interlayer | SEKISUI S-LEC\" \/>\n\t\t<meta name=\"twitter:description\" content=\"Design is een uiterst belangrijk onderdeel van beglazing. S-LEC\u2122 PVB interlayer films zijn verkrijgbaar in verschillende kleuren, voor meer vrijheid in creativiteit.\" \/>\n\t\t<meta name=\"twitter:image\" content=\"https:\/\/www.s-lecfilm.com\/wp-content\/uploads\/2023\/01\/Open-Graph-Image.png\" \/>\n\t\t<script type=\"application\/ld+json\" class=\"aioseo-schema\">\n\t\t\t{\"@context\":\"https:\\\/\\\/schema.org\",\"@graph\":[{\"@type\":\"BreadcrumbList\",\"@id\":\"https:\\\/\\\/www.s-lecfilm.com\\\/nl\\\/design-arch\\\/#breadcrumblist\",\"itemListElement\":[{\"@type\":\"ListItem\",\"@id\":\"https:\\\/\\\/www.s-lecfilm.com\\\/nl\\\/#listItem\",\"position\":1,\"name\":\"Home\",\"item\":\"https:\\\/\\\/www.s-lecfilm.com\\\/nl\\\/\",\"nextItem\":\"https:\\\/\\\/www.s-lecfilm.com\\\/nl\\\/design-arch\\\/#listItem\"},{\"@type\":\"ListItem\",\"@id\":\"https:\\\/\\\/www.s-lecfilm.com\\\/nl\\\/design-arch\\\/#listItem\",\"position\":2,\"name\":\"\\\/nl\\\/design-arch\\\/\",\"previousItem\":\"https:\\\/\\\/www.s-lecfilm.com\\\/nl\\\/#listItem\"}]},{\"@type\":\"Organization\",\"@id\":\"https:\\\/\\\/www.s-lecfilm.com\\\/nl\\\/#organization\",\"name\":\"s-lecfilm\",\"url\":\"https:\\\/\\\/www.s-lecfilm.com\\\/nl\\\/\"},{\"@type\":\"WebPage\",\"@id\":\"https:\\\/\\\/www.s-lecfilm.com\\\/nl\\\/design-arch\\\/#webpage\",\"url\":\"https:\\\/\\\/www.s-lecfilm.com\\\/nl\\\/design-arch\\\/\",\"name\":\"Kleuren voor gelamineerd glas van Design Interlayer | SEKISUI S-LEC\",\"description\":\"Design is een uiterst belangrijk onderdeel van beglazing. S-LEC\\u2122 PVB interlayer films zijn verkrijgbaar in verschillende kleuren, voor meer vrijheid in creativiteit.\",\"inLanguage\":\"nl-NL\",\"isPartOf\":{\"@id\":\"https:\\\/\\\/www.s-lecfilm.com\\\/nl\\\/#website\"},\"breadcrumb\":{\"@id\":\"https:\\\/\\\/www.s-lecfilm.com\\\/nl\\\/design-arch\\\/#breadcrumblist\"},\"datePublished\":\"2023-02-14T10:00:00+09:00\",\"dateModified\":\"2024-06-07T09:56:41+09:00\"},{\"@type\":\"WebSite\",\"@id\":\"https:\\\/\\\/www.s-lecfilm.com\\\/nl\\\/#website\",\"url\":\"https:\\\/\\\/www.s-lecfilm.com\\\/nl\\\/\",\"name\":\"s-lecfilm\",\"inLanguage\":\"nl-NL\",\"publisher\":{\"@id\":\"https:\\\/\\\/www.s-lecfilm.com\\\/nl\\\/#organization\"}}]}\n\t\t<\/script>\n\t\t<!-- All in One SEO Pro -->\r\n\t\t<title>Kleuren voor gelamineerd glas van Design Interlayer | SEKISUI S-LEC<\/title>\n\n","aioseo_head_json":{"title":"Kleuren voor gelamineerd glas van Design Interlayer | SEKISUI S-LEC","description":"Design is een uiterst belangrijk onderdeel van beglazing. S-LEC\u2122 PVB interlayer films zijn verkrijgbaar in verschillende kleuren, voor meer vrijheid in creativiteit.","canonical_url":"https:\/\/www.s-lecfilm.com\/nl\/design-arch\/","robots":"max-image-preview:large","keywords":"","webmasterTools":{"google-site-verification":"LGoHK3imcI57fEDyHDnPGNxrBKyRAWvyS1_pmekTNEU","miscellaneous":""},"og:locale":"nl_NL","og:site_name":"SEKISUI S-LEC","og:type":"article","og:title":"Kleuren voor gelamineerd glas van Design Interlayer | SEKISUI S-LEC","og:description":"Design is een uiterst belangrijk onderdeel van beglazing. S-LEC\u2122 PVB interlayer films zijn verkrijgbaar in verschillende kleuren, voor meer vrijheid in creativiteit.","og:url":"https:\/\/www.s-lecfilm.com\/nl\/design-arch\/","og:image":"https:\/\/www.s-lecfilm.com\/wp-content\/uploads\/2023\/01\/Open-Graph-Image.png","og:image:secure_url":"https:\/\/www.s-lecfilm.com\/wp-content\/uploads\/2023\/01\/Open-Graph-Image.png","article:published_time":"2023-02-14T01:00:00+00:00","article:modified_time":"2024-06-07T00:56:41+00:00","twitter:card":"summary_large_image","twitter:title":"Kleuren voor gelamineerd glas van Design Interlayer | SEKISUI S-LEC","twitter:description":"Design is een uiterst belangrijk onderdeel van beglazing. S-LEC\u2122 PVB interlayer films zijn verkrijgbaar in verschillende kleuren, voor meer vrijheid in creativiteit.","twitter:image":"https:\/\/www.s-lecfilm.com\/wp-content\/uploads\/2023\/01\/Open-Graph-Image.png","schema":{"@context":"https:\/\/schema.org","@graph":[{"@type":"BreadcrumbList","@id":"https:\/\/www.s-lecfilm.com\/nl\/design-arch\/#breadcrumblist","itemListElement":[{"@type":"ListItem","@id":"https:\/\/www.s-lecfilm.com\/nl\/#listItem","position":1,"name":"Home","item":"https:\/\/www.s-lecfilm.com\/nl\/","nextItem":"https:\/\/www.s-lecfilm.com\/nl\/design-arch\/#listItem"},{"@type":"ListItem","@id":"https:\/\/www.s-lecfilm.com\/nl\/design-arch\/#listItem","position":2,"name":"\/nl\/design-arch\/","previousItem":"https:\/\/www.s-lecfilm.com\/nl\/#listItem"}]},{"@type":"Organization","@id":"https:\/\/www.s-lecfilm.com\/nl\/#organization","name":"s-lecfilm","url":"https:\/\/www.s-lecfilm.com\/nl\/"},{"@type":"WebPage","@id":"https:\/\/www.s-lecfilm.com\/nl\/design-arch\/#webpage","url":"https:\/\/www.s-lecfilm.com\/nl\/design-arch\/","name":"Kleuren voor gelamineerd glas van Design Interlayer | SEKISUI S-LEC","description":"Design is een uiterst belangrijk onderdeel van beglazing. S-LEC\u2122 PVB interlayer films zijn verkrijgbaar in verschillende kleuren, voor meer vrijheid in creativiteit.","inLanguage":"nl-NL","isPartOf":{"@id":"https:\/\/www.s-lecfilm.com\/nl\/#website"},"breadcrumb":{"@id":"https:\/\/www.s-lecfilm.com\/nl\/design-arch\/#breadcrumblist"},"datePublished":"2023-02-14T10:00:00+09:00","dateModified":"2024-06-07T09:56:41+09:00"},{"@type":"WebSite","@id":"https:\/\/www.s-lecfilm.com\/nl\/#website","url":"https:\/\/www.s-lecfilm.com\/nl\/","name":"s-lecfilm","inLanguage":"nl-NL","publisher":{"@id":"https:\/\/www.s-lecfilm.com\/nl\/#organization"}}]}},"aioseo_meta_data":{"post_id":"17595","title":"Kleuren voor gelamineerd glas van Design Interlayer | SEKISUI S-LEC","description":"Design is een uiterst belangrijk onderdeel van beglazing. S-LEC\u2122 PVB interlayer films zijn verkrijgbaar in verschillende kleuren, voor meer vrijheid in creativiteit.","keywords":null,"keyphrases":"{\"focus\":{\"keyphrase\":\"\",\"score\":0,\"analysis\":{\"keyphraseInTitle\":{\"score\":0,\"maxScore\":9,\"error\":1}}},\"additional\":[]}","primary_term":null,"canonical_url":null,"og_title":null,"og_description":null,"og_object_type":"default","og_image_type":"custom_image","og_image_url":"https:\/\/www.s-lecfilm.com\/wp-content\/uploads\/2023\/01\/hero-img2-arch.jpg","og_image_width":"0","og_image_height":"0","og_image_custom_url":"https:\/\/www.s-lecfilm.com\/wp-content\/uploads\/2023\/01\/hero-img2-arch.jpg","og_image_custom_fields":null,"og_video":"","og_custom_url":null,"og_article_section":null,"og_article_tags":null,"twitter_use_og":false,"twitter_card":"default","twitter_image_type":"custom_image","twitter_image_url":"https:\/\/www.s-lecfilm.com\/wp-content\/uploads\/2023\/01\/hero-img2-arch.jpg","twitter_image_custom_url":"https:\/\/www.s-lecfilm.com\/wp-content\/uploads\/2023\/01\/hero-img2-arch.jpg","twitter_image_custom_fields":null,"twitter_title":null,"twitter_description":null,"schema":{"blockGraphs":[],"customGraphs":[],"default":{"data":{"Article":[],"Course":[],"Dataset":[],"FAQPage":[],"Movie":[],"Person":[],"Product":[],"Recipe":[],"Service":[],"SoftwareApplication":[],"WebPage":[]},"graphName":"WebPage","isEnabled":true},"graphs":[]},"schema_type":"default","schema_type_options":null,"pillar_content":false,"robots_default":true,"robots_noindex":false,"robots_noarchive":false,"robots_nosnippet":false,"robots_nofollow":false,"robots_noimageindex":false,"robots_noodp":false,"robots_notranslate":false,"robots_max_snippet":"-1","robots_max_videopreview":"-1","robots_max_imagepreview":"large","priority":null,"frequency":"default","local_seo":null,"limit_modified_date":false,"reviewed_by":null,"open_ai":{"title":{"suggestions":[],"usage":0},"description":{"suggestions":[],"usage":0}},"created":"2024-03-06 09:20:17","updated":"2024-06-07 03:27:03"},"aioseo_breadcrumb":"<div class=\"aioseo-breadcrumbs\"><span class=\"aioseo-breadcrumb\">\n\t<a href=\"https:\/\/www.s-lecfilm.com\/nl\/\" title=\"\u30db\u30fc\u30e0\">\u30db\u30fc\u30e0<\/a>\n<\/span><span class=\"aioseo-breadcrumb-separator\">&raquo;<\/span><span class=\"aioseo-breadcrumb\">\n\t\/nl\/design-arch\/\n<\/span><\/div>","aioseo_breadcrumb_json":[{"label":"\u30db\u30fc\u30e0","link":"https:\/\/www.s-lecfilm.com\/nl\/"},{"label":"\/nl\/design-arch\/","link":"https:\/\/www.s-lecfilm.com\/nl\/design-arch\/"}],"_links":{"self":[{"href":"https:\/\/www.s-lecfilm.com\/nl\/wp-json\/wp\/v2\/pages\/17595"}],"collection":[{"href":"https:\/\/www.s-lecfilm.com\/nl\/wp-json\/wp\/v2\/pages"}],"about":[{"href":"https:\/\/www.s-lecfilm.com\/nl\/wp-json\/wp\/v2\/types\/page"}],"author":[{"embeddable":true,"href":"https:\/\/www.s-lecfilm.com\/nl\/wp-json\/wp\/v2\/users\/7"}],"replies":[{"embeddable":true,"href":"https:\/\/www.s-lecfilm.com\/nl\/wp-json\/wp\/v2\/comments?post=17595"}],"version-history":[{"count":9,"href":"https:\/\/www.s-lecfilm.com\/nl\/wp-json\/wp\/v2\/pages\/17595\/revisions"}],"predecessor-version":[{"id":21424,"href":"https:\/\/www.s-lecfilm.com\/nl\/wp-json\/wp\/v2\/pages\/17595\/revisions\/21424"}],"wp:attachment":[{"href":"https:\/\/www.s-lecfilm.com\/nl\/wp-json\/wp\/v2\/media?parent=17595"}],"wp:term":[{"taxonomy":"page_category","embeddable":true,"href":"https:\/\/www.s-lecfilm.com\/nl\/wp-json\/wp\/v2\/page_category?post=17595"}],"curies":[{"name":"wp","href":"https:\/\/api.w.org\/{rel}","templated":true}]}}