{"id":21912,"date":"2023-10-05T15:47:07","date_gmt":"2023-10-05T06:47:07","guid":{"rendered":"https:\/\/www.s-lecfilm.com\/en-news\/en-news-grey-privacy\/"},"modified":"2024-06-16T17:07:13","modified_gmt":"2024-06-16T08:07:13","slug":"en-news-grey-privacy","status":"publish","type":"page","link":"https:\/\/www.s-lecfilm.com\/es\/news\/grey-privacy\/","title":{"rendered":"\/es\/news\/grey-privacy\/"},"content":{"rendered":"<div class=\"frame pt-0\" style=\"clear: both;\">\n\t<div class=\"hero-flame\" style=\"height:62vh;margin:0;\">\n\t\t<div class=\"hero-flame-bg\">\n\t\t\t<img loading=\"lazy\" decoding=\"async\" class=\"hero-flame-bg-img\" src=\"https:\/\/www.s-lecfilm.com\/wp-content\/uploads\/201124_SLEC-MARKETING-DARK-0342.webp\" width=\"1920\" height=\"1202\" alt=\"Privacy grey PVB interlayer that gives elegance to the plastic bassy in the car\" style=\"object-position:0% 10%;\">\n\t\t<\/div>\n\t\t<div class=\"hero-flame-content\">\n\t\t\t\t\t\t\t<div class=\"hero-text\">\n\t\t\t\t\t<div class=\"hero-text-title\">\n\t\t\t\t\t\tDise\u00f1o de cristales de privacidad\t\t\t\t\t<\/div>\n\t\t\t\t\t\t\t\t\t\t\t<div class=\"hero-text-subtitle\">\n\t\t\t\t\t\t\tLa fuerza expresiva del color\t\t\t\t\t\t<\/div>\n\t\t\t\t\t\t\t\t\t<\/div>\n\t\t\t\t<\/div>\n\t<\/div>\n<\/div>\n\n<div class=\"frame pt-0 pb-0\">\n\t\n<div class=\"container pb-0 mb-0\">\n\t\n<H1 class=\"c-title-level02 section-subtitle\">\u00bfQu\u00e9 es un cristal de privacidad?<\/H1>\n\n<div class=\"c-layout-frame section-flame\">\n\t\t<div class=\"row align-items-center\">\n\t\t<div class=\"col-lg-6\">\n\t\t\t<div class=\"feature-img text-center\">\n\t\t\t\t\t\t\t\t<img decoding=\"async\" src=\"https:\/\/www.s-lecfilm.com\/wp-content\/uploads\/privacygray_contsnts1-1024x707.webp\"  alt=\"Effective privacy glass in blocking views, preventing theft, UV rays, and regulating temperature.\">\n\t\t\t\t\t\t\t<\/div>\n\t\t<\/div>\n\t\t<div class=\"col-lg-6\">\n\t\t\t<div class=\"feature-cont\">\n\t\t\t\t<div class=\"acf-innerblocks-container\">\n\n<p>Al reducir la transmisi\u00f3n de la luz visible, las lunas de privacidad garantizan la intimidad bloqueando la visi\u00f3n desde el exterior hacia el interior del veh\u00edculo y ocultan los objetos dejados a la vista en el veh\u00edculo como protecci\u00f3n antirrobo.<\/p>\n\n\n\n<p>Los cristales de privacidad reducen el deslumbramiento de la luz exterior, cortan los rayos ultravioletas y, al bloquear el sol caliente, reducen el aumento de temperatura en el interior del veh\u00edculo, mejorando el confort interior y evitando un inmenso consumo de energ\u00eda del aire acondicionado.<\/p>\n\n\n\n<p>En comparaci\u00f3n con el vidrio de privacidad monol\u00edtico, el vidrio laminado con intercalario ac\u00fastico S-LEC\u2122 proporciona un mejor aislamiento ac\u00fastico para los pasajeros traseros, creando un lujoso espacio interior que ofrece privacidad y confort.<\/p>\n\n<\/div>\t\t\t<\/div>\n\t\t<\/div>\n\t<\/div>\n\t<\/div>\n\n\n<H2 class=\"c-title-level02 section-subtitle\">Investigaci\u00f3n sobre cristales de privacidad<\/H2>\n\n<div class=\"c-layout-frame section-flame\">\n\t\t<div class=\"row align-items-center\">\n\t\t<div class=\"col-lg-6 order-lg-1 order-0\">\n\t\t\t<div class=\"feature-img text-left\">\n\t\t\t\t\t\t\t\t<img decoding=\"async\" src=\"https:\/\/www.s-lecfilm.com\/wp-content\/uploads\/slec_privacyglass_web-1-1024x649.webp\"  alt=\"Inside the car with unnatural colour matching, which is the issue of privacy glass\">\n\t\t\t\t\t\t\t<\/div>\n\t\t<\/div>\n\t\t<div class=\"col-lg-6 order-lg-0 order-1\">\n\t\t\t<div class=\"feature-cont\">\n\t\t\t\t<div class=\"acf-innerblocks-container\">\n\n<p>Los cristales de privacidad se est\u00e1n convirtiendo casi en una opci\u00f3n o un paquete est\u00e1ndar para los coches que salen al mercado hoy en d\u00eda. Existe una gran variedad de cristales de privacidad en el mercado, con tonalidades que var\u00edan ligeramente en funci\u00f3n del fabricante y la calidad del cristal. El espesor del vidrio tambi\u00e9n puede influir en el \u00edndice de transmisi\u00f3n. En teor\u00eda, cuanto m\u00e1s grueso sea el cristal, m\u00e1s oscuro ser\u00e1 el color; cuanto m\u00e1s fino sea el cristal, m\u00e1s claro ser\u00e1 el color del cristal de privacidad.<\/p>\n\n\n\n<p>No es infrecuente que los cristales de privacidad utilizados en un veh\u00edculo sean suministrados por diferentes fabricantes de lunas, seg\u00fan se trate de la luna de la puerta trasera, la luna del cuarto trasero o la luna trasera.<\/p>\n\n\n\n<p>Cuando se colocan cristales de privacidad de diferentes tipos y espesores uno al lado del otro, pueden producirse diferentes gradientes de color y una coincidencia de colores poco natural al ver el paisaje exterior desde el interior del veh\u00edculo.<\/p>\n\n<\/div>\t\t\t<\/div>\n\t\t<\/div>\n\t<\/div>\n\t<\/div>\n\n\n<H2 class=\"c-title-level02 section-subtitle\">Dise\u00f1o de cristales de privacidad<\/H2>\n\n<div class=\"c-layout-frame section-flame\">\n\t\t<div class=\"row align-items-center\">\n\t\t<div class=\"col-lg-6\">\n\t\t\t<div class=\"feature-img text-left\">\n\t\t\t\t\t\t\t\t<img decoding=\"async\" src=\"https:\/\/www.s-lecfilm.com\/wp-content\/uploads\/230717-Pivacy-glass-matrix-en-1024x598.webp\"  alt=\"Mapping of the privacy glass design with 4 types of grey PVB interlayers\">\n\t\t\t\t\t\t\t<\/div>\n\t\t<\/div>\n\t\t<div class=\"col-lg-6\">\n\t\t\t<div class=\"feature-cont\">\n\t\t\t\t<div class=\"acf-innerblocks-container\">\n\n<p>En el mundo existen varios tipos de cristales de privacidad. Dependiendo del concepto y del dise\u00f1o del veh\u00edculo, en un mismo veh\u00edculo pueden combinarse lunas templadas laminadas o monol\u00edticas. Por ejemplo, una ventana lateral trasera podr\u00eda utilizar vidrio laminado de privacidad con el tipo gris de S-LEC\u2122 Sound Acoustic Film, mientras que el vidrio del cuarto trasero sigue siendo vidrio templado monol\u00edtico.<\/p>\n\n\n\n<p>SEKISUI S-LEC ofrece una amplia gama de soluciones en cuatro gamas de colores grises diferentes, las series 70xx, 79xx, 80xx y 82xx, que se pueden combinar con diferentes tipos y grosores de vidrio de diferentes fabricantes de vidrio en el vidrio adyacente de la puerta trasera, el vidrio del cuarto trasero y el vidrio trasero. Seleccionando el color gris de privacidad m\u00e1s adecuado para combinar con el cristal, se puede conseguir un color uniforme a lo largo de las ventanillas de la parte trasera del veh\u00edculo.<\/p>\n\n\n\n<p>A la vez que se protege la intimidad, el bajo nivel de difusi\u00c3\u00b3n garantiza una visi\u00c3\u00b3n clara. Combinando el color con una funci\u00f3n ac\u00fastica se puede mejorar dr\u00e1sticamente el aislamiento ac\u00fastico para crear un espacio interior silencioso y lujoso.<\/p>\n\n\n<div class=\"c-button-type01 row justify-content-center\">\n\t<div class=\"col-lg-5 d-brochure-bg-btn is-inner-btn btn-size-medium\">\n\t\t<a href=\"\/es\/download\/ColP\/\" target=\"_blank\">\n\t\t\t<button type=\"button\" class=\"btn btn-primary\">Descargar folletos<\/button>\n\t\t<\/a>\n\t<\/div>\n<\/div>\n\n<\/div>\t\t\t<\/div>\n\t\t<\/div>\n\t<\/div>\n\t<\/div>\n\n\n<H2 class=\"c-title-level02 section-subtitle\">Serie en color<\/H2>\n\n<div class=\"c-layout-frame section-flame\">\n\t\t<div class=\"row align-items-center\">\n\t\t<div class=\"col-lg-6 order-lg-1 order-0\">\n\t\t\t<div class=\"feature-img text-center\">\n\t\t\t\t\t\t\t\t<img decoding=\"async\" src=\"https:\/\/www.s-lecfilm.com\/wp-content\/uploads\/S-LEC_catalog_003-1-1024x796.webp\"  alt=\"Colour Glass Collection with dark colour variations\">\n\t\t\t\t\t\t\t<\/div>\n\t\t<\/div>\n\t\t<div class=\"col-lg-6 order-lg-0 order-1\">\n\t\t\t<div class=\"feature-cont\">\n\t\t\t\t<div class=\"acf-innerblocks-container\">\n\n<p>En SEKISUI S-LEC, ofrecemos una amplia gama de variaciones de color de privacidad.<\/p>\n\n\n\n<p>Solicite nuestra colecci\u00f3n de vidrios de color si desea disponer de muestras f\u00edsicas con una variaci\u00f3n de nuestras diferentes privacidades y explore las posibilidades y opciones del acristalamiento de privacidad para automoci\u00f3n con S-LEC\u2122 PVB Interlayer Film para dise\u00f1adores e ingenieros por igual.<\/p>\n\n\n<div class=\"c-button-type01 row justify-content-center\">\n\t<div class=\"col-lg-5 d-brochure-bg-btn is-inner-btn btn-size-medium\">\n\t\t<a href=\"\/es\/download\/Colour-Glass-Collection\/\" target=\"_blank\">\n\t\t\t<button type=\"button\" class=\"btn btn-primary\">Solicitar colecci\u00f3n de vidrio de color<\/button>\n\t\t<\/a>\n\t<\/div>\n<\/div>\n\n<\/div>\t\t\t<\/div>\n\t\t<\/div>\n\t<\/div>\n\t<\/div>\n\n<\/div>\n\n<\/div>\n\n\n<div class=\"c-layout-frame section-flame\">\n\t\t<div class=\"row align-items-center\">\n\t\t<div class=\"col-lg-6 order-lg-1 order-0\">\n\t\t\t<div class=\"feature-img text-center\">\n\t\t\t\t\t\t\t<\/div>\n\t\t<\/div>\n\t\t<div class=\"col-lg-6 order-lg-0 order-1\">\n\t\t\t<div class=\"feature-cont\">\n\t\t\t\t<div class=\"acf-innerblocks-container\"><\/div>\t\t\t<\/div>\n\t\t<\/div>\n\t<\/div>\n\t<\/div>\n\n\n\n<div class=\"frame is-bg-img c-more-detail \">\n\t<div class=\"container\">\n\t\t<div class=\"row justify-content-center\">\n\t\t\t<div class=\"col-lg-10\">\n\t\t\t\t<div class=\"row\">\n\t\t\t\t\t<div class=\"col-lg-7 mb-5 mb-lg-0\">\n\t\t\t\t\t\t<div class=\"contact-footer-text\">\n\t\t\t\t\t\t\t\u00bfQuiere saber m\u00e1s?\t\t\t\t\t\t<\/div>\n\t\t\t\t\t\t<div class=\"contact-footer-btn\">\n\t\t\t\t\t\t\t<a href=\"\/es\/download\/all\/\" target=\"_blank\">\n\t\t\t\t\t\t\t\t<button class=\"btn btn-primary fa-download-check\">\n\t\t\t\t\t\t\t\t\t\t\t\t\t\t\t\t\t\t\tDescargas\t\t\t\t\t\t\t\t\t\t\t\t\t\t\t\t\t<\/button>\n\t\t\t\t\t\t\t<\/a>\n\t\t\t\t\t\t\t<a href=\"\/es\/download\/Inquiry\/\" target=\"_blank\">\n\t\t\t\t\t\t\t\t<button class=\"btn btn-primary is-external-link\">\n\t\t\t\t\t\t\t\t\t\t\t\t\t\t\t\t\t\t\tCont\u00e1ctenos\t\t\t\t\t\t\t\t\t\t\t\t\t\t\t\t\t<\/button>\n\t\t\t\t\t\t\t<\/a>\n\t\t\t\t\t\t<\/div>\n\t\t\t\t\t<\/div>\n\t\t\t\t\t<div class=\"col-lg-5\">\n\t\t\t\t\t\t<div class=\"contact-footer-img\">\n\t\t\t\t\t\t\t\t\t\t\t\t\t\t<img decoding=\"async\" src=\"https:\/\/www.s-lecfilm.com\/wp-content\/uploads\/thankyou_hero-1-1-1024x576.webp\" alt=\"Those who want to know more about S-LEC\u2122 Film\">\n\t\t\t\t\t\t\t\t\t\t\t\t\t<\/div>\n\t\t\t\t\t<\/div>\n\t\t\t\t<\/div>\n\t\t\t<\/div>\n\t\t<\/div>\n\t<\/div>\n<\/div>\n","protected":false},"excerpt":{"rendered":"","protected":false},"author":14,"featured_media":0,"parent":17042,"menu_order":53,"comment_status":"closed","ping_status":"closed","template":"","meta":{"_acf_changed":false,"_oasis_is_in_workflow":0,"_oasis_original":0,"om_disable_all_campaigns":false,"inline_featured_image":false,"_monsterinsights_skip_tracking":false,"_monsterinsights_sitenote_active":false,"_monsterinsights_sitenote_note":"","_monsterinsights_sitenote_category":0,"footnotes":""},"page_category":[15],"class_list":["post-21912","page","type-page","status-publish","hentry"],"acf":[],"aioseo_notices":[],"aioseo_head":"\n\t\t<!-- All in One SEO Pro 4.6.2 - aioseo.com -->\n\t\t<meta name=\"description\" content=\"SEKISUI S-LEC ofrece una amplia gama de soluciones en cuatro gamas diferentes de color gris, realizando un color uniforme a lo largo de las ventanas en la parte trasera del veh\u00edculo.\" \/>\n\t\t<meta name=\"robots\" content=\"max-image-preview:large\" \/>\n\t\t<meta name=\"google-site-verification\" content=\"LGoHK3imcI57fEDyHDnPGNxrBKyRAWvyS1_pmekTNEU\" \/>\n\t\t<link rel=\"canonical\" href=\"https:\/\/www.s-lecfilm.com\/es\/news\/grey-privacy\/\" \/>\n\t\t<meta name=\"generator\" content=\"All in One SEO Pro (AIOSEO) 4.6.2\" \/>\n\t\t<meta property=\"og:locale\" content=\"es_ES\" \/>\n\t\t<meta property=\"og:site_name\" content=\"SEKISUI S-LEC\" \/>\n\t\t<meta property=\"og:type\" content=\"article\" \/>\n\t\t<meta property=\"og:title\" content=\"Dise\u00f1o de vidrio de privacidad | PVB Interlayer\" \/>\n\t\t<meta property=\"og:description\" content=\"SEKISUI S-LEC ofrece una amplia gama de soluciones en cuatro gamas diferentes de color gris, realizando un color uniforme a lo largo de las ventanas en la parte trasera del veh\u00edculo.\" \/>\n\t\t<meta property=\"og:url\" content=\"https:\/\/www.s-lecfilm.com\/es\/news\/grey-privacy\/\" \/>\n\t\t<meta property=\"og:image\" content=\"https:\/\/www.s-lecfilm.com\/wp-content\/uploads\/201124_SLEC-MARKETING-DARK-0342.webp\" \/>\n\t\t<meta property=\"og:image:secure_url\" content=\"https:\/\/www.s-lecfilm.com\/wp-content\/uploads\/201124_SLEC-MARKETING-DARK-0342.webp\" \/>\n\t\t<meta property=\"og:image:width\" content=\"1920\" \/>\n\t\t<meta property=\"og:image:height\" content=\"1202\" \/>\n\t\t<meta property=\"article:published_time\" content=\"2023-10-05T06:47:07+00:00\" \/>\n\t\t<meta property=\"article:modified_time\" content=\"2024-06-16T08:07:13+00:00\" \/>\n\t\t<meta name=\"twitter:card\" content=\"summary_large_image\" \/>\n\t\t<meta name=\"twitter:title\" content=\"Dise\u00f1o de vidrio de privacidad | PVB Interlayer\" \/>\n\t\t<meta name=\"twitter:description\" content=\"SEKISUI S-LEC ofrece una amplia gama de soluciones en cuatro gamas diferentes de color gris, realizando un color uniforme a lo largo de las ventanas en la parte trasera del veh\u00edculo.\" \/>\n\t\t<meta name=\"twitter:image\" content=\"https:\/\/www.s-lecfilm.com\/wp-content\/uploads\/2023\/01\/Open-Graph-Image.png\" \/>\n\t\t<script type=\"application\/ld+json\" class=\"aioseo-schema\">\n\t\t\t{\"@context\":\"https:\\\/\\\/schema.org\",\"@graph\":[{\"@type\":\"BreadcrumbList\",\"@id\":\"https:\\\/\\\/www.s-lecfilm.com\\\/es\\\/news\\\/grey-privacy\\\/#breadcrumblist\",\"itemListElement\":[{\"@type\":\"ListItem\",\"@id\":\"https:\\\/\\\/www.s-lecfilm.com\\\/es\\\/#listItem\",\"position\":1,\"name\":\"Hogar\",\"item\":\"https:\\\/\\\/www.s-lecfilm.com\\\/es\\\/\",\"nextItem\":\"https:\\\/\\\/www.s-lecfilm.com\\\/es\\\/news\\\/#listItem\"},{\"@type\":\"ListItem\",\"@id\":\"https:\\\/\\\/www.s-lecfilm.com\\\/es\\\/news\\\/#listItem\",\"position\":2,\"name\":\"\\\/es\\\/news\\\/\",\"item\":\"https:\\\/\\\/www.s-lecfilm.com\\\/es\\\/news\\\/\",\"nextItem\":\"https:\\\/\\\/www.s-lecfilm.com\\\/es\\\/news\\\/grey-privacy\\\/#listItem\",\"previousItem\":\"https:\\\/\\\/www.s-lecfilm.com\\\/es\\\/#listItem\"},{\"@type\":\"ListItem\",\"@id\":\"https:\\\/\\\/www.s-lecfilm.com\\\/es\\\/news\\\/grey-privacy\\\/#listItem\",\"position\":3,\"name\":\"\\\/es\\\/news\\\/grey-privacy\\\/\",\"previousItem\":\"https:\\\/\\\/www.s-lecfilm.com\\\/es\\\/news\\\/#listItem\"}]},{\"@type\":\"Organization\",\"@id\":\"https:\\\/\\\/www.s-lecfilm.com\\\/es\\\/#organization\",\"name\":\"s-lecfilm\",\"url\":\"https:\\\/\\\/www.s-lecfilm.com\\\/es\\\/\"},{\"@type\":\"WebPage\",\"@id\":\"https:\\\/\\\/www.s-lecfilm.com\\\/es\\\/news\\\/grey-privacy\\\/#webpage\",\"url\":\"https:\\\/\\\/www.s-lecfilm.com\\\/es\\\/news\\\/grey-privacy\\\/\",\"name\":\"Dise\\u00f1o de vidrio de privacidad | PVB Interlayer\",\"description\":\"SEKISUI S-LEC ofrece una amplia gama de soluciones en cuatro gamas diferentes de color gris, realizando un color uniforme a lo largo de las ventanas en la parte trasera del veh\\u00edculo.\",\"inLanguage\":\"es-ES\",\"isPartOf\":{\"@id\":\"https:\\\/\\\/www.s-lecfilm.com\\\/es\\\/#website\"},\"breadcrumb\":{\"@id\":\"https:\\\/\\\/www.s-lecfilm.com\\\/es\\\/news\\\/grey-privacy\\\/#breadcrumblist\"},\"datePublished\":\"2023-10-05T15:47:07+09:00\",\"dateModified\":\"2024-06-16T17:07:13+09:00\"},{\"@type\":\"WebSite\",\"@id\":\"https:\\\/\\\/www.s-lecfilm.com\\\/es\\\/#website\",\"url\":\"https:\\\/\\\/www.s-lecfilm.com\\\/es\\\/\",\"name\":\"s-lecfilm\",\"inLanguage\":\"es-ES\",\"publisher\":{\"@id\":\"https:\\\/\\\/www.s-lecfilm.com\\\/es\\\/#organization\"}}]}\n\t\t<\/script>\n\t\t<!-- All in One SEO Pro -->\r\n\t\t<title>Dise\u00f1o de vidrio de privacidad | PVB Interlayer<\/title>\n\n","aioseo_head_json":{"title":"Dise\u00f1o de vidrio de privacidad | PVB Interlayer","description":"SEKISUI S-LEC ofrece una amplia gama de soluciones en cuatro gamas diferentes de color gris, realizando un color uniforme a lo largo de las ventanas en la parte trasera del veh\u00edculo.","canonical_url":"https:\/\/www.s-lecfilm.com\/es\/news\/grey-privacy\/","robots":"max-image-preview:large","keywords":"","webmasterTools":{"google-site-verification":"LGoHK3imcI57fEDyHDnPGNxrBKyRAWvyS1_pmekTNEU","miscellaneous":""},"og:locale":"es_ES","og:site_name":"SEKISUI S-LEC","og:type":"article","og:title":"Dise\u00f1o de vidrio de privacidad | PVB Interlayer","og:description":"SEKISUI S-LEC ofrece una amplia gama de soluciones en cuatro gamas diferentes de color gris, realizando un color uniforme a lo largo de las ventanas en la parte trasera del veh\u00edculo.","og:url":"https:\/\/www.s-lecfilm.com\/es\/news\/grey-privacy\/","og:image":"https:\/\/www.s-lecfilm.com\/wp-content\/uploads\/201124_SLEC-MARKETING-DARK-0342.webp","og:image:secure_url":"https:\/\/www.s-lecfilm.com\/wp-content\/uploads\/201124_SLEC-MARKETING-DARK-0342.webp","og:image:width":1920,"og:image:height":1202,"article:published_time":"2023-10-05T06:47:07+00:00","article:modified_time":"2024-06-16T08:07:13+00:00","twitter:card":"summary_large_image","twitter:title":"Dise\u00f1o de vidrio de privacidad | PVB Interlayer","twitter:description":"SEKISUI S-LEC ofrece una amplia gama de soluciones en cuatro gamas diferentes de color gris, realizando un color uniforme a lo largo de las ventanas en la parte trasera del veh\u00edculo.","twitter:image":"https:\/\/www.s-lecfilm.com\/wp-content\/uploads\/2023\/01\/Open-Graph-Image.png","schema":{"@context":"https:\/\/schema.org","@graph":[{"@type":"BreadcrumbList","@id":"https:\/\/www.s-lecfilm.com\/es\/news\/grey-privacy\/#breadcrumblist","itemListElement":[{"@type":"ListItem","@id":"https:\/\/www.s-lecfilm.com\/es\/#listItem","position":1,"name":"Hogar","item":"https:\/\/www.s-lecfilm.com\/es\/","nextItem":"https:\/\/www.s-lecfilm.com\/es\/news\/#listItem"},{"@type":"ListItem","@id":"https:\/\/www.s-lecfilm.com\/es\/news\/#listItem","position":2,"name":"\/es\/news\/","item":"https:\/\/www.s-lecfilm.com\/es\/news\/","nextItem":"https:\/\/www.s-lecfilm.com\/es\/news\/grey-privacy\/#listItem","previousItem":"https:\/\/www.s-lecfilm.com\/es\/#listItem"},{"@type":"ListItem","@id":"https:\/\/www.s-lecfilm.com\/es\/news\/grey-privacy\/#listItem","position":3,"name":"\/es\/news\/grey-privacy\/","previousItem":"https:\/\/www.s-lecfilm.com\/es\/news\/#listItem"}]},{"@type":"Organization","@id":"https:\/\/www.s-lecfilm.com\/es\/#organization","name":"s-lecfilm","url":"https:\/\/www.s-lecfilm.com\/es\/"},{"@type":"WebPage","@id":"https:\/\/www.s-lecfilm.com\/es\/news\/grey-privacy\/#webpage","url":"https:\/\/www.s-lecfilm.com\/es\/news\/grey-privacy\/","name":"Dise\u00f1o de vidrio de privacidad | PVB Interlayer","description":"SEKISUI S-LEC ofrece una amplia gama de soluciones en cuatro gamas diferentes de color gris, realizando un color uniforme a lo largo de las ventanas en la parte trasera del veh\u00edculo.","inLanguage":"es-ES","isPartOf":{"@id":"https:\/\/www.s-lecfilm.com\/es\/#website"},"breadcrumb":{"@id":"https:\/\/www.s-lecfilm.com\/es\/news\/grey-privacy\/#breadcrumblist"},"datePublished":"2023-10-05T15:47:07+09:00","dateModified":"2024-06-16T17:07:13+09:00"},{"@type":"WebSite","@id":"https:\/\/www.s-lecfilm.com\/es\/#website","url":"https:\/\/www.s-lecfilm.com\/es\/","name":"s-lecfilm","inLanguage":"es-ES","publisher":{"@id":"https:\/\/www.s-lecfilm.com\/es\/#organization"}}]}},"aioseo_meta_data":{"post_id":"21912","title":"Dise\u00f1o de vidrio de privacidad | PVB Interlayer","description":"SEKISUI S-LEC ofrece una amplia gama de soluciones en cuatro gamas diferentes de color gris, realizando un color uniforme a lo largo de las ventanas en la parte trasera del veh\u00edculo.","keywords":null,"keyphrases":"{\"focus\":{\"keyphrase\":\"\",\"score\":0,\"analysis\":{\"keyphraseInTitle\":{\"score\":0,\"maxScore\":9,\"error\":1}}},\"additional\":[]}","primary_term":null,"canonical_url":null,"og_title":null,"og_description":null,"og_object_type":"default","og_image_type":"custom_image","og_image_url":"https:\/\/www.s-lecfilm.com\/wp-content\/uploads\/201124_SLEC-MARKETING-DARK-0342.webp","og_image_width":"1920","og_image_height":"1202","og_image_custom_url":"https:\/\/www.s-lecfilm.com\/wp-content\/uploads\/201124_SLEC-MARKETING-DARK-0342.webp","og_image_custom_fields":null,"og_video":"","og_custom_url":null,"og_article_section":null,"og_article_tags":null,"twitter_use_og":false,"twitter_card":"default","twitter_image_type":"default","twitter_image_url":null,"twitter_image_custom_url":null,"twitter_image_custom_fields":null,"twitter_title":null,"twitter_description":null,"schema":{"blockGraphs":[],"customGraphs":[],"default":{"data":{"Article":[],"Course":[],"Dataset":[],"FAQPage":[],"Movie":[],"Person":[],"Product":[],"Recipe":[],"Service":[],"SoftwareApplication":[],"WebPage":[]},"graphName":"WebPage","isEnabled":true},"graphs":[]},"schema_type":"default","schema_type_options":null,"pillar_content":false,"robots_default":true,"robots_noindex":false,"robots_noarchive":false,"robots_nosnippet":false,"robots_nofollow":false,"robots_noimageindex":false,"robots_noodp":false,"robots_notranslate":false,"robots_max_snippet":"-1","robots_max_videopreview":"-1","robots_max_imagepreview":"large","priority":null,"frequency":"default","local_seo":null,"limit_modified_date":false,"reviewed_by":null,"open_ai":{"title":{"suggestions":[],"usage":0},"description":{"suggestions":[],"usage":0}},"created":"2024-06-13 02:38:00","updated":"2024-06-16 08:08:04"},"aioseo_breadcrumb":"<div class=\"aioseo-breadcrumbs\"><span class=\"aioseo-breadcrumb\">\n\t<a href=\"https:\/\/www.s-lecfilm.com\/es\/\" title=\"\u30db\u30fc\u30e0\">\u30db\u30fc\u30e0<\/a>\n<\/span><span class=\"aioseo-breadcrumb-separator\">&raquo;<\/span><span class=\"aioseo-breadcrumb\">\n\t<a href=\"https:\/\/www.s-lecfilm.com\/es\/news\/\" title=\"Privado: \/es\/news\/\">Privado: \/es\/news\/<\/a>\n<\/span><span class=\"aioseo-breadcrumb-separator\">&raquo;<\/span><span class=\"aioseo-breadcrumb\">\n\t\/es\/news\/grey-privacy\/\n<\/span><\/div>","aioseo_breadcrumb_json":[{"label":"\u30db\u30fc\u30e0","link":"https:\/\/www.s-lecfilm.com\/es\/"},{"label":"Privado: \/es\/news\/","link":"https:\/\/www.s-lecfilm.com\/es\/news\/"},{"label":"\/es\/news\/grey-privacy\/","link":"https:\/\/www.s-lecfilm.com\/es\/news\/grey-privacy\/"}],"_links":{"self":[{"href":"https:\/\/www.s-lecfilm.com\/es\/wp-json\/wp\/v2\/pages\/21912"}],"collection":[{"href":"https:\/\/www.s-lecfilm.com\/es\/wp-json\/wp\/v2\/pages"}],"about":[{"href":"https:\/\/www.s-lecfilm.com\/es\/wp-json\/wp\/v2\/types\/page"}],"author":[{"embeddable":true,"href":"https:\/\/www.s-lecfilm.com\/es\/wp-json\/wp\/v2\/users\/14"}],"replies":[{"embeddable":true,"href":"https:\/\/www.s-lecfilm.com\/es\/wp-json\/wp\/v2\/comments?post=21912"}],"version-history":[{"count":8,"href":"https:\/\/www.s-lecfilm.com\/es\/wp-json\/wp\/v2\/pages\/21912\/revisions"}],"predecessor-version":[{"id":22610,"href":"https:\/\/www.s-lecfilm.com\/es\/wp-json\/wp\/v2\/pages\/21912\/revisions\/22610"}],"up":[{"embeddable":true,"href":"https:\/\/www.s-lecfilm.com\/es\/wp-json\/wp\/v2\/pages\/17042"}],"wp:attachment":[{"href":"https:\/\/www.s-lecfilm.com\/es\/wp-json\/wp\/v2\/media?parent=21912"}],"wp:term":[{"taxonomy":"page_category","embeddable":true,"href":"https:\/\/www.s-lecfilm.com\/es\/wp-json\/wp\/v2\/page_category?post=21912"}],"curies":[{"name":"wp","href":"https:\/\/api.w.org\/{rel}","templated":true}]}}