{"id":19939,"date":"2023-01-03T10:00:00","date_gmt":"2023-01-03T01:00:00","guid":{"rendered":"https:\/\/www.s-lecfilm.com\/en-puv-arch\/"},"modified":"2024-07-03T18:48:31","modified_gmt":"2024-07-03T09:48:31","slug":"en-puv-arch","status":"publish","type":"page","link":"https:\/\/www.s-lecfilm.com\/es\/puv-arch\/","title":{"rendered":"\/es\/puv-arch\/"},"content":{"rendered":"<div class=\"frame pt-0\" style=\"clear: both;\">\n\t<div class=\"hero-flame\" style=\"height:62vh;margin:0;\">\n\t\t<div class=\"hero-flame-bg\">\n\t\t\t<img loading=\"lazy\" decoding=\"async\" class=\"hero-flame-bg-img\" src=\"https:\/\/www.s-lecfilm.com\/wp-content\/uploads\/hero-puv.webp\" width=\"1920\" height=\"1300\" alt=\"\" style=\"object-position:10% 50%;\">\n\t\t<\/div>\n\t\t<div class=\"hero-flame-content\">\n\t\t\t\t\t\t\t<div class=\"hero-text\">\n\t\t\t\t\t<div class=\"hero-text-title\">\n\t\t\t\t\t\tBloqueo de rayos UV\t\t\t\t\t<\/div>\n\t\t\t\t\t\t\t\t\t\t\t<div class=\"hero-text-subtitle\">\n\t\t\t\t\t\t\tProteger a las personas y los objetos\t\t\t\t\t\t<\/div>\n\t\t\t\t\t\t\t\t\t<\/div>\n\t\t\t\t<\/div>\n\t<\/div>\n<\/div>\n\n<div class=\"frame pt-0 pb-0\">\n\t\n<div class=\"c-tab-type01 tab-flame\">\n\t<div class=\"container\">\n\t\t\t\t<ul class=\"tab_area\">\n\t\t\t\t\t\t\t\t\t<li id=\"automoci\u00f3n\" class=\"tab-menu\"><a href=\"\/es\/puv-auto\/#auto\">Automotriz<\/a><\/li>\n\t\t\t\t\t\t\t\t\t<li id=\"arquitectura\" class=\"tab-menu select\"><a href=\"\/es\/puv-arch\/#arch\">Arquitectura<\/a><\/li>\n\t\t\t\t\t<\/ul>\n\t\t\t<\/div>\n<\/div>\n\n\n<div class=\"container mt-5\">\n\t\n<H2 class=\"c-title-level02 section-subtitle\">Rayos ultravioleta de la luz solar<\/H2>\n\n<div class=\"c-layout-frame section-flame\">\n\t\t<div class=\"row align-items-center\">\n\t\t<div class=\"col-lg-6\">\n\t\t\t<div class=\"feature-img text-center\">\n\t\t\t\t\t\t\t\t<img decoding=\"async\" src=\"https:\/\/www.s-lecfilm.com\/wp-content\/uploads\/puv_health_en_graph-1-1-1024x503.webp\"  alt=\"UV rays such as UV-A, UV-B and UV-C contained in sunlight\">\n\t\t\t\t\t\t\t<\/div>\n\t\t<\/div>\n\t\t<div class=\"col-lg-6\">\n\t\t\t<div class=\"feature-cont\">\n\t\t\t\t<div class=\"acf-innerblocks-container\">\n\n<p>Recibimos una gran cantidad de luz solar en nuestra vida cotidiana. Por otro lado, la sobreexposici\u00f3n a la luz solar supone un riesgo de envejecimiento cut\u00e1neo (fotoenvejecimiento) y c\u00e1ncer de piel debido a los efectos de los rayos ultravioleta contenidos en la luz solar.<\/p>\n\n\n\n<p>Los rayos ultravioleta pueden dividirse en tres tipos seg\u00fan su longitud de onda: UV-A, UV-B y UV-C. La UV-C (200-280 nm), el tipo de radiaci\u00f3n ultravioleta m\u00e1s da\u00f1ino, es absorbida en su mayor parte por la capa de ozono y no llega a la superficie de la Tierra; la UV-B (280-315 nm) s\u00f3lo alcanza la capa externa de la piel, pero puede causar dermatitis, pecas y sequedad cut\u00e1nea; la UV-A (314-400 nm) apenas es absorbida por la capa de ozono y llega a la superficie terrestre incluso en d\u00edas nublados. Los rayos UV-A pueden penetrar en las capas m\u00e1s profundas de la piel (dermis) y causar da\u00f1os cut\u00e1neos a largo plazo en el cuerpo humano. Adem\u00e1s, la luz UV-A puede da\u00f1ar y envejecer los objetos.<\/p>\n\n<\/div>\t\t\t<\/div>\n\t\t<\/div>\n\t<\/div>\n\t<\/div>\n\n\n<H1 class=\"c-title-level02 section-subtitle\">Bloqueo de rayos UV vidrio laminado<\/H1>\n\n<div class=\"c-layout-frame section-flame\">\n\t\t<div class=\"row align-items-center\">\n\t\t<div class=\"col-lg-6 order-lg-1 order-0\">\n\t\t\t<div class=\"feature-img text-center\">\n\t\t\t\t\t\t\t\t<img decoding=\"async\" src=\"https:\/\/www.s-lecfilm.com\/wp-content\/uploads\/PUV-optical-profile-en-1024x607.webp\" style=\"width:100%;\" alt=\"The optical performance of S-LEC\u2122 Premium UV Blocking Film UA01\">\n\t\t\t\t\t\t\t<\/div>\n\t\t<\/div>\n\t\t<div class=\"col-lg-6 order-lg-0 order-1\">\n\t\t\t<div class=\"feature-cont\">\n\t\t\t\t<div class=\"acf-innerblocks-container\">\n\n<p>El vidrio laminado con una pel\u00edcula intercalaria de PVB est\u00e1ndar no corta todos los rayos UV-A, permitiendo que penetren en el interior del veh\u00edculo.<\/p>\n\n\n\n<p>S-LEC\u2122 Premium UV Blocking Film UA01 tiene el mayor nivel mundial de rendimiento de bloqueo de rayos UV-A como pel\u00edcula intercalada para vidrio laminado arquitect\u00f3nico, bloqueando m\u00e1s del 99,<sup>9%*1<\/sup> de los rayos UV-A, impidiendo que la radiaci\u00f3n luminosa penetre en el interior de los veh\u00edculos.<\/p>\n\n\n\n<p>*1 Norma ISO13837, Cont\u00e1ctenos para obtener datos detallados.<\/p>\n\n\n<div class=\"c-button-type01 row justify-content-center\">\n\t<div class=\"col-lg-5 d-brochure-bg-btn is-inner-btn btn-size-medium\">\n\t\t<a href=\"\/es\/download\/ArchG\/\" target=\"_blank\">\n\t\t\t<button type=\"button\" class=\"btn btn-primary\">Descargar folletos<\/button>\n\t\t<\/a>\n\t<\/div>\n<\/div>\n\n<\/div>\t\t\t<\/div>\n\t\t<\/div>\n\t<\/div>\n\t<\/div>\n\n\n<H2 class=\"c-title-level02 section-subtitle\">Salud y confort<\/H2>\n\n<div class=\"container\">\r\n\t<div class=\"container\">\r\n\t\t<div class=\"section-flame\">\r\n\t\t\t<div class=\"row justify-content-end align-items-center\">\r\n\t\t\t\t\t\t\t\t\t<div class=\"col-lg-6 order-0\">\r\n\t\t\t\t\t\t<div class=\"youtube_wrap\">\n\t<div class=\"youtube_area un_youtube_area\">\n\t\t<script src=\"https:\/\/www.youtube.com\/iframe_api\"><\/script>\n\t\t<iframe loading=\"lazy\" data-cookieconsent=\"necessary\" width=\"560\" height=\"315\" src=\"\/\/www.youtube.com\/embed\/ig13Z-pKSHc?enablejsapi=1&amp;origin=https%3A%2F%2Fwww.s-lecfilm.com\" title=\"\" frameborder=\"0\" allow=\"accelerometer; autoplay; clipboard-write; encrypted-media; gyroscope; picture-in-picture\" allowfullscreen=\"\" data-gtm-yt-inspected-7440638_38=\"true\" id=\"900282223\"><\/iframe>\n\t<\/div>\n<\/div>\n\t\t\t\t\t<\/div>\r\n\t\t\t\t\t<div class=\"col-lg-6 order-1\">\r\n\t\t\t\t\t\t<div class=\"feature-cont\">\n\t<div class=\"feature-cont-title\"><\/div>\n\t<div class=\"feature-cont-text\">\n\t\tLos rayos UV-A pueden penetrar en las capas m\u00e1s profundas de la piel (dermis) y causar da\u00f1os cut\u00e1neos a largo plazo.<br \/>\n<br \/>\nEl vidrio laminado que utiliza nuestro S-LEC\u2122 Premium UV Blocking Film UA01 ofrece un excepcional rendimiento de bloqueo de rayos UV-A, reduciendo la transmisi\u00f3n de rayos UV-A a menos del 0,1% en comparaci\u00f3n con el vidrio laminado est\u00e1ndar. En combinaci\u00f3n con la S-LEC\u2122 Solar Control Film, es posible reducir los rayos infrarrojos, adem\u00e1s de los ultravioleta, para evitar que el interior de su veh\u00edculo se caliente, lo que se traduce en un interior m\u00e1s c\u00f3modo y saludable.<br \/>\n<br \/>\nEn SEKISUI S-LEC estamos comprometidos con la creaci\u00f3n de nuevas soluciones de valor a trav\u00e9s de pel\u00edculas intercalarias de PVB para vidrio laminado con el fin de contribuir a los desarrollos de la industria de la Automoci\u00f3n y la Arquitectura, en constante crecimiento.\t<\/div>\n<\/div>\n<div class=\"row d-brochure-bg-btn-wrap justify-content-end with-accent align-items-center mt-4 mx-0\">\n\t\t<div class=\"col-lg-5 d-brochure-bg-btn is-inner-btn with-accent\">\n\t\t\t<\/div>\n<\/div>\t\t\t\t\t<\/div>\r\n\t\t\t\t\t\t\t<\/div>\r\n\t\t<\/div>\r\n\t<\/div>\r\n<\/div>\r\n\n\n<H2 class=\"c-title-level02 section-subtitle\">Beneficios<\/H2>\n\n<div class=\"c-layout-frame section-flame\">\n\t\t<div class=\"row align-items-center\">\n\t\t<div class=\"col-lg-6 order-lg-1 order-0\">\n\t\t\t<div class=\"feature-img text-center\">\n\t\t\t\t\t\t\t\t<img decoding=\"async\" src=\"https:\/\/www.s-lecfilm.com\/wp-content\/uploads\/puv-arch-2-1024x620-1-1-1024x620.webp\"  alt=\"S-LEC \u2122 Premium UV blocking film UA01 cuts UV and protects parents and children\">\n\t\t\t\t\t\t\t<\/div>\n\t\t<\/div>\n\t\t<div class=\"col-lg-6 order-lg-0 order-1\">\n\t\t\t<div class=\"feature-cont\">\n\t\t\t\t<div class=\"acf-innerblocks-container\">\n\n<p style=\"font-size:25px\">Protecci\u00f3n de las personas<\/p>\n\n\n\n<p>Dado que los rayos UV-A penetran m\u00e1s profundamente en la piel, una exposici\u00f3n prolongada y en grandes cantidades puede da\u00f1arla, provocando inflamaci\u00f3n y envejecimiento prematuro.<\/p>\n\n\n\n<p>S-LEC\u2122 Premium UV Blocking Film UA01, cuando se instala en las ventanas, bloquea la entrada de rayos UV y protege la piel de aquellos que necesitan protecci\u00f3n UV del fotoenvejecimiento y previene el envejecimiento prematuro como manchas y piel fl\u00e1cida.<\/p>\n\n\n<div class=\"c-button-type01 row justify-content-center\">\n\t<div class=\"col-lg-5 d-brochure-bg-btn is-inner-btn btn-size-medium\">\n\t\t<a href=\"\/es\/download\/ArchG\/\" target=\"_blank\">\n\t\t\t<button type=\"button\" class=\"btn btn-primary\">Descargar folletos<\/button>\n\t\t<\/a>\n\t<\/div>\n<\/div>\n\n<\/div>\t\t\t<\/div>\n\t\t<\/div>\n\t<\/div>\n\t<\/div>\n\n\n<div class=\"c-layout-frame section-flame\">\n\t\t<div class=\"row align-items-center\">\n\t\t<div class=\"col-lg-6\">\n\t\t\t<div class=\"feature-img text-center\">\n\t\t\t\t\t\t\t\t<img decoding=\"async\" src=\"https:\/\/www.s-lecfilm.com\/wp-content\/uploads\/image15-1024x602-1-1024x602.webp\"  alt=\"Protected interior by S-LEC\u2122 Premium UV blocking film UA01\">\n\t\t\t\t\t\t\t<\/div>\n\t\t<\/div>\n\t\t<div class=\"col-lg-6\">\n\t\t\t<div class=\"feature-cont\">\n\t\t\t\t<div class=\"acf-innerblocks-container\">\n\n<p style=\"font-size:25px\">Protecci\u00f3n de objetos<\/p>\n\n\n\n<p>Cuando se exponen a los rayos UV del exterior, los componentes del interior del veh\u00edculo, como los asientos y el salpicadero, sufren degradaci\u00f3n y decoloraci\u00f3n causadas por el blanqueamiento solar. Esto les resta valor. El vidrio laminado que utiliza S-LEC\u2122 Premium UV Blocking Film UA01 reduce sustancialmente los rayos UV-A, preservando as\u00ed el interior.<\/p>\n\n\n<div class=\"c-button-type01 row justify-content-center\">\n\t<div class=\"col-lg-5 d-brochure-bg-btn is-inner-btn btn-size-medium\">\n\t\t<a href=\"\/es\/download\/ArchG\/\" target=\"_blank\">\n\t\t\t<button type=\"button\" class=\"btn btn-primary\">Descargar folletos<\/button>\n\t\t<\/a>\n\t<\/div>\n<\/div>\n\n<\/div>\t\t\t<\/div>\n\t\t<\/div>\n\t<\/div>\n\t<\/div>\n\n\n<H2 class=\"c-title-level02 section-subtitle\">Combinaciones con Bloqueo de rayos UV<\/H2>\n\n\n<p>Ofrecemos las siguientes combinaciones de l\u00e1minas multifuncionales:<\/p>\n\n\n<div class=\"subtab-flame\">\r\n  <ul class=\"subtab\">\r\n\t\t\t\t\t\t\t\t\t<li class=\"select\"><span>ac\u00fastico<\/span><\/li>\r\n\t\t\t\t\t\t\t<li class=\"\"><span>control solar<\/span><\/li>\r\n\t\t\t\t\t\t<\/ul>\r\n<\/div>\r\n\r\n\n\n<div class=\"c-subtab-content\">\n\t<div class=\"subicon\">\n\t\t\t\t\t\t\n<div class=\"c-subtab-frame frame py-0\">\n\t\t<div class=\"container\">\n\t\t\t\t\n<div class=\"c-layout-frame section-flame\">\n\t\t<div class=\"row align-items-center\">\n\t\t<div class=\"col-lg-6 order-lg-1 order-0\">\n\t\t\t<div class=\"feature-img text-center\">\n\t\t\t\t\t\t\t\t<img decoding=\"async\" src=\"https:\/\/www.s-lecfilm.com\/wp-content\/uploads\/img_00016-1_1-1024x683.webp\"  alt=\"Noise reduction by S-LEC\u2122 Sound Acoustic Film\">\n\t\t\t\t\t\t\t<\/div>\n\t\t<\/div>\n\t\t<div class=\"col-lg-6 order-lg-0 order-1\">\n\t\t\t<div class=\"feature-cont\">\n\t\t\t\t<div class=\"acf-innerblocks-container\">\n<Div class=\"c-title-level03 feature-cont-title\">\n\t\t<img decoding=\"async\" src=\"https:\/\/www.s-lecfilm.com\/wp-content\/uploads\/slec_icon_13.svg\" alt=\"Sound Acoustic for laminated glass\">\n\t\tac\u00fastico<\/Div>\n\n\n\n<p>S-LEC\u2122 Sound Acoustic Film reduce la transmisi\u00f3n de ruidos exteriores para ofrecer el mayor nivel de lujo y confort del mercado.<\/p>\n\n\n<div class=\"c-button-type02 feature-cont-btn text-right\">\n\t<a href=\"\/es\/sound-arch\/\" >\n\t\t<button class=\"btn btn-primary is-caret-link\">\n\t\t\t\t\t\t\tConozca m\u00e1s\t\t\t\t\t\t<\/button>\n\t<\/a>\n<\/div>\n\n<\/div>\t\t\t<\/div>\n\t\t<\/div>\n\t<\/div>\n\t<\/div>\n\n\t<\/div>\n\t<\/div>\n\n\n<div class=\"c-subtab-frame frame py-0\">\n\t\t<div class=\"container\">\n\t\t\t\t\n<div class=\"c-layout-frame section-flame\">\n\t\t<div class=\"row align-items-center\">\n\t\t<div class=\"col-lg-6 order-lg-1 order-0\">\n\t\t\t<div class=\"feature-img text-center\">\n\t\t\t\t\t\t\t\t<img decoding=\"async\" src=\"https:\/\/www.s-lecfilm.com\/wp-content\/uploads\/puv-arch-4-1-1024x620.webp\"  alt=\"Protecting people and objects indoors from heat and ultraviolet rays without impairing clear visibility.\">\n\t\t\t\t\t\t\t<\/div>\n\t\t<\/div>\n\t\t<div class=\"col-lg-6 order-lg-0 order-1\">\n\t\t\t<div class=\"feature-cont\">\n\t\t\t\t<div class=\"acf-innerblocks-container\">\n<Div class=\"c-title-level03 feature-cont-title\">\n\t\t<img decoding=\"async\" src=\"https:\/\/www.s-lecfilm.com\/wp-content\/uploads\/slec_icon_14.svg\" alt=\"Solar Control Performance for laminated glass\">\n\t\tcontrol solar<\/Div>\n\n\n\n<p>El vidrio laminado con S-LEC\u2122 Solar Control Film protege la piel de la sensaci\u00f3n de quemaz\u00f3n asociada a los infrarrojos.<\/p>\n\n\n<div class=\"c-button-type02 feature-cont-btn text-right\">\n\t<a href=\"\/es\/solar-arch\/\" >\n\t\t<button class=\"btn btn-primary is-caret-link\">\n\t\t\t\t\t\t\tConozca m\u00e1s\t\t\t\t\t\t<\/button>\n\t<\/a>\n<\/div>\n\n<\/div>\t\t\t<\/div>\n\t\t<\/div>\n\t<\/div>\n\t<\/div>\n\n\t<\/div>\n\t<\/div>\n\n\t<\/div>\n<\/div>\n\n<\/div>\n\n<\/div>\n\n\n\n<div class=\"frame is-bg-img c-more-detail \">\n\t<div class=\"container\">\n\t\t<div class=\"row justify-content-center\">\n\t\t\t<div class=\"col-lg-10\">\n\t\t\t\t<div class=\"row\">\n\t\t\t\t\t<div class=\"col-lg-7 mb-5 mb-lg-0\">\n\t\t\t\t\t\t<div class=\"contact-footer-text\">\n\t\t\t\t\t\t\t\u00bfQuiere saber m\u00e1s?\t\t\t\t\t\t<\/div>\n\t\t\t\t\t\t<div class=\"contact-footer-btn\">\n\t\t\t\t\t\t\t<a href=\"\/es\/download\/all\/\" target=\"_blank\">\n\t\t\t\t\t\t\t\t<button class=\"btn btn-primary fa-download-check\">\n\t\t\t\t\t\t\t\t\t\t\t\t\t\t\t\t\t\t\tDescargas\t\t\t\t\t\t\t\t\t\t\t\t\t\t\t\t\t<\/button>\n\t\t\t\t\t\t\t<\/a>\n\t\t\t\t\t\t\t<a href=\"\/es\/download\/Inquiry\/\" target=\"_blank\">\n\t\t\t\t\t\t\t\t<button class=\"btn btn-primary is-external-link\">\n\t\t\t\t\t\t\t\t\t\t\t\t\t\t\t\t\t\t\tCont\u00e1ctenos\t\t\t\t\t\t\t\t\t\t\t\t\t\t\t\t\t<\/button>\n\t\t\t\t\t\t\t<\/a>\n\t\t\t\t\t\t<\/div>\n\t\t\t\t\t<\/div>\n\t\t\t\t\t<div class=\"col-lg-5\">\n\t\t\t\t\t\t<div class=\"contact-footer-img\">\n\t\t\t\t\t\t\t\t\t\t\t\t\t\t<img decoding=\"async\" src=\"https:\/\/www.s-lecfilm.com\/wp-content\/uploads\/thankyou_hero-1-1-1024x576.webp\" alt=\"Those who want to know more about S-LEC\u2122 Film\">\n\t\t\t\t\t\t\t\t\t\t\t\t\t<\/div>\n\t\t\t\t\t<\/div>\n\t\t\t\t<\/div>\n\t\t\t<\/div>\n\t\t<\/div>\n\t<\/div>\n<\/div>\n","protected":false},"excerpt":{"rendered":"","protected":false},"author":7,"featured_media":0,"parent":0,"menu_order":329,"comment_status":"closed","ping_status":"closed","template":"","meta":{"_acf_changed":false,"_oasis_is_in_workflow":0,"_oasis_original":0,"om_disable_all_campaigns":false,"inline_featured_image":false,"_monsterinsights_skip_tracking":false,"_monsterinsights_sitenote_active":false,"_monsterinsights_sitenote_note":"","_monsterinsights_sitenote_category":0,"footnotes":""},"page_category":[102,130,117],"class_list":["post-19939","page","type-page","status-publish","hentry"],"acf":[],"aioseo_notices":[],"aioseo_head":"\n\t\t<!-- All in One SEO Pro 4.6.2 - aioseo.com -->\n\t\t<meta name=\"description\" content=\"Protecci\u00f3n de personas y objetos. El vidrio laminado que utiliza S-LEC\u2122 Premium UV Blocking Film UA01 bloquea m\u00e1s del 99,9% de los rayos UV-A (315-400 nm).\" \/>\n\t\t<meta name=\"robots\" content=\"max-image-preview:large\" \/>\n\t\t<meta name=\"google-site-verification\" content=\"LGoHK3imcI57fEDyHDnPGNxrBKyRAWvyS1_pmekTNEU\" \/>\n\t\t<link rel=\"canonical\" href=\"https:\/\/www.s-lecfilm.com\/es\/puv-arch\/\" \/>\n\t\t<meta name=\"generator\" content=\"All in One SEO Pro (AIOSEO) 4.6.2\" \/>\n\t\t<meta property=\"og:locale\" content=\"es_ES\" \/>\n\t\t<meta property=\"og:site_name\" content=\"SEKISUI S-LEC\" \/>\n\t\t<meta property=\"og:type\" content=\"article\" \/>\n\t\t<meta property=\"og:title\" content=\"Bloqueo de rayos UV Interlayer para Arquitectura Vidrio laminado | SEKISUI S-LEC\" \/>\n\t\t<meta property=\"og:description\" content=\"Protecci\u00f3n de personas y objetos. El vidrio laminado que utiliza S-LEC\u2122 Premium UV Blocking Film UA01 bloquea m\u00e1s del 99,9% de los rayos UV-A (315-400 nm).\" \/>\n\t\t<meta property=\"og:url\" content=\"https:\/\/www.s-lecfilm.com\/es\/puv-arch\/\" \/>\n\t\t<meta property=\"og:image\" content=\"https:\/\/www.s-lecfilm.com\/wp-content\/uploads\/2023\/01\/hero-puv.jpg\" \/>\n\t\t<meta property=\"og:image:secure_url\" content=\"https:\/\/www.s-lecfilm.com\/wp-content\/uploads\/2023\/01\/hero-puv.jpg\" \/>\n\t\t<meta property=\"article:published_time\" content=\"2023-01-03T01:00:00+00:00\" \/>\n\t\t<meta property=\"article:modified_time\" content=\"2024-07-03T09:48:31+00:00\" \/>\n\t\t<meta name=\"twitter:card\" content=\"summary_large_image\" \/>\n\t\t<meta name=\"twitter:title\" content=\"Bloqueo de rayos UV Interlayer para Arquitectura Vidrio laminado | SEKISUI S-LEC\" \/>\n\t\t<meta name=\"twitter:description\" content=\"Protecci\u00f3n de personas y objetos. El vidrio laminado que utiliza S-LEC\u2122 Premium UV Blocking Film UA01 bloquea m\u00e1s del 99,9% de los rayos UV-A (315-400 nm).\" \/>\n\t\t<meta name=\"twitter:image\" content=\"https:\/\/www.s-lecfilm.com\/wp-content\/uploads\/2023\/01\/hero-puv.jpg\" \/>\n\t\t<script type=\"application\/ld+json\" class=\"aioseo-schema\">\n\t\t\t{\"@context\":\"https:\\\/\\\/schema.org\",\"@graph\":[{\"@type\":\"BreadcrumbList\",\"@id\":\"https:\\\/\\\/www.s-lecfilm.com\\\/es\\\/puv-arch\\\/#breadcrumblist\",\"itemListElement\":[{\"@type\":\"ListItem\",\"@id\":\"https:\\\/\\\/www.s-lecfilm.com\\\/es\\\/#listItem\",\"position\":1,\"name\":\"Hogar\",\"item\":\"https:\\\/\\\/www.s-lecfilm.com\\\/es\\\/\",\"nextItem\":\"https:\\\/\\\/www.s-lecfilm.com\\\/es\\\/puv-arch\\\/#listItem\"},{\"@type\":\"ListItem\",\"@id\":\"https:\\\/\\\/www.s-lecfilm.com\\\/es\\\/puv-arch\\\/#listItem\",\"position\":2,\"name\":\"\\\/es\\\/puv-arch\\\/\",\"previousItem\":\"https:\\\/\\\/www.s-lecfilm.com\\\/es\\\/#listItem\"}]},{\"@type\":\"Organization\",\"@id\":\"https:\\\/\\\/www.s-lecfilm.com\\\/es\\\/#organization\",\"name\":\"s-lecfilm\",\"url\":\"https:\\\/\\\/www.s-lecfilm.com\\\/es\\\/\"},{\"@type\":\"WebPage\",\"@id\":\"https:\\\/\\\/www.s-lecfilm.com\\\/es\\\/puv-arch\\\/#webpage\",\"url\":\"https:\\\/\\\/www.s-lecfilm.com\\\/es\\\/puv-arch\\\/\",\"name\":\"Bloqueo de rayos UV Interlayer para Arquitectura Vidrio laminado | SEKISUI S-LEC\",\"description\":\"Protecci\\u00f3n de personas y objetos. El vidrio laminado que utiliza S-LEC\\u2122 Premium UV Blocking Film UA01 bloquea m\\u00e1s del 99,9% de los rayos UV-A (315-400 nm).\",\"inLanguage\":\"es-ES\",\"isPartOf\":{\"@id\":\"https:\\\/\\\/www.s-lecfilm.com\\\/es\\\/#website\"},\"breadcrumb\":{\"@id\":\"https:\\\/\\\/www.s-lecfilm.com\\\/es\\\/puv-arch\\\/#breadcrumblist\"},\"datePublished\":\"2023-01-03T10:00:00+09:00\",\"dateModified\":\"2024-07-03T18:48:31+09:00\"},{\"@type\":\"WebSite\",\"@id\":\"https:\\\/\\\/www.s-lecfilm.com\\\/es\\\/#website\",\"url\":\"https:\\\/\\\/www.s-lecfilm.com\\\/es\\\/\",\"name\":\"s-lecfilm\",\"inLanguage\":\"es-ES\",\"publisher\":{\"@id\":\"https:\\\/\\\/www.s-lecfilm.com\\\/es\\\/#organization\"}}]}\n\t\t<\/script>\n\t\t<!-- All in One SEO Pro -->\r\n\t\t<title>Bloqueo de rayos UV Interlayer para Arquitectura Vidrio laminado | SEKISUI S-LEC<\/title>\n\n","aioseo_head_json":{"title":"Bloqueo de rayos UV Interlayer para Arquitectura Vidrio laminado | SEKISUI S-LEC","description":"Protecci\u00f3n de personas y objetos. El vidrio laminado que utiliza S-LEC\u2122 Premium UV Blocking Film UA01 bloquea m\u00e1s del 99,9% de los rayos UV-A (315-400 nm).","canonical_url":"https:\/\/www.s-lecfilm.com\/es\/puv-arch\/","robots":"max-image-preview:large","keywords":"","webmasterTools":{"google-site-verification":"LGoHK3imcI57fEDyHDnPGNxrBKyRAWvyS1_pmekTNEU","miscellaneous":""},"og:locale":"es_ES","og:site_name":"SEKISUI S-LEC","og:type":"article","og:title":"Bloqueo de rayos UV Interlayer para Arquitectura Vidrio laminado | SEKISUI S-LEC","og:description":"Protecci\u00f3n de personas y objetos. El vidrio laminado que utiliza S-LEC\u2122 Premium UV Blocking Film UA01 bloquea m\u00e1s del 99,9% de los rayos UV-A (315-400 nm).","og:url":"https:\/\/www.s-lecfilm.com\/es\/puv-arch\/","og:image":"https:\/\/www.s-lecfilm.com\/wp-content\/uploads\/2023\/01\/hero-puv.jpg","og:image:secure_url":"https:\/\/www.s-lecfilm.com\/wp-content\/uploads\/2023\/01\/hero-puv.jpg","article:published_time":"2023-01-03T01:00:00+00:00","article:modified_time":"2024-07-03T09:48:31+00:00","twitter:card":"summary_large_image","twitter:title":"Bloqueo de rayos UV Interlayer para Arquitectura Vidrio laminado | SEKISUI S-LEC","twitter:description":"Protecci\u00f3n de personas y objetos. El vidrio laminado que utiliza S-LEC\u2122 Premium UV Blocking Film UA01 bloquea m\u00e1s del 99,9% de los rayos UV-A (315-400 nm).","twitter:image":"https:\/\/www.s-lecfilm.com\/wp-content\/uploads\/2023\/01\/hero-puv.jpg","schema":{"@context":"https:\/\/schema.org","@graph":[{"@type":"BreadcrumbList","@id":"https:\/\/www.s-lecfilm.com\/es\/puv-arch\/#breadcrumblist","itemListElement":[{"@type":"ListItem","@id":"https:\/\/www.s-lecfilm.com\/es\/#listItem","position":1,"name":"Hogar","item":"https:\/\/www.s-lecfilm.com\/es\/","nextItem":"https:\/\/www.s-lecfilm.com\/es\/puv-arch\/#listItem"},{"@type":"ListItem","@id":"https:\/\/www.s-lecfilm.com\/es\/puv-arch\/#listItem","position":2,"name":"\/es\/puv-arch\/","previousItem":"https:\/\/www.s-lecfilm.com\/es\/#listItem"}]},{"@type":"Organization","@id":"https:\/\/www.s-lecfilm.com\/es\/#organization","name":"s-lecfilm","url":"https:\/\/www.s-lecfilm.com\/es\/"},{"@type":"WebPage","@id":"https:\/\/www.s-lecfilm.com\/es\/puv-arch\/#webpage","url":"https:\/\/www.s-lecfilm.com\/es\/puv-arch\/","name":"Bloqueo de rayos UV Interlayer para Arquitectura Vidrio laminado | SEKISUI S-LEC","description":"Protecci\u00f3n de personas y objetos. El vidrio laminado que utiliza S-LEC\u2122 Premium UV Blocking Film UA01 bloquea m\u00e1s del 99,9% de los rayos UV-A (315-400 nm).","inLanguage":"es-ES","isPartOf":{"@id":"https:\/\/www.s-lecfilm.com\/es\/#website"},"breadcrumb":{"@id":"https:\/\/www.s-lecfilm.com\/es\/puv-arch\/#breadcrumblist"},"datePublished":"2023-01-03T10:00:00+09:00","dateModified":"2024-07-03T18:48:31+09:00"},{"@type":"WebSite","@id":"https:\/\/www.s-lecfilm.com\/es\/#website","url":"https:\/\/www.s-lecfilm.com\/es\/","name":"s-lecfilm","inLanguage":"es-ES","publisher":{"@id":"https:\/\/www.s-lecfilm.com\/es\/#organization"}}]}},"aioseo_meta_data":{"post_id":"19939","title":"Bloqueo de rayos UV Interlayer para Arquitectura Vidrio laminado | SEKISUI S-LEC","description":"Protecci\u00f3n de personas y objetos. El vidrio laminado que utiliza S-LEC\u2122 Premium UV Blocking Film UA01 bloquea m\u00e1s del 99,9% de los rayos UV-A (315-400 nm).","keywords":null,"keyphrases":"{\"focus\":{\"keyphrase\":\"\",\"score\":0,\"analysis\":{\"keyphraseInTitle\":{\"score\":0,\"maxScore\":9,\"error\":1}}},\"additional\":[]}","primary_term":null,"canonical_url":null,"og_title":null,"og_description":null,"og_object_type":"default","og_image_type":"custom_image","og_image_url":"https:\/\/www.s-lecfilm.com\/wp-content\/uploads\/2023\/01\/hero-puv.jpg","og_image_width":"0","og_image_height":"0","og_image_custom_url":"https:\/\/www.s-lecfilm.com\/wp-content\/uploads\/2023\/01\/hero-puv.jpg","og_image_custom_fields":null,"og_video":"","og_custom_url":null,"og_article_section":null,"og_article_tags":null,"twitter_use_og":false,"twitter_card":"default","twitter_image_type":"custom_image","twitter_image_url":"https:\/\/www.s-lecfilm.com\/wp-content\/uploads\/2023\/01\/hero-puv.jpg","twitter_image_custom_url":"https:\/\/www.s-lecfilm.com\/wp-content\/uploads\/2023\/01\/hero-puv.jpg","twitter_image_custom_fields":null,"twitter_title":"Bloqueo de rayos UV Interlayer para Arquitectura Vidrio laminado | SEKISUI S-LEC","twitter_description":"Protecci\u00f3n de personas y objetos. El vidrio laminado que utiliza S-LEC\u2122 Premium UV Blocking Film UA01 bloquea m\u00e1s del 99,9% de los rayos UV-A (315-400 nm).","schema":{"blockGraphs":[],"customGraphs":[],"default":{"data":{"Article":[],"Course":[],"Dataset":[],"FAQPage":[],"Movie":[],"Person":[],"Product":[],"Recipe":[],"Service":[],"SoftwareApplication":[],"WebPage":[]},"graphName":"WebPage","isEnabled":true},"graphs":[]},"schema_type":"default","schema_type_options":null,"pillar_content":false,"robots_default":true,"robots_noindex":false,"robots_noarchive":false,"robots_nosnippet":false,"robots_nofollow":false,"robots_noimageindex":false,"robots_noodp":false,"robots_notranslate":false,"robots_max_snippet":"-1","robots_max_videopreview":"-1","robots_max_imagepreview":"large","priority":null,"frequency":"default","local_seo":null,"limit_modified_date":false,"reviewed_by":null,"open_ai":{"title":{"suggestions":[],"usage":0},"description":{"suggestions":[],"usage":0}},"created":"2024-03-25 02:26:18","updated":"2024-07-03 09:49:07"},"aioseo_breadcrumb":"<div class=\"aioseo-breadcrumbs\"><span class=\"aioseo-breadcrumb\">\n\t<a href=\"https:\/\/www.s-lecfilm.com\/es\/\" title=\"\u30db\u30fc\u30e0\">\u30db\u30fc\u30e0<\/a>\n<\/span><span class=\"aioseo-breadcrumb-separator\">&raquo;<\/span><span class=\"aioseo-breadcrumb\">\n\t\/es\/puv-arch\/\n<\/span><\/div>","aioseo_breadcrumb_json":[{"label":"\u30db\u30fc\u30e0","link":"https:\/\/www.s-lecfilm.com\/es\/"},{"label":"\/es\/puv-arch\/","link":"https:\/\/www.s-lecfilm.com\/es\/puv-arch\/"}],"_links":{"self":[{"href":"https:\/\/www.s-lecfilm.com\/es\/wp-json\/wp\/v2\/pages\/19939"}],"collection":[{"href":"https:\/\/www.s-lecfilm.com\/es\/wp-json\/wp\/v2\/pages"}],"about":[{"href":"https:\/\/www.s-lecfilm.com\/es\/wp-json\/wp\/v2\/types\/page"}],"author":[{"embeddable":true,"href":"https:\/\/www.s-lecfilm.com\/es\/wp-json\/wp\/v2\/users\/7"}],"replies":[{"embeddable":true,"href":"https:\/\/www.s-lecfilm.com\/es\/wp-json\/wp\/v2\/comments?post=19939"}],"version-history":[{"count":6,"href":"https:\/\/www.s-lecfilm.com\/es\/wp-json\/wp\/v2\/pages\/19939\/revisions"}],"predecessor-version":[{"id":25300,"href":"https:\/\/www.s-lecfilm.com\/es\/wp-json\/wp\/v2\/pages\/19939\/revisions\/25300"}],"wp:attachment":[{"href":"https:\/\/www.s-lecfilm.com\/es\/wp-json\/wp\/v2\/media?parent=19939"}],"wp:term":[{"taxonomy":"page_category","embeddable":true,"href":"https:\/\/www.s-lecfilm.com\/es\/wp-json\/wp\/v2\/page_category?post=19939"}],"curies":[{"name":"wp","href":"https:\/\/api.w.org\/{rel}","templated":true}]}}