{"id":19455,"date":"2023-01-04T10:00:00","date_gmt":"2023-01-04T01:00:00","guid":{"rendered":"https:\/\/www.s-lecfilm.com\/en-sustainability\/"},"modified":"2024-09-25T18:21:33","modified_gmt":"2024-09-25T09:21:33","slug":"en-sustainability","status":"publish","type":"page","link":"https:\/\/www.s-lecfilm.com\/es\/sustainability\/","title":{"rendered":"\/es\/sustainability\/"},"content":{"rendered":"<div class=\"frame pt-0\" style=\"clear: both;\">\n\t<div class=\"hero-flame\" style=\"height:62vh;margin:0;\">\n\t\t<div class=\"hero-flame-bg\">\n\t\t\t<img loading=\"lazy\" decoding=\"async\" class=\"hero-flame-bg-img\" src=\"https:\/\/www.s-lecfilm.com\/wp-content\/uploads\/Hero_sustainability.webp\" width=\"1920\" height=\"1019\" alt=\"SEKISUI S-LEC with the vision for sustainability\" style=\"object-position:40% 50%;\">\n\t\t<\/div>\n\t\t<div class=\"hero-flame-content\">\n\t\t\t\t\t\t\t<div class=\"hero-text\">\n\t\t\t\t\t<div class=\"hero-text-title\">\n\t\t\t\t\t\tSostenibilidad\t\t\t\t\t<\/div>\n\t\t\t\t\t\t\t\t\t<\/div>\n\t\t\t\t<\/div>\n\t<\/div>\n<\/div>\n\n<div class=\"feature-img text-center\">\n\t\t<\/div>\n\n<div class=\"frame pt-0 pb-0\">\n\t\n<div class=\"container\">\n\t\n<H2 class=\"c-title-level02 section-subtitle\">Estrategia de sostenibilidad corporativa de SEKISUI <\/H2>\n\n<div class=\"c-layout-frame section-flame\">\n\t\t<div class=\"row align-items-center\">\n\t\t<div class=\"col-lg-6\">\n\t\t\t<div class=\"feature-img text-center\">\n\t\t\t\t\t\t\t\t<img decoding=\"async\" src=\"https:\/\/www.s-lecfilm.com\/wp-content\/uploads\/Sustainability_forest-1024x571.webp\"  alt=\"Climate change, biodiversity loss, water resources pollution, people who protect their resources\">\n\t\t\t\t\t\t\t<\/div>\n\t\t<\/div>\n\t\t<div class=\"col-lg-6\">\n\t\t\t<div class=\"feature-cont\">\n\t\t\t\t<div class=\"acf-innerblocks-container\">\n\n<p>SEKISUI S-LEC forma parte del grupo empresarial SEKISUI. Como empresa SEKISUI, estamos comprometidos con la protecci\u00f3n de la tierra y sus recursos en medio del cambio clim\u00e1tico, la p\u00e9rdida de biodiversidad y la creciente contaminaci\u00f3n de las reservas de agua. <\/p>\n\n\n\n<p>SEKISUI ha establecido numerosas iniciativas, objetivos y programas para equilibrar el capital natural y social centr\u00e1ndose en productos sostenibles, reduciendo el impacto medioambiental y conservando el medio ambiente. La Tierra es el hogar de todos nosotros, por lo que nos comprometemos a ayudar a solucionar estos importantes temas.<\/p>\n\n<\/div>\t\t\t<\/div>\n\t\t<\/div>\n\t<\/div>\n\t<\/div>\n\n\n<H2 class=\"c-title-level02 section-subtitle\">Suministro el\u00e9ctrico ecol\u00f3gico para la producci\u00f3n de pel\u00edcula de PVB<\/H2>\n\n<div class=\"c-layout-frame section-flame\">\n\t\t<div class=\"row align-items-center\">\n\t\t<div class=\"col-lg-6 order-lg-1 order-0\">\n\t\t\t<div class=\"feature-img text-center\">\n\t\t\t\t\t\t\t\t<img decoding=\"async\" src=\"https:\/\/www.s-lecfilm.com\/wp-content\/uploads\/Sustainability_solar-1024x687.webp\"  alt=\"Solar panels expanding the use of renewable energy around the world.\">\n\t\t\t\t\t\t\t<\/div>\n\t\t<\/div>\n\t\t<div class=\"col-lg-6 order-lg-0 order-1\">\n\t\t\t<div class=\"feature-cont\">\n\t\t\t\t<div class=\"acf-innerblocks-container\">\n\n<p>En todo el mundo SEKISUI S-LEC se est\u00e1 centrando en aumentar el uso de la energ\u00eda verde. Tanto las plantas de pel\u00edcula intercalaria de PVB como las de resina de PVB de los Pa\u00edses Bajos, China, Tailandia y EE.UU. utilizan ya un 100% de energ\u00eda verde.<\/p>\n\n<\/div>\t\t\t<\/div>\n\t\t<\/div>\n\t<\/div>\n\t<\/div>\n\n\n<H1 class=\"c-title-level02 section-subtitle\">Soluci\u00f3n sostenible a partir de la pel\u00edcula intercalaria de PVB<\/H1>\n\n<div class=\"c-layout-frame section-flame\">\n\t\t<div class=\"row align-items-center\">\n\t\t<div class=\"col-lg-6\">\n\t\t\t<div class=\"feature-img text-center\">\n\t\t\t\t\t\t\t\t<img decoding=\"async\" src=\"https:\/\/www.s-lecfilm.com\/wp-content\/uploads\/Sustainability_green-1024x675.webp\"  alt=\"Various sustainability PVB interlayer solutions that contribute to the environment\">\n\t\t\t\t\t\t\t<\/div>\n\t\t<\/div>\n\t\t<div class=\"col-lg-6\">\n\t\t\t<div class=\"feature-cont\">\n\t\t\t\t<div class=\"acf-innerblocks-container\">\n\n<p>Ofrecemos diversas soluciones de pel\u00edcula intercalaria de PVB que pueden influir positivamente en el medio ambiente. <\/p>\n\n\n\n<p>S-LEC\u2122 Solar Control Film puede mejorar la eficiencia de la climatizaci\u00f3n bloqueando los rayos infrarrojos del sol y reduciendo la necesidad de utilizar aire acondicionado. S-LEC\u2122 Sound Acoustic Film, cuando se combina con vidrio laminado m\u00e1s fino, puede reducir el peso del vidrio al tiempo que refuerza el rendimiento del aislamiento ac\u00fastico, mejora la eficiencia del combustible y reduce el consumo de electricidad en veh\u00edculos el\u00e9ctricos. <\/p>\n\n\n\n<p>Como parte de nuestras pol\u00edticas de sostenibilidad, p\u00f3ngase en contacto con nosotros para obtener m\u00e1s informaci\u00f3n sobre las cifras de emisiones de nuestras soluciones.<\/p>\n\n<\/div>\t\t\t<\/div>\n\t\t<\/div>\n\t<\/div>\n\t<\/div>\n\n\n<H2 class=\"c-title-level02 section-subtitle\">Soluciones para un medio ambiente mejor<\/H2>\n\n\n<p>Dentro de S-LEC\u2122 ofrecemos diversas prestaciones de la pel\u00edcula intercalaria de PVB, como el control ac\u00fastico y solar. <\/p>\n\n\n<div class=\"subtab-flame\">\r\n  <ul class=\"subtab\">\r\n\t\t\t\t\t\t\t\t\t<li class=\"select\"><span>Ahorro de energ\u00eda<\/span><\/li>\r\n\t\t\t\t\t\t\t<li class=\"\"><span>Reducci\u00f3n de ruido<\/span><\/li>\r\n\t\t\t\t\t\t\t<li class=\"\"><span>Veh\u00edculos el\u00e9ctricos<\/span><\/li>\r\n\t\t\t\t\t\t<\/ul>\r\n<\/div>\r\n\r\n\n\n<div class=\"c-subtab-content\">\n\t<div class=\"subicon\">\n\t\t\t\t\t\t\n<div class=\"c-subtab-frame frame py-0\">\n\t\t<div class=\"container\">\n\t\t\t\t\n<div class=\"c-layout-frame section-flame\">\n\t\t<div class=\"row align-items-center\">\n\t\t<div class=\"col-lg-6 order-lg-1 order-0\">\n\t\t\t<div class=\"feature-img text-center\">\n\t\t\t\t\t\t\t\t<img decoding=\"async\" src=\"https:\/\/www.s-lecfilm.com\/wp-content\/uploads\/210901_EBOOK-15_Bridge_75-1024x576.webp\"  alt=\"S-LEC\u2122 Solar Control Film that reduces the temperature in the car and helps energy-saving\">\n\t\t\t\t\t\t\t<\/div>\n\t\t<\/div>\n\t\t<div class=\"col-lg-6 order-lg-0 order-1\">\n\t\t\t<div class=\"feature-cont\">\n\t\t\t\t<div class=\"acf-innerblocks-container\">\n<Div class=\"c-title-level03 feature-cont-title\">\n\t\tAhorro de energ\u00eda<\/Div>\n\n\n\n<p>En el caso de los veh\u00edculos el\u00e9ctricos (VE), cada vez m\u00e1s extendidos en todo el mundo, es importante reducir el consumo de energ\u00eda de otras formas distintas a la mera conducci\u00f3n.<\/p>\n\n\n\n<p>Los parabrisas y ventanillas de cristal IR conservan la energ\u00eda. S-LEC\u2122 Solar Control Film puede reducir la energ\u00eda utilizada por la funci\u00f3n de control solar al enfriar el coche. Mediante pruebas con veh\u00edculos el\u00e9ctricos, SEKISUI S-LEC demostr\u00f3 un ahorro confirmado de hasta el 20% en aire acondicionado, lo que tambi\u00e9n contribuye a ampliar la autonom\u00eda de los veh\u00edculos el\u00e9ctricos.<\/p>\n\n\n\n<p>\u200b<\/p>\n\n\n<div class=\"c-button-type02 feature-cont-btn text-right\">\n\t<a href=\"\/es\/solar-auto\/\" >\n\t\t<button class=\"btn btn-primary is-caret-link\">\n\t\t\t\t\t\t\tConozca m\u00e1s\t\t\t\t\t\t<\/button>\n\t<\/a>\n<\/div>\n\n\n\n<p><\/p>\n\n\n\n<p><\/p>\n\n\n<div class=\"c-button-type01 row justify-content-end\">\n\t<div class=\"col-lg-5 d-brochure-bg-btn is-inner-btn btn-size-medium\">\n\t\t<a href=\"\/es\/download\/SolarE\/\" target=\"_blank\">\n\t\t\t<button type=\"button\" class=\"btn btn-primary\">Descargue el libro electr\u00f3nico<\/button>\n\t\t<\/a>\n\t<\/div>\n<\/div>\n\n<\/div>\t\t\t<\/div>\n\t\t<\/div>\n\t<\/div>\n\t<\/div>\n\n\t<\/div>\n\t<\/div>\n\n\n<div class=\"c-subtab-frame frame py-0\">\n\t\t<div class=\"container\">\n\t\t\t\t\n<div class=\"c-layout-frame section-flame\">\n\t\t<div class=\"row align-items-center\">\n\t\t<div class=\"col-lg-6 order-lg-1 order-0\">\n\t\t\t<div class=\"feature-img text-center\">\n\t\t\t\t\t\t\t\t<img decoding=\"async\" src=\"https:\/\/www.s-lecfilm.com\/wp-content\/uploads\/img_00016-1_1-1024x683.webp\"  alt=\"Noise reduction by S-LEC\u2122 Sound Acoustic Film\">\n\t\t\t\t\t\t\t<\/div>\n\t\t<\/div>\n\t\t<div class=\"col-lg-6 order-lg-0 order-1\">\n\t\t\t<div class=\"feature-cont\">\n\t\t\t\t<div class=\"acf-innerblocks-container\">\n<Div class=\"c-title-level03 feature-cont-title\">\n\t\tReducci\u00f3n de ruido<\/Div>\n\n\n\n<p>S-LEC\u2122 Sound Acoustic Film mejora las prestaciones de aislamiento ac\u00fastico del vidrio laminado, suprimiendo el ruido ambiental para mejorar el confort en aplicaciones de Automotriz y Arquitectura, como el ruido del tr\u00e1fico y del viento para proporcionar un entorno sereno en un mundo ruidoso y aglomerado. S-LEC\u2122 Sound Acoustic Film puede reducir significativamente la contaminaci\u00f3n ac\u00fastica de veh\u00edculos y edificios.<\/p>\n\n\n<div class=\"c-button-type02 feature-cont-btn text-right\">\n\t<a href=\"\/es\/sound-arch\/\" >\n\t\t<button class=\"btn btn-primary is-caret-link\">\n\t\t\t\t\t\t\tConozca m\u00e1s\t\t\t\t\t\t<\/button>\n\t<\/a>\n<\/div>\n\n\n\n<p><\/p>\n\n\n\n<p><\/p>\n\n\n<div class=\"c-button-type01 row justify-content-end\">\n\t<div class=\"col-lg-5 d-brochure-bg-btn is-inner-btn btn-size-medium\">\n\t\t<a href=\"\/es\/download\/ArchG\/\" target=\"_blank\">\n\t\t\t<button type=\"button\" class=\"btn btn-primary\">Descargar folletos<\/button>\n\t\t<\/a>\n\t<\/div>\n<\/div>\n\n<\/div>\t\t\t<\/div>\n\t\t<\/div>\n\t<\/div>\n\t<\/div>\n\n\t<\/div>\n\t<\/div>\n\n\n<div class=\"c-subtab-frame frame py-0\">\n\t\t<div class=\"container\">\n\t\t\t\t\n<div class=\"c-layout-frame section-flame\">\n\t\t<div class=\"row align-items-center\">\n\t\t<div class=\"col-lg-6 order-lg-1 order-0\">\n\t\t\t<div class=\"feature-img text-center\">\n\t\t\t\t\t\t\t\t<img decoding=\"async\" src=\"https:\/\/www.s-lecfilm.com\/wp-content\/uploads\/solar-auto-11_50-1-1024x660.webp\"  alt=\"EV (electric vehicle) that uses functional automotive glass as part of the exterior to differentiate itself\">\n\t\t\t\t\t\t\t<\/div>\n\t\t<\/div>\n\t\t<div class=\"col-lg-6 order-lg-0 order-1\">\n\t\t\t<div class=\"feature-cont\">\n\t\t\t\t<div class=\"acf-innerblocks-container\">\n<Div class=\"c-title-level03 feature-cont-title\">\n\t\tVeh\u00edculos el\u00e9ctricos<\/Div>\n\n\n\n<p>S-LEC\u2122 PVB interlayer film para vidrio laminado puede personalizarse con diversas caracter\u00edsticas. Al tiempo que mantiene la funcionalidad inastillable que cumple las normas de seguridad convencionales, S-LEC\u2122 Film mejora la comodidad del usuario con la reducci\u00f3n del calor, el aislamiento ac\u00fastico y el bloqueo de los rayos ultravioleta. La amplia gama de colores disponibles permite no renunciar al dise\u00f1o, lo que proporciona al usuario una experiencia superior.<\/p>\n\n\n\n<p>\u200b<\/p>\n\n\n\n<p>El vidrio automotriz laminado con pel\u00edcula intercalaria de PVB S-LEC\u2122 tambi\u00e9n contribuir\u00e1 significativamente a la electrificaci\u00f3n en la industria automotriz.<\/p>\n\n\n<div class=\"c-button-type02 feature-cont-btn text-right\">\n\t<a href=\"\/es\/electric-vehicle\/\" >\n\t\t<button class=\"btn btn-primary is-caret-link\">\n\t\t\t\t\t\t\tConozca m\u00e1s\t\t\t\t\t\t<\/button>\n\t<\/a>\n<\/div>\n\n<\/div>\t\t\t<\/div>\n\t\t<\/div>\n\t<\/div>\n\t<\/div>\n\n\t<\/div>\n\t<\/div>\n\n\t<\/div>\n<\/div>\n\n<\/div>\n\n<\/div>\n\n\n\n<div class=\"frame is-bg-img c-more-detail \">\n\t<div class=\"container\">\n\t\t<div class=\"row justify-content-center\">\n\t\t\t<div class=\"col-lg-10\">\n\t\t\t\t<div class=\"row\">\n\t\t\t\t\t<div class=\"col-lg-7 mb-5 mb-lg-0\">\n\t\t\t\t\t\t<div class=\"contact-footer-text\">\n\t\t\t\t\t\t\t\u00bfQuiere saber m\u00e1s?\t\t\t\t\t\t<\/div>\n\t\t\t\t\t\t<div class=\"contact-footer-btn\">\n\t\t\t\t\t\t\t<a href=\"\/es\/download\/all\/\" target=\"_blank\">\n\t\t\t\t\t\t\t\t<button class=\"btn btn-primary fa-download-check\">\n\t\t\t\t\t\t\t\t\t\t\t\t\t\t\t\t\t\t\tDescargas\t\t\t\t\t\t\t\t\t\t\t\t\t\t\t\t\t<\/button>\n\t\t\t\t\t\t\t<\/a>\n\t\t\t\t\t\t\t<a href=\"\/es\/download\/Inquiry\/\" target=\"_blank\">\n\t\t\t\t\t\t\t\t<button class=\"btn btn-primary is-external-link\">\n\t\t\t\t\t\t\t\t\t\t\t\t\t\t\t\t\t\t\tCont\u00e1ctenos\t\t\t\t\t\t\t\t\t\t\t\t\t\t\t\t\t<\/button>\n\t\t\t\t\t\t\t<\/a>\n\t\t\t\t\t\t<\/div>\n\t\t\t\t\t<\/div>\n\t\t\t\t\t<div class=\"col-lg-5\">\n\t\t\t\t\t\t<div class=\"contact-footer-img\">\n\t\t\t\t\t\t\t\t\t\t\t\t\t\t<img decoding=\"async\" src=\"https:\/\/www.s-lecfilm.com\/wp-content\/uploads\/thankyou_hero-1-1-1024x576.webp\" alt=\"Those who want to know more about S-LEC\u2122 Film\">\n\t\t\t\t\t\t\t\t\t\t\t\t\t<\/div>\n\t\t\t\t\t<\/div>\n\t\t\t\t<\/div>\n\t\t\t<\/div>\n\t\t<\/div>\n\t<\/div>\n<\/div>\n","protected":false},"excerpt":{"rendered":"","protected":false},"author":14,"featured_media":0,"parent":0,"menu_order":214,"comment_status":"closed","ping_status":"closed","template":"","meta":{"_acf_changed":false,"_oasis_is_in_workflow":0,"_oasis_original":0,"om_disable_all_campaigns":false,"inline_featured_image":false,"_monsterinsights_skip_tracking":false,"_monsterinsights_sitenote_active":false,"_monsterinsights_sitenote_note":"","_monsterinsights_sitenote_category":0,"footnotes":""},"page_category":[108,130,117],"class_list":["post-19455","page","type-page","status-publish","hentry"],"acf":[],"aioseo_notices":[],"aioseo_head":"\n\t\t<!-- All in One SEO Pro 4.6.2 - aioseo.com -->\n\t\t<meta name=\"description\" content=\"Mejore dr\u00e1sticamente las prestaciones de aislamiento ac\u00fastico del vidrio y proporcione un entorno sereno.\" \/>\n\t\t<meta name=\"robots\" content=\"max-image-preview:large\" \/>\n\t\t<meta name=\"google-site-verification\" content=\"LGoHK3imcI57fEDyHDnPGNxrBKyRAWvyS1_pmekTNEU\" \/>\n\t\t<link rel=\"canonical\" href=\"https:\/\/www.s-lecfilm.com\/es\/sustainability\/\" \/>\n\t\t<meta name=\"generator\" content=\"All in One SEO Pro (AIOSEO) 4.6.2\" \/>\n\t\t<meta property=\"og:locale\" content=\"es_ES\" \/>\n\t\t<meta property=\"og:site_name\" content=\"SEKISUI S-LEC\" \/>\n\t\t<meta property=\"og:type\" content=\"article\" \/>\n\t\t<meta property=\"og:title\" content=\"Sostenibilidad | S-LEC\u2122 PVB interlayer de SEKISUI para vidrio laminado\" \/>\n\t\t<meta property=\"og:description\" content=\"Mejore dr\u00e1sticamente las prestaciones de aislamiento ac\u00fastico del vidrio y proporcione un entorno sereno.\" \/>\n\t\t<meta property=\"og:url\" content=\"https:\/\/www.s-lecfilm.com\/es\/sustainability\/\" \/>\n\t\t<meta property=\"og:image\" content=\"https:\/\/www.s-lecfilm.com\/wp-content\/uploads\/Hero_sustainability.webp\" \/>\n\t\t<meta property=\"og:image:secure_url\" content=\"https:\/\/www.s-lecfilm.com\/wp-content\/uploads\/Hero_sustainability.webp\" \/>\n\t\t<meta property=\"og:image:width\" content=\"1920\" \/>\n\t\t<meta property=\"og:image:height\" content=\"1019\" \/>\n\t\t<meta property=\"article:published_time\" content=\"2023-01-04T01:00:00+00:00\" \/>\n\t\t<meta property=\"article:modified_time\" content=\"2024-09-25T09:21:33+00:00\" \/>\n\t\t<meta name=\"twitter:card\" content=\"summary_large_image\" \/>\n\t\t<meta name=\"twitter:title\" content=\"Sostenibilidad | S-LEC\u2122 PVB interlayer de SEKISUI para vidrio laminado\" \/>\n\t\t<meta name=\"twitter:description\" content=\"Mejore dr\u00e1sticamente las prestaciones de aislamiento ac\u00fastico del vidrio y proporcione un entorno sereno.\" \/>\n\t\t<meta name=\"twitter:image\" content=\"https:\/\/www.s-lecfilm.com\/wp-content\/uploads\/Hero_sustainability.webp\" \/>\n\t\t<script type=\"application\/ld+json\" class=\"aioseo-schema\">\n\t\t\t{\"@context\":\"https:\\\/\\\/schema.org\",\"@graph\":[{\"@type\":\"BreadcrumbList\",\"@id\":\"https:\\\/\\\/www.s-lecfilm.com\\\/es\\\/sustainability\\\/#breadcrumblist\",\"itemListElement\":[{\"@type\":\"ListItem\",\"@id\":\"https:\\\/\\\/www.s-lecfilm.com\\\/es\\\/#listItem\",\"position\":1,\"name\":\"Hogar\",\"item\":\"https:\\\/\\\/www.s-lecfilm.com\\\/es\\\/\",\"nextItem\":\"https:\\\/\\\/www.s-lecfilm.com\\\/es\\\/sustainability\\\/#listItem\"},{\"@type\":\"ListItem\",\"@id\":\"https:\\\/\\\/www.s-lecfilm.com\\\/es\\\/sustainability\\\/#listItem\",\"position\":2,\"name\":\"\\\/es\\\/sustainability\\\/\",\"previousItem\":\"https:\\\/\\\/www.s-lecfilm.com\\\/es\\\/#listItem\"}]},{\"@type\":\"Organization\",\"@id\":\"https:\\\/\\\/www.s-lecfilm.com\\\/es\\\/#organization\",\"name\":\"s-lecfilm\",\"url\":\"https:\\\/\\\/www.s-lecfilm.com\\\/es\\\/\"},{\"@type\":\"WebPage\",\"@id\":\"https:\\\/\\\/www.s-lecfilm.com\\\/es\\\/sustainability\\\/#webpage\",\"url\":\"https:\\\/\\\/www.s-lecfilm.com\\\/es\\\/sustainability\\\/\",\"name\":\"Sostenibilidad | S-LEC\\u2122 PVB interlayer de SEKISUI para vidrio laminado\",\"description\":\"Mejore dr\\u00e1sticamente las prestaciones de aislamiento ac\\u00fastico del vidrio y proporcione un entorno sereno.\",\"inLanguage\":\"es-ES\",\"isPartOf\":{\"@id\":\"https:\\\/\\\/www.s-lecfilm.com\\\/es\\\/#website\"},\"breadcrumb\":{\"@id\":\"https:\\\/\\\/www.s-lecfilm.com\\\/es\\\/sustainability\\\/#breadcrumblist\"},\"datePublished\":\"2023-01-04T10:00:00+09:00\",\"dateModified\":\"2024-09-25T18:21:33+09:00\"},{\"@type\":\"WebSite\",\"@id\":\"https:\\\/\\\/www.s-lecfilm.com\\\/es\\\/#website\",\"url\":\"https:\\\/\\\/www.s-lecfilm.com\\\/es\\\/\",\"name\":\"s-lecfilm\",\"inLanguage\":\"es-ES\",\"publisher\":{\"@id\":\"https:\\\/\\\/www.s-lecfilm.com\\\/es\\\/#organization\"}}]}\n\t\t<\/script>\n\t\t<!-- All in One SEO Pro -->\r\n\t\t<title>Sostenibilidad | S-LEC\u2122 PVB interlayer de SEKISUI para vidrio laminado<\/title>\n\n","aioseo_head_json":{"title":"Sostenibilidad | S-LEC\u2122 PVB interlayer de SEKISUI para vidrio laminado","description":"Mejore dr\u00e1sticamente las prestaciones de aislamiento ac\u00fastico del vidrio y proporcione un entorno sereno.","canonical_url":"https:\/\/www.s-lecfilm.com\/es\/sustainability\/","robots":"max-image-preview:large","keywords":"","webmasterTools":{"google-site-verification":"LGoHK3imcI57fEDyHDnPGNxrBKyRAWvyS1_pmekTNEU","miscellaneous":""},"og:locale":"es_ES","og:site_name":"SEKISUI S-LEC","og:type":"article","og:title":"Sostenibilidad | S-LEC\u2122 PVB interlayer de SEKISUI para vidrio laminado","og:description":"Mejore dr\u00e1sticamente las prestaciones de aislamiento ac\u00fastico del vidrio y proporcione un entorno sereno.","og:url":"https:\/\/www.s-lecfilm.com\/es\/sustainability\/","og:image":"https:\/\/www.s-lecfilm.com\/wp-content\/uploads\/Hero_sustainability.webp","og:image:secure_url":"https:\/\/www.s-lecfilm.com\/wp-content\/uploads\/Hero_sustainability.webp","og:image:width":1920,"og:image:height":1019,"article:published_time":"2023-01-04T01:00:00+00:00","article:modified_time":"2024-09-25T09:21:33+00:00","twitter:card":"summary_large_image","twitter:title":"Sostenibilidad | S-LEC\u2122 PVB interlayer de SEKISUI para vidrio laminado","twitter:description":"Mejore dr\u00e1sticamente las prestaciones de aislamiento ac\u00fastico del vidrio y proporcione un entorno sereno.","twitter:image":"https:\/\/www.s-lecfilm.com\/wp-content\/uploads\/Hero_sustainability.webp","schema":{"@context":"https:\/\/schema.org","@graph":[{"@type":"BreadcrumbList","@id":"https:\/\/www.s-lecfilm.com\/es\/sustainability\/#breadcrumblist","itemListElement":[{"@type":"ListItem","@id":"https:\/\/www.s-lecfilm.com\/es\/#listItem","position":1,"name":"Hogar","item":"https:\/\/www.s-lecfilm.com\/es\/","nextItem":"https:\/\/www.s-lecfilm.com\/es\/sustainability\/#listItem"},{"@type":"ListItem","@id":"https:\/\/www.s-lecfilm.com\/es\/sustainability\/#listItem","position":2,"name":"\/es\/sustainability\/","previousItem":"https:\/\/www.s-lecfilm.com\/es\/#listItem"}]},{"@type":"Organization","@id":"https:\/\/www.s-lecfilm.com\/es\/#organization","name":"s-lecfilm","url":"https:\/\/www.s-lecfilm.com\/es\/"},{"@type":"WebPage","@id":"https:\/\/www.s-lecfilm.com\/es\/sustainability\/#webpage","url":"https:\/\/www.s-lecfilm.com\/es\/sustainability\/","name":"Sostenibilidad | S-LEC\u2122 PVB interlayer de SEKISUI para vidrio laminado","description":"Mejore dr\u00e1sticamente las prestaciones de aislamiento ac\u00fastico del vidrio y proporcione un entorno sereno.","inLanguage":"es-ES","isPartOf":{"@id":"https:\/\/www.s-lecfilm.com\/es\/#website"},"breadcrumb":{"@id":"https:\/\/www.s-lecfilm.com\/es\/sustainability\/#breadcrumblist"},"datePublished":"2023-01-04T10:00:00+09:00","dateModified":"2024-09-25T18:21:33+09:00"},{"@type":"WebSite","@id":"https:\/\/www.s-lecfilm.com\/es\/#website","url":"https:\/\/www.s-lecfilm.com\/es\/","name":"s-lecfilm","inLanguage":"es-ES","publisher":{"@id":"https:\/\/www.s-lecfilm.com\/es\/#organization"}}]}},"aioseo_meta_data":{"post_id":"19455","title":"Sostenibilidad | S-LEC\u2122 PVB interlayer de SEKISUI para vidrio laminado","description":"Mejore dr\u00e1sticamente las prestaciones de aislamiento ac\u00fastico del vidrio y proporcione un entorno sereno.","keywords":null,"keyphrases":"{\"focus\":{\"keyphrase\":\"\",\"score\":0,\"analysis\":{\"keyphraseInTitle\":{\"score\":0,\"maxScore\":9,\"error\":1}}},\"additional\":[]}","primary_term":null,"canonical_url":null,"og_title":null,"og_description":null,"og_object_type":"default","og_image_type":"custom_image","og_image_url":"https:\/\/www.s-lecfilm.com\/wp-content\/uploads\/Hero_sustainability.webp","og_image_width":"1920","og_image_height":"1019","og_image_custom_url":"https:\/\/www.s-lecfilm.com\/wp-content\/uploads\/Hero_sustainability.webp","og_image_custom_fields":null,"og_video":"","og_custom_url":null,"og_article_section":null,"og_article_tags":null,"twitter_use_og":false,"twitter_card":"default","twitter_image_type":"custom_image","twitter_image_url":"https:\/\/www.s-lecfilm.com\/wp-content\/uploads\/Hero_sustainability.webp","twitter_image_custom_url":"https:\/\/www.s-lecfilm.com\/wp-content\/uploads\/Hero_sustainability.webp","twitter_image_custom_fields":null,"twitter_title":null,"twitter_description":null,"schema":{"blockGraphs":[],"customGraphs":[],"default":{"data":{"Article":[],"Course":[],"Dataset":[],"FAQPage":[],"Movie":[],"Person":[],"Product":[],"Recipe":[],"Service":[],"SoftwareApplication":[],"WebPage":[]},"graphName":"WebPage","isEnabled":true},"graphs":[]},"schema_type":"default","schema_type_options":null,"pillar_content":false,"robots_default":true,"robots_noindex":false,"robots_noarchive":false,"robots_nosnippet":false,"robots_nofollow":false,"robots_noimageindex":false,"robots_noodp":false,"robots_notranslate":false,"robots_max_snippet":"-1","robots_max_videopreview":"-1","robots_max_imagepreview":"large","priority":null,"frequency":"default","local_seo":null,"limit_modified_date":false,"reviewed_by":null,"open_ai":{"title":{"suggestions":[],"usage":0},"description":{"suggestions":[],"usage":0}},"created":"2024-03-20 22:46:28","updated":"2024-09-25 09:21:33"},"aioseo_breadcrumb":"<div class=\"aioseo-breadcrumbs\"><span class=\"aioseo-breadcrumb\">\n\t<a href=\"https:\/\/www.s-lecfilm.com\/es\/\" title=\"\u30db\u30fc\u30e0\">\u30db\u30fc\u30e0<\/a>\n<\/span><span class=\"aioseo-breadcrumb-separator\">&raquo;<\/span><span class=\"aioseo-breadcrumb\">\n\t\/es\/sustainability\/\n<\/span><\/div>","aioseo_breadcrumb_json":[{"label":"\u30db\u30fc\u30e0","link":"https:\/\/www.s-lecfilm.com\/es\/"},{"label":"\/es\/sustainability\/","link":"https:\/\/www.s-lecfilm.com\/es\/sustainability\/"}],"_links":{"self":[{"href":"https:\/\/www.s-lecfilm.com\/es\/wp-json\/wp\/v2\/pages\/19455"}],"collection":[{"href":"https:\/\/www.s-lecfilm.com\/es\/wp-json\/wp\/v2\/pages"}],"about":[{"href":"https:\/\/www.s-lecfilm.com\/es\/wp-json\/wp\/v2\/types\/page"}],"author":[{"embeddable":true,"href":"https:\/\/www.s-lecfilm.com\/es\/wp-json\/wp\/v2\/users\/14"}],"replies":[{"embeddable":true,"href":"https:\/\/www.s-lecfilm.com\/es\/wp-json\/wp\/v2\/comments?post=19455"}],"version-history":[{"count":20,"href":"https:\/\/www.s-lecfilm.com\/es\/wp-json\/wp\/v2\/pages\/19455\/revisions"}],"predecessor-version":[{"id":26055,"href":"https:\/\/www.s-lecfilm.com\/es\/wp-json\/wp\/v2\/pages\/19455\/revisions\/26055"}],"wp:attachment":[{"href":"https:\/\/www.s-lecfilm.com\/es\/wp-json\/wp\/v2\/media?parent=19455"}],"wp:term":[{"taxonomy":"page_category","embeddable":true,"href":"https:\/\/www.s-lecfilm.com\/es\/wp-json\/wp\/v2\/page_category?post=19455"}],"curies":[{"name":"wp","href":"https:\/\/api.w.org\/{rel}","templated":true}]}}