{"id":18130,"date":"2023-10-05T15:31:40","date_gmt":"2023-10-05T06:31:40","guid":{"rendered":"https:\/\/www.s-lecfilm.com\/en-news\/en-news-hud-solar\/"},"modified":"2024-09-26T10:36:11","modified_gmt":"2024-09-26T01:36:11","slug":"en-news-hud-solar","status":"publish","type":"page","link":"https:\/\/www.s-lecfilm.com\/es\/news\/HUD-solar\/","title":{"rendered":"\/es\/news\/HUD-solar\/"},"content":{"rendered":"<div class=\"frame pt-0\" style=\"clear: both;\">\n\t<div class=\"hero-flame\" style=\"height:62vh;margin:0;\">\n\t\t<div class=\"hero-flame-bg\">\n\t\t\t<img loading=\"lazy\" decoding=\"async\" class=\"hero-flame-bg-img\" src=\"https:\/\/www.s-lecfilm.com\/wp-content\/uploads\/HUD-solar_hero.webp\" width=\"1920\" height=\"1281\" alt=\"A woman experiences a projected image by S-LEC\u2122 Wedge-shaped Interlayer for a head-up display\" style=\"object-position:0% 75%;\">\n\t\t<\/div>\n\t\t<div class=\"hero-flame-content\">\n\t\t\t\t\t\t\t<div class=\"hero-text\">\n\t\t\t\t\t<div class=\"hero-text-title\">\n\t\t\t\t\t\tSoluciones para Head-up Display<br>mediante la funci\u00f3n Control solar\t\t\t\t\t<\/div>\n\t\t\t\t\t\t\t\t\t<\/div>\n\t\t\t\t<\/div>\n\t<\/div>\n<\/div>\n\n<div class=\"frame pt-0 pb-0\">\n\t\n<div class=\"container pb-0 mb-0\">\n\t\n<H2 class=\"c-title-level02 section-subtitle\">S-LEC\u2122 Wedge Shaped Film para Head-up Display<\/H2>\n\n<div class=\"container\">\r\n\t<div class=\"container\">\r\n\t\t<div class=\"section-flame\">\r\n\t\t\t<div class=\"row justify-content-end align-items-center\">\r\n\t\t\t\t\t\t\t\t\t<div class=\"col-lg-6 order-0\">\r\n\t\t\t\t\t\t<div class=\"youtube_wrap\">\n\t<div class=\"youtube_area un_youtube_area\">\n\t\t<script src=\"https:\/\/www.youtube.com\/iframe_api\"><\/script>\n\t\t<iframe loading=\"lazy\" data-cookieconsent=\"necessary\" width=\"560\" height=\"315\" src=\"\/\/www.youtube.com\/embed\/F-mM9m-Aw7g?enablejsapi=1&amp;origin=https%3A%2F%2Fwww.s-lecfilm.com\" title=\"\" frameborder=\"0\" allow=\"accelerometer; autoplay; clipboard-write; encrypted-media; gyroscope; picture-in-picture\" allowfullscreen=\"\" data-gtm-yt-inspected-7440638_38=\"true\" id=\"900282223\"><\/iframe>\n\t<\/div>\n<\/div>\n\t\t\t\t\t<\/div>\r\n\t\t\t\t\t<div class=\"col-lg-6 order-1\">\r\n\t\t\t\t\t\t<div class=\"feature-cont\">\n\t<div class=\"feature-cont-title\"><\/div>\n\t<div class=\"feature-cont-text\">\n\t\tUn Head-up Display (HUD) es un sistema de conducci\u00f3n segura que proyecta informaci\u00f3n en el parabrisas, delante del asiento del conductor, como la velocidad de conducci\u00f3n, el carril y la navegaci\u00f3n, y otra informaci\u00f3n importante sobre la conducci\u00f3n. Los HUD se adoptan cada vez m\u00e1s para aumentar la seguridad en situaciones de conducci\u00f3n que requieren decisiones instant\u00e1neas y para reducir la fatiga al disminuir el movimiento ocular del conductor.<br \/>\n<br \/>\nCon un parabrisas est\u00e1ndar, el problema se produce cuando la imagen del HUD aparece como una imagen doble debido a la refracci\u00f3n de la luz, lo que reduce la visibilidad. Para proyectar im\u00e1genes con nitidez, es necesario controlar con precisi\u00f3n la refracci\u00f3n de la luz.<br \/>\n<br \/>\nS-LEC\u2122 Wedge Shaped Film controla la refracci\u00f3n de la luz con gran precisi\u00f3n formando la capa intermedia en forma de cu\u00f1a para mostrar la imagen proyectada desde la unidad HUD en el parabrisas.\t<\/div>\n<\/div>\n<div class=\"row d-brochure-bg-btn-wrap justify-content-end with-accent align-items-center mt-4 mx-0\">\n\t\t<div class=\"col-lg-5 d-brochure-bg-btn is-inner-btn with-accent\">\n\t\t\t<\/div>\n<\/div>\t\t\t\t\t<\/div>\r\n\t\t\t\t\t\t\t<\/div>\r\n\t\t<\/div>\r\n\t<\/div>\r\n<\/div>\r\n\n\n\n<p><\/p>\n\n\n&nbsp;\n\n\n<p><\/p>\n\n\n<H2 class=\"c-title-level02 section-subtitle\">Combinaci\u00f3n con funci\u00f3n de control solar<\/H2>\n\n<div class=\"c-layout-frame section-flame\">\n\t\t<div class=\"row align-items-center\">\n\t\t<div class=\"col-lg-6 order-lg-1 order-0\">\n\t\t\t<div class=\"feature-img text-left\">\n\t\t\t\t\t\t\t\t<img decoding=\"async\" src=\"https:\/\/www.s-lecfilm.com\/wp-content\/uploads\/solar-lineup_en_02-1-1024x620.webp\"  alt=\"Diagram of S-LEC\u2122 Solar Control Film blocking infrared and UV light\">\n\t\t\t\t\t\t\t<\/div>\n\t\t<\/div>\n\t\t<div class=\"col-lg-6 order-lg-0 order-1\">\n\t\t\t<div class=\"feature-cont\">\n\t\t\t\t<div class=\"acf-innerblocks-container\">\n\n<p>Ofrecemos una combinaci\u00f3n de S-LEC\u2122 Wedge Shaped Film y funci\u00f3n de Control solar.<\/p>\n\n\n\n<p>S-LEC\u2122 Wedge Shaped Film con funci\u00f3n de Control solar bloquea los rayos infrarrojos y ultravioleta (UV) al tiempo que permite el paso de la luz visible para una visi\u00f3n clara. As\u00ed se mantiene fresco el interior y se protege al conductor y a los pasajeros de las luces del sol.<\/p>\n\n\n\n<p>S-LEC\u2122 Wedge Shaped Film con funci\u00f3n de Control solar proporciona una imagen de proyecci\u00f3n HUD clara para un entorno de conducci\u00f3n seguro y c\u00f3modo.<\/p>\n\n<\/div>\t\t\t<\/div>\n\t\t<\/div>\n\t<\/div>\n\t<\/div>\n\n\n<H1 class=\"c-title-level02 section-subtitle\">Soluciones para Head-up Display<\/H1>\n\n<div class=\"c-layout-frame section-flame\">\n\t\t<div class=\"row align-items-center\">\n\t\t<div class=\"col-lg-6\">\n\t\t\t<div class=\"feature-img text-left\">\n\t\t\t\t\t\t\t\t<img decoding=\"async\" src=\"https:\/\/www.s-lecfilm.com\/wp-content\/uploads\/shutterstock_1898014777-1024x683.webp\"  alt=\"Solutions to protect HUD units from sunlight\">\n\t\t\t\t\t\t\t<\/div>\n\t\t<\/div>\n\t\t<div class=\"col-lg-6\">\n\t\t\t<div class=\"feature-cont\">\n\t\t\t\t<div class=\"acf-innerblocks-container\">\n<Div class=\"c-title-level03 feature-cont-title\">\n\t\tProtege la unidad HUD de la luz solar.<\/Div>\n\n\n\n<p>Una unidad HUD consta de un proyector de luz, espejos c\u00f3ncavos y reflectantes, y una placa transparente llamada trampa de reflejos, todo ello dise\u00f1ado para encajar dentro del tablero del coche.<\/p>\n\n\n\n<p>La unidad HUD est\u00e1 expuesta a mucha luz solar. En los \u00faltimos a\u00f1os han llamado la atenci\u00f3n los dispositivos de realidad aumentada (AR-HUD) que proyectan grandes im\u00e1genes. La unidad HUD es cada vez m\u00e1s grande para proyectar m\u00e1s informaci\u00f3n sobre un \u00e1rea m\u00e1s amplia, y existe la preocupaci\u00f3n de que se produzcan da\u00f1os en la unidad HUD debido a la captaci\u00f3n de calor de la luz solar.<\/p>\n\n\n\n<p>S-LEC\u2122 Wedge Shaped Film con funci\u00f3n de control solar reduce el efecto de la luz solar y la carga en la unidad HUD. Las pruebas de laboratorio realizadas por SEKISUI S-LEC y sus socios han confirmado que S-LEC\u2122 Wedge Shaped Film con funci\u00f3n de Control solar reduce el aumento de temperatura en TFT en la unidad HUD en 7 \u00b0 C en comparaci\u00f3n con un parabrisas est\u00e1ndar.<\/p>\n\n<\/div>\t\t\t<\/div>\n\t\t<\/div>\n\t<\/div>\n\t<\/div>\n\n\n<div class=\"c-layout-frame section-flame\">\n\t\t<div class=\"row align-items-center\">\n\t\t<div class=\"col-lg-6 order-lg-1 order-0\">\n\t\t\t<div class=\"feature-img text-left\">\n\t\t\t\t\t\t\t\t<img decoding=\"async\" src=\"https:\/\/www.s-lecfilm.com\/wp-content\/uploads\/3de2b61b0d868df4fa7316c1afbd6aa6-1024x897.webp\"  alt=\"Heat shielding function without metal coating\">\n\t\t\t\t\t\t\t<\/div>\n\t\t<\/div>\n\t\t<div class=\"col-lg-6 order-lg-0 order-1\">\n\t\t\t<div class=\"feature-cont\">\n\t\t\t\t<div class=\"acf-innerblocks-container\">\n<Div class=\"c-title-level03 feature-cont-title\">\n\t\tFunci\u00f3n de control solar sin revestimiento met\u00e1lico<\/Div>\n\n\n\n<p>Cuando se proyectan im\u00e1genes HUD sobre un cristal con revestimiento met\u00e1lico, la imagen proyectada HUD puede aparecer borrosa debido a la reflexi\u00f3n de la luz de la capa de revestimiento, o el revestimiento met\u00e1lico puede impedir la transmisi\u00f3n de radio.<\/p>\n\n\n\n<p>S-LEC\u2122 Wedge Shaped Film con funci\u00f3n de control solar bloquea los rayos infrarrojos de la luz solar como fuente de calor mediante la dispersi\u00f3n de part\u00edculas de corte IR en la pel\u00edcula intercalaria de PVB, no afecta a la imagen proyectada del HUD, dando como resultado una imagen clara. Adem\u00e1s, S-LEC\u2122 Wedge Shaped Film con funci\u00f3n de Control solar no bloquea las ondas de radio y permite la transmisi\u00f3n de ondas de radio en la mayor\u00eda de las bandas de frecuencia. Conductores y pasajeros pueden utilizar c\u00f3modamente llamadas de m\u00f3vil y dispositivos como el ETC en el coche sin comprometer el entorno de comunicaci\u00f3n.<\/p>\n\n\n\n<p>La soluci\u00f3n de SEKISUI S-LEC consigue una imagen de proyecci\u00f3n HUD n\u00edtida y una conducci\u00f3n c\u00f3moda sin bloqueo de ondas de radio.<\/p>\n\n<\/div>\t\t\t<\/div>\n\t\t<\/div>\n\t<\/div>\n\t<\/div>\n\n\n<div class=\"c-layout-frame section-flame\">\n\t\t<div class=\"row align-items-center\">\n\t\t<div class=\"col-lg-6\">\n\t\t\t<div class=\"feature-img text-left\">\n\t\t\t\t\t\t\t\t<img decoding=\"async\" src=\"https:\/\/www.s-lecfilm.com\/wp-content\/uploads\/HUD-solar_contents1-1024x683.webp\"  alt=\"A car kept at a comfortable temperature with a heat shielding function in the S-LEC\u2122 Film\">\n\t\t\t\t\t\t\t<\/div>\n\t\t<\/div>\n\t\t<div class=\"col-lg-6\">\n\t\t\t<div class=\"feature-cont\">\n\t\t\t\t<div class=\"acf-innerblocks-container\">\n<Div class=\"c-title-level03 feature-cont-title\">\n\t\tConfort t\u00e9rmico<\/Div>\n\n\n\n<p>Una prueba realizada en un veh\u00edculo en la que se compararon vidrios est\u00e1ndar y S-LEC\u2122 Solar Control Film en el mismo veh\u00edculo ha confirmado que S-LEC\u2122 Solar Control Film reduce la temperatura un m\u00e1ximo de 7 \u00b0C.<\/p>\n\n\n\n<p>S-LEC\u2122 Solar Control Film reduce eficazmente el calor en las longitudes de onda de 1550 nm del espectro, donde la piel humana es m\u00e1s sensible al calor. En una encuesta en la que se compar\u00f3 el confort t\u00e9rmico del vidrio laminado est\u00e1ndar y S-LEC\u2122 Solar Control Film, el 94% de los encuestados afirm\u00f3 que la reducci\u00f3n del calor se nota de forma significativa.<\/p>\n\n\n\n<p>S-LEC\u2122 Wedge Shaped Film con funci\u00f3n de control solar reduce el aumento de temperatura causado por la luz solar y mantiene el interior del veh\u00edculo m\u00e1s confortable independientemente del calor exterior.<\/p>\n\n<\/div>\t\t\t<\/div>\n\t\t<\/div>\n\t<\/div>\n\t<\/div>\n\n\n<H2 class=\"c-title-level02 section-subtitle\">Nuestros servicios para su desarrollo<\/H2>\n\n<div class=\"c-layout-frame section-flame\">\n\t\t<div class=\"row align-items-center\">\n\t\t<div class=\"col-lg-6 order-lg-1 order-0\">\n\t\t\t<div class=\"feature-img text-center\">\n\t\t\t\t\t\t\t\t<img decoding=\"async\" src=\"https:\/\/www.s-lecfilm.com\/wp-content\/uploads\/shutterstock_2076774124-1024x576-1-1-1-1024x576.webp\"  alt=\"Glass development support from project design and proposes optimal solutions\">\n\t\t\t\t\t\t\t<\/div>\n\t\t<\/div>\n\t\t<div class=\"col-lg-6 order-lg-0 order-1\">\n\t\t\t<div class=\"feature-cont\">\n\t\t\t\t<div class=\"acf-innerblocks-container\">\n\n<p>Le ofrecemos nuestros flexibles servicios y posibilidades de personalizaci\u00f3n. Incluya a nuestro equipo de consultores en la fase de dise\u00f1o de su proyecto. De este modo, podemos ayudarle a desarrollar una soluci\u00f3n a medida que se adapte a sus necesidades. Con nuestros m\u00faltiples centros de producci\u00f3n en todo el mundo, siempre hay una oportunidad de presentarle a uno de nuestros expertos m\u00e1s cercanos.<\/p>\n\n\n\n<p>P\u00f3ngase en contacto con nosotros si desea saber m\u00e1s sobre nuestras soluciones.<\/p>\n\n\n\n<ul class=\"wp-block-list\">\n<li>Detalles sobre nuestras soluciones o productos<\/li>\n\n\n\n<li>Solicitud de muestras<\/li>\n\n\n\n<li>Colaboraci\u00f3n con SEKISUI S-LEC<\/li>\n\n\n\n<li>Apoyo comercial para su empresa<\/li>\n\n\n\n<li>Asistencia t\u00e9cnica para su desarrollo<\/li>\n\n\n\n<li>Consideraci\u00f3n en su proyecto<\/li>\n<\/ul>\n\n\n<div class=\"c-button-type01 row justify-content-center\">\n\t<div class=\"col-lg-5 d-brochure-bg-btn is-inner-btn btn-size-medium\">\n\t\t<a href=\"\/es\/download\/Inquiry\/\" target=\"_blank\">\n\t\t\t<button type=\"button\" class=\"btn btn-primary\">Cont\u00e1ctenos<\/button>\n\t\t<\/a>\n\t<\/div>\n<\/div>\n\n<\/div>\t\t\t<\/div>\n\t\t<\/div>\n\t<\/div>\n\t<\/div>\n\n<\/div>\n\n<\/div>\n\n\n\n<div class=\"frame is-bg-img c-more-detail \">\n\t<div class=\"container\">\n\t\t<div class=\"row justify-content-center\">\n\t\t\t<div class=\"col-lg-10\">\n\t\t\t\t<div class=\"row\">\n\t\t\t\t\t<div class=\"col-lg-7 mb-5 mb-lg-0\">\n\t\t\t\t\t\t<div class=\"contact-footer-text\">\n\t\t\t\t\t\t\t\u00bfQuiere saber m\u00e1s?\t\t\t\t\t\t<\/div>\n\t\t\t\t\t\t<div class=\"contact-footer-btn\">\n\t\t\t\t\t\t\t<a href=\"\/es\/download\/all\/\" target=\"_blank\">\n\t\t\t\t\t\t\t\t<button class=\"btn btn-primary fa-download-check\">\n\t\t\t\t\t\t\t\t\t\t\t\t\t\t\t\t\t\t\tDescargas\t\t\t\t\t\t\t\t\t\t\t\t\t\t\t\t\t<\/button>\n\t\t\t\t\t\t\t<\/a>\n\t\t\t\t\t\t\t<a href=\"\/es\/download\/Inquiry\/\" target=\"_blank\">\n\t\t\t\t\t\t\t\t<button class=\"btn btn-primary is-external-link\">\n\t\t\t\t\t\t\t\t\t\t\t\t\t\t\t\t\t\t\tCont\u00e1ctenos\t\t\t\t\t\t\t\t\t\t\t\t\t\t\t\t\t<\/button>\n\t\t\t\t\t\t\t<\/a>\n\t\t\t\t\t\t<\/div>\n\t\t\t\t\t<\/div>\n\t\t\t\t\t<div class=\"col-lg-5\">\n\t\t\t\t\t\t<div class=\"contact-footer-img\">\n\t\t\t\t\t\t\t\t\t\t\t\t\t\t<img decoding=\"async\" src=\"https:\/\/www.s-lecfilm.com\/wp-content\/uploads\/thankyou_hero-1-1-1024x576.webp\" alt=\"Those who want to know more about S-LEC\u2122 Film\">\n\t\t\t\t\t\t\t\t\t\t\t\t\t<\/div>\n\t\t\t\t\t<\/div>\n\t\t\t\t<\/div>\n\t\t\t<\/div>\n\t\t<\/div>\n\t<\/div>\n<\/div>\n","protected":false},"excerpt":{"rendered":"","protected":false},"author":14,"featured_media":0,"parent":17042,"menu_order":76,"comment_status":"closed","ping_status":"closed","template":"","meta":{"_acf_changed":false,"_oasis_is_in_workflow":0,"_oasis_original":0,"om_disable_all_campaigns":false,"inline_featured_image":false,"_monsterinsights_skip_tracking":false,"_monsterinsights_sitenote_active":false,"_monsterinsights_sitenote_note":"","_monsterinsights_sitenote_category":0,"footnotes":""},"page_category":[117],"class_list":["post-18130","page","type-page","status-publish","hentry"],"acf":[],"aioseo_notices":[],"aioseo_head":"\n\t\t<!-- All in One SEO Pro 4.6.2 - aioseo.com -->\n\t\t<meta name=\"description\" content=\"S-LEC\u2122 Wedge Shaped Film con funci\u00f3n de control solar protege la unidad HUD de la luz solar, proporcionando una imagen proyectada HUD clara y comodidad.\" \/>\n\t\t<meta name=\"robots\" content=\"max-image-preview:large\" \/>\n\t\t<meta name=\"google-site-verification\" content=\"LGoHK3imcI57fEDyHDnPGNxrBKyRAWvyS1_pmekTNEU\" \/>\n\t\t<link rel=\"canonical\" href=\"https:\/\/www.s-lecfilm.com\/es\/news\/HUD-solar\/\" \/>\n\t\t<meta name=\"generator\" content=\"All in One SEO Pro (AIOSEO) 4.6.2\" \/>\n\t\t<meta property=\"og:locale\" content=\"es_ES\" \/>\n\t\t<meta property=\"og:site_name\" content=\"SEKISUI S-LEC\" \/>\n\t\t<meta property=\"og:type\" content=\"article\" \/>\n\t\t<meta property=\"og:title\" content=\"Soluciones para Head-Up Displays mediante la funci\u00f3n de control solar\" \/>\n\t\t<meta property=\"og:description\" content=\"S-LEC\u2122 Wedge Shaped Film con funci\u00f3n de control solar protege la unidad HUD de la luz solar, proporcionando una imagen proyectada HUD clara y comodidad.\" \/>\n\t\t<meta property=\"og:url\" content=\"https:\/\/www.s-lecfilm.com\/es\/news\/HUD-solar\/\" \/>\n\t\t<meta property=\"og:image\" content=\"https:\/\/www.s-lecfilm.com\/wp-content\/uploads\/HUD_contents_equipment-1.webp\" \/>\n\t\t<meta property=\"og:image:secure_url\" content=\"https:\/\/www.s-lecfilm.com\/wp-content\/uploads\/HUD_contents_equipment-1.webp\" \/>\n\t\t<meta property=\"og:image:width\" content=\"1200\" \/>\n\t\t<meta property=\"og:image:height\" content=\"801\" \/>\n\t\t<meta property=\"article:published_time\" content=\"2023-10-05T06:31:40+00:00\" \/>\n\t\t<meta property=\"article:modified_time\" content=\"2024-09-26T01:36:11+00:00\" \/>\n\t\t<meta name=\"twitter:card\" content=\"summary_large_image\" \/>\n\t\t<meta name=\"twitter:title\" content=\"Soluciones para Head-Up Displays mediante la funci\u00f3n de control solar\" \/>\n\t\t<meta name=\"twitter:description\" content=\"S-LEC\u2122 Wedge Shaped Film con funci\u00f3n de control solar protege la unidad HUD de la luz solar, proporcionando una imagen proyectada HUD clara y comodidad.\" \/>\n\t\t<meta name=\"twitter:image\" content=\"https:\/\/www.s-lecfilm.com\/wp-content\/uploads\/2023\/01\/Open-Graph-Image.png\" \/>\n\t\t<script type=\"application\/ld+json\" class=\"aioseo-schema\">\n\t\t\t{\"@context\":\"https:\\\/\\\/schema.org\",\"@graph\":[{\"@type\":\"BreadcrumbList\",\"@id\":\"https:\\\/\\\/www.s-lecfilm.com\\\/es\\\/news\\\/HUD-solar\\\/#breadcrumblist\",\"itemListElement\":[{\"@type\":\"ListItem\",\"@id\":\"https:\\\/\\\/www.s-lecfilm.com\\\/es\\\/#listItem\",\"position\":1,\"name\":\"Hogar\",\"item\":\"https:\\\/\\\/www.s-lecfilm.com\\\/es\\\/\",\"nextItem\":\"https:\\\/\\\/www.s-lecfilm.com\\\/es\\\/news\\\/#listItem\"},{\"@type\":\"ListItem\",\"@id\":\"https:\\\/\\\/www.s-lecfilm.com\\\/es\\\/news\\\/#listItem\",\"position\":2,\"name\":\"\\\/es\\\/news\\\/\",\"item\":\"https:\\\/\\\/www.s-lecfilm.com\\\/es\\\/news\\\/\",\"nextItem\":\"https:\\\/\\\/www.s-lecfilm.com\\\/es\\\/news\\\/HUD-solar\\\/#listItem\",\"previousItem\":\"https:\\\/\\\/www.s-lecfilm.com\\\/es\\\/#listItem\"},{\"@type\":\"ListItem\",\"@id\":\"https:\\\/\\\/www.s-lecfilm.com\\\/es\\\/news\\\/HUD-solar\\\/#listItem\",\"position\":3,\"name\":\"\\\/es\\\/news\\\/HUD-solar\\\/\",\"previousItem\":\"https:\\\/\\\/www.s-lecfilm.com\\\/es\\\/news\\\/#listItem\"}]},{\"@type\":\"Organization\",\"@id\":\"https:\\\/\\\/www.s-lecfilm.com\\\/es\\\/#organization\",\"name\":\"s-lecfilm\",\"url\":\"https:\\\/\\\/www.s-lecfilm.com\\\/es\\\/\"},{\"@type\":\"WebPage\",\"@id\":\"https:\\\/\\\/www.s-lecfilm.com\\\/es\\\/news\\\/HUD-solar\\\/#webpage\",\"url\":\"https:\\\/\\\/www.s-lecfilm.com\\\/es\\\/news\\\/HUD-solar\\\/\",\"name\":\"Soluciones para Head-Up Displays mediante la funci\\u00f3n de control solar\",\"description\":\"S-LEC\\u2122 Wedge Shaped Film con funci\\u00f3n de control solar protege la unidad HUD de la luz solar, proporcionando una imagen proyectada HUD clara y comodidad.\",\"inLanguage\":\"es-ES\",\"isPartOf\":{\"@id\":\"https:\\\/\\\/www.s-lecfilm.com\\\/es\\\/#website\"},\"breadcrumb\":{\"@id\":\"https:\\\/\\\/www.s-lecfilm.com\\\/es\\\/news\\\/HUD-solar\\\/#breadcrumblist\"},\"datePublished\":\"2023-10-05T15:31:40+09:00\",\"dateModified\":\"2024-09-26T10:36:11+09:00\"},{\"@type\":\"WebSite\",\"@id\":\"https:\\\/\\\/www.s-lecfilm.com\\\/es\\\/#website\",\"url\":\"https:\\\/\\\/www.s-lecfilm.com\\\/es\\\/\",\"name\":\"s-lecfilm\",\"inLanguage\":\"es-ES\",\"publisher\":{\"@id\":\"https:\\\/\\\/www.s-lecfilm.com\\\/es\\\/#organization\"}}]}\n\t\t<\/script>\n\t\t<!-- All in One SEO Pro -->\r\n\t\t<title>Soluciones para Head-Up Displays mediante la funci\u00f3n de control solar<\/title>\n\n","aioseo_head_json":{"title":"Soluciones para Head-Up Displays mediante la funci\u00f3n de control solar","description":"S-LEC\u2122 Wedge Shaped Film con funci\u00f3n de control solar protege la unidad HUD de la luz solar, proporcionando una imagen proyectada HUD clara y comodidad.","canonical_url":"https:\/\/www.s-lecfilm.com\/es\/news\/HUD-solar\/","robots":"max-image-preview:large","keywords":"","webmasterTools":{"google-site-verification":"LGoHK3imcI57fEDyHDnPGNxrBKyRAWvyS1_pmekTNEU","miscellaneous":""},"og:locale":"es_ES","og:site_name":"SEKISUI S-LEC","og:type":"article","og:title":"Soluciones para Head-Up Displays mediante la funci\u00f3n de control solar","og:description":"S-LEC\u2122 Wedge Shaped Film con funci\u00f3n de control solar protege la unidad HUD de la luz solar, proporcionando una imagen proyectada HUD clara y comodidad.","og:url":"https:\/\/www.s-lecfilm.com\/es\/news\/HUD-solar\/","og:image":"https:\/\/www.s-lecfilm.com\/wp-content\/uploads\/HUD_contents_equipment-1.webp","og:image:secure_url":"https:\/\/www.s-lecfilm.com\/wp-content\/uploads\/HUD_contents_equipment-1.webp","og:image:width":1200,"og:image:height":801,"article:published_time":"2023-10-05T06:31:40+00:00","article:modified_time":"2024-09-26T01:36:11+00:00","twitter:card":"summary_large_image","twitter:title":"Soluciones para Head-Up Displays mediante la funci\u00f3n de control solar","twitter:description":"S-LEC\u2122 Wedge Shaped Film con funci\u00f3n de control solar protege la unidad HUD de la luz solar, proporcionando una imagen proyectada HUD clara y comodidad.","twitter:image":"https:\/\/www.s-lecfilm.com\/wp-content\/uploads\/2023\/01\/Open-Graph-Image.png","schema":{"@context":"https:\/\/schema.org","@graph":[{"@type":"BreadcrumbList","@id":"https:\/\/www.s-lecfilm.com\/es\/news\/HUD-solar\/#breadcrumblist","itemListElement":[{"@type":"ListItem","@id":"https:\/\/www.s-lecfilm.com\/es\/#listItem","position":1,"name":"Hogar","item":"https:\/\/www.s-lecfilm.com\/es\/","nextItem":"https:\/\/www.s-lecfilm.com\/es\/news\/#listItem"},{"@type":"ListItem","@id":"https:\/\/www.s-lecfilm.com\/es\/news\/#listItem","position":2,"name":"\/es\/news\/","item":"https:\/\/www.s-lecfilm.com\/es\/news\/","nextItem":"https:\/\/www.s-lecfilm.com\/es\/news\/HUD-solar\/#listItem","previousItem":"https:\/\/www.s-lecfilm.com\/es\/#listItem"},{"@type":"ListItem","@id":"https:\/\/www.s-lecfilm.com\/es\/news\/HUD-solar\/#listItem","position":3,"name":"\/es\/news\/HUD-solar\/","previousItem":"https:\/\/www.s-lecfilm.com\/es\/news\/#listItem"}]},{"@type":"Organization","@id":"https:\/\/www.s-lecfilm.com\/es\/#organization","name":"s-lecfilm","url":"https:\/\/www.s-lecfilm.com\/es\/"},{"@type":"WebPage","@id":"https:\/\/www.s-lecfilm.com\/es\/news\/HUD-solar\/#webpage","url":"https:\/\/www.s-lecfilm.com\/es\/news\/HUD-solar\/","name":"Soluciones para Head-Up Displays mediante la funci\u00f3n de control solar","description":"S-LEC\u2122 Wedge Shaped Film con funci\u00f3n de control solar protege la unidad HUD de la luz solar, proporcionando una imagen proyectada HUD clara y comodidad.","inLanguage":"es-ES","isPartOf":{"@id":"https:\/\/www.s-lecfilm.com\/es\/#website"},"breadcrumb":{"@id":"https:\/\/www.s-lecfilm.com\/es\/news\/HUD-solar\/#breadcrumblist"},"datePublished":"2023-10-05T15:31:40+09:00","dateModified":"2024-09-26T10:36:11+09:00"},{"@type":"WebSite","@id":"https:\/\/www.s-lecfilm.com\/es\/#website","url":"https:\/\/www.s-lecfilm.com\/es\/","name":"s-lecfilm","inLanguage":"es-ES","publisher":{"@id":"https:\/\/www.s-lecfilm.com\/es\/#organization"}}]}},"aioseo_meta_data":{"post_id":"18130","title":"Soluciones para Head-Up Displays mediante la funci\u00f3n de control solar","description":"S-LEC\u2122 Wedge Shaped Film con funci\u00f3n de control solar protege la unidad HUD de la luz solar, proporcionando una imagen proyectada HUD clara y comodidad.","keywords":null,"keyphrases":"{\"focus\":{\"keyphrase\":\"\",\"score\":0,\"analysis\":{\"keyphraseInTitle\":{\"score\":0,\"maxScore\":9,\"error\":1}}},\"additional\":[]}","primary_term":null,"canonical_url":null,"og_title":null,"og_description":null,"og_object_type":"default","og_image_type":"custom_image","og_image_url":"https:\/\/www.s-lecfilm.com\/wp-content\/uploads\/HUD_contents_equipment-1.webp","og_image_width":"1200","og_image_height":"801","og_image_custom_url":"https:\/\/www.s-lecfilm.com\/wp-content\/uploads\/HUD_contents_equipment-1.webp","og_image_custom_fields":null,"og_video":"","og_custom_url":null,"og_article_section":null,"og_article_tags":null,"twitter_use_og":false,"twitter_card":"default","twitter_image_type":"default","twitter_image_url":null,"twitter_image_custom_url":null,"twitter_image_custom_fields":null,"twitter_title":null,"twitter_description":null,"schema":{"blockGraphs":[],"customGraphs":[],"default":{"data":{"Article":[],"Course":[],"Dataset":[],"FAQPage":[],"Movie":[],"Person":[],"Product":[],"Recipe":[],"Service":[],"SoftwareApplication":[],"WebPage":[]},"graphName":"WebPage","isEnabled":true},"graphs":[]},"schema_type":"default","schema_type_options":null,"pillar_content":false,"robots_default":true,"robots_noindex":false,"robots_noarchive":false,"robots_nosnippet":false,"robots_nofollow":false,"robots_noimageindex":false,"robots_noodp":false,"robots_notranslate":false,"robots_max_snippet":"-1","robots_max_videopreview":"-1","robots_max_imagepreview":"large","priority":null,"frequency":"default","local_seo":null,"limit_modified_date":false,"reviewed_by":null,"open_ai":{"title":{"suggestions":[],"usage":0},"description":{"suggestions":[],"usage":0}},"created":"2024-03-08 00:29:36","updated":"2024-09-26 01:36:31"},"aioseo_breadcrumb":"<div class=\"aioseo-breadcrumbs\"><span class=\"aioseo-breadcrumb\">\n\t<a href=\"https:\/\/www.s-lecfilm.com\/es\/\" title=\"\u30db\u30fc\u30e0\">\u30db\u30fc\u30e0<\/a>\n<\/span><span class=\"aioseo-breadcrumb-separator\">&raquo;<\/span><span class=\"aioseo-breadcrumb\">\n\t<a href=\"https:\/\/www.s-lecfilm.com\/es\/news\/\" title=\"Privado: \/es\/news\/\">Privado: \/es\/news\/<\/a>\n<\/span><span class=\"aioseo-breadcrumb-separator\">&raquo;<\/span><span class=\"aioseo-breadcrumb\">\n\t\/es\/news\/HUD-solar\/\n<\/span><\/div>","aioseo_breadcrumb_json":[{"label":"\u30db\u30fc\u30e0","link":"https:\/\/www.s-lecfilm.com\/es\/"},{"label":"Privado: \/es\/news\/","link":"https:\/\/www.s-lecfilm.com\/es\/news\/"},{"label":"\/es\/news\/HUD-solar\/","link":"https:\/\/www.s-lecfilm.com\/es\/news\/HUD-solar\/"}],"_links":{"self":[{"href":"https:\/\/www.s-lecfilm.com\/es\/wp-json\/wp\/v2\/pages\/18130"}],"collection":[{"href":"https:\/\/www.s-lecfilm.com\/es\/wp-json\/wp\/v2\/pages"}],"about":[{"href":"https:\/\/www.s-lecfilm.com\/es\/wp-json\/wp\/v2\/types\/page"}],"author":[{"embeddable":true,"href":"https:\/\/www.s-lecfilm.com\/es\/wp-json\/wp\/v2\/users\/14"}],"replies":[{"embeddable":true,"href":"https:\/\/www.s-lecfilm.com\/es\/wp-json\/wp\/v2\/comments?post=18130"}],"version-history":[{"count":7,"href":"https:\/\/www.s-lecfilm.com\/es\/wp-json\/wp\/v2\/pages\/18130\/revisions"}],"predecessor-version":[{"id":26096,"href":"https:\/\/www.s-lecfilm.com\/es\/wp-json\/wp\/v2\/pages\/18130\/revisions\/26096"}],"up":[{"embeddable":true,"href":"https:\/\/www.s-lecfilm.com\/es\/wp-json\/wp\/v2\/pages\/17042"}],"wp:attachment":[{"href":"https:\/\/www.s-lecfilm.com\/es\/wp-json\/wp\/v2\/media?parent=18130"}],"wp:term":[{"taxonomy":"page_category","embeddable":true,"href":"https:\/\/www.s-lecfilm.com\/es\/wp-json\/wp\/v2\/page_category?post=18130"}],"curies":[{"name":"wp","href":"https:\/\/api.w.org\/{rel}","templated":true}]}}