{"id":17839,"date":"2023-11-24T10:55:39","date_gmt":"2023-11-24T01:55:39","guid":{"rendered":"https:\/\/www.s-lecfilm.com\/en-news\/en-news-roof-acoustic\/"},"modified":"2024-09-26T13:03:17","modified_gmt":"2024-09-26T04:03:17","slug":"en-news-roof-acoustic","status":"publish","type":"page","link":"https:\/\/www.s-lecfilm.com\/es\/news\/roof-acoustic\/","title":{"rendered":"\/es\/news\/roof-acoustic\/"},"content":{"rendered":"<div class=\"frame pt-0\" style=\"clear: both;\">\n\t<div class=\"hero-flame\" style=\"height:62vh;margin:0;\">\n\t\t<div class=\"hero-flame-bg\">\n\t\t\t<img loading=\"lazy\" decoding=\"async\" class=\"hero-flame-bg-img\" src=\"https:\/\/www.s-lecfilm.com\/wp-content\/uploads\/Hero_roof-acoustic.webp\" width=\"1920\" height=\"1080\" alt=\"A woman examining the noise reduction of Acoustic Panoramic Roof Glass\" style=\"object-position:50% 0%;\">\n\t\t<\/div>\n\t\t<div class=\"hero-flame-content\">\n\t\t\t\t\t\t\t<div class=\"hero-text\">\n\t\t\t\t\t<div class=\"hero-text-title\">\n\t\t\t\t\t\tSound Acoustic Film<br>para techo panor\u00e1mico de vidrio\t\t\t\t\t<\/div>\n\t\t\t\t\t\t\t\t\t<\/div>\n\t\t\t\t<\/div>\n\t<\/div>\n<\/div>\n\n<div class=\"frame pt-0 pb-0\">\n\t\n<div class=\"container pb-0 mb-0\">\n\t\n<H1 class=\"c-title-level02 section-subtitle\">Prestaciones ac\u00fasticas exigidas a los cristales de techo<\/H1>\n\n<div class=\"c-layout-frame section-flame\">\n\t\t<div class=\"row align-items-center\">\n\t\t<div class=\"col-lg-6\">\n\t\t\t<div class=\"feature-img text-center\">\n\t\t\t\t\t\t\t\t<img decoding=\"async\" src=\"https:\/\/www.s-lecfilm.com\/wp-content\/uploads\/210331_SLEC_Pamphlet-flatten_2_90-1024x666.webp\"  alt=\"A black car adopting S-LEC\u2122 Design Films, capable of various solutions\">\n\t\t\t\t\t\t\t<\/div>\n\t\t<\/div>\n\t\t<div class=\"col-lg-6\">\n\t\t\t<div class=\"feature-cont\">\n\t\t\t\t<div class=\"acf-innerblocks-container\">\n\n<p>La popularidad de los veh\u00edculos el\u00e9ctricos, EV, es cada vez mayor debido a lo avanzados que son y a lo mucho que ahorran energ\u00eda y protegen el planeta. Adem\u00e1s, los EV est\u00e1n equipados con techo de cristal panor\u00e1mico, que tiene una superficie acristalada mayor. Como los EV llevan las bater\u00edas debajo de los asientos, \u00e9stos se sit\u00faan m\u00e1s altos que en los veh\u00edculos de motor, y la tendencia es quitar los parasoles para dejar m\u00e1s espacio para la cabeza de los pasajeros.<\/p>\n\n\n\n<p>Los cristales del techo m\u00e1s grandes y la supresi\u00f3n de los parasoles permiten que entre m\u00e1s luz solar en el veh\u00edculo y crean un espacio abierto. Por otra parte, se requiere que el cristal del techo tenga una funci\u00f3n ac\u00fastica debido al aumento del ruido exterior que entra a trav\u00e9s del cristal.<\/p>\n\n\n\n<p>SEKISUI S-LEC ha verificado la necesidad de rendimiento ac\u00fastico en los cristales de techo y la eficacia de S-LEC\u2122 Sound Acoustic Film mediante pruebas reales en veh\u00edculos.<\/p>\n\n<\/div>\t\t\t<\/div>\n\t\t<\/div>\n\t<\/div>\n\t<\/div>\n\n\n<H2 class=\"c-title-level02 section-subtitle\">Pruebas de conducci\u00f3n con el techo solar abierto y cerrado<\/H2>\n\n<div class=\"c-layout-frame section-flame\">\n\t\t<div class=\"row align-items-center\">\n\t\t<div class=\"col-lg-6 order-lg-1 order-0\">\n\t\t\t<div class=\"feature-img text-left\">\n\t\t\t\t\t\t\t\t<img decoding=\"async\" src=\"https:\/\/www.s-lecfilm.com\/wp-content\/uploads\/shutterstock_2036020670-1-1024x697.webp\"  alt=\"Driving test by sunroof opening and closing conducted by a model equipped with a sunshade\">\n\t\t\t\t\t\t\t<\/div>\n\t\t<\/div>\n\t\t<div class=\"col-lg-6 order-lg-0 order-1\">\n\t\t\t<div class=\"feature-cont\">\n\t\t\t\t<div class=\"acf-innerblocks-container\">\n\n<p>\u00bfEs necesario que el cristal del techo tenga prestaciones de aislamiento ac\u00fastico?<\/p>\n\n\n\n<p>Como aproximaci\u00f3n a esta cuesti\u00f3n, realizamos una prueba de conducci\u00f3n con un modelo equipado con parasol.<\/p>\n\n\n\n<p>Instalamos una cabeza de maniqu\u00ed en el asiento del pasajero delantero. Medimos la presi\u00f3n sonora conduciendo una distancia fija a 140 km\/h con el parasol abierto y cerrado, respectivamente. Se observ\u00f3 una diferencia de presi\u00f3n ac\u00fastica de hasta 4 dB cuando el parasol estaba abierto en comparaci\u00f3n con cuando estaba cerrado. Este resultado demuestra que abrir o quitar el parasol permite que entre m\u00e1s ruido en el veh\u00edculo.<\/p>\n\n\n\n<p>Con la creciente popularidad de los veh\u00edculos con cristales de techo panor\u00e1micos, existe la necesidad de una mayor ac\u00fastica en los cristales de techo.<\/p>\n\n<\/div>\t\t\t<\/div>\n\t\t<\/div>\n\t<\/div>\n\t<\/div>\n\n\n<H2 class=\"c-title-level02 section-subtitle\">Ensayo en t\u00fanel de viento  <\/H2>\n\n<div class=\"c-layout-frame section-flame\">\n\t\t<div class=\"row align-items-center\">\n\t\t<div class=\"col-lg-6\">\n\t\t\t<div class=\"feature-img text-left\">\n\t\t\t\t\t\t\t\t<img decoding=\"async\" src=\"https:\/\/www.s-lecfilm.com\/wp-content\/uploads\/P1-Updated-Wind-Tunnel-1-1024x463-1-1024x463.webp\"  alt=\"Wind tunnel test using paranomic rooflite with S-LEC\u2122 Sound Acoustic Film\">\n\t\t\t\t\t\t\t<\/div>\n\t\t<\/div>\n\t\t<div class=\"col-lg-6\">\n\t\t\t<div class=\"feature-cont\">\n\t\t\t\t<div class=\"acf-innerblocks-container\">\n\n<p>Utilizando un SUV EV con aproximadamente 2 metros cuadrados de cristal de techo, realizamos una prueba de t\u00fanel de viento a 140 km\/h en el mismo veh\u00edculo con un cristal de techo laminado est\u00e1ndar y un cristal de techo ac\u00fastico con S-LEC\u2122 Sound Acoustic Film.<\/p>\n\n\n\n<p>Instalamos cabezas de maniqu\u00ed en cuatro lugares de los asientos delanteros y traseros y medimos la presi\u00f3n sonora en las posiciones de los o\u00eddos. El resultado muestra una mejora de hasta <strong>3,2 dB<\/strong>, especialmente significativa en las posiciones del o\u00eddo m\u00e1s cercanas al centro del coche. Adem\u00e1s, tambi\u00e9n se observ\u00f3 una mejora significativa en los asientos traseros, as\u00ed como en los delanteros. Cuando la presi\u00f3n sonora se convierte en \u00cdndice de Articulaci\u00f3n, equivale a un <strong>3,7%<\/strong>, lo que contribuye a mejorar el silencio general del interior del coche.<\/p>\n\n\n\n<p>Estos resultados demuestran que las lunas de techo con S-LEC\u2122 Sound Acoustic Film mejoran significativamente el confort interior.<\/p>\n\n<\/div>\t\t\t<\/div>\n\t\t<\/div>\n\t<\/div>\n\t<\/div>\n\n\n<H2 class=\"c-title-level02 section-subtitle\">Prueba de la gota de lluvia<\/H2>\n\n<div class=\"c-layout-frame section-flame\">\n\t\t<div class=\"row align-items-center\">\n\t\t<div class=\"col-lg-6 order-lg-1 order-0\">\n\t\t\t<div class=\"feature-img text-center\">\n\t\t\t\t\t\t\t\t<img decoding=\"async\" src=\"https:\/\/www.s-lecfilm.com\/wp-content\/uploads\/roof-auto_03-1-1024x681.webp\"  alt=\"A man who talks in a car with sound acoustic glass in a rain\">\n\t\t\t\t\t\t\t<\/div>\n\t\t<\/div>\n\t\t<div class=\"col-lg-6 order-lg-0 order-1\">\n\t\t\t<div class=\"feature-cont\">\n\t\t\t\t<div class=\"acf-innerblocks-container\">\n\n<p>Realizamos pruebas de laboratorio con vidrio laminado est\u00e1ndar y vidrio laminado ac\u00fastico con S-LEC\u2122 Sound Acoustic Film para evaluar el efecto sobre el ruido de la lluvia.<\/p>\n\n\n\n<p>Se coloc\u00f3 un micr\u00f3fono a 35 cm del cristal, suponiendo una distancia del cristal del techo al o\u00eddo. Se midieron las presiones ac\u00fasticas de cada tipo de vidrio laminado bajo una ca\u00edda de lluvia de 40 mm\/h. Como resultado, confirmamos que el vidrio ac\u00fastico mejoraba el rendimiento ac\u00fastico en hasta 5,9 dB en comparaci\u00f3n con el vidrio est\u00e1ndar.<\/p>\n\n\n\n<p>El resultado muestra que el vidrio laminado que utiliza S-LEC\u2122 Sound Acoustic Film es muy eficaz en el Control ac\u00fastico contra el ruido de la lluvia y contribuye a un habit\u00e1culo m\u00e1s silencioso.<\/p>\n\n<\/div>\t\t\t<\/div>\n\t\t<\/div>\n\t<\/div>\n\t<\/div>\n\n\n<H2 class=\"c-title-level02 section-subtitle\">Rendimiento ac\u00fastico probado<\/H2>\n\n<div class=\"c-layout-frame section-flame\">\n\t\t<div class=\"row align-items-center\">\n\t\t<div class=\"col-lg-6\">\n\t\t\t<div class=\"feature-img text-center\">\n\t\t\t\t\t\t\t\t<img decoding=\"async\" src=\"https:\/\/www.s-lecfilm.com\/wp-content\/uploads\/shutterstock_2076774124-1024x576-1-1-1-1024x576.webp\" style=\"width:%;\" alt=\"Glass development support from project design and proposes optimal solutions\">\n\t\t\t\t\t\t\t<\/div>\n\t\t<\/div>\n\t\t<div class=\"col-lg-6\">\n\t\t\t<div class=\"feature-cont\">\n\t\t\t\t<div class=\"acf-innerblocks-container\">\n\n<p>A partir de estas pruebas en veh\u00edculos y en laboratorio, SEKISUI S-LEC ha confirmado la necesidad de un rendimiento ac\u00fastico en los cristales de techo y la eficacia de S-LEC\u2122 Sound Acoustic Film.<\/p>\n\n\n\n<p>Para obtener m\u00e1s informaci\u00f3n sobre los m\u00e9todos de evaluaci\u00f3n y los resultados o cualquier pregunta sobre S-LEC\u2122 Sound Acoustic Film, no dude en ponerse en contacto con nosotros.<\/p>\n\n\n<div class=\"c-button-type01 row justify-content-center\">\n\t<div class=\"col-lg-5 d-brochure-bg-btn is-inner-btn btn-size-medium\">\n\t\t<a href=\"\/es\/download\/Inquiry\/\" target=\"_blank\">\n\t\t\t<button type=\"button\" class=\"btn btn-primary\">Para m\u00e1s informaci\u00f3n<\/button>\n\t\t<\/a>\n\t<\/div>\n<\/div>\n\n<\/div>\t\t\t<\/div>\n\t\t<\/div>\n\t<\/div>\n\t<\/div>\n\n\n<H2 id=\"automotive-brochure\" class=\"c-title-level02 section-subtitle\">Soluciones para techos de cristal panor\u00e1micos<\/H2>\n\n<div class=\"c-layout-frame section-flame\">\n\t\t<div class=\"row align-items-center\">\n\t\t<div class=\"col-lg-6 order-lg-1 order-0\">\n\t\t\t<div class=\"feature-img text-center\">\n\t\t\t\t\t\t\t\t<img decoding=\"async\" src=\"https:\/\/www.s-lecfilm.com\/wp-content\/uploads\/solar-auto_09-1-1-1024x576.webp\"  alt=\"Panoramic roof glass that provides parts reduction and design improvement\">\n\t\t\t\t\t\t\t<\/div>\n\t\t<\/div>\n\t\t<div class=\"col-lg-6 order-lg-0 order-1\">\n\t\t\t<div class=\"feature-cont\">\n\t\t\t\t<div class=\"acf-innerblocks-container\">\n\n<p>El vidrio laminado con pel\u00edcula intercalaria de PVB de SEKISUI S-LEC, S-LEC\u2122 Film, proporciona una amplia gama de soluciones a las necesidades de vidrio para techos panor\u00e1micos, sin limitarse a las funciones de Control ac\u00fastico.<\/p>\n\n\n\n<p>Ajustar la transmitancia proporciona tanto una sensaci\u00f3n de apertura como de control de la luz solar. Tambi\u00e9n contribuye a la seguridad del cristal del techo al evitar que se haga a\u00f1icos en caso de rotura del cristal. S-LEC\u2122 Film corta m\u00e1s del 99% de los rayos UV, protegiendo la piel de los pasajeros en veh\u00edculos sin parasoles. Puede combinarse con el rendimiento del control solar, cortando eficazmente los rayos infrarrojos como fuente de calor, proporcionando un confort adicional.<\/p>\n\n\n\n<p>Puede descargar m\u00e1s informaci\u00f3n sobre la amplia gama de alineaciones y datos t\u00e9cnicos aqu\u00ed.<\/p>\n\n\n<div class=\"c-button-type01 row justify-content-center\">\n\t<div class=\"col-lg-5 d-brochure-bg-btn is-inner-btn btn-size-medium\">\n\t\t<a href=\"\/es\/download\/RoofP\/\" target=\"_blank\">\n\t\t\t<button type=\"button\" class=\"btn btn-primary\">Descargar folletos<\/button>\n\t\t<\/a>\n\t<\/div>\n<\/div>\n\n<\/div>\t\t\t<\/div>\n\t\t<\/div>\n\t<\/div>\n\t<\/div>\n\n<\/div>\n\n<\/div>\n\n\n\n<div class=\"frame is-bg-img c-more-detail \">\n\t<div class=\"container\">\n\t\t<div class=\"row justify-content-center\">\n\t\t\t<div class=\"col-lg-10\">\n\t\t\t\t<div class=\"row\">\n\t\t\t\t\t<div class=\"col-lg-7 mb-5 mb-lg-0\">\n\t\t\t\t\t\t<div class=\"contact-footer-text\">\n\t\t\t\t\t\t\t\u00bfQuiere saber m\u00e1s?\t\t\t\t\t\t<\/div>\n\t\t\t\t\t\t<div class=\"contact-footer-btn\">\n\t\t\t\t\t\t\t<a href=\"\/es\/download\/all\/\" target=\"_blank\">\n\t\t\t\t\t\t\t\t<button class=\"btn btn-primary fa-download-check\">\n\t\t\t\t\t\t\t\t\t\t\t\t\t\t\t\t\t\t\tDescargas\t\t\t\t\t\t\t\t\t\t\t\t\t\t\t\t\t<\/button>\n\t\t\t\t\t\t\t<\/a>\n\t\t\t\t\t\t\t<a href=\"\/es\/download\/Inquiry\/\" target=\"_blank\">\n\t\t\t\t\t\t\t\t<button class=\"btn btn-primary is-external-link\">\n\t\t\t\t\t\t\t\t\t\t\t\t\t\t\t\t\t\t\tCont\u00e1ctenos\t\t\t\t\t\t\t\t\t\t\t\t\t\t\t\t\t<\/button>\n\t\t\t\t\t\t\t<\/a>\n\t\t\t\t\t\t<\/div>\n\t\t\t\t\t<\/div>\n\t\t\t\t\t<div class=\"col-lg-5\">\n\t\t\t\t\t\t<div class=\"contact-footer-img\">\n\t\t\t\t\t\t\t\t\t\t\t\t\t\t<img decoding=\"async\" src=\"https:\/\/www.s-lecfilm.com\/wp-content\/uploads\/thankyou_hero-1-1-1024x576.webp\" alt=\"Those who want to know more about S-LEC\u2122 Film\">\n\t\t\t\t\t\t\t\t\t\t\t\t\t<\/div>\n\t\t\t\t\t<\/div>\n\t\t\t\t<\/div>\n\t\t\t<\/div>\n\t\t<\/div>\n\t<\/div>\n<\/div>\n","protected":false},"excerpt":{"rendered":"","protected":false},"author":14,"featured_media":0,"parent":17042,"menu_order":84,"comment_status":"closed","ping_status":"closed","template":"","meta":{"_acf_changed":false,"_oasis_is_in_workflow":0,"_oasis_original":0,"om_disable_all_campaigns":false,"inline_featured_image":false,"_monsterinsights_skip_tracking":false,"_monsterinsights_sitenote_active":false,"_monsterinsights_sitenote_note":"","_monsterinsights_sitenote_category":0,"footnotes":""},"page_category":[117],"class_list":["post-17839","page","type-page","status-publish","hentry"],"acf":[],"aioseo_notices":[],"aioseo_head":"\n\t\t<!-- All in One SEO Pro 4.6.2 - aioseo.com -->\n\t\t<meta name=\"description\" content=\"Techo panor\u00e1mico acristalado con S-LEC\u2122 Sound Acoustic Film demuestra la mejora de 3,2 dB en las pruebas de veh\u00edculos en t\u00fanel de viento.\" \/>\n\t\t<meta name=\"robots\" content=\"max-image-preview:large\" \/>\n\t\t<meta name=\"google-site-verification\" content=\"LGoHK3imcI57fEDyHDnPGNxrBKyRAWvyS1_pmekTNEU\" \/>\n\t\t<link rel=\"canonical\" href=\"https:\/\/www.s-lecfilm.com\/es\/news\/roof-acoustic\/\" \/>\n\t\t<meta name=\"generator\" content=\"All in One SEO Pro (AIOSEO) 4.6.2\" \/>\n\t\t<meta property=\"og:locale\" content=\"es_ES\" \/>\n\t\t<meta property=\"og:site_name\" content=\"SEKISUI S-LEC\" \/>\n\t\t<meta property=\"og:type\" content=\"article\" \/>\n\t\t<meta property=\"og:title\" content=\"Control ac\u00fastico para Techo panor\u00e1mico de vidro | SEKISUI S-LEC\" \/>\n\t\t<meta property=\"og:description\" content=\"Techo panor\u00e1mico acristalado con S-LEC\u2122 Sound Acoustic Film demuestra la mejora de 3,2 dB en las pruebas de veh\u00edculos en t\u00fanel de viento.\" \/>\n\t\t<meta property=\"og:url\" content=\"https:\/\/www.s-lecfilm.com\/es\/news\/roof-acoustic\/\" \/>\n\t\t<meta property=\"og:image\" content=\"https:\/\/www.s-lecfilm.com\/wp-content\/uploads\/shutterstock_2237149545-1.webp\" \/>\n\t\t<meta property=\"og:image:secure_url\" content=\"https:\/\/www.s-lecfilm.com\/wp-content\/uploads\/shutterstock_2237149545-1.webp\" \/>\n\t\t<meta property=\"og:image:width\" content=\"1920\" \/>\n\t\t<meta property=\"og:image:height\" content=\"1080\" \/>\n\t\t<meta property=\"article:published_time\" content=\"2023-11-24T01:55:39+00:00\" \/>\n\t\t<meta property=\"article:modified_time\" content=\"2024-09-26T04:03:17+00:00\" \/>\n\t\t<meta name=\"twitter:card\" content=\"summary_large_image\" \/>\n\t\t<meta name=\"twitter:title\" content=\"Control ac\u00fastico para Techo panor\u00e1mico de vidro | SEKISUI S-LEC\" \/>\n\t\t<meta name=\"twitter:description\" content=\"Techo panor\u00e1mico acristalado con S-LEC\u2122 Sound Acoustic Film demuestra la mejora de 3,2 dB en las pruebas de veh\u00edculos en t\u00fanel de viento.\" \/>\n\t\t<meta name=\"twitter:image\" content=\"https:\/\/www.s-lecfilm.com\/wp-content\/uploads\/2023\/01\/Open-Graph-Image.png\" \/>\n\t\t<script type=\"application\/ld+json\" class=\"aioseo-schema\">\n\t\t\t{\"@context\":\"https:\\\/\\\/schema.org\",\"@graph\":[{\"@type\":\"BreadcrumbList\",\"@id\":\"https:\\\/\\\/www.s-lecfilm.com\\\/es\\\/news\\\/roof-acoustic\\\/#breadcrumblist\",\"itemListElement\":[{\"@type\":\"ListItem\",\"@id\":\"https:\\\/\\\/www.s-lecfilm.com\\\/es\\\/#listItem\",\"position\":1,\"name\":\"Hogar\",\"item\":\"https:\\\/\\\/www.s-lecfilm.com\\\/es\\\/\",\"nextItem\":\"https:\\\/\\\/www.s-lecfilm.com\\\/es\\\/news\\\/#listItem\"},{\"@type\":\"ListItem\",\"@id\":\"https:\\\/\\\/www.s-lecfilm.com\\\/es\\\/news\\\/#listItem\",\"position\":2,\"name\":\"\\\/es\\\/news\\\/\",\"item\":\"https:\\\/\\\/www.s-lecfilm.com\\\/es\\\/news\\\/\",\"nextItem\":\"https:\\\/\\\/www.s-lecfilm.com\\\/es\\\/news\\\/roof-acoustic\\\/#listItem\",\"previousItem\":\"https:\\\/\\\/www.s-lecfilm.com\\\/es\\\/#listItem\"},{\"@type\":\"ListItem\",\"@id\":\"https:\\\/\\\/www.s-lecfilm.com\\\/es\\\/news\\\/roof-acoustic\\\/#listItem\",\"position\":3,\"name\":\"\\\/es\\\/news\\\/roof-acoustic\\\/\",\"previousItem\":\"https:\\\/\\\/www.s-lecfilm.com\\\/es\\\/news\\\/#listItem\"}]},{\"@type\":\"Organization\",\"@id\":\"https:\\\/\\\/www.s-lecfilm.com\\\/es\\\/#organization\",\"name\":\"s-lecfilm\",\"url\":\"https:\\\/\\\/www.s-lecfilm.com\\\/es\\\/\"},{\"@type\":\"WebPage\",\"@id\":\"https:\\\/\\\/www.s-lecfilm.com\\\/es\\\/news\\\/roof-acoustic\\\/#webpage\",\"url\":\"https:\\\/\\\/www.s-lecfilm.com\\\/es\\\/news\\\/roof-acoustic\\\/\",\"name\":\"Control ac\\u00fastico para Techo panor\\u00e1mico de vidro | SEKISUI S-LEC\",\"description\":\"Techo panor\\u00e1mico acristalado con S-LEC\\u2122 Sound Acoustic Film demuestra la mejora de 3,2 dB en las pruebas de veh\\u00edculos en t\\u00fanel de viento.\",\"inLanguage\":\"es-ES\",\"isPartOf\":{\"@id\":\"https:\\\/\\\/www.s-lecfilm.com\\\/es\\\/#website\"},\"breadcrumb\":{\"@id\":\"https:\\\/\\\/www.s-lecfilm.com\\\/es\\\/news\\\/roof-acoustic\\\/#breadcrumblist\"},\"datePublished\":\"2023-11-24T10:55:39+09:00\",\"dateModified\":\"2024-09-26T13:03:17+09:00\"},{\"@type\":\"WebSite\",\"@id\":\"https:\\\/\\\/www.s-lecfilm.com\\\/es\\\/#website\",\"url\":\"https:\\\/\\\/www.s-lecfilm.com\\\/es\\\/\",\"name\":\"s-lecfilm\",\"inLanguage\":\"es-ES\",\"publisher\":{\"@id\":\"https:\\\/\\\/www.s-lecfilm.com\\\/es\\\/#organization\"}}]}\n\t\t<\/script>\n\t\t<!-- All in One SEO Pro -->\r\n\t\t<title>Control ac\u00fastico para Techo panor\u00e1mico de vidro | SEKISUI S-LEC<\/title>\n\n","aioseo_head_json":{"title":"Control ac\u00fastico para Techo panor\u00e1mico de vidro | SEKISUI S-LEC","description":"Techo panor\u00e1mico acristalado con S-LEC\u2122 Sound Acoustic Film demuestra la mejora de 3,2 dB en las pruebas de veh\u00edculos en t\u00fanel de viento.","canonical_url":"https:\/\/www.s-lecfilm.com\/es\/news\/roof-acoustic\/","robots":"max-image-preview:large","keywords":"","webmasterTools":{"google-site-verification":"LGoHK3imcI57fEDyHDnPGNxrBKyRAWvyS1_pmekTNEU","miscellaneous":""},"og:locale":"es_ES","og:site_name":"SEKISUI S-LEC","og:type":"article","og:title":"Control ac\u00fastico para Techo panor\u00e1mico de vidro | SEKISUI S-LEC","og:description":"Techo panor\u00e1mico acristalado con S-LEC\u2122 Sound Acoustic Film demuestra la mejora de 3,2 dB en las pruebas de veh\u00edculos en t\u00fanel de viento.","og:url":"https:\/\/www.s-lecfilm.com\/es\/news\/roof-acoustic\/","og:image":"https:\/\/www.s-lecfilm.com\/wp-content\/uploads\/shutterstock_2237149545-1.webp","og:image:secure_url":"https:\/\/www.s-lecfilm.com\/wp-content\/uploads\/shutterstock_2237149545-1.webp","og:image:width":1920,"og:image:height":1080,"article:published_time":"2023-11-24T01:55:39+00:00","article:modified_time":"2024-09-26T04:03:17+00:00","twitter:card":"summary_large_image","twitter:title":"Control ac\u00fastico para Techo panor\u00e1mico de vidro | SEKISUI S-LEC","twitter:description":"Techo panor\u00e1mico acristalado con S-LEC\u2122 Sound Acoustic Film demuestra la mejora de 3,2 dB en las pruebas de veh\u00edculos en t\u00fanel de viento.","twitter:image":"https:\/\/www.s-lecfilm.com\/wp-content\/uploads\/2023\/01\/Open-Graph-Image.png","schema":{"@context":"https:\/\/schema.org","@graph":[{"@type":"BreadcrumbList","@id":"https:\/\/www.s-lecfilm.com\/es\/news\/roof-acoustic\/#breadcrumblist","itemListElement":[{"@type":"ListItem","@id":"https:\/\/www.s-lecfilm.com\/es\/#listItem","position":1,"name":"Hogar","item":"https:\/\/www.s-lecfilm.com\/es\/","nextItem":"https:\/\/www.s-lecfilm.com\/es\/news\/#listItem"},{"@type":"ListItem","@id":"https:\/\/www.s-lecfilm.com\/es\/news\/#listItem","position":2,"name":"\/es\/news\/","item":"https:\/\/www.s-lecfilm.com\/es\/news\/","nextItem":"https:\/\/www.s-lecfilm.com\/es\/news\/roof-acoustic\/#listItem","previousItem":"https:\/\/www.s-lecfilm.com\/es\/#listItem"},{"@type":"ListItem","@id":"https:\/\/www.s-lecfilm.com\/es\/news\/roof-acoustic\/#listItem","position":3,"name":"\/es\/news\/roof-acoustic\/","previousItem":"https:\/\/www.s-lecfilm.com\/es\/news\/#listItem"}]},{"@type":"Organization","@id":"https:\/\/www.s-lecfilm.com\/es\/#organization","name":"s-lecfilm","url":"https:\/\/www.s-lecfilm.com\/es\/"},{"@type":"WebPage","@id":"https:\/\/www.s-lecfilm.com\/es\/news\/roof-acoustic\/#webpage","url":"https:\/\/www.s-lecfilm.com\/es\/news\/roof-acoustic\/","name":"Control ac\u00fastico para Techo panor\u00e1mico de vidro | SEKISUI S-LEC","description":"Techo panor\u00e1mico acristalado con S-LEC\u2122 Sound Acoustic Film demuestra la mejora de 3,2 dB en las pruebas de veh\u00edculos en t\u00fanel de viento.","inLanguage":"es-ES","isPartOf":{"@id":"https:\/\/www.s-lecfilm.com\/es\/#website"},"breadcrumb":{"@id":"https:\/\/www.s-lecfilm.com\/es\/news\/roof-acoustic\/#breadcrumblist"},"datePublished":"2023-11-24T10:55:39+09:00","dateModified":"2024-09-26T13:03:17+09:00"},{"@type":"WebSite","@id":"https:\/\/www.s-lecfilm.com\/es\/#website","url":"https:\/\/www.s-lecfilm.com\/es\/","name":"s-lecfilm","inLanguage":"es-ES","publisher":{"@id":"https:\/\/www.s-lecfilm.com\/es\/#organization"}}]}},"aioseo_meta_data":{"post_id":"17839","title":"Control ac\u00fastico para Techo panor\u00e1mico de vidro | SEKISUI S-LEC","description":"Techo panor\u00e1mico acristalado con S-LEC\u2122 Sound Acoustic Film demuestra la mejora de 3,2 dB en las pruebas de veh\u00edculos en t\u00fanel de viento.","keywords":null,"keyphrases":"{\"focus\":{\"keyphrase\":\"\",\"score\":0,\"analysis\":{\"keyphraseInTitle\":{\"score\":0,\"maxScore\":9,\"error\":1}}},\"additional\":[]}","primary_term":null,"canonical_url":null,"og_title":null,"og_description":null,"og_object_type":"default","og_image_type":"custom_image","og_image_url":"https:\/\/www.s-lecfilm.com\/wp-content\/uploads\/shutterstock_2237149545-1.webp","og_image_width":"1920","og_image_height":"1080","og_image_custom_url":"https:\/\/www.s-lecfilm.com\/wp-content\/uploads\/shutterstock_2237149545-1.webp","og_image_custom_fields":null,"og_video":"","og_custom_url":null,"og_article_section":null,"og_article_tags":null,"twitter_use_og":false,"twitter_card":"default","twitter_image_type":"default","twitter_image_url":null,"twitter_image_custom_url":null,"twitter_image_custom_fields":null,"twitter_title":null,"twitter_description":null,"schema":{"blockGraphs":[],"customGraphs":[],"default":{"data":{"Article":[],"Course":[],"Dataset":[],"FAQPage":[],"Movie":[],"Person":[],"Product":[],"Recipe":[],"Service":[],"SoftwareApplication":[],"WebPage":[]},"graphName":"WebPage","isEnabled":true},"graphs":[]},"schema_type":"default","schema_type_options":null,"pillar_content":false,"robots_default":true,"robots_noindex":true,"robots_noarchive":false,"robots_nosnippet":false,"robots_nofollow":false,"robots_noimageindex":false,"robots_noodp":false,"robots_notranslate":false,"robots_max_snippet":"-1","robots_max_videopreview":"-1","robots_max_imagepreview":"large","priority":null,"frequency":"default","local_seo":null,"limit_modified_date":false,"reviewed_by":null,"open_ai":{"title":{"suggestions":[],"usage":0},"description":{"suggestions":[],"usage":0}},"created":"2024-03-06 17:09:57","updated":"2024-09-26 04:03:58"},"aioseo_breadcrumb":"<div class=\"aioseo-breadcrumbs\"><span class=\"aioseo-breadcrumb\">\n\t<a href=\"https:\/\/www.s-lecfilm.com\/es\/\" title=\"\u30db\u30fc\u30e0\">\u30db\u30fc\u30e0<\/a>\n<\/span><span class=\"aioseo-breadcrumb-separator\">&raquo;<\/span><span class=\"aioseo-breadcrumb\">\n\t<a href=\"https:\/\/www.s-lecfilm.com\/es\/news\/\" title=\"Privado: \/es\/news\/\">Privado: \/es\/news\/<\/a>\n<\/span><span class=\"aioseo-breadcrumb-separator\">&raquo;<\/span><span class=\"aioseo-breadcrumb\">\n\t\/es\/news\/roof-acoustic\/\n<\/span><\/div>","aioseo_breadcrumb_json":[{"label":"\u30db\u30fc\u30e0","link":"https:\/\/www.s-lecfilm.com\/es\/"},{"label":"Privado: \/es\/news\/","link":"https:\/\/www.s-lecfilm.com\/es\/news\/"},{"label":"\/es\/news\/roof-acoustic\/","link":"https:\/\/www.s-lecfilm.com\/es\/news\/roof-acoustic\/"}],"_links":{"self":[{"href":"https:\/\/www.s-lecfilm.com\/es\/wp-json\/wp\/v2\/pages\/17839"}],"collection":[{"href":"https:\/\/www.s-lecfilm.com\/es\/wp-json\/wp\/v2\/pages"}],"about":[{"href":"https:\/\/www.s-lecfilm.com\/es\/wp-json\/wp\/v2\/types\/page"}],"author":[{"embeddable":true,"href":"https:\/\/www.s-lecfilm.com\/es\/wp-json\/wp\/v2\/users\/14"}],"replies":[{"embeddable":true,"href":"https:\/\/www.s-lecfilm.com\/es\/wp-json\/wp\/v2\/comments?post=17839"}],"version-history":[{"count":12,"href":"https:\/\/www.s-lecfilm.com\/es\/wp-json\/wp\/v2\/pages\/17839\/revisions"}],"predecessor-version":[{"id":26147,"href":"https:\/\/www.s-lecfilm.com\/es\/wp-json\/wp\/v2\/pages\/17839\/revisions\/26147"}],"up":[{"embeddable":true,"href":"https:\/\/www.s-lecfilm.com\/es\/wp-json\/wp\/v2\/pages\/17042"}],"wp:attachment":[{"href":"https:\/\/www.s-lecfilm.com\/es\/wp-json\/wp\/v2\/media?parent=17839"}],"wp:term":[{"taxonomy":"page_category","embeddable":true,"href":"https:\/\/www.s-lecfilm.com\/es\/wp-json\/wp\/v2\/page_category?post=17839"}],"curies":[{"name":"wp","href":"https:\/\/api.w.org\/{rel}","templated":true}]}}