{"id":17820,"date":"2023-10-25T17:54:38","date_gmt":"2023-10-25T08:54:38","guid":{"rendered":"https:\/\/www.s-lecfilm.com\/en-news\/en-news-puv-comfort\/"},"modified":"2024-09-26T13:51:54","modified_gmt":"2024-09-26T04:51:54","slug":"en-news-puv-comfort","status":"publish","type":"page","link":"https:\/\/www.s-lecfilm.com\/es\/news\/puv-comfort\/","title":{"rendered":"\/es\/news\/puv-comfort\/"},"content":{"rendered":"<div class=\"frame pt-0\" style=\"clear: both;\">\n\t<div class=\"hero-flame\" style=\"height:62vh;margin:0;\">\n\t\t<div class=\"hero-flame-bg\">\n\t\t\t<img loading=\"lazy\" decoding=\"async\" class=\"hero-flame-bg-img\" src=\"https:\/\/www.s-lecfilm.com\/wp-content\/uploads\/puv-comfort_hero-3.webp\" width=\"1920\" height=\"1080\" alt=\"A woman experiences a solution that shields people from UV rays using the PVB interlayer film.\" style=\"object-position:0% 80%;\">\n\t\t<\/div>\n\t\t<div class=\"hero-flame-content\">\n\t\t\t\t\t\t\t<div class=\"hero-text\">\n\t\t\t\t\t<div class=\"hero-text-title\">\n\t\t\t\t\t\tPrevenir los efectos de los rayos infrarrojos\t\t\t\t\t<\/div>\n\t\t\t\t\t\t\t\t\t\t\t<div class=\"hero-text-subtitle\">\n\t\t\t\t\t\t\tPara una conducci\u00f3n c\u00f3moda y saludable\t\t\t\t\t\t<\/div>\n\t\t\t\t\t\t\t\t\t<\/div>\n\t\t\t\t<\/div>\n\t<\/div>\n<\/div>\n\n<div class=\"frame pt-0 pb-0\">\n\t\n<div class=\"container pb-0 mb-0\">\n\t\n<H2 class=\"c-title-level02 section-subtitle\">Efectos de los rayos ultravioleta (UV) e infrarrojos (IR)<\/H2>\n\n<div class=\"c-layout-frame section-flame\">\n\t\t<div class=\"row align-items-center\">\n\t\t<div class=\"col-lg-6\">\n\t\t\t<div class=\"feature-img text-center\">\n\t\t\t\t\t\t\t\t<img decoding=\"async\" src=\"https:\/\/www.s-lecfilm.com\/wp-content\/uploads\/puv-comfort_contents-1-1024x683.webp\"  alt=\"A woman who&#039;s afraid of photoaging due to the influence of ultraviolet rays (UV) and near-infrared rays (NIR)\">\n\t\t\t\t\t\t\t<\/div>\n\t\t<\/div>\n\t\t<div class=\"col-lg-6\">\n\t\t\t<div class=\"feature-cont\">\n\t\t\t\t<div class=\"acf-innerblocks-container\">\n\n<p>Los rayos ultravioleta (UV) pueden dividirse en tres tipos seg\u00fan su longitud de onda: UV-A, UV-B y UV-C. Los rayos UV-C son absorbidos por la capa de ozono y no alcanzan la superficie de la Tierra, pero los estos rayos y UV-B llegan al suelo y pueden provocar fotoenvejecimiento, que, por una exposici\u00f3n prolongada, puede dar lugar a problemas cut\u00e1neos como bronceado poco saludable, arrugas y flacidez de la piel.<\/p>\n\n\n\n<p>Las investigaciones han demostrado que los rayos infrarrojos cercanos (NIR), que representan aproximadamente el 50% de la luz solar, tambi\u00e9n intervienen en el proceso de fotoenvejecimiento y pueden provocar irritaciones en la piel, como un aumento de la temperatura corporal debido a su efecto t\u00e9rmico sobre los nervios.<\/p>\n\n\n\n<p>La exposici\u00f3n continuada a los estos rayos y a los rayos infrarrojos cercanos hace que el col\u00e1geno y la elastina se metamorfoseen y pierdan sus funciones originales, y tambi\u00e9n se debilita el soporte del tejido subcut\u00e1neo, lo que provoca da\u00f1os en la piel que no se pueden prevenir. Para prevenir problemas cut\u00e1neos y proteger la salud de las personas, es importante tomar medidas para reducir la exposici\u00f3n tanto a los rayos ultravioleta como a los infrarrojos cercanos.<\/p>\n\n<\/div>\t\t\t<\/div>\n\t\t<\/div>\n\t<\/div>\n\t<\/div>\n\n\n<H2 class=\"c-title-level02 section-subtitle\">Salud y confort<\/H2>\n\n<div class=\"container\">\r\n\t<div class=\"container\">\r\n\t\t<div class=\"section-flame\">\r\n\t\t\t<div class=\"row justify-content-end align-items-center\">\r\n\t\t\t\t\t\t\t\t\t<div class=\"col-lg-6 order-lg-0 order-1\">\r\n\t\t\t\t\t\t<div class=\"feature-cont\">\n\t<div class=\"feature-cont-title\"><\/div>\n\t<div class=\"feature-cont-text\">\n\t\tLos estos rayos pueden penetrar en las capas m\u00e1s profundas de la piel (dermis) y causar da\u00f1os cut\u00e1neos a largo plazo.<br \/>\r\n<br \/>\r\nEl vidrio laminado que utiliza nuestro S-LEC\u2122 Premium UV Blocking Film UA01 ofrece un excepcional rendimiento de bloqueo de estos rayos, reduciendo la transmisi\u00f3n de estos rayos a menos del 0,1% en comparaci\u00f3n con el vidrio laminado est\u00e1ndar.<br \/>\r\nEn combinaci\u00f3n con S-LEC\u2122 Solar Control Film, es posible reducir los rayos infrarrojos, adem\u00e1s de los ultravioleta, para evitar que el espacio de su veh\u00edculo se caliente, lo que se traduce en un espacio m\u00e1s c\u00f3modo y saludable.<br \/>\r\n<br \/>\r\nEn SEKISUI S-LEC estamos comprometidos con la creaci\u00f3n de nuevas soluciones de valor a trav\u00e9s de pel\u00edculas intercalarias de PVB para vidrio laminado con el fin de contribuir a los desarrollos de la industria de la Automoci\u00f3n y la Arquitectura, en constante crecimiento.\t<\/div>\n<\/div>\n<div class=\"row d-brochure-bg-btn-wrap justify-content-end with-accent align-items-center mt-4 mx-0\">\n\t\t<div class=\"col-lg-5 d-brochure-bg-btn is-inner-btn with-accent\">\n\t\t\t<\/div>\n<\/div>\t\t\t\t\t<\/div>\r\n\t\t\t\t\t<div class=\"col-lg-6 order-lg-1\">\r\n\t\t\t\t\t\t<div class=\"youtube_wrap\">\n\t<div class=\"youtube_area un_youtube_area\">\n\t\t<script src=\"https:\/\/www.youtube.com\/iframe_api\"><\/script>\n\t\t<iframe loading=\"lazy\" data-cookieconsent=\"necessary\" width=\"560\" height=\"315\" src=\"\/\/www.youtube.com\/embed\/ig13Z-pKSHc?enablejsapi=1&amp;origin=https%3A%2F%2Fwww.s-lecfilm.com\" title=\"\" frameborder=\"0\" allow=\"accelerometer; autoplay; clipboard-write; encrypted-media; gyroscope; picture-in-picture\" allowfullscreen=\"\" data-gtm-yt-inspected-7440638_38=\"true\" id=\"900282223\"><\/iframe>\n\t<\/div>\n<\/div>\n\t\t\t\t\t<\/div>\r\n\t\t\t\t\t\t\t<\/div>\r\n\t\t<\/div>\r\n\t<\/div>\r\n<\/div>\r\n\n\n<H2 class=\"c-title-level02 section-subtitle\">Evaluado mediante pruebas en veh\u00edculos<\/H2>\n\n<div class=\"c-layout-frame section-flame\">\n\t\t<div class=\"row align-items-center\">\n\t\t<div class=\"col-lg-6\">\n\t\t\t<div class=\"feature-img text-left\">\n\t\t\t\t\t\t\t\t<img decoding=\"async\" src=\"https:\/\/www.s-lecfilm.com\/wp-content\/uploads\/puv-comfort_contents_vehicle-1-1024x577.webp\"  alt=\"Heat reduction effect of S-LEC\u2122 Solar Control Film that has been confirmed in the actual vehicle evaluation\">\n\t\t\t\t\t\t\t<\/div>\n\t\t<\/div>\n\t\t<div class=\"col-lg-6\">\n\t\t\t<div class=\"feature-cont\">\n\t\t\t\t<div class=\"acf-innerblocks-container\">\n\n<p>Hemos confirmado el efecto de blindaje t\u00e9rmico de S-LEC\u2122 Solar Control Film mediante diversas pruebas en veh\u00edculos.<\/p>\n\n\n\n<p>En una de nuestras pruebas realizadas, instalamos un parabrisas con una pel\u00edcula intercalaria de PVB est\u00e1ndar y otro con S-LEC\u2122 Solar Control Film en dos coches iguales para medir el aumento de la diferencia de temperatura en el espacio del coche en condiciones de conducci\u00f3n iguales. Como resultado, pudimos confirmar un rendimiento de bloqueo t\u00e9rmico de hasta 7 \u00b0C.<\/p>\n\n\n\n<p>En los veh\u00edculos el\u00e9ctricos, cada vez m\u00e1s populares, al bloquear eficazmente el calor que entra en el coche, la energ\u00eda consumida por el aire acondicionado puede ahorrar en el uso de la bater\u00eda, lo que contribuye a ampliar la autonom\u00eda de conducci\u00f3n.  <\/p>\n\n\n\n<p>Cont\u00e1ctenos si desea m\u00e1s informaci\u00f3n sobre nuestros datos de ensayo.<\/p>\n\n<\/div>\t\t\t<\/div>\n\t\t<\/div>\n\t<\/div>\n\t<\/div>\n\n\n<H2 class=\"c-title-level02 section-subtitle\">Encuesta sobre el confort t\u00e9rmico de los consumidores<\/H2>\n\n<div class=\"c-layout-frame section-flame\">\n\t\t<div class=\"row align-items-center\">\n\t\t<div class=\"col-lg-6 order-lg-1 order-0\">\n\t\t\t<div class=\"feature-img text-left\">\n\t\t\t\t\t\t\t\t<img decoding=\"async\" src=\"https:\/\/www.s-lecfilm.com\/wp-content\/uploads\/puv-comfort_contents_study-2-1024x683.webp\"  alt=\"Survey implementation by SEKISUI S-LEC\">\n\t\t\t\t\t\t\t<\/div>\n\t\t<\/div>\n\t\t<div class=\"col-lg-6 order-lg-0 order-1\">\n\t\t\t<div class=\"feature-cont\">\n\t\t\t\t<div class=\"acf-innerblocks-container\">\n\n<p>S-LEC\u2122 Solar Control Film reduce el aumento de temperatura causado por el sol y mantiene el espacio del coche confortable incluso en d\u00edas calurosos.<\/p>\n\n\n\n<p>En una encuesta realizada entre 526 participantes, utilizamos un kit de demostraci\u00f3n que ten\u00eda dos vidrios, uno con vidrio laminado est\u00e1ndar y otro con vidrio laminado que utilizaba S-LEC\u2122 Solar Control Film, colocados debajo de l\u00e1mparas que imitaban la luz solar artificial, donde los participantes pod\u00edan notar la diferencia en la sensaci\u00f3n de calor. El 94% de los participantes confirmaron sentir el efecto de blindaje t\u00e9rmico de S-LEC\u2122 Solar Control Film en comparaci\u00f3n con el vidrio laminado est\u00e1ndar.<\/p>\n\n\n\n<p>S-LEC\u2122 Solar Control Film es reconocida por los consumidores como una soluci\u00f3n que puede hacer que el espacio de los coches sea m\u00e1s confortable y por el beneficio adicional de reducir la necesidad del uso continuo del aire acondicionado para contribuir a la conducci\u00f3n el\u00e9ctrica.<\/p>\n\n<\/div>\t\t\t<\/div>\n\t\t<\/div>\n\t<\/div>\n\t<\/div>\n\n\n<H1 class=\"c-title-level02 section-subtitle\">Aplicaci\u00f3n de cristales de protecci\u00f3n contra rayos ultravioleta e infrarrojos<\/H1>\n\n<div class=\"c-layout-frame section-flame\">\n\t\t<div class=\"row align-items-center\">\n\t\t<div class=\"col-lg-6\">\n\t\t\t<div class=\"feature-img text-left\">\n\t\t\t\t\t\t\t\t<img decoding=\"async\" src=\"https:\/\/www.s-lecfilm.com\/wp-content\/uploads\/puv-comfort_contents_glass-1-1024x683.webp\"  alt=\"UV and NIR cuts increase the need for automobile glass\">\n\t\t\t\t\t\t\t<\/div>\n\t\t<\/div>\n\t\t<div class=\"col-lg-6\">\n\t\t\t<div class=\"feature-cont\">\n\t\t\t\t<div class=\"acf-innerblocks-container\">\n\n<p>La demanda de vidrio laminado que proteja la piel de los efectos negativos de la luz solar, como la protecci\u00f3n contra los rayos UV y el bloqueo del calor, est\u00e1 aumentando considerablemente.<\/p>\n\n\n\n<p>S-LEC\u2122 Solar Control Film se ha confirmado mediante pruebas en veh\u00edculos y encuestas a consumidores como una funci\u00f3n \u00fatil para que las ventanillas de los coches disminuyan la exposici\u00f3n al calor. En combinaci\u00f3n con S-LEC\u2122 Premium UV Blocking Film UA01, se pueden conseguir beneficios adicionales para la salud y el confort.<\/p>\n\n\n\n<p>S-LEC\u2122 Solar Control Film es utilizado por varios fabricantes de autom\u00f3viles de todo el mundo para mejorar sus parabrisas y ventanas laterales con protecci\u00f3n UV e IR para crear beneficios de salud y comodidad para sus clientes.<\/p>\n\n<\/div>\t\t\t<\/div>\n\t\t<\/div>\n\t<\/div>\n\t<\/div>\n\n\n<H2 class=\"c-title-level02 section-subtitle\">Experimenta el confort solar<\/H2>\n\n<div class=\"c-layout-frame section-flame\">\n\t\t<div class=\"row align-items-center\">\n\t\t<div class=\"col-lg-6 order-lg-1 order-0\">\n\t\t\t<div class=\"feature-img text-left\">\n\t\t\t\t\t\t\t\t<img decoding=\"async\" src=\"https:\/\/www.s-lecfilm.com\/wp-content\/uploads\/S-LEC_Solar_demonstration-1024x686.webp\"  alt=\"A Demonstration that shows heat shielding between S-LEC\u2122 Solar Control Film and general glass\">\n\t\t\t\t\t\t\t<\/div>\n\t\t<\/div>\n\t\t<div class=\"col-lg-6 order-lg-0 order-1\">\n\t\t\t<div class=\"feature-cont\">\n\t\t\t\t<div class=\"acf-innerblocks-container\">\n\n<p>Puede experimentar las ventajas de S-LEC\u2122 Solar Control Film para vidrios de autom\u00f3viles con nuestro kit de demostraci\u00f3n de la encuesta a consumidores.<\/p>\n\n\n\n<p>Cont\u00e1ctenos si desea probar la experiencia y comun\u00edquese con nuestros representantes locales sobre las posibilidades de una demostraci\u00f3n o para obtener m\u00e1s informaci\u00f3n sobre nuestras soluciones para vidrios de autom\u00f3viles.<\/p>\n\n\n<div class=\"c-button-type01 row justify-content-center\">\n\t<div class=\"col-lg-5 d-brochure-bg-btn is-inner-btn btn-size-medium\">\n\t\t<a href=\"\/es\/download\/Solar-demo\/\" target=\"_blank\">\n\t\t\t<button type=\"button\" class=\"btn btn-primary\">Solicitar demostraci\u00f3n<\/button>\n\t\t<\/a>\n\t<\/div>\n<\/div>\n\n<\/div>\t\t\t<\/div>\n\t\t<\/div>\n\t<\/div>\n\t<\/div>\n\n<\/div>\n\n<\/div>\n\n\n\n<div class=\"frame is-bg-img c-more-detail \">\n\t<div class=\"container\">\n\t\t<div class=\"row justify-content-center\">\n\t\t\t<div class=\"col-lg-10\">\n\t\t\t\t<div class=\"row\">\n\t\t\t\t\t<div class=\"col-lg-7 mb-5 mb-lg-0\">\n\t\t\t\t\t\t<div class=\"contact-footer-text\">\n\t\t\t\t\t\t\t\u00bfQuiere saber m\u00e1s?\t\t\t\t\t\t<\/div>\n\t\t\t\t\t\t<div class=\"contact-footer-btn\">\n\t\t\t\t\t\t\t<a href=\"\/es\/download\/all\/\" target=\"_blank\">\n\t\t\t\t\t\t\t\t<button class=\"btn btn-primary fa-download-check\">\n\t\t\t\t\t\t\t\t\t\t\t\t\t\t\t\t\t\t\tDescargas\t\t\t\t\t\t\t\t\t\t\t\t\t\t\t\t\t<\/button>\n\t\t\t\t\t\t\t<\/a>\n\t\t\t\t\t\t\t<a href=\"\/es\/download\/Inquiry\/\" target=\"_blank\">\n\t\t\t\t\t\t\t\t<button class=\"btn btn-primary is-external-link\">\n\t\t\t\t\t\t\t\t\t\t\t\t\t\t\t\t\t\t\tCont\u00e1ctenos\t\t\t\t\t\t\t\t\t\t\t\t\t\t\t\t\t<\/button>\n\t\t\t\t\t\t\t<\/a>\n\t\t\t\t\t\t<\/div>\n\t\t\t\t\t<\/div>\n\t\t\t\t\t<div class=\"col-lg-5\">\n\t\t\t\t\t\t<div class=\"contact-footer-img\">\n\t\t\t\t\t\t\t\t\t\t\t\t\t\t<img decoding=\"async\" src=\"https:\/\/www.s-lecfilm.com\/wp-content\/uploads\/thankyou_hero-1-1-1024x576.webp\" alt=\"Those who want to know more about S-LEC\u2122 Film\">\n\t\t\t\t\t\t\t\t\t\t\t\t\t<\/div>\n\t\t\t\t\t<\/div>\n\t\t\t\t<\/div>\n\t\t\t<\/div>\n\t\t<\/div>\n\t<\/div>\n<\/div>\n","protected":false},"excerpt":{"rendered":"","protected":false},"author":14,"featured_media":0,"parent":17042,"menu_order":83,"comment_status":"closed","ping_status":"closed","template":"","meta":{"_acf_changed":false,"_oasis_is_in_workflow":0,"_oasis_original":0,"om_disable_all_campaigns":false,"inline_featured_image":false,"_monsterinsights_skip_tracking":false,"_monsterinsights_sitenote_active":false,"_monsterinsights_sitenote_note":"","_monsterinsights_sitenote_category":0,"footnotes":""},"page_category":[117],"class_list":["post-17820","page","type-page","status-publish","hentry"],"acf":[],"aioseo_notices":[],"aioseo_head":"\n\t\t<!-- All in One SEO Pro 4.6.2 - aioseo.com -->\n\t\t<meta name=\"description\" content=\"Nuestras soluciones para lunas Automotriz pueden cortar los rayos ultravioleta (UV) e infrarrojos (IR) para un interior del veh\u00c3culo m\u00c3\u00a1s c\u00c3\u00b3modo y beneficioso para la salud.\" \/>\n\t\t<meta name=\"robots\" content=\"max-image-preview:large\" \/>\n\t\t<meta name=\"google-site-verification\" content=\"LGoHK3imcI57fEDyHDnPGNxrBKyRAWvyS1_pmekTNEU\" \/>\n\t\t<link rel=\"canonical\" href=\"https:\/\/www.s-lecfilm.com\/es\/news\/puv-comfort\/\" \/>\n\t\t<meta name=\"generator\" content=\"All in One SEO Pro (AIOSEO) 4.6.2\" \/>\n\t\t<meta property=\"og:locale\" content=\"es_ES\" \/>\n\t\t<meta property=\"og:site_name\" content=\"SEKISUI S-LEC\" \/>\n\t\t<meta property=\"og:type\" content=\"article\" \/>\n\t\t<meta property=\"og:title\" content=\"Prevenir los efectos de los rayos infrarrojos | SEKISUI S-LEC\" \/>\n\t\t<meta property=\"og:description\" content=\"Nuestras soluciones para lunas Automotriz pueden cortar los rayos ultravioleta (UV) e infrarrojos (IR) para un interior del veh\u00c3culo m\u00c3\u00a1s c\u00c3\u00b3modo y beneficioso para la salud.\" \/>\n\t\t<meta property=\"og:url\" content=\"https:\/\/www.s-lecfilm.com\/es\/news\/puv-comfort\/\" \/>\n\t\t<meta property=\"og:image\" content=\"https:\/\/www.s-lecfilm.com\/wp-content\/uploads\/puv-comfort_hero-3.webp\" \/>\n\t\t<meta property=\"og:image:secure_url\" content=\"https:\/\/www.s-lecfilm.com\/wp-content\/uploads\/puv-comfort_hero-3.webp\" \/>\n\t\t<meta property=\"og:image:width\" content=\"1920\" \/>\n\t\t<meta property=\"og:image:height\" content=\"1080\" \/>\n\t\t<meta property=\"article:published_time\" content=\"2023-10-25T08:54:38+00:00\" \/>\n\t\t<meta property=\"article:modified_time\" content=\"2024-09-26T04:51:54+00:00\" \/>\n\t\t<meta name=\"twitter:card\" content=\"summary_large_image\" \/>\n\t\t<meta name=\"twitter:title\" content=\"Prevenir los efectos de los rayos infrarrojos | SEKISUI S-LEC\" \/>\n\t\t<meta name=\"twitter:description\" content=\"Nuestras soluciones para lunas Automotriz pueden cortar los rayos ultravioleta (UV) e infrarrojos (IR) para un interior del veh\u00c3culo m\u00c3\u00a1s c\u00c3\u00b3modo y beneficioso para la salud.\" \/>\n\t\t<meta name=\"twitter:image\" content=\"https:\/\/www.s-lecfilm.com\/wp-content\/uploads\/2023\/01\/Open-Graph-Image.png\" \/>\n\t\t<script type=\"application\/ld+json\" class=\"aioseo-schema\">\n\t\t\t{\"@context\":\"https:\\\/\\\/schema.org\",\"@graph\":[{\"@type\":\"BreadcrumbList\",\"@id\":\"https:\\\/\\\/www.s-lecfilm.com\\\/es\\\/news\\\/puv-comfort\\\/#breadcrumblist\",\"itemListElement\":[{\"@type\":\"ListItem\",\"@id\":\"https:\\\/\\\/www.s-lecfilm.com\\\/es\\\/#listItem\",\"position\":1,\"name\":\"Hogar\",\"item\":\"https:\\\/\\\/www.s-lecfilm.com\\\/es\\\/\",\"nextItem\":\"https:\\\/\\\/www.s-lecfilm.com\\\/es\\\/news\\\/#listItem\"},{\"@type\":\"ListItem\",\"@id\":\"https:\\\/\\\/www.s-lecfilm.com\\\/es\\\/news\\\/#listItem\",\"position\":2,\"name\":\"\\\/es\\\/news\\\/\",\"item\":\"https:\\\/\\\/www.s-lecfilm.com\\\/es\\\/news\\\/\",\"nextItem\":\"https:\\\/\\\/www.s-lecfilm.com\\\/es\\\/news\\\/puv-comfort\\\/#listItem\",\"previousItem\":\"https:\\\/\\\/www.s-lecfilm.com\\\/es\\\/#listItem\"},{\"@type\":\"ListItem\",\"@id\":\"https:\\\/\\\/www.s-lecfilm.com\\\/es\\\/news\\\/puv-comfort\\\/#listItem\",\"position\":3,\"name\":\"\\\/es\\\/news\\\/puv-comfort\\\/\",\"previousItem\":\"https:\\\/\\\/www.s-lecfilm.com\\\/es\\\/news\\\/#listItem\"}]},{\"@type\":\"Organization\",\"@id\":\"https:\\\/\\\/www.s-lecfilm.com\\\/es\\\/#organization\",\"name\":\"s-lecfilm\",\"url\":\"https:\\\/\\\/www.s-lecfilm.com\\\/es\\\/\"},{\"@type\":\"WebPage\",\"@id\":\"https:\\\/\\\/www.s-lecfilm.com\\\/es\\\/news\\\/puv-comfort\\\/#webpage\",\"url\":\"https:\\\/\\\/www.s-lecfilm.com\\\/es\\\/news\\\/puv-comfort\\\/\",\"name\":\"Prevenir los efectos de los rayos infrarrojos | SEKISUI S-LEC\",\"description\":\"Nuestras soluciones para lunas Automotriz pueden cortar los rayos ultravioleta (UV) e infrarrojos (IR) para un interior del veh\\u00c3culo m\\u00c3\\u00a1s c\\u00c3\\u00b3modo y beneficioso para la salud.\",\"inLanguage\":\"es-ES\",\"isPartOf\":{\"@id\":\"https:\\\/\\\/www.s-lecfilm.com\\\/es\\\/#website\"},\"breadcrumb\":{\"@id\":\"https:\\\/\\\/www.s-lecfilm.com\\\/es\\\/news\\\/puv-comfort\\\/#breadcrumblist\"},\"datePublished\":\"2023-10-25T17:54:38+09:00\",\"dateModified\":\"2024-09-26T13:51:54+09:00\"},{\"@type\":\"WebSite\",\"@id\":\"https:\\\/\\\/www.s-lecfilm.com\\\/es\\\/#website\",\"url\":\"https:\\\/\\\/www.s-lecfilm.com\\\/es\\\/\",\"name\":\"s-lecfilm\",\"inLanguage\":\"es-ES\",\"publisher\":{\"@id\":\"https:\\\/\\\/www.s-lecfilm.com\\\/es\\\/#organization\"}}]}\n\t\t<\/script>\n\t\t<!-- All in One SEO Pro -->\r\n\t\t<title>Prevenir los efectos de los rayos infrarrojos | SEKISUI S-LEC<\/title>\n\n","aioseo_head_json":{"title":"Prevenir los efectos de los rayos infrarrojos | SEKISUI S-LEC","description":"Nuestras soluciones para lunas Automotriz pueden cortar los rayos ultravioleta (UV) e infrarrojos (IR) para un interior del veh\u00c3culo m\u00c3\u00a1s c\u00c3\u00b3modo y beneficioso para la salud.","canonical_url":"https:\/\/www.s-lecfilm.com\/es\/news\/puv-comfort\/","robots":"max-image-preview:large","keywords":"","webmasterTools":{"google-site-verification":"LGoHK3imcI57fEDyHDnPGNxrBKyRAWvyS1_pmekTNEU","miscellaneous":""},"og:locale":"es_ES","og:site_name":"SEKISUI S-LEC","og:type":"article","og:title":"Prevenir los efectos de los rayos infrarrojos | SEKISUI S-LEC","og:description":"Nuestras soluciones para lunas Automotriz pueden cortar los rayos ultravioleta (UV) e infrarrojos (IR) para un interior del veh\u00c3culo m\u00c3\u00a1s c\u00c3\u00b3modo y beneficioso para la salud.","og:url":"https:\/\/www.s-lecfilm.com\/es\/news\/puv-comfort\/","og:image":"https:\/\/www.s-lecfilm.com\/wp-content\/uploads\/puv-comfort_hero-3.webp","og:image:secure_url":"https:\/\/www.s-lecfilm.com\/wp-content\/uploads\/puv-comfort_hero-3.webp","og:image:width":1920,"og:image:height":1080,"article:published_time":"2023-10-25T08:54:38+00:00","article:modified_time":"2024-09-26T04:51:54+00:00","twitter:card":"summary_large_image","twitter:title":"Prevenir los efectos de los rayos infrarrojos | SEKISUI S-LEC","twitter:description":"Nuestras soluciones para lunas Automotriz pueden cortar los rayos ultravioleta (UV) e infrarrojos (IR) para un interior del veh\u00c3culo m\u00c3\u00a1s c\u00c3\u00b3modo y beneficioso para la salud.","twitter:image":"https:\/\/www.s-lecfilm.com\/wp-content\/uploads\/2023\/01\/Open-Graph-Image.png","schema":{"@context":"https:\/\/schema.org","@graph":[{"@type":"BreadcrumbList","@id":"https:\/\/www.s-lecfilm.com\/es\/news\/puv-comfort\/#breadcrumblist","itemListElement":[{"@type":"ListItem","@id":"https:\/\/www.s-lecfilm.com\/es\/#listItem","position":1,"name":"Hogar","item":"https:\/\/www.s-lecfilm.com\/es\/","nextItem":"https:\/\/www.s-lecfilm.com\/es\/news\/#listItem"},{"@type":"ListItem","@id":"https:\/\/www.s-lecfilm.com\/es\/news\/#listItem","position":2,"name":"\/es\/news\/","item":"https:\/\/www.s-lecfilm.com\/es\/news\/","nextItem":"https:\/\/www.s-lecfilm.com\/es\/news\/puv-comfort\/#listItem","previousItem":"https:\/\/www.s-lecfilm.com\/es\/#listItem"},{"@type":"ListItem","@id":"https:\/\/www.s-lecfilm.com\/es\/news\/puv-comfort\/#listItem","position":3,"name":"\/es\/news\/puv-comfort\/","previousItem":"https:\/\/www.s-lecfilm.com\/es\/news\/#listItem"}]},{"@type":"Organization","@id":"https:\/\/www.s-lecfilm.com\/es\/#organization","name":"s-lecfilm","url":"https:\/\/www.s-lecfilm.com\/es\/"},{"@type":"WebPage","@id":"https:\/\/www.s-lecfilm.com\/es\/news\/puv-comfort\/#webpage","url":"https:\/\/www.s-lecfilm.com\/es\/news\/puv-comfort\/","name":"Prevenir los efectos de los rayos infrarrojos | SEKISUI S-LEC","description":"Nuestras soluciones para lunas Automotriz pueden cortar los rayos ultravioleta (UV) e infrarrojos (IR) para un interior del veh\u00c3culo m\u00c3\u00a1s c\u00c3\u00b3modo y beneficioso para la salud.","inLanguage":"es-ES","isPartOf":{"@id":"https:\/\/www.s-lecfilm.com\/es\/#website"},"breadcrumb":{"@id":"https:\/\/www.s-lecfilm.com\/es\/news\/puv-comfort\/#breadcrumblist"},"datePublished":"2023-10-25T17:54:38+09:00","dateModified":"2024-09-26T13:51:54+09:00"},{"@type":"WebSite","@id":"https:\/\/www.s-lecfilm.com\/es\/#website","url":"https:\/\/www.s-lecfilm.com\/es\/","name":"s-lecfilm","inLanguage":"es-ES","publisher":{"@id":"https:\/\/www.s-lecfilm.com\/es\/#organization"}}]}},"aioseo_meta_data":{"post_id":"17820","title":"Prevenir los efectos de los rayos infrarrojos | SEKISUI S-LEC","description":"Nuestras soluciones para lunas Automotriz pueden cortar los rayos ultravioleta (UV) e infrarrojos (IR) para un interior del veh\u00c3culo m\u00c3\u00a1s c\u00c3\u00b3modo y beneficioso para la salud.","keywords":null,"keyphrases":"{\"focus\":{\"keyphrase\":\"\",\"score\":0,\"analysis\":{\"keyphraseInTitle\":{\"score\":0,\"maxScore\":9,\"error\":1}}},\"additional\":[]}","primary_term":null,"canonical_url":null,"og_title":null,"og_description":null,"og_object_type":"default","og_image_type":"custom_image","og_image_url":"https:\/\/www.s-lecfilm.com\/wp-content\/uploads\/puv-comfort_hero-3.webp","og_image_width":"1920","og_image_height":"1080","og_image_custom_url":"https:\/\/www.s-lecfilm.com\/wp-content\/uploads\/puv-comfort_hero-3.webp","og_image_custom_fields":null,"og_video":"","og_custom_url":null,"og_article_section":null,"og_article_tags":null,"twitter_use_og":false,"twitter_card":"default","twitter_image_type":"default","twitter_image_url":null,"twitter_image_custom_url":null,"twitter_image_custom_fields":null,"twitter_title":null,"twitter_description":null,"schema":{"blockGraphs":[],"customGraphs":[],"default":{"data":{"Article":[],"Course":[],"Dataset":[],"FAQPage":[],"Movie":[],"Person":[],"Product":[],"Recipe":[],"Service":[],"SoftwareApplication":[],"WebPage":[]},"graphName":"WebPage","isEnabled":true},"graphs":[]},"schema_type":"default","schema_type_options":null,"pillar_content":false,"robots_default":true,"robots_noindex":true,"robots_noarchive":false,"robots_nosnippet":false,"robots_nofollow":false,"robots_noimageindex":false,"robots_noodp":false,"robots_notranslate":false,"robots_max_snippet":"-1","robots_max_videopreview":"-1","robots_max_imagepreview":"large","priority":null,"frequency":"default","local_seo":null,"limit_modified_date":false,"reviewed_by":null,"open_ai":{"title":{"suggestions":[],"usage":0},"description":{"suggestions":[],"usage":0}},"created":"2024-03-06 17:00:33","updated":"2024-09-26 04:51:54"},"aioseo_breadcrumb":"<div class=\"aioseo-breadcrumbs\"><span class=\"aioseo-breadcrumb\">\n\t<a href=\"https:\/\/www.s-lecfilm.com\/es\/\" title=\"\u30db\u30fc\u30e0\">\u30db\u30fc\u30e0<\/a>\n<\/span><span class=\"aioseo-breadcrumb-separator\">&raquo;<\/span><span class=\"aioseo-breadcrumb\">\n\t<a href=\"https:\/\/www.s-lecfilm.com\/es\/news\/\" title=\"Privado: \/es\/news\/\">Privado: \/es\/news\/<\/a>\n<\/span><span class=\"aioseo-breadcrumb-separator\">&raquo;<\/span><span class=\"aioseo-breadcrumb\">\n\t\/es\/news\/puv-comfort\/\n<\/span><\/div>","aioseo_breadcrumb_json":[{"label":"\u30db\u30fc\u30e0","link":"https:\/\/www.s-lecfilm.com\/es\/"},{"label":"Privado: \/es\/news\/","link":"https:\/\/www.s-lecfilm.com\/es\/news\/"},{"label":"\/es\/news\/puv-comfort\/","link":"https:\/\/www.s-lecfilm.com\/es\/news\/puv-comfort\/"}],"_links":{"self":[{"href":"https:\/\/www.s-lecfilm.com\/es\/wp-json\/wp\/v2\/pages\/17820"}],"collection":[{"href":"https:\/\/www.s-lecfilm.com\/es\/wp-json\/wp\/v2\/pages"}],"about":[{"href":"https:\/\/www.s-lecfilm.com\/es\/wp-json\/wp\/v2\/types\/page"}],"author":[{"embeddable":true,"href":"https:\/\/www.s-lecfilm.com\/es\/wp-json\/wp\/v2\/users\/14"}],"replies":[{"embeddable":true,"href":"https:\/\/www.s-lecfilm.com\/es\/wp-json\/wp\/v2\/comments?post=17820"}],"version-history":[{"count":10,"href":"https:\/\/www.s-lecfilm.com\/es\/wp-json\/wp\/v2\/pages\/17820\/revisions"}],"predecessor-version":[{"id":26158,"href":"https:\/\/www.s-lecfilm.com\/es\/wp-json\/wp\/v2\/pages\/17820\/revisions\/26158"}],"up":[{"embeddable":true,"href":"https:\/\/www.s-lecfilm.com\/es\/wp-json\/wp\/v2\/pages\/17042"}],"wp:attachment":[{"href":"https:\/\/www.s-lecfilm.com\/es\/wp-json\/wp\/v2\/media?parent=17820"}],"wp:term":[{"taxonomy":"page_category","embeddable":true,"href":"https:\/\/www.s-lecfilm.com\/es\/wp-json\/wp\/v2\/page_category?post=17820"}],"curies":[{"name":"wp","href":"https:\/\/api.w.org\/{rel}","templated":true}]}}