{"id":17767,"date":"2023-11-24T10:43:43","date_gmt":"2023-11-24T01:43:43","guid":{"rendered":"https:\/\/www.s-lecfilm.com\/en-news\/en-news-what-is-hud\/"},"modified":"2024-09-26T10:43:41","modified_gmt":"2024-09-26T01:43:41","slug":"en-news-what-is-hud","status":"publish","type":"page","link":"https:\/\/www.s-lecfilm.com\/es\/news\/what-is-HUD\/","title":{"rendered":"\/es\/news\/what-is-HUD\/"},"content":{"rendered":"<div class=\"frame pt-0\" style=\"clear: both;\">\n\t<div class=\"hero-flame\" style=\"height:62vh;margin:0;\">\n\t\t<div class=\"hero-flame-bg\">\n\t\t\t<img loading=\"lazy\" decoding=\"async\" class=\"hero-flame-bg-img\" src=\"https:\/\/www.s-lecfilm.com\/wp-content\/uploads\/Hero_what-is-hud.webp\" width=\"1920\" height=\"860\" alt=\"A head-up display device that reflects driving info at the driver&#039;s eye level.\" style=\"object-position:0% 75%;\">\n\t\t<\/div>\n\t\t<div class=\"hero-flame-content\">\n\t\t\t\t\t\t\t<div class=\"hero-text\">\n\t\t\t\t\t<div class=\"hero-text-title\">\n\t\t\t\t\t\t\u00bfQu\u00e9 es Head-up Display?\t\t\t\t\t<\/div>\n\t\t\t\t\t\t\t\t\t<\/div>\n\t\t\t\t<\/div>\n\t<\/div>\n<\/div>\n\n<div class=\"frame pt-0 pb-0\">\n\t\n<div class=\"container pb-0 mb-0\">\n\t\n<H2 class=\"c-title-level02 section-subtitle\">\u00bfQu\u00e9 es Head-up Display?<\/H2>\n\n<div class=\"c-layout-frame section-flame\">\n\t\t<div class=\"row align-items-center\">\n\t\t<div class=\"col-lg-6\">\n\t\t\t<div class=\"feature-img text-left\">\n\t\t\t\t\t\t\t\t<img decoding=\"async\" src=\"https:\/\/www.s-lecfilm.com\/wp-content\/uploads\/aboutus_contens_hud-1-1024x567.webp\"  alt=\"Head-up display (HUD) that effectively reflects information from the driver&#039;s eyes\">\n\t\t\t\t\t\t\t<\/div>\n\t\t<\/div>\n\t\t<div class=\"col-lg-6\">\n\t\t\t<div class=\"feature-cont\">\n\t\t\t\t<div class=\"acf-innerblocks-container\">\n\n<p>Head-up Display (HUD) es un dispositivo que muestra informaci\u00f3n relacionada con la conducci\u00f3n, como el veloc\u00edmetro, el nivel de gasolina\/energ\u00eda, el kilometraje, la navegaci\u00f3n, las se\u00f1ales de tr\u00e1fico y las advertencias de \u00e1ngulo muerto en un lugar f\u00e1cilmente accesible a la l\u00ednea de visi\u00f3n del conductor. El HUD es cada vez m\u00e1s popular en todo el mundo.<\/p>\n\n\n\n<p>Los conductores deben mantener la vista en la carretera tanto como sea posible mientras conducen, ya que el entorno que les rodea cambia incluso cuando vuelven moment\u00e1neamente los ojos al panel de instrumentos para comprobar la velocidad de conducci\u00f3n o la navegaci\u00f3n.<\/p>\n\n\n\n<p>El HUD contribuye a una conducci\u00f3n m\u00e1s segura al permitir que los conductores pasen menos tiempo moviendo mucho los ojos y ajustando el enfoque.<\/p>\n\n<\/div>\t\t\t<\/div>\n\t\t<\/div>\n\t<\/div>\n\t<\/div>\n\n\n<H1 class=\"c-title-level02 section-subtitle\">Caracter\u00edsticas del Head-up Display<\/H1>\n\n<div class=\"c-layout-frame section-flame\">\n\t\t<div class=\"row align-items-center\">\n\t\t<div class=\"col-lg-6 order-lg-1 order-0\">\n\t\t\t<div class=\"feature-img text-left\">\n\t\t\t\t\t\t\t\t<img decoding=\"async\" src=\"https:\/\/www.s-lecfilm.com\/wp-content\/uploads\/Traffic-jam-in-sunlight-1024x688.webp\"  alt=\"Features of head up displays that effectively reflect information from the driver&#039;s eyes\">\n\t\t\t\t\t\t\t<\/div>\n\t\t<\/div>\n\t\t<div class=\"col-lg-6 order-lg-0 order-1\">\n\t\t\t<div class=\"feature-cont\">\n\t\t\t\t<div class=\"acf-innerblocks-container\">\n\n<p>Los Head-up Display proyectan eficazmente la informaci\u00f3n en la l\u00ednea de visi\u00f3n del conductor, permiti\u00e9ndole obtener diversa informaci\u00f3n sin apartar la vista de la carretera.<\/p>\n\n\n\n<p>En los \u00faltimos a\u00f1os, un n\u00famero cada vez mayor de HUD recogen informaci\u00f3n en tiempo real sobre la carretera, como peatones, se\u00f1ales de tr\u00e1fico, carteles y carriles, y la combinan con datos como la velocidad y la distancia entre veh\u00edculos para proyectar avisos de posibles accidentes en el parabrisas.<\/p>\n\n\n\n<p>Al mejorar la velocidad de reacci\u00f3n del conductor y su conocimiento de la situaci\u00f3n, se espera que los HUD protejan a conductores y peatones, evitando accidentes de tr\u00e1fico. Est\u00e1n apareciendo nuevas funciones de los HUD, como la visualizaci\u00f3n en 3D de peatones, objetos, el asistente de carril y el asistente de distancia activa.<\/p>\n\n<\/div>\t\t\t<\/div>\n\t\t<\/div>\n\t<\/div>\n\t<\/div>\n\n\n<H2 class=\"c-title-level02 section-subtitle\">Tipos directo y combiner<\/H2>\n\n<div class=\"c-layout-frame section-flame\">\n\t\t<div class=\"row align-items-center\">\n\t\t<div class=\"col-lg-6\">\n\t\t\t<div class=\"feature-img text-center\">\n\t\t\t\t\t\t\t\t<img decoding=\"async\" src=\"https:\/\/www.s-lecfilm.com\/wp-content\/uploads\/Direct-vs-Combiner-1024x718.webp\"  alt=\"There are two types of head-up displays, direct type and combiner type\">\n\t\t\t\t\t\t\t<\/div>\n\t\t<\/div>\n\t\t<div class=\"col-lg-6\">\n\t\t\t<div class=\"feature-cont\">\n\t\t\t\t<div class=\"acf-innerblocks-container\">\n\n<p>En el mercado existen dos tipos de sistemas Head-up Display: los de tipo directo y los de tipo combiner.<\/p>\n\n\n\n<p>El tipo directo es un sistema HUD que proyecta im\u00e1genes directamente sobre el parabrisas. Es superior porque el conductor puede captar informaci\u00f3n sin mover los ojos.<\/p>\n\n\n\n<p>El tipo combiner muestra la informaci\u00f3n en un peque\u00f1o panel transl\u00facido llamado combiner, que requiere que el conductor baje su l\u00ednea de visi\u00f3n hasta el marco del combiner instalado en el tablero. En general, la distancia de los ojos del conductor a la pantalla de visualizaci\u00f3n es m\u00e1s corta, y la pantalla de visualizaci\u00f3n es m\u00e1s peque\u00f1a que la del tipo directo.<\/p>\n\n<\/div>\t\t\t<\/div>\n\t\t<\/div>\n\t<\/div>\n\t<\/div>\n\n\n<H2 class=\"c-title-level02 section-subtitle\">AR-HUD<\/H2>\n\n<div class=\"c-layout-frame section-flame\">\n\t\t<div class=\"row align-items-center\">\n\t\t<div class=\"col-lg-6 order-lg-1 order-0\">\n\t\t\t<div class=\"feature-img text-left\">\n\t\t\t\t\t\t\t\t<img decoding=\"async\" src=\"https:\/\/www.s-lecfilm.com\/wp-content\/uploads\/Wedge_leaflet_img1_0601-1-1024x653-1-1024x653.webp\"  alt=\"Extermination reality head-up display (AR-HUD) that displays driving information on a windshield\">\n\t\t\t\t\t\t\t<\/div>\n\t\t<\/div>\n\t\t<div class=\"col-lg-6 order-lg-0 order-1\">\n\t\t\t<div class=\"feature-cont\">\n\t\t\t\t<div class=\"acf-innerblocks-container\">\n\n<p>AR-HUD, o \u00abaugmented reality head-up display\u00bb, es un sistema que muestra en el parabrisas informaci\u00f3n de navegaci\u00f3n, avisos de las funciones ADAS, Sistemas Avanzados de Asistencia al Conductor, y otra informaci\u00f3n importante sobre la carretera junto con informaci\u00f3n real de la conducci\u00f3n.<\/p>\n\n\n\n<p>Al recopilar informaci\u00f3n sobre la carretera en tiempo real mediante sensores y superponer gr\u00e1ficos de realidad aumentada (RA) sobre el paisaje que observa el conductor, el sistema permite a \u00e9ste reconocer m\u00e1s r\u00e1pidamente a los peatones y los obst\u00e1culos de la carretera sin desplazar significativamente el punto de vista del conductor, lo que contribuye a una conducci\u00f3n m\u00e1s segura.<\/p>\n\n<\/div>\t\t\t<\/div>\n\t\t<\/div>\n\t<\/div>\n\t<\/div>\n\n\n<H2 class=\"c-title-level02 section-subtitle\">HUD de doble plano<\/H2>\n\n<div class=\"c-layout-frame section-flame\">\n\t\t<div class=\"row align-items-center\">\n\t\t<div class=\"col-lg-6\">\n\t\t\t<div class=\"feature-img text-center\">\n\t\t\t\t\t\t\t\t<img decoding=\"async\" src=\"https:\/\/www.s-lecfilm.com\/wp-content\/uploads\/Wedge-leaflet_img2_0603-1024x607.webp\"  alt=\"Dula-plane HUD that can display the information required for driving into two screens\">\n\t\t\t\t\t\t\t<\/div>\n\t\t<\/div>\n\t\t<div class=\"col-lg-6\">\n\t\t\t<div class=\"feature-cont\">\n\t\t\t\t<div class=\"acf-innerblocks-container\">\n\n<p>La tecnolog\u00eda HUD sigue evolucionando cada d\u00eda para una conducci\u00f3n segura. El recientemente presentado AR-HUD puede mostrar la informaci\u00f3n necesaria para la conducci\u00f3n en dos pantallas.<\/p>\n\n\n\n<p>La informaci\u00f3n din\u00e1mica de apoyo a la conducci\u00f3n, como navegaci\u00f3n, ADAS y gu\u00eda de ruta, se muestra a 10 metros del conductor. La informaci\u00f3n sobre la carretera, como la velocidad, los l\u00edmites de velocidad y las se\u00f1ales, se muestra en otra pantalla situada a unos 3 metros del conductor.<\/p>\n\n\n\n<p>Al mostrar diversa informaci\u00f3n relacionada con la conducci\u00f3n en dos pantallas, el sistema mejora la capacidad del conductor para comprender la informaci\u00f3n sin problemas, lo que se traduce en una experiencia de conducci\u00f3n segura y c\u00f3moda.<\/p>\n\n<\/div>\t\t\t<\/div>\n\t\t<\/div>\n\t<\/div>\n\t<\/div>\n\n\n<H2 class=\"c-title-level02 section-subtitle\">Investigaci\u00f3n del mercado de Head-up Display<\/H2>\n\n<div class=\"c-layout-frame section-flame\">\n\t\t<div class=\"row align-items-center\">\n\t\t<div class=\"col-lg-6 order-lg-1 order-0\">\n\t\t\t<div class=\"feature-img text-left\">\n\t\t\t\t\t\t\t\t<img decoding=\"async\" src=\"https:\/\/www.s-lecfilm.com\/wp-content\/uploads\/puv-comfort_contents_study-2-1024x683.webp\"  alt=\"Survey implementation by SEKISUI S-LEC\">\n\t\t\t\t\t\t\t<\/div>\n\t\t<\/div>\n\t\t<div class=\"col-lg-6 order-lg-0 order-1\">\n\t\t\t<div class=\"feature-cont\">\n\t\t\t\t<div class=\"acf-innerblocks-container\">\n\n<p>SEKISUI S-LEC es un proveedor mundial de pel\u00edculas intercalarias de PVB en forma de cu\u00f1a para HUD. Esta capa intermedia controla la refracci\u00f3n de la luz para mostrar una imagen clara proyectada desde el HUD, evitando una imagen doble.<\/p>\n\n\n\n<p>Hemos contribuido a difundir entornos de conducci\u00f3n seguros y confortables gracias a las pel\u00edculas intercalares para vidrio laminado, que tambi\u00e9n son v\u00e1lidas para los HUD. Extender el uso de los HUD a todo el mercado es una de nuestras visiones.<\/p>\n\n\n\n<p>Para conocer las actitudes y el comportamiento de compra de los consumidores que eligen veh\u00edculos equipados con HUD, SEKISUI S-LEC realiz\u00f3 entrevistas a propietarios de autom\u00f3viles en Estados Unidos, Alemania, Francia, Pa\u00edses Bajos y China, en colaboraci\u00f3n con una empresa de investigaci\u00f3n.<\/p>\n\n\n\n<p>Para m\u00e1s informaci\u00f3n, pulse aqu\u00ed.<\/p>\n\n\n<div class=\"c-button-type02 feature-cont-btn text-center\">\n\t<a href=\"\/es\/news\/HUD-expansion\/\" >\n\t\t<button class=\"btn btn-primary is-caret-link\">\n\t\t\t\t\t\t\tConozca m\u00e1s\t\t\t\t\t\t<\/button>\n\t<\/a>\n<\/div>\n\n<\/div>\t\t\t<\/div>\n\t\t<\/div>\n\t<\/div>\n\t<\/div>\n\n<\/div>\n\n<\/div>\n\n\n\n<div class=\"frame is-bg-img c-more-detail \">\n\t<div class=\"container\">\n\t\t<div class=\"row justify-content-center\">\n\t\t\t<div class=\"col-lg-10\">\n\t\t\t\t<div class=\"row\">\n\t\t\t\t\t<div class=\"col-lg-7 mb-5 mb-lg-0\">\n\t\t\t\t\t\t<div class=\"contact-footer-text\">\n\t\t\t\t\t\t\t\u00bfQuiere saber m\u00e1s?\t\t\t\t\t\t<\/div>\n\t\t\t\t\t\t<div class=\"contact-footer-btn\">\n\t\t\t\t\t\t\t<a href=\"\/es\/download\/all\/\" target=\"_blank\">\n\t\t\t\t\t\t\t\t<button class=\"btn btn-primary fa-download-check\">\n\t\t\t\t\t\t\t\t\t\t\t\t\t\t\t\t\t\t\tDescargas\t\t\t\t\t\t\t\t\t\t\t\t\t\t\t\t\t<\/button>\n\t\t\t\t\t\t\t<\/a>\n\t\t\t\t\t\t\t<a href=\"\/es\/download\/Inquiry\/\" target=\"_blank\">\n\t\t\t\t\t\t\t\t<button class=\"btn btn-primary is-external-link\">\n\t\t\t\t\t\t\t\t\t\t\t\t\t\t\t\t\t\t\tCont\u00e1ctenos\t\t\t\t\t\t\t\t\t\t\t\t\t\t\t\t\t<\/button>\n\t\t\t\t\t\t\t<\/a>\n\t\t\t\t\t\t<\/div>\n\t\t\t\t\t<\/div>\n\t\t\t\t\t<div class=\"col-lg-5\">\n\t\t\t\t\t\t<div class=\"contact-footer-img\">\n\t\t\t\t\t\t\t\t\t\t\t\t\t\t<img decoding=\"async\" src=\"https:\/\/www.s-lecfilm.com\/wp-content\/uploads\/thankyou_hero-1-1-1024x576.webp\" alt=\"Those who want to know more about S-LEC\u2122 Film\">\n\t\t\t\t\t\t\t\t\t\t\t\t\t<\/div>\n\t\t\t\t\t<\/div>\n\t\t\t\t<\/div>\n\t\t\t<\/div>\n\t\t<\/div>\n\t<\/div>\n<\/div>\n","protected":false},"excerpt":{"rendered":"","protected":false},"author":14,"featured_media":0,"parent":17042,"menu_order":92,"comment_status":"closed","ping_status":"closed","template":"","meta":{"_acf_changed":false,"_oasis_is_in_workflow":0,"_oasis_original":0,"om_disable_all_campaigns":false,"inline_featured_image":false,"_monsterinsights_skip_tracking":false,"_monsterinsights_sitenote_active":false,"_monsterinsights_sitenote_note":"","_monsterinsights_sitenote_category":0,"footnotes":""},"page_category":[117],"class_list":["post-17767","page","type-page","status-publish","hentry"],"acf":[],"aioseo_notices":[],"aioseo_head":"\n\t\t<!-- All in One SEO Pro 4.6.2 - aioseo.com -->\n\t\t<meta name=\"description\" content=\"Head-up Display, HUD, es un sistema que proyecta en el parabrisas informaci\u00f3n diversa, como la velocidad y la navegaci\u00f3n, lo que contribuye a mejorar la seguridad de la conducci\u00f3n.\" \/>\n\t\t<meta name=\"robots\" content=\"max-image-preview:large\" \/>\n\t\t<meta name=\"google-site-verification\" content=\"LGoHK3imcI57fEDyHDnPGNxrBKyRAWvyS1_pmekTNEU\" \/>\n\t\t<link rel=\"canonical\" href=\"https:\/\/www.s-lecfilm.com\/es\/news\/what-is-HUD\/\" \/>\n\t\t<meta name=\"generator\" content=\"All in One SEO Pro (AIOSEO) 4.6.2\" \/>\n\t\t<meta property=\"og:locale\" content=\"es_ES\" \/>\n\t\t<meta property=\"og:site_name\" content=\"SEKISUI S-LEC\" \/>\n\t\t<meta property=\"og:type\" content=\"article\" \/>\n\t\t<meta property=\"og:title\" content=\"\u00bfQu\u00e9 es el Head-up Display? | SEKISUI S-LEC\" \/>\n\t\t<meta property=\"og:description\" content=\"Head-up Display, HUD, es un sistema que proyecta en el parabrisas informaci\u00f3n diversa, como la velocidad y la navegaci\u00f3n, lo que contribuye a mejorar la seguridad de la conducci\u00f3n.\" \/>\n\t\t<meta property=\"og:url\" content=\"https:\/\/www.s-lecfilm.com\/es\/news\/what-is-HUD\/\" \/>\n\t\t<meta property=\"og:image\" content=\"https:\/\/www.s-lecfilm.com\/wp-content\/uploads\/shutterstock_554401909-1.webp\" \/>\n\t\t<meta property=\"og:image:secure_url\" content=\"https:\/\/www.s-lecfilm.com\/wp-content\/uploads\/shutterstock_554401909-1.webp\" \/>\n\t\t<meta property=\"og:image:width\" content=\"1920\" \/>\n\t\t<meta property=\"og:image:height\" content=\"860\" \/>\n\t\t<meta property=\"article:published_time\" content=\"2023-11-24T01:43:43+00:00\" \/>\n\t\t<meta property=\"article:modified_time\" content=\"2024-09-26T01:43:41+00:00\" \/>\n\t\t<meta name=\"twitter:card\" content=\"summary_large_image\" \/>\n\t\t<meta name=\"twitter:title\" content=\"\u00bfQu\u00e9 es el Head-up Display? | SEKISUI S-LEC\" \/>\n\t\t<meta name=\"twitter:description\" content=\"Head-up Display, HUD, es un sistema que proyecta en el parabrisas informaci\u00f3n diversa, como la velocidad y la navegaci\u00f3n, lo que contribuye a mejorar la seguridad de la conducci\u00f3n.\" \/>\n\t\t<meta name=\"twitter:image\" content=\"https:\/\/www.s-lecfilm.com\/wp-content\/uploads\/2023\/01\/Open-Graph-Image.png\" \/>\n\t\t<script type=\"application\/ld+json\" class=\"aioseo-schema\">\n\t\t\t{\"@context\":\"https:\\\/\\\/schema.org\",\"@graph\":[{\"@type\":\"BreadcrumbList\",\"@id\":\"https:\\\/\\\/www.s-lecfilm.com\\\/es\\\/news\\\/what-is-HUD\\\/#breadcrumblist\",\"itemListElement\":[{\"@type\":\"ListItem\",\"@id\":\"https:\\\/\\\/www.s-lecfilm.com\\\/es\\\/#listItem\",\"position\":1,\"name\":\"Hogar\",\"item\":\"https:\\\/\\\/www.s-lecfilm.com\\\/es\\\/\",\"nextItem\":\"https:\\\/\\\/www.s-lecfilm.com\\\/es\\\/news\\\/#listItem\"},{\"@type\":\"ListItem\",\"@id\":\"https:\\\/\\\/www.s-lecfilm.com\\\/es\\\/news\\\/#listItem\",\"position\":2,\"name\":\"\\\/es\\\/news\\\/\",\"item\":\"https:\\\/\\\/www.s-lecfilm.com\\\/es\\\/news\\\/\",\"nextItem\":\"https:\\\/\\\/www.s-lecfilm.com\\\/es\\\/news\\\/what-is-HUD\\\/#listItem\",\"previousItem\":\"https:\\\/\\\/www.s-lecfilm.com\\\/es\\\/#listItem\"},{\"@type\":\"ListItem\",\"@id\":\"https:\\\/\\\/www.s-lecfilm.com\\\/es\\\/news\\\/what-is-HUD\\\/#listItem\",\"position\":3,\"name\":\"\\\/es\\\/news\\\/what-is-HUD\\\/\",\"previousItem\":\"https:\\\/\\\/www.s-lecfilm.com\\\/es\\\/news\\\/#listItem\"}]},{\"@type\":\"Organization\",\"@id\":\"https:\\\/\\\/www.s-lecfilm.com\\\/es\\\/#organization\",\"name\":\"s-lecfilm\",\"url\":\"https:\\\/\\\/www.s-lecfilm.com\\\/es\\\/\"},{\"@type\":\"WebPage\",\"@id\":\"https:\\\/\\\/www.s-lecfilm.com\\\/es\\\/news\\\/what-is-HUD\\\/#webpage\",\"url\":\"https:\\\/\\\/www.s-lecfilm.com\\\/es\\\/news\\\/what-is-HUD\\\/\",\"name\":\"\\u00bfQu\\u00e9 es el Head-up Display? | SEKISUI S-LEC\",\"description\":\"Head-up Display, HUD, es un sistema que proyecta en el parabrisas informaci\\u00f3n diversa, como la velocidad y la navegaci\\u00f3n, lo que contribuye a mejorar la seguridad de la conducci\\u00f3n.\",\"inLanguage\":\"es-ES\",\"isPartOf\":{\"@id\":\"https:\\\/\\\/www.s-lecfilm.com\\\/es\\\/#website\"},\"breadcrumb\":{\"@id\":\"https:\\\/\\\/www.s-lecfilm.com\\\/es\\\/news\\\/what-is-HUD\\\/#breadcrumblist\"},\"datePublished\":\"2023-11-24T10:43:43+09:00\",\"dateModified\":\"2024-09-26T10:43:41+09:00\"},{\"@type\":\"WebSite\",\"@id\":\"https:\\\/\\\/www.s-lecfilm.com\\\/es\\\/#website\",\"url\":\"https:\\\/\\\/www.s-lecfilm.com\\\/es\\\/\",\"name\":\"s-lecfilm\",\"inLanguage\":\"es-ES\",\"publisher\":{\"@id\":\"https:\\\/\\\/www.s-lecfilm.com\\\/es\\\/#organization\"}}]}\n\t\t<\/script>\n\t\t<!-- All in One SEO Pro -->\r\n\t\t<title>\u00bfQu\u00e9 es el Head-up Display? | SEKISUI S-LEC<\/title>\n\n","aioseo_head_json":{"title":"\u00bfQu\u00e9 es el Head-up Display? | SEKISUI S-LEC","description":"Head-up Display, HUD, es un sistema que proyecta en el parabrisas informaci\u00f3n diversa, como la velocidad y la navegaci\u00f3n, lo que contribuye a mejorar la seguridad de la conducci\u00f3n.","canonical_url":"https:\/\/www.s-lecfilm.com\/es\/news\/what-is-HUD\/","robots":"max-image-preview:large","keywords":"","webmasterTools":{"google-site-verification":"LGoHK3imcI57fEDyHDnPGNxrBKyRAWvyS1_pmekTNEU","miscellaneous":""},"og:locale":"es_ES","og:site_name":"SEKISUI S-LEC","og:type":"article","og:title":"\u00bfQu\u00e9 es el Head-up Display? | SEKISUI S-LEC","og:description":"Head-up Display, HUD, es un sistema que proyecta en el parabrisas informaci\u00f3n diversa, como la velocidad y la navegaci\u00f3n, lo que contribuye a mejorar la seguridad de la conducci\u00f3n.","og:url":"https:\/\/www.s-lecfilm.com\/es\/news\/what-is-HUD\/","og:image":"https:\/\/www.s-lecfilm.com\/wp-content\/uploads\/shutterstock_554401909-1.webp","og:image:secure_url":"https:\/\/www.s-lecfilm.com\/wp-content\/uploads\/shutterstock_554401909-1.webp","og:image:width":1920,"og:image:height":860,"article:published_time":"2023-11-24T01:43:43+00:00","article:modified_time":"2024-09-26T01:43:41+00:00","twitter:card":"summary_large_image","twitter:title":"\u00bfQu\u00e9 es el Head-up Display? | SEKISUI S-LEC","twitter:description":"Head-up Display, HUD, es un sistema que proyecta en el parabrisas informaci\u00f3n diversa, como la velocidad y la navegaci\u00f3n, lo que contribuye a mejorar la seguridad de la conducci\u00f3n.","twitter:image":"https:\/\/www.s-lecfilm.com\/wp-content\/uploads\/2023\/01\/Open-Graph-Image.png","schema":{"@context":"https:\/\/schema.org","@graph":[{"@type":"BreadcrumbList","@id":"https:\/\/www.s-lecfilm.com\/es\/news\/what-is-HUD\/#breadcrumblist","itemListElement":[{"@type":"ListItem","@id":"https:\/\/www.s-lecfilm.com\/es\/#listItem","position":1,"name":"Hogar","item":"https:\/\/www.s-lecfilm.com\/es\/","nextItem":"https:\/\/www.s-lecfilm.com\/es\/news\/#listItem"},{"@type":"ListItem","@id":"https:\/\/www.s-lecfilm.com\/es\/news\/#listItem","position":2,"name":"\/es\/news\/","item":"https:\/\/www.s-lecfilm.com\/es\/news\/","nextItem":"https:\/\/www.s-lecfilm.com\/es\/news\/what-is-HUD\/#listItem","previousItem":"https:\/\/www.s-lecfilm.com\/es\/#listItem"},{"@type":"ListItem","@id":"https:\/\/www.s-lecfilm.com\/es\/news\/what-is-HUD\/#listItem","position":3,"name":"\/es\/news\/what-is-HUD\/","previousItem":"https:\/\/www.s-lecfilm.com\/es\/news\/#listItem"}]},{"@type":"Organization","@id":"https:\/\/www.s-lecfilm.com\/es\/#organization","name":"s-lecfilm","url":"https:\/\/www.s-lecfilm.com\/es\/"},{"@type":"WebPage","@id":"https:\/\/www.s-lecfilm.com\/es\/news\/what-is-HUD\/#webpage","url":"https:\/\/www.s-lecfilm.com\/es\/news\/what-is-HUD\/","name":"\u00bfQu\u00e9 es el Head-up Display? | SEKISUI S-LEC","description":"Head-up Display, HUD, es un sistema que proyecta en el parabrisas informaci\u00f3n diversa, como la velocidad y la navegaci\u00f3n, lo que contribuye a mejorar la seguridad de la conducci\u00f3n.","inLanguage":"es-ES","isPartOf":{"@id":"https:\/\/www.s-lecfilm.com\/es\/#website"},"breadcrumb":{"@id":"https:\/\/www.s-lecfilm.com\/es\/news\/what-is-HUD\/#breadcrumblist"},"datePublished":"2023-11-24T10:43:43+09:00","dateModified":"2024-09-26T10:43:41+09:00"},{"@type":"WebSite","@id":"https:\/\/www.s-lecfilm.com\/es\/#website","url":"https:\/\/www.s-lecfilm.com\/es\/","name":"s-lecfilm","inLanguage":"es-ES","publisher":{"@id":"https:\/\/www.s-lecfilm.com\/es\/#organization"}}]}},"aioseo_meta_data":{"post_id":"17767","title":"\u00bfQu\u00e9 es el Head-up Display? | SEKISUI S-LEC","description":"Head-up Display, HUD, es un sistema que proyecta en el parabrisas informaci\u00f3n diversa, como la velocidad y la navegaci\u00f3n, lo que contribuye a mejorar la seguridad de la conducci\u00f3n.","keywords":null,"keyphrases":"{\"focus\":{\"keyphrase\":\"\",\"score\":0,\"analysis\":{\"keyphraseInTitle\":{\"score\":0,\"maxScore\":9,\"error\":1}}},\"additional\":[]}","primary_term":null,"canonical_url":null,"og_title":null,"og_description":null,"og_object_type":"default","og_image_type":"custom_image","og_image_url":"https:\/\/www.s-lecfilm.com\/wp-content\/uploads\/shutterstock_554401909-1.webp","og_image_width":"1920","og_image_height":"860","og_image_custom_url":"https:\/\/www.s-lecfilm.com\/wp-content\/uploads\/shutterstock_554401909-1.webp","og_image_custom_fields":null,"og_video":"","og_custom_url":null,"og_article_section":null,"og_article_tags":null,"twitter_use_og":false,"twitter_card":"default","twitter_image_type":"default","twitter_image_url":null,"twitter_image_custom_url":null,"twitter_image_custom_fields":null,"twitter_title":null,"twitter_description":null,"schema":{"blockGraphs":[],"customGraphs":[],"default":{"data":{"Article":[],"Course":[],"Dataset":[],"FAQPage":[],"Movie":[],"Person":[],"Product":[],"Recipe":[],"Service":[],"SoftwareApplication":[],"WebPage":[]},"graphName":"WebPage","isEnabled":true},"graphs":[]},"schema_type":"default","schema_type_options":null,"pillar_content":false,"robots_default":true,"robots_noindex":true,"robots_noarchive":false,"robots_nosnippet":false,"robots_nofollow":false,"robots_noimageindex":false,"robots_noodp":false,"robots_notranslate":false,"robots_max_snippet":"-1","robots_max_videopreview":"-1","robots_max_imagepreview":"large","priority":null,"frequency":"default","local_seo":null,"limit_modified_date":false,"reviewed_by":null,"open_ai":{"title":{"suggestions":[],"usage":0},"description":{"suggestions":[],"usage":0}},"created":"2024-03-06 12:53:38","updated":"2024-09-26 01:44:07"},"aioseo_breadcrumb":"<div class=\"aioseo-breadcrumbs\"><span class=\"aioseo-breadcrumb\">\n\t<a href=\"https:\/\/www.s-lecfilm.com\/es\/\" title=\"\u30db\u30fc\u30e0\">\u30db\u30fc\u30e0<\/a>\n<\/span><span class=\"aioseo-breadcrumb-separator\">&raquo;<\/span><span class=\"aioseo-breadcrumb\">\n\t<a href=\"https:\/\/www.s-lecfilm.com\/es\/news\/\" title=\"Privado: \/es\/news\/\">Privado: \/es\/news\/<\/a>\n<\/span><span class=\"aioseo-breadcrumb-separator\">&raquo;<\/span><span class=\"aioseo-breadcrumb\">\n\t\/es\/news\/what-is-HUD\/\n<\/span><\/div>","aioseo_breadcrumb_json":[{"label":"\u30db\u30fc\u30e0","link":"https:\/\/www.s-lecfilm.com\/es\/"},{"label":"Privado: \/es\/news\/","link":"https:\/\/www.s-lecfilm.com\/es\/news\/"},{"label":"\/es\/news\/what-is-HUD\/","link":"https:\/\/www.s-lecfilm.com\/es\/news\/what-is-HUD\/"}],"_links":{"self":[{"href":"https:\/\/www.s-lecfilm.com\/es\/wp-json\/wp\/v2\/pages\/17767"}],"collection":[{"href":"https:\/\/www.s-lecfilm.com\/es\/wp-json\/wp\/v2\/pages"}],"about":[{"href":"https:\/\/www.s-lecfilm.com\/es\/wp-json\/wp\/v2\/types\/page"}],"author":[{"embeddable":true,"href":"https:\/\/www.s-lecfilm.com\/es\/wp-json\/wp\/v2\/users\/14"}],"replies":[{"embeddable":true,"href":"https:\/\/www.s-lecfilm.com\/es\/wp-json\/wp\/v2\/comments?post=17767"}],"version-history":[{"count":9,"href":"https:\/\/www.s-lecfilm.com\/es\/wp-json\/wp\/v2\/pages\/17767\/revisions"}],"predecessor-version":[{"id":26106,"href":"https:\/\/www.s-lecfilm.com\/es\/wp-json\/wp\/v2\/pages\/17767\/revisions\/26106"}],"up":[{"embeddable":true,"href":"https:\/\/www.s-lecfilm.com\/es\/wp-json\/wp\/v2\/pages\/17042"}],"wp:attachment":[{"href":"https:\/\/www.s-lecfilm.com\/es\/wp-json\/wp\/v2\/media?parent=17767"}],"wp:term":[{"taxonomy":"page_category","embeddable":true,"href":"https:\/\/www.s-lecfilm.com\/es\/wp-json\/wp\/v2\/page_category?post=17767"}],"curies":[{"name":"wp","href":"https:\/\/api.w.org\/{rel}","templated":true}]}}