{"id":17601,"date":"2023-02-14T10:00:00","date_gmt":"2023-02-14T01:00:00","guid":{"rendered":"https:\/\/www.s-lecfilm.com\/es-design-arch\/"},"modified":"2024-07-03T18:52:23","modified_gmt":"2024-07-03T09:52:23","slug":"es-design-arch","status":"publish","type":"page","link":"https:\/\/www.s-lecfilm.com\/es\/design-arch\/","title":{"rendered":"\/es\/design-arch\/"},"content":{"rendered":"<div class=\"frame pt-0\" style=\"clear: both;\">\n\t<div class=\"hero-flame\" style=\"height:62vh;margin:0;\">\n\t\t<div class=\"hero-flame-bg\">\n\t\t\t<img loading=\"lazy\" decoding=\"async\" class=\"hero-flame-bg-img\" src=\"https:\/\/www.s-lecfilm.com\/wp-content\/uploads\/Hero_design-arch.webp\" width=\"1920\" height=\"960\" alt=\"Design of architectural glass that pursues the potential of colored glass and gradation glass\" style=\"object-position:50% 0%;\">\n\t\t<\/div>\n\t\t<div class=\"hero-flame-content\">\n\t\t\t\t\t\t\t<div class=\"hero-text\">\n\t\t\t\t\t<div class=\"hero-text-title\">\n\t\t\t\t\t\tDise\u00f1o\t\t\t\t\t<\/div>\n\t\t\t\t\t\t\t\t\t\t\t<div class=\"hero-text-subtitle\">\n\t\t\t\t\t\t\tDise\u00f1o que me habla\t\t\t\t\t\t<\/div>\n\t\t\t\t\t\t\t\t\t<\/div>\n\t\t\t\t<\/div>\n\t<\/div>\n<\/div>\n\n<div class=\"frame pt-0 pb-0\">\n\t\n<div class=\"c-tab-type01 tab-flame\">\n\t<div class=\"container\">\n\t\t\t\t<ul class=\"tab_area\">\n\t\t\t\t\t\t\t\t\t<li id=\"automoci\u00f3n\" class=\"tab-menu\"><a href=\"\/es\/design-auto\/#auto\">Automotriz<\/a><\/li>\n\t\t\t\t\t\t\t\t\t<li id=\"arquitectura\" class=\"tab-menu select\"><a href=\"\/es\/design-arch\/#arch\">Arquitectura<\/a><\/li>\n\t\t\t\t\t<\/ul>\n\t\t\t<\/div>\n<\/div>\n\n\n<div class=\"container mt-5\">\n\t\n<H2 class=\"c-title-level02 section-subtitle\">Tendencias en Arquitectura<\/H2>\n\n<div class=\"c-layout-frame section-flame\">\n\t\t<div class=\"row align-items-center\">\n\t\t<div class=\"col-lg-6\">\n\t\t\t<div class=\"feature-img text-center\">\n\t\t\t\t\t\t\t\t<img decoding=\"async\" src=\"https:\/\/www.s-lecfilm.com\/wp-content\/uploads\/shutterstock_186752795-1-1024x683.webp\"  alt=\"The glass facade of the white building using PVB interlayer for architectural glass applications\">\n\t\t\t\t\t\t\t<\/div>\n\t\t<\/div>\n\t\t<div class=\"col-lg-6\">\n\t\t\t<div class=\"feature-cont\">\n\t\t\t\t<div class=\"acf-innerblocks-container\">\n\n<p>Las tendencias en el dise\u00f1o de vidrio arquitect\u00f3nico evolucionan r\u00e1pidamente, centr\u00e1ndose en mejorar la eficiencia energ\u00e9tica, la seguridad y la est\u00e9tica. Gracias a las innovaciones en la tecnolog\u00eda de la pel\u00edcula intercalaria de PVB, el vidrio laminado est\u00e1 a la vanguardia de estos avances.<\/p>\n\n\n\n<p>Creative Minds by SEKISUI S-LEC tambi\u00e9n explora las posibilidades del color y el vidrio laminado degradado, abriendo paso a una nueva era de dise\u00f1o arquitect\u00f3nico visualmente atractivo.<\/p>\n\n<\/div>\t\t\t<\/div>\n\t\t<\/div>\n\t<\/div>\n\t<\/div>\n\n\n<H1 class=\"c-title-level02 section-subtitle\">Dise\u00f1o en vidrio arquitect\u00f3nico<\/H1>\n\n<div class=\"c-layout-frame section-flame\">\n\t\t<div class=\"row align-items-center\">\n\t\t<div class=\"col-lg-6 order-lg-1 order-0\">\n\t\t\t<div class=\"feature-img text-center\">\n\t\t\t\t\t\t\t\t<img decoding=\"async\" src=\"https:\/\/www.s-lecfilm.com\/wp-content\/uploads\/img_00005-1-1024x684.webp\"  alt=\"Building with S-LEC\u2122 Film working on a wide range of design solutions\">\n\t\t\t\t\t\t\t<\/div>\n\t\t<\/div>\n\t\t<div class=\"col-lg-6 order-lg-0 order-1\">\n\t\t\t<div class=\"feature-cont\">\n\t\t\t\t<div class=\"acf-innerblocks-container\">\n\n<p>El Dise\u00f1o es un componente important\u00edsimo del acristalamiento.<\/p>\n\n\n\n<p>S-LEC\u2122 PVB interlayer film para vidrio laminado est\u00e1 disponible en varios colores y gradaciones, lo que ofrece una mayor libertad creativa a la vez que mantiene el rendimiento de S-LEC\u2122 para una amplia gama de formas de vidrio y aplicaciones en vidrio laminado decorativo.<\/p>\n\n\n\n<p>Experimente el vidrio laminado de color con nuestras innovadoras soluciones de vidrio arquitect\u00f3nico. Nuestras soluciones abren nuevas dimensiones en la est\u00e9tica arquitect\u00f3nica, permiti\u00e9ndole crear espacios llamativos, \u00fanicos y visualmente cautivadores que realmente destacan. Eleve su visi\u00f3n arquitect\u00f3nica con las soluciones de SEKISUI S-LEC para vidrio laminado decorativo.<\/p>\n\n\n<div class=\"c-button-type01 row justify-content-center\">\n\t<div class=\"col-lg-5 d-brochure-bg-btn is-inner-btn btn-size-medium\">\n\t\t<a href=\"\/es\/download\/ArchG\/\" target=\"_blank\">\n\t\t\t<button type=\"button\" class=\"btn btn-primary\">Descargar folletos<\/button>\n\t\t<\/a>\n\t<\/div>\n<\/div>\n\n<\/div>\t\t\t<\/div>\n\t\t<\/div>\n\t<\/div>\n\t<\/div>\n\n\n<H2 class=\"c-title-level02 section-subtitle\">Cielora\u2122, de opaco a transparente con una pel\u00edcula intercalaria de PVB de gradiente natural.<\/H2>\n\n<div class=\"c-layout-frame section-flame\">\n\t\t<div class=\"row align-items-center\">\n\t\t<div class=\"col-lg-6\">\n\t\t\t<div class=\"feature-img text-center\">\n\t\t\t\t\t\t\t\t<img decoding=\"async\" src=\"https:\/\/www.s-lecfilm.com\/wp-content\/uploads\/Cielara_contents-1-1024x611.webp\"  alt=\"Balcony with Cielora\u2122, Milky White Gradatient PVB interlayer\">\n\t\t\t\t\t\t\t<\/div>\n\t\t<\/div>\n\t\t<div class=\"col-lg-6\">\n\t\t\t<div class=\"feature-cont\">\n\t\t\t\t<div class=\"acf-innerblocks-container\">\n\n<p>Cielora\u2122 es una pel\u00edcula intercalaria de PVB que va desde el vidrio totalmente opaco (vidrio de privacidad) blanco hasta el vidrio totalmente transparente El gradiente blanco es invisible a simple vista, lo que permite aplicarlo a dise\u00f1os de alta calidad con una gradaci\u00f3n de color natural creatividad sin fin.<\/p>\n\n\n\n<p>Cielora\u2122 tiene muchas aplicaciones en cualquier lugar donde los paneles de vidrio formen parte del dise\u00f1o exterior o interior. Algunos ejemplos de aplicaciones son:<\/p>\n\n\n\n<ul class=\"wp-block-list\">\n<li>Balc\u00f3n acristalado<\/li>\n\n\n\n<li>Vidrio de fachada<\/li>\n\n\n\n<li>Tabiques o mamparas de cristal en edificios p\u00fablicos<\/li>\n\n\n\n<li>Puertas de cristal<\/li>\n<\/ul>\n\n\n<div class=\"c-button-type02 feature-cont-btn text-center\">\n\t<a href=\"\/es\/cielora\/\" >\n\t\t<button class=\"btn btn-primary is-caret-link\">\n\t\t\t\t\t\t\tConozca m\u00e1s\t\t\t\t\t\t<\/button>\n\t<\/a>\n<\/div>\n\n\n\n<p><\/p>\n\n\n<div class=\"c-button-type01 row justify-content-center\">\n\t<div class=\"col-lg-5 d-brochure-bg-btn is-inner-btn btn-size-medium\">\n\t\t<a href=\"\/es\/download\/Cielora-leaflet\/\" target=\"_blank\">\n\t\t\t<button type=\"button\" class=\"btn btn-primary\">Descargar folletos<\/button>\n\t\t<\/a>\n\t<\/div>\n<\/div>\n\n<\/div>\t\t\t<\/div>\n\t\t<\/div>\n\t<\/div>\n\t<\/div>\n\n<\/div>\n\n<\/div>\n\n\n<div class=\"frame pt-0\">\n\t\n<div class=\"container\">\n\t\n<H2 class=\"c-title-level02 section-subtitle\">Casos pr\u00e1cticos<\/H2>\n\n    <div class=\"container\">\r\n              <div class=\"row justify-content-center\">\r\n                <div class=\"col-lg-6\">\r\n                  <div class=\"slick-usecase\">\r\n                    <div class=\"usecase-flame\">\r\n                      <div class=\"usecase-title\">\r\n                        <img decoding=\"async\" src=\"https:\/\/www.s-lecfilm.com\/wp-content\/themes\/s-lecfilm\/images\/icon\/slec_icon_05.svg\" alt=\"\"><span>Color<\/span>\r\n                      <\/div>\r\n                      <div class=\"usecase-img\">\r\n                        <img decoding=\"async\" src=\"https:\/\/www.s-lecfilm.com\/wp-content\/themes\/s-lecfilm\/images\/design\/design-arch-3.jpg\" alt=\"\">\r\n                      <\/div>\r\n                      <div class=\"usecase-caption\">\r\n  Aeon Lake Town Outlet, Saitama, Jap\u00f3n\r\n                      <\/div>\r\n                    <\/div>\r\n                  <\/div>\r\n                <\/div>\r\n              <\/div>\r\n              <div class=\"row justify-content-center\">\r\n                <div class=\"col-lg-10\">\r\n                  <div class=\"usecase-text\">\r\n  S-LEC\u2122 Colour Film ofrece una amplia gama de aplicaciones. Es m\u00e1s visible en edificios comerciales y rascacielos, tiendas de conveniencia, restaurantes e incluso instalaciones p\u00fablicas, incluidas escuelas.\r\n                  <\/div>\r\n                <\/div>\r\n              <\/div>\r\n            <\/div>\n\n\n<p><\/p>\n\n\n&nbsp;\n\n\n<p><\/p>\n\n\n<H2 class=\"c-title-level02 section-subtitle\">Nuestras soluciones para el vidrio laminado arquitect\u00f3nico<\/H2>\n\n<div class=\"c-layout-frame section-flame\">\n\t\t<div class=\"row align-items-center\">\n\t\t<div class=\"col-lg-6 order-lg-1 order-0\">\n\t\t\t<div class=\"feature-img text-center\">\n\t\t\t\t\t\t\t\t<img decoding=\"async\" src=\"https:\/\/www.s-lecfilm.com\/wp-content\/uploads\/wall5-1_img07-1-1024x762.webp\"  alt=\"Technology peace that realizes a glass solution that combines functions and aesthetics\">\n\t\t\t\t\t\t\t<\/div>\n\t\t<\/div>\n\t\t<div class=\"col-lg-6 order-lg-0 order-1\">\n\t\t\t<div class=\"feature-cont\">\n\t\t\t\t<div class=\"acf-innerblocks-container\">\n\n<p>S-LEC\u2122 PVB interlayer Film para vidrio laminado puede combinar control solar, opciones de color, Bloqueo de rayos UV, seguridad mejorada y rendimiento ac\u00fastico del vidrio en una sola pel\u00edcula. Esta Innovaci\u00f3n optimiza la eficiencia energ\u00e9tica y a\u00f1ade un toque de est\u00e9tica personalizada. Adem\u00e1s, proporciona tranquilidad gracias a sus s\u00f3lidas caracter\u00edsticas de seguridad y su capacidad de reducci\u00f3n del ruido para crear soluciones multifuncionales de vidrio arquitect\u00f3nico.<\/p>\n\n\n\n<p>  Cont\u00e1ctenos ahora para conocer m\u00e1s posibilidades.<\/p>\n\n\n<div class=\"c-button-type02 feature-cont-btn text-center\">\n\t<a href=\"\/es\/architecture\/\" >\n\t\t<button class=\"btn btn-primary is-caret-link\">\n\t\t\t\t\t\t\tConozca m\u00e1s\t\t\t\t\t\t<\/button>\n\t<\/a>\n<\/div>\n\n<\/div>\t\t\t<\/div>\n\t\t<\/div>\n\t<\/div>\n\t<\/div>\n\n<\/div>\n\n<\/div>\n\n\n\n<div class=\"frame is-bg-img c-more-detail \">\n\t<div class=\"container\">\n\t\t<div class=\"row justify-content-center\">\n\t\t\t<div class=\"col-lg-10\">\n\t\t\t\t<div class=\"row\">\n\t\t\t\t\t<div class=\"col-lg-7 mb-5 mb-lg-0\">\n\t\t\t\t\t\t<div class=\"contact-footer-text\">\n\t\t\t\t\t\t\t\u00bfQuiere saber m\u00e1s?\t\t\t\t\t\t<\/div>\n\t\t\t\t\t\t<div class=\"contact-footer-btn\">\n\t\t\t\t\t\t\t<a href=\"\/es\/download\/all\/\" target=\"_blank\">\n\t\t\t\t\t\t\t\t<button class=\"btn btn-primary fa-download-check\">\n\t\t\t\t\t\t\t\t\t\t\t\t\t\t\t\t\t\t\tDescargas\t\t\t\t\t\t\t\t\t\t\t\t\t\t\t\t\t<\/button>\n\t\t\t\t\t\t\t<\/a>\n\t\t\t\t\t\t\t<a href=\"\/es\/download\/Inquiry\/\" target=\"_blank\">\n\t\t\t\t\t\t\t\t<button class=\"btn btn-primary is-external-link\">\n\t\t\t\t\t\t\t\t\t\t\t\t\t\t\t\t\t\t\tCont\u00e1ctenos\t\t\t\t\t\t\t\t\t\t\t\t\t\t\t\t\t<\/button>\n\t\t\t\t\t\t\t<\/a>\n\t\t\t\t\t\t<\/div>\n\t\t\t\t\t<\/div>\n\t\t\t\t\t<div class=\"col-lg-5\">\n\t\t\t\t\t\t<div class=\"contact-footer-img\">\n\t\t\t\t\t\t\t\t\t\t\t\t\t\t<img decoding=\"async\" src=\"https:\/\/www.s-lecfilm.com\/wp-content\/uploads\/thankyou_hero-1-1-1024x576.webp\" alt=\"Those who want to know more about S-LEC\u2122 Film\">\n\t\t\t\t\t\t\t\t\t\t\t\t\t<\/div>\n\t\t\t\t\t<\/div>\n\t\t\t\t<\/div>\n\t\t\t<\/div>\n\t\t<\/div>\n\t<\/div>\n<\/div>\n","protected":false},"excerpt":{"rendered":"","protected":false},"author":7,"featured_media":0,"parent":0,"menu_order":227,"comment_status":"closed","ping_status":"closed","template":"","meta":{"_acf_changed":false,"_oasis_is_in_workflow":0,"_oasis_original":0,"om_disable_all_campaigns":false,"inline_featured_image":false,"_monsterinsights_skip_tracking":false,"_monsterinsights_sitenote_active":false,"_monsterinsights_sitenote_note":"","_monsterinsights_sitenote_category":0,"footnotes":""},"page_category":[102,130,117],"class_list":["post-17601","page","type-page","status-publish","hentry"],"acf":[],"aioseo_notices":[],"aioseo_head":"\n\t\t<!-- All in One SEO Pro 4.6.2 - aioseo.com -->\n\t\t<meta name=\"description\" content=\"El Dise\u00f1o es un componente important\u00edsimo del acristalamiento. S-LEC\u2122 PVB interlayer film est\u00e1n disponibles en varios colores diferentes, lo que ofrece m\u00e1s libertad de creatividad.\" \/>\n\t\t<meta name=\"robots\" content=\"max-image-preview:large\" \/>\n\t\t<meta name=\"google-site-verification\" content=\"LGoHK3imcI57fEDyHDnPGNxrBKyRAWvyS1_pmekTNEU\" \/>\n\t\t<link rel=\"canonical\" href=\"https:\/\/www.s-lecfilm.com\/es\/design-arch\/\" \/>\n\t\t<meta name=\"generator\" content=\"All in One SEO Pro (AIOSEO) 4.6.2\" \/>\n\t\t<meta property=\"og:locale\" content=\"es_ES\" \/>\n\t\t<meta property=\"og:site_name\" content=\"SEKISUI S-LEC\" \/>\n\t\t<meta property=\"og:type\" content=\"article\" \/>\n\t\t<meta property=\"og:title\" content=\"Vidrio laminado de color de Dise\u00f1o Interlayer | SEKISUI S-LEC\" \/>\n\t\t<meta property=\"og:description\" content=\"El Dise\u00f1o es un componente important\u00edsimo del acristalamiento. S-LEC\u2122 PVB interlayer film est\u00e1n disponibles en varios colores diferentes, lo que ofrece m\u00e1s libertad de creatividad.\" \/>\n\t\t<meta property=\"og:url\" content=\"https:\/\/www.s-lecfilm.com\/es\/design-arch\/\" \/>\n\t\t<meta property=\"og:image\" content=\"https:\/\/www.s-lecfilm.com\/wp-content\/uploads\/2023\/01\/Open-Graph-Image.png\" \/>\n\t\t<meta property=\"og:image:secure_url\" content=\"https:\/\/www.s-lecfilm.com\/wp-content\/uploads\/2023\/01\/Open-Graph-Image.png\" \/>\n\t\t<meta property=\"article:published_time\" content=\"2023-02-14T01:00:00+00:00\" \/>\n\t\t<meta property=\"article:modified_time\" content=\"2024-07-03T09:52:23+00:00\" \/>\n\t\t<meta name=\"twitter:card\" content=\"summary_large_image\" \/>\n\t\t<meta name=\"twitter:title\" content=\"Vidrio laminado de color de Dise\u00f1o Interlayer | SEKISUI S-LEC\" \/>\n\t\t<meta name=\"twitter:description\" content=\"El Dise\u00f1o es un componente important\u00edsimo del acristalamiento. S-LEC\u2122 PVB interlayer film est\u00e1n disponibles en varios colores diferentes, lo que ofrece m\u00e1s libertad de creatividad.\" \/>\n\t\t<meta name=\"twitter:image\" content=\"https:\/\/www.s-lecfilm.com\/wp-content\/uploads\/2023\/01\/Open-Graph-Image.png\" \/>\n\t\t<script type=\"application\/ld+json\" class=\"aioseo-schema\">\n\t\t\t{\"@context\":\"https:\\\/\\\/schema.org\",\"@graph\":[{\"@type\":\"BreadcrumbList\",\"@id\":\"https:\\\/\\\/www.s-lecfilm.com\\\/es\\\/design-arch\\\/#breadcrumblist\",\"itemListElement\":[{\"@type\":\"ListItem\",\"@id\":\"https:\\\/\\\/www.s-lecfilm.com\\\/es\\\/#listItem\",\"position\":1,\"name\":\"Hogar\",\"item\":\"https:\\\/\\\/www.s-lecfilm.com\\\/es\\\/\",\"nextItem\":\"https:\\\/\\\/www.s-lecfilm.com\\\/es\\\/design-arch\\\/#listItem\"},{\"@type\":\"ListItem\",\"@id\":\"https:\\\/\\\/www.s-lecfilm.com\\\/es\\\/design-arch\\\/#listItem\",\"position\":2,\"name\":\"\\\/es\\\/design-arch\\\/\",\"previousItem\":\"https:\\\/\\\/www.s-lecfilm.com\\\/es\\\/#listItem\"}]},{\"@type\":\"Organization\",\"@id\":\"https:\\\/\\\/www.s-lecfilm.com\\\/es\\\/#organization\",\"name\":\"s-lecfilm\",\"url\":\"https:\\\/\\\/www.s-lecfilm.com\\\/es\\\/\"},{\"@type\":\"WebPage\",\"@id\":\"https:\\\/\\\/www.s-lecfilm.com\\\/es\\\/design-arch\\\/#webpage\",\"url\":\"https:\\\/\\\/www.s-lecfilm.com\\\/es\\\/design-arch\\\/\",\"name\":\"Vidrio laminado de color de Dise\\u00f1o Interlayer | SEKISUI S-LEC\",\"description\":\"El Dise\\u00f1o es un componente important\\u00edsimo del acristalamiento. S-LEC\\u2122 PVB interlayer film est\\u00e1n disponibles en varios colores diferentes, lo que ofrece m\\u00e1s libertad de creatividad.\",\"inLanguage\":\"es-ES\",\"isPartOf\":{\"@id\":\"https:\\\/\\\/www.s-lecfilm.com\\\/es\\\/#website\"},\"breadcrumb\":{\"@id\":\"https:\\\/\\\/www.s-lecfilm.com\\\/es\\\/design-arch\\\/#breadcrumblist\"},\"datePublished\":\"2023-02-14T10:00:00+09:00\",\"dateModified\":\"2024-07-03T18:52:23+09:00\"},{\"@type\":\"WebSite\",\"@id\":\"https:\\\/\\\/www.s-lecfilm.com\\\/es\\\/#website\",\"url\":\"https:\\\/\\\/www.s-lecfilm.com\\\/es\\\/\",\"name\":\"s-lecfilm\",\"inLanguage\":\"es-ES\",\"publisher\":{\"@id\":\"https:\\\/\\\/www.s-lecfilm.com\\\/es\\\/#organization\"}}]}\n\t\t<\/script>\n\t\t<!-- All in One SEO Pro -->\r\n\t\t<title>Vidrio laminado de color de Dise\u00f1o Interlayer | SEKISUI S-LEC<\/title>\n\n","aioseo_head_json":{"title":"Vidrio laminado de color de Dise\u00f1o Interlayer | SEKISUI S-LEC","description":"El Dise\u00f1o es un componente important\u00edsimo del acristalamiento. S-LEC\u2122 PVB interlayer film est\u00e1n disponibles en varios colores diferentes, lo que ofrece m\u00e1s libertad de creatividad.","canonical_url":"https:\/\/www.s-lecfilm.com\/es\/design-arch\/","robots":"max-image-preview:large","keywords":"","webmasterTools":{"google-site-verification":"LGoHK3imcI57fEDyHDnPGNxrBKyRAWvyS1_pmekTNEU","miscellaneous":""},"og:locale":"es_ES","og:site_name":"SEKISUI S-LEC","og:type":"article","og:title":"Vidrio laminado de color de Dise\u00f1o Interlayer | SEKISUI S-LEC","og:description":"El Dise\u00f1o es un componente important\u00edsimo del acristalamiento. S-LEC\u2122 PVB interlayer film est\u00e1n disponibles en varios colores diferentes, lo que ofrece m\u00e1s libertad de creatividad.","og:url":"https:\/\/www.s-lecfilm.com\/es\/design-arch\/","og:image":"https:\/\/www.s-lecfilm.com\/wp-content\/uploads\/2023\/01\/Open-Graph-Image.png","og:image:secure_url":"https:\/\/www.s-lecfilm.com\/wp-content\/uploads\/2023\/01\/Open-Graph-Image.png","article:published_time":"2023-02-14T01:00:00+00:00","article:modified_time":"2024-07-03T09:52:23+00:00","twitter:card":"summary_large_image","twitter:title":"Vidrio laminado de color de Dise\u00f1o Interlayer | SEKISUI S-LEC","twitter:description":"El Dise\u00f1o es un componente important\u00edsimo del acristalamiento. S-LEC\u2122 PVB interlayer film est\u00e1n disponibles en varios colores diferentes, lo que ofrece m\u00e1s libertad de creatividad.","twitter:image":"https:\/\/www.s-lecfilm.com\/wp-content\/uploads\/2023\/01\/Open-Graph-Image.png","schema":{"@context":"https:\/\/schema.org","@graph":[{"@type":"BreadcrumbList","@id":"https:\/\/www.s-lecfilm.com\/es\/design-arch\/#breadcrumblist","itemListElement":[{"@type":"ListItem","@id":"https:\/\/www.s-lecfilm.com\/es\/#listItem","position":1,"name":"Hogar","item":"https:\/\/www.s-lecfilm.com\/es\/","nextItem":"https:\/\/www.s-lecfilm.com\/es\/design-arch\/#listItem"},{"@type":"ListItem","@id":"https:\/\/www.s-lecfilm.com\/es\/design-arch\/#listItem","position":2,"name":"\/es\/design-arch\/","previousItem":"https:\/\/www.s-lecfilm.com\/es\/#listItem"}]},{"@type":"Organization","@id":"https:\/\/www.s-lecfilm.com\/es\/#organization","name":"s-lecfilm","url":"https:\/\/www.s-lecfilm.com\/es\/"},{"@type":"WebPage","@id":"https:\/\/www.s-lecfilm.com\/es\/design-arch\/#webpage","url":"https:\/\/www.s-lecfilm.com\/es\/design-arch\/","name":"Vidrio laminado de color de Dise\u00f1o Interlayer | SEKISUI S-LEC","description":"El Dise\u00f1o es un componente important\u00edsimo del acristalamiento. S-LEC\u2122 PVB interlayer film est\u00e1n disponibles en varios colores diferentes, lo que ofrece m\u00e1s libertad de creatividad.","inLanguage":"es-ES","isPartOf":{"@id":"https:\/\/www.s-lecfilm.com\/es\/#website"},"breadcrumb":{"@id":"https:\/\/www.s-lecfilm.com\/es\/design-arch\/#breadcrumblist"},"datePublished":"2023-02-14T10:00:00+09:00","dateModified":"2024-07-03T18:52:23+09:00"},{"@type":"WebSite","@id":"https:\/\/www.s-lecfilm.com\/es\/#website","url":"https:\/\/www.s-lecfilm.com\/es\/","name":"s-lecfilm","inLanguage":"es-ES","publisher":{"@id":"https:\/\/www.s-lecfilm.com\/es\/#organization"}}]}},"aioseo_meta_data":{"post_id":"17601","title":"Vidrio laminado de color de Dise\u00f1o Interlayer | SEKISUI S-LEC","description":"El Dise\u00f1o es un componente important\u00edsimo del acristalamiento. S-LEC\u2122 PVB interlayer film est\u00e1n disponibles en varios colores diferentes, lo que ofrece m\u00e1s libertad de creatividad.","keywords":null,"keyphrases":"{\"focus\":{\"keyphrase\":\"\",\"score\":0,\"analysis\":{\"keyphraseInTitle\":{\"score\":0,\"maxScore\":9,\"error\":1}}},\"additional\":[]}","primary_term":null,"canonical_url":null,"og_title":null,"og_description":null,"og_object_type":"default","og_image_type":"custom_image","og_image_url":"https:\/\/www.s-lecfilm.com\/wp-content\/uploads\/2023\/01\/Open-Graph-Image.png","og_image_width":"0","og_image_height":"0","og_image_custom_url":"https:\/\/www.s-lecfilm.com\/wp-content\/uploads\/2023\/01\/hero-img2-arch.jpg","og_image_custom_fields":null,"og_video":"","og_custom_url":null,"og_article_section":null,"og_article_tags":null,"twitter_use_og":false,"twitter_card":"default","twitter_image_type":"custom_image","twitter_image_url":"https:\/\/www.s-lecfilm.com\/wp-content\/uploads\/2023\/01\/Open-Graph-Image.png","twitter_image_custom_url":"https:\/\/www.s-lecfilm.com\/wp-content\/uploads\/2023\/01\/hero-img2-arch.jpg","twitter_image_custom_fields":null,"twitter_title":null,"twitter_description":null,"schema":{"blockGraphs":[],"customGraphs":[],"default":{"data":{"Article":[],"Course":[],"Dataset":[],"FAQPage":[],"Movie":[],"Person":[],"Product":[],"Recipe":[],"Service":[],"SoftwareApplication":[],"WebPage":[]},"graphName":"WebPage","isEnabled":true},"graphs":[]},"schema_type":"default","schema_type_options":null,"pillar_content":false,"robots_default":true,"robots_noindex":false,"robots_noarchive":false,"robots_nosnippet":false,"robots_nofollow":false,"robots_noimageindex":false,"robots_noodp":false,"robots_notranslate":false,"robots_max_snippet":"-1","robots_max_videopreview":"-1","robots_max_imagepreview":"large","priority":null,"frequency":"default","local_seo":null,"limit_modified_date":false,"reviewed_by":null,"open_ai":{"title":{"suggestions":[],"usage":0},"description":{"suggestions":[],"usage":0}},"created":"2024-03-06 09:21:43","updated":"2024-07-03 09:53:06"},"aioseo_breadcrumb":"<div class=\"aioseo-breadcrumbs\"><span class=\"aioseo-breadcrumb\">\n\t<a href=\"https:\/\/www.s-lecfilm.com\/es\/\" title=\"\u30db\u30fc\u30e0\">\u30db\u30fc\u30e0<\/a>\n<\/span><span class=\"aioseo-breadcrumb-separator\">&raquo;<\/span><span class=\"aioseo-breadcrumb\">\n\t\/es\/design-arch\/\n<\/span><\/div>","aioseo_breadcrumb_json":[{"label":"\u30db\u30fc\u30e0","link":"https:\/\/www.s-lecfilm.com\/es\/"},{"label":"\/es\/design-arch\/","link":"https:\/\/www.s-lecfilm.com\/es\/design-arch\/"}],"_links":{"self":[{"href":"https:\/\/www.s-lecfilm.com\/es\/wp-json\/wp\/v2\/pages\/17601"}],"collection":[{"href":"https:\/\/www.s-lecfilm.com\/es\/wp-json\/wp\/v2\/pages"}],"about":[{"href":"https:\/\/www.s-lecfilm.com\/es\/wp-json\/wp\/v2\/types\/page"}],"author":[{"embeddable":true,"href":"https:\/\/www.s-lecfilm.com\/es\/wp-json\/wp\/v2\/users\/7"}],"replies":[{"embeddable":true,"href":"https:\/\/www.s-lecfilm.com\/es\/wp-json\/wp\/v2\/comments?post=17601"}],"version-history":[{"count":12,"href":"https:\/\/www.s-lecfilm.com\/es\/wp-json\/wp\/v2\/pages\/17601\/revisions"}],"predecessor-version":[{"id":25304,"href":"https:\/\/www.s-lecfilm.com\/es\/wp-json\/wp\/v2\/pages\/17601\/revisions\/25304"}],"wp:attachment":[{"href":"https:\/\/www.s-lecfilm.com\/es\/wp-json\/wp\/v2\/media?parent=17601"}],"wp:term":[{"taxonomy":"page_category","embeddable":true,"href":"https:\/\/www.s-lecfilm.com\/es\/wp-json\/wp\/v2\/page_category?post=17601"}],"curies":[{"name":"wp","href":"https:\/\/api.w.org\/{rel}","templated":true}]}}