{"id":17549,"date":"2023-10-25T19:24:23","date_gmt":"2023-10-25T10:24:23","guid":{"rendered":"https:\/\/www.s-lecfilm.com\/en-news\/en-noticias-fuentes-de-energia-renovables\/"},"modified":"2024-09-26T16:14:20","modified_gmt":"2024-09-26T07:14:20","slug":"en-noticias-fuentes-de-energia-renovables","status":"publish","type":"page","link":"https:\/\/www.s-lecfilm.com\/es\/news\/renewable-energy-sources\/","title":{"rendered":"\/es\/news\/renewable-energy-sources\/"},"content":{"rendered":"<div class=\"frame pt-0\">\n\t\n<div class=\"container\">\n\t\n\n<h1 class=\"has-text-align-center mt-5 mb-3 wp-block-heading\">La planta de resina de materia prima para pel\u00edculas intercaladas de Europa comienza a abastecerse de electricidad procedente al 100% de fuentes de energ\u00eda renovables<\/h1>\n\n\n\n<p class=\"has-text-align-right mb-5\">14 de abril de 2022<\/p>\n\n\n\n<p>SEKISUI CHEMICAL CO., LTD. (Presidente: Keita Kato; en adelante, \u00abSEKISUI CHEMICAL\u00bb) ha anunciado que la planta de resina de materia prima en los Pa\u00edses Bajos de su filial al 100 % SEKISUI S-LEC B.V., que fabrica y vende pel\u00edcula intercalada para vidrio laminado, ha cambiado a fuentes de energ\u00eda renovables para el 100 % de la electricidad adquirida por la planta en 2022.<\/p>\n\n\n<div class=\"feature-img text-center\">\n\t\t<img decoding=\"async\" src=\"https:\/\/www.s-lecfilm.com\/wp-content\/uploads\/220505-ER300-v2.webp\" alt=\"SEKISUI S-LEC B.V., PVB resin production factory for PVB interlayer\" style=\"width:80%;\">\n\t\t<\/div>\n\n\n<p class=\"has-text-align-center\">Vista exterior de una planta de materias primas en los Pa\u00edses Bajos<\/p>\n\n<\/div>\n\n<\/div>\n\n\n<div class=\"frame pt-0\">\n\t\n<div class=\"container\">\n\t\n<H2 class=\"c-title-level02 section-subtitle\">Antecedentes y cronolog\u00eda<\/H2>\n\n\n<p>El Grupo SEKISUI CHEMICAL ha adoptado \u00abInnovaci\u00f3n para la Tierra\u00bb como su declaraci\u00f3n de informaci\u00f3n en la informaci\u00f3n a largo plazo del Grupo, \u00abInformaci\u00f3n 2030\u00bb, declarando que \u00abCon el fin de realizar una sociedad sostenible, apoyamos la base de la VIDA y seguiremos creando &#8216;tranquilidad para el futuro'\u00bb. El Grupo se est\u00e1 centrando en la gesti\u00f3n ESG, con el objetivo de lograr tanto la realizaci\u00f3n de una sociedad sostenible como el crecimiento rentable del Grupo SEKISUI CHEMICAL.<br>El cambio clim\u00e1tico, que se considera una cuesti\u00f3n clave en la gesti\u00f3n ESG, es a la vez una cuesti\u00f3n social de primer orden y, al mismo tiempo, se reconoce como un riesgo importante para el Grupo. En los \u00faltimos a\u00f1os, el Grupo est\u00e1 acelerando las iniciativas para hacer frente al cambio clim\u00e1tico.<br>A 31 de diciembre de 2021, hay 18 instalaciones en Jap\u00f3n y en el extranjero que han pasado a utilizar electricidad procedente al 100% de fuentes de energ\u00eda renovables. El Grupo se propone pasar a fuentes de energ\u00eda renovables para el 100% de la electricidad adquirida por todos los centros de producci\u00f3n del Grupo a fuentes externas de aqu\u00ed a 2030.<\/p>\n\n<\/div>\n\n<\/div>\n\n\n<div class=\"frame pt-0\">\n\t\n<div class=\"container\">\n\t\n<H2 class=\"c-title-level02 section-subtitle\">Iniciativa de cambio a energ\u00edas renovables en el negocio de las pel\u00edculas intercaladas<\/H2>\n\n\n<p>Las l\u00e1minas intercalares para vidrio laminado se utilizan en el acristalamiento de Automotriz y de la construcci\u00f3n y sirven para evitar que el vidrio penetre o se disperse en caso de accidente, as\u00ed como para proteger contra los rayos ultravioleta. Adem\u00e1s de estas funciones b\u00e1sicas, la pel\u00edcula intercalada de SEKISUI CHEMICAL proporciona aislamiento ac\u00fastico, aislamiento t\u00e9rmico y compatibilidad con HUD. La empresa se centra en el desarrollo y la venta de l\u00e1minas intercaladas de alto rendimiento a\u00f1adidas con dichas funciones, y el negocio de l\u00e1minas intercaladas es una actividad principal de su campo de movilidad.<br>En el aspecto medioambiental, las pel\u00edculas intercaladas para el aislamiento ac\u00fastico y t\u00e9rmico contribuyen a mejorar el consumo de combustible y electricidad. La pel\u00edcula intercalada para el aislamiento ac\u00fastico ayuda a aligerar el peso de los veh\u00edculos reduciendo el grosor del cristal, mientras que la pel\u00edcula intercalada para el aislamiento t\u00e9rmico mejora la eficacia del aire acondicionado suprimiendo el aumento de temperatura en el interior de los veh\u00edculos.<br>Adem\u00e1s de reducir el impacto medioambiental mediante dichos productos, tambi\u00e9n se han puesto en marcha activamente iniciativas de descarbonizaci\u00f3n en los centros de producci\u00f3n del negocio de pel\u00edculas intercalares, incluida la instalaci\u00f3n de generadores de energ\u00eda solar en cinco de las siete plantas de todo el mundo para cubrir parte del consumo energ\u00e9tico de las mismas.<\/p>\n\n<\/div>\n\n<\/div>\n\n\n<div class=\"frame pt-0\">\n\t\n<div class=\"container\">\n\t\n<H2 class=\"c-title-level02 section-subtitle\">Panorama general del cambio a fuentes de energ\u00eda renovables para el 100% de la electricidad comprada<\/H2>\n\n\n<p>El negocio de l\u00e1minas intercalares ha empezado a aplicar iniciativas de descarbonizaci\u00f3n para los fabricantes de vidrio -sus principales clientes- y Europa, donde existe una fuerte demanda social de descarbonizaci\u00f3n. La empresa aspira a conseguir la contrataci\u00f3n de energ\u00eda verde en todo el mundo.<br>La planta de producci\u00f3n de pel\u00edculas de SEKISUI S-LEC B.V. tom\u00f3 la delantera en esta iniciativa, logrando el cambio a fuentes de energ\u00eda renovables para el 100% de la electricidad adquirida en abril de 2020. Con el cambio a fuentes de energ\u00eda renovables para la electricidad adquirida esta vez en la planta de materias primas en los Pa\u00edses Bajos, SEKISUI S-LEC B.V. ha logrado el cambio a fuentes de energ\u00eda renovables para el 100% de la electricidad adquirida en todas sus plantas.<\/p>\n\n\n\n<p>Al contribuir a la resoluci\u00f3n de los problemas del cambio clim\u00e1tico, el Grupo SEKISUI CHEMICAL convertir\u00e1 los principales riesgos en oportunidades, con el objetivo de realizar una sociedad sostenible, y crecer como una empresa sostenible. Para construir una sociedad descarbonizada, el Grupo se propone pasar a fuentes de energ\u00eda renovables para el 100% de la electricidad adquirida en el ejercicio fiscal 2030, y aspira a lograr una emisi\u00f3n cero de gases de efecto invernadero en el ejercicio fiscal 2050 para toda la energ\u00eda utilizada en las actividades empresariales, incluida la producida por los sistemas de cogeneraci\u00f3n.<\/p>\n\n<\/div>\n\n<\/div>\n\n\n<div class=\"frame pt-0\">\n\t\n<div class=\"container\">\n\t\n<H2 class=\"c-title-level02 section-subtitle\">Informaci\u00f3n general de SEKISUI S-LEC B.V.<\/H2>\n\n<div class=\"c-table-type01 row align-items-center\">\n\t<div class=\"col-lg-12\">\n\t\t<div class=\"feature-cont un_overview_table\">\n\t\t\t\t\t\t<table>\n\t\t\t\t\t\t\t\t<tr>\n\t\t\t\t\t<th>Ubicaci\u00f3n<\/th>\n\t\t\t\t\t<td>Metaalweg 5, Roermond 6045, Pa\u00edses Bajos<\/td>\n\t\t\t\t<\/tr>\n\t\t\t\t\t\t\t\t<tr>\n\t\t\t\t\t<th>Establecimiento<\/th>\n\t\t\t\t\t<td>Febrero de 1996<\/td>\n\t\t\t\t<\/tr>\n\t\t\t\t\t\t\t\t<tr>\n\t\t\t\t\t<th>Capital desembolsado<\/th>\n\t\t\t\t\t<td>11.345.000 EUR<\/td>\n\t\t\t\t<\/tr>\n\t\t\t\t\t\t\t\t<tr>\n\t\t\t\t\t<th>Representante<\/th>\n\t\t\t\t\t<td>Presidente Naoya Nishimoto<\/td>\n\t\t\t\t<\/tr>\n\t\t\t\t\t\t\t\t<tr>\n\t\t\t\t\t<th>L\u00edneas de negocio<\/th>\n\t\t\t\t\t<td>Fabricaci\u00f3n y venta de l\u00e1minas intercaladas<\/td>\n\t\t\t\t<\/tr>\n\t\t\t\t\t\t\t<\/table>\n\t\t\t\t\t<\/div>\n\t<\/div>\n<\/div>\n\n<\/div>\n\n<\/div>\n\n\n<div class=\"frame pt-0 pb-0\">\n\t\n<div class=\"container feature-img-frame-full\">\n\t\n<div class=\"feature-img text-center\">\n\t\t<img decoding=\"async\" src=\"https:\/\/www.s-lecfilm.com\/wp-content\/uploads\/press-release-4.webp\" alt=\"SEKISUI S-LEC is more attitude from all aspects of relationships with diverse people, environment and society.\" >\n\t\t<\/div>\n<\/div>\n\n<\/div>\n\n\n\n<div class=\"frame is-bg-img c-more-detail \">\n\t<div class=\"container\">\n\t\t<div class=\"row justify-content-center\">\n\t\t\t<div class=\"col-lg-10\">\n\t\t\t\t<div class=\"row\">\n\t\t\t\t\t<div class=\"col-lg-7 mb-5 mb-lg-0\">\n\t\t\t\t\t\t<div class=\"contact-footer-text\">\n\t\t\t\t\t\t\t\u00bfQuiere saber m\u00e1s?\t\t\t\t\t\t<\/div>\n\t\t\t\t\t\t<div class=\"contact-footer-btn\">\n\t\t\t\t\t\t\t<a href=\"\/es\/download\/all\/\" target=\"_blank\">\n\t\t\t\t\t\t\t\t<button class=\"btn btn-primary fa-download-check\">\n\t\t\t\t\t\t\t\t\t\t\t\t\t\t\t\t\t\t\tDescargas\t\t\t\t\t\t\t\t\t\t\t\t\t\t\t\t\t<\/button>\n\t\t\t\t\t\t\t<\/a>\n\t\t\t\t\t\t\t<a href=\"\/es\/download\/Inquiry\/\" target=\"_blank\">\n\t\t\t\t\t\t\t\t<button class=\"btn btn-primary is-external-link\">\n\t\t\t\t\t\t\t\t\t\t\t\t\t\t\t\t\t\t\tCont\u00e1ctenos\t\t\t\t\t\t\t\t\t\t\t\t\t\t\t\t\t<\/button>\n\t\t\t\t\t\t\t<\/a>\n\t\t\t\t\t\t<\/div>\n\t\t\t\t\t<\/div>\n\t\t\t\t\t<div class=\"col-lg-5\">\n\t\t\t\t\t\t<div class=\"contact-footer-img\">\n\t\t\t\t\t\t\t\t\t\t\t\t\t\t<img decoding=\"async\" src=\"https:\/\/www.s-lecfilm.com\/wp-content\/uploads\/thankyou_hero-1-1-1024x576.webp\" alt=\"Those who want to know more about S-LEC\u2122 Film\">\n\t\t\t\t\t\t\t\t\t\t\t\t\t<\/div>\n\t\t\t\t\t<\/div>\n\t\t\t\t<\/div>\n\t\t\t<\/div>\n\t\t<\/div>\n\t<\/div>\n<\/div>\n","protected":false},"excerpt":{"rendered":"","protected":false},"author":14,"featured_media":0,"parent":17042,"menu_order":39,"comment_status":"closed","ping_status":"closed","template":"","meta":{"_acf_changed":false,"_oasis_is_in_workflow":0,"_oasis_original":0,"om_disable_all_campaigns":false,"inline_featured_image":false,"_monsterinsights_skip_tracking":false,"_monsterinsights_sitenote_active":false,"_monsterinsights_sitenote_note":"","_monsterinsights_sitenote_category":0,"footnotes":""},"page_category":[117],"class_list":["post-17549","page","type-page","status-publish","hentry"],"acf":[],"aioseo_notices":[],"aioseo_head":"\n\t\t<!-- All in One SEO Pro 4.6.2 - aioseo.com -->\n\t\t<meta name=\"description\" content=\"La planta de resina de materia prima para pel\u00edculas intercaladas de Europa comienza a abastecerse de electricidad procedente al 100% de fuentes de energ\u00eda renovables.\" \/>\n\t\t<meta name=\"robots\" content=\"max-image-preview:large\" \/>\n\t\t<meta name=\"google-site-verification\" content=\"LGoHK3imcI57fEDyHDnPGNxrBKyRAWvyS1_pmekTNEU\" \/>\n\t\t<link rel=\"canonical\" href=\"https:\/\/www.s-lecfilm.com\/es\/news\/renewable-energy-sources\/\" \/>\n\t\t<meta name=\"generator\" content=\"All in One SEO Pro (AIOSEO) 4.6.2\" \/>\n\t\t<meta property=\"og:locale\" content=\"es_ES\" \/>\n\t\t<meta property=\"og:site_name\" content=\"SEKISUI S-LEC\" \/>\n\t\t<meta property=\"og:type\" content=\"article\" \/>\n\t\t<meta property=\"og:title\" content=\"SEKISUI S-LEC Fuentes de energ\u00eda renovables para el 100% de la electricidad adquirida\" \/>\n\t\t<meta property=\"og:description\" content=\"La planta de resina de materia prima para pel\u00edculas intercaladas de Europa comienza a abastecerse de electricidad procedente al 100% de fuentes de energ\u00eda renovables.\" \/>\n\t\t<meta property=\"og:url\" content=\"https:\/\/www.s-lecfilm.com\/es\/news\/renewable-energy-sources\/\" \/>\n\t\t<meta property=\"og:image\" content=\"https:\/\/www.s-lecfilm.com\/wp-content\/uploads\/220505-ER300-v2.webp\" \/>\n\t\t<meta property=\"og:image:secure_url\" content=\"https:\/\/www.s-lecfilm.com\/wp-content\/uploads\/220505-ER300-v2.webp\" \/>\n\t\t<meta property=\"og:image:width\" content=\"1200\" \/>\n\t\t<meta property=\"og:image:height\" content=\"873\" \/>\n\t\t<meta property=\"article:published_time\" content=\"2023-10-25T10:24:23+00:00\" \/>\n\t\t<meta property=\"article:modified_time\" content=\"2024-09-26T07:14:20+00:00\" \/>\n\t\t<meta name=\"twitter:card\" content=\"summary_large_image\" \/>\n\t\t<meta name=\"twitter:title\" content=\"SEKISUI S-LEC Fuentes de energ\u00eda renovables para el 100% de la electricidad adquirida\" \/>\n\t\t<meta name=\"twitter:description\" content=\"La planta de resina de materia prima para pel\u00edculas intercaladas de Europa comienza a abastecerse de electricidad procedente al 100% de fuentes de energ\u00eda renovables.\" \/>\n\t\t<meta name=\"twitter:image\" content=\"https:\/\/www.s-lecfilm.com\/wp-content\/uploads\/2023\/01\/Open-Graph-Image.png\" \/>\n\t\t<script type=\"application\/ld+json\" class=\"aioseo-schema\">\n\t\t\t{\"@context\":\"https:\\\/\\\/schema.org\",\"@graph\":[{\"@type\":\"BreadcrumbList\",\"@id\":\"https:\\\/\\\/www.s-lecfilm.com\\\/es\\\/news\\\/renewable-energy-sources\\\/#breadcrumblist\",\"itemListElement\":[{\"@type\":\"ListItem\",\"@id\":\"https:\\\/\\\/www.s-lecfilm.com\\\/es\\\/#listItem\",\"position\":1,\"name\":\"Hogar\",\"item\":\"https:\\\/\\\/www.s-lecfilm.com\\\/es\\\/\",\"nextItem\":\"https:\\\/\\\/www.s-lecfilm.com\\\/es\\\/news\\\/#listItem\"},{\"@type\":\"ListItem\",\"@id\":\"https:\\\/\\\/www.s-lecfilm.com\\\/es\\\/news\\\/#listItem\",\"position\":2,\"name\":\"\\\/es\\\/news\\\/\",\"item\":\"https:\\\/\\\/www.s-lecfilm.com\\\/es\\\/news\\\/\",\"nextItem\":\"https:\\\/\\\/www.s-lecfilm.com\\\/es\\\/news\\\/renewable-energy-sources\\\/#listItem\",\"previousItem\":\"https:\\\/\\\/www.s-lecfilm.com\\\/es\\\/#listItem\"},{\"@type\":\"ListItem\",\"@id\":\"https:\\\/\\\/www.s-lecfilm.com\\\/es\\\/news\\\/renewable-energy-sources\\\/#listItem\",\"position\":3,\"name\":\"\\\/es\\\/news\\\/renewable-energy-sources\\\/\",\"previousItem\":\"https:\\\/\\\/www.s-lecfilm.com\\\/es\\\/news\\\/#listItem\"}]},{\"@type\":\"Organization\",\"@id\":\"https:\\\/\\\/www.s-lecfilm.com\\\/es\\\/#organization\",\"name\":\"s-lecfilm\",\"url\":\"https:\\\/\\\/www.s-lecfilm.com\\\/es\\\/\"},{\"@type\":\"WebPage\",\"@id\":\"https:\\\/\\\/www.s-lecfilm.com\\\/es\\\/news\\\/renewable-energy-sources\\\/#webpage\",\"url\":\"https:\\\/\\\/www.s-lecfilm.com\\\/es\\\/news\\\/renewable-energy-sources\\\/\",\"name\":\"SEKISUI S-LEC Fuentes de energ\\u00eda renovables para el 100% de la electricidad adquirida\",\"description\":\"La planta de resina de materia prima para pel\\u00edculas intercaladas de Europa comienza a abastecerse de electricidad procedente al 100% de fuentes de energ\\u00eda renovables.\",\"inLanguage\":\"es-ES\",\"isPartOf\":{\"@id\":\"https:\\\/\\\/www.s-lecfilm.com\\\/es\\\/#website\"},\"breadcrumb\":{\"@id\":\"https:\\\/\\\/www.s-lecfilm.com\\\/es\\\/news\\\/renewable-energy-sources\\\/#breadcrumblist\"},\"datePublished\":\"2023-10-25T19:24:23+09:00\",\"dateModified\":\"2024-09-26T16:14:20+09:00\"},{\"@type\":\"WebSite\",\"@id\":\"https:\\\/\\\/www.s-lecfilm.com\\\/es\\\/#website\",\"url\":\"https:\\\/\\\/www.s-lecfilm.com\\\/es\\\/\",\"name\":\"s-lecfilm\",\"inLanguage\":\"es-ES\",\"publisher\":{\"@id\":\"https:\\\/\\\/www.s-lecfilm.com\\\/es\\\/#organization\"}}]}\n\t\t<\/script>\n\t\t<!-- All in One SEO Pro -->\r\n\t\t<title>SEKISUI S-LEC Fuentes de energ\u00eda renovables para el 100% de la electricidad adquirida<\/title>\n\n","aioseo_head_json":{"title":"SEKISUI S-LEC Fuentes de energ\u00eda renovables para el 100% de la electricidad adquirida","description":"La planta de resina de materia prima para pel\u00edculas intercaladas de Europa comienza a abastecerse de electricidad procedente al 100% de fuentes de energ\u00eda renovables.","canonical_url":"https:\/\/www.s-lecfilm.com\/es\/news\/renewable-energy-sources\/","robots":"max-image-preview:large","keywords":"","webmasterTools":{"google-site-verification":"LGoHK3imcI57fEDyHDnPGNxrBKyRAWvyS1_pmekTNEU","miscellaneous":""},"og:locale":"es_ES","og:site_name":"SEKISUI S-LEC","og:type":"article","og:title":"SEKISUI S-LEC Fuentes de energ\u00eda renovables para el 100% de la electricidad adquirida","og:description":"La planta de resina de materia prima para pel\u00edculas intercaladas de Europa comienza a abastecerse de electricidad procedente al 100% de fuentes de energ\u00eda renovables.","og:url":"https:\/\/www.s-lecfilm.com\/es\/news\/renewable-energy-sources\/","og:image":"https:\/\/www.s-lecfilm.com\/wp-content\/uploads\/220505-ER300-v2.webp","og:image:secure_url":"https:\/\/www.s-lecfilm.com\/wp-content\/uploads\/220505-ER300-v2.webp","og:image:width":1200,"og:image:height":873,"article:published_time":"2023-10-25T10:24:23+00:00","article:modified_time":"2024-09-26T07:14:20+00:00","twitter:card":"summary_large_image","twitter:title":"SEKISUI S-LEC Fuentes de energ\u00eda renovables para el 100% de la electricidad adquirida","twitter:description":"La planta de resina de materia prima para pel\u00edculas intercaladas de Europa comienza a abastecerse de electricidad procedente al 100% de fuentes de energ\u00eda renovables.","twitter:image":"https:\/\/www.s-lecfilm.com\/wp-content\/uploads\/2023\/01\/Open-Graph-Image.png","schema":{"@context":"https:\/\/schema.org","@graph":[{"@type":"BreadcrumbList","@id":"https:\/\/www.s-lecfilm.com\/es\/news\/renewable-energy-sources\/#breadcrumblist","itemListElement":[{"@type":"ListItem","@id":"https:\/\/www.s-lecfilm.com\/es\/#listItem","position":1,"name":"Hogar","item":"https:\/\/www.s-lecfilm.com\/es\/","nextItem":"https:\/\/www.s-lecfilm.com\/es\/news\/#listItem"},{"@type":"ListItem","@id":"https:\/\/www.s-lecfilm.com\/es\/news\/#listItem","position":2,"name":"\/es\/news\/","item":"https:\/\/www.s-lecfilm.com\/es\/news\/","nextItem":"https:\/\/www.s-lecfilm.com\/es\/news\/renewable-energy-sources\/#listItem","previousItem":"https:\/\/www.s-lecfilm.com\/es\/#listItem"},{"@type":"ListItem","@id":"https:\/\/www.s-lecfilm.com\/es\/news\/renewable-energy-sources\/#listItem","position":3,"name":"\/es\/news\/renewable-energy-sources\/","previousItem":"https:\/\/www.s-lecfilm.com\/es\/news\/#listItem"}]},{"@type":"Organization","@id":"https:\/\/www.s-lecfilm.com\/es\/#organization","name":"s-lecfilm","url":"https:\/\/www.s-lecfilm.com\/es\/"},{"@type":"WebPage","@id":"https:\/\/www.s-lecfilm.com\/es\/news\/renewable-energy-sources\/#webpage","url":"https:\/\/www.s-lecfilm.com\/es\/news\/renewable-energy-sources\/","name":"SEKISUI S-LEC Fuentes de energ\u00eda renovables para el 100% de la electricidad adquirida","description":"La planta de resina de materia prima para pel\u00edculas intercaladas de Europa comienza a abastecerse de electricidad procedente al 100% de fuentes de energ\u00eda renovables.","inLanguage":"es-ES","isPartOf":{"@id":"https:\/\/www.s-lecfilm.com\/es\/#website"},"breadcrumb":{"@id":"https:\/\/www.s-lecfilm.com\/es\/news\/renewable-energy-sources\/#breadcrumblist"},"datePublished":"2023-10-25T19:24:23+09:00","dateModified":"2024-09-26T16:14:20+09:00"},{"@type":"WebSite","@id":"https:\/\/www.s-lecfilm.com\/es\/#website","url":"https:\/\/www.s-lecfilm.com\/es\/","name":"s-lecfilm","inLanguage":"es-ES","publisher":{"@id":"https:\/\/www.s-lecfilm.com\/es\/#organization"}}]}},"aioseo_meta_data":{"post_id":"17549","title":"SEKISUI S-LEC Fuentes de energ\u00eda renovables para el 100% de la electricidad adquirida","description":"La planta de resina de materia prima para pel\u00edculas intercaladas de Europa comienza a abastecerse de electricidad procedente al 100% de fuentes de energ\u00eda renovables.","keywords":null,"keyphrases":"{\"focus\":{\"keyphrase\":\"\",\"score\":0,\"analysis\":{\"keyphraseInTitle\":{\"score\":0,\"maxScore\":9,\"error\":1}}},\"additional\":[]}","primary_term":null,"canonical_url":null,"og_title":null,"og_description":null,"og_object_type":"default","og_image_type":"custom_image","og_image_url":"https:\/\/www.s-lecfilm.com\/wp-content\/uploads\/220505-ER300-v2.webp","og_image_width":"1200","og_image_height":"873","og_image_custom_url":"https:\/\/www.s-lecfilm.com\/wp-content\/uploads\/220505-ER300-v2.webp","og_image_custom_fields":null,"og_video":"","og_custom_url":null,"og_article_section":null,"og_article_tags":null,"twitter_use_og":false,"twitter_card":"default","twitter_image_type":"default","twitter_image_url":null,"twitter_image_custom_url":null,"twitter_image_custom_fields":null,"twitter_title":null,"twitter_description":null,"schema":{"blockGraphs":[],"customGraphs":[],"default":{"data":{"Article":[],"Course":[],"Dataset":[],"FAQPage":[],"Movie":[],"Person":[],"Product":[],"Recipe":[],"Service":[],"SoftwareApplication":[],"WebPage":[]},"graphName":"WebPage","isEnabled":true},"graphs":[]},"schema_type":"default","schema_type_options":null,"pillar_content":false,"robots_default":true,"robots_noindex":true,"robots_noarchive":false,"robots_nosnippet":false,"robots_nofollow":false,"robots_noimageindex":false,"robots_noodp":false,"robots_notranslate":false,"robots_max_snippet":"-1","robots_max_videopreview":"-1","robots_max_imagepreview":"large","priority":null,"frequency":"default","local_seo":null,"limit_modified_date":false,"reviewed_by":null,"open_ai":{"title":{"suggestions":[],"usage":0},"description":{"suggestions":[],"usage":0}},"created":"2024-03-06 07:56:21","updated":"2024-09-26 07:14:22"},"aioseo_breadcrumb":"<div class=\"aioseo-breadcrumbs\"><span class=\"aioseo-breadcrumb\">\n\t<a href=\"https:\/\/www.s-lecfilm.com\/es\/\" title=\"\u30db\u30fc\u30e0\">\u30db\u30fc\u30e0<\/a>\n<\/span><span class=\"aioseo-breadcrumb-separator\">&raquo;<\/span><span class=\"aioseo-breadcrumb\">\n\t<a href=\"https:\/\/www.s-lecfilm.com\/es\/news\/\" title=\"Privado: \/es\/news\/\">Privado: \/es\/news\/<\/a>\n<\/span><span class=\"aioseo-breadcrumb-separator\">&raquo;<\/span><span class=\"aioseo-breadcrumb\">\n\t\/es\/news\/renewable-energy-sources\/\n<\/span><\/div>","aioseo_breadcrumb_json":[{"label":"\u30db\u30fc\u30e0","link":"https:\/\/www.s-lecfilm.com\/es\/"},{"label":"Privado: \/es\/news\/","link":"https:\/\/www.s-lecfilm.com\/es\/news\/"},{"label":"\/es\/news\/renewable-energy-sources\/","link":"https:\/\/www.s-lecfilm.com\/es\/news\/renewable-energy-sources\/"}],"_links":{"self":[{"href":"https:\/\/www.s-lecfilm.com\/es\/wp-json\/wp\/v2\/pages\/17549"}],"collection":[{"href":"https:\/\/www.s-lecfilm.com\/es\/wp-json\/wp\/v2\/pages"}],"about":[{"href":"https:\/\/www.s-lecfilm.com\/es\/wp-json\/wp\/v2\/types\/page"}],"author":[{"embeddable":true,"href":"https:\/\/www.s-lecfilm.com\/es\/wp-json\/wp\/v2\/users\/14"}],"replies":[{"embeddable":true,"href":"https:\/\/www.s-lecfilm.com\/es\/wp-json\/wp\/v2\/comments?post=17549"}],"version-history":[{"count":14,"href":"https:\/\/www.s-lecfilm.com\/es\/wp-json\/wp\/v2\/pages\/17549\/revisions"}],"predecessor-version":[{"id":26174,"href":"https:\/\/www.s-lecfilm.com\/es\/wp-json\/wp\/v2\/pages\/17549\/revisions\/26174"}],"up":[{"embeddable":true,"href":"https:\/\/www.s-lecfilm.com\/es\/wp-json\/wp\/v2\/pages\/17042"}],"wp:attachment":[{"href":"https:\/\/www.s-lecfilm.com\/es\/wp-json\/wp\/v2\/media?parent=17549"}],"wp:term":[{"taxonomy":"page_category","embeddable":true,"href":"https:\/\/www.s-lecfilm.com\/es\/wp-json\/wp\/v2\/page_category?post=17549"}],"curies":[{"name":"wp","href":"https:\/\/api.w.org\/{rel}","templated":true}]}}