{"id":17534,"date":"2023-10-25T19:21:41","date_gmt":"2023-10-25T10:21:41","guid":{"rendered":"https:\/\/www.s-lecfilm.com\/en-news\/en-noticias-rebranding\/"},"modified":"2024-09-26T13:59:50","modified_gmt":"2024-09-26T04:59:50","slug":"en-noticias-rebranding","status":"publish","type":"page","link":"https:\/\/www.s-lecfilm.com\/es\/news\/rebranding\/","title":{"rendered":"\/es\/news\/rebranding\/"},"content":{"rendered":"<div class=\"frame\">\n\t\n<div class=\"container pt-0 pb-0\">\n\t\n\n<p class=\"has-text-align-right\">07 de marzo de 2022<\/p>\n\n\n\n<p>SEKISUI CHEMICAL CO., LTD.<\/p>\n\n\n\n<h1 class=\"has-text-align-center h2 mt-5 mb-5 wp-block-heading\">Rebranding del negocio de pel\u00edculas intercalares de SEKISUI CHEMICAL<\/h1>\n\n\n\n<p class=\"mt-5\">SEKISUI CHEMICAL CO., LTD. Ltd. (Presidente y Director Representativo: Keita Kato; en lo sucesivo, \u00abSEKISUI\u00bb) de Pl\u00e1sticos de Alto Rendimiento (Presidente: Ikusuke Shimizu) ha actualizado la imagen de su negocio de pel\u00edcula intercalaria de PVB.<\/p>\n\n\n<H2 class=\"c-title-level02 section-subtitle\">Antecedentes de la marca<\/H2>\n\n<div class=\"feature-img text-center\">\n\t\t<img decoding=\"async\" src=\"https:\/\/www.s-lecfilm.com\/wp-content\/uploads\/rebranding.webp\" alt=\"SEKISUI S-LEC logo with the brand line\" >\n\t\t<\/div>\n\n\n<p>SEKISUI desarrolla, produce y vende pel\u00edculas intercalarias de PVB para vidrio laminado utilizando su avanzada experiencia t\u00e9cnica, innovaci\u00f3n y valorando una relaci\u00f3n de cooperaci\u00f3n con sus clientes y ha estado jugando un papel de liderazgo en la industria de la pel\u00edcula intercalaria de PVB durante m\u00e1s de sesenta a\u00f1os. Har\u00e1 esfuerzos continuos para aportar nuevos valores a\u00f1adidos en las pel\u00edculas intercalarias de PVB para vidrio laminado y ha actualizado la imagen de su unidad de negocio High Performance Plastics Company&#8217;s Interlayer Film para reflejar la intenci\u00f3n de \u00abcontribuir a la sociedad y al medio ambiente a trav\u00e9s de sus productos, y ayudar a construir un futuro mejor\u00bb, siendo consciente de la importancia de su \u00abconexi\u00f3n\u00bb no s\u00f3lo con sus clientes, sino tambi\u00e9n con la sociedad m\u00e1s all\u00e1 de ellos.<\/p>\n\n\n<div class=\"feature-img text-center\">\n\t\t<img decoding=\"async\" src=\"https:\/\/www.s-lecfilm.com\/wp-content\/uploads\/Background-of-Rebranding_EN.webp\" alt=\"SEKISUI S-LEC brand renewal to contribute to society and environment and help build a better future\" style=\"width:80%;\">\n\t\t<\/div>\n<\/div>\n\n<\/div>\n\n\n<div class=\"frame pt-0\">\n\t\n<div class=\"container\">\n\t\n<H2 class=\"c-title-level02 section-subtitle\">El objetivo de SEKISUI<\/H2>\n\n\n<p>SEKISUI se ha esforzado por crear lugares seguros y c\u00f3modos en la sociedad y ha contribuido a que la gente establezca una relaci\u00f3n agradable en estos lugares. La empresa espera profundizar a\u00fan m\u00e1s en las conexiones con las personas, la sociedad, el medio ambiente, la tecnolog\u00eda y otros \u00e1mbitos que nos rodean. Su objetivo ser\u00e1 crear empresas que hagan un futuro mejor valorando la conciencia de crear y profundizar esas \u00abconexiones\u00bb.<\/p>\n\n<\/div>\n\n<\/div>\n\n\n<div class=\"frame pt-0\">\n\t\n<div class=\"container\">\n\t\n<H2 class=\"c-title-level02 section-subtitle\">Identidad de marca \/ Lema de acci\u00f3n y declaraci\u00f3n de marca<\/H2>\n\n\n<p>SEKISUI ha creado el lema de acci\u00f3n \u00abMake the NEW\u00bb para expresar la actitud desafiante y creativa de todos los miembros involucrados en el negocio de la pel\u00edcula intercalaria de PVB. Este lema declara crear varios \u00abNUEVOS\u00bb que se generar\u00e1n a partir de su acci\u00f3n de establecer m\u00e1s conexiones con las personas y con todo.<\/p>\n\n\n<div class=\"feature-img text-center\">\n\t\t<img decoding=\"async\" src=\"https:\/\/www.s-lecfilm.com\/wp-content\/uploads\/Action-slogan-and-brand-statement_EN-1.webp\" alt=\"Make the New, action slogan that represents the attitude of challenging and original activities\" >\n\t\t<\/div>\n<\/div>\n\n<\/div>\n\n\n<div class=\"frame pt-0 pb-0\">\n\t\n<div class=\"container\">\n\t\n<H2 class=\"c-title-level02 section-subtitle\">Logotipo de la marca<\/H2>\n\n\n<p>Para expresar la \u00abconexi\u00f3n\u00bb dise\u00f1amos el nuevo logotipo con un tipo de letra plano y neutro. La l\u00ednea simb\u00f3lica representa la pel\u00edcula intercalaria de PVB. Y al colocarla en la \u00abE\u00bb, que tiene el mayor n\u00famero de trazos de todas las letras de \u00abS-LEC\u00bb, debe mostrar la actitud de que la unidad empresarial apoyar\u00e1 todo tipo de relaci\u00f3n con las personas, el medio ambiente, la sociedad y cualquier otra cosa desde todos los aspectos. Intencionadamente, la l\u00ednea est\u00e1 trazada en diagonal hacia la derecha para ilustrar el crecimiento de la marca.<\/p>\n\n<\/div>\n\n\n<div class=\"feature-img text-center\">\n\t\t<img decoding=\"async\" src=\"https:\/\/www.s-lecfilm.com\/wp-content\/uploads\/press-release-3-1-1.webp\" alt=\"SEKISUI S-LEC logo\" style=\"width:100%;\">\n\t\t<\/div>\n\n<div class=\"feature-img text-center\">\n\t\t<img decoding=\"async\" src=\"https:\/\/www.s-lecfilm.com\/wp-content\/uploads\/press-release-4.webp\" alt=\"SEKISUI S-LEC is more attitude from all aspects of relationships with diverse people, environment and society.\" >\n\t\t<\/div>\n\n<div class=\"container\">\n\t\n<div class=\"feature-img text-center\">\n\t\t<\/div>\n<\/div>\n\n<\/div>\n\n\n\n<div class=\"frame is-bg-img c-more-detail \">\n\t<div class=\"container\">\n\t\t<div class=\"row justify-content-center\">\n\t\t\t<div class=\"col-lg-10\">\n\t\t\t\t<div class=\"row\">\n\t\t\t\t\t<div class=\"col-lg-7 mb-5 mb-lg-0\">\n\t\t\t\t\t\t<div class=\"contact-footer-text\">\n\t\t\t\t\t\t\t\u00bfQuiere saber m\u00e1s?\t\t\t\t\t\t<\/div>\n\t\t\t\t\t\t<div class=\"contact-footer-btn\">\n\t\t\t\t\t\t\t<a href=\"\/es\/download\/all\/\" target=\"_blank\">\n\t\t\t\t\t\t\t\t<button class=\"btn btn-primary fa-download-check\">\n\t\t\t\t\t\t\t\t\t\t\t\t\t\t\t\t\t\t\tDescargas\t\t\t\t\t\t\t\t\t\t\t\t\t\t\t\t\t<\/button>\n\t\t\t\t\t\t\t<\/a>\n\t\t\t\t\t\t\t<a href=\"\/es\/download\/Inquiry\/\" target=\"_blank\">\n\t\t\t\t\t\t\t\t<button class=\"btn btn-primary is-external-link\">\n\t\t\t\t\t\t\t\t\t\t\t\t\t\t\t\t\t\t\tCont\u00e1ctenos\t\t\t\t\t\t\t\t\t\t\t\t\t\t\t\t\t<\/button>\n\t\t\t\t\t\t\t<\/a>\n\t\t\t\t\t\t<\/div>\n\t\t\t\t\t<\/div>\n\t\t\t\t\t<div class=\"col-lg-5\">\n\t\t\t\t\t\t<div class=\"contact-footer-img\">\n\t\t\t\t\t\t\t\t\t\t\t\t\t\t<img decoding=\"async\" src=\"https:\/\/www.s-lecfilm.com\/wp-content\/uploads\/thankyou_hero-1-1-1024x576.webp\" alt=\"Those who want to know more about S-LEC\u2122 Film\">\n\t\t\t\t\t\t\t\t\t\t\t\t\t<\/div>\n\t\t\t\t\t<\/div>\n\t\t\t\t<\/div>\n\t\t\t<\/div>\n\t\t<\/div>\n\t<\/div>\n<\/div>\n","protected":false},"excerpt":{"rendered":"","protected":false},"author":14,"featured_media":0,"parent":17042,"menu_order":37,"comment_status":"closed","ping_status":"closed","template":"","meta":{"_acf_changed":false,"_oasis_is_in_workflow":0,"_oasis_original":0,"om_disable_all_campaigns":false,"inline_featured_image":false,"_monsterinsights_skip_tracking":false,"_monsterinsights_sitenote_active":false,"_monsterinsights_sitenote_note":"","_monsterinsights_sitenote_category":0,"footnotes":""},"page_category":[117],"class_list":["post-17534","page","type-page","status-publish","hentry"],"acf":[],"aioseo_notices":[],"aioseo_head":"\n\t\t<!-- All in One SEO Pro 4.6.2 - aioseo.com -->\n\t\t<meta name=\"description\" content=\"Hemos renovado el negocio de la pel\u00edcula intercalaria de PVB conscientes de la importancia de la &quot;conexi\u00f3n&quot; no s\u00f3lo con los clientes, sino tambi\u00e9n con la sociedad.\" \/>\n\t\t<meta name=\"robots\" content=\"max-image-preview:large\" \/>\n\t\t<meta name=\"google-site-verification\" content=\"LGoHK3imcI57fEDyHDnPGNxrBKyRAWvyS1_pmekTNEU\" \/>\n\t\t<link rel=\"canonical\" href=\"https:\/\/www.s-lecfilm.com\/es\/news\/rebranding\/\" \/>\n\t\t<meta name=\"generator\" content=\"All in One SEO Pro (AIOSEO) 4.6.2\" \/>\n\t\t<meta property=\"og:locale\" content=\"es_ES\" \/>\n\t\t<meta property=\"og:site_name\" content=\"SEKISUI S-LEC\" \/>\n\t\t<meta property=\"og:type\" content=\"article\" \/>\n\t\t<meta property=\"og:title\" content=\"Cambio de marca de SEKISUI S-LEC\" \/>\n\t\t<meta property=\"og:description\" content=\"Hemos renovado el negocio de la pel\u00edcula intercalaria de PVB conscientes de la importancia de la &quot;conexi\u00f3n&quot; no s\u00f3lo con los clientes, sino tambi\u00e9n con la sociedad.\" \/>\n\t\t<meta property=\"og:url\" content=\"https:\/\/www.s-lecfilm.com\/es\/news\/rebranding\/\" \/>\n\t\t<meta property=\"og:image\" content=\"https:\/\/www.s-lecfilm.com\/wp-content\/uploads\/press-release_2.webp\" \/>\n\t\t<meta property=\"og:image:secure_url\" content=\"https:\/\/www.s-lecfilm.com\/wp-content\/uploads\/press-release_2.webp\" \/>\n\t\t<meta property=\"og:image:width\" content=\"1200\" \/>\n\t\t<meta property=\"og:image:height\" content=\"679\" \/>\n\t\t<meta property=\"article:published_time\" content=\"2023-10-25T10:21:41+00:00\" \/>\n\t\t<meta property=\"article:modified_time\" content=\"2024-09-26T04:59:50+00:00\" \/>\n\t\t<meta name=\"twitter:card\" content=\"summary_large_image\" \/>\n\t\t<meta name=\"twitter:title\" content=\"Cambio de marca de SEKISUI S-LEC\" \/>\n\t\t<meta name=\"twitter:description\" content=\"Hemos renovado el negocio de la pel\u00edcula intercalaria de PVB conscientes de la importancia de la &quot;conexi\u00f3n&quot; no s\u00f3lo con los clientes, sino tambi\u00e9n con la sociedad.\" \/>\n\t\t<meta name=\"twitter:image\" content=\"https:\/\/www.s-lecfilm.com\/wp-content\/uploads\/2023\/01\/Open-Graph-Image.png\" \/>\n\t\t<script type=\"application\/ld+json\" class=\"aioseo-schema\">\n\t\t\t{\"@context\":\"https:\\\/\\\/schema.org\",\"@graph\":[{\"@type\":\"BreadcrumbList\",\"@id\":\"https:\\\/\\\/www.s-lecfilm.com\\\/es\\\/news\\\/rebranding\\\/#breadcrumblist\",\"itemListElement\":[{\"@type\":\"ListItem\",\"@id\":\"https:\\\/\\\/www.s-lecfilm.com\\\/es\\\/#listItem\",\"position\":1,\"name\":\"Hogar\",\"item\":\"https:\\\/\\\/www.s-lecfilm.com\\\/es\\\/\",\"nextItem\":\"https:\\\/\\\/www.s-lecfilm.com\\\/es\\\/news\\\/#listItem\"},{\"@type\":\"ListItem\",\"@id\":\"https:\\\/\\\/www.s-lecfilm.com\\\/es\\\/news\\\/#listItem\",\"position\":2,\"name\":\"\\\/es\\\/news\\\/\",\"item\":\"https:\\\/\\\/www.s-lecfilm.com\\\/es\\\/news\\\/\",\"nextItem\":\"https:\\\/\\\/www.s-lecfilm.com\\\/es\\\/news\\\/rebranding\\\/#listItem\",\"previousItem\":\"https:\\\/\\\/www.s-lecfilm.com\\\/es\\\/#listItem\"},{\"@type\":\"ListItem\",\"@id\":\"https:\\\/\\\/www.s-lecfilm.com\\\/es\\\/news\\\/rebranding\\\/#listItem\",\"position\":3,\"name\":\"\\\/es\\\/news\\\/rebranding\\\/\",\"previousItem\":\"https:\\\/\\\/www.s-lecfilm.com\\\/es\\\/news\\\/#listItem\"}]},{\"@type\":\"Organization\",\"@id\":\"https:\\\/\\\/www.s-lecfilm.com\\\/es\\\/#organization\",\"name\":\"s-lecfilm\",\"url\":\"https:\\\/\\\/www.s-lecfilm.com\\\/es\\\/\"},{\"@type\":\"WebPage\",\"@id\":\"https:\\\/\\\/www.s-lecfilm.com\\\/es\\\/news\\\/rebranding\\\/#webpage\",\"url\":\"https:\\\/\\\/www.s-lecfilm.com\\\/es\\\/news\\\/rebranding\\\/\",\"name\":\"Cambio de marca de SEKISUI S-LEC\",\"description\":\"Hemos renovado el negocio de la pel\\u00edcula intercalaria de PVB conscientes de la importancia de la \\\"conexi\\u00f3n\\\" no s\\u00f3lo con los clientes, sino tambi\\u00e9n con la sociedad.\",\"inLanguage\":\"es-ES\",\"isPartOf\":{\"@id\":\"https:\\\/\\\/www.s-lecfilm.com\\\/es\\\/#website\"},\"breadcrumb\":{\"@id\":\"https:\\\/\\\/www.s-lecfilm.com\\\/es\\\/news\\\/rebranding\\\/#breadcrumblist\"},\"datePublished\":\"2023-10-25T19:21:41+09:00\",\"dateModified\":\"2024-09-26T13:59:50+09:00\"},{\"@type\":\"WebSite\",\"@id\":\"https:\\\/\\\/www.s-lecfilm.com\\\/es\\\/#website\",\"url\":\"https:\\\/\\\/www.s-lecfilm.com\\\/es\\\/\",\"name\":\"s-lecfilm\",\"inLanguage\":\"es-ES\",\"publisher\":{\"@id\":\"https:\\\/\\\/www.s-lecfilm.com\\\/es\\\/#organization\"}}]}\n\t\t<\/script>\n\t\t<!-- All in One SEO Pro -->\r\n\t\t<title>Cambio de marca de SEKISUI S-LEC<\/title>\n\n","aioseo_head_json":{"title":"Cambio de marca de SEKISUI S-LEC","description":"Hemos renovado el negocio de la pel\u00edcula intercalaria de PVB conscientes de la importancia de la \"conexi\u00f3n\" no s\u00f3lo con los clientes, sino tambi\u00e9n con la sociedad.","canonical_url":"https:\/\/www.s-lecfilm.com\/es\/news\/rebranding\/","robots":"max-image-preview:large","keywords":"","webmasterTools":{"google-site-verification":"LGoHK3imcI57fEDyHDnPGNxrBKyRAWvyS1_pmekTNEU","miscellaneous":""},"og:locale":"es_ES","og:site_name":"SEKISUI S-LEC","og:type":"article","og:title":"Cambio de marca de SEKISUI S-LEC","og:description":"Hemos renovado el negocio de la pel\u00edcula intercalaria de PVB conscientes de la importancia de la &quot;conexi\u00f3n&quot; no s\u00f3lo con los clientes, sino tambi\u00e9n con la sociedad.","og:url":"https:\/\/www.s-lecfilm.com\/es\/news\/rebranding\/","og:image":"https:\/\/www.s-lecfilm.com\/wp-content\/uploads\/press-release_2.webp","og:image:secure_url":"https:\/\/www.s-lecfilm.com\/wp-content\/uploads\/press-release_2.webp","og:image:width":1200,"og:image:height":679,"article:published_time":"2023-10-25T10:21:41+00:00","article:modified_time":"2024-09-26T04:59:50+00:00","twitter:card":"summary_large_image","twitter:title":"Cambio de marca de SEKISUI S-LEC","twitter:description":"Hemos renovado el negocio de la pel\u00edcula intercalaria de PVB conscientes de la importancia de la &quot;conexi\u00f3n&quot; no s\u00f3lo con los clientes, sino tambi\u00e9n con la sociedad.","twitter:image":"https:\/\/www.s-lecfilm.com\/wp-content\/uploads\/2023\/01\/Open-Graph-Image.png","schema":{"@context":"https:\/\/schema.org","@graph":[{"@type":"BreadcrumbList","@id":"https:\/\/www.s-lecfilm.com\/es\/news\/rebranding\/#breadcrumblist","itemListElement":[{"@type":"ListItem","@id":"https:\/\/www.s-lecfilm.com\/es\/#listItem","position":1,"name":"Hogar","item":"https:\/\/www.s-lecfilm.com\/es\/","nextItem":"https:\/\/www.s-lecfilm.com\/es\/news\/#listItem"},{"@type":"ListItem","@id":"https:\/\/www.s-lecfilm.com\/es\/news\/#listItem","position":2,"name":"\/es\/news\/","item":"https:\/\/www.s-lecfilm.com\/es\/news\/","nextItem":"https:\/\/www.s-lecfilm.com\/es\/news\/rebranding\/#listItem","previousItem":"https:\/\/www.s-lecfilm.com\/es\/#listItem"},{"@type":"ListItem","@id":"https:\/\/www.s-lecfilm.com\/es\/news\/rebranding\/#listItem","position":3,"name":"\/es\/news\/rebranding\/","previousItem":"https:\/\/www.s-lecfilm.com\/es\/news\/#listItem"}]},{"@type":"Organization","@id":"https:\/\/www.s-lecfilm.com\/es\/#organization","name":"s-lecfilm","url":"https:\/\/www.s-lecfilm.com\/es\/"},{"@type":"WebPage","@id":"https:\/\/www.s-lecfilm.com\/es\/news\/rebranding\/#webpage","url":"https:\/\/www.s-lecfilm.com\/es\/news\/rebranding\/","name":"Cambio de marca de SEKISUI S-LEC","description":"Hemos renovado el negocio de la pel\u00edcula intercalaria de PVB conscientes de la importancia de la \"conexi\u00f3n\" no s\u00f3lo con los clientes, sino tambi\u00e9n con la sociedad.","inLanguage":"es-ES","isPartOf":{"@id":"https:\/\/www.s-lecfilm.com\/es\/#website"},"breadcrumb":{"@id":"https:\/\/www.s-lecfilm.com\/es\/news\/rebranding\/#breadcrumblist"},"datePublished":"2023-10-25T19:21:41+09:00","dateModified":"2024-09-26T13:59:50+09:00"},{"@type":"WebSite","@id":"https:\/\/www.s-lecfilm.com\/es\/#website","url":"https:\/\/www.s-lecfilm.com\/es\/","name":"s-lecfilm","inLanguage":"es-ES","publisher":{"@id":"https:\/\/www.s-lecfilm.com\/es\/#organization"}}]}},"aioseo_meta_data":{"post_id":"17534","title":"Cambio de marca de SEKISUI S-LEC","description":"Hemos renovado el negocio de la pel\u00edcula intercalaria de PVB conscientes de la importancia de la \"conexi\u00f3n\" no s\u00f3lo con los clientes, sino tambi\u00e9n con la sociedad.","keywords":null,"keyphrases":"{\"focus\":{\"keyphrase\":\"\",\"score\":0,\"analysis\":{\"keyphraseInTitle\":{\"score\":0,\"maxScore\":9,\"error\":1}}},\"additional\":[]}","primary_term":null,"canonical_url":null,"og_title":null,"og_description":null,"og_object_type":"default","og_image_type":"custom_image","og_image_url":"https:\/\/www.s-lecfilm.com\/wp-content\/uploads\/press-release_2.webp","og_image_width":"1200","og_image_height":"679","og_image_custom_url":"https:\/\/www.s-lecfilm.com\/wp-content\/uploads\/press-release_2.webp","og_image_custom_fields":null,"og_video":"","og_custom_url":null,"og_article_section":null,"og_article_tags":null,"twitter_use_og":false,"twitter_card":"default","twitter_image_type":"default","twitter_image_url":null,"twitter_image_custom_url":null,"twitter_image_custom_fields":null,"twitter_title":null,"twitter_description":null,"schema":{"blockGraphs":[],"customGraphs":[],"default":{"data":{"Article":[],"Course":[],"Dataset":[],"FAQPage":[],"Movie":[],"Person":[],"Product":[],"Recipe":[],"Service":[],"SoftwareApplication":[],"WebPage":[]},"graphName":"WebPage","isEnabled":true},"graphs":[]},"schema_type":"default","schema_type_options":null,"pillar_content":false,"robots_default":true,"robots_noindex":true,"robots_noarchive":false,"robots_nosnippet":false,"robots_nofollow":false,"robots_noimageindex":false,"robots_noodp":false,"robots_notranslate":false,"robots_max_snippet":"-1","robots_max_videopreview":"-1","robots_max_imagepreview":"large","priority":null,"frequency":"default","local_seo":null,"limit_modified_date":false,"reviewed_by":null,"open_ai":{"title":{"suggestions":[],"usage":0},"description":{"suggestions":[],"usage":0}},"created":"2024-03-06 07:48:19","updated":"2024-09-26 05:00:47"},"aioseo_breadcrumb":"<div class=\"aioseo-breadcrumbs\"><span class=\"aioseo-breadcrumb\">\n\t<a href=\"https:\/\/www.s-lecfilm.com\/es\/\" title=\"\u30db\u30fc\u30e0\">\u30db\u30fc\u30e0<\/a>\n<\/span><span class=\"aioseo-breadcrumb-separator\">&raquo;<\/span><span class=\"aioseo-breadcrumb\">\n\t<a href=\"https:\/\/www.s-lecfilm.com\/es\/news\/\" title=\"Privado: \/es\/news\/\">Privado: \/es\/news\/<\/a>\n<\/span><span class=\"aioseo-breadcrumb-separator\">&raquo;<\/span><span class=\"aioseo-breadcrumb\">\n\t\/es\/news\/rebranding\/\n<\/span><\/div>","aioseo_breadcrumb_json":[{"label":"\u30db\u30fc\u30e0","link":"https:\/\/www.s-lecfilm.com\/es\/"},{"label":"Privado: \/es\/news\/","link":"https:\/\/www.s-lecfilm.com\/es\/news\/"},{"label":"\/es\/news\/rebranding\/","link":"https:\/\/www.s-lecfilm.com\/es\/news\/rebranding\/"}],"_links":{"self":[{"href":"https:\/\/www.s-lecfilm.com\/es\/wp-json\/wp\/v2\/pages\/17534"}],"collection":[{"href":"https:\/\/www.s-lecfilm.com\/es\/wp-json\/wp\/v2\/pages"}],"about":[{"href":"https:\/\/www.s-lecfilm.com\/es\/wp-json\/wp\/v2\/types\/page"}],"author":[{"embeddable":true,"href":"https:\/\/www.s-lecfilm.com\/es\/wp-json\/wp\/v2\/users\/14"}],"replies":[{"embeddable":true,"href":"https:\/\/www.s-lecfilm.com\/es\/wp-json\/wp\/v2\/comments?post=17534"}],"version-history":[{"count":14,"href":"https:\/\/www.s-lecfilm.com\/es\/wp-json\/wp\/v2\/pages\/17534\/revisions"}],"predecessor-version":[{"id":26168,"href":"https:\/\/www.s-lecfilm.com\/es\/wp-json\/wp\/v2\/pages\/17534\/revisions\/26168"}],"up":[{"embeddable":true,"href":"https:\/\/www.s-lecfilm.com\/es\/wp-json\/wp\/v2\/pages\/17042"}],"wp:attachment":[{"href":"https:\/\/www.s-lecfilm.com\/es\/wp-json\/wp\/v2\/media?parent=17534"}],"wp:term":[{"taxonomy":"page_category","embeddable":true,"href":"https:\/\/www.s-lecfilm.com\/es\/wp-json\/wp\/v2\/page_category?post=17534"}],"curies":[{"name":"wp","href":"https:\/\/api.w.org\/{rel}","templated":true}]}}