{"id":17449,"date":"2023-02-28T10:00:00","date_gmt":"2023-02-28T01:00:00","guid":{"rendered":"https:\/\/www.s-lecfilm.com\/es-cielora\/"},"modified":"2024-09-25T15:27:24","modified_gmt":"2024-09-25T06:27:24","slug":"es-cielora","status":"publish","type":"page","link":"https:\/\/www.s-lecfilm.com\/es\/cielora\/","title":{"rendered":"\/es\/cielora\/"},"content":{"rendered":"<div class=\"frame pt-0\" style=\"clear: both;\">\n\t<div class=\"hero-flame\" style=\"height:62vh;margin:0;\">\n\t\t<div class=\"hero-flame-bg\">\n\t\t\t<img loading=\"lazy\" decoding=\"async\" class=\"hero-flame-bg-img\" src=\"https:\/\/www.s-lecfilm.com\/wp-content\/uploads\/Hero_cielora.webp\" width=\"1920\" height=\"561\" alt=\"Cielora\u2122, opaque to clear with a natural gradient PVB interlayer\" style=\"object-position:50% 50%;\">\n\t\t<\/div>\n\t\t<div class=\"hero-flame-content\">\n\t\t\t\t\t\t\t<div class=\"hero-text\">\n\t\t\t\t\t<div class=\"hero-text-title\">\n\t\t\t\t\t\tCielora\u2122 \t\t\t\t\t<\/div>\n\t\t\t\t\t\t\t\t\t\t\t<div class=\"hero-text-subtitle\">\n\t\t\t\t\t\t\tAlcanzar la belleza a trav\u00e9s de la gradaci\u00f3n\t\t\t\t\t\t<\/div>\n\t\t\t\t\t\t\t\t\t<\/div>\n\t\t\t\t<\/div>\n\t<\/div>\n<\/div>\n\n<div class=\"frame pt-0 pb-0\">\n\t\n<div class=\"container\">\n\t\n<H1 class=\"c-title-level02 section-subtitle\">Cielora\u2122, de opaco a transparente con una pel\u00edcula intercalaria de PVB de gradiente natural.<\/H1>\n\n<div class=\"c-layout-frame section-flame\">\n\t\t<div class=\"row align-items-center\">\n\t\t<div class=\"col-lg-6\">\n\t\t\t<div class=\"feature-img text-center\">\n\t\t\t\t\t\t\t\t<img decoding=\"async\" src=\"https:\/\/www.s-lecfilm.com\/wp-content\/uploads\/220114_Details-04-1024x683.webp\"  alt=\"Cielora\u2122 that creates a gradation that flows from milky to transparent\">\n\t\t\t\t\t\t\t<\/div>\n\t\t<\/div>\n\t\t<div class=\"col-lg-6\">\n\t\t\t<div class=\"feature-cont\">\n\t\t\t\t<div class=\"acf-innerblocks-container\">\n\n<p>Soluciones creativas en ventanas, paredes y mamparas de cristal para la intimidad, la seguridad y la est\u00e9tica.<\/p>\n\n\n\n<p>Los arquitectos y dise\u00f1adores de interiores siempre buscan el equilibrio entre est\u00e9tica y funcionalidad. Esto se aplica especialmente al vidrio, ya que su uso arquitect\u00f3nico es muy vers\u00e1til. En colaboraci\u00f3n con promotores de proyectos, fabricantes de vidrio y contratistas, buscan, prueban, calculan y eligen los mejores materiales. Las aplicaciones utilizadas deben cumplir muchos requisitos, como ser f\u00e1ciles de trabajar, atractivas al gusto del usuario final y proporcionar seguridad en los edificios.<\/p>\n\n\n\n<p>Con esto, en retrospectiva, SEKISUI S-LEC cre\u00f3 una soluci\u00f3n innovadora para ventanas decorativas de vidrio, divisiones, fachadas, balcones, etc., y otras aplicaciones que ofrecen una aplicaci\u00f3n de alta calidad con m\u00faltiples beneficios: Cielora\u2122.<\/p>\n\n\n<div class=\"c-button-type01 row justify-content-center\">\n\t<div class=\"col-lg-5 d-brochure-bg-btn is-inner-btn btn-size-medium\">\n\t\t<a href=\"\/es\/download\/Cielora-leaflet\/\" target=\"_blank\">\n\t\t\t<button type=\"button\" class=\"btn btn-primary\">Descargar folletos<\/button>\n\t\t<\/a>\n\t<\/div>\n<\/div>\n\n<\/div>\t\t\t<\/div>\n\t\t<\/div>\n\t<\/div>\n\t<\/div>\n\n\n<H2 class=\"c-title-level02 section-subtitle\">Caracter\u00edsticas de Cielora<\/H2>\n\n<div class=\"c-layout-frame section-flame\">\n\t\t<div class=\"row align-items-center\">\n\t\t<div class=\"col-lg-6 order-lg-1 order-0\">\n\t\t\t<div class=\"feature-img text-center\">\n\t\t\t\t\t\t\t\t<img decoding=\"async\" src=\"https:\/\/www.s-lecfilm.com\/wp-content\/uploads\/cielora_en_02-1024x620.webp\"  alt=\"Cielora\u2122, white gradient PVB interlayer for laminated glass that features privacy and transparency\">\n\t\t\t\t\t\t\t<\/div>\n\t\t<\/div>\n\t\t<div class=\"col-lg-6 order-lg-0 order-1\">\n\t\t\t<div class=\"feature-cont\">\n\t\t\t\t<div class=\"acf-innerblocks-container\">\n\n<p>Cielora\u2122 es una pel\u00edcula intercalaria de PVB de 0,76 mm de espesor para cristales con las mismas propiedades que otras S-LEC\u2122 Film para cristales de seguridad:<\/p>\n\n\n\n<ul class=\"wp-block-list\">\n<li>Seguridad: inastillable, absorbe los impactos e impide la penetraci\u00f3n.<\/li>\n\n\n\n<li>Seguridad &#8211; Resiste la fuerza de un martillo o de un cortavidrios.<\/li>\n\n\n\n<li>Bloqueo de rayos UV &#8211; Bloquea el 99% de los rayos ultravioleta.<\/li>\n\n\n\n<li>Deja pasar la luz natural, manteniendo una transparencia \u00f3ptima en la zona transparente.<\/li>\n<\/ul>\n\n\n\n<p>La caracter\u00edstica \u00fanica a\u00f1adida de Cielora\u2122 es su gradiente totalmente natural ampliado de vidrio transparente a transl\u00facido a un aspecto esmerilado opaco, que ofrece una forma creativa de combinar privacidad y transparencia en una aplicaci\u00f3n a medida en vidrio laminado.<\/p>\n\n\n<div class=\"c-button-type01 row justify-content-center\">\n\t<div class=\"col-lg-5 d-brochure-bg-btn is-inner-btn btn-size-medium\">\n\t\t<a href=\"\/es\/download\/Cielora-leaflet\/\" target=\"_blank\">\n\t\t\t<button type=\"button\" class=\"btn btn-primary\">Descargar folletos<\/button>\n\t\t<\/a>\n\t<\/div>\n<\/div>\n\n<\/div>\t\t\t<\/div>\n\t\t<\/div>\n\t<\/div>\n\t<\/div>\n\n\n<H2 class=\"c-title-level02 section-subtitle\">Qu\u00e9 hace \u00fanico al PVB blanco degradado Cielora\u2122?  <\/H2>\n\n<div class=\"c-layout-frame section-flame\">\n\t\t<div class=\"row align-items-center\">\n\t\t<div class=\"col-lg-6\">\n\t\t\t<div class=\"feature-img text-center\">\n\t\t\t\t\t\t\t\t<img decoding=\"async\" src=\"https:\/\/www.s-lecfilm.com\/wp-content\/uploads\/220105_Building-06_90-1024x637.webp\"  alt=\"Cielora\u2122 that creates a gradation that flows from milky to transparent\">\n\t\t\t\t\t\t\t<\/div>\n\t\t<\/div>\n\t\t<div class=\"col-lg-6\">\n\t\t\t<div class=\"feature-cont\">\n\t\t\t\t<div class=\"acf-innerblocks-container\">\n\n<p>Cielora\u2122 es una pel\u00edcula intercalaria de PVB que va desde el vidrio totalmente opaco (vidrio de privacidad) blanco hasta el vidrio totalmente transparente. La transici\u00f3n abarca m\u00e1s de 80 cm, lo que es \u00fanico en el mercado. El degradado gradual permite obtener un efecto de degradado suave que parece fluido a la vista, lo que permite aplicarlo a dise\u00f1os de alta calidad con una creatividad infinita.<\/p>\n\n\n\n<p>La aplicaci\u00f3n de una pel\u00edcula intercalaria de PVB para vidrio laminado con el fin de modificar la funci\u00f3n \u00f3ptica, de seguridad o de protecci\u00f3n contra los rayos UV del vidrio ofrece siempre excelentes cualidades. En comparaci\u00f3n con las pel\u00edculas adhesivas, como las de las ventanas, una pel\u00edcula intercalaria de PVB decorativa est\u00e1 sellada para evitar el desgaste, incluso despu\u00e9s de muchos a\u00f1os. El dise\u00f1o de los productos de vidrio laminado sigue siendo totalmente liso, por lo que su mantenimiento es m\u00ednimo, independientemente de que se utilicen en interiores o exteriores.<\/p>\n\n<\/div>\t\t\t<\/div>\n\t\t<\/div>\n\t<\/div>\n\t<\/div>\n\n\n<H2 class=\"c-title-level02 section-subtitle\">Aplicaciones del vidrio laminado degradado<\/H2>\n\n<div class=\"c-layout-frame section-flame\">\n\t\t<div class=\"row align-items-center\">\n\t\t<div class=\"col-lg-6 order-lg-1 order-0\">\n\t\t\t<div class=\"feature-img text-center\">\n\t\t\t\t\t\t\t\t<img decoding=\"async\" src=\"https:\/\/www.s-lecfilm.com\/wp-content\/uploads\/Cielora-application-image-1024x625.webp\"  alt=\"Gradient laminated glass with Cielora\u2122, widely used in architecture for new builds, renovations, and decor\">\n\t\t\t\t\t\t\t<\/div>\n\t\t<\/div>\n\t\t<div class=\"col-lg-6 order-lg-0 order-1\">\n\t\t\t<div class=\"feature-cont\">\n\t\t\t\t<div class=\"acf-innerblocks-container\">\n\n<p>El vidrio laminado con degradado blanco tiene numerosas aplicaciones arquitect\u00f3nicas en edificios de nueva construcci\u00f3n, reformas, construcciones de vidrio, esculturas, etc. En cualquier lugar donde los paneles de vidrio formen parte del dise\u00f1o exterior o interior. Algunos ejemplos de aplicaciones son:<\/p>\n\n\n\n<ul class=\"wp-block-list\">\n<li>Balc\u00f3n acristalado<\/li>\n\n\n\n<li>Vidrio de fachada<\/li>\n\n\n\n<li>Divisiones o mamparas de cristal en edificios p\u00fablicos<\/li>\n\n\n\n<li>Balaustrada o barandilla en el tejado<\/li>\n\n\n\n<li>Cub\u00edculo para conversaciones privadas en edificios de oficinas compartidos<\/li>\n\n\n\n<li>Cristales de privacidad para salas de reuniones y aulas<\/li>\n\n\n\n<li>Techo de cristal en atrios o tumbonas<\/li>\n\n\n\n<li>Separador de escritorio<\/li>\n\n\n\n<li>Puertas de ducha o mamparas para cabinas de ducha<\/li>\n\n\n\n<li>Puertas de cristal<\/li>\n<\/ul>\n\n<\/div>\t\t\t<\/div>\n\t\t<\/div>\n\t<\/div>\n\t<\/div>\n\n\n<H2 class=\"c-title-level02 section-subtitle\">Las ventajas de la versatilidad<\/H2>\n\n<div class=\"c-layout-frame section-flame\">\n\t\t<div class=\"row align-items-center\">\n\t\t<div class=\"col-lg-6\">\n\t\t\t<div class=\"feature-img text-center\">\n\t\t\t\t\t\t\t\t<img decoding=\"async\" src=\"https:\/\/www.s-lecfilm.com\/wp-content\/uploads\/cover-image-1024x746.webp\"  alt=\"Protecting privacy using opaque or transparent gradation glass by Cielora\u2122\">\n\t\t\t\t\t\t\t<\/div>\n\t\t<\/div>\n\t\t<div class=\"col-lg-6\">\n\t\t\t<div class=\"feature-cont\">\n\t\t\t\t<div class=\"acf-innerblocks-container\">\n\n<p>Los edificios modernos est\u00e1n dise\u00f1ados para ser eficientes energ\u00e9ticamente y ofrecer un espacio para trabajar, vivir o recrearse. En zonas densamente pobladas, entra en juego el requisito adicional de la privacidad. El uso de vidrio degradado en parte opaco y en parte transparente es una forma vers\u00e1til de mantener un edificio luminoso y abierto, al tiempo que proporciona privacidad en determinadas zonas.<\/p>\n\n\n\n<p>Cielora\u2122 proporciona esta sensaci\u00f3n de amplitud a la vez que mejora el aspecto uniforme de los distintos espacios de un edificio. El amplio dise\u00f1o degradado y el tama\u00f1o general de la Cielora\u2122 permiten una creatividad sin l\u00edmites. Podemos ofrecer personalizaci\u00f3n acortando el lado transparente u opaco de la l\u00e1mina.<\/p>\n\n\n<div class=\"c-button-type01 row justify-content-center\">\n\t<div class=\"col-lg-5 d-brochure-bg-btn is-inner-btn btn-size-medium\">\n\t\t<a href=\"\/es\/download\/Cielora-leaflet\/\" target=\"_blank\">\n\t\t\t<button type=\"button\" class=\"btn btn-primary\">Descargar folletos<\/button>\n\t\t<\/a>\n\t<\/div>\n<\/div>\n\n<\/div>\t\t\t<\/div>\n\t\t<\/div>\n\t<\/div>\n\t<\/div>\n\n\n<H2 class=\"c-title-level02 section-subtitle\">Solicitud de muestras<\/H2>\n\n<div class=\"c-layout-frame section-flame\">\n\t\t<div class=\"row align-items-center\">\n\t\t<div class=\"col-lg-6 order-lg-1 order-0\">\n\t\t\t<div class=\"feature-img text-center\">\n\t\t\t\t\t\t\t\t<img decoding=\"async\" src=\"https:\/\/www.s-lecfilm.com\/wp-content\/uploads\/Cielora-glass-book-grey-back2-1024x567.webp\"  alt=\"\">\n\t\t\t\t\t\t\t<\/div>\n\t\t<\/div>\n\t\t<div class=\"col-lg-6 order-lg-0 order-1\">\n\t\t\t<div class=\"feature-cont\">\n\t\t\t\t<div class=\"acf-innerblocks-container\">\n\n<p>Se pueden solicitar muestras. Podemos proporcionar muestras de vidrio laminado o pel\u00edcula en funci\u00f3n de sus antecedentes, por ejemplo, para comprobar el aspecto del vidrio laminado con Cielora\u2122, o para evaluar procesos en el proceso de laminaci\u00f3n.<\/p>\n\n\n\n<p>Cont\u00e1ctenos a trav\u00e9s del siguiente formulario y uno de nuestros representantes se pondr\u00e1 en contacto con usted para analizar su solicitud y la disponibilidad de muestras.<\/p>\n\n\n<div class=\"c-button-type01 row justify-content-center\">\n\t<div class=\"col-lg-5 d-brochure-bg-btn is-inner-btn btn-size-medium\">\n\t\t<a href=\"\/es\/download\/Cielora-sample\/\" target=\"_blank\">\n\t\t\t<button type=\"button\" class=\"btn btn-primary\">Solicitar muestra<\/button>\n\t\t<\/a>\n\t<\/div>\n<\/div>\n\n<\/div>\t\t\t<\/div>\n\t\t<\/div>\n\t<\/div>\n\t<\/div>\n\n\n<H2 class=\"c-title-level02 section-subtitle\">Nuestros servicios<\/H2>\n\n<div class=\"c-layout-frame section-flame\">\n\t\t<div class=\"row align-items-center\">\n\t\t<div class=\"col-lg-6\">\n\t\t\t<div class=\"feature-img text-center\">\n\t\t\t\t\t\t\t\t<img decoding=\"async\" src=\"https:\/\/www.s-lecfilm.com\/wp-content\/uploads\/shutterstock_2281799523-1-1024x672-1-1-1024x672.webp\"  alt=\"SEKISUI S-LEC can develop tailored solutions from the design stage per project needs.\">\n\t\t\t\t\t\t\t<\/div>\n\t\t<\/div>\n\t\t<div class=\"col-lg-6\">\n\t\t\t<div class=\"feature-cont\">\n\t\t\t\t<div class=\"acf-innerblocks-container\">\n\n<p>SEKISUI S-LEC cuenta con un equipo de expertos t\u00e9cnicos, comerciales y de marketing disponibles en nuestros m\u00faltiples centros de producci\u00f3n de pel\u00edculas intercalarias de PVB en todo el mundo para apoyarle en la fase de dise\u00f1o de su producto y ofrecerle nuestra asistencia en el desarrollo de una soluci\u00f3n a medida que se adapte a los requisitos de su proyecto.<\/p>\n\n\n\n<p>Si desea obtener m\u00e1s informaci\u00f3n sobre Cielora\u2122, no dude en ponerse en contacto con nosotros. D\u00edganos c\u00f3mo podemos satisfacer las demandas de los edificios del futuro.<\/p>\n\n<\/div>\t\t\t<\/div>\n\t\t<\/div>\n\t<\/div>\n\t<\/div>\n\n<\/div>\n\n<\/div>\n\n\n\n<div class=\"frame is-bg-img c-more-detail \">\n\t<div class=\"container\">\n\t\t<div class=\"row justify-content-center\">\n\t\t\t<div class=\"col-lg-10\">\n\t\t\t\t<div class=\"row\">\n\t\t\t\t\t<div class=\"col-lg-7 mb-5 mb-lg-0\">\n\t\t\t\t\t\t<div class=\"contact-footer-text\">\n\t\t\t\t\t\t\t\u00bfQuiere saber m\u00e1s?\t\t\t\t\t\t<\/div>\n\t\t\t\t\t\t<div class=\"contact-footer-btn\">\n\t\t\t\t\t\t\t<a href=\"\/es\/download\/all\/\" target=\"_blank\">\n\t\t\t\t\t\t\t\t<button class=\"btn btn-primary fa-download-check\">\n\t\t\t\t\t\t\t\t\t\t\t\t\t\t\t\t\t\t\tDescargas\t\t\t\t\t\t\t\t\t\t\t\t\t\t\t\t\t<\/button>\n\t\t\t\t\t\t\t<\/a>\n\t\t\t\t\t\t\t<a href=\"\/es\/download\/Inquiry\/\" target=\"_blank\">\n\t\t\t\t\t\t\t\t<button class=\"btn btn-primary is-external-link\">\n\t\t\t\t\t\t\t\t\t\t\t\t\t\t\t\t\t\t\tCont\u00e1ctenos\t\t\t\t\t\t\t\t\t\t\t\t\t\t\t\t\t<\/button>\n\t\t\t\t\t\t\t<\/a>\n\t\t\t\t\t\t<\/div>\n\t\t\t\t\t<\/div>\n\t\t\t\t\t<div class=\"col-lg-5\">\n\t\t\t\t\t\t<div class=\"contact-footer-img\">\n\t\t\t\t\t\t\t\t\t\t\t\t\t\t<img decoding=\"async\" src=\"https:\/\/www.s-lecfilm.com\/wp-content\/uploads\/thankyou_hero-1-1-1024x576.webp\" alt=\"Those who want to know more about S-LEC\u2122 Film\">\n\t\t\t\t\t\t\t\t\t\t\t\t\t<\/div>\n\t\t\t\t\t<\/div>\n\t\t\t\t<\/div>\n\t\t\t<\/div>\n\t\t<\/div>\n\t<\/div>\n<\/div>\n","protected":false},"excerpt":{"rendered":"","protected":false},"author":7,"featured_media":0,"parent":0,"menu_order":225,"comment_status":"closed","ping_status":"closed","template":"","meta":{"_acf_changed":false,"_oasis_is_in_workflow":0,"_oasis_original":0,"om_disable_all_campaigns":false,"inline_featured_image":false,"_monsterinsights_skip_tracking":false,"_monsterinsights_sitenote_active":false,"_monsterinsights_sitenote_note":"","_monsterinsights_sitenote_category":0,"footnotes":""},"page_category":[102,130,117],"class_list":["post-17449","page","type-page","status-publish","hentry"],"acf":[],"aioseo_notices":[],"aioseo_head":"\n\t\t<!-- All in One SEO Pro 4.6.2 - aioseo.com -->\n\t\t<meta name=\"description\" content=\"La pel\u00edcula intercalaria de gradiente blanco para vidrio laminado que ofrece oportunidades \u00fanicas para crear transiciones graduales del blanco transl\u00facido al vidrio transparente.\" \/>\n\t\t<meta name=\"robots\" content=\"max-image-preview:large\" \/>\n\t\t<meta name=\"google-site-verification\" content=\"LGoHK3imcI57fEDyHDnPGNxrBKyRAWvyS1_pmekTNEU\" \/>\n\t\t<link rel=\"canonical\" href=\"https:\/\/www.s-lecfilm.com\/es\/cielora\/\" \/>\n\t\t<meta name=\"generator\" content=\"All in One SEO Pro (AIOSEO) 4.6.2\" \/>\n\t\t<meta property=\"og:locale\" content=\"es_ES\" \/>\n\t\t<meta property=\"og:site_name\" content=\"SEKISUI S-LEC\" \/>\n\t\t<meta property=\"og:type\" content=\"article\" \/>\n\t\t<meta property=\"og:title\" content=\"Alcanzar la belleza a trav\u00e9s de la gradaci\u00f3n | Cielora\" \/>\n\t\t<meta property=\"og:description\" content=\"La pel\u00edcula intercalaria de gradiente blanco para vidrio laminado que ofrece oportunidades \u00fanicas para crear transiciones graduales del blanco transl\u00facido al vidrio transparente.\" \/>\n\t\t<meta property=\"og:url\" content=\"https:\/\/www.s-lecfilm.com\/es\/cielora\/\" \/>\n\t\t<meta property=\"og:image\" content=\"https:\/\/www.s-lecfilm.com\/wp-content\/uploads\/2023\/01\/cielora_01-1.png\" \/>\n\t\t<meta property=\"og:image:secure_url\" content=\"https:\/\/www.s-lecfilm.com\/wp-content\/uploads\/2023\/01\/cielora_01-1.png\" \/>\n\t\t<meta property=\"article:published_time\" content=\"2023-02-28T01:00:00+00:00\" \/>\n\t\t<meta property=\"article:modified_time\" content=\"2024-09-25T06:27:24+00:00\" \/>\n\t\t<meta name=\"twitter:card\" content=\"summary_large_image\" \/>\n\t\t<meta name=\"twitter:title\" content=\"Alcanzar la belleza a trav\u00e9s de la gradaci\u00f3n | Cielora\" \/>\n\t\t<meta name=\"twitter:description\" content=\"La pel\u00edcula intercalaria de gradiente blanco para vidrio laminado que ofrece oportunidades \u00fanicas para crear transiciones graduales del blanco transl\u00facido al vidrio transparente.\" \/>\n\t\t<meta name=\"twitter:image\" content=\"https:\/\/www.s-lecfilm.com\/wp-content\/uploads\/2023\/01\/cielora_01-1.png\" \/>\n\t\t<script type=\"application\/ld+json\" class=\"aioseo-schema\">\n\t\t\t{\"@context\":\"https:\\\/\\\/schema.org\",\"@graph\":[{\"@type\":\"BreadcrumbList\",\"@id\":\"https:\\\/\\\/www.s-lecfilm.com\\\/es\\\/cielora\\\/#breadcrumblist\",\"itemListElement\":[{\"@type\":\"ListItem\",\"@id\":\"https:\\\/\\\/www.s-lecfilm.com\\\/es\\\/#listItem\",\"position\":1,\"name\":\"Hogar\",\"item\":\"https:\\\/\\\/www.s-lecfilm.com\\\/es\\\/\",\"nextItem\":\"https:\\\/\\\/www.s-lecfilm.com\\\/es\\\/cielora\\\/#listItem\"},{\"@type\":\"ListItem\",\"@id\":\"https:\\\/\\\/www.s-lecfilm.com\\\/es\\\/cielora\\\/#listItem\",\"position\":2,\"name\":\"\\\/es\\\/cielora\\\/\",\"previousItem\":\"https:\\\/\\\/www.s-lecfilm.com\\\/es\\\/#listItem\"}]},{\"@type\":\"Organization\",\"@id\":\"https:\\\/\\\/www.s-lecfilm.com\\\/es\\\/#organization\",\"name\":\"s-lecfilm\",\"url\":\"https:\\\/\\\/www.s-lecfilm.com\\\/es\\\/\"},{\"@type\":\"WebPage\",\"@id\":\"https:\\\/\\\/www.s-lecfilm.com\\\/es\\\/cielora\\\/#webpage\",\"url\":\"https:\\\/\\\/www.s-lecfilm.com\\\/es\\\/cielora\\\/\",\"name\":\"Alcanzar la belleza a trav\\u00e9s de la gradaci\\u00f3n | Cielora\",\"description\":\"La pel\\u00edcula intercalaria de gradiente blanco para vidrio laminado que ofrece oportunidades \\u00fanicas para crear transiciones graduales del blanco transl\\u00facido al vidrio transparente.\",\"inLanguage\":\"es-ES\",\"isPartOf\":{\"@id\":\"https:\\\/\\\/www.s-lecfilm.com\\\/es\\\/#website\"},\"breadcrumb\":{\"@id\":\"https:\\\/\\\/www.s-lecfilm.com\\\/es\\\/cielora\\\/#breadcrumblist\"},\"datePublished\":\"2023-02-28T10:00:00+09:00\",\"dateModified\":\"2024-09-25T15:27:24+09:00\"},{\"@type\":\"WebSite\",\"@id\":\"https:\\\/\\\/www.s-lecfilm.com\\\/es\\\/#website\",\"url\":\"https:\\\/\\\/www.s-lecfilm.com\\\/es\\\/\",\"name\":\"s-lecfilm\",\"inLanguage\":\"es-ES\",\"publisher\":{\"@id\":\"https:\\\/\\\/www.s-lecfilm.com\\\/es\\\/#organization\"}}]}\n\t\t<\/script>\n\t\t<!-- All in One SEO Pro -->\r\n\t\t<title>Alcanzar la belleza a trav\u00e9s de la gradaci\u00f3n | Cielora<\/title>\n\n","aioseo_head_json":{"title":"Alcanzar la belleza a trav\u00e9s de la gradaci\u00f3n | Cielora","description":"La pel\u00edcula intercalaria de gradiente blanco para vidrio laminado que ofrece oportunidades \u00fanicas para crear transiciones graduales del blanco transl\u00facido al vidrio transparente.","canonical_url":"https:\/\/www.s-lecfilm.com\/es\/cielora\/","robots":"max-image-preview:large","keywords":"","webmasterTools":{"google-site-verification":"LGoHK3imcI57fEDyHDnPGNxrBKyRAWvyS1_pmekTNEU","miscellaneous":""},"og:locale":"es_ES","og:site_name":"SEKISUI S-LEC","og:type":"article","og:title":"Alcanzar la belleza a trav\u00e9s de la gradaci\u00f3n | Cielora","og:description":"La pel\u00edcula intercalaria de gradiente blanco para vidrio laminado que ofrece oportunidades \u00fanicas para crear transiciones graduales del blanco transl\u00facido al vidrio transparente.","og:url":"https:\/\/www.s-lecfilm.com\/es\/cielora\/","og:image":"https:\/\/www.s-lecfilm.com\/wp-content\/uploads\/2023\/01\/cielora_01-1.png","og:image:secure_url":"https:\/\/www.s-lecfilm.com\/wp-content\/uploads\/2023\/01\/cielora_01-1.png","article:published_time":"2023-02-28T01:00:00+00:00","article:modified_time":"2024-09-25T06:27:24+00:00","twitter:card":"summary_large_image","twitter:title":"Alcanzar la belleza a trav\u00e9s de la gradaci\u00f3n | Cielora","twitter:description":"La pel\u00edcula intercalaria de gradiente blanco para vidrio laminado que ofrece oportunidades \u00fanicas para crear transiciones graduales del blanco transl\u00facido al vidrio transparente.","twitter:image":"https:\/\/www.s-lecfilm.com\/wp-content\/uploads\/2023\/01\/cielora_01-1.png","schema":{"@context":"https:\/\/schema.org","@graph":[{"@type":"BreadcrumbList","@id":"https:\/\/www.s-lecfilm.com\/es\/cielora\/#breadcrumblist","itemListElement":[{"@type":"ListItem","@id":"https:\/\/www.s-lecfilm.com\/es\/#listItem","position":1,"name":"Hogar","item":"https:\/\/www.s-lecfilm.com\/es\/","nextItem":"https:\/\/www.s-lecfilm.com\/es\/cielora\/#listItem"},{"@type":"ListItem","@id":"https:\/\/www.s-lecfilm.com\/es\/cielora\/#listItem","position":2,"name":"\/es\/cielora\/","previousItem":"https:\/\/www.s-lecfilm.com\/es\/#listItem"}]},{"@type":"Organization","@id":"https:\/\/www.s-lecfilm.com\/es\/#organization","name":"s-lecfilm","url":"https:\/\/www.s-lecfilm.com\/es\/"},{"@type":"WebPage","@id":"https:\/\/www.s-lecfilm.com\/es\/cielora\/#webpage","url":"https:\/\/www.s-lecfilm.com\/es\/cielora\/","name":"Alcanzar la belleza a trav\u00e9s de la gradaci\u00f3n | Cielora","description":"La pel\u00edcula intercalaria de gradiente blanco para vidrio laminado que ofrece oportunidades \u00fanicas para crear transiciones graduales del blanco transl\u00facido al vidrio transparente.","inLanguage":"es-ES","isPartOf":{"@id":"https:\/\/www.s-lecfilm.com\/es\/#website"},"breadcrumb":{"@id":"https:\/\/www.s-lecfilm.com\/es\/cielora\/#breadcrumblist"},"datePublished":"2023-02-28T10:00:00+09:00","dateModified":"2024-09-25T15:27:24+09:00"},{"@type":"WebSite","@id":"https:\/\/www.s-lecfilm.com\/es\/#website","url":"https:\/\/www.s-lecfilm.com\/es\/","name":"s-lecfilm","inLanguage":"es-ES","publisher":{"@id":"https:\/\/www.s-lecfilm.com\/es\/#organization"}}]}},"aioseo_meta_data":{"post_id":"17449","title":"Alcanzar la belleza a trav\u00e9s de la gradaci\u00f3n | Cielora","description":"La pel\u00edcula intercalaria de gradiente blanco para vidrio laminado que ofrece oportunidades \u00fanicas para crear transiciones graduales del blanco transl\u00facido al vidrio transparente.","keywords":null,"keyphrases":"{\"focus\":{\"keyphrase\":\"\",\"score\":0,\"analysis\":{\"keyphraseInTitle\":{\"score\":0,\"maxScore\":9,\"error\":1}}},\"additional\":[]}","primary_term":null,"canonical_url":null,"og_title":null,"og_description":null,"og_object_type":"default","og_image_type":"custom_image","og_image_url":"https:\/\/www.s-lecfilm.com\/wp-content\/uploads\/2023\/01\/cielora_01-1.png","og_image_width":"0","og_image_height":"0","og_image_custom_url":"https:\/\/www.s-lecfilm.com\/wp-content\/uploads\/2023\/01\/cielora_01-1.png","og_image_custom_fields":null,"og_video":"","og_custom_url":null,"og_article_section":null,"og_article_tags":null,"twitter_use_og":false,"twitter_card":"default","twitter_image_type":"custom_image","twitter_image_url":"https:\/\/www.s-lecfilm.com\/wp-content\/uploads\/2023\/01\/cielora_01-1.png","twitter_image_custom_url":"https:\/\/www.s-lecfilm.com\/wp-content\/uploads\/2023\/01\/cielora_01-1.png","twitter_image_custom_fields":null,"twitter_title":null,"twitter_description":null,"schema":{"blockGraphs":[],"customGraphs":[],"default":{"data":{"Article":[],"Course":[],"Dataset":[],"FAQPage":[],"Movie":[],"Person":[],"Product":[],"Recipe":[],"Service":[],"SoftwareApplication":[],"WebPage":[]},"graphName":"WebPage","isEnabled":true},"graphs":[]},"schema_type":"default","schema_type_options":null,"pillar_content":false,"robots_default":true,"robots_noindex":false,"robots_noarchive":false,"robots_nosnippet":false,"robots_nofollow":false,"robots_noimageindex":false,"robots_noodp":false,"robots_notranslate":false,"robots_max_snippet":"-1","robots_max_videopreview":"-1","robots_max_imagepreview":"large","priority":null,"frequency":"default","local_seo":null,"limit_modified_date":false,"reviewed_by":null,"open_ai":{"title":{"suggestions":[],"usage":0},"description":{"suggestions":[],"usage":0}},"created":"2024-03-05 06:37:29","updated":"2024-09-25 06:28:22"},"aioseo_breadcrumb":"<div class=\"aioseo-breadcrumbs\"><span class=\"aioseo-breadcrumb\">\n\t<a href=\"https:\/\/www.s-lecfilm.com\/es\/\" title=\"\u30db\u30fc\u30e0\">\u30db\u30fc\u30e0<\/a>\n<\/span><span class=\"aioseo-breadcrumb-separator\">&raquo;<\/span><span class=\"aioseo-breadcrumb\">\n\t\/es\/cielora\/\n<\/span><\/div>","aioseo_breadcrumb_json":[{"label":"\u30db\u30fc\u30e0","link":"https:\/\/www.s-lecfilm.com\/es\/"},{"label":"\/es\/cielora\/","link":"https:\/\/www.s-lecfilm.com\/es\/cielora\/"}],"_links":{"self":[{"href":"https:\/\/www.s-lecfilm.com\/es\/wp-json\/wp\/v2\/pages\/17449"}],"collection":[{"href":"https:\/\/www.s-lecfilm.com\/es\/wp-json\/wp\/v2\/pages"}],"about":[{"href":"https:\/\/www.s-lecfilm.com\/es\/wp-json\/wp\/v2\/types\/page"}],"author":[{"embeddable":true,"href":"https:\/\/www.s-lecfilm.com\/es\/wp-json\/wp\/v2\/users\/7"}],"replies":[{"embeddable":true,"href":"https:\/\/www.s-lecfilm.com\/es\/wp-json\/wp\/v2\/comments?post=17449"}],"version-history":[{"count":12,"href":"https:\/\/www.s-lecfilm.com\/es\/wp-json\/wp\/v2\/pages\/17449\/revisions"}],"predecessor-version":[{"id":25922,"href":"https:\/\/www.s-lecfilm.com\/es\/wp-json\/wp\/v2\/pages\/17449\/revisions\/25922"}],"wp:attachment":[{"href":"https:\/\/www.s-lecfilm.com\/es\/wp-json\/wp\/v2\/media?parent=17449"}],"wp:term":[{"taxonomy":"page_category","embeddable":true,"href":"https:\/\/www.s-lecfilm.com\/es\/wp-json\/wp\/v2\/page_category?post=17449"}],"curies":[{"name":"wp","href":"https:\/\/api.w.org\/{rel}","templated":true}]}}