{"id":19934,"date":"2023-01-03T10:00:00","date_gmt":"2023-01-03T01:00:00","guid":{"rendered":"https:\/\/www.s-lecfilm.com\/en-puv-arch\/"},"modified":"2024-06-15T13:28:49","modified_gmt":"2024-06-15T04:28:49","slug":"en-puv-arch","status":"publish","type":"page","link":"https:\/\/www.s-lecfilm.com\/de\/puv-arch\/","title":{"rendered":"\/de\/puv-arch\/"},"content":{"rendered":"<div class=\"frame pt-0\" style=\"clear: both;\">\n\t<div class=\"hero-flame\" style=\"height:62vh;margin:0;\">\n\t\t<div class=\"hero-flame-bg\">\n\t\t\t<img loading=\"lazy\" decoding=\"async\" class=\"hero-flame-bg-img\" src=\"https:\/\/www.s-lecfilm.com\/wp-content\/uploads\/hero-puv.webp\" width=\"1920\" height=\"1300\" alt=\"\" style=\"object-position:10% 50%;\">\n\t\t<\/div>\n\t\t<div class=\"hero-flame-content\">\n\t\t\t\t\t\t\t<div class=\"hero-text\">\n\t\t\t\t\t<div class=\"hero-text-title\">\n\t\t\t\t\t\tUV-Schutz\t\t\t\t\t<\/div>\n\t\t\t\t\t\t\t\t\t\t\t<div class=\"hero-text-subtitle\">\n\t\t\t\t\t\t\tSchutz von Personen und Gegenst\u00e4nden\t\t\t\t\t\t<\/div>\n\t\t\t\t\t\t\t\t\t<\/div>\n\t\t\t\t<\/div>\n\t<\/div>\n<\/div>\n\n<div class=\"frame pt-0 pb-0\">\n\t\n<div class=\"c-tab-type01 tab-flame\">\n\t<div class=\"container\">\n\t\t\t\t<ul class=\"tab_area\">\n\t\t\t\t\t\t\t\t\t<li id=\"Automobil\" class=\"tab-menu\"><a href=\"\/de\/puv-auto\/#auto\">Automobilindustrie<\/a><\/li>\n\t\t\t\t\t\t\t\t\t<li id=\"Architektur\" class=\"tab-menu select\"><a href=\"\/de\/puv-arch\/#arch\">Konstruktionen<\/a><\/li>\n\t\t\t\t\t<\/ul>\n\t\t\t<\/div>\n<\/div>\n\n\n<div class=\"container mt-5\">\n\t\n<H2 class=\"c-title-level02 section-subtitle\">Ultraviolette Strahlen im Sonnenlicht<\/H2>\n\n<div class=\"c-layout-frame section-flame\">\n\t\t<div class=\"row align-items-center\">\n\t\t<div class=\"col-lg-6\">\n\t\t\t<div class=\"feature-img text-center\">\n\t\t\t\t\t\t\t\t<img decoding=\"async\" src=\"https:\/\/www.s-lecfilm.com\/wp-content\/uploads\/puv_health_en_graph-1-1-1024x503.webp\"  alt=\"UV rays such as UV-A, UV-B and UV-C contained in sunlight\">\n\t\t\t\t\t\t\t<\/div>\n\t\t<\/div>\n\t\t<div class=\"col-lg-6\">\n\t\t\t<div class=\"feature-cont\">\n\t\t\t\t<div class=\"acf-innerblocks-container\">\n\n<p>In unserem t\u00e4glichen Leben erhalten wir eine gro\u00dfe Menge an Sonnenlicht. Andererseits besteht bei \u00fcberm\u00e4\u00dfiger Sonneneinstrahlung die Gefahr der Hautalterung (Photoaging) und des Hautkrebses aufgrund der im Sonnenlicht enthaltenen ultravioletten Strahlen.<\/p>\n\n\n\n<p>Ultraviolette Strahlen lassen sich je nach Wellenl\u00e4nge in drei Typen unterteilen: UV-A, UV-B und UV-C. UV-C (200-280 nm), die sch\u00e4dlichste Art der ultravioletten Strahlung, wird gr\u00f6\u00dftenteils von der Ozonschicht absorbiert und erreicht die Erdoberfl\u00e4che nicht; UV-B (280-315 nm) erreicht nur die \u00e4u\u00dfere Schicht der Haut, kann aber Dermatitis, Sommersprossen und trockene Haut verursachen; UV-A (314-400 nm) wird kaum von der Ozonschicht absorbiert und erreicht die Erdoberfl\u00e4che auch an bew\u00f6lkten Tagen. UV-A kann in tiefere Hautschichten (Dermis) eindringen und langfristige Hautsch\u00e4den im menschlichen K\u00f6rper verursachen. Dar\u00fcber hinaus kann UV-A-Licht Gegenst\u00e4nde besch\u00e4digen und altern lassen.<\/p>\n\n<\/div>\t\t\t<\/div>\n\t\t<\/div>\n\t<\/div>\n\t<\/div>\n\n\n<H1 class=\"c-title-level02 section-subtitle\">Laminiertes Glass mit UV-Schutz<\/H1>\n\n<div class=\"c-layout-frame section-flame\">\n\t\t<div class=\"row align-items-center\">\n\t\t<div class=\"col-lg-6 order-lg-1 order-0\">\n\t\t\t<div class=\"feature-img text-center\">\n\t\t\t\t\t\t\t\t<img decoding=\"async\" src=\"https:\/\/www.s-lecfilm.com\/wp-content\/uploads\/PUV-optical-profile-en-1024x607.webp\" style=\"width:100%;\" alt=\"The optical performance of S-LEC\u2122 Premium UV Blocking Film UA01\">\n\t\t\t\t\t\t\t<\/div>\n\t\t<\/div>\n\t\t<div class=\"col-lg-6 order-lg-0 order-1\">\n\t\t\t<div class=\"feature-cont\">\n\t\t\t\t<div class=\"acf-innerblocks-container\">\n\n<p>Laminiertes Glass mit einer standardm\u00e4\u00dfigen PVB-Zwischenschichtfolie h\u00e4lt nicht alle UV-A-Strahlen ab, so dass sie in das Innere des Fahrzeugs gelangen k\u00f6nnen.<\/p>\n\n\n\n<p>S-LEC\u2122 Premium UV Blocking Film UA01 hat die weltweit h\u00f6chste UV-A-Blockierleistung als Zwischenschichtfolie f\u00fcr architektonisches Laminiertes Glass. Er blockiert mehr als 99,9 <sup>%*1<\/sup> der UV-A-Strahlung und verhindert so das Eindringen von Licht in das Innere von Fahrzeugen.<\/p>\n\n\n\n<p>*1 ISO13837-Norm, bitte kontaktieren Sie uns f\u00fcr detaillierte Daten.<\/p>\n\n\n<div class=\"c-button-type01 row justify-content-center\">\n\t<div class=\"col-lg-5 d-brochure-bg-btn is-inner-btn btn-size-medium\">\n\t\t<a href=\"\/de\/download\/ArchG\/\" target=\"_blank\">\n\t\t\t<button type=\"button\" class=\"btn btn-primary\">Brosch\u00fcren herunterladen<\/button>\n\t\t<\/a>\n\t<\/div>\n<\/div>\n\n<\/div>\t\t\t<\/div>\n\t\t<\/div>\n\t<\/div>\n\t<\/div>\n\n\n<H2 class=\"c-title-level02 section-subtitle\">Gesundheit und Komfort erreichen<\/H2>\n\n<div class=\"container\">\r\n\t<div class=\"container\">\r\n\t\t<div class=\"section-flame\">\r\n\t\t\t<div class=\"row justify-content-end align-items-center\">\r\n\t\t\t\t\t\t\t\t\t<div class=\"col-lg-6 order-0\">\r\n\t\t\t\t\t\t<div class=\"youtube_wrap\">\n\t<div class=\"youtube_area un_youtube_area\">\n\t\t<script src=\"https:\/\/www.youtube.com\/iframe_api\"><\/script>\n\t\t<iframe loading=\"lazy\" data-cookieconsent=\"necessary\" width=\"560\" height=\"315\" src=\"\/\/www.youtube.com\/embed\/ig13Z-pKSHc?enablejsapi=1&amp;origin=https%3A%2F%2Fwww.s-lecfilm.com\" title=\"\" frameborder=\"0\" allow=\"accelerometer; autoplay; clipboard-write; encrypted-media; gyroscope; picture-in-picture\" allowfullscreen=\"\" data-gtm-yt-inspected-7440638_38=\"true\" id=\"900282223\"><\/iframe>\n\t<\/div>\n<\/div>\n\t\t\t\t\t<\/div>\r\n\t\t\t\t\t<div class=\"col-lg-6 order-1\">\r\n\t\t\t\t\t\t<div class=\"feature-cont\">\n\t<div class=\"feature-cont-title\"><\/div>\n\t<div class=\"feature-cont-text\">\n\t\tUV-A kann in tiefere Schichten der Haut (Dermis) eindringen und langfristige Hautsch\u00e4den verursachen.<br \/>\r\n<br \/>\r\nLaminiertes Glass mit unserem S-LEC\u2122 Premium UV-Blocking Film UA01 bietet eine au\u00dfergew\u00f6hnliche UV-A-Blockierleistung und reduziert die UV-A-Durchl\u00e4ssigkeit auf weniger als 0,1 % im Vergleich zu Standard-Laminatglas. In Kombination mit dem S-LEC\u2122 Solar Control Film ist es m\u00f6glich, zus\u00e4tzlich zu den ultravioletten Strahlen auch die infraroten Strahlen zu unterdr\u00fccken, um das Aufheizen des Fahrzeuginnenraums zu reduzieren, was zu einem angenehmeren und gesundheitsf\u00f6rdernden Fahrzeuginnenraum f\u00fchrt.<br \/>\r\n<br \/>\r\nBei SEKISUI S-LEC haben wir uns verpflichtet, neue wertvolle L\u00f6sungen durch PVB-Zwischenschichtfolien f\u00fcr Laminiertes Glass zu schaffen, um zu den Entwicklungen in der st\u00e4ndig wachsenden Automobil- und Architekturindustrie beizutragen.\t<\/div>\n<\/div>\n<div class=\"row d-brochure-bg-btn-wrap justify-content-end with-accent align-items-center mt-4 mx-0\">\n\t\t<div class=\"col-lg-5 d-brochure-bg-btn is-inner-btn with-accent\">\n\t\t\t<\/div>\n<\/div>\t\t\t\t\t<\/div>\r\n\t\t\t\t\t\t\t<\/div>\r\n\t\t<\/div>\r\n\t<\/div>\r\n<\/div>\r\n\n\n<H2 class=\"c-title-level02 section-subtitle\">Vorteile<\/H2>\n\n<div class=\"c-layout-frame section-flame\">\n\t\t<div class=\"row align-items-center\">\n\t\t<div class=\"col-lg-6 order-lg-1 order-0\">\n\t\t\t<div class=\"feature-img text-center\">\n\t\t\t\t\t\t\t\t<img decoding=\"async\" src=\"https:\/\/www.s-lecfilm.com\/wp-content\/uploads\/puv-arch-2-1024x620-1-1-1024x620.webp\"  alt=\"S-LEC \u2122 Premium UV blocking film UA01 cuts UV and protects parents and children\">\n\t\t\t\t\t\t\t<\/div>\n\t\t<\/div>\n\t\t<div class=\"col-lg-6 order-lg-0 order-1\">\n\t\t\t<div class=\"feature-cont\">\n\t\t\t\t<div class=\"acf-innerblocks-container\">\n\n<p style=\"font-size:25px\">Schutz der Menschen<\/p>\n\n\n\n<p>Da UV-A tiefer in die Haut eindringt, kann eine l\u00e4ngere und starke Exposition die Haut sch\u00e4digen und zu Entz\u00fcndungen und vorzeitiger Hautalterung f\u00fchren.<\/p>\n\n\n\n<p>S-LEC\u2122 Premium UV Blocking Film UA01 blockiert bei der Anbringung auf den Fenstern das Eindringen von UV-Strahlen in das Auto und sch\u00fctzt die Haut derjenigen, die UV-Schutz ben\u00f6tigen, vor Lichtalterung und beugt vorzeitiger Hautalterung wie Flecken und schlaffer Haut vor.<\/p>\n\n\n<div class=\"c-button-type01 row justify-content-center\">\n\t<div class=\"col-lg-5 d-brochure-bg-btn is-inner-btn btn-size-medium\">\n\t\t<a href=\"\/de\/download\/ArchG\/\" target=\"_blank\">\n\t\t\t<button type=\"button\" class=\"btn btn-primary\">Brosch\u00fcren herunterladen<\/button>\n\t\t<\/a>\n\t<\/div>\n<\/div>\n\n<\/div>\t\t\t<\/div>\n\t\t<\/div>\n\t<\/div>\n\t<\/div>\n\n\n<div class=\"c-layout-frame section-flame\">\n\t\t<div class=\"row align-items-center\">\n\t\t<div class=\"col-lg-6\">\n\t\t\t<div class=\"feature-img text-center\">\n\t\t\t\t\t\t\t\t<img decoding=\"async\" src=\"https:\/\/www.s-lecfilm.com\/wp-content\/uploads\/image15-1024x602-1-1024x602.webp\"  alt=\"Protected interior by S-LEC\u2122 Premium UV blocking film UA01\">\n\t\t\t\t\t\t\t<\/div>\n\t\t<\/div>\n\t\t<div class=\"col-lg-6\">\n\t\t\t<div class=\"feature-cont\">\n\t\t\t\t<div class=\"acf-innerblocks-container\">\n\n<p style=\"font-size:25px\">Schutz von Objekten<\/p>\n\n\n\n<p>Wenn sie den UV-Strahlen von au\u00dfen ausgesetzt sind, werden die Innenraumkomponenten des Fahrzeugs, wie z. B. die Autositze und das Armaturenbrett, durch das Ausbleichen in der Sonne besch\u00e4digt und verf\u00e4rben sich. Dadurch wird ihr Wert gemindert. Laminiertes Glass mit S-LEC\u2122 Premium UV Blocking Film UA01 reduziert die UV-A-Strahlung erheblich und sch\u00fctzt so den Innenraum.<\/p>\n\n\n<div class=\"c-button-type01 row justify-content-center\">\n\t<div class=\"col-lg-5 d-brochure-bg-btn is-inner-btn btn-size-medium\">\n\t\t<a href=\"\/de\/download\/ArchG\/\" target=\"_blank\">\n\t\t\t<button type=\"button\" class=\"btn btn-primary\">Brosch\u00fcren herunterladen<\/button>\n\t\t<\/a>\n\t<\/div>\n<\/div>\n\n<\/div>\t\t\t<\/div>\n\t\t<\/div>\n\t<\/div>\n\t<\/div>\n\n\n<H2 class=\"c-title-level02 section-subtitle\">Kombinationen mit UV-Schutz<\/H2>\n\n\n<p>Wir bieten die folgenden multifunktionalen Folienkombinationen an:<\/p>\n\n\n<div class=\"subtab-flame\">\r\n  <ul class=\"subtab\">\r\n\t\t\t\t\t\t\t\t\t<li class=\"select\"><span>Akustik<\/span><\/li>\r\n\t\t\t\t\t\t\t<li class=\"\"><span>Solarsteuerung<\/span><\/li>\r\n\t\t\t\t\t\t<\/ul>\r\n<\/div>\r\n\r\n\n\n<div class=\"c-subtab-content\">\n\t<div class=\"subicon\">\n\t\t\t\t\t\t\n<div class=\"c-subtab-frame frame py-0\">\n\t\t<div class=\"container\">\n\t\t\t\t\n<div class=\"c-layout-frame section-flame\">\n\t\t<div class=\"row align-items-center\">\n\t\t<div class=\"col-lg-6 order-lg-1 order-0\">\n\t\t\t<div class=\"feature-img text-center\">\n\t\t\t\t\t\t\t\t<img decoding=\"async\" src=\"https:\/\/www.s-lecfilm.com\/wp-content\/uploads\/img_00016-1_1-1024x683.webp\"  alt=\"Noise reduction by S-LEC\u2122 Sound Acoustic Film\">\n\t\t\t\t\t\t\t<\/div>\n\t\t<\/div>\n\t\t<div class=\"col-lg-6 order-lg-0 order-1\">\n\t\t\t<div class=\"feature-cont\">\n\t\t\t\t<div class=\"acf-innerblocks-container\">\n<Div class=\"c-title-level03 feature-cont-title\">\n\t\t<img decoding=\"async\" src=\"https:\/\/www.s-lecfilm.com\/wp-content\/uploads\/slec_icon_13.svg\" alt=\"Sound Acoustic for laminated glass\">\n\t\tAkustik<\/Div>\n\n\n\n<p>S-LEC\u2122 Sound Acoustic Film reduziert die \u00dcbertragung von Au\u00dfenger\u00e4uschen und bietet so das h\u00f6chste Ma\u00df an Luxus und Komfort auf dem Markt.<\/p>\n\n\n<div class=\"c-button-type02 feature-cont-btn text-right\">\n\t<a href=\"\/de\/sound-arch\/\" >\n\t\t<button class=\"btn btn-primary is-caret-link\">\n\t\t\t\t\t\t\tMehr erfahren\t\t\t\t\t\t<\/button>\n\t<\/a>\n<\/div>\n\n<\/div>\t\t\t<\/div>\n\t\t<\/div>\n\t<\/div>\n\t<\/div>\n\n\t<\/div>\n\t<\/div>\n\n\n<div class=\"c-subtab-frame frame py-0\">\n\t\t<div class=\"container\">\n\t\t\t\t\n<div class=\"c-layout-frame section-flame\">\n\t\t<div class=\"row align-items-center\">\n\t\t<div class=\"col-lg-6 order-lg-1 order-0\">\n\t\t\t<div class=\"feature-img text-center\">\n\t\t\t\t\t\t\t\t<img decoding=\"async\" src=\"https:\/\/www.s-lecfilm.com\/wp-content\/uploads\/puv-arch-4-1-1024x620.webp\"  alt=\"Protecting people and objects indoors from heat and ultraviolet rays without impairing clear visibility.\">\n\t\t\t\t\t\t\t<\/div>\n\t\t<\/div>\n\t\t<div class=\"col-lg-6 order-lg-0 order-1\">\n\t\t\t<div class=\"feature-cont\">\n\t\t\t\t<div class=\"acf-innerblocks-container\">\n<Div class=\"c-title-level03 feature-cont-title\">\n\t\t<img decoding=\"async\" src=\"https:\/\/www.s-lecfilm.com\/wp-content\/uploads\/slec_icon_14.svg\" alt=\"Solar Control Performance for laminated glass\">\n\t\tSolarsteuerung<\/Div>\n\n\n\n<p>Laminiertes Glass mit S-LEC\u2122 Solar Control Film sch\u00fctzt die Haut vor dem brennenden Gef\u00fchl, das durch Infrarotstrahlung entsteht.<\/p>\n\n\n<div class=\"c-button-type02 feature-cont-btn text-right\">\n\t<a href=\"\/de\/solar-arch\/\" >\n\t\t<button class=\"btn btn-primary is-caret-link\">\n\t\t\t\t\t\t\tMehr erfahren\t\t\t\t\t\t<\/button>\n\t<\/a>\n<\/div>\n\n<\/div>\t\t\t<\/div>\n\t\t<\/div>\n\t<\/div>\n\t<\/div>\n\n\t<\/div>\n\t<\/div>\n\n\t<\/div>\n<\/div>\n\n<\/div>\n\n<\/div>\n\n\n\n<div class=\"frame is-bg-img c-more-detail \">\n\t<div class=\"container\">\n\t\t<div class=\"row justify-content-center\">\n\t\t\t<div class=\"col-lg-10\">\n\t\t\t\t<div class=\"row\">\n\t\t\t\t\t<div class=\"col-lg-7 mb-5 mb-lg-0\">\n\t\t\t\t\t\t<div class=\"contact-footer-text\">\n\t\t\t\t\t\t\tM\u00f6chten Sie mehr erfahren?\t\t\t\t\t\t<\/div>\n\t\t\t\t\t\t<div class=\"contact-footer-btn\">\n\t\t\t\t\t\t\t<a href=\"\/de\/download\/all\/\" target=\"_blank\">\n\t\t\t\t\t\t\t\t<button class=\"btn btn-primary fa-download-check\">\n\t\t\t\t\t\t\t\t\t\t\t\t\t\t\t\t\t\t\tDownloads\t\t\t\t\t\t\t\t\t\t\t\t\t\t\t\t\t<\/button>\n\t\t\t\t\t\t\t<\/a>\n\t\t\t\t\t\t\t<a href=\"\/de\/download\/Inquiry\/\" target=\"_blank\">\n\t\t\t\t\t\t\t\t<button class=\"btn btn-primary is-external-link\">\n\t\t\t\t\t\t\t\t\t\t\t\t\t\t\t\t\t\t\tKontakt\t\t\t\t\t\t\t\t\t\t\t\t\t\t\t\t\t<\/button>\n\t\t\t\t\t\t\t<\/a>\n\t\t\t\t\t\t<\/div>\n\t\t\t\t\t<\/div>\n\t\t\t\t\t<div class=\"col-lg-5\">\n\t\t\t\t\t\t<div class=\"contact-footer-img\">\n\t\t\t\t\t\t\t\t\t\t\t\t\t\t<img decoding=\"async\" src=\"https:\/\/www.s-lecfilm.com\/wp-content\/uploads\/thankyou_hero-1-1-1024x576.webp\" alt=\"Those who want to know more about S-LEC\u2122 Film\">\n\t\t\t\t\t\t\t\t\t\t\t\t\t<\/div>\n\t\t\t\t\t<\/div>\n\t\t\t\t<\/div>\n\t\t\t<\/div>\n\t\t<\/div>\n\t<\/div>\n<\/div>\n","protected":false},"excerpt":{"rendered":"","protected":false},"author":7,"featured_media":0,"parent":0,"menu_order":329,"comment_status":"closed","ping_status":"closed","template":"","meta":{"_acf_changed":false,"_oasis_is_in_workflow":0,"_oasis_original":0,"om_disable_all_campaigns":false,"inline_featured_image":false,"_monsterinsights_skip_tracking":false,"_monsterinsights_sitenote_active":false,"_monsterinsights_sitenote_note":"","_monsterinsights_sitenote_category":0,"footnotes":""},"page_category":[100,132,120],"class_list":["post-19934","page","type-page","status-publish","hentry"],"acf":[],"aioseo_notices":[],"aioseo_head":"\n\t\t<!-- All in One SEO Pro 4.6.2 - aioseo.com -->\n\t\t<meta name=\"description\" content=\"Schutz von Personen und Gegenst\u00e4nden. Laminiertes Glass mit S-LEC\u2122 Premium UV-Schutz Film UA01 blockt \u00fcber 99,9 % der UV-A-Strahlung (315-400nm).\" \/>\n\t\t<meta name=\"robots\" content=\"max-image-preview:large\" \/>\n\t\t<meta name=\"google-site-verification\" content=\"LGoHK3imcI57fEDyHDnPGNxrBKyRAWvyS1_pmekTNEU\" \/>\n\t\t<link rel=\"canonical\" href=\"https:\/\/www.s-lecfilm.com\/de\/puv-arch\/\" \/>\n\t\t<meta name=\"generator\" content=\"All in One SEO Pro (AIOSEO) 4.6.2\" \/>\n\t\t<meta property=\"og:locale\" content=\"de_DE\" \/>\n\t\t<meta property=\"og:site_name\" content=\"SEKISUI S-LEC\" \/>\n\t\t<meta property=\"og:type\" content=\"article\" \/>\n\t\t<meta property=\"og:title\" content=\"UV-Schutz Zwischenschicht f\u00fcr Architektur Laminiertes Glass | SEKISUI S-LEC\" \/>\n\t\t<meta property=\"og:description\" content=\"Schutz von Personen und Gegenst\u00e4nden. Laminiertes Glass mit S-LEC\u2122 Premium UV-Schutz Film UA01 blockt \u00fcber 99,9 % der UV-A-Strahlung (315-400nm).\" \/>\n\t\t<meta property=\"og:url\" content=\"https:\/\/www.s-lecfilm.com\/de\/puv-arch\/\" \/>\n\t\t<meta property=\"og:image\" content=\"https:\/\/www.s-lecfilm.com\/wp-content\/uploads\/2023\/01\/hero-puv.jpg\" \/>\n\t\t<meta property=\"og:image:secure_url\" content=\"https:\/\/www.s-lecfilm.com\/wp-content\/uploads\/2023\/01\/hero-puv.jpg\" \/>\n\t\t<meta property=\"article:published_time\" content=\"2023-01-03T01:00:00+00:00\" \/>\n\t\t<meta property=\"article:modified_time\" content=\"2024-06-15T04:28:49+00:00\" \/>\n\t\t<meta name=\"twitter:card\" content=\"summary_large_image\" \/>\n\t\t<meta name=\"twitter:title\" content=\"UV-Schutz Zwischenschicht f\u00fcr Architektur Laminiertes Glass | SEKISUI S-LEC\" \/>\n\t\t<meta name=\"twitter:description\" content=\"Schutz von Personen und Gegenst\u00e4nden. Laminiertes Glass mit S-LEC\u2122 Premium UV-Schutz Film UA01 blockt \u00fcber 99,9 % der UV-A-Strahlung (315-400nm).\" \/>\n\t\t<meta name=\"twitter:image\" content=\"https:\/\/www.s-lecfilm.com\/wp-content\/uploads\/2023\/01\/hero-puv.jpg\" \/>\n\t\t<script type=\"application\/ld+json\" class=\"aioseo-schema\">\n\t\t\t{\"@context\":\"https:\\\/\\\/schema.org\",\"@graph\":[{\"@type\":\"BreadcrumbList\",\"@id\":\"https:\\\/\\\/www.s-lecfilm.com\\\/de\\\/puv-arch\\\/#breadcrumblist\",\"itemListElement\":[{\"@type\":\"ListItem\",\"@id\":\"https:\\\/\\\/www.s-lecfilm.com\\\/de\\\/#listItem\",\"position\":1,\"name\":\"Zu Hause\",\"item\":\"https:\\\/\\\/www.s-lecfilm.com\\\/de\\\/\",\"nextItem\":\"https:\\\/\\\/www.s-lecfilm.com\\\/de\\\/puv-arch\\\/#listItem\"},{\"@type\":\"ListItem\",\"@id\":\"https:\\\/\\\/www.s-lecfilm.com\\\/de\\\/puv-arch\\\/#listItem\",\"position\":2,\"name\":\"\\\/de\\\/puv-arch\\\/\",\"previousItem\":\"https:\\\/\\\/www.s-lecfilm.com\\\/de\\\/#listItem\"}]},{\"@type\":\"Organization\",\"@id\":\"https:\\\/\\\/www.s-lecfilm.com\\\/de\\\/#organization\",\"name\":\"s-lecfilm\",\"url\":\"https:\\\/\\\/www.s-lecfilm.com\\\/de\\\/\"},{\"@type\":\"WebPage\",\"@id\":\"https:\\\/\\\/www.s-lecfilm.com\\\/de\\\/puv-arch\\\/#webpage\",\"url\":\"https:\\\/\\\/www.s-lecfilm.com\\\/de\\\/puv-arch\\\/\",\"name\":\"UV-Schutz Zwischenschicht f\\u00fcr Architektur Laminiertes Glass | SEKISUI S-LEC\",\"description\":\"Schutz von Personen und Gegenst\\u00e4nden. Laminiertes Glass mit S-LEC\\u2122 Premium UV-Schutz Film UA01 blockt \\u00fcber 99,9 % der UV-A-Strahlung (315-400nm).\",\"inLanguage\":\"de-DE\",\"isPartOf\":{\"@id\":\"https:\\\/\\\/www.s-lecfilm.com\\\/de\\\/#website\"},\"breadcrumb\":{\"@id\":\"https:\\\/\\\/www.s-lecfilm.com\\\/de\\\/puv-arch\\\/#breadcrumblist\"},\"datePublished\":\"2023-01-03T10:00:00+09:00\",\"dateModified\":\"2024-06-15T13:28:49+09:00\"},{\"@type\":\"WebSite\",\"@id\":\"https:\\\/\\\/www.s-lecfilm.com\\\/de\\\/#website\",\"url\":\"https:\\\/\\\/www.s-lecfilm.com\\\/de\\\/\",\"name\":\"s-lecfilm\",\"inLanguage\":\"de-DE\",\"publisher\":{\"@id\":\"https:\\\/\\\/www.s-lecfilm.com\\\/de\\\/#organization\"}}]}\n\t\t<\/script>\n\t\t<!-- All in One SEO Pro -->\r\n\t\t<title>UV-Schutz Zwischenschicht f\u00fcr Architektur Laminiertes Glass | SEKISUI S-LEC<\/title>\n\n","aioseo_head_json":{"title":"UV-Schutz Zwischenschicht f\u00fcr Architektur Laminiertes Glass | SEKISUI S-LEC","description":"Schutz von Personen und Gegenst\u00e4nden. Laminiertes Glass mit S-LEC\u2122 Premium UV-Schutz Film UA01 blockt \u00fcber 99,9 % der UV-A-Strahlung (315-400nm).","canonical_url":"https:\/\/www.s-lecfilm.com\/de\/puv-arch\/","robots":"max-image-preview:large","keywords":"","webmasterTools":{"google-site-verification":"LGoHK3imcI57fEDyHDnPGNxrBKyRAWvyS1_pmekTNEU","miscellaneous":""},"og:locale":"de_DE","og:site_name":"SEKISUI S-LEC","og:type":"article","og:title":"UV-Schutz Zwischenschicht f\u00fcr Architektur Laminiertes Glass | SEKISUI S-LEC","og:description":"Schutz von Personen und Gegenst\u00e4nden. Laminiertes Glass mit S-LEC\u2122 Premium UV-Schutz Film UA01 blockt \u00fcber 99,9 % der UV-A-Strahlung (315-400nm).","og:url":"https:\/\/www.s-lecfilm.com\/de\/puv-arch\/","og:image":"https:\/\/www.s-lecfilm.com\/wp-content\/uploads\/2023\/01\/hero-puv.jpg","og:image:secure_url":"https:\/\/www.s-lecfilm.com\/wp-content\/uploads\/2023\/01\/hero-puv.jpg","article:published_time":"2023-01-03T01:00:00+00:00","article:modified_time":"2024-06-15T04:28:49+00:00","twitter:card":"summary_large_image","twitter:title":"UV-Schutz Zwischenschicht f\u00fcr Architektur Laminiertes Glass | SEKISUI S-LEC","twitter:description":"Schutz von Personen und Gegenst\u00e4nden. Laminiertes Glass mit S-LEC\u2122 Premium UV-Schutz Film UA01 blockt \u00fcber 99,9 % der UV-A-Strahlung (315-400nm).","twitter:image":"https:\/\/www.s-lecfilm.com\/wp-content\/uploads\/2023\/01\/hero-puv.jpg","schema":{"@context":"https:\/\/schema.org","@graph":[{"@type":"BreadcrumbList","@id":"https:\/\/www.s-lecfilm.com\/de\/puv-arch\/#breadcrumblist","itemListElement":[{"@type":"ListItem","@id":"https:\/\/www.s-lecfilm.com\/de\/#listItem","position":1,"name":"Zu Hause","item":"https:\/\/www.s-lecfilm.com\/de\/","nextItem":"https:\/\/www.s-lecfilm.com\/de\/puv-arch\/#listItem"},{"@type":"ListItem","@id":"https:\/\/www.s-lecfilm.com\/de\/puv-arch\/#listItem","position":2,"name":"\/de\/puv-arch\/","previousItem":"https:\/\/www.s-lecfilm.com\/de\/#listItem"}]},{"@type":"Organization","@id":"https:\/\/www.s-lecfilm.com\/de\/#organization","name":"s-lecfilm","url":"https:\/\/www.s-lecfilm.com\/de\/"},{"@type":"WebPage","@id":"https:\/\/www.s-lecfilm.com\/de\/puv-arch\/#webpage","url":"https:\/\/www.s-lecfilm.com\/de\/puv-arch\/","name":"UV-Schutz Zwischenschicht f\u00fcr Architektur Laminiertes Glass | SEKISUI S-LEC","description":"Schutz von Personen und Gegenst\u00e4nden. Laminiertes Glass mit S-LEC\u2122 Premium UV-Schutz Film UA01 blockt \u00fcber 99,9 % der UV-A-Strahlung (315-400nm).","inLanguage":"de-DE","isPartOf":{"@id":"https:\/\/www.s-lecfilm.com\/de\/#website"},"breadcrumb":{"@id":"https:\/\/www.s-lecfilm.com\/de\/puv-arch\/#breadcrumblist"},"datePublished":"2023-01-03T10:00:00+09:00","dateModified":"2024-06-15T13:28:49+09:00"},{"@type":"WebSite","@id":"https:\/\/www.s-lecfilm.com\/de\/#website","url":"https:\/\/www.s-lecfilm.com\/de\/","name":"s-lecfilm","inLanguage":"de-DE","publisher":{"@id":"https:\/\/www.s-lecfilm.com\/de\/#organization"}}]}},"aioseo_meta_data":{"post_id":"19934","title":"UV-Schutz Zwischenschicht f\u00fcr Architektur Laminiertes Glass | SEKISUI S-LEC","description":"Schutz von Personen und Gegenst\u00e4nden. Laminiertes Glass mit S-LEC\u2122 Premium UV-Schutz Film UA01 blockt \u00fcber 99,9 % der UV-A-Strahlung (315-400nm).","keywords":null,"keyphrases":"{\"focus\":{\"keyphrase\":\"\",\"score\":0,\"analysis\":{\"keyphraseInTitle\":{\"score\":0,\"maxScore\":9,\"error\":1}}},\"additional\":[]}","primary_term":null,"canonical_url":null,"og_title":null,"og_description":null,"og_object_type":"default","og_image_type":"custom_image","og_image_url":"https:\/\/www.s-lecfilm.com\/wp-content\/uploads\/2023\/01\/hero-puv.jpg","og_image_width":"0","og_image_height":"0","og_image_custom_url":"https:\/\/www.s-lecfilm.com\/wp-content\/uploads\/2023\/01\/hero-puv.jpg","og_image_custom_fields":null,"og_video":"","og_custom_url":null,"og_article_section":null,"og_article_tags":null,"twitter_use_og":false,"twitter_card":"default","twitter_image_type":"custom_image","twitter_image_url":"https:\/\/www.s-lecfilm.com\/wp-content\/uploads\/2023\/01\/hero-puv.jpg","twitter_image_custom_url":"https:\/\/www.s-lecfilm.com\/wp-content\/uploads\/2023\/01\/hero-puv.jpg","twitter_image_custom_fields":null,"twitter_title":"UV-Schutz Zwischenschicht f\u00fcr Architektur Laminiertes Glass | SEKISUI S-LEC","twitter_description":"Schutz von Personen und Gegenst\u00e4nden. Laminiertes Glass mit S-LEC\u2122 Premium UV-Schutz Film UA01 blockt \u00fcber 99,9 % der UV-A-Strahlung (315-400nm).","schema":{"blockGraphs":[],"customGraphs":[],"default":{"data":{"Article":[],"Course":[],"Dataset":[],"FAQPage":[],"Movie":[],"Person":[],"Product":[],"Recipe":[],"Service":[],"SoftwareApplication":[],"WebPage":[]},"graphName":"WebPage","isEnabled":true},"graphs":[]},"schema_type":"default","schema_type_options":null,"pillar_content":false,"robots_default":true,"robots_noindex":false,"robots_noarchive":false,"robots_nosnippet":false,"robots_nofollow":false,"robots_noimageindex":false,"robots_noodp":false,"robots_notranslate":false,"robots_max_snippet":"-1","robots_max_videopreview":"-1","robots_max_imagepreview":"large","priority":null,"frequency":"default","local_seo":null,"limit_modified_date":false,"reviewed_by":null,"open_ai":{"title":{"suggestions":[],"usage":0},"description":{"suggestions":[],"usage":0}},"created":"2024-03-25 02:25:54","updated":"2024-06-15 04:28:52"},"aioseo_breadcrumb":"<div class=\"aioseo-breadcrumbs\"><span class=\"aioseo-breadcrumb\">\n\t<a href=\"https:\/\/www.s-lecfilm.com\/de\/\" title=\"\u30db\u30fc\u30e0\">\u30db\u30fc\u30e0<\/a>\n<\/span><span class=\"aioseo-breadcrumb-separator\">&raquo;<\/span><span class=\"aioseo-breadcrumb\">\n\t\/de\/puv-arch\/\n<\/span><\/div>","aioseo_breadcrumb_json":[{"label":"\u30db\u30fc\u30e0","link":"https:\/\/www.s-lecfilm.com\/de\/"},{"label":"\/de\/puv-arch\/","link":"https:\/\/www.s-lecfilm.com\/de\/puv-arch\/"}],"_links":{"self":[{"href":"https:\/\/www.s-lecfilm.com\/de\/wp-json\/wp\/v2\/pages\/19934"}],"collection":[{"href":"https:\/\/www.s-lecfilm.com\/de\/wp-json\/wp\/v2\/pages"}],"about":[{"href":"https:\/\/www.s-lecfilm.com\/de\/wp-json\/wp\/v2\/types\/page"}],"author":[{"embeddable":true,"href":"https:\/\/www.s-lecfilm.com\/de\/wp-json\/wp\/v2\/users\/7"}],"replies":[{"embeddable":true,"href":"https:\/\/www.s-lecfilm.com\/de\/wp-json\/wp\/v2\/comments?post=19934"}],"version-history":[{"count":5,"href":"https:\/\/www.s-lecfilm.com\/de\/wp-json\/wp\/v2\/pages\/19934\/revisions"}],"predecessor-version":[{"id":22582,"href":"https:\/\/www.s-lecfilm.com\/de\/wp-json\/wp\/v2\/pages\/19934\/revisions\/22582"}],"wp:attachment":[{"href":"https:\/\/www.s-lecfilm.com\/de\/wp-json\/wp\/v2\/media?parent=19934"}],"wp:term":[{"taxonomy":"page_category","embeddable":true,"href":"https:\/\/www.s-lecfilm.com\/de\/wp-json\/wp\/v2\/page_category?post=19934"}],"curies":[{"name":"wp","href":"https:\/\/api.w.org\/{rel}","templated":true}]}}