{"id":19829,"date":"2023-01-17T10:00:00","date_gmt":"2023-01-17T01:00:00","guid":{"rendered":"https:\/\/www.s-lecfilm.com\/en-sound-arch\/"},"modified":"2024-07-01T11:30:34","modified_gmt":"2024-07-01T02:30:34","slug":"en-sound-arch","status":"publish","type":"page","link":"https:\/\/www.s-lecfilm.com\/de\/sound-arch\/","title":{"rendered":"\/de\/sound-arch\/"},"content":{"rendered":"<div class=\"frame pt-0\" style=\"clear: both;\">\n\t<div class=\"hero-flame\" style=\"height:62vh;margin:0;\">\n\t\t<div class=\"hero-flame-bg\">\n\t\t\t<img loading=\"lazy\" decoding=\"async\" class=\"hero-flame-bg-img\" src=\"https:\/\/www.s-lecfilm.com\/wp-content\/uploads\/Hero_sound.webp\" width=\"1920\" height=\"867\" alt=\"A child sleeps deeply in a car, thanks to sound insulation glass reducing outside noise and enhancing comfort.\" style=\"object-position:50% 50%;\">\n\t\t<\/div>\n\t\t<div class=\"hero-flame-content\">\n\t\t\t\t\t\t\t<div class=\"hero-text\">\n\t\t\t\t\t<div class=\"hero-text-title\">\n\t\t\t\t\t\tTon\t\t\t\t\t<\/div>\n\t\t\t\t\t\t\t\t\t\t\t<div class=\"hero-text-subtitle\">\n\t\t\t\t\t\t\tSchaltet Ablenkungen aus\t\t\t\t\t\t<\/div>\n\t\t\t\t\t\t\t\t\t<\/div>\n\t\t\t\t<\/div>\n\t<\/div>\n<\/div>\n\n<div class=\"frame pt-0\">\n\t\n<div class=\"container\">\n\t\n<div class=\"container\">\r\n\t<div class=\"container\">\r\n\t\t<div class=\"section-flame\">\r\n\t\t\t<div class=\"row justify-content-end align-items-center\">\r\n\t\t\t\t\t\t\t\t\t<div class=\"col-lg-6 order-0\">\r\n\t\t\t\t\t\t<div class=\"youtube_wrap\">\n\t<div class=\"youtube_area un_youtube_area\">\n\t\t<script src=\"https:\/\/www.youtube.com\/iframe_api\"><\/script>\n\t\t<iframe loading=\"lazy\" data-cookieconsent=\"necessary\" width=\"560\" height=\"315\" src=\"\/\/www.youtube.com\/embed\/CMJAGhc4rmQ?enablejsapi=1&amp;origin=https%3A%2F%2Fwww.s-lecfilm.com\" title=\"\" frameborder=\"0\" allow=\"accelerometer; autoplay; clipboard-write; encrypted-media; gyroscope; picture-in-picture\" allowfullscreen=\"\" data-gtm-yt-inspected-7440638_38=\"true\" id=\"900282223\"><\/iframe>\n\t<\/div>\n<\/div>\n\t\t\t\t\t<\/div>\r\n\t\t\t\t\t<div class=\"col-lg-6 order-1\">\r\n\t\t\t\t\t\t<div class=\"feature-cont\">\n\t<div class=\"feature-cont-title\"><\/div>\n\t<div class=\"feature-cont-text\">\n\t\tS-LEC\u2122 Sound Acoustic Film reduziert die \u00dcbertragung von Au\u00dfenger\u00e4uschen und bietet so das h\u00f6chste Ma\u00df an Luxus und Komfort auf dem Markt.\t<\/div>\n<\/div>\n<div class=\"row d-brochure-bg-btn-wrap justify-content-end with-accent align-items-center mt-4 mx-0\">\n\t\t<div class=\"col-lg-5 d-brochure-bg-btn is-inner-btn with-accent\">\n\t\t\t<\/div>\n<\/div>\t\t\t\t\t<\/div>\r\n\t\t\t\t\t\t\t<\/div>\r\n\t\t<\/div>\r\n\t<\/div>\r\n<\/div>\r\n\n<\/div>\n\n<\/div>\n\n\n<div class=\"frame pt-0 pb-0\">\n\t\n<div class=\"c-tab-type01 tab-flame\">\n\t<div class=\"container\">\n\t\t\t\t<ul class=\"tab_area\">\n\t\t\t\t\t\t\t\t\t<li id=\"Automobil\" class=\"tab-menu\"><a href=\"\/de\/sound-auto\/#auto\">Automobilindustrie<\/a><\/li>\n\t\t\t\t\t\t\t\t\t<li id=\"Architektur\" class=\"tab-menu select\"><a href=\"\/de\/sound-arch\/#arch\">Konstruktionen<\/a><\/li>\n\t\t\t\t\t<\/ul>\n\t\t\t<\/div>\n<\/div>\n\n<\/div>\n\n\n<div class=\"frame pt-5\">\n\t\n<div class=\"container\">\n\t<\/div>\n\n\n<div class=\"container\">\n\t\n<H1 class=\"c-title-level02 section-subtitle\">Ton<\/H1>\n\n<div class=\"c-layout-frame section-flame\">\n\t\t<div class=\"row align-items-center\">\n\t\t<div class=\"col-lg-6\">\n\t\t\t<div class=\"feature-img text-center\">\n\t\t\t\t\t\t\t\t<img decoding=\"async\" src=\"https:\/\/www.s-lecfilm.com\/wp-content\/uploads\/img_00016-1_1-1024x683.webp\"  alt=\"Noise reduction by S-LEC\u2122 Sound Acoustic Film\">\n\t\t\t\t\t\t\t<\/div>\n\t\t<\/div>\n\t\t<div class=\"col-lg-6\">\n\t\t\t<div class=\"feature-cont\">\n\t\t\t\t<div class=\"acf-innerblocks-container\">\n\n<p>Die Schalld\u00e4mmung wird in den heutigen Gemeinden immer wichtiger. Da immer mehr Menschen auf kleinerem Raum arbeiten, ist Privatsph\u00e4re ein absolutes Muss. S-LEC\u2122 Sound Acoustic Film wurde entwickelt, um die schalld\u00e4mmenden Eigenschaften von Glas drastisch zu verbessern. Die Schalld\u00e4mmung unterdr\u00fcckt den Au\u00dfenl\u00e4rm und sorgt f\u00fcr eine ruhige Umgebung, selbst im Zentrum des st\u00e4dtischen Lebens.<\/p>\n\n<\/div>\t\t\t<\/div>\n\t\t<\/div>\n\t<\/div>\n\t<\/div>\n\n\n<div class=\"c-button-type01 row justify-content-center\">\n\t<div class=\"col-lg-5 d-brochure-bg-btn is-inner-btn btn-size-large\">\n\t\t<a href=\"\/de\/download\/ArchG\/\" target=\"_blank\">\n\t\t\t<button type=\"button\" class=\"btn btn-primary\">Brosch\u00fcren herunterladen<\/button>\n\t\t<\/a>\n\t<\/div>\n<\/div>\n\n\n<H2 class=\"c-title-level02 section-subtitle\">Anwendungsf\u00e4lle<\/H2>\n\n  <div class=\"row justify-content-center\">\r\n                <div class=\"col-lg-6\">\r\n                  <div class=\"slick-usecase\">\r\n                    <div class=\"usecase-flame\">\r\n                      <div class=\"usecase-title\">\r\n                        <img decoding=\"async\" src=\"https:\/\/www.s-lecfilm.com\/wp-content\/themes\/s-lecfilm\/images\/icon\/slec_icon_13.svg\" alt=\"\"><span>Ton<\/span>\r\n                      <\/div>\r\n                      <div class=\"usecase-img\">\r\n                        <img decoding=\"async\" src=\"https:\/\/www.s-lecfilm.com\/wp-content\/themes\/s-lecfilm\/images\/sound\/sound-arch-2.jpg\" alt=\"\">\r\n                      <\/div>\r\n                      <div class=\"usecase-caption\">\r\n  Das Britische Museum, London, UK\r\n                      <\/div>\r\n                    <\/div>\r\n                    <div class=\"usecase-flame\">\r\n                      <div class=\"usecase-title\">\r\n                        <img decoding=\"async\" src=\"https:\/\/www.s-lecfilm.com\/wp-content\/themes\/s-lecfilm\/images\/icon\/slec_icon_13.svg\" alt=\"\"><span>Ton<\/span>\r\n                      <\/div>\r\n                      <div class=\"usecase-img\">\r\n                        <img decoding=\"async\" src=\"https:\/\/www.s-lecfilm.com\/wp-content\/themes\/s-lecfilm\/images\/sound\/sound-arch-3.jpg\" alt=\"\">\r\n                      <\/div>\r\n                      <div class=\"usecase-caption\">\r\n  Flughafen London Heathrow, UK\r\n                      <\/div>\r\n                    <\/div>\r\n                  <\/div>\r\n                <\/div>\r\n              <\/div>\r\n              <div class=\"row justify-content-center\">\r\n                <div class=\"col-lg-10\">\r\n                  <div class=\"usecase-text\">\r\n  S-LEC\u2122 Sound Acoustic Film erzielt hohe Leistungen in den Bereichen Sicherheit, Schutz und UV-Schutz, und das alles bei\r\n  die Schalld\u00e4mmung f\u00fcr eine Vielzahl von Schalld\u00e4mpfungsanforderungen liefern. Die internationale Verwendung dieses\r\n  Folie hat sich ihren guten Ruf bei der Anwendung in Hotels und Eigentumswohnungen erworben und schafft beruhigende\r\n  und privaten Umgebungen.\r\n                  <\/div>\r\n                <\/div>\r\n              <\/div>\n<\/div>\n\n<\/div>\n\n\n\n<div class=\"frame is-bg-img c-more-detail \">\n\t<div class=\"container\">\n\t\t<div class=\"row justify-content-center\">\n\t\t\t<div class=\"col-lg-10\">\n\t\t\t\t<div class=\"row\">\n\t\t\t\t\t<div class=\"col-lg-7 mb-5 mb-lg-0\">\n\t\t\t\t\t\t<div class=\"contact-footer-text\">\n\t\t\t\t\t\t\tM\u00f6chten Sie mehr erfahren?\t\t\t\t\t\t<\/div>\n\t\t\t\t\t\t<div class=\"contact-footer-btn\">\n\t\t\t\t\t\t\t<a href=\"\/de\/download\/all\/\" target=\"_blank\">\n\t\t\t\t\t\t\t\t<button class=\"btn btn-primary fa-download-check\">\n\t\t\t\t\t\t\t\t\t\t\t\t\t\t\t\t\t\t\tDownloads\t\t\t\t\t\t\t\t\t\t\t\t\t\t\t\t\t<\/button>\n\t\t\t\t\t\t\t<\/a>\n\t\t\t\t\t\t\t<a href=\"\/de\/download\/Inquiry\/\" target=\"_blank\">\n\t\t\t\t\t\t\t\t<button class=\"btn btn-primary is-external-link\">\n\t\t\t\t\t\t\t\t\t\t\t\t\t\t\t\t\t\t\tKontakt\t\t\t\t\t\t\t\t\t\t\t\t\t\t\t\t\t<\/button>\n\t\t\t\t\t\t\t<\/a>\n\t\t\t\t\t\t<\/div>\n\t\t\t\t\t<\/div>\n\t\t\t\t\t<div class=\"col-lg-5\">\n\t\t\t\t\t\t<div class=\"contact-footer-img\">\n\t\t\t\t\t\t\t\t\t\t\t\t\t\t<img decoding=\"async\" src=\"https:\/\/www.s-lecfilm.com\/wp-content\/uploads\/thankyou_hero-1-1-1024x576.webp\" alt=\"Those who want to know more about S-LEC\u2122 Film\">\n\t\t\t\t\t\t\t\t\t\t\t\t\t<\/div>\n\t\t\t\t\t<\/div>\n\t\t\t\t<\/div>\n\t\t\t<\/div>\n\t\t<\/div>\n\t<\/div>\n<\/div>\n","protected":false},"excerpt":{"rendered":"","protected":false},"author":7,"featured_media":0,"parent":0,"menu_order":377,"comment_status":"closed","ping_status":"closed","template":"","meta":{"_acf_changed":false,"_oasis_is_in_workflow":0,"_oasis_original":0,"om_disable_all_campaigns":false,"inline_featured_image":false,"_monsterinsights_skip_tracking":false,"_monsterinsights_sitenote_active":false,"_monsterinsights_sitenote_note":"","_monsterinsights_sitenote_category":0,"footnotes":""},"page_category":[100,132,120],"class_list":["post-19829","page","type-page","status-publish","hentry"],"acf":[],"aioseo_notices":[],"aioseo_head":"\n\t\t<!-- All in One SEO Pro 4.6.2 - aioseo.com -->\n\t\t<meta name=\"description\" content=\"Verbessern Sie die Schalld\u00e4mmung von Glas drastisch und sorgen Sie f\u00fcr eine ruhige Umgebung.\" \/>\n\t\t<meta name=\"robots\" content=\"max-image-preview:large\" \/>\n\t\t<meta name=\"google-site-verification\" content=\"LGoHK3imcI57fEDyHDnPGNxrBKyRAWvyS1_pmekTNEU\" \/>\n\t\t<link rel=\"canonical\" href=\"https:\/\/www.s-lecfilm.com\/de\/sound-arch\/\" \/>\n\t\t<meta name=\"generator\" content=\"All in One SEO Pro (AIOSEO) 4.6.2\" \/>\n\t\t<meta property=\"og:locale\" content=\"de_DE\" \/>\n\t\t<meta property=\"og:site_name\" content=\"SEKISUI S-LEC\" \/>\n\t\t<meta property=\"og:type\" content=\"article\" \/>\n\t\t<meta property=\"og:title\" content=\"Akustische Zwischenschicht f\u00fcr Architektur Laminiertes Glass | SEKISUI S-LEC\" \/>\n\t\t<meta property=\"og:description\" content=\"Verbessern Sie die Schalld\u00e4mmung von Glas drastisch und sorgen Sie f\u00fcr eine ruhige Umgebung.\" \/>\n\t\t<meta property=\"og:url\" content=\"https:\/\/www.s-lecfilm.com\/de\/sound-arch\/\" \/>\n\t\t<meta property=\"og:image\" content=\"https:\/\/www.s-lecfilm.com\/wp-content\/uploads\/2023\/01\/hero-img4.jpg\" \/>\n\t\t<meta property=\"og:image:secure_url\" content=\"https:\/\/www.s-lecfilm.com\/wp-content\/uploads\/2023\/01\/hero-img4.jpg\" \/>\n\t\t<meta property=\"article:published_time\" content=\"2023-01-17T01:00:00+00:00\" \/>\n\t\t<meta property=\"article:modified_time\" content=\"2024-07-01T02:30:34+00:00\" \/>\n\t\t<meta name=\"twitter:card\" content=\"summary_large_image\" \/>\n\t\t<meta name=\"twitter:title\" content=\"Akustische Zwischenschicht f\u00fcr Architektur Laminiertes Glass | SEKISUI S-LEC\" \/>\n\t\t<meta name=\"twitter:description\" content=\"Verbessern Sie die Schalld\u00e4mmung von Glas drastisch und sorgen Sie f\u00fcr eine ruhige Umgebung.\" \/>\n\t\t<meta name=\"twitter:image\" content=\"https:\/\/www.s-lecfilm.com\/wp-content\/uploads\/2023\/01\/hero-img4.jpg\" \/>\n\t\t<script type=\"application\/ld+json\" class=\"aioseo-schema\">\n\t\t\t{\"@context\":\"https:\\\/\\\/schema.org\",\"@graph\":[{\"@type\":\"BreadcrumbList\",\"@id\":\"https:\\\/\\\/www.s-lecfilm.com\\\/de\\\/sound-arch\\\/#breadcrumblist\",\"itemListElement\":[{\"@type\":\"ListItem\",\"@id\":\"https:\\\/\\\/www.s-lecfilm.com\\\/de\\\/#listItem\",\"position\":1,\"name\":\"Zu Hause\",\"item\":\"https:\\\/\\\/www.s-lecfilm.com\\\/de\\\/\",\"nextItem\":\"https:\\\/\\\/www.s-lecfilm.com\\\/de\\\/sound-arch\\\/#listItem\"},{\"@type\":\"ListItem\",\"@id\":\"https:\\\/\\\/www.s-lecfilm.com\\\/de\\\/sound-arch\\\/#listItem\",\"position\":2,\"name\":\"\\\/de\\\/sound-arch\\\/\",\"previousItem\":\"https:\\\/\\\/www.s-lecfilm.com\\\/de\\\/#listItem\"}]},{\"@type\":\"Organization\",\"@id\":\"https:\\\/\\\/www.s-lecfilm.com\\\/de\\\/#organization\",\"name\":\"s-lecfilm\",\"url\":\"https:\\\/\\\/www.s-lecfilm.com\\\/de\\\/\"},{\"@type\":\"WebPage\",\"@id\":\"https:\\\/\\\/www.s-lecfilm.com\\\/de\\\/sound-arch\\\/#webpage\",\"url\":\"https:\\\/\\\/www.s-lecfilm.com\\\/de\\\/sound-arch\\\/\",\"name\":\"Akustische Zwischenschicht f\\u00fcr Architektur Laminiertes Glass | SEKISUI S-LEC\",\"description\":\"Verbessern Sie die Schalld\\u00e4mmung von Glas drastisch und sorgen Sie f\\u00fcr eine ruhige Umgebung.\",\"inLanguage\":\"de-DE\",\"isPartOf\":{\"@id\":\"https:\\\/\\\/www.s-lecfilm.com\\\/de\\\/#website\"},\"breadcrumb\":{\"@id\":\"https:\\\/\\\/www.s-lecfilm.com\\\/de\\\/sound-arch\\\/#breadcrumblist\"},\"datePublished\":\"2023-01-17T10:00:00+09:00\",\"dateModified\":\"2024-07-01T11:30:34+09:00\"},{\"@type\":\"WebSite\",\"@id\":\"https:\\\/\\\/www.s-lecfilm.com\\\/de\\\/#website\",\"url\":\"https:\\\/\\\/www.s-lecfilm.com\\\/de\\\/\",\"name\":\"s-lecfilm\",\"inLanguage\":\"de-DE\",\"publisher\":{\"@id\":\"https:\\\/\\\/www.s-lecfilm.com\\\/de\\\/#organization\"}}]}\n\t\t<\/script>\n\t\t<!-- All in One SEO Pro -->\r\n\t\t<title>Akustische Zwischenschicht f\u00fcr Architektur Laminiertes Glass | SEKISUI S-LEC<\/title>\n\n","aioseo_head_json":{"title":"Akustische Zwischenschicht f\u00fcr Architektur Laminiertes Glass | SEKISUI S-LEC","description":"Verbessern Sie die Schalld\u00e4mmung von Glas drastisch und sorgen Sie f\u00fcr eine ruhige Umgebung.","canonical_url":"https:\/\/www.s-lecfilm.com\/de\/sound-arch\/","robots":"max-image-preview:large","keywords":"","webmasterTools":{"google-site-verification":"LGoHK3imcI57fEDyHDnPGNxrBKyRAWvyS1_pmekTNEU","miscellaneous":""},"og:locale":"de_DE","og:site_name":"SEKISUI S-LEC","og:type":"article","og:title":"Akustische Zwischenschicht f\u00fcr Architektur Laminiertes Glass | SEKISUI S-LEC","og:description":"Verbessern Sie die Schalld\u00e4mmung von Glas drastisch und sorgen Sie f\u00fcr eine ruhige Umgebung.","og:url":"https:\/\/www.s-lecfilm.com\/de\/sound-arch\/","og:image":"https:\/\/www.s-lecfilm.com\/wp-content\/uploads\/2023\/01\/hero-img4.jpg","og:image:secure_url":"https:\/\/www.s-lecfilm.com\/wp-content\/uploads\/2023\/01\/hero-img4.jpg","article:published_time":"2023-01-17T01:00:00+00:00","article:modified_time":"2024-07-01T02:30:34+00:00","twitter:card":"summary_large_image","twitter:title":"Akustische Zwischenschicht f\u00fcr Architektur Laminiertes Glass | SEKISUI S-LEC","twitter:description":"Verbessern Sie die Schalld\u00e4mmung von Glas drastisch und sorgen Sie f\u00fcr eine ruhige Umgebung.","twitter:image":"https:\/\/www.s-lecfilm.com\/wp-content\/uploads\/2023\/01\/hero-img4.jpg","schema":{"@context":"https:\/\/schema.org","@graph":[{"@type":"BreadcrumbList","@id":"https:\/\/www.s-lecfilm.com\/de\/sound-arch\/#breadcrumblist","itemListElement":[{"@type":"ListItem","@id":"https:\/\/www.s-lecfilm.com\/de\/#listItem","position":1,"name":"Zu Hause","item":"https:\/\/www.s-lecfilm.com\/de\/","nextItem":"https:\/\/www.s-lecfilm.com\/de\/sound-arch\/#listItem"},{"@type":"ListItem","@id":"https:\/\/www.s-lecfilm.com\/de\/sound-arch\/#listItem","position":2,"name":"\/de\/sound-arch\/","previousItem":"https:\/\/www.s-lecfilm.com\/de\/#listItem"}]},{"@type":"Organization","@id":"https:\/\/www.s-lecfilm.com\/de\/#organization","name":"s-lecfilm","url":"https:\/\/www.s-lecfilm.com\/de\/"},{"@type":"WebPage","@id":"https:\/\/www.s-lecfilm.com\/de\/sound-arch\/#webpage","url":"https:\/\/www.s-lecfilm.com\/de\/sound-arch\/","name":"Akustische Zwischenschicht f\u00fcr Architektur Laminiertes Glass | SEKISUI S-LEC","description":"Verbessern Sie die Schalld\u00e4mmung von Glas drastisch und sorgen Sie f\u00fcr eine ruhige Umgebung.","inLanguage":"de-DE","isPartOf":{"@id":"https:\/\/www.s-lecfilm.com\/de\/#website"},"breadcrumb":{"@id":"https:\/\/www.s-lecfilm.com\/de\/sound-arch\/#breadcrumblist"},"datePublished":"2023-01-17T10:00:00+09:00","dateModified":"2024-07-01T11:30:34+09:00"},{"@type":"WebSite","@id":"https:\/\/www.s-lecfilm.com\/de\/#website","url":"https:\/\/www.s-lecfilm.com\/de\/","name":"s-lecfilm","inLanguage":"de-DE","publisher":{"@id":"https:\/\/www.s-lecfilm.com\/de\/#organization"}}]}},"aioseo_meta_data":{"post_id":"19829","title":"Akustische Zwischenschicht f\u00fcr Architektur Laminiertes Glass | SEKISUI S-LEC","description":"Verbessern Sie die Schalld\u00e4mmung von Glas drastisch und sorgen Sie f\u00fcr eine ruhige Umgebung.","keywords":null,"keyphrases":"{\"focus\":{\"keyphrase\":\"\",\"score\":0,\"analysis\":{\"keyphraseInTitle\":{\"score\":0,\"maxScore\":9,\"error\":1}}},\"additional\":[]}","primary_term":null,"canonical_url":null,"og_title":null,"og_description":null,"og_object_type":"default","og_image_type":"custom_image","og_image_url":"https:\/\/www.s-lecfilm.com\/wp-content\/uploads\/2023\/01\/hero-img4.jpg","og_image_width":"0","og_image_height":"0","og_image_custom_url":"https:\/\/www.s-lecfilm.com\/wp-content\/uploads\/2023\/01\/hero-img4.jpg","og_image_custom_fields":null,"og_video":"","og_custom_url":null,"og_article_section":null,"og_article_tags":null,"twitter_use_og":false,"twitter_card":"default","twitter_image_type":"custom_image","twitter_image_url":"https:\/\/www.s-lecfilm.com\/wp-content\/uploads\/2023\/01\/hero-img4.jpg","twitter_image_custom_url":"https:\/\/www.s-lecfilm.com\/wp-content\/uploads\/2023\/01\/hero-img4.jpg","twitter_image_custom_fields":null,"twitter_title":null,"twitter_description":null,"schema":{"blockGraphs":[],"customGraphs":[],"default":{"data":{"Article":[],"Course":[],"Dataset":[],"FAQPage":[],"Movie":[],"Person":[],"Product":[],"Recipe":[],"Service":[],"SoftwareApplication":[],"WebPage":[]},"graphName":"WebPage","isEnabled":true},"graphs":[]},"schema_type":"default","schema_type_options":null,"pillar_content":false,"robots_default":true,"robots_noindex":false,"robots_noarchive":false,"robots_nosnippet":false,"robots_nofollow":false,"robots_noimageindex":false,"robots_noodp":false,"robots_notranslate":false,"robots_max_snippet":"-1","robots_max_videopreview":"-1","robots_max_imagepreview":"large","priority":null,"frequency":"default","local_seo":null,"limit_modified_date":false,"reviewed_by":null,"open_ai":{"title":{"suggestions":[],"usage":0},"description":{"suggestions":[],"usage":0}},"created":"2024-03-25 00:12:14","updated":"2024-07-01 02:30:55"},"aioseo_breadcrumb":"<div class=\"aioseo-breadcrumbs\"><span class=\"aioseo-breadcrumb\">\n\t<a href=\"https:\/\/www.s-lecfilm.com\/de\/\" title=\"\u30db\u30fc\u30e0\">\u30db\u30fc\u30e0<\/a>\n<\/span><span class=\"aioseo-breadcrumb-separator\">&raquo;<\/span><span class=\"aioseo-breadcrumb\">\n\t\/de\/sound-arch\/\n<\/span><\/div>","aioseo_breadcrumb_json":[{"label":"\u30db\u30fc\u30e0","link":"https:\/\/www.s-lecfilm.com\/de\/"},{"label":"\/de\/sound-arch\/","link":"https:\/\/www.s-lecfilm.com\/de\/sound-arch\/"}],"_links":{"self":[{"href":"https:\/\/www.s-lecfilm.com\/de\/wp-json\/wp\/v2\/pages\/19829"}],"collection":[{"href":"https:\/\/www.s-lecfilm.com\/de\/wp-json\/wp\/v2\/pages"}],"about":[{"href":"https:\/\/www.s-lecfilm.com\/de\/wp-json\/wp\/v2\/types\/page"}],"author":[{"embeddable":true,"href":"https:\/\/www.s-lecfilm.com\/de\/wp-json\/wp\/v2\/users\/7"}],"replies":[{"embeddable":true,"href":"https:\/\/www.s-lecfilm.com\/de\/wp-json\/wp\/v2\/comments?post=19829"}],"version-history":[{"count":10,"href":"https:\/\/www.s-lecfilm.com\/de\/wp-json\/wp\/v2\/pages\/19829\/revisions"}],"predecessor-version":[{"id":23987,"href":"https:\/\/www.s-lecfilm.com\/de\/wp-json\/wp\/v2\/pages\/19829\/revisions\/23987"}],"wp:attachment":[{"href":"https:\/\/www.s-lecfilm.com\/de\/wp-json\/wp\/v2\/media?parent=19829"}],"wp:term":[{"taxonomy":"page_category","embeddable":true,"href":"https:\/\/www.s-lecfilm.com\/de\/wp-json\/wp\/v2\/page_category?post=19829"}],"curies":[{"name":"wp","href":"https:\/\/api.w.org\/{rel}","templated":true}]}}