{"id":19451,"date":"2023-01-04T10:00:00","date_gmt":"2023-01-04T01:00:00","guid":{"rendered":"https:\/\/www.s-lecfilm.com\/en-sustainability\/"},"modified":"2024-06-24T14:38:59","modified_gmt":"2024-06-24T05:38:59","slug":"en-sustainability","status":"publish","type":"page","link":"https:\/\/www.s-lecfilm.com\/de\/sustainability\/","title":{"rendered":"\/de\/sustainability\/"},"content":{"rendered":"<div class=\"frame pt-0\" style=\"clear: both;\">\n\t<div class=\"hero-flame\" style=\"height:62vh;margin:0;\">\n\t\t<div class=\"hero-flame-bg\">\n\t\t\t<img loading=\"lazy\" decoding=\"async\" class=\"hero-flame-bg-img\" src=\"https:\/\/www.s-lecfilm.com\/wp-content\/uploads\/Hero_sustainability.webp\" width=\"1920\" height=\"1019\" alt=\"SEKISUI S-LEC with the vision for sustainability\" style=\"object-position:40% 50%;\">\n\t\t<\/div>\n\t\t<div class=\"hero-flame-content\">\n\t\t\t\t\t\t\t<div class=\"hero-text\">\n\t\t\t\t\t<div class=\"hero-text-title\">\n\t\t\t\t\t\tNachhaltigkeit\t\t\t\t\t<\/div>\n\t\t\t\t\t\t\t\t\t<\/div>\n\t\t\t\t<\/div>\n\t<\/div>\n<\/div>\n\n<div class=\"feature-img text-center\">\n\t\t<\/div>\n\n<div class=\"frame pt-0 pb-0\">\n\t\n<div class=\"container\">\n\t\n<H2 class=\"c-title-level02 section-subtitle\">SEKISUI Unternehmensstrategie zur Nachhaltigkeit<\/H2>\n\n<div class=\"c-layout-frame section-flame\">\n\t\t<div class=\"row align-items-center\">\n\t\t<div class=\"col-lg-6\">\n\t\t\t<div class=\"feature-img text-center\">\n\t\t\t\t\t\t\t\t<img decoding=\"async\" src=\"https:\/\/www.s-lecfilm.com\/wp-content\/uploads\/Sustainability_forest-1024x571.webp\"  alt=\"Climate change, biodiversity loss, water resources pollution, people who protect their resources\">\n\t\t\t\t\t\t\t<\/div>\n\t\t<\/div>\n\t\t<div class=\"col-lg-6\">\n\t\t\t<div class=\"feature-cont\">\n\t\t\t\t<div class=\"acf-innerblocks-container\">\n\n<p>SEKISUI S-LEC ist Teil der SEKISUI Unternehmensgruppe. Als SEKISUI-Unternehmen engagieren wir uns f\u00fcr den Schutz der Erde und ihrer Ressourcen angesichts des Klimawandels, des Verlusts der biologischen Vielfalt und der zunehmenden Verschmutzung der Wasserreserven. <\/p>\n\n\n\n<p>SEKISUI hat sich zahlreiche Initiativen, Ziele und Programme gesetzt, um ein Gleichgewicht zwischen nat\u00fcrlichem und sozialem Kapital herzustellen, indem wir uns auf nachhaltige Produkte, die Verringerung der Umweltbelastung und den Schutz der Umwelt konzentrieren. Die Erde ist unser aller Zuhause, daher setzen wir uns daf\u00fcr ein, diese besorgniserregenden Entwicklungen zu stoppen. <\/p>\n\n<\/div>\t\t\t<\/div>\n\t\t<\/div>\n\t<\/div>\n\t<\/div>\n\n\n<H2 class=\"c-title-level02 section-subtitle\">\u00d6kostromversorgung f\u00fcr die PVB-Folienproduktion<\/H2>\n\n<div class=\"c-layout-frame section-flame\">\n\t\t<div class=\"row align-items-center\">\n\t\t<div class=\"col-lg-6 order-lg-1 order-0\">\n\t\t\t<div class=\"feature-img text-center\">\n\t\t\t\t\t\t\t\t<img decoding=\"async\" src=\"https:\/\/www.s-lecfilm.com\/wp-content\/uploads\/Sustainability_solar-1024x687.webp\"  alt=\"Solar panels expanding the use of renewable energy around the world.\">\n\t\t\t\t\t\t\t<\/div>\n\t\t<\/div>\n\t\t<div class=\"col-lg-6 order-lg-0 order-1\">\n\t\t\t<div class=\"feature-cont\">\n\t\t\t\t<div class=\"acf-innerblocks-container\">\n\n<p>SEKISUI S-LEC konzentriert sich weltweit auf die verst\u00e4rkte Nutzung von gr\u00fcner Energie. Sowohl die PVB-Zwischenschichtfolien als auch die PVB-Harzanlagen in den Niederlanden, China, Thailand und den USA nutzen bereits zu 100 % gr\u00fcne Energie.<\/p>\n\n<\/div>\t\t\t<\/div>\n\t\t<\/div>\n\t<\/div>\n\t<\/div>\n\n\n<H1 class=\"c-title-level02 section-subtitle\">Nachhaltige L\u00f6sung aus PVB-Zwischenschicht<\/H1>\n\n<div class=\"c-layout-frame section-flame\">\n\t\t<div class=\"row align-items-center\">\n\t\t<div class=\"col-lg-6\">\n\t\t\t<div class=\"feature-img text-center\">\n\t\t\t\t\t\t\t\t<img decoding=\"async\" src=\"https:\/\/www.s-lecfilm.com\/wp-content\/uploads\/Sustainability_green-1024x675.webp\"  alt=\"Various sustainability PVB interlayer solutions that contribute to the environment\">\n\t\t\t\t\t\t\t<\/div>\n\t\t<\/div>\n\t\t<div class=\"col-lg-6\">\n\t\t\t<div class=\"feature-cont\">\n\t\t\t\t<div class=\"acf-innerblocks-container\">\n\n<p>Wir bieten verschiedene PVB-Zwischenschichten an, die sich positiv auf die Umwelt auswirken k\u00f6nnen. <\/p>\n\n\n\n<p>S-LEC\u2122 Solar Control Film kann die Effizienz von Heizungs-, L\u00fcftungs- und Klimaanlagen verbessern, indem er die Infrarotstrahlen der Sonne blockiert und den Bedarf an Klimaanlagen reduziert. S-LEC\u2122 Sound Acoustic Film kann in Kombination mit d\u00fcnnerem laminiertem Glass das Gewicht des Glases reduzieren und gleichzeitig die Schalld\u00e4mmung verbessern, die Kraftstoffeffizienz verbessern und den Stromverbrauch von Elektrofahrzeugen senken. <\/p>\n\n\n\n<p>Im Rahmen unserer Nachhaltigkeitspolitik bitten wir Sie, sich mit uns in Verbindung zu setzen, um weitere Informationen \u00fcber die Emissionswerte unserer L\u00f6sungen zu erhalten.<\/p>\n\n<\/div>\t\t\t<\/div>\n\t\t<\/div>\n\t<\/div>\n\t<\/div>\n\n\n<H2 class=\"c-title-level02 section-subtitle\">L\u00f6sungen f\u00fcr eine bessere Umwelt<\/H2>\n\n\n<p>Im Rahmen von S-LEC\u2122 bieten wir verschiedene PVB-Zwischenschichten an, z. B. f\u00fcr die Akustik und die Solarkontrolle. <\/p>\n\n\n<div class=\"subtab-flame\">\r\n  <ul class=\"subtab\">\r\n\t\t\t\t\t\t\t\t\t<li class=\"select\"><span>Energieeinsparung<\/span><\/li>\r\n\t\t\t\t\t\t\t<li class=\"\"><span>L\u00e4rm reduzieren<\/span><\/li>\r\n\t\t\t\t\t\t\t<li class=\"\"><span>Elektrofahrzeuge<\/span><\/li>\r\n\t\t\t\t\t\t<\/ul>\r\n<\/div>\r\n\r\n\n\n<div class=\"c-subtab-content\">\n\t<div class=\"subicon\">\n\t\t\t\t\t\t\n<div class=\"c-subtab-frame frame py-0\">\n\t\t<div class=\"container\">\n\t\t\t\t\n<div class=\"c-layout-frame section-flame\">\n\t\t<div class=\"row align-items-center\">\n\t\t<div class=\"col-lg-6 order-lg-1 order-0\">\n\t\t\t<div class=\"feature-img text-center\">\n\t\t\t\t\t\t\t\t<img decoding=\"async\" src=\"https:\/\/www.s-lecfilm.com\/wp-content\/uploads\/210901_EBOOK-15_Bridge_75-1024x576.webp\"  alt=\"S-LEC\u2122 Solar Control Film that reduces the temperature in the car and helps energy-saving\">\n\t\t\t\t\t\t\t<\/div>\n\t\t<\/div>\n\t\t<div class=\"col-lg-6 order-lg-0 order-1\">\n\t\t\t<div class=\"feature-cont\">\n\t\t\t\t<div class=\"acf-innerblocks-container\">\n<Div class=\"c-title-level03 feature-cont-title\">\n\t\tEnergieeinsparung<\/Div>\n\n\n\n<p>Bei Elektrofahrzeugen, die sich weltweit immer mehr durchsetzen, ist es wichtig, den Energieverbrauch nicht nur durch das Fahren zu senken.<\/p>\n\n\n\n<p>Windschutzscheiben und Fenster aus IR-Glas sind energiesparend. S-LEC\u2122 Solar Control Film kann den Energieverbrauch der Klimatisierungsfunktion bei der K\u00fchlung des Fahrzeugs reduzieren. Bei Tests mit Elektrofahrzeugen konnte SEKISUI S-LEC eine Einsparung von bis zu 20 % bei der Klimatisierung nachweisen, was auch zur Verl\u00e4ngerung der Reichweite von Elektrofahrzeugen beitr\u00e4gt.<\/p>\n\n\n\n<p>\u200b<\/p>\n\n\n<div class=\"c-button-type02 feature-cont-btn text-right\">\n\t<a href=\"\/de\/solar-auto\/\" >\n\t\t<button class=\"btn btn-primary is-caret-link\">\n\t\t\t\t\t\t\tMehr erfahren\t\t\t\t\t\t<\/button>\n\t<\/a>\n<\/div>\n\n\n\n<p><\/p>\n\n\n\n<p><\/p>\n\n\n<div class=\"c-button-type01 row justify-content-end\">\n\t<div class=\"col-lg-5 d-brochure-bg-btn is-inner-btn btn-size-medium\">\n\t\t<a href=\"\/de\/download\/SolarE\/\" target=\"_blank\">\n\t\t\t<button type=\"button\" class=\"btn btn-primary\">ebook herunterladen<\/button>\n\t\t<\/a>\n\t<\/div>\n<\/div>\n\n<\/div>\t\t\t<\/div>\n\t\t<\/div>\n\t<\/div>\n\t<\/div>\n\n\t<\/div>\n\t<\/div>\n\n\n<div class=\"c-subtab-frame frame py-0\">\n\t\t<div class=\"container\">\n\t\t\t\t\n<div class=\"c-layout-frame section-flame\">\n\t\t<div class=\"row align-items-center\">\n\t\t<div class=\"col-lg-6 order-lg-1 order-0\">\n\t\t\t<div class=\"feature-img text-center\">\n\t\t\t\t\t\t\t\t<img decoding=\"async\" src=\"https:\/\/www.s-lecfilm.com\/wp-content\/uploads\/img_00016-1_1-1024x683.webp\"  alt=\"Noise reduction by S-LEC\u2122 Sound Acoustic Film\">\n\t\t\t\t\t\t\t<\/div>\n\t\t<\/div>\n\t\t<div class=\"col-lg-6 order-lg-0 order-1\">\n\t\t\t<div class=\"feature-cont\">\n\t\t\t\t<div class=\"acf-innerblocks-container\">\n<Div class=\"c-title-level03 feature-cont-title\">\n\t\tL\u00e4rm reduzieren<\/Div>\n\n\n\n<p>S-LEC\u2122 Sound Acoustic Film verbessert die schalld\u00e4mmenden Eigenschaften von Laminiertem Glass und unterdr\u00fcckt Umgebungsger\u00e4usche, um den Komfort in der Automobilindustrie und der Architektur zu erh\u00f6hen, wie z.B. Verkehrs- und Windger\u00e4usche, um eine ruhige Umgebung in einer lauten und geballten Welt zu schaffen. S-LEC\u2122 Sound Acoustic Film kann die L\u00e4rmbel\u00e4stigung f\u00fcr Fahrzeuge und Geb\u00e4ude erheblich reduzieren.<\/p>\n\n\n<div class=\"c-button-type02 feature-cont-btn text-right\">\n\t<a href=\"\/de\/sound-arch\/\" >\n\t\t<button class=\"btn btn-primary is-caret-link\">\n\t\t\t\t\t\t\tMehr erfahren\t\t\t\t\t\t<\/button>\n\t<\/a>\n<\/div>\n\n\n\n<p><\/p>\n\n\n\n<p><\/p>\n\n\n<div class=\"c-button-type01 row justify-content-end\">\n\t<div class=\"col-lg-5 d-brochure-bg-btn is-inner-btn btn-size-medium\">\n\t\t<a href=\"\/de\/download\/ArchG\/\" target=\"_blank\">\n\t\t\t<button type=\"button\" class=\"btn btn-primary\">Brosch\u00fcren herunterladen<\/button>\n\t\t<\/a>\n\t<\/div>\n<\/div>\n\n<\/div>\t\t\t<\/div>\n\t\t<\/div>\n\t<\/div>\n\t<\/div>\n\n\t<\/div>\n\t<\/div>\n\n\n<div class=\"c-subtab-frame frame py-0\">\n\t\t<div class=\"container\">\n\t\t\t\t\n<div class=\"c-layout-frame section-flame\">\n\t\t<div class=\"row align-items-center\">\n\t\t<div class=\"col-lg-6 order-lg-1 order-0\">\n\t\t\t<div class=\"feature-img text-center\">\n\t\t\t\t\t\t\t\t<img decoding=\"async\" src=\"https:\/\/www.s-lecfilm.com\/wp-content\/uploads\/solar-auto-11_50-1-1024x660.webp\"  alt=\"EV (electric vehicle) that uses functional automotive glass as part of the exterior to differentiate itself\">\n\t\t\t\t\t\t\t<\/div>\n\t\t<\/div>\n\t\t<div class=\"col-lg-6 order-lg-0 order-1\">\n\t\t\t<div class=\"feature-cont\">\n\t\t\t\t<div class=\"acf-innerblocks-container\">\n<Div class=\"c-title-level03 feature-cont-title\">\n\t\tElektrofahrzeuge<\/Div>\n\n\n\n<p>S-LEC\u2122 PVB interlayer film f\u00fcr Laminiertes Glass kann mit verschiedenen Eigenschaften angepasst werden. S-LEC\u2122 Film ist nicht nur bruchsicher und entspricht herk\u00f6mmlichen Sicherheitsstandards, sondern verbessert auch den Benutzerkomfort durch W\u00e4rmereduzierung, Schalld\u00e4mmung und Schutz vor ultravioletter Strahlung. Die breite Palette der verf\u00fcgbaren Farben erlaubt keine Kompromisse beim Design und bietet dem Benutzer ein um eine Stufe h\u00f6heres Erlebnis.<\/p>\n\n\n\n<p>\u200b<\/p>\n\n\n\n<p>Laminiertes Glass f\u00fcr die Automobilindustrie mit S-LEC\u2122 PVB interlayer film wird ebenfalls einen wichtigen Beitrag zur Elektrifizierung in der Automobilindustrie leisten.<\/p>\n\n\n<div class=\"c-button-type02 feature-cont-btn text-right\">\n\t<a href=\"\/de\/electric-vehicle\/\" >\n\t\t<button class=\"btn btn-primary is-caret-link\">\n\t\t\t\t\t\t\tMehr erfahren\t\t\t\t\t\t<\/button>\n\t<\/a>\n<\/div>\n\n<\/div>\t\t\t<\/div>\n\t\t<\/div>\n\t<\/div>\n\t<\/div>\n\n\t<\/div>\n\t<\/div>\n\n\t<\/div>\n<\/div>\n\n<\/div>\n\n<\/div>\n\n\n\n<div class=\"frame is-bg-img c-more-detail \">\n\t<div class=\"container\">\n\t\t<div class=\"row justify-content-center\">\n\t\t\t<div class=\"col-lg-10\">\n\t\t\t\t<div class=\"row\">\n\t\t\t\t\t<div class=\"col-lg-7 mb-5 mb-lg-0\">\n\t\t\t\t\t\t<div class=\"contact-footer-text\">\n\t\t\t\t\t\t\tM\u00f6chten Sie mehr erfahren?\t\t\t\t\t\t<\/div>\n\t\t\t\t\t\t<div class=\"contact-footer-btn\">\n\t\t\t\t\t\t\t<a href=\"\/de\/download\/all\/\" target=\"_blank\">\n\t\t\t\t\t\t\t\t<button class=\"btn btn-primary fa-download-check\">\n\t\t\t\t\t\t\t\t\t\t\t\t\t\t\t\t\t\t\tDownloads\t\t\t\t\t\t\t\t\t\t\t\t\t\t\t\t\t<\/button>\n\t\t\t\t\t\t\t<\/a>\n\t\t\t\t\t\t\t<a href=\"\/de\/download\/Inquiry\/\" target=\"_blank\">\n\t\t\t\t\t\t\t\t<button class=\"btn btn-primary is-external-link\">\n\t\t\t\t\t\t\t\t\t\t\t\t\t\t\t\t\t\t\tKontakt\t\t\t\t\t\t\t\t\t\t\t\t\t\t\t\t\t<\/button>\n\t\t\t\t\t\t\t<\/a>\n\t\t\t\t\t\t<\/div>\n\t\t\t\t\t<\/div>\n\t\t\t\t\t<div class=\"col-lg-5\">\n\t\t\t\t\t\t<div class=\"contact-footer-img\">\n\t\t\t\t\t\t\t\t\t\t\t\t\t\t<img decoding=\"async\" src=\"https:\/\/www.s-lecfilm.com\/wp-content\/uploads\/thankyou_hero-1-1-1024x576.webp\" alt=\"Those who want to know more about S-LEC\u2122 Film\">\n\t\t\t\t\t\t\t\t\t\t\t\t\t<\/div>\n\t\t\t\t\t<\/div>\n\t\t\t\t<\/div>\n\t\t\t<\/div>\n\t\t<\/div>\n\t<\/div>\n<\/div>\n","protected":false},"excerpt":{"rendered":"","protected":false},"author":14,"featured_media":0,"parent":0,"menu_order":214,"comment_status":"closed","ping_status":"closed","template":"","meta":{"_acf_changed":false,"_oasis_is_in_workflow":0,"_oasis_original":0,"om_disable_all_campaigns":false,"inline_featured_image":false,"_monsterinsights_skip_tracking":false,"_monsterinsights_sitenote_active":false,"_monsterinsights_sitenote_note":"","_monsterinsights_sitenote_category":0,"footnotes":""},"page_category":[106,132,120],"class_list":["post-19451","page","type-page","status-publish","hentry"],"acf":[],"aioseo_notices":[],"aioseo_head":"\n\t\t<!-- All in One SEO Pro 4.6.2 - aioseo.com -->\n\t\t<meta name=\"description\" content=\"Verbessern Sie die Schalld\u00e4mmung von Glas drastisch und sorgen Sie f\u00fcr eine ruhige Umgebung.\" \/>\n\t\t<meta name=\"robots\" content=\"max-image-preview:large\" \/>\n\t\t<meta name=\"google-site-verification\" content=\"LGoHK3imcI57fEDyHDnPGNxrBKyRAWvyS1_pmekTNEU\" \/>\n\t\t<link rel=\"canonical\" href=\"https:\/\/www.s-lecfilm.com\/de\/sustainability\/\" \/>\n\t\t<meta name=\"generator\" content=\"All in One SEO Pro (AIOSEO) 4.6.2\" \/>\n\t\t<meta property=\"og:locale\" content=\"de_DE\" \/>\n\t\t<meta property=\"og:site_name\" content=\"SEKISUI S-LEC\" \/>\n\t\t<meta property=\"og:type\" content=\"article\" \/>\n\t\t<meta property=\"og:title\" content=\"Nachhaltigkeit | Die PVB-Zwischenschicht von SEKISUI S-LEC f\u00fcr Laminiertes Glass\" \/>\n\t\t<meta property=\"og:description\" content=\"Verbessern Sie die Schalld\u00e4mmung von Glas drastisch und sorgen Sie f\u00fcr eine ruhige Umgebung.\" \/>\n\t\t<meta property=\"og:url\" content=\"https:\/\/www.s-lecfilm.com\/de\/sustainability\/\" \/>\n\t\t<meta property=\"og:image\" content=\"https:\/\/www.s-lecfilm.com\/wp-content\/uploads\/Hero_sustainability.webp\" \/>\n\t\t<meta property=\"og:image:secure_url\" content=\"https:\/\/www.s-lecfilm.com\/wp-content\/uploads\/Hero_sustainability.webp\" \/>\n\t\t<meta property=\"og:image:width\" content=\"1920\" \/>\n\t\t<meta property=\"og:image:height\" content=\"1019\" \/>\n\t\t<meta property=\"article:published_time\" content=\"2023-01-04T01:00:00+00:00\" \/>\n\t\t<meta property=\"article:modified_time\" content=\"2024-06-24T05:38:59+00:00\" \/>\n\t\t<meta name=\"twitter:card\" content=\"summary_large_image\" \/>\n\t\t<meta name=\"twitter:title\" content=\"Nachhaltigkeit | Die PVB-Zwischenschicht von SEKISUI S-LEC f\u00fcr Laminiertes Glass\" \/>\n\t\t<meta name=\"twitter:description\" content=\"Verbessern Sie die Schalld\u00e4mmung von Glas drastisch und sorgen Sie f\u00fcr eine ruhige Umgebung.\" \/>\n\t\t<meta name=\"twitter:image\" content=\"https:\/\/www.s-lecfilm.com\/wp-content\/uploads\/Hero_sustainability.webp\" \/>\n\t\t<script type=\"application\/ld+json\" class=\"aioseo-schema\">\n\t\t\t{\"@context\":\"https:\\\/\\\/schema.org\",\"@graph\":[{\"@type\":\"BreadcrumbList\",\"@id\":\"https:\\\/\\\/www.s-lecfilm.com\\\/de\\\/sustainability\\\/#breadcrumblist\",\"itemListElement\":[{\"@type\":\"ListItem\",\"@id\":\"https:\\\/\\\/www.s-lecfilm.com\\\/de\\\/#listItem\",\"position\":1,\"name\":\"Zu Hause\",\"item\":\"https:\\\/\\\/www.s-lecfilm.com\\\/de\\\/\",\"nextItem\":\"https:\\\/\\\/www.s-lecfilm.com\\\/de\\\/sustainability\\\/#listItem\"},{\"@type\":\"ListItem\",\"@id\":\"https:\\\/\\\/www.s-lecfilm.com\\\/de\\\/sustainability\\\/#listItem\",\"position\":2,\"name\":\"\\\/de\\\/sustainability\\\/\",\"previousItem\":\"https:\\\/\\\/www.s-lecfilm.com\\\/de\\\/#listItem\"}]},{\"@type\":\"Organization\",\"@id\":\"https:\\\/\\\/www.s-lecfilm.com\\\/de\\\/#organization\",\"name\":\"s-lecfilm\",\"url\":\"https:\\\/\\\/www.s-lecfilm.com\\\/de\\\/\"},{\"@type\":\"WebPage\",\"@id\":\"https:\\\/\\\/www.s-lecfilm.com\\\/de\\\/sustainability\\\/#webpage\",\"url\":\"https:\\\/\\\/www.s-lecfilm.com\\\/de\\\/sustainability\\\/\",\"name\":\"Nachhaltigkeit | Die PVB-Zwischenschicht von SEKISUI S-LEC f\\u00fcr Laminiertes Glass\",\"description\":\"Verbessern Sie die Schalld\\u00e4mmung von Glas drastisch und sorgen Sie f\\u00fcr eine ruhige Umgebung.\",\"inLanguage\":\"de-DE\",\"isPartOf\":{\"@id\":\"https:\\\/\\\/www.s-lecfilm.com\\\/de\\\/#website\"},\"breadcrumb\":{\"@id\":\"https:\\\/\\\/www.s-lecfilm.com\\\/de\\\/sustainability\\\/#breadcrumblist\"},\"datePublished\":\"2023-01-04T10:00:00+09:00\",\"dateModified\":\"2024-06-24T14:38:59+09:00\"},{\"@type\":\"WebSite\",\"@id\":\"https:\\\/\\\/www.s-lecfilm.com\\\/de\\\/#website\",\"url\":\"https:\\\/\\\/www.s-lecfilm.com\\\/de\\\/\",\"name\":\"s-lecfilm\",\"inLanguage\":\"de-DE\",\"publisher\":{\"@id\":\"https:\\\/\\\/www.s-lecfilm.com\\\/de\\\/#organization\"}}]}\n\t\t<\/script>\n\t\t<!-- All in One SEO Pro -->\r\n\t\t<title>Nachhaltigkeit | Die PVB-Zwischenschicht von SEKISUI S-LEC f\u00fcr Laminiertes Glass<\/title>\n\n","aioseo_head_json":{"title":"Nachhaltigkeit | Die PVB-Zwischenschicht von SEKISUI S-LEC f\u00fcr Laminiertes Glass","description":"Verbessern Sie die Schalld\u00e4mmung von Glas drastisch und sorgen Sie f\u00fcr eine ruhige Umgebung.","canonical_url":"https:\/\/www.s-lecfilm.com\/de\/sustainability\/","robots":"max-image-preview:large","keywords":"","webmasterTools":{"google-site-verification":"LGoHK3imcI57fEDyHDnPGNxrBKyRAWvyS1_pmekTNEU","miscellaneous":""},"og:locale":"de_DE","og:site_name":"SEKISUI S-LEC","og:type":"article","og:title":"Nachhaltigkeit | Die PVB-Zwischenschicht von SEKISUI S-LEC f\u00fcr Laminiertes Glass","og:description":"Verbessern Sie die Schalld\u00e4mmung von Glas drastisch und sorgen Sie f\u00fcr eine ruhige Umgebung.","og:url":"https:\/\/www.s-lecfilm.com\/de\/sustainability\/","og:image":"https:\/\/www.s-lecfilm.com\/wp-content\/uploads\/Hero_sustainability.webp","og:image:secure_url":"https:\/\/www.s-lecfilm.com\/wp-content\/uploads\/Hero_sustainability.webp","og:image:width":1920,"og:image:height":1019,"article:published_time":"2023-01-04T01:00:00+00:00","article:modified_time":"2024-06-24T05:38:59+00:00","twitter:card":"summary_large_image","twitter:title":"Nachhaltigkeit | Die PVB-Zwischenschicht von SEKISUI S-LEC f\u00fcr Laminiertes Glass","twitter:description":"Verbessern Sie die Schalld\u00e4mmung von Glas drastisch und sorgen Sie f\u00fcr eine ruhige Umgebung.","twitter:image":"https:\/\/www.s-lecfilm.com\/wp-content\/uploads\/Hero_sustainability.webp","schema":{"@context":"https:\/\/schema.org","@graph":[{"@type":"BreadcrumbList","@id":"https:\/\/www.s-lecfilm.com\/de\/sustainability\/#breadcrumblist","itemListElement":[{"@type":"ListItem","@id":"https:\/\/www.s-lecfilm.com\/de\/#listItem","position":1,"name":"Zu Hause","item":"https:\/\/www.s-lecfilm.com\/de\/","nextItem":"https:\/\/www.s-lecfilm.com\/de\/sustainability\/#listItem"},{"@type":"ListItem","@id":"https:\/\/www.s-lecfilm.com\/de\/sustainability\/#listItem","position":2,"name":"\/de\/sustainability\/","previousItem":"https:\/\/www.s-lecfilm.com\/de\/#listItem"}]},{"@type":"Organization","@id":"https:\/\/www.s-lecfilm.com\/de\/#organization","name":"s-lecfilm","url":"https:\/\/www.s-lecfilm.com\/de\/"},{"@type":"WebPage","@id":"https:\/\/www.s-lecfilm.com\/de\/sustainability\/#webpage","url":"https:\/\/www.s-lecfilm.com\/de\/sustainability\/","name":"Nachhaltigkeit | Die PVB-Zwischenschicht von SEKISUI S-LEC f\u00fcr Laminiertes Glass","description":"Verbessern Sie die Schalld\u00e4mmung von Glas drastisch und sorgen Sie f\u00fcr eine ruhige Umgebung.","inLanguage":"de-DE","isPartOf":{"@id":"https:\/\/www.s-lecfilm.com\/de\/#website"},"breadcrumb":{"@id":"https:\/\/www.s-lecfilm.com\/de\/sustainability\/#breadcrumblist"},"datePublished":"2023-01-04T10:00:00+09:00","dateModified":"2024-06-24T14:38:59+09:00"},{"@type":"WebSite","@id":"https:\/\/www.s-lecfilm.com\/de\/#website","url":"https:\/\/www.s-lecfilm.com\/de\/","name":"s-lecfilm","inLanguage":"de-DE","publisher":{"@id":"https:\/\/www.s-lecfilm.com\/de\/#organization"}}]}},"aioseo_meta_data":{"post_id":"19451","title":"Nachhaltigkeit | Die PVB-Zwischenschicht von SEKISUI S-LEC f\u00fcr Laminiertes Glass","description":"Verbessern Sie die Schalld\u00e4mmung von Glas drastisch und sorgen Sie f\u00fcr eine ruhige Umgebung.","keywords":null,"keyphrases":"{\"focus\":{\"keyphrase\":\"\",\"score\":0,\"analysis\":{\"keyphraseInTitle\":{\"score\":0,\"maxScore\":9,\"error\":1}}},\"additional\":[]}","primary_term":null,"canonical_url":null,"og_title":null,"og_description":null,"og_object_type":"default","og_image_type":"custom_image","og_image_url":"https:\/\/www.s-lecfilm.com\/wp-content\/uploads\/Hero_sustainability.webp","og_image_width":"1920","og_image_height":"1019","og_image_custom_url":"https:\/\/www.s-lecfilm.com\/wp-content\/uploads\/Hero_sustainability.webp","og_image_custom_fields":null,"og_video":"","og_custom_url":null,"og_article_section":null,"og_article_tags":null,"twitter_use_og":false,"twitter_card":"default","twitter_image_type":"custom_image","twitter_image_url":"https:\/\/www.s-lecfilm.com\/wp-content\/uploads\/Hero_sustainability.webp","twitter_image_custom_url":"https:\/\/www.s-lecfilm.com\/wp-content\/uploads\/Hero_sustainability.webp","twitter_image_custom_fields":null,"twitter_title":null,"twitter_description":null,"schema":{"blockGraphs":[],"customGraphs":[],"default":{"data":{"Article":[],"Course":[],"Dataset":[],"FAQPage":[],"Movie":[],"Person":[],"Product":[],"Recipe":[],"Service":[],"SoftwareApplication":[],"WebPage":[]},"graphName":"WebPage","isEnabled":true},"graphs":[]},"schema_type":"default","schema_type_options":null,"pillar_content":false,"robots_default":true,"robots_noindex":false,"robots_noarchive":false,"robots_nosnippet":false,"robots_nofollow":false,"robots_noimageindex":false,"robots_noodp":false,"robots_notranslate":false,"robots_max_snippet":"-1","robots_max_videopreview":"-1","robots_max_imagepreview":"large","priority":null,"frequency":"default","local_seo":null,"limit_modified_date":false,"reviewed_by":null,"open_ai":{"title":{"suggestions":[],"usage":0},"description":{"suggestions":[],"usage":0}},"created":"2024-03-20 22:45:56","updated":"2024-06-24 05:39:40"},"aioseo_breadcrumb":"<div class=\"aioseo-breadcrumbs\"><span class=\"aioseo-breadcrumb\">\n\t<a href=\"https:\/\/www.s-lecfilm.com\/de\/\" title=\"\u30db\u30fc\u30e0\">\u30db\u30fc\u30e0<\/a>\n<\/span><span class=\"aioseo-breadcrumb-separator\">&raquo;<\/span><span class=\"aioseo-breadcrumb\">\n\t\/de\/sustainability\/\n<\/span><\/div>","aioseo_breadcrumb_json":[{"label":"\u30db\u30fc\u30e0","link":"https:\/\/www.s-lecfilm.com\/de\/"},{"label":"\/de\/sustainability\/","link":"https:\/\/www.s-lecfilm.com\/de\/sustainability\/"}],"_links":{"self":[{"href":"https:\/\/www.s-lecfilm.com\/de\/wp-json\/wp\/v2\/pages\/19451"}],"collection":[{"href":"https:\/\/www.s-lecfilm.com\/de\/wp-json\/wp\/v2\/pages"}],"about":[{"href":"https:\/\/www.s-lecfilm.com\/de\/wp-json\/wp\/v2\/types\/page"}],"author":[{"embeddable":true,"href":"https:\/\/www.s-lecfilm.com\/de\/wp-json\/wp\/v2\/users\/14"}],"replies":[{"embeddable":true,"href":"https:\/\/www.s-lecfilm.com\/de\/wp-json\/wp\/v2\/comments?post=19451"}],"version-history":[{"count":12,"href":"https:\/\/www.s-lecfilm.com\/de\/wp-json\/wp\/v2\/pages\/19451\/revisions"}],"predecessor-version":[{"id":23557,"href":"https:\/\/www.s-lecfilm.com\/de\/wp-json\/wp\/v2\/pages\/19451\/revisions\/23557"}],"wp:attachment":[{"href":"https:\/\/www.s-lecfilm.com\/de\/wp-json\/wp\/v2\/media?parent=19451"}],"wp:term":[{"taxonomy":"page_category","embeddable":true,"href":"https:\/\/www.s-lecfilm.com\/de\/wp-json\/wp\/v2\/page_category?post=19451"}],"curies":[{"name":"wp","href":"https:\/\/api.w.org\/{rel}","templated":true}]}}