{"id":18134,"date":"2023-10-05T15:31:40","date_gmt":"2023-10-05T06:31:40","guid":{"rendered":"https:\/\/www.s-lecfilm.com\/en-news\/en-news-hud-solar\/"},"modified":"2024-03-11T13:27:23","modified_gmt":"2024-03-11T04:27:23","slug":"en-news-hud-solar","status":"publish","type":"page","link":"https:\/\/www.s-lecfilm.com\/de\/news\/HUD-solar\/","title":{"rendered":"\/de\/news\/HUD-solar\/"},"content":{"rendered":"<div class=\"frame pt-0\" style=\"clear: both;\">\n\t<div class=\"hero-flame\" style=\"height:62vh;margin:0;\">\n\t\t<div class=\"hero-flame-bg\">\n\t\t\t<img loading=\"lazy\" decoding=\"async\" class=\"hero-flame-bg-img\" src=\"https:\/\/www.s-lecfilm.com\/wp-content\/uploads\/HUD-solar_hero.webp\" width=\"1920\" height=\"1281\" alt=\"A woman experiences a projected image by S-LEC\u2122 Wedge-shaped Interlayer for a head-up display\" style=\"object-position:0% 75%;\">\n\t\t<\/div>\n\t\t<div class=\"hero-flame-content\">\n\t\t\t\t\t\t\t<div class=\"hero-text\">\n\t\t\t\t\t<div class=\"hero-text-title\">\n\t\t\t\t\t\tL\u00f6sungen f\u00fcr Head-up Displays<br>durch die Funktion Solar Kontrolle\t\t\t\t\t<\/div>\n\t\t\t\t\t\t\t\t\t<\/div>\n\t\t\t\t<\/div>\n\t<\/div>\n<\/div>\n\n<div class=\"frame pt-0 pb-0\">\n\t\n<div class=\"container pb-0 mb-0\">\n\t\n<H2 class=\"c-title-level02 section-subtitle\">S-LEC\u2122 Wedge Shaped Film f\u00fcr Head-up Display<\/H2>\n\n<div class=\"container\">\r\n\t<div class=\"container\">\r\n\t\t<div class=\"section-flame\">\r\n\t\t\t<div class=\"row justify-content-end align-items-center\">\r\n\t\t\t\t\t\t\t\t\t<div class=\"col-lg-6 order-0\">\r\n\t\t\t\t\t\t<div class=\"youtube_wrap\">\n\t<div class=\"youtube_area un_youtube_area\">\n\t\t<script src=\"https:\/\/www.youtube.com\/iframe_api\"><\/script>\n\t\t<iframe loading=\"lazy\" data-cookieconsent=\"necessary\" width=\"560\" height=\"315\" src=\"\/\/www.youtube.com\/embed\/F-mM9m-Aw7g?enablejsapi=1&amp;origin=https%3A%2F%2Fwww.s-lecfilm.com\" title=\"\" frameborder=\"0\" allow=\"accelerometer; autoplay; clipboard-write; encrypted-media; gyroscope; picture-in-picture\" allowfullscreen=\"\" data-gtm-yt-inspected-7440638_38=\"true\" id=\"900282223\"><\/iframe>\n\t<\/div>\n<\/div>\n\t\t\t\t\t<\/div>\r\n\t\t\t\t\t<div class=\"col-lg-6 order-1\">\r\n\t\t\t\t\t\t<div class=\"feature-cont\">\n\t<div class=\"feature-cont-title\"><\/div>\n\t<div class=\"feature-cont-text\">\n\t\tEin Head-up Display (HUD) ist ein sicheres Fahrsystem, das Informationen auf die Windschutzscheibe vor dem Fahrersitz projiziert, z. B. Fahrgeschwindigkeit, Fahrspur, Navigation und andere wichtige Fahrinformationen. HUDs werden zunehmend eingesetzt, um die Sicherheit in Fahrsituationen zu erh\u00f6hen, die sofortige Entscheidungen erfordern, und um Erm\u00fcdungserscheinungen zu verringern, indem die Augenbewegungen des Fahrers reduziert werden.<br \/>\n<br \/>\nBei einer Standard-Windschutzscheibe tritt das Problem auf, dass das HUD-Bild aufgrund der Lichtbrechung als Doppelbild erscheint, was die Sicht beeintr\u00e4chtigt. Um ein klares Bild zu projizieren, muss man die Lichtbrechung genau kontrollieren.<br \/>\n<br \/>\nS-LEC\u2122 Wedge Shaped Film steuert die Lichtbrechung mit hoher Pr\u00e4zision, indem er die Zwischenschicht keilf\u00f6rmig formt, um das vom HUD auf die Windschutzscheibe projizierte Bild anzuzeigen.\t<\/div>\n<\/div>\n<div class=\"row d-brochure-bg-btn-wrap justify-content-end with-accent align-items-center mt-4 mx-0\">\n\t\t<div class=\"col-lg-5 d-brochure-bg-btn is-inner-btn with-accent\">\n\t\t\t<\/div>\n<\/div>\t\t\t\t\t<\/div>\r\n\t\t\t\t\t\t\t<\/div>\r\n\t\t<\/div>\r\n\t<\/div>\r\n<\/div>\r\n\n\n\n<p><\/p>\n\n\n&nbsp;\n\n\n<p><\/p>\n\n\n<H2 class=\"c-title-level02 section-subtitle\">Kombination mit Sonnenschutzfunktion<\/H2>\n\n<div class=\"c-layout-frame section-flame\">\n\t\t<div class=\"row align-items-center\">\n\t\t<div class=\"col-lg-6 order-lg-1 order-0\">\n\t\t\t<div class=\"feature-img text-left\">\n\t\t\t\t\t\t\t\t<img decoding=\"async\" src=\"https:\/\/www.s-lecfilm.com\/wp-content\/uploads\/solar-lineup_en_02-1-1024x620.webp\"  alt=\"Diagram of S-LEC\u2122 Solar Control Film blocking infrared and UV light\">\n\t\t\t\t\t\t\t<\/div>\n\t\t<\/div>\n\t\t<div class=\"col-lg-6 order-lg-0 order-1\">\n\t\t\t<div class=\"feature-cont\">\n\t\t\t\t<div class=\"acf-innerblocks-container\">\n\n<p>Wir bieten eine Kombination aus S-LEC\u2122 Wedge Shaped Film und Solar Kontrolle an.<\/p>\n\n\n\n<p>S-LEC\u2122 Wedge Shaped Film mit Solar Kontrolle blockiert infrarote und ultraviolette (UV) Strahlen, w\u00e4hrend sichtbares Licht durchgelassen wird, um eine klare Sicht zu gew\u00e4hrleisten. Das h\u00e4lt den Innenraum k\u00fchl und sch\u00fctzt Fahrer und Passagiere vor der Sonneneinstrahlung.<\/p>\n\n\n\n<p>S-LEC\u2122 Wedge Shaped Film mit Solar Kontrolle bietet ein klares HUD-Projektionsbild f\u00fcr eine sichere und komfortable Fahrumgebung.<\/p>\n\n<\/div>\t\t\t<\/div>\n\t\t<\/div>\n\t<\/div>\n\t<\/div>\n\n\n<H1 class=\"c-title-level02 section-subtitle\">L\u00f6sungen f\u00fcr Head-up Displays<\/H1>\n\n<div class=\"c-layout-frame section-flame\">\n\t\t<div class=\"row align-items-center\">\n\t\t<div class=\"col-lg-6\">\n\t\t\t<div class=\"feature-img text-left\">\n\t\t\t\t\t\t\t\t<img decoding=\"async\" src=\"https:\/\/www.s-lecfilm.com\/wp-content\/uploads\/shutterstock_1898014777-1024x683.webp\"  alt=\"Solutions to protect HUD units from sunlight\">\n\t\t\t\t\t\t\t<\/div>\n\t\t<\/div>\n\t\t<div class=\"col-lg-6\">\n\t\t\t<div class=\"feature-cont\">\n\t\t\t\t<div class=\"acf-innerblocks-container\">\n<Div class=\"c-title-level03 feature-cont-title\">\n\t\tSch\u00fctzen Sie die HUD-Einheit vor Sonnenlicht<\/Div>\n\n\n\n<p>Ein HUD besteht aus einem Lichtprojektor, konkaven und reflektierenden Spiegeln sowie einer transparenten Platte, die als Blendschutz dient und in das Armaturenbrett des Fahrzeugs eingebaut wird.<\/p>\n\n\n\n<p>Die HUD-Einheit ist starker Sonneneinstrahlung ausgesetzt. In den letzten Jahren haben Augmented Reality Head-up Displays (AR-HUD), die gro\u00dfe Bildschirme projizieren, Aufmerksamkeit erregt. Die HUD-Einheit wird immer gr\u00f6\u00dfer, um mehr Informationen \u00fcber einen gr\u00f6\u00dferen Bereich zu projizieren, und es besteht die Sorge, dass die HUD-Einheit durch die Hitzeentwicklung des Sonnenlichts besch\u00e4digt wird.<\/p>\n\n\n\n<p>S-LEC\u2122 Wedge Shaped Film mit Solar Kontrolle Funktion reduziert die Auswirkungen der Sonneneinstrahlung und die Belastung der HUD-Einheit. Von SEKISUI S-LEC und seinen Partnern durchgef\u00fchrte Labortests haben best\u00e4tigt, dass S-LEC\u2122 Wedge Shaped Film mit Solar Kontrolle den Temperaturanstieg auf dem TFT in der HUD-Einheit um 7\u00b0C im Vergleich zu einer Standard-Windschutzscheibe reduziert.<\/p>\n\n<\/div>\t\t\t<\/div>\n\t\t<\/div>\n\t<\/div>\n\t<\/div>\n\n\n<div class=\"c-layout-frame section-flame\">\n\t\t<div class=\"row align-items-center\">\n\t\t<div class=\"col-lg-6 order-lg-1 order-0\">\n\t\t\t<div class=\"feature-img text-left\">\n\t\t\t\t\t\t\t\t<img decoding=\"async\" src=\"https:\/\/www.s-lecfilm.com\/wp-content\/uploads\/3de2b61b0d868df4fa7316c1afbd6aa6-1024x897.webp\"  alt=\"Heat shielding function without metal coating\">\n\t\t\t\t\t\t\t<\/div>\n\t\t<\/div>\n\t\t<div class=\"col-lg-6 order-lg-0 order-1\">\n\t\t\t<div class=\"feature-cont\">\n\t\t\t\t<div class=\"acf-innerblocks-container\">\n<Div class=\"c-title-level03 feature-cont-title\">\n\t\tSolar Kontrolle Funktion ohne Metallbeschichtung<\/Div>\n\n\n\n<p>Bei der Projektion von HUD-Bildern auf metallbeschichtetes Glas kann das projizierte HUD-Bild aufgrund von Lichtreflexionen an der Beschichtung unscharf erscheinen, oder die Metallbeschichtung kann die Funk\u00fcbertragung behindern.<\/p>\n\n\n\n<p>S-LEC\u2122 Wedge Shaped Film mit Solar Control-Funktion blockiert die Infrarotstrahlen des Sonnenlichts als W\u00e4rmequelle, indem IR-Cut-Partikel in der PVB-Zwischenschicht verteilt werden, was zu einem klaren Bild f\u00fchrt. Dar\u00fcber hinaus blockiert S-LEC\u2122 Wedge Shaped Film mit Solar Kontrolle keine Funkwellen und erm\u00f6glicht die \u00dcbertragung von Funkwellen in den meisten Frequenzb\u00e4ndern. Fahrer und Beifahrer k\u00f6nnen im Auto bequem mit dem Handy telefonieren und Ger\u00e4te wie ETC nutzen, ohne die Kommunikationsumgebung zu beeintr\u00e4chtigen.<\/p>\n\n\n\n<p>Die L\u00f6sung von SEKISUI S-LEC sorgt f\u00fcr ein klares HUD-Projektionsbild und komfortables Fahren ohne Funkwellenabschirmung.<\/p>\n\n<\/div>\t\t\t<\/div>\n\t\t<\/div>\n\t<\/div>\n\t<\/div>\n\n\n<div class=\"c-layout-frame section-flame\">\n\t\t<div class=\"row align-items-center\">\n\t\t<div class=\"col-lg-6\">\n\t\t\t<div class=\"feature-img text-left\">\n\t\t\t\t\t\t\t\t<img decoding=\"async\" src=\"https:\/\/www.s-lecfilm.com\/wp-content\/uploads\/HUD-solar_contents1-1024x683.webp\"  alt=\"A car kept at a comfortable temperature with a heat shielding function in the S-LEC\u2122 Film\">\n\t\t\t\t\t\t\t<\/div>\n\t\t<\/div>\n\t\t<div class=\"col-lg-6\">\n\t\t\t<div class=\"feature-cont\">\n\t\t\t\t<div class=\"acf-innerblocks-container\">\n<Div class=\"c-title-level03 feature-cont-title\">\n\t\tThermischer Komfort<\/Div>\n\n\n\n<p>Ein Fahrzeugtest, bei dem herk\u00f6mmliches Glas und S-LEC\u2122 Solar Control Film im selben Auto verglichen wurden, hat best\u00e4tigt, dass S-LEC\u2122 Solar Control Film die Temperatur um maximal 7\u00b0C senkt.<\/p>\n\n\n\n<p>S-LEC\u2122 Solar Control Film reduziert effizient die W\u00e4rme bei 1550nm Wellenl\u00e4nge des Spektrums, wo die menschliche Haut am empfindlichsten auf W\u00e4rme reagiert. In einer Umfrage, in der der thermische Komfort von Standard-Laminiertem Glass und S-LEC\u2122 Solar Control Film verglichen wurde, gaben 94 % der Befragten an, dass die W\u00e4rmereduzierung deutlich sp\u00fcrbar ist.<\/p>\n\n\n\n<p>S-LEC\u2122 Wedge Shaped Film mit Solar Kontrolle reduziert den durch Sonneneinstrahlung verursachten Temperaturanstieg und sorgt daf\u00fcr, dass der Innenraum des Fahrzeugs unabh\u00e4ngig von der Hitze drau\u00dfen angenehm bleibt.<\/p>\n\n<\/div>\t\t\t<\/div>\n\t\t<\/div>\n\t<\/div>\n\t<\/div>\n\n\n<H2 class=\"c-title-level02 section-subtitle\">Unsere Dienstleistungen f\u00fcr Ihre Entwicklung<\/H2>\n\n<div class=\"c-layout-frame section-flame\">\n\t\t<div class=\"row align-items-center\">\n\t\t<div class=\"col-lg-6 order-lg-1 order-0\">\n\t\t\t<div class=\"feature-img text-center\">\n\t\t\t\t\t\t\t\t<img decoding=\"async\" src=\"https:\/\/www.s-lecfilm.com\/wp-content\/uploads\/shutterstock_2076774124-1024x576-1-1-1-1024x576.webp\"  alt=\"Glass development support from project design and proposes optimal solutions\">\n\t\t\t\t\t\t\t<\/div>\n\t\t<\/div>\n\t\t<div class=\"col-lg-6 order-lg-0 order-1\">\n\t\t\t<div class=\"feature-cont\">\n\t\t\t\t<div class=\"acf-innerblocks-container\">\n\n<p>Wir bieten Ihnen unsere flexiblen Dienstleistungen und Anpassungsm\u00f6glichkeiten an. Beziehen Sie unser Beratungsteam in die Designphase Ihres Projekts ein. Auf diese Weise k\u00f6nnen wir Sie bei der Entwicklung einer ma\u00dfgeschneiderten L\u00f6sung unterst\u00fctzen, die Ihren Anforderungen entspricht. Mit unseren zahlreichen Produktionsstandorten rund um den Globus gibt es immer eine M\u00f6glichkeit, Sie einem unserer Experten in Ihrer N\u00e4he vorzustellen.<\/p>\n\n\n\n<p>Bitte setzen Sie sich mit uns in Verbindung, wenn Sie mehr \u00fcber unsere L\u00f6sungen erfahren m\u00f6chten.<\/p>\n\n\n\n<ul class=\"wp-block-list\">\n<li>Details \u00fcber unsere L\u00f6sungen oder Produkte<\/li>\n\n\n\n<li>Musteranfrage<\/li>\n\n\n\n<li>Zusammenarbeit mit SEKISUI S-LEC<\/li>\n\n\n\n<li>Vertriebsunterst\u00fctzung f\u00fcr Ihr Unternehmen<\/li>\n\n\n\n<li>Technische Unterst\u00fctzung f\u00fcr Ihre Entwicklung<\/li>\n\n\n\n<li>Ber\u00fccksichtigung in Ihrem Projekt<\/li>\n<\/ul>\n\n\n<div class=\"c-button-type01 row justify-content-center\">\n\t<div class=\"col-lg-5 d-brochure-bg-btn is-inner-btn btn-size-medium\">\n\t\t<a href=\"\/de\/download\/Inquiry\/\" target=\"_blank\">\n\t\t\t<button type=\"button\" class=\"btn btn-primary\">Kontakt<\/button>\n\t\t<\/a>\n\t<\/div>\n<\/div>\n\n<\/div>\t\t\t<\/div>\n\t\t<\/div>\n\t<\/div>\n\t<\/div>\n\n<\/div>\n\n<\/div>\n\n\n\n<div class=\"frame is-bg-img c-more-detail \">\n\t<div class=\"container\">\n\t\t<div class=\"row justify-content-center\">\n\t\t\t<div class=\"col-lg-10\">\n\t\t\t\t<div class=\"row\">\n\t\t\t\t\t<div class=\"col-lg-7 mb-5 mb-lg-0\">\n\t\t\t\t\t\t<div class=\"contact-footer-text\">\n\t\t\t\t\t\t\tM\u00f6chten Sie mehr erfahren?\t\t\t\t\t\t<\/div>\n\t\t\t\t\t\t<div class=\"contact-footer-btn\">\n\t\t\t\t\t\t\t<a href=\"\/de\/download\/all\/\" target=\"_blank\">\n\t\t\t\t\t\t\t\t<button class=\"btn btn-primary fa-download-check\">\n\t\t\t\t\t\t\t\t\t\t\t\t\t\t\t\t\t\t\tDownloads\t\t\t\t\t\t\t\t\t\t\t\t\t\t\t\t\t<\/button>\n\t\t\t\t\t\t\t<\/a>\n\t\t\t\t\t\t\t<a href=\"\/de\/download\/Inquiry\/\" target=\"_blank\">\n\t\t\t\t\t\t\t\t<button class=\"btn btn-primary is-external-link\">\n\t\t\t\t\t\t\t\t\t\t\t\t\t\t\t\t\t\t\tKontakt\t\t\t\t\t\t\t\t\t\t\t\t\t\t\t\t\t<\/button>\n\t\t\t\t\t\t\t<\/a>\n\t\t\t\t\t\t<\/div>\n\t\t\t\t\t<\/div>\n\t\t\t\t\t<div class=\"col-lg-5\">\n\t\t\t\t\t\t<div class=\"contact-footer-img\">\n\t\t\t\t\t\t\t\t\t\t\t\t\t\t<img decoding=\"async\" src=\"https:\/\/www.s-lecfilm.com\/wp-content\/uploads\/thankyou_hero-1-1-1024x576.webp\" alt=\"Those who want to know more about S-LEC\u2122 Film\">\n\t\t\t\t\t\t\t\t\t\t\t\t\t<\/div>\n\t\t\t\t\t<\/div>\n\t\t\t\t<\/div>\n\t\t\t<\/div>\n\t\t<\/div>\n\t<\/div>\n<\/div>\n","protected":false},"excerpt":{"rendered":"","protected":false},"author":14,"featured_media":0,"parent":17041,"menu_order":76,"comment_status":"closed","ping_status":"closed","template":"","meta":{"_acf_changed":false,"_oasis_is_in_workflow":0,"_oasis_original":0,"om_disable_all_campaigns":false,"inline_featured_image":false,"_monsterinsights_skip_tracking":false,"_monsterinsights_sitenote_active":false,"_monsterinsights_sitenote_note":"","_monsterinsights_sitenote_category":0,"footnotes":""},"page_category":[120],"class_list":["post-18134","page","type-page","status-publish","hentry"],"acf":[],"aioseo_notices":[],"aioseo_head":"\n\t\t<!-- All in One SEO Pro 4.6.2 - aioseo.com -->\n\t\t<meta name=\"description\" content=\"S-LEC\u2122 Wedge Shaped Film mit Solar Kontrolle sch\u00fctzt die HUD-Einheit vor Sonnenlicht und sorgt so f\u00fcr ein klares, projiziertes HUD-Bild und Komfort.\" \/>\n\t\t<meta name=\"robots\" content=\"max-image-preview:large\" \/>\n\t\t<meta name=\"google-site-verification\" content=\"LGoHK3imcI57fEDyHDnPGNxrBKyRAWvyS1_pmekTNEU\" \/>\n\t\t<link rel=\"canonical\" href=\"https:\/\/www.s-lecfilm.com\/de\/news\/HUD-solar\/\" \/>\n\t\t<meta name=\"generator\" content=\"All in One SEO Pro (AIOSEO) 4.6.2\" \/>\n\t\t<meta property=\"og:locale\" content=\"de_DE\" \/>\n\t\t<meta property=\"og:site_name\" content=\"SEKISUI S-LEC\" \/>\n\t\t<meta property=\"og:type\" content=\"article\" \/>\n\t\t<meta property=\"og:title\" content=\"L\u00f6sungen f\u00fcr Head-up Displays durch die Funktion der Solarsteuerung\" \/>\n\t\t<meta property=\"og:description\" content=\"S-LEC\u2122 Wedge Shaped Film mit Solar Kontrolle sch\u00fctzt die HUD-Einheit vor Sonnenlicht und sorgt so f\u00fcr ein klares, projiziertes HUD-Bild und Komfort.\" \/>\n\t\t<meta property=\"og:url\" content=\"https:\/\/www.s-lecfilm.com\/de\/news\/HUD-solar\/\" \/>\n\t\t<meta property=\"og:image\" content=\"https:\/\/www.s-lecfilm.com\/wp-content\/uploads\/HUD_contents_equipment-1.webp\" \/>\n\t\t<meta property=\"og:image:secure_url\" content=\"https:\/\/www.s-lecfilm.com\/wp-content\/uploads\/HUD_contents_equipment-1.webp\" \/>\n\t\t<meta property=\"og:image:width\" content=\"1200\" \/>\n\t\t<meta property=\"og:image:height\" content=\"801\" \/>\n\t\t<meta property=\"article:published_time\" content=\"2023-10-05T06:31:40+00:00\" \/>\n\t\t<meta property=\"article:modified_time\" content=\"2024-03-11T04:27:23+00:00\" \/>\n\t\t<meta name=\"twitter:card\" content=\"summary_large_image\" \/>\n\t\t<meta name=\"twitter:title\" content=\"L\u00f6sungen f\u00fcr Head-up Displays durch die Funktion der Solarsteuerung\" \/>\n\t\t<meta name=\"twitter:description\" content=\"S-LEC\u2122 Wedge Shaped Film mit Solar Kontrolle sch\u00fctzt die HUD-Einheit vor Sonnenlicht und sorgt so f\u00fcr ein klares, projiziertes HUD-Bild und Komfort.\" \/>\n\t\t<meta name=\"twitter:image\" content=\"https:\/\/www.s-lecfilm.com\/wp-content\/uploads\/2023\/01\/Open-Graph-Image.png\" \/>\n\t\t<script type=\"application\/ld+json\" class=\"aioseo-schema\">\n\t\t\t{\"@context\":\"https:\\\/\\\/schema.org\",\"@graph\":[{\"@type\":\"BreadcrumbList\",\"@id\":\"https:\\\/\\\/www.s-lecfilm.com\\\/de\\\/news\\\/HUD-solar\\\/#breadcrumblist\",\"itemListElement\":[{\"@type\":\"ListItem\",\"@id\":\"https:\\\/\\\/www.s-lecfilm.com\\\/de\\\/#listItem\",\"position\":1,\"name\":\"Zu Hause\",\"item\":\"https:\\\/\\\/www.s-lecfilm.com\\\/de\\\/\",\"nextItem\":\"https:\\\/\\\/www.s-lecfilm.com\\\/de\\\/news\\\/#listItem\"},{\"@type\":\"ListItem\",\"@id\":\"https:\\\/\\\/www.s-lecfilm.com\\\/de\\\/news\\\/#listItem\",\"position\":2,\"name\":\"\\\/de\\\/news\\\/\",\"item\":\"https:\\\/\\\/www.s-lecfilm.com\\\/de\\\/news\\\/\",\"nextItem\":\"https:\\\/\\\/www.s-lecfilm.com\\\/de\\\/news\\\/HUD-solar\\\/#listItem\",\"previousItem\":\"https:\\\/\\\/www.s-lecfilm.com\\\/de\\\/#listItem\"},{\"@type\":\"ListItem\",\"@id\":\"https:\\\/\\\/www.s-lecfilm.com\\\/de\\\/news\\\/HUD-solar\\\/#listItem\",\"position\":3,\"name\":\"\\\/de\\\/news\\\/HUD-solar\\\/\",\"previousItem\":\"https:\\\/\\\/www.s-lecfilm.com\\\/de\\\/news\\\/#listItem\"}]},{\"@type\":\"Organization\",\"@id\":\"https:\\\/\\\/www.s-lecfilm.com\\\/de\\\/#organization\",\"name\":\"s-lecfilm\",\"url\":\"https:\\\/\\\/www.s-lecfilm.com\\\/de\\\/\"},{\"@type\":\"WebPage\",\"@id\":\"https:\\\/\\\/www.s-lecfilm.com\\\/de\\\/news\\\/HUD-solar\\\/#webpage\",\"url\":\"https:\\\/\\\/www.s-lecfilm.com\\\/de\\\/news\\\/HUD-solar\\\/\",\"name\":\"L\\u00f6sungen f\\u00fcr Head-up Displays durch die Funktion der Solarsteuerung\",\"description\":\"S-LEC\\u2122 Wedge Shaped Film mit Solar Kontrolle sch\\u00fctzt die HUD-Einheit vor Sonnenlicht und sorgt so f\\u00fcr ein klares, projiziertes HUD-Bild und Komfort.\",\"inLanguage\":\"de-DE\",\"isPartOf\":{\"@id\":\"https:\\\/\\\/www.s-lecfilm.com\\\/de\\\/#website\"},\"breadcrumb\":{\"@id\":\"https:\\\/\\\/www.s-lecfilm.com\\\/de\\\/news\\\/HUD-solar\\\/#breadcrumblist\"},\"datePublished\":\"2023-10-05T15:31:40+09:00\",\"dateModified\":\"2024-03-11T13:27:23+09:00\"},{\"@type\":\"WebSite\",\"@id\":\"https:\\\/\\\/www.s-lecfilm.com\\\/de\\\/#website\",\"url\":\"https:\\\/\\\/www.s-lecfilm.com\\\/de\\\/\",\"name\":\"s-lecfilm\",\"inLanguage\":\"de-DE\",\"publisher\":{\"@id\":\"https:\\\/\\\/www.s-lecfilm.com\\\/de\\\/#organization\"}}]}\n\t\t<\/script>\n\t\t<!-- All in One SEO Pro -->\r\n\t\t<title>L\u00f6sungen f\u00fcr Head-up Displays durch die Funktion der Solarsteuerung<\/title>\n\n","aioseo_head_json":{"title":"L\u00f6sungen f\u00fcr Head-up Displays durch die Funktion der Solarsteuerung","description":"S-LEC\u2122 Wedge Shaped Film mit Solar Kontrolle sch\u00fctzt die HUD-Einheit vor Sonnenlicht und sorgt so f\u00fcr ein klares, projiziertes HUD-Bild und Komfort.","canonical_url":"https:\/\/www.s-lecfilm.com\/de\/news\/HUD-solar\/","robots":"max-image-preview:large","keywords":"","webmasterTools":{"google-site-verification":"LGoHK3imcI57fEDyHDnPGNxrBKyRAWvyS1_pmekTNEU","miscellaneous":""},"og:locale":"de_DE","og:site_name":"SEKISUI S-LEC","og:type":"article","og:title":"L\u00f6sungen f\u00fcr Head-up Displays durch die Funktion der Solarsteuerung","og:description":"S-LEC\u2122 Wedge Shaped Film mit Solar Kontrolle sch\u00fctzt die HUD-Einheit vor Sonnenlicht und sorgt so f\u00fcr ein klares, projiziertes HUD-Bild und Komfort.","og:url":"https:\/\/www.s-lecfilm.com\/de\/news\/HUD-solar\/","og:image":"https:\/\/www.s-lecfilm.com\/wp-content\/uploads\/HUD_contents_equipment-1.webp","og:image:secure_url":"https:\/\/www.s-lecfilm.com\/wp-content\/uploads\/HUD_contents_equipment-1.webp","og:image:width":1200,"og:image:height":801,"article:published_time":"2023-10-05T06:31:40+00:00","article:modified_time":"2024-03-11T04:27:23+00:00","twitter:card":"summary_large_image","twitter:title":"L\u00f6sungen f\u00fcr Head-up Displays durch die Funktion der Solarsteuerung","twitter:description":"S-LEC\u2122 Wedge Shaped Film mit Solar Kontrolle sch\u00fctzt die HUD-Einheit vor Sonnenlicht und sorgt so f\u00fcr ein klares, projiziertes HUD-Bild und Komfort.","twitter:image":"https:\/\/www.s-lecfilm.com\/wp-content\/uploads\/2023\/01\/Open-Graph-Image.png","schema":{"@context":"https:\/\/schema.org","@graph":[{"@type":"BreadcrumbList","@id":"https:\/\/www.s-lecfilm.com\/de\/news\/HUD-solar\/#breadcrumblist","itemListElement":[{"@type":"ListItem","@id":"https:\/\/www.s-lecfilm.com\/de\/#listItem","position":1,"name":"Zu Hause","item":"https:\/\/www.s-lecfilm.com\/de\/","nextItem":"https:\/\/www.s-lecfilm.com\/de\/news\/#listItem"},{"@type":"ListItem","@id":"https:\/\/www.s-lecfilm.com\/de\/news\/#listItem","position":2,"name":"\/de\/news\/","item":"https:\/\/www.s-lecfilm.com\/de\/news\/","nextItem":"https:\/\/www.s-lecfilm.com\/de\/news\/HUD-solar\/#listItem","previousItem":"https:\/\/www.s-lecfilm.com\/de\/#listItem"},{"@type":"ListItem","@id":"https:\/\/www.s-lecfilm.com\/de\/news\/HUD-solar\/#listItem","position":3,"name":"\/de\/news\/HUD-solar\/","previousItem":"https:\/\/www.s-lecfilm.com\/de\/news\/#listItem"}]},{"@type":"Organization","@id":"https:\/\/www.s-lecfilm.com\/de\/#organization","name":"s-lecfilm","url":"https:\/\/www.s-lecfilm.com\/de\/"},{"@type":"WebPage","@id":"https:\/\/www.s-lecfilm.com\/de\/news\/HUD-solar\/#webpage","url":"https:\/\/www.s-lecfilm.com\/de\/news\/HUD-solar\/","name":"L\u00f6sungen f\u00fcr Head-up Displays durch die Funktion der Solarsteuerung","description":"S-LEC\u2122 Wedge Shaped Film mit Solar Kontrolle sch\u00fctzt die HUD-Einheit vor Sonnenlicht und sorgt so f\u00fcr ein klares, projiziertes HUD-Bild und Komfort.","inLanguage":"de-DE","isPartOf":{"@id":"https:\/\/www.s-lecfilm.com\/de\/#website"},"breadcrumb":{"@id":"https:\/\/www.s-lecfilm.com\/de\/news\/HUD-solar\/#breadcrumblist"},"datePublished":"2023-10-05T15:31:40+09:00","dateModified":"2024-03-11T13:27:23+09:00"},{"@type":"WebSite","@id":"https:\/\/www.s-lecfilm.com\/de\/#website","url":"https:\/\/www.s-lecfilm.com\/de\/","name":"s-lecfilm","inLanguage":"de-DE","publisher":{"@id":"https:\/\/www.s-lecfilm.com\/de\/#organization"}}]}},"aioseo_meta_data":{"post_id":"18134","title":"L\u00f6sungen f\u00fcr Head-up Displays durch die Funktion der Solarsteuerung","description":"S-LEC\u2122 Wedge Shaped Film mit Solar Kontrolle sch\u00fctzt die HUD-Einheit vor Sonnenlicht und sorgt so f\u00fcr ein klares, projiziertes HUD-Bild und Komfort.","keywords":[],"keyphrases":"{\"focus\":{\"keyphrase\":\"\",\"score\":0,\"analysis\":{\"keyphraseInTitle\":{\"score\":0,\"maxScore\":9,\"error\":1}}},\"additional\":[]}","primary_term":null,"canonical_url":null,"og_title":null,"og_description":null,"og_object_type":"default","og_image_type":"custom_image","og_image_url":"https:\/\/www.s-lecfilm.com\/wp-content\/uploads\/HUD_contents_equipment-1.webp","og_image_width":"1200","og_image_height":"801","og_image_custom_url":"https:\/\/www.s-lecfilm.com\/wp-content\/uploads\/HUD_contents_equipment-1.webp","og_image_custom_fields":null,"og_video":"","og_custom_url":null,"og_article_section":null,"og_article_tags":[],"twitter_use_og":false,"twitter_card":"default","twitter_image_type":"default","twitter_image_url":null,"twitter_image_custom_url":null,"twitter_image_custom_fields":null,"twitter_title":null,"twitter_description":null,"schema":{"blockGraphs":[],"customGraphs":[],"default":{"data":{"Article":[],"Course":[],"Dataset":[],"FAQPage":[],"Movie":[],"Person":[],"Product":[],"Recipe":[],"Service":[],"SoftwareApplication":[],"WebPage":[]},"graphName":"WebPage","isEnabled":true},"graphs":[]},"schema_type":"default","schema_type_options":null,"pillar_content":false,"robots_default":true,"robots_noindex":false,"robots_noarchive":false,"robots_nosnippet":false,"robots_nofollow":false,"robots_noimageindex":false,"robots_noodp":false,"robots_notranslate":false,"robots_max_snippet":"-1","robots_max_videopreview":"-1","robots_max_imagepreview":"large","priority":null,"frequency":"default","local_seo":null,"limit_modified_date":false,"reviewed_by":null,"open_ai":{"title":{"suggestions":[],"usage":0},"description":{"suggestions":[],"usage":0}},"created":"2024-03-08 00:30:01","updated":"2024-03-11 04:28:27"},"aioseo_breadcrumb":"<div class=\"aioseo-breadcrumbs\"><span class=\"aioseo-breadcrumb\">\n\t<a href=\"https:\/\/www.s-lecfilm.com\/de\/\" title=\"\u30db\u30fc\u30e0\">\u30db\u30fc\u30e0<\/a>\n<\/span><span class=\"aioseo-breadcrumb-separator\">&raquo;<\/span><span class=\"aioseo-breadcrumb\">\n\t<a href=\"https:\/\/www.s-lecfilm.com\/de\/news\/\" title=\"Privat: \/de\/news\/\">Privat: \/de\/news\/<\/a>\n<\/span><span class=\"aioseo-breadcrumb-separator\">&raquo;<\/span><span class=\"aioseo-breadcrumb\">\n\t\/de\/news\/HUD-solar\/\n<\/span><\/div>","aioseo_breadcrumb_json":[{"label":"\u30db\u30fc\u30e0","link":"https:\/\/www.s-lecfilm.com\/de\/"},{"label":"Privat: \/de\/news\/","link":"https:\/\/www.s-lecfilm.com\/de\/news\/"},{"label":"\/de\/news\/HUD-solar\/","link":"https:\/\/www.s-lecfilm.com\/de\/news\/HUD-solar\/"}],"_links":{"self":[{"href":"https:\/\/www.s-lecfilm.com\/de\/wp-json\/wp\/v2\/pages\/18134"}],"collection":[{"href":"https:\/\/www.s-lecfilm.com\/de\/wp-json\/wp\/v2\/pages"}],"about":[{"href":"https:\/\/www.s-lecfilm.com\/de\/wp-json\/wp\/v2\/types\/page"}],"author":[{"embeddable":true,"href":"https:\/\/www.s-lecfilm.com\/de\/wp-json\/wp\/v2\/users\/14"}],"replies":[{"embeddable":true,"href":"https:\/\/www.s-lecfilm.com\/de\/wp-json\/wp\/v2\/comments?post=18134"}],"version-history":[{"count":5,"href":"https:\/\/www.s-lecfilm.com\/de\/wp-json\/wp\/v2\/pages\/18134\/revisions"}],"predecessor-version":[{"id":18301,"href":"https:\/\/www.s-lecfilm.com\/de\/wp-json\/wp\/v2\/pages\/18134\/revisions\/18301"}],"up":[{"embeddable":true,"href":"https:\/\/www.s-lecfilm.com\/de\/wp-json\/wp\/v2\/pages\/17041"}],"wp:attachment":[{"href":"https:\/\/www.s-lecfilm.com\/de\/wp-json\/wp\/v2\/media?parent=18134"}],"wp:term":[{"taxonomy":"page_category","embeddable":true,"href":"https:\/\/www.s-lecfilm.com\/de\/wp-json\/wp\/v2\/page_category?post=18134"}],"curies":[{"name":"wp","href":"https:\/\/api.w.org\/{rel}","templated":true}]}}