{"id":18043,"date":"2023-10-05T15:47:07","date_gmt":"2023-10-05T06:47:07","guid":{"rendered":"https:\/\/www.s-lecfilm.com\/en-news\/de-news-grey-privacy\/"},"modified":"2024-06-21T19:07:55","modified_gmt":"2024-06-21T10:07:55","slug":"de-news-grey-privacy","status":"publish","type":"page","link":"https:\/\/www.s-lecfilm.com\/de\/news\/grey-privacy\/","title":{"rendered":"\/en\/news\/grey-privacy\/"},"content":{"rendered":"<div class=\"frame pt-0\" style=\"clear: both;\">\n\t<div class=\"hero-flame\" style=\"height:62vh;margin:0;\">\n\t\t<div class=\"hero-flame-bg\">\n\t\t\t<img loading=\"lazy\" decoding=\"async\" class=\"hero-flame-bg-img\" src=\"https:\/\/www.s-lecfilm.com\/wp-content\/uploads\/201124_SLEC-MARKETING-DARK-0342.webp\" width=\"1920\" height=\"1202\" alt=\"Privacy grey PVB interlayer that gives elegance to the plastic bassy in the car\" style=\"object-position:0% 10%;\">\n\t\t<\/div>\n\t\t<div class=\"hero-flame-content\">\n\t\t\t\t\t\t\t<div class=\"hero-text\">\n\t\t\t\t\t<div class=\"hero-text-title\">\n\t\t\t\t\t\tPrivatsph\u00e4re Glas Design\t\t\t\t\t<\/div>\n\t\t\t\t\t\t\t\t\t\t\t<div class=\"hero-text-subtitle\">\n\t\t\t\t\t\t\tDie Ausdruckskraft der Farben\t\t\t\t\t\t<\/div>\n\t\t\t\t\t\t\t\t\t<\/div>\n\t\t\t\t<\/div>\n\t<\/div>\n<\/div>\n\n<div class=\"frame pt-0 pb-0\">\n\t\n<div class=\"container pb-0 mb-0\">\n\t\n<H1 class=\"c-title-level02 section-subtitle\">Was ist Sichtschutzglas?<\/H1>\n\n<div class=\"c-layout-frame section-flame\">\n\t\t<div class=\"row align-items-center\">\n\t\t<div class=\"col-lg-6\">\n\t\t\t<div class=\"feature-img text-center\">\n\t\t\t\t\t\t\t\t<img decoding=\"async\" src=\"https:\/\/www.s-lecfilm.com\/wp-content\/uploads\/privacygray_contsnts1-1024x707.webp\"  alt=\"Effective privacy glass in blocking views, preventing theft, UV rays, and regulating temperature.\">\n\t\t\t\t\t\t\t<\/div>\n\t\t<\/div>\n\t\t<div class=\"col-lg-6\">\n\t\t\t<div class=\"feature-cont\">\n\t\t\t\t<div class=\"acf-innerblocks-container\">\n\n<p>Durch die Verringerung der Durchl\u00e4ssigkeit f\u00fcr sichtbares Licht sorgt das Sichtschutzglas f\u00fcr Privatsph\u00e4re, indem es die Sicht von au\u00dfen in das Fahrzeug blockiert und Gegenst\u00e4nde, die im Fahrzeug zur\u00fcckgelassen werden, zum Schutz vor Diebstahl verbirgt.<\/p>\n\n\n\n<p>Die Sichtschutzverglasung reduziert die Blendung durch Au\u00dfenlicht, verringert die ultraviolette Strahlung und reduziert durch das Abschirmen der hei\u00dfen Sonne den Temperaturanstieg im Fahrzeuginneren, was den Innenraumkomfort verbessert und den immensen Stromverbrauch der Klimaanlage verhindert.<\/p>\n\n\n\n<p>Im Vergleich zu monolithischem Sichtschutzglas bietet laminiertes Glass mit S-LEC\u2122 Akustik-Zwischenschicht eine verbesserte Schalld\u00e4mmung f\u00fcr die Fondpassagiere und schafft einen luxuri\u00f6sen Innenraum, der Privatsph\u00e4re und Komfort bietet.<\/p>\n\n<\/div>\t\t\t<\/div>\n\t\t<\/div>\n\t<\/div>\n\t<\/div>\n\n\n<H2 class=\"c-title-level02 section-subtitle\">Forschung im Bereich Sichtschutzglas<\/H2>\n\n<div class=\"c-layout-frame section-flame\">\n\t\t<div class=\"row align-items-center\">\n\t\t<div class=\"col-lg-6 order-lg-1 order-0\">\n\t\t\t<div class=\"feature-img text-left\">\n\t\t\t\t\t\t\t\t<img decoding=\"async\" src=\"https:\/\/www.s-lecfilm.com\/wp-content\/uploads\/slec_privacyglass_web-1-1024x649.webp\"  alt=\"Inside the car with unnatural colour matching, which is the issue of privacy glass\">\n\t\t\t\t\t\t\t<\/div>\n\t\t<\/div>\n\t\t<div class=\"col-lg-6 order-lg-0 order-1\">\n\t\t\t<div class=\"feature-cont\">\n\t\t\t\t<div class=\"acf-innerblocks-container\">\n\n<p>Sichtschutzverglasung ist heute fast schon eine Standardoption oder ein Standardpaket f\u00fcr neu auf den Markt kommende Autos. Auf dem Markt gibt es eine gro\u00dfe Auswahl an Sichtschutzgl\u00e4sern, deren T\u00f6nung je nach Hersteller und Qualit\u00e4t leicht variiert. Auch die Glasdicke kann die Durchl\u00e4ssigkeitsrate beeinflussen. Theoretisch gilt: Je dicker das Glas, desto dunkler die Farbe; je d\u00fcnner das Glas, desto heller erscheint die Farbe des Sichtschutzes.<\/p>\n\n\n\n<p>Es ist nicht ungew\u00f6hnlich, dass das in einem Fahrzeug verwendete Sichtschutzglas von verschiedenen Glasherstellern geliefert wird, je nachdem, ob es sich um die hinteren T\u00fcrscheiben, die hinteren Seitenscheiben oder die Heckscheiben handelt.<\/p>\n\n\n\n<p>Wenn Sichtschutzgl\u00e4ser unterschiedlicher Art und Dicke nebeneinander angebracht werden, kann es beim Betrachten der Au\u00dfenszenerie aus dem Fahrzeuginneren zu unterschiedlichen Farbverl\u00e4ufen und unnat\u00fcrlichen Farbabstimmungen kommen.<\/p>\n\n<\/div>\t\t\t<\/div>\n\t\t<\/div>\n\t<\/div>\n\t<\/div>\n\n\n<H2 class=\"c-title-level02 section-subtitle\">Privatsph\u00e4re Glas Design<\/H2>\n\n<div class=\"c-layout-frame section-flame\">\n\t\t<div class=\"row align-items-center\">\n\t\t<div class=\"col-lg-6\">\n\t\t\t<div class=\"feature-img text-left\">\n\t\t\t\t\t\t\t\t<img decoding=\"async\" src=\"https:\/\/www.s-lecfilm.com\/wp-content\/uploads\/230717-Pivacy-glass-matrix-en-1024x598.webp\"  alt=\"Mapping of the privacy glass design with 4 types of grey PVB interlayers\">\n\t\t\t\t\t\t\t<\/div>\n\t\t<\/div>\n\t\t<div class=\"col-lg-6\">\n\t\t\t<div class=\"feature-cont\">\n\t\t\t\t<div class=\"acf-innerblocks-container\">\n\n<p>In der Welt gibt es verschiedene Arten von Sichtschutzglas. Je nach Konzept und Design des Fahrzeugs kann laminiertes oder monolithisch geh\u00e4rtetes Glas in Kombination in einem Fahrzeug verwendet werden. F\u00fcr die hintere Seitenscheibe kann beispielsweise laminiertes Privacy Glass mit dem grauen S-LEC\u2122 Sound Acoustic Film verwendet werden, w\u00e4hrend die hintere Seitenscheibe aus monolithischem, geh\u00e4rtetem Glas besteht.<\/p>\n\n\n\n<p>SEKISUI S-LEC bietet eine breite Palette von L\u00f6sungen in vier verschiedenen grauen Farben an, die Serien 70xx, 79xx, 80xx und 82xx, die mit verschiedenen Glastypen und -st\u00e4rken von verschiedenen Glasherstellern in den angrenzenden hinteren T\u00fcrverglasungen, hinteren Viertelverglasungen und Heckverglasungen abgestimmt werden k\u00f6nnen. Durch die Auswahl der am besten geeigneten grauen Farbe f\u00fcr die Sichtschutzverglasung kann eine einheitliche Farbe entlang der Heckscheiben des Fahrzeugs erzielt werden.<\/p>\n\n\n\n<p>Die geringe Tr\u00fcbung sch\u00fctzt die Privatsph\u00e4re und sorgt gleichzeitig f\u00fcr eine klare Sicht. Durch die Kombination der Farbe mit einer Akustik-Funktion kann die Schalld\u00e4mmung drastisch verbessert werden, um einen ruhigen und luxuri\u00f6sen Innenraum zu schaffen.<\/p>\n\n\n<div class=\"c-button-type01 row justify-content-center\">\n\t<div class=\"col-lg-5 d-brochure-bg-btn is-inner-btn btn-size-medium\">\n\t\t<a href=\"\/en\/download\/ColP\/\" target=\"_blank\">\n\t\t\t<button type=\"button\" class=\"btn btn-primary\">Brosch\u00fcren herunterladen<\/button>\n\t\t<\/a>\n\t<\/div>\n<\/div>\n\n<\/div>\t\t\t<\/div>\n\t\t<\/div>\n\t<\/div>\n\t<\/div>\n\n\n<H2 class=\"c-title-level02 section-subtitle\">Farbige Serie<\/H2>\n\n<div class=\"c-layout-frame section-flame\">\n\t\t<div class=\"row align-items-center\">\n\t\t<div class=\"col-lg-6 order-lg-1 order-0\">\n\t\t\t<div class=\"feature-img text-center\">\n\t\t\t\t\t\t\t\t<img decoding=\"async\" src=\"https:\/\/www.s-lecfilm.com\/wp-content\/uploads\/S-LEC_catalog_003-1-1024x796.webp\"  alt=\"Colour Glass Collection with dark colour variations\">\n\t\t\t\t\t\t\t<\/div>\n\t\t<\/div>\n\t\t<div class=\"col-lg-6 order-lg-0 order-1\">\n\t\t\t<div class=\"feature-cont\">\n\t\t\t\t<div class=\"acf-innerblocks-container\">\n\n<p>Bei SEKISUI S-LEC bieten wir eine breite Palette an Farbvarianten f\u00fcr den Sichtschutz an.<\/p>\n\n\n\n<p>Fordern Sie unsere Farbglas-Kollektion an, wenn Sie physische Muster mit einer Variation unserer verschiedenen Sichtschutzfolien haben m\u00f6chten, und erkunden Sie die M\u00f6glichkeiten und Optionen von Sichtschutzverglasungen f\u00fcr die Automobilindustrie mit S-LEC\u2122 PVB Interlayer film f\u00fcr Designer und Ingenieure gleicherma\u00dfen.<\/p>\n\n\n<div class=\"c-button-type01 row justify-content-center\">\n\t<div class=\"col-lg-5 d-brochure-bg-btn is-inner-btn btn-size-medium\">\n\t\t<a href=\"\/en\/download\/Colour-Glass-Collection\/\" target=\"_blank\">\n\t\t\t<button type=\"button\" class=\"btn btn-primary\">Anfrage Farbe Glas Kollektion<\/button>\n\t\t<\/a>\n\t<\/div>\n<\/div>\n\n<\/div>\t\t\t<\/div>\n\t\t<\/div>\n\t<\/div>\n\t<\/div>\n\n<\/div>\n\n<\/div>\n\n\n<div class=\"c-layout-frame section-flame\">\n\t\t<div class=\"row align-items-center\">\n\t\t<div class=\"col-lg-6 order-lg-1 order-0\">\n\t\t\t<div class=\"feature-img text-center\">\n\t\t\t\t\t\t\t<\/div>\n\t\t<\/div>\n\t\t<div class=\"col-lg-6 order-lg-0 order-1\">\n\t\t\t<div class=\"feature-cont\">\n\t\t\t\t<div class=\"acf-innerblocks-container\"><\/div>\t\t\t<\/div>\n\t\t<\/div>\n\t<\/div>\n\t<\/div>\n\n\n\n<div class=\"frame is-bg-img c-more-detail \">\n\t<div class=\"container\">\n\t\t<div class=\"row justify-content-center\">\n\t\t\t<div class=\"col-lg-10\">\n\t\t\t\t<div class=\"row\">\n\t\t\t\t\t<div class=\"col-lg-7 mb-5 mb-lg-0\">\n\t\t\t\t\t\t<div class=\"contact-footer-text\">\n\t\t\t\t\t\t\tM\u00f6chten Sie mehr erfahren?\t\t\t\t\t\t<\/div>\n\t\t\t\t\t\t<div class=\"contact-footer-btn\">\n\t\t\t\t\t\t\t<a href=\"\/en\/download\/all\/\" target=\"_blank\">\n\t\t\t\t\t\t\t\t<button class=\"btn btn-primary fa-download-check\">\n\t\t\t\t\t\t\t\t\t\t\t\t\t\t\t\t\t\t\tDownloads\t\t\t\t\t\t\t\t\t\t\t\t\t\t\t\t\t<\/button>\n\t\t\t\t\t\t\t<\/a>\n\t\t\t\t\t\t\t<a href=\"\/en\/download\/Inquiry\/\" target=\"_blank\">\n\t\t\t\t\t\t\t\t<button class=\"btn btn-primary is-external-link\">\n\t\t\t\t\t\t\t\t\t\t\t\t\t\t\t\t\t\t\tKontakt\t\t\t\t\t\t\t\t\t\t\t\t\t\t\t\t\t<\/button>\n\t\t\t\t\t\t\t<\/a>\n\t\t\t\t\t\t<\/div>\n\t\t\t\t\t<\/div>\n\t\t\t\t\t<div class=\"col-lg-5\">\n\t\t\t\t\t\t<div class=\"contact-footer-img\">\n\t\t\t\t\t\t\t\t\t\t\t\t\t\t<img decoding=\"async\" src=\"https:\/\/www.s-lecfilm.com\/wp-content\/uploads\/thankyou_hero-1-1-1024x576.webp\" alt=\"Those who want to know more about S-LEC\u2122 Film\">\n\t\t\t\t\t\t\t\t\t\t\t\t\t<\/div>\n\t\t\t\t\t<\/div>\n\t\t\t\t<\/div>\n\t\t\t<\/div>\n\t\t<\/div>\n\t<\/div>\n<\/div>\n","protected":false},"excerpt":{"rendered":"","protected":false},"author":14,"featured_media":0,"parent":17041,"menu_order":53,"comment_status":"closed","ping_status":"closed","template":"","meta":{"_acf_changed":false,"_oasis_is_in_workflow":0,"_oasis_original":0,"om_disable_all_campaigns":false,"inline_featured_image":false,"_monsterinsights_skip_tracking":false,"_monsterinsights_sitenote_active":false,"_monsterinsights_sitenote_note":"","_monsterinsights_sitenote_category":0,"footnotes":""},"page_category":[15],"class_list":["post-18043","page","type-page","status-publish","hentry"],"acf":[],"aioseo_notices":[],"aioseo_head":"\n\t\t<!-- All in One SEO Pro 4.6.2 - aioseo.com -->\n\t\t<meta name=\"description\" content=\"SEKISUI S-LEC bietet eine breite Palette von L\u00f6sungen in vier verschiedenen grauen Farben an, die eine einheitliche Farbe entlang der Fenster im hinteren Teil des Fahrzeugs erm\u00f6glichen.\" \/>\n\t\t<meta name=\"robots\" content=\"max-image-preview:large\" \/>\n\t\t<meta name=\"google-site-verification\" content=\"LGoHK3imcI57fEDyHDnPGNxrBKyRAWvyS1_pmekTNEU\" \/>\n\t\t<link rel=\"canonical\" href=\"https:\/\/www.s-lecfilm.com\/de\/news\/grey-privacy\/\" \/>\n\t\t<meta name=\"generator\" content=\"All in One SEO Pro (AIOSEO) 4.6.2\" \/>\n\t\t<meta property=\"og:locale\" content=\"de_DE\" \/>\n\t\t<meta property=\"og:site_name\" content=\"SEKISUI S-LEC\" \/>\n\t\t<meta property=\"og:type\" content=\"article\" \/>\n\t\t<meta property=\"og:title\" content=\"Privacy Glass Design | PVB-Zwischenschicht\" \/>\n\t\t<meta property=\"og:description\" content=\"SEKISUI S-LEC bietet eine breite Palette von L\u00f6sungen in vier verschiedenen grauen Farben an, die eine einheitliche Farbe entlang der Fenster im hinteren Teil des Fahrzeugs erm\u00f6glichen.\" \/>\n\t\t<meta property=\"og:url\" content=\"https:\/\/www.s-lecfilm.com\/de\/news\/grey-privacy\/\" \/>\n\t\t<meta property=\"og:image\" content=\"https:\/\/www.s-lecfilm.com\/wp-content\/uploads\/201124_SLEC-MARKETING-DARK-0342.webp\" \/>\n\t\t<meta property=\"og:image:secure_url\" content=\"https:\/\/www.s-lecfilm.com\/wp-content\/uploads\/201124_SLEC-MARKETING-DARK-0342.webp\" \/>\n\t\t<meta property=\"og:image:width\" content=\"1920\" \/>\n\t\t<meta property=\"og:image:height\" content=\"1202\" \/>\n\t\t<meta property=\"article:published_time\" content=\"2023-10-05T06:47:07+00:00\" \/>\n\t\t<meta property=\"article:modified_time\" content=\"2024-06-21T10:07:55+00:00\" \/>\n\t\t<meta name=\"twitter:card\" content=\"summary_large_image\" \/>\n\t\t<meta name=\"twitter:title\" content=\"Privacy Glass Design | PVB-Zwischenschicht\" \/>\n\t\t<meta name=\"twitter:description\" content=\"SEKISUI S-LEC bietet eine breite Palette von L\u00f6sungen in vier verschiedenen grauen Farben an, die eine einheitliche Farbe entlang der Fenster im hinteren Teil des Fahrzeugs erm\u00f6glichen.\" \/>\n\t\t<meta name=\"twitter:image\" content=\"https:\/\/www.s-lecfilm.com\/wp-content\/uploads\/2023\/01\/Open-Graph-Image.png\" \/>\n\t\t<script type=\"application\/ld+json\" class=\"aioseo-schema\">\n\t\t\t{\"@context\":\"https:\\\/\\\/schema.org\",\"@graph\":[{\"@type\":\"BreadcrumbList\",\"@id\":\"https:\\\/\\\/www.s-lecfilm.com\\\/de\\\/news\\\/grey-privacy\\\/#breadcrumblist\",\"itemListElement\":[{\"@type\":\"ListItem\",\"@id\":\"https:\\\/\\\/www.s-lecfilm.com\\\/de\\\/#listItem\",\"position\":1,\"name\":\"Zu Hause\",\"item\":\"https:\\\/\\\/www.s-lecfilm.com\\\/de\\\/\",\"nextItem\":\"https:\\\/\\\/www.s-lecfilm.com\\\/de\\\/news\\\/#listItem\"},{\"@type\":\"ListItem\",\"@id\":\"https:\\\/\\\/www.s-lecfilm.com\\\/de\\\/news\\\/#listItem\",\"position\":2,\"name\":\"\\\/de\\\/news\\\/\",\"item\":\"https:\\\/\\\/www.s-lecfilm.com\\\/de\\\/news\\\/\",\"nextItem\":\"https:\\\/\\\/www.s-lecfilm.com\\\/de\\\/news\\\/grey-privacy\\\/#listItem\",\"previousItem\":\"https:\\\/\\\/www.s-lecfilm.com\\\/de\\\/#listItem\"},{\"@type\":\"ListItem\",\"@id\":\"https:\\\/\\\/www.s-lecfilm.com\\\/de\\\/news\\\/grey-privacy\\\/#listItem\",\"position\":3,\"name\":\"\\\/en\\\/news\\\/grey-privacy\\\/\",\"previousItem\":\"https:\\\/\\\/www.s-lecfilm.com\\\/de\\\/news\\\/#listItem\"}]},{\"@type\":\"Organization\",\"@id\":\"https:\\\/\\\/www.s-lecfilm.com\\\/de\\\/#organization\",\"name\":\"s-lecfilm\",\"url\":\"https:\\\/\\\/www.s-lecfilm.com\\\/de\\\/\"},{\"@type\":\"WebPage\",\"@id\":\"https:\\\/\\\/www.s-lecfilm.com\\\/de\\\/news\\\/grey-privacy\\\/#webpage\",\"url\":\"https:\\\/\\\/www.s-lecfilm.com\\\/de\\\/news\\\/grey-privacy\\\/\",\"name\":\"Privacy Glass Design | PVB-Zwischenschicht\",\"description\":\"SEKISUI S-LEC bietet eine breite Palette von L\\u00f6sungen in vier verschiedenen grauen Farben an, die eine einheitliche Farbe entlang der Fenster im hinteren Teil des Fahrzeugs erm\\u00f6glichen.\",\"inLanguage\":\"de-DE\",\"isPartOf\":{\"@id\":\"https:\\\/\\\/www.s-lecfilm.com\\\/de\\\/#website\"},\"breadcrumb\":{\"@id\":\"https:\\\/\\\/www.s-lecfilm.com\\\/de\\\/news\\\/grey-privacy\\\/#breadcrumblist\"},\"datePublished\":\"2023-10-05T15:47:07+09:00\",\"dateModified\":\"2024-06-21T19:07:55+09:00\"},{\"@type\":\"WebSite\",\"@id\":\"https:\\\/\\\/www.s-lecfilm.com\\\/de\\\/#website\",\"url\":\"https:\\\/\\\/www.s-lecfilm.com\\\/de\\\/\",\"name\":\"s-lecfilm\",\"inLanguage\":\"de-DE\",\"publisher\":{\"@id\":\"https:\\\/\\\/www.s-lecfilm.com\\\/de\\\/#organization\"}}]}\n\t\t<\/script>\n\t\t<!-- All in One SEO Pro -->\r\n\t\t<title>Privacy Glass Design | PVB-Zwischenschicht<\/title>\n\n","aioseo_head_json":{"title":"Privacy Glass Design | PVB-Zwischenschicht","description":"SEKISUI S-LEC bietet eine breite Palette von L\u00f6sungen in vier verschiedenen grauen Farben an, die eine einheitliche Farbe entlang der Fenster im hinteren Teil des Fahrzeugs erm\u00f6glichen.","canonical_url":"https:\/\/www.s-lecfilm.com\/de\/news\/grey-privacy\/","robots":"max-image-preview:large","keywords":"","webmasterTools":{"google-site-verification":"LGoHK3imcI57fEDyHDnPGNxrBKyRAWvyS1_pmekTNEU","miscellaneous":""},"og:locale":"de_DE","og:site_name":"SEKISUI S-LEC","og:type":"article","og:title":"Privacy Glass Design | PVB-Zwischenschicht","og:description":"SEKISUI S-LEC bietet eine breite Palette von L\u00f6sungen in vier verschiedenen grauen Farben an, die eine einheitliche Farbe entlang der Fenster im hinteren Teil des Fahrzeugs erm\u00f6glichen.","og:url":"https:\/\/www.s-lecfilm.com\/de\/news\/grey-privacy\/","og:image":"https:\/\/www.s-lecfilm.com\/wp-content\/uploads\/201124_SLEC-MARKETING-DARK-0342.webp","og:image:secure_url":"https:\/\/www.s-lecfilm.com\/wp-content\/uploads\/201124_SLEC-MARKETING-DARK-0342.webp","og:image:width":1920,"og:image:height":1202,"article:published_time":"2023-10-05T06:47:07+00:00","article:modified_time":"2024-06-21T10:07:55+00:00","twitter:card":"summary_large_image","twitter:title":"Privacy Glass Design | PVB-Zwischenschicht","twitter:description":"SEKISUI S-LEC bietet eine breite Palette von L\u00f6sungen in vier verschiedenen grauen Farben an, die eine einheitliche Farbe entlang der Fenster im hinteren Teil des Fahrzeugs erm\u00f6glichen.","twitter:image":"https:\/\/www.s-lecfilm.com\/wp-content\/uploads\/2023\/01\/Open-Graph-Image.png","schema":{"@context":"https:\/\/schema.org","@graph":[{"@type":"BreadcrumbList","@id":"https:\/\/www.s-lecfilm.com\/de\/news\/grey-privacy\/#breadcrumblist","itemListElement":[{"@type":"ListItem","@id":"https:\/\/www.s-lecfilm.com\/de\/#listItem","position":1,"name":"Zu Hause","item":"https:\/\/www.s-lecfilm.com\/de\/","nextItem":"https:\/\/www.s-lecfilm.com\/de\/news\/#listItem"},{"@type":"ListItem","@id":"https:\/\/www.s-lecfilm.com\/de\/news\/#listItem","position":2,"name":"\/de\/news\/","item":"https:\/\/www.s-lecfilm.com\/de\/news\/","nextItem":"https:\/\/www.s-lecfilm.com\/de\/news\/grey-privacy\/#listItem","previousItem":"https:\/\/www.s-lecfilm.com\/de\/#listItem"},{"@type":"ListItem","@id":"https:\/\/www.s-lecfilm.com\/de\/news\/grey-privacy\/#listItem","position":3,"name":"\/en\/news\/grey-privacy\/","previousItem":"https:\/\/www.s-lecfilm.com\/de\/news\/#listItem"}]},{"@type":"Organization","@id":"https:\/\/www.s-lecfilm.com\/de\/#organization","name":"s-lecfilm","url":"https:\/\/www.s-lecfilm.com\/de\/"},{"@type":"WebPage","@id":"https:\/\/www.s-lecfilm.com\/de\/news\/grey-privacy\/#webpage","url":"https:\/\/www.s-lecfilm.com\/de\/news\/grey-privacy\/","name":"Privacy Glass Design | PVB-Zwischenschicht","description":"SEKISUI S-LEC bietet eine breite Palette von L\u00f6sungen in vier verschiedenen grauen Farben an, die eine einheitliche Farbe entlang der Fenster im hinteren Teil des Fahrzeugs erm\u00f6glichen.","inLanguage":"de-DE","isPartOf":{"@id":"https:\/\/www.s-lecfilm.com\/de\/#website"},"breadcrumb":{"@id":"https:\/\/www.s-lecfilm.com\/de\/news\/grey-privacy\/#breadcrumblist"},"datePublished":"2023-10-05T15:47:07+09:00","dateModified":"2024-06-21T19:07:55+09:00"},{"@type":"WebSite","@id":"https:\/\/www.s-lecfilm.com\/de\/#website","url":"https:\/\/www.s-lecfilm.com\/de\/","name":"s-lecfilm","inLanguage":"de-DE","publisher":{"@id":"https:\/\/www.s-lecfilm.com\/de\/#organization"}}]}},"aioseo_meta_data":{"post_id":"18043","title":"Privacy Glass Design | PVB-Zwischenschicht","description":"SEKISUI S-LEC bietet eine breite Palette von L\u00f6sungen in vier verschiedenen grauen Farben an, die eine einheitliche Farbe entlang der Fenster im hinteren Teil des Fahrzeugs erm\u00f6glichen.","keywords":null,"keyphrases":"{\"focus\":{\"keyphrase\":\"\",\"score\":0,\"analysis\":{\"keyphraseInTitle\":{\"score\":0,\"maxScore\":9,\"error\":1}}},\"additional\":[]}","primary_term":null,"canonical_url":null,"og_title":null,"og_description":null,"og_object_type":"default","og_image_type":"custom_image","og_image_url":"https:\/\/www.s-lecfilm.com\/wp-content\/uploads\/201124_SLEC-MARKETING-DARK-0342.webp","og_image_width":"1920","og_image_height":"1202","og_image_custom_url":"https:\/\/www.s-lecfilm.com\/wp-content\/uploads\/201124_SLEC-MARKETING-DARK-0342.webp","og_image_custom_fields":null,"og_video":"","og_custom_url":null,"og_article_section":null,"og_article_tags":null,"twitter_use_og":false,"twitter_card":"default","twitter_image_type":"default","twitter_image_url":null,"twitter_image_custom_url":null,"twitter_image_custom_fields":null,"twitter_title":null,"twitter_description":null,"schema":{"blockGraphs":[],"customGraphs":[],"default":{"data":{"Article":[],"Course":[],"Dataset":[],"FAQPage":[],"Movie":[],"Person":[],"Product":[],"Recipe":[],"Service":[],"SoftwareApplication":[],"WebPage":[]},"graphName":"WebPage","isEnabled":true},"graphs":[]},"schema_type":"default","schema_type_options":null,"pillar_content":false,"robots_default":true,"robots_noindex":false,"robots_noarchive":false,"robots_nosnippet":false,"robots_nofollow":false,"robots_noimageindex":false,"robots_noodp":false,"robots_notranslate":false,"robots_max_snippet":"-1","robots_max_videopreview":"-1","robots_max_imagepreview":"large","priority":null,"frequency":"default","local_seo":null,"limit_modified_date":false,"reviewed_by":null,"open_ai":{"title":{"suggestions":[],"usage":0},"description":{"suggestions":[],"usage":0}},"created":"2024-03-08 00:02:45","updated":"2024-06-21 10:08:30"},"aioseo_breadcrumb":"<div class=\"aioseo-breadcrumbs\"><span class=\"aioseo-breadcrumb\">\n\t<a href=\"https:\/\/www.s-lecfilm.com\/de\/\" title=\"\u30db\u30fc\u30e0\">\u30db\u30fc\u30e0<\/a>\n<\/span><span class=\"aioseo-breadcrumb-separator\">&raquo;<\/span><span class=\"aioseo-breadcrumb\">\n\t<a href=\"https:\/\/www.s-lecfilm.com\/de\/news\/\" title=\"Privat: \/de\/news\/\">Privat: \/de\/news\/<\/a>\n<\/span><span class=\"aioseo-breadcrumb-separator\">&raquo;<\/span><span class=\"aioseo-breadcrumb\">\n\t\/en\/news\/grey-privacy\/\n<\/span><\/div>","aioseo_breadcrumb_json":[{"label":"\u30db\u30fc\u30e0","link":"https:\/\/www.s-lecfilm.com\/de\/"},{"label":"Privat: \/de\/news\/","link":"https:\/\/www.s-lecfilm.com\/de\/news\/"},{"label":"\/en\/news\/grey-privacy\/","link":"https:\/\/www.s-lecfilm.com\/de\/news\/grey-privacy\/"}],"_links":{"self":[{"href":"https:\/\/www.s-lecfilm.com\/de\/wp-json\/wp\/v2\/pages\/18043"}],"collection":[{"href":"https:\/\/www.s-lecfilm.com\/de\/wp-json\/wp\/v2\/pages"}],"about":[{"href":"https:\/\/www.s-lecfilm.com\/de\/wp-json\/wp\/v2\/types\/page"}],"author":[{"embeddable":true,"href":"https:\/\/www.s-lecfilm.com\/de\/wp-json\/wp\/v2\/users\/14"}],"replies":[{"embeddable":true,"href":"https:\/\/www.s-lecfilm.com\/de\/wp-json\/wp\/v2\/comments?post=18043"}],"version-history":[{"count":14,"href":"https:\/\/www.s-lecfilm.com\/de\/wp-json\/wp\/v2\/pages\/18043\/revisions"}],"predecessor-version":[{"id":23141,"href":"https:\/\/www.s-lecfilm.com\/de\/wp-json\/wp\/v2\/pages\/18043\/revisions\/23141"}],"up":[{"embeddable":true,"href":"https:\/\/www.s-lecfilm.com\/de\/wp-json\/wp\/v2\/pages\/17041"}],"wp:attachment":[{"href":"https:\/\/www.s-lecfilm.com\/de\/wp-json\/wp\/v2\/media?parent=18043"}],"wp:term":[{"taxonomy":"page_category","embeddable":true,"href":"https:\/\/www.s-lecfilm.com\/de\/wp-json\/wp\/v2\/page_category?post=18043"}],"curies":[{"name":"wp","href":"https:\/\/api.w.org\/{rel}","templated":true}]}}