{"id":17835,"date":"2023-11-24T10:55:39","date_gmt":"2023-11-24T01:55:39","guid":{"rendered":"https:\/\/www.s-lecfilm.com\/en-news\/en-news-roof-acoustic\/"},"modified":"2024-06-07T07:29:09","modified_gmt":"2024-06-06T22:29:09","slug":"en-news-roof-acoustic","status":"publish","type":"page","link":"https:\/\/www.s-lecfilm.com\/de\/news\/roof-acoustic\/","title":{"rendered":"\/de\/news\/roof-acoustic\/"},"content":{"rendered":"<div class=\"frame pt-0\" style=\"clear: both;\">\n\t<div class=\"hero-flame\" style=\"height:62vh;margin:0;\">\n\t\t<div class=\"hero-flame-bg\">\n\t\t\t<img loading=\"lazy\" decoding=\"async\" class=\"hero-flame-bg-img\" src=\"https:\/\/www.s-lecfilm.com\/wp-content\/uploads\/Hero_roof-acoustic.webp\" width=\"1920\" height=\"1080\" alt=\"A woman examining the noise reduction of Acoustic Panoramic Roof Glass\" style=\"object-position:50% 0%;\">\n\t\t<\/div>\n\t\t<div class=\"hero-flame-content\">\n\t\t\t\t\t\t\t<div class=\"hero-text\">\n\t\t\t\t\t<div class=\"hero-text-title\">\n\t\t\t\t\t\tAkustik<br>f\u00fcr Panoramaglasdach\t\t\t\t\t<\/div>\n\t\t\t\t\t\t\t\t\t<\/div>\n\t\t\t\t<\/div>\n\t<\/div>\n<\/div>\n\n<div class=\"frame pt-0 pb-0\">\n\t\n<div class=\"container pb-0 mb-0\">\n\t\n<H1 class=\"c-title-level02 section-subtitle\">Erforderliche Akustikleistungen f\u00fcr Dachglas<\/H1>\n\n<div class=\"c-layout-frame section-flame\">\n\t\t<div class=\"row align-items-center\">\n\t\t<div class=\"col-lg-6\">\n\t\t\t<div class=\"feature-img text-center\">\n\t\t\t\t\t\t\t\t<img decoding=\"async\" src=\"https:\/\/www.s-lecfilm.com\/wp-content\/uploads\/210331_SLEC_Pamphlet-flatten_2_90-1024x666.webp\"  alt=\"A black car adopting S-LEC\u2122 Design Films, capable of various solutions\">\n\t\t\t\t\t\t\t<\/div>\n\t\t<\/div>\n\t\t<div class=\"col-lg-6\">\n\t\t\t<div class=\"feature-cont\">\n\t\t\t\t<div class=\"acf-innerblocks-container\">\n\n<p>Elektrofahrzeuge erfreuen sich zunehmender Beliebtheit, da sie hochtechnologisch und intelligent sind, Energie sparen und den Planeten sch\u00fctzen. Dar\u00fcber hinaus sind die E-Fahrzeuge mit einem Panoramadach ausgestattet, das eine gr\u00f6\u00dfere Glasfl\u00e4che aufweist. Da sich die Batterien bei E-Fahrzeugen unter den Sitzen befinden, sind die Sitze h\u00f6her angeordnet als bei Fahrzeugen mit Verbrennungsmotor, und es besteht die Tendenz, die Sonnenblenden zu entfernen, um den Fahrg\u00e4sten mehr Kopffreiheit zu bieten.<\/p>\n\n\n\n<p>Durch die gr\u00f6\u00dfere Dachverglasung und den Wegfall der Sonnenblenden gelangt mehr Sonnenlicht in das Fahrzeug und schafft einen offenen Raum. Andererseits muss das Dachglas eine akustische Funktion haben, da der Au\u00dfenl\u00e4rm, der durch das Glas eindringt, zunimmt.<\/p>\n\n\n\n<p>SEKISUI S-LEC hat den Bedarf an akustischen Eigenschaften von Dachgl\u00e4sern und die Wirksamkeit von S-LEC\u2122 Sound Acoustic Film in realen Fahrzeugtests nachgewiesen.<\/p>\n\n<\/div>\t\t\t<\/div>\n\t\t<\/div>\n\t<\/div>\n\t<\/div>\n\n\n<H2 class=\"c-title-level02 section-subtitle\">Fahrversuche mit offenem und geschlossenem Schiebedach<\/H2>\n\n<div class=\"c-layout-frame section-flame\">\n\t\t<div class=\"row align-items-center\">\n\t\t<div class=\"col-lg-6 order-lg-1 order-0\">\n\t\t\t<div class=\"feature-img text-left\">\n\t\t\t\t\t\t\t\t<img decoding=\"async\" src=\"https:\/\/www.s-lecfilm.com\/wp-content\/uploads\/shutterstock_2036020670-1-1024x697.webp\"  alt=\"Driving test by sunroof opening and closing conducted by a model equipped with a sunshade\">\n\t\t\t\t\t\t\t<\/div>\n\t\t<\/div>\n\t\t<div class=\"col-lg-6 order-lg-0 order-1\">\n\t\t\t<div class=\"feature-cont\">\n\t\t\t\t<div class=\"acf-innerblocks-container\">\n\n<p>Muss das Dachglas schalld\u00e4mmend sein?<\/p>\n\n\n\n<p>Um sich dieser Frage zu n\u00e4hern, haben wir einen Fahrversuch mit einem Modell durchgef\u00fchrt, das mit einem Sonnenschirm ausgestattet war.<\/p>\n\n\n\n<p>Wir haben auf dem Beifahrersitz eine Kopfattrappe installiert. Wir haben den Schalldruck gemessen, indem wir eine festgelegte Strecke mit 140 km\/h bei ge\u00f6ffnetem bzw. geschlossenem Sonnenschirm gefahren sind. Es wurde ein Schalldruckunterschied von bis zu 4 dB festgestellt, wenn der Sonnenschirm ge\u00f6ffnet war, im Vergleich zu dem, wenn er geschlossen war. Dieses Ergebnis beweist, dass durch das \u00d6ffnen oder Entfernen der Sonnenblende mehr L\u00e4rm in das Fahrzeug eindringen kann.<\/p>\n\n\n\n<p>Mit der zunehmenden Beliebtheit von Fahrzeugen mit Panoramadach besteht ein Bedarf an einer h\u00f6heren Schalld\u00e4mmung von Dachglas.<\/p>\n\n<\/div>\t\t\t<\/div>\n\t\t<\/div>\n\t<\/div>\n\t<\/div>\n\n\n<H2 class=\"c-title-level02 section-subtitle\">Test im Windkanal  <\/H2>\n\n<div class=\"c-layout-frame section-flame\">\n\t\t<div class=\"row align-items-center\">\n\t\t<div class=\"col-lg-6\">\n\t\t\t<div class=\"feature-img text-left\">\n\t\t\t\t\t\t\t\t<img decoding=\"async\" src=\"https:\/\/www.s-lecfilm.com\/wp-content\/uploads\/P1-Updated-Wind-Tunnel-1-1024x463-1-1024x463.webp\"  alt=\"Wind tunnel test using paranomic rooflite with S-LEC\u2122 Sound Acoustic Film\">\n\t\t\t\t\t\t\t<\/div>\n\t\t<\/div>\n\t\t<div class=\"col-lg-6\">\n\t\t\t<div class=\"feature-cont\">\n\t\t\t\t<div class=\"acf-innerblocks-container\">\n\n<p>Mit einem SUV EV mit ca. 2 Quadratmetern Dachglas haben wir einen Windkanaltest bei 140 km\/h mit demselben Fahrzeug mit einem standardm\u00e4\u00dfigen laminierten Glass und einem akustischen Dachglas mit S-LEC\u2122 Sound Acoustic Film durchgef\u00fchrt.<\/p>\n\n\n\n<p>Wir haben an vier Stellen auf den Vorder- und R\u00fccksitzen Kunstk\u00f6pfe angebracht und den Schalldruck an den Ohrpositionen gemessen. Das Ergebnis zeigt eine Verbesserung von bis zu <strong>3,2 dB<\/strong>, besonders deutlich bei Ohrpositionen, die n\u00e4her an der Fahrzeugmitte liegen. Dar\u00fcber hinaus wurde sowohl auf den R\u00fccksitzen als auch auf den Vordersitzen eine deutliche Verbesserung festgestellt. Wenn man den Schalldruck in einen Artikulationsindex umrechnet, entspricht dies einem Wert von <strong>3,7 %<\/strong>, was zu einer Verbesserung der allgemeinen Ger\u00e4uscharmut im Fahrzeuginnenraum beitr\u00e4gt.<\/p>\n\n\n\n<p>Diese Ergebnisse belegen, dass Dachglas mit S-LEC\u2122 Sound Acoustic Film den Komfort im Innenraum deutlich verbessert.<\/p>\n\n<\/div>\t\t\t<\/div>\n\t\t<\/div>\n\t<\/div>\n\t<\/div>\n\n\n<H2 class=\"c-title-level02 section-subtitle\">Regentropfen-Test<\/H2>\n\n<div class=\"c-layout-frame section-flame\">\n\t\t<div class=\"row align-items-center\">\n\t\t<div class=\"col-lg-6 order-lg-1 order-0\">\n\t\t\t<div class=\"feature-img text-center\">\n\t\t\t\t\t\t\t\t<img decoding=\"async\" src=\"https:\/\/www.s-lecfilm.com\/wp-content\/uploads\/roof-auto_03-1-1024x681.webp\"  alt=\"A man who talks in a car with sound acoustic glass in a rain\">\n\t\t\t\t\t\t\t<\/div>\n\t\t<\/div>\n\t\t<div class=\"col-lg-6 order-lg-0 order-1\">\n\t\t\t<div class=\"feature-cont\">\n\t\t\t\t<div class=\"acf-innerblocks-container\">\n\n<p>Wir haben Labortests mit normalem laminiertem Glass und akustischem laminiertem Glass mit S-LEC\u2122 Sound Acoustic Film durchgef\u00fchrt, um die Auswirkungen auf Regenger\u00e4usche zu bewerten.<\/p>\n\n\n\n<p>Ein Mikrofon wurde 35 cm von der Scheibe entfernt aufgestellt, wobei ein Abstand von der Dachscheibe zum Ohr angenommen wurde. Wir haben den Schalldruck f\u00fcr jede Art von Laminiertem Glass unter einem Niederschlag von 40 mm\/h gemessen. Im Ergebnis best\u00e4tigten wir, dass das Akustikglas die akustische Leistung um bis zu 5,9 dB im Vergleich zum Standardglas verbessert.<\/p>\n\n\n\n<p>Das Ergebnis zeigt, dass Laminiertes Glass unter Verwendung von S-LEC\u2122 Sound Acoustic Film hochwirksam gegen Regenger\u00e4usche ist und zu einer ruhigeren Kabine beitr\u00e4gt.<\/p>\n\n<\/div>\t\t\t<\/div>\n\t\t<\/div>\n\t<\/div>\n\t<\/div>\n\n\n<H2 class=\"c-title-level02 section-subtitle\">Bew\u00e4hrte akustische Leistung<\/H2>\n\n<div class=\"c-layout-frame section-flame\">\n\t\t<div class=\"row align-items-center\">\n\t\t<div class=\"col-lg-6\">\n\t\t\t<div class=\"feature-img text-center\">\n\t\t\t\t\t\t\t\t<img decoding=\"async\" src=\"https:\/\/www.s-lecfilm.com\/wp-content\/uploads\/shutterstock_2076774124-1024x576-1-1-1-1024x576.webp\" style=\"width:%;\" alt=\"Glass development support from project design and proposes optimal solutions\">\n\t\t\t\t\t\t\t<\/div>\n\t\t<\/div>\n\t\t<div class=\"col-lg-6\">\n\t\t\t<div class=\"feature-cont\">\n\t\t\t\t<div class=\"acf-innerblocks-container\">\n\n<p>Durch diese Fahrzeug- und Labortests hat SEKISUI S-LEC die Notwendigkeit einer akustischen Leistung bei Dachglas und die Wirksamkeit von S-LEC\u2122 Sound Acoustic Film best\u00e4tigt.<\/p>\n\n\n\n<p>Wenn Sie weitere Informationen zu den Bewertungsmethoden und -ergebnissen oder Fragen zu S-LEC\u2122 Sound Acoustic Film haben, z\u00f6gern Sie bitte nicht, uns zu kontaktieren.<\/p>\n\n\n<div class=\"c-button-type01 row justify-content-center\">\n\t<div class=\"col-lg-5 d-brochure-bg-btn is-inner-btn btn-size-medium\">\n\t\t<a href=\"\/de\/download\/Inquiry\/\" target=\"_blank\">\n\t\t\t<button type=\"button\" class=\"btn btn-primary\">F\u00fcr weitere Informationen wenden Sie sich bitte an<\/button>\n\t\t<\/a>\n\t<\/div>\n<\/div>\n\n<\/div>\t\t\t<\/div>\n\t\t<\/div>\n\t<\/div>\n\t<\/div>\n\n\n<H2 id=\"automotive-brochure\" class=\"c-title-level02 section-subtitle\">L\u00f6sungen f\u00fcr Panoramadach-Glas<\/H2>\n\n<div class=\"c-layout-frame section-flame\">\n\t\t<div class=\"row align-items-center\">\n\t\t<div class=\"col-lg-6 order-lg-1 order-0\">\n\t\t\t<div class=\"feature-img text-center\">\n\t\t\t\t\t\t\t\t<img decoding=\"async\" src=\"https:\/\/www.s-lecfilm.com\/wp-content\/uploads\/solar-auto_09-1-1-1024x576.webp\"  alt=\"Panoramic roof glass that provides parts reduction and design improvement\">\n\t\t\t\t\t\t\t<\/div>\n\t\t<\/div>\n\t\t<div class=\"col-lg-6 order-lg-0 order-1\">\n\t\t\t<div class=\"feature-cont\">\n\t\t\t\t<div class=\"acf-innerblocks-container\">\n\n<p>S-LEC\u2122 Film, das PVB-Zwischenschicht-Verbundglas von SEKISUI S-LEC, bietet eine breite Palette von L\u00f6sungen f\u00fcr den Bedarf an Panoramadach-Glas, die sich nicht nur auf akustische Funktionen beschr\u00e4nken.<\/p>\n\n\n\n<p>Die Einstellung der Lichtdurchl\u00e4ssigkeit vermittelt ein Gef\u00fchl der Offenheit und der Kontrolle des Sonnenlichts. Es tr\u00e4gt auch zur Sicherheit des Dachglases bei, indem es im Falle eines Glasbruchs dessen Zersplittern verhindert. S-LEC\u2122 Film reduziert mehr als 99 % der UV-Strahlen und sch\u00fctzt so die Haut der Fahrzeuginsassen in Fahrzeugen ohne Sonnenschutzdach. Sie kann mit einer Sonnenschutzfunktion kombiniert werden, die Infrarotstrahlen als W\u00e4rmequelle effektiv unterbricht und f\u00fcr zus\u00e4tzlichen Komfort sorgt.<\/p>\n\n\n\n<p>Hier k\u00f6nnen Sie weitere Informationen zu den vielf\u00e4ltigen Aufstellungen und technischen Daten herunterladen.<\/p>\n\n\n<div class=\"c-button-type01 row justify-content-center\">\n\t<div class=\"col-lg-5 d-brochure-bg-btn is-inner-btn btn-size-medium\">\n\t\t<a href=\"\/de\/download\/RoofP\/\" target=\"_blank\">\n\t\t\t<button type=\"button\" class=\"btn btn-primary\">Brosch\u00fcren herunterladen<\/button>\n\t\t<\/a>\n\t<\/div>\n<\/div>\n\n<\/div>\t\t\t<\/div>\n\t\t<\/div>\n\t<\/div>\n\t<\/div>\n\n<\/div>\n\n<\/div>\n\n\n\n<div class=\"frame is-bg-img c-more-detail \">\n\t<div class=\"container\">\n\t\t<div class=\"row justify-content-center\">\n\t\t\t<div class=\"col-lg-10\">\n\t\t\t\t<div class=\"row\">\n\t\t\t\t\t<div class=\"col-lg-7 mb-5 mb-lg-0\">\n\t\t\t\t\t\t<div class=\"contact-footer-text\">\n\t\t\t\t\t\t\tM\u00f6chten Sie mehr erfahren?\t\t\t\t\t\t<\/div>\n\t\t\t\t\t\t<div class=\"contact-footer-btn\">\n\t\t\t\t\t\t\t<a href=\"\/de\/download\/all\/\" target=\"_blank\">\n\t\t\t\t\t\t\t\t<button class=\"btn btn-primary fa-download-check\">\n\t\t\t\t\t\t\t\t\t\t\t\t\t\t\t\t\t\t\tDownloads\t\t\t\t\t\t\t\t\t\t\t\t\t\t\t\t\t<\/button>\n\t\t\t\t\t\t\t<\/a>\n\t\t\t\t\t\t\t<a href=\"\/de\/download\/Inquiry\/\" target=\"_blank\">\n\t\t\t\t\t\t\t\t<button class=\"btn btn-primary is-external-link\">\n\t\t\t\t\t\t\t\t\t\t\t\t\t\t\t\t\t\t\tKontakt\t\t\t\t\t\t\t\t\t\t\t\t\t\t\t\t\t<\/button>\n\t\t\t\t\t\t\t<\/a>\n\t\t\t\t\t\t<\/div>\n\t\t\t\t\t<\/div>\n\t\t\t\t\t<div class=\"col-lg-5\">\n\t\t\t\t\t\t<div class=\"contact-footer-img\">\n\t\t\t\t\t\t\t\t\t\t\t\t\t\t<img decoding=\"async\" src=\"https:\/\/www.s-lecfilm.com\/wp-content\/uploads\/thankyou_hero-1-1-1024x576.webp\" alt=\"Those who want to know more about S-LEC\u2122 Film\">\n\t\t\t\t\t\t\t\t\t\t\t\t\t<\/div>\n\t\t\t\t\t<\/div>\n\t\t\t\t<\/div>\n\t\t\t<\/div>\n\t\t<\/div>\n\t<\/div>\n<\/div>\n","protected":false},"excerpt":{"rendered":"","protected":false},"author":14,"featured_media":0,"parent":17041,"menu_order":84,"comment_status":"closed","ping_status":"closed","template":"","meta":{"_acf_changed":false,"_oasis_is_in_workflow":0,"_oasis_original":0,"om_disable_all_campaigns":false,"inline_featured_image":false,"_monsterinsights_skip_tracking":false,"_monsterinsights_sitenote_active":false,"_monsterinsights_sitenote_note":"","_monsterinsights_sitenote_category":0,"footnotes":""},"page_category":[120],"class_list":["post-17835","page","type-page","status-publish","hentry"],"acf":[],"aioseo_notices":[],"aioseo_head":"\n\t\t<!-- All in One SEO Pro 4.6.2 - aioseo.com -->\n\t\t<meta name=\"description\" content=\"Panoramadach-Glas mit S-LEC\u2122 Sound Acoustic Film beweist die 3,2dB Verbesserung in Windkanal-Fahrzeugtests.\" \/>\n\t\t<meta name=\"robots\" content=\"max-image-preview:large\" \/>\n\t\t<meta name=\"google-site-verification\" content=\"LGoHK3imcI57fEDyHDnPGNxrBKyRAWvyS1_pmekTNEU\" \/>\n\t\t<link rel=\"canonical\" href=\"https:\/\/www.s-lecfilm.com\/de\/news\/roof-acoustic\/\" \/>\n\t\t<meta name=\"generator\" content=\"All in One SEO Pro (AIOSEO) 4.6.2\" \/>\n\t\t<meta property=\"og:locale\" content=\"de_DE\" \/>\n\t\t<meta property=\"og:site_name\" content=\"SEKISUI S-LEC\" \/>\n\t\t<meta property=\"og:type\" content=\"article\" \/>\n\t\t<meta property=\"og:title\" content=\"Akustik f\u00fcr Panoramadach-Glas | SEKISUI S-LEC\" \/>\n\t\t<meta property=\"og:description\" content=\"Panoramadach-Glas mit S-LEC\u2122 Sound Acoustic Film beweist die 3,2dB Verbesserung in Windkanal-Fahrzeugtests.\" \/>\n\t\t<meta property=\"og:url\" content=\"https:\/\/www.s-lecfilm.com\/de\/news\/roof-acoustic\/\" \/>\n\t\t<meta property=\"og:image\" content=\"https:\/\/www.s-lecfilm.com\/wp-content\/uploads\/shutterstock_2237149545-1.webp\" \/>\n\t\t<meta property=\"og:image:secure_url\" content=\"https:\/\/www.s-lecfilm.com\/wp-content\/uploads\/shutterstock_2237149545-1.webp\" \/>\n\t\t<meta property=\"og:image:width\" content=\"1920\" \/>\n\t\t<meta property=\"og:image:height\" content=\"1080\" \/>\n\t\t<meta property=\"article:published_time\" content=\"2023-11-24T01:55:39+00:00\" \/>\n\t\t<meta property=\"article:modified_time\" content=\"2024-06-06T22:29:09+00:00\" \/>\n\t\t<meta name=\"twitter:card\" content=\"summary_large_image\" \/>\n\t\t<meta name=\"twitter:title\" content=\"Akustik f\u00fcr Panoramadach-Glas | SEKISUI S-LEC\" \/>\n\t\t<meta name=\"twitter:description\" content=\"Panoramadach-Glas mit S-LEC\u2122 Sound Acoustic Film beweist die 3,2dB Verbesserung in Windkanal-Fahrzeugtests.\" \/>\n\t\t<meta name=\"twitter:image\" content=\"https:\/\/www.s-lecfilm.com\/wp-content\/uploads\/2023\/01\/Open-Graph-Image.png\" \/>\n\t\t<script type=\"application\/ld+json\" class=\"aioseo-schema\">\n\t\t\t{\"@context\":\"https:\\\/\\\/schema.org\",\"@graph\":[{\"@type\":\"BreadcrumbList\",\"@id\":\"https:\\\/\\\/www.s-lecfilm.com\\\/de\\\/news\\\/roof-acoustic\\\/#breadcrumblist\",\"itemListElement\":[{\"@type\":\"ListItem\",\"@id\":\"https:\\\/\\\/www.s-lecfilm.com\\\/de\\\/#listItem\",\"position\":1,\"name\":\"Zu Hause\",\"item\":\"https:\\\/\\\/www.s-lecfilm.com\\\/de\\\/\",\"nextItem\":\"https:\\\/\\\/www.s-lecfilm.com\\\/de\\\/news\\\/#listItem\"},{\"@type\":\"ListItem\",\"@id\":\"https:\\\/\\\/www.s-lecfilm.com\\\/de\\\/news\\\/#listItem\",\"position\":2,\"name\":\"\\\/de\\\/news\\\/\",\"item\":\"https:\\\/\\\/www.s-lecfilm.com\\\/de\\\/news\\\/\",\"nextItem\":\"https:\\\/\\\/www.s-lecfilm.com\\\/de\\\/news\\\/roof-acoustic\\\/#listItem\",\"previousItem\":\"https:\\\/\\\/www.s-lecfilm.com\\\/de\\\/#listItem\"},{\"@type\":\"ListItem\",\"@id\":\"https:\\\/\\\/www.s-lecfilm.com\\\/de\\\/news\\\/roof-acoustic\\\/#listItem\",\"position\":3,\"name\":\"\\\/de\\\/news\\\/roof-acoustic\\\/\",\"previousItem\":\"https:\\\/\\\/www.s-lecfilm.com\\\/de\\\/news\\\/#listItem\"}]},{\"@type\":\"Organization\",\"@id\":\"https:\\\/\\\/www.s-lecfilm.com\\\/de\\\/#organization\",\"name\":\"s-lecfilm\",\"url\":\"https:\\\/\\\/www.s-lecfilm.com\\\/de\\\/\"},{\"@type\":\"WebPage\",\"@id\":\"https:\\\/\\\/www.s-lecfilm.com\\\/de\\\/news\\\/roof-acoustic\\\/#webpage\",\"url\":\"https:\\\/\\\/www.s-lecfilm.com\\\/de\\\/news\\\/roof-acoustic\\\/\",\"name\":\"Akustik f\\u00fcr Panoramadach-Glas | SEKISUI S-LEC\",\"description\":\"Panoramadach-Glas mit S-LEC\\u2122 Sound Acoustic Film beweist die 3,2dB Verbesserung in Windkanal-Fahrzeugtests.\",\"inLanguage\":\"de-DE\",\"isPartOf\":{\"@id\":\"https:\\\/\\\/www.s-lecfilm.com\\\/de\\\/#website\"},\"breadcrumb\":{\"@id\":\"https:\\\/\\\/www.s-lecfilm.com\\\/de\\\/news\\\/roof-acoustic\\\/#breadcrumblist\"},\"datePublished\":\"2023-11-24T10:55:39+09:00\",\"dateModified\":\"2024-06-07T07:29:09+09:00\"},{\"@type\":\"WebSite\",\"@id\":\"https:\\\/\\\/www.s-lecfilm.com\\\/de\\\/#website\",\"url\":\"https:\\\/\\\/www.s-lecfilm.com\\\/de\\\/\",\"name\":\"s-lecfilm\",\"inLanguage\":\"de-DE\",\"publisher\":{\"@id\":\"https:\\\/\\\/www.s-lecfilm.com\\\/de\\\/#organization\"}}]}\n\t\t<\/script>\n\t\t<!-- All in One SEO Pro -->\r\n\t\t<title>Akustik f\u00fcr Panoramadach-Glas | SEKISUI S-LEC<\/title>\n\n","aioseo_head_json":{"title":"Akustik f\u00fcr Panoramadach-Glas | SEKISUI S-LEC","description":"Panoramadach-Glas mit S-LEC\u2122 Sound Acoustic Film beweist die 3,2dB Verbesserung in Windkanal-Fahrzeugtests.","canonical_url":"https:\/\/www.s-lecfilm.com\/de\/news\/roof-acoustic\/","robots":"max-image-preview:large","keywords":"","webmasterTools":{"google-site-verification":"LGoHK3imcI57fEDyHDnPGNxrBKyRAWvyS1_pmekTNEU","miscellaneous":""},"og:locale":"de_DE","og:site_name":"SEKISUI S-LEC","og:type":"article","og:title":"Akustik f\u00fcr Panoramadach-Glas | SEKISUI S-LEC","og:description":"Panoramadach-Glas mit S-LEC\u2122 Sound Acoustic Film beweist die 3,2dB Verbesserung in Windkanal-Fahrzeugtests.","og:url":"https:\/\/www.s-lecfilm.com\/de\/news\/roof-acoustic\/","og:image":"https:\/\/www.s-lecfilm.com\/wp-content\/uploads\/shutterstock_2237149545-1.webp","og:image:secure_url":"https:\/\/www.s-lecfilm.com\/wp-content\/uploads\/shutterstock_2237149545-1.webp","og:image:width":1920,"og:image:height":1080,"article:published_time":"2023-11-24T01:55:39+00:00","article:modified_time":"2024-06-06T22:29:09+00:00","twitter:card":"summary_large_image","twitter:title":"Akustik f\u00fcr Panoramadach-Glas | SEKISUI S-LEC","twitter:description":"Panoramadach-Glas mit S-LEC\u2122 Sound Acoustic Film beweist die 3,2dB Verbesserung in Windkanal-Fahrzeugtests.","twitter:image":"https:\/\/www.s-lecfilm.com\/wp-content\/uploads\/2023\/01\/Open-Graph-Image.png","schema":{"@context":"https:\/\/schema.org","@graph":[{"@type":"BreadcrumbList","@id":"https:\/\/www.s-lecfilm.com\/de\/news\/roof-acoustic\/#breadcrumblist","itemListElement":[{"@type":"ListItem","@id":"https:\/\/www.s-lecfilm.com\/de\/#listItem","position":1,"name":"Zu Hause","item":"https:\/\/www.s-lecfilm.com\/de\/","nextItem":"https:\/\/www.s-lecfilm.com\/de\/news\/#listItem"},{"@type":"ListItem","@id":"https:\/\/www.s-lecfilm.com\/de\/news\/#listItem","position":2,"name":"\/de\/news\/","item":"https:\/\/www.s-lecfilm.com\/de\/news\/","nextItem":"https:\/\/www.s-lecfilm.com\/de\/news\/roof-acoustic\/#listItem","previousItem":"https:\/\/www.s-lecfilm.com\/de\/#listItem"},{"@type":"ListItem","@id":"https:\/\/www.s-lecfilm.com\/de\/news\/roof-acoustic\/#listItem","position":3,"name":"\/de\/news\/roof-acoustic\/","previousItem":"https:\/\/www.s-lecfilm.com\/de\/news\/#listItem"}]},{"@type":"Organization","@id":"https:\/\/www.s-lecfilm.com\/de\/#organization","name":"s-lecfilm","url":"https:\/\/www.s-lecfilm.com\/de\/"},{"@type":"WebPage","@id":"https:\/\/www.s-lecfilm.com\/de\/news\/roof-acoustic\/#webpage","url":"https:\/\/www.s-lecfilm.com\/de\/news\/roof-acoustic\/","name":"Akustik f\u00fcr Panoramadach-Glas | SEKISUI S-LEC","description":"Panoramadach-Glas mit S-LEC\u2122 Sound Acoustic Film beweist die 3,2dB Verbesserung in Windkanal-Fahrzeugtests.","inLanguage":"de-DE","isPartOf":{"@id":"https:\/\/www.s-lecfilm.com\/de\/#website"},"breadcrumb":{"@id":"https:\/\/www.s-lecfilm.com\/de\/news\/roof-acoustic\/#breadcrumblist"},"datePublished":"2023-11-24T10:55:39+09:00","dateModified":"2024-06-07T07:29:09+09:00"},{"@type":"WebSite","@id":"https:\/\/www.s-lecfilm.com\/de\/#website","url":"https:\/\/www.s-lecfilm.com\/de\/","name":"s-lecfilm","inLanguage":"de-DE","publisher":{"@id":"https:\/\/www.s-lecfilm.com\/de\/#organization"}}]}},"aioseo_meta_data":{"post_id":"17835","title":"Akustik f\u00fcr Panoramadach-Glas | SEKISUI S-LEC","description":"Panoramadach-Glas mit S-LEC\u2122 Sound Acoustic Film beweist die 3,2dB Verbesserung in Windkanal-Fahrzeugtests.","keywords":null,"keyphrases":"{\"focus\":{\"keyphrase\":\"\",\"score\":0,\"analysis\":{\"keyphraseInTitle\":{\"score\":0,\"maxScore\":9,\"error\":1}}},\"additional\":[]}","primary_term":null,"canonical_url":null,"og_title":null,"og_description":null,"og_object_type":"default","og_image_type":"custom_image","og_image_url":"https:\/\/www.s-lecfilm.com\/wp-content\/uploads\/shutterstock_2237149545-1.webp","og_image_width":"1920","og_image_height":"1080","og_image_custom_url":"https:\/\/www.s-lecfilm.com\/wp-content\/uploads\/shutterstock_2237149545-1.webp","og_image_custom_fields":null,"og_video":"","og_custom_url":null,"og_article_section":null,"og_article_tags":null,"twitter_use_og":false,"twitter_card":"default","twitter_image_type":"default","twitter_image_url":null,"twitter_image_custom_url":null,"twitter_image_custom_fields":null,"twitter_title":null,"twitter_description":null,"schema":{"blockGraphs":[],"customGraphs":[],"default":{"data":{"Article":[],"Course":[],"Dataset":[],"FAQPage":[],"Movie":[],"Person":[],"Product":[],"Recipe":[],"Service":[],"SoftwareApplication":[],"WebPage":[]},"graphName":"WebPage","isEnabled":true},"graphs":[]},"schema_type":"default","schema_type_options":null,"pillar_content":false,"robots_default":true,"robots_noindex":true,"robots_noarchive":false,"robots_nosnippet":false,"robots_nofollow":false,"robots_noimageindex":false,"robots_noodp":false,"robots_notranslate":false,"robots_max_snippet":"-1","robots_max_videopreview":"-1","robots_max_imagepreview":"large","priority":null,"frequency":"default","local_seo":null,"limit_modified_date":false,"reviewed_by":null,"open_ai":{"title":{"suggestions":[],"usage":0},"description":{"suggestions":[],"usage":0}},"created":"2024-03-06 17:09:38","updated":"2024-06-07 03:27:04"},"aioseo_breadcrumb":"<div class=\"aioseo-breadcrumbs\"><span class=\"aioseo-breadcrumb\">\n\t<a href=\"https:\/\/www.s-lecfilm.com\/de\/\" title=\"\u30db\u30fc\u30e0\">\u30db\u30fc\u30e0<\/a>\n<\/span><span class=\"aioseo-breadcrumb-separator\">&raquo;<\/span><span class=\"aioseo-breadcrumb\">\n\t<a href=\"https:\/\/www.s-lecfilm.com\/de\/news\/\" title=\"Privat: \/de\/news\/\">Privat: \/de\/news\/<\/a>\n<\/span><span class=\"aioseo-breadcrumb-separator\">&raquo;<\/span><span class=\"aioseo-breadcrumb\">\n\t\/de\/news\/roof-acoustic\/\n<\/span><\/div>","aioseo_breadcrumb_json":[{"label":"\u30db\u30fc\u30e0","link":"https:\/\/www.s-lecfilm.com\/de\/"},{"label":"Privat: \/de\/news\/","link":"https:\/\/www.s-lecfilm.com\/de\/news\/"},{"label":"\/de\/news\/roof-acoustic\/","link":"https:\/\/www.s-lecfilm.com\/de\/news\/roof-acoustic\/"}],"_links":{"self":[{"href":"https:\/\/www.s-lecfilm.com\/de\/wp-json\/wp\/v2\/pages\/17835"}],"collection":[{"href":"https:\/\/www.s-lecfilm.com\/de\/wp-json\/wp\/v2\/pages"}],"about":[{"href":"https:\/\/www.s-lecfilm.com\/de\/wp-json\/wp\/v2\/types\/page"}],"author":[{"embeddable":true,"href":"https:\/\/www.s-lecfilm.com\/de\/wp-json\/wp\/v2\/users\/14"}],"replies":[{"embeddable":true,"href":"https:\/\/www.s-lecfilm.com\/de\/wp-json\/wp\/v2\/comments?post=17835"}],"version-history":[{"count":6,"href":"https:\/\/www.s-lecfilm.com\/de\/wp-json\/wp\/v2\/pages\/17835\/revisions"}],"predecessor-version":[{"id":21310,"href":"https:\/\/www.s-lecfilm.com\/de\/wp-json\/wp\/v2\/pages\/17835\/revisions\/21310"}],"up":[{"embeddable":true,"href":"https:\/\/www.s-lecfilm.com\/de\/wp-json\/wp\/v2\/pages\/17041"}],"wp:attachment":[{"href":"https:\/\/www.s-lecfilm.com\/de\/wp-json\/wp\/v2\/media?parent=17835"}],"wp:term":[{"taxonomy":"page_category","embeddable":true,"href":"https:\/\/www.s-lecfilm.com\/de\/wp-json\/wp\/v2\/page_category?post=17835"}],"curies":[{"name":"wp","href":"https:\/\/api.w.org\/{rel}","templated":true}]}}