{"id":17816,"date":"2023-10-25T17:54:38","date_gmt":"2023-10-25T08:54:38","guid":{"rendered":"https:\/\/www.s-lecfilm.com\/en-news\/en-news-puv-comfort\/"},"modified":"2025-06-26T20:32:00","modified_gmt":"2025-06-26T11:32:00","slug":"en-news-puv-comfort","status":"publish","type":"page","link":"https:\/\/www.s-lecfilm.com\/de\/news\/puv-comfort\/","title":{"rendered":"\/de\/news\/puv-comfort\/"},"content":{"rendered":"<div class=\"frame pt-0\" style=\"clear: both;\">\n\t<div class=\"hero-flame\" style=\"height:62vh;margin:0;\">\n\t\t<div class=\"hero-flame-bg\">\n\t\t\t<img loading=\"lazy\" decoding=\"async\" class=\"hero-flame-bg-img\" src=\"https:\/\/www.s-lecfilm.com\/wp-content\/uploads\/puv-comfort_hero-3.webp\" width=\"1920\" height=\"1080\" alt=\"A woman experiences a solution that shields people from UV rays using the PVB interlayer film.\" style=\"object-position:0% 80%;\">\n\t\t<\/div>\n\t\t<div class=\"hero-flame-content\">\n\t\t\t\t\t\t\t<div class=\"hero-text\">\n\t\t\t\t\t<div class=\"hero-text-title\">\n\t\t\t\t\t\tAuswirkungen von<br>Infrarotstrahlen verhindern\t\t\t\t\t<\/div>\n\t\t\t\t\t\t\t\t\t\t\t<div class=\"hero-text-subtitle\">\n\t\t\t\t\t\t\tF\u00fcr ein komfortables, gesundes Fahrerlebnis\t\t\t\t\t\t<\/div>\n\t\t\t\t\t\t\t\t\t<\/div>\n\t\t\t\t<\/div>\n\t<\/div>\n<\/div>\n\n<div class=\"frame pt-0 pb-0\">\n\t\n<div class=\"container pb-0 mb-0\">\n\t\n<H2 class=\"c-title-level02 section-subtitle\">Auswirkungen von ultravioletten (UV) und infraroten Strahlen (IR)<\/H2>\n\n<div class=\"c-layout-frame section-flame\">\n\t\t<div class=\"row align-items-center\">\n\t\t<div class=\"col-lg-6\">\n\t\t\t<div class=\"feature-img text-center\">\n\t\t\t\t\t\t\t\t<img decoding=\"async\" src=\"https:\/\/www.s-lecfilm.com\/wp-content\/uploads\/puv-comfort_contents-1-1024x683.webp\"  alt=\"A woman who&#039;s afraid of photoaging due to the influence of ultraviolet rays (UV) and near-infrared rays (NIR)\">\n\t\t\t\t\t\t\t<\/div>\n\t\t<\/div>\n\t\t<div class=\"col-lg-6\">\n\t\t\t<div class=\"feature-cont\">\n\t\t\t\t<div class=\"acf-innerblocks-container\">\n\n<p>Ultraviolette (UV) Strahlen lassen sich nach ihrer Wellenl\u00e4nge in drei Typen unterteilen: UV-A, UV-B und UV-C. UV-C wird von der Ozonschicht absorbiert und erreicht die Erdoberfl\u00e4che nicht, aber UV-A und UV-B erreichen den Boden und k\u00f6nnen Lichtalterung verursachen, die bei langer Exposition zu Hautproblemen wie ungesunder Br\u00e4unung, Faltenbildung und Hauterschlaffung f\u00fchren kann.<\/p>\n\n\n\n<p>Die Forschung hat gezeigt, dass die Nahinfrarotstrahlen (NIR), die etwa 50 % des Sonnenlichts ausmachen, ebenfalls am Prozess der Lichtalterung beteiligt sind und aufgrund ihrer thermischen Wirkung auf die Nerven zu Hautreizungen wie einem Anstieg der K\u00f6rpertemperatur f\u00fchren k\u00f6nnen.<\/p>\n\n\n\n<p>Die st\u00e4ndige Einwirkung von UV-A- und Nahinfrarot-Strahlen f\u00fchrt dazu, dass sich Kollagen und Elastin umwandeln und ihre urspr\u00fcnglichen Funktionen verlieren, und auch der Halt des Unterhautgewebes wird geschw\u00e4cht, was zu nicht vermeidbaren Hautsch\u00e4den f\u00fchrt. Um Hautproblemen vorzubeugen und die Gesundheit der Menschen zu sch\u00fctzen, ist es wichtig, Ma\u00dfnahmen zu ergreifen, um die Exposition gegen\u00fcber Ultraviolett- und Nahinfrarotstrahlung zu reduzieren.<\/p>\n\n<\/div>\t\t\t<\/div>\n\t\t<\/div>\n\t<\/div>\n\t<\/div>\n\n\n<H2 class=\"c-title-level02 section-subtitle\">Gesundheit und Komfort erreichen<\/H2>\n\n<div class=\"container\">\r\n\t<div class=\"container\">\r\n\t\t<div class=\"section-flame\">\r\n\t\t\t<div class=\"row justify-content-end align-items-center\">\r\n\t\t\t\t\t\t\t\t\t<div class=\"col-lg-6 order-lg-0 order-1\">\r\n\t\t\t\t\t\t<div class=\"feature-cont\">\n\t<div class=\"feature-cont-title\"><\/div>\n\t<div class=\"feature-cont-text\">\n\t\tUV-A kann in tiefere Schichten der Haut (Dermis) eindringen und langfristige Hautsch\u00e4den verursachen.<br \/>\n<br \/>\nLaminiertes Glass mit unserem S-LEC\u2122 Premium UV-Schutz Film UA01 bietet eine au\u00dfergew\u00f6hnliche UV-A-Blockierleistung und reduziert die UV-A-Durchl\u00e4ssigkeit auf weniger als 0,1 % im Vergleich zu Standard-Laminatglas.<br \/>\nIn Kombination mit dem S-LEC\u2122 Solar Control Film ist es m\u00f6glich, zus\u00e4tzlich zu den ultravioletten Strahlen auch die infraroten Strahlen zu unterdr\u00fccken, um das Aufheizen des Fahrzeuginnenraums zu reduzieren, was zu einem angenehmeren und gesundheitsf\u00f6rdernden Fahrzeuginnenraum f\u00fchrt.<br \/>\n<br \/>\nBei SEKISUI S-LEC haben wir uns verpflichtet, neue wertvolle L\u00f6sungen durch PVB-Zwischenschichtfolien f\u00fcr Laminiertes Glass zu schaffen, um zu den Entwicklungen in der st\u00e4ndig wachsenden Automobil- und Architekturindustrie beizutragen.\t<\/div>\n<\/div>\n<div class=\"row d-brochure-bg-btn-wrap justify-content-end with-accent align-items-center mt-4 mx-0\">\n\t\t<div class=\"col-lg-5 d-brochure-bg-btn is-inner-btn with-accent\">\n\t\t\t<\/div>\n<\/div>\t\t\t\t\t<\/div>\r\n\t\t\t\t\t<div class=\"col-lg-6 order-lg-1\">\r\n\t\t\t\t\t\t<div class=\"youtube_wrap\">\n\t<div class=\"youtube_area un_youtube_area\">\n\t\t<script src=\"https:\/\/www.youtube.com\/iframe_api\"><\/script>\n\t\t<iframe loading=\"lazy\" data-cookieconsent=\"necessary\" width=\"560\" height=\"315\" src=\"\/\/www.youtube.com\/embed\/ig13Z-pKSHc?enablejsapi=1&amp;origin=https%3A%2F%2Fwww.s-lecfilm.com\" title=\"\" frameborder=\"0\" allow=\"accelerometer; autoplay; clipboard-write; encrypted-media; gyroscope; picture-in-picture\" allowfullscreen=\"\" data-gtm-yt-inspected-7440638_38=\"true\" id=\"900282223\"><\/iframe>\n\t<\/div>\n<\/div>\n\t\t\t\t\t<\/div>\r\n\t\t\t\t\t\t\t<\/div>\r\n\t\t<\/div>\r\n\t<\/div>\r\n<\/div>\r\n\n\n<H2 class=\"c-title-level02 section-subtitle\">Bewertet durch Fahrzeugtests<\/H2>\n\n<div class=\"c-layout-frame section-flame\">\n\t\t<div class=\"row align-items-center\">\n\t\t<div class=\"col-lg-6\">\n\t\t\t<div class=\"feature-img text-left\">\n\t\t\t\t\t\t\t\t<img decoding=\"async\" src=\"https:\/\/www.s-lecfilm.com\/wp-content\/uploads\/puv-comfort_contents_vehicle-1-1024x577.webp\"  alt=\"Heat reduction effect of S-LEC\u2122 Solar Control Film that has been confirmed in the actual vehicle evaluation\">\n\t\t\t\t\t\t\t<\/div>\n\t\t<\/div>\n\t\t<div class=\"col-lg-6\">\n\t\t\t<div class=\"feature-cont\">\n\t\t\t\t<div class=\"acf-innerblocks-container\">\n\n<p>Wir haben die hitzesch\u00fctzende Wirkung von S-LEC\u2122 Solar Control Film in verschiedenen Fahrzeugtests best\u00e4tigt.<\/p>\n\n\n\n<p>In einem unserer Tests haben wir eine Windschutzscheibe mit einer PVB-Zwischenschicht und eine mit der S-LEC\u2122 Solar Control Folie in zwei gleiche Fahrzeuge eingebaut, um den Temperaturanstieg im Inneren des Fahrzeugs unter gleichen Fahrbedingungen zu messen. Als Ergebnis konnten wir eine Hitzeschutzleistung von bis zu 7\u00b0C best\u00e4tigen.<\/p>\n\n\n\n<p>Bei den immer beliebter werdenden Elektroautos kann durch die wirksame Abschirmung der in das Auto eindringenden W\u00e4rme der Stromverbrauch der Klimaanlage reduziert werden, was zur Verl\u00e4ngerung der Reichweite des Fahrzeugs beitr\u00e4gt.  <\/p>\n\n\n\n<p>Bitte kontaktieren Sie uns f\u00fcr weitere Details zu unseren Testdaten.<\/p>\n\n<\/div>\t\t\t<\/div>\n\t\t<\/div>\n\t<\/div>\n\t<\/div>\n\n\n<H2 class=\"c-title-level02 section-subtitle\">Verbraucherumfrage zum thermischen Komfort<\/H2>\n\n<div class=\"c-layout-frame section-flame\">\n\t\t<div class=\"row align-items-center\">\n\t\t<div class=\"col-lg-6 order-lg-1 order-0\">\n\t\t\t<div class=\"feature-img text-left\">\n\t\t\t\t\t\t\t\t<img decoding=\"async\" src=\"https:\/\/www.s-lecfilm.com\/wp-content\/uploads\/puv-comfort_contents_study-2-1024x683.webp\"  alt=\"Survey implementation by SEKISUI S-LEC\">\n\t\t\t\t\t\t\t<\/div>\n\t\t<\/div>\n\t\t<div class=\"col-lg-6 order-lg-0 order-1\">\n\t\t\t<div class=\"feature-cont\">\n\t\t\t\t<div class=\"acf-innerblocks-container\">\n\n<p>S-LEC\u2122 Solar Control Film reduziert den durch die Sonne verursachten Temperaturanstieg und sorgt auch an hei\u00dfen Tagen f\u00fcr ein angenehmes Klima im Fahrzeuginnenraum.<\/p>\n\n\n\n<p>In einer Umfrage unter 526 Teilnehmern verwendeten wir ein Demonstrationskit mit zwei Gl\u00e4sern, eines mit herk\u00f6mmlichem laminiertem Glass und eines mit S-LEC\u2122 Solar Control Film, die unter Lampen platziert wurden, die k\u00fcnstliches Sonnenlicht imitierten. Die Teilnehmer konnten so den Unterschied im W\u00e4rmeempfinden sp\u00fcren. 94 % der Teilnehmer best\u00e4tigten, dass sie die hitzeabschirmende Wirkung von S-LEC\u2122 Solar Control Film im Vergleich zu herk\u00f6mmlichem laminiertem Glass sp\u00fcren.<\/p>\n\n\n\n<p>S-LEC\u2122 Solar Control Film wird von den Verbrauchern als eine L\u00f6sung anerkannt, die den Innenraum von Autos komfortabler machen kann und den zus\u00e4tzlichen Vorteil bietet, dass die Notwendigkeit einer st\u00e4ndigen Nutzung der Klimaanlage reduziert wird, was zum elektrischen Fahren beitr\u00e4gt.<\/p>\n\n<\/div>\t\t\t<\/div>\n\t\t<\/div>\n\t<\/div>\n\t<\/div>\n\n\n<H1 class=\"c-title-level02 section-subtitle\">Anwendung von Ultraviolett- und Infrarotschutzglas<\/H1>\n\n<div class=\"c-layout-frame section-flame\">\n\t\t<div class=\"row align-items-center\">\n\t\t<div class=\"col-lg-6\">\n\t\t\t<div class=\"feature-img text-left\">\n\t\t\t\t\t\t\t\t<img decoding=\"async\" src=\"https:\/\/www.s-lecfilm.com\/wp-content\/uploads\/puv-comfort_contents_glass-1-1024x683.webp\"  alt=\"UV and NIR cuts increase the need for automobile glass\">\n\t\t\t\t\t\t\t<\/div>\n\t\t<\/div>\n\t\t<div class=\"col-lg-6\">\n\t\t\t<div class=\"feature-cont\">\n\t\t\t\t<div class=\"acf-innerblocks-container\">\n\n<p>Die Nachfrage nach Laminiertem Glass, das die Haut vor den negativen Auswirkungen des Sonnenlichts sch\u00fctzt, wie z.B. UV-Schutz und Hitzeschutz, steigt deutlich an.<\/p>\n\n\n\n<p>S-LEC\u2122 Solar Control Film hat sich in Fahrzeugtests und Verbraucherbefragungen als n\u00fctzliche Funktion f\u00fcr Autoscheiben zur Verringerung der Hitzeeinwirkung erwiesen. In Kombination mit S-LEC\u2122 Premium UV-Schutz Film UA01 k\u00f6nnen zus\u00e4tzliche Vorteile f\u00fcr Gesundheit und Komfort erzielt werden.<\/p>\n\n\n\n<p>S-LEC\u2122 Solar Control Film wird von verschiedenen Automobilherstellern rund um den Globus eingesetzt, um ihre Windschutzscheiben und Seitenscheiben mit UV- und IR-Schutz zu versehen und so Gesundheit und Komfort f\u00fcr ihre Kunden zu verbessern.<\/p>\n\n<\/div>\t\t\t<\/div>\n\t\t<\/div>\n\t<\/div>\n\t<\/div>\n\n\n<H2 class=\"c-title-level02 section-subtitle\">Erleben Sie solaren Komfort<\/H2>\n\n<div class=\"c-layout-frame section-flame\">\n\t\t<div class=\"row align-items-center\">\n\t\t<div class=\"col-lg-6 order-lg-1 order-0\">\n\t\t\t<div class=\"feature-img text-left\">\n\t\t\t\t\t\t\t\t<img decoding=\"async\" src=\"https:\/\/www.s-lecfilm.com\/wp-content\/uploads\/S-LEC_Solar_demonstration-1024x686.webp\"  alt=\"A Demonstration that shows heat shielding between S-LEC\u2122 Solar Control Film and general glass\">\n\t\t\t\t\t\t\t<\/div>\n\t\t<\/div>\n\t\t<div class=\"col-lg-6 order-lg-0 order-1\">\n\t\t\t<div class=\"feature-cont\">\n\t\t\t\t<div class=\"acf-innerblocks-container\">\n\n<p>Sie k\u00f6nnen die Vorteile von S-LEC\u2122 Solar Control Film f\u00fcr Autoglas mit unserem Demonstrationskit aus der Verbraucherumfrage erleben.<\/p>\n\n\n\n<p>Bitte nehmen Sie Kontakt mit uns auf, wenn Sie diese Erfahrung machen m\u00f6chten, und setzen Sie sich mit unseren Vertretern vor Ort in Verbindung, um die M\u00f6glichkeiten einer Vorf\u00fchrung zu besprechen oder weitere Informationen \u00fcber unsere L\u00f6sungen f\u00fcr Automobilglas zu erhalten.<\/p>\n\n\n<div class=\"c-button-type01 row justify-content-center\">\n\t<div class=\"col-lg-5 d-brochure-bg-btn is-inner-btn btn-size-medium\">\n\t\t<a href=\"\/de\/download\/Solar-demo\/\" target=\"_blank\">\n\t\t\t<button type=\"button\" class=\"btn btn-primary\">Demonstration anfordern<\/button>\n\t\t<\/a>\n\t<\/div>\n<\/div>\n\n<\/div>\t\t\t<\/div>\n\t\t<\/div>\n\t<\/div>\n\t<\/div>\n\n<\/div>\n\n<\/div>\n\n\n\n<div class=\"frame is-bg-img c-more-detail \">\n\t<div class=\"container\">\n\t\t<div class=\"row justify-content-center\">\n\t\t\t<div class=\"col-lg-10\">\n\t\t\t\t<div class=\"row\">\n\t\t\t\t\t<div class=\"col-lg-7 mb-5 mb-lg-0\">\n\t\t\t\t\t\t<div class=\"contact-footer-text\">\n\t\t\t\t\t\t\tM\u00f6chten Sie mehr erfahren?\t\t\t\t\t\t<\/div>\n\t\t\t\t\t\t<div class=\"contact-footer-btn\">\n\t\t\t\t\t\t\t<a href=\"\/de\/download\/all\/\" target=\"_blank\">\n\t\t\t\t\t\t\t\t<button class=\"btn btn-primary fa-download-check\">\n\t\t\t\t\t\t\t\t\t\t\t\t\t\t\t\t\t\t\tDownloads\t\t\t\t\t\t\t\t\t\t\t\t\t\t\t\t\t<\/button>\n\t\t\t\t\t\t\t<\/a>\n\t\t\t\t\t\t\t<a href=\"\/de\/download\/Inquiry\/\" target=\"_blank\">\n\t\t\t\t\t\t\t\t<button class=\"btn btn-primary is-external-link\">\n\t\t\t\t\t\t\t\t\t\t\t\t\t\t\t\t\t\t\tKontakt\t\t\t\t\t\t\t\t\t\t\t\t\t\t\t\t\t<\/button>\n\t\t\t\t\t\t\t<\/a>\n\t\t\t\t\t\t<\/div>\n\t\t\t\t\t<\/div>\n\t\t\t\t\t<div class=\"col-lg-5\">\n\t\t\t\t\t\t<div class=\"contact-footer-img\">\n\t\t\t\t\t\t\t\t\t\t\t\t\t\t<img decoding=\"async\" src=\"https:\/\/www.s-lecfilm.com\/wp-content\/uploads\/thankyou_hero-1-1-1024x576.webp\" alt=\"Those who want to know more about S-LEC\u2122 Film\">\n\t\t\t\t\t\t\t\t\t\t\t\t\t<\/div>\n\t\t\t\t\t<\/div>\n\t\t\t\t<\/div>\n\t\t\t<\/div>\n\t\t<\/div>\n\t<\/div>\n<\/div>\n","protected":false},"excerpt":{"rendered":"","protected":false},"author":14,"featured_media":0,"parent":17041,"menu_order":83,"comment_status":"closed","ping_status":"closed","template":"","meta":{"_acf_changed":false,"_oasis_is_in_workflow":0,"_oasis_original":0,"om_disable_all_campaigns":false,"inline_featured_image":false,"_monsterinsights_skip_tracking":false,"_monsterinsights_sitenote_active":false,"_monsterinsights_sitenote_note":"","_monsterinsights_sitenote_category":0,"footnotes":""},"page_category":[120],"class_list":["post-17816","page","type-page","status-publish","hentry"],"acf":[],"aioseo_notices":[],"aioseo_head":"\n\t\t<!-- All in One SEO Pro 4.6.2 - aioseo.com -->\n\t\t<meta name=\"description\" content=\"Unsere L\u00f6sungen f\u00fcr Automobilglas k\u00f6nnen ultraviolette (UV) und infrarote (IR) Strahlen reduzieren und so f\u00fcr einen komfortablen und gesundheitsf\u00f6rdernden Fahrzeuginnenraum sorgen.\" \/>\n\t\t<meta name=\"robots\" content=\"max-image-preview:large\" \/>\n\t\t<meta name=\"google-site-verification\" content=\"LGoHK3imcI57fEDyHDnPGNxrBKyRAWvyS1_pmekTNEU\" \/>\n\t\t<link rel=\"canonical\" href=\"https:\/\/www.s-lecfilm.com\/de\/news\/puv-comfort\/\" \/>\n\t\t<meta name=\"generator\" content=\"All in One SEO Pro (AIOSEO) 4.6.2\" \/>\n\t\t<meta property=\"og:locale\" content=\"de_DE\" \/>\n\t\t<meta property=\"og:site_name\" content=\"SEKISUI S-LEC\" \/>\n\t\t<meta property=\"og:type\" content=\"article\" \/>\n\t\t<meta property=\"og:title\" content=\"Verhinderung der Auswirkungen von Infrarotstrahlen | SEKISUI S-LEC\" \/>\n\t\t<meta property=\"og:description\" content=\"Unsere L\u00f6sungen f\u00fcr Automobilglas k\u00f6nnen ultraviolette (UV) und infrarote (IR) Strahlen reduzieren und so f\u00fcr einen komfortablen und gesundheitsf\u00f6rdernden Fahrzeuginnenraum sorgen.\" \/>\n\t\t<meta property=\"og:url\" content=\"https:\/\/www.s-lecfilm.com\/de\/news\/puv-comfort\/\" \/>\n\t\t<meta property=\"og:image\" content=\"https:\/\/www.s-lecfilm.com\/wp-content\/uploads\/puv-comfort_hero-3.webp\" \/>\n\t\t<meta property=\"og:image:secure_url\" content=\"https:\/\/www.s-lecfilm.com\/wp-content\/uploads\/puv-comfort_hero-3.webp\" \/>\n\t\t<meta property=\"og:image:width\" content=\"1920\" \/>\n\t\t<meta property=\"og:image:height\" content=\"1080\" \/>\n\t\t<meta property=\"article:published_time\" content=\"2023-10-25T08:54:38+00:00\" \/>\n\t\t<meta property=\"article:modified_time\" content=\"2025-06-26T11:32:00+00:00\" \/>\n\t\t<meta name=\"twitter:card\" content=\"summary_large_image\" \/>\n\t\t<meta name=\"twitter:title\" content=\"Verhinderung der Auswirkungen von Infrarotstrahlen | SEKISUI S-LEC\" \/>\n\t\t<meta name=\"twitter:description\" content=\"Unsere L\u00f6sungen f\u00fcr Automobilglas k\u00f6nnen ultraviolette (UV) und infrarote (IR) Strahlen reduzieren und so f\u00fcr einen komfortablen und gesundheitsf\u00f6rdernden Fahrzeuginnenraum sorgen.\" \/>\n\t\t<meta name=\"twitter:image\" content=\"https:\/\/www.s-lecfilm.com\/wp-content\/uploads\/2023\/01\/Open-Graph-Image.png\" \/>\n\t\t<script type=\"application\/ld+json\" class=\"aioseo-schema\">\n\t\t\t{\"@context\":\"https:\\\/\\\/schema.org\",\"@graph\":[{\"@type\":\"BreadcrumbList\",\"@id\":\"https:\\\/\\\/www.s-lecfilm.com\\\/de\\\/news\\\/puv-comfort\\\/#breadcrumblist\",\"itemListElement\":[{\"@type\":\"ListItem\",\"@id\":\"https:\\\/\\\/www.s-lecfilm.com\\\/de\\\/#listItem\",\"position\":1,\"name\":\"Zu Hause\",\"item\":\"https:\\\/\\\/www.s-lecfilm.com\\\/de\\\/\",\"nextItem\":\"https:\\\/\\\/www.s-lecfilm.com\\\/de\\\/news\\\/#listItem\"},{\"@type\":\"ListItem\",\"@id\":\"https:\\\/\\\/www.s-lecfilm.com\\\/de\\\/news\\\/#listItem\",\"position\":2,\"name\":\"\\\/de\\\/news\\\/\",\"item\":\"https:\\\/\\\/www.s-lecfilm.com\\\/de\\\/news\\\/\",\"nextItem\":\"https:\\\/\\\/www.s-lecfilm.com\\\/de\\\/news\\\/puv-comfort\\\/#listItem\",\"previousItem\":\"https:\\\/\\\/www.s-lecfilm.com\\\/de\\\/#listItem\"},{\"@type\":\"ListItem\",\"@id\":\"https:\\\/\\\/www.s-lecfilm.com\\\/de\\\/news\\\/puv-comfort\\\/#listItem\",\"position\":3,\"name\":\"\\\/de\\\/news\\\/puv-comfort\\\/\",\"previousItem\":\"https:\\\/\\\/www.s-lecfilm.com\\\/de\\\/news\\\/#listItem\"}]},{\"@type\":\"Organization\",\"@id\":\"https:\\\/\\\/www.s-lecfilm.com\\\/de\\\/#organization\",\"name\":\"s-lecfilm\",\"url\":\"https:\\\/\\\/www.s-lecfilm.com\\\/de\\\/\"},{\"@type\":\"WebPage\",\"@id\":\"https:\\\/\\\/www.s-lecfilm.com\\\/de\\\/news\\\/puv-comfort\\\/#webpage\",\"url\":\"https:\\\/\\\/www.s-lecfilm.com\\\/de\\\/news\\\/puv-comfort\\\/\",\"name\":\"Verhinderung der Auswirkungen von Infrarotstrahlen | SEKISUI S-LEC\",\"description\":\"Unsere L\\u00f6sungen f\\u00fcr Automobilglas k\\u00f6nnen ultraviolette (UV) und infrarote (IR) Strahlen reduzieren und so f\\u00fcr einen komfortablen und gesundheitsf\\u00f6rdernden Fahrzeuginnenraum sorgen.\",\"inLanguage\":\"de-DE\",\"isPartOf\":{\"@id\":\"https:\\\/\\\/www.s-lecfilm.com\\\/de\\\/#website\"},\"breadcrumb\":{\"@id\":\"https:\\\/\\\/www.s-lecfilm.com\\\/de\\\/news\\\/puv-comfort\\\/#breadcrumblist\"},\"datePublished\":\"2023-10-25T17:54:38+09:00\",\"dateModified\":\"2025-06-26T20:32:00+09:00\"},{\"@type\":\"WebSite\",\"@id\":\"https:\\\/\\\/www.s-lecfilm.com\\\/de\\\/#website\",\"url\":\"https:\\\/\\\/www.s-lecfilm.com\\\/de\\\/\",\"name\":\"s-lecfilm\",\"inLanguage\":\"de-DE\",\"publisher\":{\"@id\":\"https:\\\/\\\/www.s-lecfilm.com\\\/de\\\/#organization\"}}]}\n\t\t<\/script>\n\t\t<!-- All in One SEO Pro -->\r\n\t\t<title>Verhinderung der Auswirkungen von Infrarotstrahlen | SEKISUI S-LEC<\/title>\n\n","aioseo_head_json":{"title":"Verhinderung der Auswirkungen von Infrarotstrahlen | SEKISUI S-LEC","description":"Unsere L\u00f6sungen f\u00fcr Automobilglas k\u00f6nnen ultraviolette (UV) und infrarote (IR) Strahlen reduzieren und so f\u00fcr einen komfortablen und gesundheitsf\u00f6rdernden Fahrzeuginnenraum sorgen.","canonical_url":"https:\/\/www.s-lecfilm.com\/de\/news\/puv-comfort\/","robots":"max-image-preview:large","keywords":"","webmasterTools":{"google-site-verification":"LGoHK3imcI57fEDyHDnPGNxrBKyRAWvyS1_pmekTNEU","miscellaneous":""},"og:locale":"de_DE","og:site_name":"SEKISUI S-LEC","og:type":"article","og:title":"Verhinderung der Auswirkungen von Infrarotstrahlen | SEKISUI S-LEC","og:description":"Unsere L\u00f6sungen f\u00fcr Automobilglas k\u00f6nnen ultraviolette (UV) und infrarote (IR) Strahlen reduzieren und so f\u00fcr einen komfortablen und gesundheitsf\u00f6rdernden Fahrzeuginnenraum sorgen.","og:url":"https:\/\/www.s-lecfilm.com\/de\/news\/puv-comfort\/","og:image":"https:\/\/www.s-lecfilm.com\/wp-content\/uploads\/puv-comfort_hero-3.webp","og:image:secure_url":"https:\/\/www.s-lecfilm.com\/wp-content\/uploads\/puv-comfort_hero-3.webp","og:image:width":1920,"og:image:height":1080,"article:published_time":"2023-10-25T08:54:38+00:00","article:modified_time":"2025-06-26T11:32:00+00:00","twitter:card":"summary_large_image","twitter:title":"Verhinderung der Auswirkungen von Infrarotstrahlen | SEKISUI S-LEC","twitter:description":"Unsere L\u00f6sungen f\u00fcr Automobilglas k\u00f6nnen ultraviolette (UV) und infrarote (IR) Strahlen reduzieren und so f\u00fcr einen komfortablen und gesundheitsf\u00f6rdernden Fahrzeuginnenraum sorgen.","twitter:image":"https:\/\/www.s-lecfilm.com\/wp-content\/uploads\/2023\/01\/Open-Graph-Image.png","schema":{"@context":"https:\/\/schema.org","@graph":[{"@type":"BreadcrumbList","@id":"https:\/\/www.s-lecfilm.com\/de\/news\/puv-comfort\/#breadcrumblist","itemListElement":[{"@type":"ListItem","@id":"https:\/\/www.s-lecfilm.com\/de\/#listItem","position":1,"name":"Zu Hause","item":"https:\/\/www.s-lecfilm.com\/de\/","nextItem":"https:\/\/www.s-lecfilm.com\/de\/news\/#listItem"},{"@type":"ListItem","@id":"https:\/\/www.s-lecfilm.com\/de\/news\/#listItem","position":2,"name":"\/de\/news\/","item":"https:\/\/www.s-lecfilm.com\/de\/news\/","nextItem":"https:\/\/www.s-lecfilm.com\/de\/news\/puv-comfort\/#listItem","previousItem":"https:\/\/www.s-lecfilm.com\/de\/#listItem"},{"@type":"ListItem","@id":"https:\/\/www.s-lecfilm.com\/de\/news\/puv-comfort\/#listItem","position":3,"name":"\/de\/news\/puv-comfort\/","previousItem":"https:\/\/www.s-lecfilm.com\/de\/news\/#listItem"}]},{"@type":"Organization","@id":"https:\/\/www.s-lecfilm.com\/de\/#organization","name":"s-lecfilm","url":"https:\/\/www.s-lecfilm.com\/de\/"},{"@type":"WebPage","@id":"https:\/\/www.s-lecfilm.com\/de\/news\/puv-comfort\/#webpage","url":"https:\/\/www.s-lecfilm.com\/de\/news\/puv-comfort\/","name":"Verhinderung der Auswirkungen von Infrarotstrahlen | SEKISUI S-LEC","description":"Unsere L\u00f6sungen f\u00fcr Automobilglas k\u00f6nnen ultraviolette (UV) und infrarote (IR) Strahlen reduzieren und so f\u00fcr einen komfortablen und gesundheitsf\u00f6rdernden Fahrzeuginnenraum sorgen.","inLanguage":"de-DE","isPartOf":{"@id":"https:\/\/www.s-lecfilm.com\/de\/#website"},"breadcrumb":{"@id":"https:\/\/www.s-lecfilm.com\/de\/news\/puv-comfort\/#breadcrumblist"},"datePublished":"2023-10-25T17:54:38+09:00","dateModified":"2025-06-26T20:32:00+09:00"},{"@type":"WebSite","@id":"https:\/\/www.s-lecfilm.com\/de\/#website","url":"https:\/\/www.s-lecfilm.com\/de\/","name":"s-lecfilm","inLanguage":"de-DE","publisher":{"@id":"https:\/\/www.s-lecfilm.com\/de\/#organization"}}]}},"aioseo_meta_data":{"post_id":"17816","title":"Verhinderung der Auswirkungen von Infrarotstrahlen | SEKISUI S-LEC","description":"Unsere L\u00f6sungen f\u00fcr Automobilglas k\u00f6nnen ultraviolette (UV) und infrarote (IR) Strahlen reduzieren und so f\u00fcr einen komfortablen und gesundheitsf\u00f6rdernden Fahrzeuginnenraum sorgen.","keywords":null,"keyphrases":"{\"focus\":{\"keyphrase\":\"\",\"score\":0,\"analysis\":{\"keyphraseInTitle\":{\"score\":0,\"maxScore\":9,\"error\":1}}},\"additional\":[]}","primary_term":null,"canonical_url":null,"og_title":null,"og_description":null,"og_object_type":"default","og_image_type":"custom_image","og_image_url":"https:\/\/www.s-lecfilm.com\/wp-content\/uploads\/puv-comfort_hero-3.webp","og_image_width":"1920","og_image_height":"1080","og_image_custom_url":"https:\/\/www.s-lecfilm.com\/wp-content\/uploads\/puv-comfort_hero-3.webp","og_image_custom_fields":null,"og_video":"","og_custom_url":null,"og_article_section":null,"og_article_tags":null,"twitter_use_og":false,"twitter_card":"default","twitter_image_type":"default","twitter_image_url":null,"twitter_image_custom_url":null,"twitter_image_custom_fields":null,"twitter_title":null,"twitter_description":null,"schema":{"blockGraphs":[],"customGraphs":[],"default":{"data":{"Article":[],"Course":[],"Dataset":[],"FAQPage":[],"Movie":[],"Person":[],"Product":[],"Recipe":[],"Service":[],"SoftwareApplication":[],"WebPage":[]},"graphName":"WebPage","isEnabled":true},"graphs":[]},"schema_type":"default","schema_type_options":null,"pillar_content":false,"robots_default":true,"robots_noindex":true,"robots_noarchive":false,"robots_nosnippet":false,"robots_nofollow":false,"robots_noimageindex":false,"robots_noodp":false,"robots_notranslate":false,"robots_max_snippet":"-1","robots_max_videopreview":"-1","robots_max_imagepreview":"large","priority":null,"frequency":"default","local_seo":null,"limit_modified_date":false,"reviewed_by":null,"open_ai":{"title":{"suggestions":[],"usage":0},"description":{"suggestions":[],"usage":0}},"created":"2024-03-06 17:00:29","updated":"2025-07-08 10:56:48"},"aioseo_breadcrumb":"<div class=\"aioseo-breadcrumbs\"><span class=\"aioseo-breadcrumb\">\n\t<a href=\"https:\/\/www.s-lecfilm.com\/de\/\" title=\"\u30db\u30fc\u30e0\">\u30db\u30fc\u30e0<\/a>\n<\/span><span class=\"aioseo-breadcrumb-separator\">&raquo;<\/span><span class=\"aioseo-breadcrumb\">\n\t<a href=\"https:\/\/www.s-lecfilm.com\/de\/news\/\" title=\"Privat: \/de\/news\/\">Privat: \/de\/news\/<\/a>\n<\/span><span class=\"aioseo-breadcrumb-separator\">&raquo;<\/span><span class=\"aioseo-breadcrumb\">\n\t\/de\/news\/puv-comfort\/\n<\/span><\/div>","aioseo_breadcrumb_json":[{"label":"\u30db\u30fc\u30e0","link":"https:\/\/www.s-lecfilm.com\/de\/"},{"label":"Privat: \/de\/news\/","link":"https:\/\/www.s-lecfilm.com\/de\/news\/"},{"label":"\/de\/news\/puv-comfort\/","link":"https:\/\/www.s-lecfilm.com\/de\/news\/puv-comfort\/"}],"_links":{"self":[{"href":"https:\/\/www.s-lecfilm.com\/de\/wp-json\/wp\/v2\/pages\/17816"}],"collection":[{"href":"https:\/\/www.s-lecfilm.com\/de\/wp-json\/wp\/v2\/pages"}],"about":[{"href":"https:\/\/www.s-lecfilm.com\/de\/wp-json\/wp\/v2\/types\/page"}],"author":[{"embeddable":true,"href":"https:\/\/www.s-lecfilm.com\/de\/wp-json\/wp\/v2\/users\/14"}],"replies":[{"embeddable":true,"href":"https:\/\/www.s-lecfilm.com\/de\/wp-json\/wp\/v2\/comments?post=17816"}],"version-history":[{"count":5,"href":"https:\/\/www.s-lecfilm.com\/de\/wp-json\/wp\/v2\/pages\/17816\/revisions"}],"predecessor-version":[{"id":27068,"href":"https:\/\/www.s-lecfilm.com\/de\/wp-json\/wp\/v2\/pages\/17816\/revisions\/27068"}],"up":[{"embeddable":true,"href":"https:\/\/www.s-lecfilm.com\/de\/wp-json\/wp\/v2\/pages\/17041"}],"wp:attachment":[{"href":"https:\/\/www.s-lecfilm.com\/de\/wp-json\/wp\/v2\/media?parent=17816"}],"wp:term":[{"taxonomy":"page_category","embeddable":true,"href":"https:\/\/www.s-lecfilm.com\/de\/wp-json\/wp\/v2\/page_category?post=17816"}],"curies":[{"name":"wp","href":"https:\/\/api.w.org\/{rel}","templated":true}]}}