{"id":17763,"date":"2023-11-24T10:43:43","date_gmt":"2023-11-24T01:43:43","guid":{"rendered":"https:\/\/www.s-lecfilm.com\/en-news\/en-news-what-is-hud\/"},"modified":"2024-06-07T09:22:24","modified_gmt":"2024-06-07T00:22:24","slug":"en-news-what-is-hud","status":"publish","type":"page","link":"https:\/\/www.s-lecfilm.com\/de\/news\/what-is-HUD\/","title":{"rendered":"\/de\/news\/what-is-HUD\/"},"content":{"rendered":"<div class=\"frame pt-0\" style=\"clear: both;\">\n\t<div class=\"hero-flame\" style=\"height:62vh;margin:0;\">\n\t\t<div class=\"hero-flame-bg\">\n\t\t\t<img loading=\"lazy\" decoding=\"async\" class=\"hero-flame-bg-img\" src=\"https:\/\/www.s-lecfilm.com\/wp-content\/uploads\/Hero_what-is-hud.webp\" width=\"1920\" height=\"860\" alt=\"A head-up display device that reflects driving info at the driver&#039;s eye level.\" style=\"object-position:0% 75%;\">\n\t\t<\/div>\n\t\t<div class=\"hero-flame-content\">\n\t\t\t\t\t\t\t<div class=\"hero-text\">\n\t\t\t\t\t<div class=\"hero-text-title\">\n\t\t\t\t\t\tWas ist ein Head-up Display?\t\t\t\t\t<\/div>\n\t\t\t\t\t\t\t\t\t<\/div>\n\t\t\t\t<\/div>\n\t<\/div>\n<\/div>\n\n<div class=\"frame pt-0 pb-0\">\n\t\n<div class=\"container pb-0 mb-0\">\n\t\n<H2 class=\"c-title-level02 section-subtitle\">Was ist ein Head-up Display?<\/H2>\n\n<div class=\"c-layout-frame section-flame\">\n\t\t<div class=\"row align-items-center\">\n\t\t<div class=\"col-lg-6\">\n\t\t\t<div class=\"feature-img text-left\">\n\t\t\t\t\t\t\t\t<img decoding=\"async\" src=\"https:\/\/www.s-lecfilm.com\/wp-content\/uploads\/aboutus_contens_hud-1-1024x567.webp\"  alt=\"Head-up display (HUD) that effectively reflects information from the driver&#039;s eyes\">\n\t\t\t\t\t\t\t<\/div>\n\t\t<\/div>\n\t\t<div class=\"col-lg-6\">\n\t\t\t<div class=\"feature-cont\">\n\t\t\t\t<div class=\"acf-innerblocks-container\">\n\n<p>Head-up Display (HUD) ist ein Ger\u00e4t, das fahrbezogene Informationen wie Tachometer, Benzin-\/Energiestand, Kilometerstand, Navigation, Verkehrszeichen und Warnungen vor dem toten Winkel an einer Stelle anzeigt, die f\u00fcr den Fahrer leicht zug\u00e4nglich ist. HUD wird in der ganzen Welt immer beliebter.<\/p>\n\n\n\n<p>Der Fahrer sollte w\u00e4hrend der Fahrt seinen Blick so oft wie m\u00f6glich auf die Stra\u00dfe richten, da sich die Umgebung auch dann ver\u00e4ndert, wenn er seinen Blick kurz auf die Instrumententafel richtet, um die Fahrgeschwindigkeit oder die Navigation zu \u00fcberpr\u00fcfen.<\/p>\n\n\n\n<p>HUD tr\u00e4gt zu einem sichereren Fahrverhalten bei, da der Fahrer weniger Zeit damit verbringen muss, seine Augen weit zu bewegen und seinen Fokus anzupassen.<\/p>\n\n<\/div>\t\t\t<\/div>\n\t\t<\/div>\n\t<\/div>\n\t<\/div>\n\n\n<H1 class=\"c-title-level02 section-subtitle\">Head-up Display Merkmale<\/H1>\n\n<div class=\"c-layout-frame section-flame\">\n\t\t<div class=\"row align-items-center\">\n\t\t<div class=\"col-lg-6 order-lg-1 order-0\">\n\t\t\t<div class=\"feature-img text-left\">\n\t\t\t\t\t\t\t\t<img decoding=\"async\" src=\"https:\/\/www.s-lecfilm.com\/wp-content\/uploads\/Traffic-jam-in-sunlight-1024x688.webp\"  alt=\"Features of head up displays that effectively reflect information from the driver&#039;s eyes\">\n\t\t\t\t\t\t\t<\/div>\n\t\t<\/div>\n\t\t<div class=\"col-lg-6 order-lg-0 order-1\">\n\t\t\t<div class=\"feature-cont\">\n\t\t\t\t<div class=\"acf-innerblocks-container\">\n\n<p>Head-up-Displays projizieren Informationen in die Sichtlinie des Fahrers und erm\u00f6glichen es ihm, verschiedene Informationen zu erhalten, ohne den Blick von der Stra\u00dfe abzuwenden.<\/p>\n\n\n\n<p>In den letzten Jahren sammelt eine wachsende Zahl von HUDs Echtzeit-Informationen \u00fcber die Stra\u00dfe, z. B. \u00fcber Fu\u00dfg\u00e4nger, Verkehrszeichen, Schilder und Fahrspuren, und kombiniert sie mit Informationen wie Geschwindigkeit und Abstand zwischen den Fahrzeugen, um Warnungen vor m\u00f6glichen Unf\u00e4llen auf die Windschutzscheibe zu projizieren.<\/p>\n\n\n\n<p>Durch die Verbesserung der Reaktionsgeschwindigkeit und des Situationsbewusstseins des Fahrers sollen die HUDs Fahrer und Fu\u00dfg\u00e4nger sch\u00fctzen und Verkehrsunf\u00e4lle verhindern. Neue Funktionen von HUDs wie die 3D-Visualisierung von Fu\u00dfg\u00e4ngern und Objekten, Fahrspurassistent und aktiver Abstandsassistent sind ebenfalls auf dem Vormarsch.<\/p>\n\n<\/div>\t\t\t<\/div>\n\t\t<\/div>\n\t<\/div>\n\t<\/div>\n\n\n<H2 class=\"c-title-level02 section-subtitle\">Direkte und kombinierte Typen<\/H2>\n\n<div class=\"c-layout-frame section-flame\">\n\t\t<div class=\"row align-items-center\">\n\t\t<div class=\"col-lg-6\">\n\t\t\t<div class=\"feature-img text-center\">\n\t\t\t\t\t\t\t\t<img decoding=\"async\" src=\"https:\/\/www.s-lecfilm.com\/wp-content\/uploads\/Direct-vs-Combiner-1024x718.webp\"  alt=\"There are two types of head-up displays, direct type and combiner type\">\n\t\t\t\t\t\t\t<\/div>\n\t\t<\/div>\n\t\t<div class=\"col-lg-6\">\n\t\t\t<div class=\"feature-cont\">\n\t\t\t\t<div class=\"acf-innerblocks-container\">\n\n<p>Es gibt zwei Arten von Head-up Display-Systemen auf dem Markt: den direkten Typ und den Combiner-Typ.<\/p>\n\n\n\n<p>Direct Type ist ein HUD-System, das Bilder direkt auf die Windschutzscheibe projiziert. Sie ist \u00fcberlegen, weil der Fahrer Informationen aufnehmen kann, ohne den Blick zu bewegen.<\/p>\n\n\n\n<p>Beim Combiner-Typ werden die Informationen auf einer kleinen, durchsichtigen Tafel, dem so genannten Combiner, angezeigt, wobei der Fahrer seine Blickrichtung auf den Rahmen des Combiners am Armaturenbrett richten muss. Im Allgemeinen ist der Abstand zwischen den Augen des Fahrers und dem Bildschirm k\u00fcrzer, und der Bildschirm ist kleiner als bei der direkten Variante.<\/p>\n\n<\/div>\t\t\t<\/div>\n\t\t<\/div>\n\t<\/div>\n\t<\/div>\n\n\n<H2 class=\"c-title-level02 section-subtitle\">AR-HUD<\/H2>\n\n<div class=\"c-layout-frame section-flame\">\n\t\t<div class=\"row align-items-center\">\n\t\t<div class=\"col-lg-6 order-lg-1 order-0\">\n\t\t\t<div class=\"feature-img text-left\">\n\t\t\t\t\t\t\t\t<img decoding=\"async\" src=\"https:\/\/www.s-lecfilm.com\/wp-content\/uploads\/Wedge_leaflet_img1_0601-1-1024x653-1-1024x653.webp\"  alt=\"Extermination reality head-up display (AR-HUD) that displays driving information on a windshield\">\n\t\t\t\t\t\t\t<\/div>\n\t\t<\/div>\n\t\t<div class=\"col-lg-6 order-lg-0 order-1\">\n\t\t\t<div class=\"feature-cont\">\n\t\t\t\t<div class=\"acf-innerblocks-container\">\n\n<p>AR-HUD, oder Augmented Reality Head-up Display, ist ein System, das Navigationsinformationen, Warnungen f\u00fcr ADAS-Funktionen, Advanced Driver Assistance Systems und andere wichtige Informationen \u00fcber die Stra\u00dfe auf der Windschutzscheibe in Verbindung mit realen Fahrinformationen anzeigt.<\/p>\n\n\n\n<p>Durch die Erfassung von Informationen \u00fcber die Stra\u00dfe in Echtzeit mithilfe von Sensoren und die \u00dcberlagerung von Augmented-Reality-Grafiken (AR) mit der vom Fahrer betrachteten Szenerie erm\u00f6glicht das System dem Fahrer, Fu\u00dfg\u00e4nger und Hindernisse auf der Stra\u00dfe schneller zu erkennen, ohne den Blickwinkel des Fahrers wesentlich zu ver\u00e4ndern, was zu einem sichereren Fahren beitr\u00e4gt.<\/p>\n\n<\/div>\t\t\t<\/div>\n\t\t<\/div>\n\t<\/div>\n\t<\/div>\n\n\n<H2 class=\"c-title-level02 section-subtitle\">Zwei-Ebenen-HUD<\/H2>\n\n<div class=\"c-layout-frame section-flame\">\n\t\t<div class=\"row align-items-center\">\n\t\t<div class=\"col-lg-6\">\n\t\t\t<div class=\"feature-img text-center\">\n\t\t\t\t\t\t\t\t<img decoding=\"async\" src=\"https:\/\/www.s-lecfilm.com\/wp-content\/uploads\/Wedge-leaflet_img2_0603-1024x607.webp\"  alt=\"Dula-plane HUD that can display the information required for driving into two screens\">\n\t\t\t\t\t\t\t<\/div>\n\t\t<\/div>\n\t\t<div class=\"col-lg-6\">\n\t\t\t<div class=\"feature-cont\">\n\t\t\t\t<div class=\"acf-innerblocks-container\">\n\n<p>Die HUD-Technologie wird t\u00e4glich weiterentwickelt, um ein sicheres Fahren zu erm\u00f6glichen. Das k\u00fcrzlich vorgestellte AR-HUD kann die f\u00fcr das Fahren notwendigen Informationen auf zwei Bildschirmen anzeigen.<\/p>\n\n\n\n<p>Dynamische fahrunterst\u00fctzende Informationen wie Navigation, ADAS und Routenf\u00fchrung werden 10 Meter vom Fahrer entfernt angezeigt. Stra\u00dfeninformationen wie Geschwindigkeit, Geschwindigkeitsbegrenzungen und Schilder werden auf einem weiteren Bildschirm in etwa 3 Metern Entfernung vom Fahrer angezeigt.<\/p>\n\n\n\n<p>Durch die Anzeige verschiedener fahrrelevanter Informationen auf zwei Bildschirmen verbessert das System die F\u00e4higkeit des Fahrers, die Informationen reibungslos zu verstehen, was zu einem sicheren und komfortablen Fahrerlebnis f\u00fchrt.<\/p>\n\n<\/div>\t\t\t<\/div>\n\t\t<\/div>\n\t<\/div>\n\t<\/div>\n\n\n<H2 class=\"c-title-level02 section-subtitle\">Head-up Display Marktuntersuchung<\/H2>\n\n<div class=\"c-layout-frame section-flame\">\n\t\t<div class=\"row align-items-center\">\n\t\t<div class=\"col-lg-6 order-lg-1 order-0\">\n\t\t\t<div class=\"feature-img text-left\">\n\t\t\t\t\t\t\t\t<img decoding=\"async\" src=\"https:\/\/www.s-lecfilm.com\/wp-content\/uploads\/puv-comfort_contents_study-2-1024x683.webp\"  alt=\"Survey implementation by SEKISUI S-LEC\">\n\t\t\t\t\t\t\t<\/div>\n\t\t<\/div>\n\t\t<div class=\"col-lg-6 order-lg-0 order-1\">\n\t\t\t<div class=\"feature-cont\">\n\t\t\t\t<div class=\"acf-innerblocks-container\">\n\n<p>SEKISUI S-LEC ist ein weltweiter Anbieter von keilf\u00f6rmigen PVB-Zwischenschichten f\u00fcr HUDs. Diese Zwischenschicht steuert die Lichtbrechung, um ein klares, vom HUD projiziertes Bild anzuzeigen und ein Doppelbild zu verhindern.<\/p>\n\n\n\n<p>Wir haben dazu beigetragen, sichere und komfortable Fahrumgebungen durch Zwischenschichtfolien f\u00fcr laminiertes Glass zu verbreiten, was auch f\u00fcr HUDs gilt. Eine unserer Visionen ist es, die Verwendung von HUDs auf den gesamten Markt auszuweiten.<\/p>\n\n\n\n<p>Um die Einstellungen und das Kaufverhalten von Verbrauchern zu verstehen, die sich f\u00fcr mit HUD ausgestattete Fahrzeuge entscheiden, f\u00fchrte SEKISUI S-LEC in Zusammenarbeit mit einem Forschungsunternehmen Interviews mit Autobesitzern in den USA, Deutschland, Frankreich, den Niederlanden und China durch.<\/p>\n\n\n\n<p>F\u00fcr weitere Informationen klicken Sie bitte hier.<\/p>\n\n\n<div class=\"c-button-type02 feature-cont-btn text-center\">\n\t<a href=\"\/de\/news\/HUD-expansion\/\" >\n\t\t<button class=\"btn btn-primary is-caret-link\">\n\t\t\t\t\t\t\tMehr erfahren\t\t\t\t\t\t<\/button>\n\t<\/a>\n<\/div>\n\n<\/div>\t\t\t<\/div>\n\t\t<\/div>\n\t<\/div>\n\t<\/div>\n\n<\/div>\n\n<\/div>\n\n\n\n<div class=\"frame is-bg-img c-more-detail \">\n\t<div class=\"container\">\n\t\t<div class=\"row justify-content-center\">\n\t\t\t<div class=\"col-lg-10\">\n\t\t\t\t<div class=\"row\">\n\t\t\t\t\t<div class=\"col-lg-7 mb-5 mb-lg-0\">\n\t\t\t\t\t\t<div class=\"contact-footer-text\">\n\t\t\t\t\t\t\tM\u00f6chten Sie mehr erfahren?\t\t\t\t\t\t<\/div>\n\t\t\t\t\t\t<div class=\"contact-footer-btn\">\n\t\t\t\t\t\t\t<a href=\"\/de\/download\/all\/\" target=\"_blank\">\n\t\t\t\t\t\t\t\t<button class=\"btn btn-primary fa-download-check\">\n\t\t\t\t\t\t\t\t\t\t\t\t\t\t\t\t\t\t\tDownloads\t\t\t\t\t\t\t\t\t\t\t\t\t\t\t\t\t<\/button>\n\t\t\t\t\t\t\t<\/a>\n\t\t\t\t\t\t\t<a href=\"\/de\/download\/Inquiry\/\" target=\"_blank\">\n\t\t\t\t\t\t\t\t<button class=\"btn btn-primary is-external-link\">\n\t\t\t\t\t\t\t\t\t\t\t\t\t\t\t\t\t\t\tKontakt\t\t\t\t\t\t\t\t\t\t\t\t\t\t\t\t\t<\/button>\n\t\t\t\t\t\t\t<\/a>\n\t\t\t\t\t\t<\/div>\n\t\t\t\t\t<\/div>\n\t\t\t\t\t<div class=\"col-lg-5\">\n\t\t\t\t\t\t<div class=\"contact-footer-img\">\n\t\t\t\t\t\t\t\t\t\t\t\t\t\t<img decoding=\"async\" src=\"https:\/\/www.s-lecfilm.com\/wp-content\/uploads\/thankyou_hero-1-1-1024x576.webp\" alt=\"Those who want to know more about S-LEC\u2122 Film\">\n\t\t\t\t\t\t\t\t\t\t\t\t\t<\/div>\n\t\t\t\t\t<\/div>\n\t\t\t\t<\/div>\n\t\t\t<\/div>\n\t\t<\/div>\n\t<\/div>\n<\/div>\n","protected":false},"excerpt":{"rendered":"","protected":false},"author":14,"featured_media":0,"parent":17041,"menu_order":92,"comment_status":"closed","ping_status":"closed","template":"","meta":{"_acf_changed":false,"_oasis_is_in_workflow":0,"_oasis_original":0,"om_disable_all_campaigns":false,"inline_featured_image":false,"_monsterinsights_skip_tracking":false,"_monsterinsights_sitenote_active":false,"_monsterinsights_sitenote_note":"","_monsterinsights_sitenote_category":0,"footnotes":""},"page_category":[120],"class_list":["post-17763","page","type-page","status-publish","hentry"],"acf":[],"aioseo_notices":[],"aioseo_head":"\n\t\t<!-- All in One SEO Pro 4.6.2 - aioseo.com -->\n\t\t<meta name=\"description\" content=\"Head-up Display (HUD) ist ein System, das verschiedene Informationen auf die Windschutzscheibe projiziert, wie z. B. Geschwindigkeit und Navigation, und so zur Verbesserung der Sicherheit beim Fahren beitr\u00e4gt.\" \/>\n\t\t<meta name=\"robots\" content=\"max-image-preview:large\" \/>\n\t\t<meta name=\"google-site-verification\" content=\"LGoHK3imcI57fEDyHDnPGNxrBKyRAWvyS1_pmekTNEU\" \/>\n\t\t<link rel=\"canonical\" href=\"https:\/\/www.s-lecfilm.com\/de\/news\/what-is-HUD\/\" \/>\n\t\t<meta name=\"generator\" content=\"All in One SEO Pro (AIOSEO) 4.6.2\" \/>\n\t\t<meta property=\"og:locale\" content=\"de_DE\" \/>\n\t\t<meta property=\"og:site_name\" content=\"SEKISUI S-LEC\" \/>\n\t\t<meta property=\"og:type\" content=\"article\" \/>\n\t\t<meta property=\"og:title\" content=\"Was ist ein Head-up Display? | SEKISUI S-LEC\" \/>\n\t\t<meta property=\"og:description\" content=\"Head-up Display (HUD) ist ein System, das verschiedene Informationen auf die Windschutzscheibe projiziert, wie z. B. Geschwindigkeit und Navigation, und so zur Verbesserung der Sicherheit beim Fahren beitr\u00e4gt.\" \/>\n\t\t<meta property=\"og:url\" content=\"https:\/\/www.s-lecfilm.com\/de\/news\/what-is-HUD\/\" \/>\n\t\t<meta property=\"og:image\" content=\"https:\/\/www.s-lecfilm.com\/wp-content\/uploads\/shutterstock_554401909-1.webp\" \/>\n\t\t<meta property=\"og:image:secure_url\" content=\"https:\/\/www.s-lecfilm.com\/wp-content\/uploads\/shutterstock_554401909-1.webp\" \/>\n\t\t<meta property=\"og:image:width\" content=\"1920\" \/>\n\t\t<meta property=\"og:image:height\" content=\"860\" \/>\n\t\t<meta property=\"article:published_time\" content=\"2023-11-24T01:43:43+00:00\" \/>\n\t\t<meta property=\"article:modified_time\" content=\"2024-06-07T00:22:24+00:00\" \/>\n\t\t<meta name=\"twitter:card\" content=\"summary_large_image\" \/>\n\t\t<meta name=\"twitter:title\" content=\"Was ist ein Head-up Display? | SEKISUI S-LEC\" \/>\n\t\t<meta name=\"twitter:description\" content=\"Head-up Display (HUD) ist ein System, das verschiedene Informationen auf die Windschutzscheibe projiziert, wie z. B. Geschwindigkeit und Navigation, und so zur Verbesserung der Sicherheit beim Fahren beitr\u00e4gt.\" \/>\n\t\t<meta name=\"twitter:image\" content=\"https:\/\/www.s-lecfilm.com\/wp-content\/uploads\/2023\/01\/Open-Graph-Image.png\" \/>\n\t\t<script type=\"application\/ld+json\" class=\"aioseo-schema\">\n\t\t\t{\"@context\":\"https:\\\/\\\/schema.org\",\"@graph\":[{\"@type\":\"BreadcrumbList\",\"@id\":\"https:\\\/\\\/www.s-lecfilm.com\\\/de\\\/news\\\/what-is-HUD\\\/#breadcrumblist\",\"itemListElement\":[{\"@type\":\"ListItem\",\"@id\":\"https:\\\/\\\/www.s-lecfilm.com\\\/de\\\/#listItem\",\"position\":1,\"name\":\"Zu Hause\",\"item\":\"https:\\\/\\\/www.s-lecfilm.com\\\/de\\\/\",\"nextItem\":\"https:\\\/\\\/www.s-lecfilm.com\\\/de\\\/news\\\/#listItem\"},{\"@type\":\"ListItem\",\"@id\":\"https:\\\/\\\/www.s-lecfilm.com\\\/de\\\/news\\\/#listItem\",\"position\":2,\"name\":\"\\\/de\\\/news\\\/\",\"item\":\"https:\\\/\\\/www.s-lecfilm.com\\\/de\\\/news\\\/\",\"nextItem\":\"https:\\\/\\\/www.s-lecfilm.com\\\/de\\\/news\\\/what-is-HUD\\\/#listItem\",\"previousItem\":\"https:\\\/\\\/www.s-lecfilm.com\\\/de\\\/#listItem\"},{\"@type\":\"ListItem\",\"@id\":\"https:\\\/\\\/www.s-lecfilm.com\\\/de\\\/news\\\/what-is-HUD\\\/#listItem\",\"position\":3,\"name\":\"\\\/de\\\/news\\\/what-is-HUD\\\/\",\"previousItem\":\"https:\\\/\\\/www.s-lecfilm.com\\\/de\\\/news\\\/#listItem\"}]},{\"@type\":\"Organization\",\"@id\":\"https:\\\/\\\/www.s-lecfilm.com\\\/de\\\/#organization\",\"name\":\"s-lecfilm\",\"url\":\"https:\\\/\\\/www.s-lecfilm.com\\\/de\\\/\"},{\"@type\":\"WebPage\",\"@id\":\"https:\\\/\\\/www.s-lecfilm.com\\\/de\\\/news\\\/what-is-HUD\\\/#webpage\",\"url\":\"https:\\\/\\\/www.s-lecfilm.com\\\/de\\\/news\\\/what-is-HUD\\\/\",\"name\":\"Was ist ein Head-up Display? | SEKISUI S-LEC\",\"description\":\"Head-up Display (HUD) ist ein System, das verschiedene Informationen auf die Windschutzscheibe projiziert, wie z. B. Geschwindigkeit und Navigation, und so zur Verbesserung der Sicherheit beim Fahren beitr\\u00e4gt.\",\"inLanguage\":\"de-DE\",\"isPartOf\":{\"@id\":\"https:\\\/\\\/www.s-lecfilm.com\\\/de\\\/#website\"},\"breadcrumb\":{\"@id\":\"https:\\\/\\\/www.s-lecfilm.com\\\/de\\\/news\\\/what-is-HUD\\\/#breadcrumblist\"},\"datePublished\":\"2023-11-24T10:43:43+09:00\",\"dateModified\":\"2024-06-07T09:22:24+09:00\"},{\"@type\":\"WebSite\",\"@id\":\"https:\\\/\\\/www.s-lecfilm.com\\\/de\\\/#website\",\"url\":\"https:\\\/\\\/www.s-lecfilm.com\\\/de\\\/\",\"name\":\"s-lecfilm\",\"inLanguage\":\"de-DE\",\"publisher\":{\"@id\":\"https:\\\/\\\/www.s-lecfilm.com\\\/de\\\/#organization\"}}]}\n\t\t<\/script>\n\t\t<!-- All in One SEO Pro -->\r\n\t\t<title>Was ist ein Head-up Display? | SEKISUI S-LEC<\/title>\n\n","aioseo_head_json":{"title":"Was ist ein Head-up Display? | SEKISUI S-LEC","description":"Head-up Display (HUD) ist ein System, das verschiedene Informationen auf die Windschutzscheibe projiziert, wie z. B. Geschwindigkeit und Navigation, und so zur Verbesserung der Sicherheit beim Fahren beitr\u00e4gt.","canonical_url":"https:\/\/www.s-lecfilm.com\/de\/news\/what-is-HUD\/","robots":"max-image-preview:large","keywords":"","webmasterTools":{"google-site-verification":"LGoHK3imcI57fEDyHDnPGNxrBKyRAWvyS1_pmekTNEU","miscellaneous":""},"og:locale":"de_DE","og:site_name":"SEKISUI S-LEC","og:type":"article","og:title":"Was ist ein Head-up Display? | SEKISUI S-LEC","og:description":"Head-up Display (HUD) ist ein System, das verschiedene Informationen auf die Windschutzscheibe projiziert, wie z. B. Geschwindigkeit und Navigation, und so zur Verbesserung der Sicherheit beim Fahren beitr\u00e4gt.","og:url":"https:\/\/www.s-lecfilm.com\/de\/news\/what-is-HUD\/","og:image":"https:\/\/www.s-lecfilm.com\/wp-content\/uploads\/shutterstock_554401909-1.webp","og:image:secure_url":"https:\/\/www.s-lecfilm.com\/wp-content\/uploads\/shutterstock_554401909-1.webp","og:image:width":1920,"og:image:height":860,"article:published_time":"2023-11-24T01:43:43+00:00","article:modified_time":"2024-06-07T00:22:24+00:00","twitter:card":"summary_large_image","twitter:title":"Was ist ein Head-up Display? | SEKISUI S-LEC","twitter:description":"Head-up Display (HUD) ist ein System, das verschiedene Informationen auf die Windschutzscheibe projiziert, wie z. B. Geschwindigkeit und Navigation, und so zur Verbesserung der Sicherheit beim Fahren beitr\u00e4gt.","twitter:image":"https:\/\/www.s-lecfilm.com\/wp-content\/uploads\/2023\/01\/Open-Graph-Image.png","schema":{"@context":"https:\/\/schema.org","@graph":[{"@type":"BreadcrumbList","@id":"https:\/\/www.s-lecfilm.com\/de\/news\/what-is-HUD\/#breadcrumblist","itemListElement":[{"@type":"ListItem","@id":"https:\/\/www.s-lecfilm.com\/de\/#listItem","position":1,"name":"Zu Hause","item":"https:\/\/www.s-lecfilm.com\/de\/","nextItem":"https:\/\/www.s-lecfilm.com\/de\/news\/#listItem"},{"@type":"ListItem","@id":"https:\/\/www.s-lecfilm.com\/de\/news\/#listItem","position":2,"name":"\/de\/news\/","item":"https:\/\/www.s-lecfilm.com\/de\/news\/","nextItem":"https:\/\/www.s-lecfilm.com\/de\/news\/what-is-HUD\/#listItem","previousItem":"https:\/\/www.s-lecfilm.com\/de\/#listItem"},{"@type":"ListItem","@id":"https:\/\/www.s-lecfilm.com\/de\/news\/what-is-HUD\/#listItem","position":3,"name":"\/de\/news\/what-is-HUD\/","previousItem":"https:\/\/www.s-lecfilm.com\/de\/news\/#listItem"}]},{"@type":"Organization","@id":"https:\/\/www.s-lecfilm.com\/de\/#organization","name":"s-lecfilm","url":"https:\/\/www.s-lecfilm.com\/de\/"},{"@type":"WebPage","@id":"https:\/\/www.s-lecfilm.com\/de\/news\/what-is-HUD\/#webpage","url":"https:\/\/www.s-lecfilm.com\/de\/news\/what-is-HUD\/","name":"Was ist ein Head-up Display? | SEKISUI S-LEC","description":"Head-up Display (HUD) ist ein System, das verschiedene Informationen auf die Windschutzscheibe projiziert, wie z. B. Geschwindigkeit und Navigation, und so zur Verbesserung der Sicherheit beim Fahren beitr\u00e4gt.","inLanguage":"de-DE","isPartOf":{"@id":"https:\/\/www.s-lecfilm.com\/de\/#website"},"breadcrumb":{"@id":"https:\/\/www.s-lecfilm.com\/de\/news\/what-is-HUD\/#breadcrumblist"},"datePublished":"2023-11-24T10:43:43+09:00","dateModified":"2024-06-07T09:22:24+09:00"},{"@type":"WebSite","@id":"https:\/\/www.s-lecfilm.com\/de\/#website","url":"https:\/\/www.s-lecfilm.com\/de\/","name":"s-lecfilm","inLanguage":"de-DE","publisher":{"@id":"https:\/\/www.s-lecfilm.com\/de\/#organization"}}]}},"aioseo_meta_data":{"post_id":"17763","title":"Was ist ein Head-up Display? | SEKISUI S-LEC","description":"Head-up Display (HUD) ist ein System, das verschiedene Informationen auf die Windschutzscheibe projiziert, wie z. B. Geschwindigkeit und Navigation, und so zur Verbesserung der Sicherheit beim Fahren beitr\u00e4gt.","keywords":null,"keyphrases":"{\"focus\":{\"keyphrase\":\"\",\"score\":0,\"analysis\":{\"keyphraseInTitle\":{\"score\":0,\"maxScore\":9,\"error\":1}}},\"additional\":[]}","primary_term":null,"canonical_url":null,"og_title":null,"og_description":null,"og_object_type":"default","og_image_type":"custom_image","og_image_url":"https:\/\/www.s-lecfilm.com\/wp-content\/uploads\/2023\/01\/Open-Graph-Image.png","og_image_width":"0","og_image_height":"0","og_image_custom_url":"https:\/\/www.s-lecfilm.com\/wp-content\/uploads\/shutterstock_554401909-1.webp","og_image_custom_fields":null,"og_video":"","og_custom_url":null,"og_article_section":null,"og_article_tags":null,"twitter_use_og":false,"twitter_card":"default","twitter_image_type":"default","twitter_image_url":null,"twitter_image_custom_url":null,"twitter_image_custom_fields":null,"twitter_title":null,"twitter_description":null,"schema":{"blockGraphs":[],"customGraphs":[],"default":{"data":{"Article":[],"Course":[],"Dataset":[],"FAQPage":[],"Movie":[],"Person":[],"Product":[],"Recipe":[],"Service":[],"SoftwareApplication":[],"WebPage":[]},"graphName":"WebPage","isEnabled":true},"graphs":[]},"schema_type":"default","schema_type_options":null,"pillar_content":false,"robots_default":true,"robots_noindex":true,"robots_noarchive":false,"robots_nosnippet":false,"robots_nofollow":false,"robots_noimageindex":false,"robots_noodp":false,"robots_notranslate":false,"robots_max_snippet":"-1","robots_max_videopreview":"-1","robots_max_imagepreview":"large","priority":null,"frequency":"default","local_seo":null,"limit_modified_date":false,"reviewed_by":null,"open_ai":{"title":{"suggestions":[],"usage":0},"description":{"suggestions":[],"usage":0}},"created":"2024-03-06 12:53:12","updated":"2024-06-07 03:27:04"},"aioseo_breadcrumb":"<div class=\"aioseo-breadcrumbs\"><span class=\"aioseo-breadcrumb\">\n\t<a href=\"https:\/\/www.s-lecfilm.com\/de\/\" title=\"\u30db\u30fc\u30e0\">\u30db\u30fc\u30e0<\/a>\n<\/span><span class=\"aioseo-breadcrumb-separator\">&raquo;<\/span><span class=\"aioseo-breadcrumb\">\n\t<a href=\"https:\/\/www.s-lecfilm.com\/de\/news\/\" title=\"Privat: \/de\/news\/\">Privat: \/de\/news\/<\/a>\n<\/span><span class=\"aioseo-breadcrumb-separator\">&raquo;<\/span><span class=\"aioseo-breadcrumb\">\n\t\/de\/news\/what-is-HUD\/\n<\/span><\/div>","aioseo_breadcrumb_json":[{"label":"\u30db\u30fc\u30e0","link":"https:\/\/www.s-lecfilm.com\/de\/"},{"label":"Privat: \/de\/news\/","link":"https:\/\/www.s-lecfilm.com\/de\/news\/"},{"label":"\/de\/news\/what-is-HUD\/","link":"https:\/\/www.s-lecfilm.com\/de\/news\/what-is-HUD\/"}],"_links":{"self":[{"href":"https:\/\/www.s-lecfilm.com\/de\/wp-json\/wp\/v2\/pages\/17763"}],"collection":[{"href":"https:\/\/www.s-lecfilm.com\/de\/wp-json\/wp\/v2\/pages"}],"about":[{"href":"https:\/\/www.s-lecfilm.com\/de\/wp-json\/wp\/v2\/types\/page"}],"author":[{"embeddable":true,"href":"https:\/\/www.s-lecfilm.com\/de\/wp-json\/wp\/v2\/users\/14"}],"replies":[{"embeddable":true,"href":"https:\/\/www.s-lecfilm.com\/de\/wp-json\/wp\/v2\/comments?post=17763"}],"version-history":[{"count":5,"href":"https:\/\/www.s-lecfilm.com\/de\/wp-json\/wp\/v2\/pages\/17763\/revisions"}],"predecessor-version":[{"id":21336,"href":"https:\/\/www.s-lecfilm.com\/de\/wp-json\/wp\/v2\/pages\/17763\/revisions\/21336"}],"up":[{"embeddable":true,"href":"https:\/\/www.s-lecfilm.com\/de\/wp-json\/wp\/v2\/pages\/17041"}],"wp:attachment":[{"href":"https:\/\/www.s-lecfilm.com\/de\/wp-json\/wp\/v2\/media?parent=17763"}],"wp:term":[{"taxonomy":"page_category","embeddable":true,"href":"https:\/\/www.s-lecfilm.com\/de\/wp-json\/wp\/v2\/page_category?post=17763"}],"curies":[{"name":"wp","href":"https:\/\/api.w.org\/{rel}","templated":true}]}}