{"id":17737,"date":"2023-10-24T16:00:36","date_gmt":"2023-10-24T07:00:36","guid":{"rendered":"https:\/\/www.s-lecfilm.com\/en-news\/en-news-hud-expansion\/"},"modified":"2024-03-06T21:41:36","modified_gmt":"2024-03-06T12:41:36","slug":"en-news-hud-expansion","status":"publish","type":"page","link":"https:\/\/www.s-lecfilm.com\/de\/news\/HUD-expansion\/","title":{"rendered":"\/de\/news\/HUD-expansion\/"},"content":{"rendered":"<div class=\"frame pt-0\" style=\"clear: both;\">\n\t<div class=\"hero-flame\" style=\"height:62vh;margin:0;\">\n\t\t<div class=\"hero-flame-bg\">\n\t\t\t<img loading=\"lazy\" decoding=\"async\" class=\"hero-flame-bg-img\" src=\"https:\/\/www.s-lecfilm.com\/wp-content\/uploads\/HUD_main.webp\" width=\"1920\" height=\"765\" alt=\"A head-up display that projects important information on the windshield for drivers\" style=\"object-position:10% %;\">\n\t\t<\/div>\n\t\t<div class=\"hero-flame-content\">\n\t\t\t\t\t\t\t<div class=\"hero-text\">\n\t\t\t\t\t<div class=\"hero-text-title\">\n\t\t\t\t\t\tHead-up Display<br>Marktuntersuchung\t\t\t\t\t<\/div>\n\t\t\t\t\t\t\t\t\t<\/div>\n\t\t\t\t<\/div>\n\t<\/div>\n<\/div>\n\n<div class=\"frame pt-0 pb-0\">\n\t\n<div class=\"container pb-0 mb-0\">\n\t\n<H2 class=\"c-title-level02 section-subtitle\">Was ist ein Head-up Display (HUD)?<\/H2>\n\n<div class=\"c-layout-frame section-flame\">\n\t\t<div class=\"row align-items-center\">\n\t\t<div class=\"col-lg-6\">\n\t\t\t<div class=\"feature-img text-left\">\n\t\t\t\t\t\t\t\t<img decoding=\"async\" src=\"https:\/\/www.s-lecfilm.com\/wp-content\/uploads\/aboutus_contens_hud-1-1024x567.webp\"  alt=\"Head-up display (HUD) that effectively reflects information from the driver&#039;s eyes\">\n\t\t\t\t\t\t\t<\/div>\n\t\t<\/div>\n\t\t<div class=\"col-lg-6\">\n\t\t\t<div class=\"feature-cont\">\n\t\t\t\t<div class=\"acf-innerblocks-container\">\n\n<p>Autofahrer wollen zu ihrer eigenen Sicherheit und zur Sicherheit der anderen Verkehrsteilnehmer so viel wie m\u00f6glich auf die Stra\u00dfe schauen. Jede Ablenkung kann eine zu viel sein. Selbst in dem Moment, in dem ihre Augen auf das Armaturenbrett gerichtet sind, um die Geschwindigkeit zu \u00fcberpr\u00fcfen oder die Navigation anzuzeigen, sind ihre Augen nicht mit dem Verkehr auf der Stra\u00dfe besch\u00e4ftigt, selbst wenn es nur der Bruchteil einer Sekunde ist.<\/p>\n\n\n\n<p>\u200b<\/p>\n\n\n\n<p>Head-up Display (HUD) ist ein Display, das wichtige Informationen f\u00fcr den Fahrer auf die Windschutzscheibe projiziert. Das Display ist nur vom Fahrersitz aus sichtbar und die Informationen werden am unteren Rand des Breitbildschirms angezeigt. Zu den h\u00e4ufig angezeigten Informationen geh\u00f6ren z. B. die Geschwindigkeit, Richtungsangaben mit anstehenden Abzweigungen und Stra\u00dfennummern, Warnungen vor dem toten Winkel und Verkehrszeichen.<\/p>\n\n<\/div>\t\t\t<\/div>\n\t\t<\/div>\n\t<\/div>\n\t<\/div>\n\n\n<H2 class=\"c-title-level02 section-subtitle\">Unsere Vision f\u00fcr die Erweiterung des HUD<\/H2>\n\n<div class=\"c-layout-frame section-flame\">\n\t\t<div class=\"row align-items-center\">\n\t\t<div class=\"col-lg-6 order-lg-1 order-0\">\n\t\t\t<div class=\"feature-img text-left\">\n\t\t\t\t\t\t\t\t<img decoding=\"async\" src=\"https:\/\/www.s-lecfilm.com\/wp-content\/uploads\/HUD_contents_equipment-1-1024x684.webp\"  alt=\"A woman looking at HUD image projected through S-LEC\u2122 Wedge-shaped Interlayer\">\n\t\t\t\t\t\t\t<\/div>\n\t\t<\/div>\n\t\t<div class=\"col-lg-6 order-lg-0 order-1\">\n\t\t\t<div class=\"feature-cont\">\n\t\t\t\t<div class=\"acf-innerblocks-container\">\n\n<p>SEKISUI S-LEC ist ein weltweiter Anbieter von keilf\u00f6rmigen PVB-Zwischenschichtfolien f\u00fcr Head-up Displays (HUD). Mit dieser Technologie wird das Auftreten von Doppelbildern auf der HUD-Projektion auf dem Glas vermieden.<\/p>\n\n\n\n<p>\u200b<\/p>\n\n\n\n<p>SEKISUI S-LEC hat mit seiner PVB-Zwischenschicht f\u00fcr Laminiertes Glass zur Verbreitung von sicheren und komfortablen Fahrumgebungen beigetragen. Unsere Vision ist es, HUDs auf dem gesamten Markt zu verbreiten, da sie auch zur Verwirklichung einer sicheren und komfortablen Umgebung beitragen.<\/p>\n\n\n\n<p>\u200b<\/p>\n\n\n\n<p>SEKISUI S-LEC ist davon \u00fcberzeugt, dass die Installation von HUD in Testfahrzeugen und die aktive Schaffung von Gelegenheiten zum Kennenlernen der Funktionen wirksame Ma\u00dfnahmen sein werden, um HUD in Zukunft popul\u00e4rer zu machen und den gesamten Head-up Display-Markt zu erweitern, um zu einem sichereren und komfortableren Fahrerlebnis beizutragen. <\/p>\n\n<\/div>\t\t\t<\/div>\n\t\t<\/div>\n\t<\/div>\n\t<\/div>\n\n\n<H2 class=\"c-title-level02 section-subtitle\">Aktuelles Bewusstsein f\u00fcr HUD<\/H2>\n\n<div class=\"c-layout-frame section-flame\">\n\t\t<div class=\"row align-items-center\">\n\t\t<div class=\"col-lg-6\">\n\t\t\t<div class=\"feature-img text-left\">\n\t\t\t\t\t\t\t\t<img decoding=\"async\" src=\"https:\/\/www.s-lecfilm.com\/wp-content\/uploads\/puv-comfort_contents_study-2-1024x683.webp\"  alt=\"Survey implementation by SEKISUI S-LEC\">\n\t\t\t\t\t\t\t<\/div>\n\t\t<\/div>\n\t\t<div class=\"col-lg-6\">\n\t\t\t<div class=\"feature-cont\">\n\t\t\t\t<div class=\"acf-innerblocks-container\">\n\n<p>Mit Unterst\u00fctzung spezialisierter Agenturen hat SEKISUI S-LEC weltweite Interviews durchgef\u00fchrt, um das Bewusstsein und das Kaufverhalten der Verbraucher bei der Wahl eines Head-up Displays zu verstehen. Die Befragten waren Autobesitzer im oberen und mittleren Segment in den USA, Deutschland, Frankreich, den Niederlanden und China.<\/p>\n\n\n\n<p>\u200b<\/p>\n\n\n\n<p>Das Bewusstsein f\u00fcr die Funktion und die Vorteile des HUD ist bekannt, und die allgemeine Meinung \u00fcber das HUD ist bei allen Fahrern weltweit positiv. Auch Nichtnutzer von HUD sehen den Vorteil der Verbesserung von Komfort und Sicherheit beim Fahren.<\/p>\n\n\n<div class=\"c-button-type01 row justify-content-center\">\n\t<div class=\"col-lg-5 d-brochure-bg-btn is-inner-btn btn-size-medium\">\n\t\t<a href=\"\/de\/download\/HudG\/\" target=\"_blank\">\n\t\t\t<button type=\"button\" class=\"btn btn-primary\">Brosch\u00fcren herunterladen<\/button>\n\t\t<\/a>\n\t<\/div>\n<\/div>\n\n<\/div>\t\t\t<\/div>\n\t\t<\/div>\n\t<\/div>\n\t<\/div>\n\n\n<H1 class=\"c-title-level02 section-subtitle\">Kaufentscheidung des HUD<\/H1>\n\n<div class=\"c-layout-frame section-flame\">\n\t\t<div class=\"row align-items-center\">\n\t\t<div class=\"col-lg-6 order-lg-1 order-0\">\n\t\t\t<div class=\"feature-img text-left\">\n\t\t\t\t\t\t\t\t<img decoding=\"async\" src=\"https:\/\/www.s-lecfilm.com\/wp-content\/uploads\/shutterstock_2079161503-1024x683.webp\"  alt=\"Purchasing a car option needs experience in test driving at a dealer\">\n\t\t\t\t\t\t\t<\/div>\n\t\t<\/div>\n\t\t<div class=\"col-lg-6 order-lg-0 order-1\">\n\t\t\t<div class=\"feature-cont\">\n\t\t\t\t<div class=\"acf-innerblocks-container\">\n\n<p>Etwa die H\u00e4lfte der Befragten in den USA und in Europa hielt es f\u00fcr notwendig, die HUD-Funktionen bei einer Probefahrt bei einem H\u00e4ndler kennenzulernen, bevor sie eine Kaufentscheidung trafen, unabh\u00e4ngig davon, ob sie ein mit HUD ausgestattetes Fahrzeug gekauft hatten. In China wurde ein deutlicher Unterschied im Verhalten vor dem Kauf eines HUD festgestellt: 70 % der Personen, die eine Probefahrt mit einem mit HUD ausgestatteten Fahrzeug gemacht hatten, kauften dieses Fahrzeug.<\/p>\n\n\n\n<p>\u200b<\/p>\n\n\n\n<p>Dar\u00fcber hinaus gaben mehr als 70 % der Fahrzeughalter, die ein Fahrzeug mit HUD gekauft hatten, an, dass sie beim Kauf ihres n\u00e4chsten Fahrzeugs ein Fahrzeug mit HUD w\u00e4hlen w\u00fcrden. Es gibt eine offensichtliche Tendenz, dass Menschen, die sich an die HUD-Funktionen gew\u00f6hnt haben, eine Benutzerbindung zu dieser Funktion aufbauen, da die Fahrer neue Fahrgewohnheiten annehmen, wie z. B. die Navigation und die Geschwindigkeit in ihrem Blickfeld zu suchen, anstatt auf dem Display hinter dem Lenkrad.<\/p>\n\n\n<div class=\"c-button-type01 row justify-content-center\">\n\t<div class=\"col-lg-5 d-brochure-bg-btn is-inner-btn btn-size-medium\">\n\t\t<a href=\"\/de\/download\/HudG\/\" target=\"_blank\">\n\t\t\t<button type=\"button\" class=\"btn btn-primary\">Brosch\u00fcren herunterladen<\/button>\n\t\t<\/a>\n\t<\/div>\n<\/div>\n\n<\/div>\t\t\t<\/div>\n\t\t<\/div>\n\t<\/div>\n\t<\/div>\n\n\n<H2 class=\"c-title-level02 section-subtitle\">Aktuelle HUD-Aktion im Ausstellungsraum<\/H2>\n\n<div class=\"c-layout-frame section-flame\">\n\t\t<div class=\"row align-items-center\">\n\t\t<div class=\"col-lg-6\">\n\t\t\t<div class=\"feature-img text-left\">\n\t\t\t\t\t\t\t\t<img decoding=\"async\" src=\"https:\/\/www.s-lecfilm.com\/wp-content\/uploads\/shutterstock_1675183477_60-1024x587.webp\"  alt=\"Driving test by sunroof opening and closing conducted by a model equipped with a sunshade\">\n\t\t\t\t\t\t\t<\/div>\n\t\t<\/div>\n\t\t<div class=\"col-lg-6\">\n\t\t\t<div class=\"feature-cont\">\n\t\t\t\t<div class=\"acf-innerblocks-container\">\n\n<p>Unseren Untersuchungen zufolge gibt es einen Zusammenhang zwischen der HUD-Einf\u00fchrungsquote bei den Automarken und den mit HUD ausgestatteten Fahrzeugen bei den H\u00e4ndlern. <\/p>\n\n\n\n<p>\u200b<\/p>\n\n\n\n<p>Bei der Untersuchung von Autoh\u00e4usern in den Niederlanden haben wir festgestellt, dass die HUD-Werbung in den Ausstellungsr\u00e4umen nur bei einer Automarke stark ausgepr\u00e4gt ist, da etwa 78 % der Fahrzeuge mit HUD ausgestattet sind. Andere Automarken stellen nur etwa 21 bis 25 % der Modelle mit HUD in ihren Ausstellungsr\u00e4umen aus. <\/p>\n\n\n\n<p>\u200b<\/p>\n\n\n\n<p>Die Automarke mit einer starken HUD-Werbung hat eine hohe HUD-Akzeptanzquote in Bezug auf die Verkaufsleistung auf dem Markt und umgekehrt.<\/p>\n\n<\/div>\t\t\t<\/div>\n\t\t<\/div>\n\t<\/div>\n\t<\/div>\n\n\n<H2 class=\"c-title-level02 section-subtitle\">Zusammenarbeit f\u00fcr Ihren HUD-Verkauf<\/H2>\n\n<div class=\"c-layout-frame section-flame\">\n\t\t<div class=\"row align-items-center\">\n\t\t<div class=\"col-lg-6 order-lg-1 order-0\">\n\t\t\t<div class=\"feature-img text-left\">\n\t\t\t\t\t\t\t\t<img decoding=\"async\" src=\"https:\/\/www.s-lecfilm.com\/wp-content\/uploads\/shutterstock_1399930568_70-1024x675.webp\"  alt=\"A woman who enjoys a test ride at a dealer\">\n\t\t\t\t\t\t\t<\/div>\n\t\t<\/div>\n\t\t<div class=\"col-lg-6 order-lg-0 order-1\">\n\t\t\t<div class=\"feature-cont\">\n\t\t\t\t<div class=\"acf-innerblocks-container\">\n\n<p>Ausgehend von unseren Erkenntnissen werden die Installation von HUD in Testfahrzeugen und die Schaffung von M\u00f6glichkeiten, die Funktionen aktiv zu erleben, zu wirksamen Ma\u00dfnahmen, um HUD in Zukunft popul\u00e4rer zu machen und den Markt zu erweitern.<br><br>SEKISUI S-LEC hat sich verpflichtet, OEM und H\u00e4ndler zu unterst\u00fctzen, um die Erfahrungen der Verbraucher mit Head-up Displays zu verbessern und den Gesamtabsatz von Head-up Display-Systemen zu steigern, indem es Informationen bereitstellt, eine Demonstration f\u00fcr die Verbraucher durchf\u00fchrt oder das HUD f\u00fcr Funktionen f\u00fcr Ausstellungsr\u00e4ume oder Testfahrzeuge sponsert. <br><br>Bitte kontaktieren Sie uns, indem Sie das untenstehende Kontaktformular ausf\u00fcllen, um weitere Informationen zu erhalten und zu besprechen, wie wir Sie dabei unterst\u00fctzen k\u00f6nnen, die Vorteile von HUD f\u00fcr den Autoverkauf und die Markenwiedererkennung zu kommunizieren.<\/p>\n\n\n<div class=\"c-button-type01 row justify-content-center\">\n\t<div class=\"col-lg-5 d-brochure-bg-btn is-inner-btn btn-size-medium\">\n\t\t<a href=\"\/de\/download\/Inquiry\/\" target=\"_blank\">\n\t\t\t<button type=\"button\" class=\"btn btn-primary\">Kontakt<\/button>\n\t\t<\/a>\n\t<\/div>\n<\/div>\n\n<\/div>\t\t\t<\/div>\n\t\t<\/div>\n\t<\/div>\n\t<\/div>\n\n\n<H2 class=\"c-title-level02 section-subtitle\">Unsere Dienstleistungen f\u00fcr Ihre Entwicklungs- und Vertriebs-\/Marketingaktivit\u00e4ten<\/H2>\n\n<div class=\"c-layout-frame section-flame\">\n\t\t<div class=\"row align-items-center\">\n\t\t<div class=\"col-lg-6\">\n\t\t\t<div class=\"feature-img text-center\">\n\t\t\t\t\t\t\t\t<img decoding=\"async\" src=\"https:\/\/www.s-lecfilm.com\/wp-content\/uploads\/shutterstock_2076774124-1024x576-1-1-1-1024x576.webp\"  alt=\"Glass development support from project design and proposes optimal solutions\">\n\t\t\t\t\t\t\t<\/div>\n\t\t<\/div>\n\t\t<div class=\"col-lg-6\">\n\t\t\t<div class=\"feature-cont\">\n\t\t\t\t<div class=\"acf-innerblocks-container\">\n\n<p>Wir bieten Ihnen auch unsere flexiblen Dienstleistungen und Anpassungsm\u00f6glichkeiten an. Beziehen Sie unser professionelles Team in die Designphase Ihres Projekts ein. Auf diese Weise k\u00f6nnen wir Sie bei der Entwicklung einer ma\u00dfgeschneiderten L\u00f6sung unterst\u00fctzen, die Ihren Anforderungen entspricht. Da wir \u00fcber mehrere Produktionsstandorte auf der ganzen Welt verf\u00fcgen, haben Sie immer die M\u00f6glichkeit, einen unserer Experten in Ihrer N\u00e4he zu finden. <\/p>\n\n\n\n<p>\u200b<\/p>\n\n\n\n<p>Wenn Sie mehr \u00fcber unsere L\u00f6sung erfahren m\u00f6chten, setzen Sie sich bitte \u00fcber den unten stehenden Link mit uns in Verbindung. <\/p>\n\n\n\n<ul class=\"wp-block-list\">\n<li>Details zu S-LEC\u2122 Wedge Shaped Film f\u00fcr HUD und Kombinationen mit anderen PVB-Zwischenschichtfolien<\/li>\n\n\n\n<li>Globale Marktinformationen<\/li>\n\n\n\n<li>Zusammenarbeit mit SEKISUI S-LEC<\/li>\n\n\n\n<li>Vertriebs-\/Marketingunterst\u00fctzung f\u00fcr Ihr Unternehmen<\/li>\n<\/ul>\n\n\n<div class=\"c-button-type01 row justify-content-center\">\n\t<div class=\"col-lg-5 d-brochure-bg-btn is-inner-btn btn-size-medium\">\n\t\t<a href=\"\/de\/download\/Inquiry\/\" target=\"_blank\">\n\t\t\t<button type=\"button\" class=\"btn btn-primary\">Kontakt<\/button>\n\t\t<\/a>\n\t<\/div>\n<\/div>\n\n<\/div>\t\t\t<\/div>\n\t\t<\/div>\n\t<\/div>\n\t<\/div>\n\n<\/div>\n\n<\/div>\n\n\n\n<div class=\"frame is-bg-img c-more-detail \">\n\t<div class=\"container\">\n\t\t<div class=\"row justify-content-center\">\n\t\t\t<div class=\"col-lg-10\">\n\t\t\t\t<div class=\"row\">\n\t\t\t\t\t<div class=\"col-lg-7 mb-5 mb-lg-0\">\n\t\t\t\t\t\t<div class=\"contact-footer-text\">\n\t\t\t\t\t\t\tM\u00f6chten Sie mehr erfahren?\t\t\t\t\t\t<\/div>\n\t\t\t\t\t\t<div class=\"contact-footer-btn\">\n\t\t\t\t\t\t\t<a href=\"\/de\/download\/all\/\" target=\"_blank\">\n\t\t\t\t\t\t\t\t<button class=\"btn btn-primary fa-download-check\">\n\t\t\t\t\t\t\t\t\t\t\t\t\t\t\t\t\t\t\tDownloads\t\t\t\t\t\t\t\t\t\t\t\t\t\t\t\t\t<\/button>\n\t\t\t\t\t\t\t<\/a>\n\t\t\t\t\t\t\t<a href=\"\/de\/download\/Inquiry\/\" target=\"_blank\">\n\t\t\t\t\t\t\t\t<button class=\"btn btn-primary is-external-link\">\n\t\t\t\t\t\t\t\t\t\t\t\t\t\t\t\t\t\t\tKontakt\t\t\t\t\t\t\t\t\t\t\t\t\t\t\t\t\t<\/button>\n\t\t\t\t\t\t\t<\/a>\n\t\t\t\t\t\t<\/div>\n\t\t\t\t\t<\/div>\n\t\t\t\t\t<div class=\"col-lg-5\">\n\t\t\t\t\t\t<div class=\"contact-footer-img\">\n\t\t\t\t\t\t\t\t\t\t\t\t\t\t<img decoding=\"async\" src=\"https:\/\/www.s-lecfilm.com\/wp-content\/uploads\/thankyou_hero-1-1-1024x576.webp\" alt=\"Those who want to know more about S-LEC\u2122 Film\">\n\t\t\t\t\t\t\t\t\t\t\t\t\t<\/div>\n\t\t\t\t\t<\/div>\n\t\t\t\t<\/div>\n\t\t\t<\/div>\n\t\t<\/div>\n\t<\/div>\n<\/div>\n","protected":false},"excerpt":{"rendered":"","protected":false},"author":9,"featured_media":0,"parent":17041,"menu_order":88,"comment_status":"closed","ping_status":"closed","template":"","meta":{"_acf_changed":false,"_oasis_is_in_workflow":0,"_oasis_original":0,"om_disable_all_campaigns":false,"inline_featured_image":false,"_monsterinsights_skip_tracking":false,"_monsterinsights_sitenote_active":false,"_monsterinsights_sitenote_note":"","_monsterinsights_sitenote_category":0,"footnotes":""},"page_category":[120],"class_list":["post-17737","page","type-page","status-publish","hentry"],"acf":[],"aioseo_notices":[],"aioseo_head":"\n\t\t<!-- All in One SEO Pro 4.6.2 - aioseo.com -->\n\t\t<meta name=\"description\" content=\"Befragungen haben ergeben, dass die Verbraucher das HUD beim H\u00e4ndler erleben wollen, bevor sie eine Kaufentscheidung treffen.\" \/>\n\t\t<meta name=\"robots\" content=\"max-image-preview:large\" \/>\n\t\t<meta name=\"google-site-verification\" content=\"LGoHK3imcI57fEDyHDnPGNxrBKyRAWvyS1_pmekTNEU\" \/>\n\t\t<link rel=\"canonical\" href=\"https:\/\/www.s-lecfilm.com\/de\/news\/HUD-expansion\/\" \/>\n\t\t<meta name=\"generator\" content=\"All in One SEO Pro (AIOSEO) 4.6.2\" \/>\n\t\t<meta property=\"og:locale\" content=\"de_DE\" \/>\n\t\t<meta property=\"og:site_name\" content=\"SEKISUI S-LEC\" \/>\n\t\t<meta property=\"og:type\" content=\"article\" \/>\n\t\t<meta property=\"og:title\" content=\"Head-up Display Marktuntersuchung | SEKISUI S-LEC\" \/>\n\t\t<meta property=\"og:description\" content=\"Befragungen haben ergeben, dass die Verbraucher das HUD beim H\u00e4ndler erleben wollen, bevor sie eine Kaufentscheidung treffen.\" \/>\n\t\t<meta property=\"og:url\" content=\"https:\/\/www.s-lecfilm.com\/de\/news\/HUD-expansion\/\" \/>\n\t\t<meta property=\"og:image\" content=\"https:\/\/www.s-lecfilm.com\/wp-content\/uploads\/HUD_main.webp\" \/>\n\t\t<meta property=\"og:image:secure_url\" content=\"https:\/\/www.s-lecfilm.com\/wp-content\/uploads\/HUD_main.webp\" \/>\n\t\t<meta property=\"og:image:width\" content=\"1920\" \/>\n\t\t<meta property=\"og:image:height\" content=\"765\" \/>\n\t\t<meta property=\"article:published_time\" content=\"2023-10-24T07:00:36+00:00\" \/>\n\t\t<meta property=\"article:modified_time\" content=\"2024-03-06T12:41:36+00:00\" \/>\n\t\t<meta name=\"twitter:card\" content=\"summary_large_image\" \/>\n\t\t<meta name=\"twitter:title\" content=\"Head-up Display Marktuntersuchung | SEKISUI S-LEC\" \/>\n\t\t<meta name=\"twitter:description\" content=\"Befragungen haben ergeben, dass die Verbraucher das HUD beim H\u00e4ndler erleben wollen, bevor sie eine Kaufentscheidung treffen.\" \/>\n\t\t<meta name=\"twitter:image\" content=\"https:\/\/www.s-lecfilm.com\/wp-content\/uploads\/2023\/01\/Open-Graph-Image.png\" \/>\n\t\t<script type=\"application\/ld+json\" class=\"aioseo-schema\">\n\t\t\t{\"@context\":\"https:\\\/\\\/schema.org\",\"@graph\":[{\"@type\":\"BreadcrumbList\",\"@id\":\"https:\\\/\\\/www.s-lecfilm.com\\\/de\\\/news\\\/HUD-expansion\\\/#breadcrumblist\",\"itemListElement\":[{\"@type\":\"ListItem\",\"@id\":\"https:\\\/\\\/www.s-lecfilm.com\\\/de\\\/#listItem\",\"position\":1,\"name\":\"Zu Hause\",\"item\":\"https:\\\/\\\/www.s-lecfilm.com\\\/de\\\/\",\"nextItem\":\"https:\\\/\\\/www.s-lecfilm.com\\\/de\\\/news\\\/#listItem\"},{\"@type\":\"ListItem\",\"@id\":\"https:\\\/\\\/www.s-lecfilm.com\\\/de\\\/news\\\/#listItem\",\"position\":2,\"name\":\"\\\/de\\\/news\\\/\",\"item\":\"https:\\\/\\\/www.s-lecfilm.com\\\/de\\\/news\\\/\",\"nextItem\":\"https:\\\/\\\/www.s-lecfilm.com\\\/de\\\/news\\\/HUD-expansion\\\/#listItem\",\"previousItem\":\"https:\\\/\\\/www.s-lecfilm.com\\\/de\\\/#listItem\"},{\"@type\":\"ListItem\",\"@id\":\"https:\\\/\\\/www.s-lecfilm.com\\\/de\\\/news\\\/HUD-expansion\\\/#listItem\",\"position\":3,\"name\":\"\\\/de\\\/news\\\/HUD-expansion\\\/\",\"previousItem\":\"https:\\\/\\\/www.s-lecfilm.com\\\/de\\\/news\\\/#listItem\"}]},{\"@type\":\"Organization\",\"@id\":\"https:\\\/\\\/www.s-lecfilm.com\\\/de\\\/#organization\",\"name\":\"s-lecfilm\",\"url\":\"https:\\\/\\\/www.s-lecfilm.com\\\/de\\\/\"},{\"@type\":\"WebPage\",\"@id\":\"https:\\\/\\\/www.s-lecfilm.com\\\/de\\\/news\\\/HUD-expansion\\\/#webpage\",\"url\":\"https:\\\/\\\/www.s-lecfilm.com\\\/de\\\/news\\\/HUD-expansion\\\/\",\"name\":\"Head-up Display Marktuntersuchung | SEKISUI S-LEC\",\"description\":\"Befragungen haben ergeben, dass die Verbraucher das HUD beim H\\u00e4ndler erleben wollen, bevor sie eine Kaufentscheidung treffen.\",\"inLanguage\":\"de-DE\",\"isPartOf\":{\"@id\":\"https:\\\/\\\/www.s-lecfilm.com\\\/de\\\/#website\"},\"breadcrumb\":{\"@id\":\"https:\\\/\\\/www.s-lecfilm.com\\\/de\\\/news\\\/HUD-expansion\\\/#breadcrumblist\"},\"datePublished\":\"2023-10-24T16:00:36+09:00\",\"dateModified\":\"2024-03-06T21:41:36+09:00\"},{\"@type\":\"WebSite\",\"@id\":\"https:\\\/\\\/www.s-lecfilm.com\\\/de\\\/#website\",\"url\":\"https:\\\/\\\/www.s-lecfilm.com\\\/de\\\/\",\"name\":\"s-lecfilm\",\"inLanguage\":\"de-DE\",\"publisher\":{\"@id\":\"https:\\\/\\\/www.s-lecfilm.com\\\/de\\\/#organization\"}}]}\n\t\t<\/script>\n\t\t<!-- All in One SEO Pro -->\r\n\t\t<title>Head-up Display Marktuntersuchung | SEKISUI S-LEC<\/title>\n\n","aioseo_head_json":{"title":"Head-up Display Marktuntersuchung | SEKISUI S-LEC","description":"Befragungen haben ergeben, dass die Verbraucher das HUD beim H\u00e4ndler erleben wollen, bevor sie eine Kaufentscheidung treffen.","canonical_url":"https:\/\/www.s-lecfilm.com\/de\/news\/HUD-expansion\/","robots":"max-image-preview:large","keywords":"","webmasterTools":{"google-site-verification":"LGoHK3imcI57fEDyHDnPGNxrBKyRAWvyS1_pmekTNEU","miscellaneous":""},"og:locale":"de_DE","og:site_name":"SEKISUI S-LEC","og:type":"article","og:title":"Head-up Display Marktuntersuchung | SEKISUI S-LEC","og:description":"Befragungen haben ergeben, dass die Verbraucher das HUD beim H\u00e4ndler erleben wollen, bevor sie eine Kaufentscheidung treffen.","og:url":"https:\/\/www.s-lecfilm.com\/de\/news\/HUD-expansion\/","og:image":"https:\/\/www.s-lecfilm.com\/wp-content\/uploads\/HUD_main.webp","og:image:secure_url":"https:\/\/www.s-lecfilm.com\/wp-content\/uploads\/HUD_main.webp","og:image:width":1920,"og:image:height":765,"article:published_time":"2023-10-24T07:00:36+00:00","article:modified_time":"2024-03-06T12:41:36+00:00","twitter:card":"summary_large_image","twitter:title":"Head-up Display Marktuntersuchung | SEKISUI S-LEC","twitter:description":"Befragungen haben ergeben, dass die Verbraucher das HUD beim H\u00e4ndler erleben wollen, bevor sie eine Kaufentscheidung treffen.","twitter:image":"https:\/\/www.s-lecfilm.com\/wp-content\/uploads\/2023\/01\/Open-Graph-Image.png","schema":{"@context":"https:\/\/schema.org","@graph":[{"@type":"BreadcrumbList","@id":"https:\/\/www.s-lecfilm.com\/de\/news\/HUD-expansion\/#breadcrumblist","itemListElement":[{"@type":"ListItem","@id":"https:\/\/www.s-lecfilm.com\/de\/#listItem","position":1,"name":"Zu Hause","item":"https:\/\/www.s-lecfilm.com\/de\/","nextItem":"https:\/\/www.s-lecfilm.com\/de\/news\/#listItem"},{"@type":"ListItem","@id":"https:\/\/www.s-lecfilm.com\/de\/news\/#listItem","position":2,"name":"\/de\/news\/","item":"https:\/\/www.s-lecfilm.com\/de\/news\/","nextItem":"https:\/\/www.s-lecfilm.com\/de\/news\/HUD-expansion\/#listItem","previousItem":"https:\/\/www.s-lecfilm.com\/de\/#listItem"},{"@type":"ListItem","@id":"https:\/\/www.s-lecfilm.com\/de\/news\/HUD-expansion\/#listItem","position":3,"name":"\/de\/news\/HUD-expansion\/","previousItem":"https:\/\/www.s-lecfilm.com\/de\/news\/#listItem"}]},{"@type":"Organization","@id":"https:\/\/www.s-lecfilm.com\/de\/#organization","name":"s-lecfilm","url":"https:\/\/www.s-lecfilm.com\/de\/"},{"@type":"WebPage","@id":"https:\/\/www.s-lecfilm.com\/de\/news\/HUD-expansion\/#webpage","url":"https:\/\/www.s-lecfilm.com\/de\/news\/HUD-expansion\/","name":"Head-up Display Marktuntersuchung | SEKISUI S-LEC","description":"Befragungen haben ergeben, dass die Verbraucher das HUD beim H\u00e4ndler erleben wollen, bevor sie eine Kaufentscheidung treffen.","inLanguage":"de-DE","isPartOf":{"@id":"https:\/\/www.s-lecfilm.com\/de\/#website"},"breadcrumb":{"@id":"https:\/\/www.s-lecfilm.com\/de\/news\/HUD-expansion\/#breadcrumblist"},"datePublished":"2023-10-24T16:00:36+09:00","dateModified":"2024-03-06T21:41:36+09:00"},{"@type":"WebSite","@id":"https:\/\/www.s-lecfilm.com\/de\/#website","url":"https:\/\/www.s-lecfilm.com\/de\/","name":"s-lecfilm","inLanguage":"de-DE","publisher":{"@id":"https:\/\/www.s-lecfilm.com\/de\/#organization"}}]}},"aioseo_meta_data":{"post_id":"17737","title":"Head-up Display Marktuntersuchung | SEKISUI S-LEC","description":"Befragungen haben ergeben, dass die Verbraucher das HUD beim H\u00e4ndler erleben wollen, bevor sie eine Kaufentscheidung treffen.","keywords":[],"keyphrases":"{\"focus\":{\"keyphrase\":\"\",\"score\":0,\"analysis\":{\"keyphraseInTitle\":{\"score\":0,\"maxScore\":9,\"error\":1}}},\"additional\":[]}","primary_term":null,"canonical_url":null,"og_title":null,"og_description":null,"og_object_type":"default","og_image_type":"custom_image","og_image_url":"https:\/\/www.s-lecfilm.com\/wp-content\/uploads\/HUD_main.webp","og_image_width":"1920","og_image_height":"765","og_image_custom_url":"https:\/\/www.s-lecfilm.com\/wp-content\/uploads\/HUD_main.webp","og_image_custom_fields":null,"og_video":"","og_custom_url":null,"og_article_section":null,"og_article_tags":[],"twitter_use_og":false,"twitter_card":"default","twitter_image_type":"default","twitter_image_url":null,"twitter_image_custom_url":null,"twitter_image_custom_fields":null,"twitter_title":null,"twitter_description":null,"schema":{"blockGraphs":[],"customGraphs":[],"default":{"data":{"Article":[],"Course":[],"Dataset":[],"FAQPage":[],"Movie":[],"Person":[],"Product":[],"Recipe":[],"Service":[],"SoftwareApplication":[],"WebPage":[]},"graphName":"WebPage","isEnabled":true},"graphs":[]},"schema_type":"default","schema_type_options":null,"pillar_content":false,"robots_default":true,"robots_noindex":true,"robots_noarchive":false,"robots_nosnippet":false,"robots_nofollow":false,"robots_noimageindex":false,"robots_noodp":false,"robots_notranslate":false,"robots_max_snippet":"-1","robots_max_videopreview":"-1","robots_max_imagepreview":"large","priority":null,"frequency":"default","local_seo":null,"limit_modified_date":false,"reviewed_by":null,"open_ai":{"title":{"suggestions":[],"usage":0},"description":{"suggestions":[],"usage":0}},"created":"2024-03-06 12:33:04","updated":"2024-03-06 12:41:37"},"aioseo_breadcrumb":"<div class=\"aioseo-breadcrumbs\"><span class=\"aioseo-breadcrumb\">\n\t<a href=\"https:\/\/www.s-lecfilm.com\/de\/\" title=\"\u30db\u30fc\u30e0\">\u30db\u30fc\u30e0<\/a>\n<\/span><span class=\"aioseo-breadcrumb-separator\">&raquo;<\/span><span class=\"aioseo-breadcrumb\">\n\t<a href=\"https:\/\/www.s-lecfilm.com\/de\/news\/\" title=\"Privat: \/de\/news\/\">Privat: \/de\/news\/<\/a>\n<\/span><span class=\"aioseo-breadcrumb-separator\">&raquo;<\/span><span class=\"aioseo-breadcrumb\">\n\t\/de\/news\/HUD-expansion\/\n<\/span><\/div>","aioseo_breadcrumb_json":[{"label":"\u30db\u30fc\u30e0","link":"https:\/\/www.s-lecfilm.com\/de\/"},{"label":"Privat: \/de\/news\/","link":"https:\/\/www.s-lecfilm.com\/de\/news\/"},{"label":"\/de\/news\/HUD-expansion\/","link":"https:\/\/www.s-lecfilm.com\/de\/news\/HUD-expansion\/"}],"_links":{"self":[{"href":"https:\/\/www.s-lecfilm.com\/de\/wp-json\/wp\/v2\/pages\/17737"}],"collection":[{"href":"https:\/\/www.s-lecfilm.com\/de\/wp-json\/wp\/v2\/pages"}],"about":[{"href":"https:\/\/www.s-lecfilm.com\/de\/wp-json\/wp\/v2\/types\/page"}],"author":[{"embeddable":true,"href":"https:\/\/www.s-lecfilm.com\/de\/wp-json\/wp\/v2\/users\/9"}],"replies":[{"embeddable":true,"href":"https:\/\/www.s-lecfilm.com\/de\/wp-json\/wp\/v2\/comments?post=17737"}],"version-history":[{"count":3,"href":"https:\/\/www.s-lecfilm.com\/de\/wp-json\/wp\/v2\/pages\/17737\/revisions"}],"predecessor-version":[{"id":17751,"href":"https:\/\/www.s-lecfilm.com\/de\/wp-json\/wp\/v2\/pages\/17737\/revisions\/17751"}],"up":[{"embeddable":true,"href":"https:\/\/www.s-lecfilm.com\/de\/wp-json\/wp\/v2\/pages\/17041"}],"wp:attachment":[{"href":"https:\/\/www.s-lecfilm.com\/de\/wp-json\/wp\/v2\/media?parent=17737"}],"wp:term":[{"taxonomy":"page_category","embeddable":true,"href":"https:\/\/www.s-lecfilm.com\/de\/wp-json\/wp\/v2\/page_category?post=17737"}],"curies":[{"name":"wp","href":"https:\/\/api.w.org\/{rel}","templated":true}]}}