{"id":17597,"date":"2023-02-14T10:00:00","date_gmt":"2023-02-14T01:00:00","guid":{"rendered":"https:\/\/www.s-lecfilm.com\/de-design-arch\/"},"modified":"2024-06-21T18:39:04","modified_gmt":"2024-06-21T09:39:04","slug":"de-design-arch","status":"publish","type":"page","link":"https:\/\/www.s-lecfilm.com\/de\/design-arch\/","title":{"rendered":"\/de\/design-arch\/"},"content":{"rendered":"<div class=\"frame pt-0\" style=\"clear: both;\">\n\t<div class=\"hero-flame\" style=\"height:62vh;margin:0;\">\n\t\t<div class=\"hero-flame-bg\">\n\t\t\t<img loading=\"lazy\" decoding=\"async\" class=\"hero-flame-bg-img\" src=\"https:\/\/www.s-lecfilm.com\/wp-content\/uploads\/Hero_design-arch.webp\" width=\"1920\" height=\"960\" alt=\"Design of architectural glass that pursues the potential of colored glass and gradation glass\" style=\"object-position:50% 0%;\">\n\t\t<\/div>\n\t\t<div class=\"hero-flame-content\">\n\t\t\t\t\t\t\t<div class=\"hero-text\">\n\t\t\t\t\t<div class=\"hero-text-title\">\n\t\t\t\t\t\tDesign\t\t\t\t\t<\/div>\n\t\t\t\t\t\t\t\t\t\t\t<div class=\"hero-text-subtitle\">\n\t\t\t\t\t\t\tDesign, das mich anspricht\t\t\t\t\t\t<\/div>\n\t\t\t\t\t\t\t\t\t<\/div>\n\t\t\t\t<\/div>\n\t<\/div>\n<\/div>\n\n<div class=\"frame pt-0 pb-0\">\n\t\n<div class=\"c-tab-type01 tab-flame\">\n\t<div class=\"container\">\n\t\t\t\t<ul class=\"tab_area\">\n\t\t\t\t\t\t\t\t\t<li id=\"Automobil\" class=\"tab-menu\"><a href=\"\/de\/design-auto\/#auto\">Automobilindustrie<\/a><\/li>\n\t\t\t\t\t\t\t\t\t<li id=\"Architektur\" class=\"tab-menu select\"><a href=\"\/de\/design-arch\/#arch\">Konstruktionen<\/a><\/li>\n\t\t\t\t\t<\/ul>\n\t\t\t<\/div>\n<\/div>\n\n\n<div class=\"container mt-5\">\n\t\n<H2 class=\"c-title-level02 section-subtitle\">Trends in der Architektur<\/H2>\n\n<div class=\"c-layout-frame section-flame\">\n\t\t<div class=\"row align-items-center\">\n\t\t<div class=\"col-lg-6\">\n\t\t\t<div class=\"feature-img text-center\">\n\t\t\t\t\t\t\t\t<img decoding=\"async\" src=\"https:\/\/www.s-lecfilm.com\/wp-content\/uploads\/shutterstock_186752795-1-1024x683.webp\"  alt=\"The glass facade of the white building using PVB interlayer for architectural glass applications\">\n\t\t\t\t\t\t\t<\/div>\n\t\t<\/div>\n\t\t<div class=\"col-lg-6\">\n\t\t\t<div class=\"feature-cont\">\n\t\t\t\t<div class=\"acf-innerblocks-container\">\n\n<p>Die Trends im architektonischen Glasdesign entwickeln sich rasant und konzentrieren sich auf die Verbesserung der Energieeffizienz, der Sicherheit und der \u00c4sthetik. Dank der Innovationen in der PVB-Zwischenschicht-Technologie steht Laminiertes Glass an der Spitze dieser Entwicklungen.<\/p>\n\n\n\n<p>Creative Minds by SEKISUI S-LEC erkundet auch die M\u00f6glichkeiten von farbigem und mit Farbverl\u00e4ufen versehenem laminiertem Glass und l\u00e4utet damit eine neue \u00c4ra des visuell ansprechenden Architekturdesigns ein.<\/p>\n\n<\/div>\t\t\t<\/div>\n\t\t<\/div>\n\t<\/div>\n\t<\/div>\n\n\n<H1 class=\"c-title-level02 section-subtitle\">Design in Architekturglas<\/H1>\n\n<div class=\"c-layout-frame section-flame\">\n\t\t<div class=\"row align-items-center\">\n\t\t<div class=\"col-lg-6 order-lg-1 order-0\">\n\t\t\t<div class=\"feature-img text-center\">\n\t\t\t\t\t\t\t\t<img decoding=\"async\" src=\"https:\/\/www.s-lecfilm.com\/wp-content\/uploads\/img_00005-1-1024x684.webp\"  alt=\"Building with S-LEC\u2122 Film working on a wide range of design solutions\">\n\t\t\t\t\t\t\t<\/div>\n\t\t<\/div>\n\t\t<div class=\"col-lg-6 order-lg-0 order-1\">\n\t\t\t<div class=\"feature-cont\">\n\t\t\t\t<div class=\"acf-innerblocks-container\">\n\n<p>Design ist ein wichtiger Bestandteil der Verglasung.<\/p>\n\n\n\n<p>S-LEC\u2122 PVB interlayer film f\u00fcr Laminiertes Glass ist in verschiedenen Farben und Abstufungen erh\u00e4ltlich und bietet mehr kreative Freiheit bei gleichbleibender S-LEC\u2122-Leistung f\u00fcr eine breite Palette von Glasformen und Anwendungen auf dekorativem Laminiertem Glass.<\/p>\n\n\n\n<p>Erleben Sie farbiges Laminiertes Glass mit unseren innovativen Glasl\u00f6sungen f\u00fcr die Architektur. Unsere L\u00f6sungen er\u00f6ffnen neue Dimensionen der architektonischen \u00c4sthetik und erm\u00f6glichen es Ihnen, auffallende, einzigartige und visuell fesselnde R\u00e4ume zu schaffen, die sich wirklich von anderen abheben. Erh\u00f6hen Sie Ihre architektonische Vision mit den L\u00f6sungen von SEKISUI S-LEC f\u00fcr dekoratives Laminiertes Glass.<\/p>\n\n\n<div class=\"c-button-type01 row justify-content-center\">\n\t<div class=\"col-lg-5 d-brochure-bg-btn is-inner-btn btn-size-medium\">\n\t\t<a href=\"\/de\/download\/ArchG\/\" target=\"_blank\">\n\t\t\t<button type=\"button\" class=\"btn btn-primary\">Brosch\u00fcren herunterladen<\/button>\n\t\t<\/a>\n\t<\/div>\n<\/div>\n\n<\/div>\t\t\t<\/div>\n\t\t<\/div>\n\t<\/div>\n\t<\/div>\n\n\n<H2 class=\"c-title-level02 section-subtitle\">Cielora\u2122, undurchsichtig bis klar mit einer PVB-Zwischenschicht mit nat\u00fcrlichem Farbverlauf<\/H2>\n\n<div class=\"c-layout-frame section-flame\">\n\t\t<div class=\"row align-items-center\">\n\t\t<div class=\"col-lg-6\">\n\t\t\t<div class=\"feature-img text-center\">\n\t\t\t\t\t\t\t\t<img decoding=\"async\" src=\"https:\/\/www.s-lecfilm.com\/wp-content\/uploads\/Cielara_contents-1-1024x611.webp\"  alt=\"Balcony with Cielora\u2122, Milky White Gradatient PVB interlayer\">\n\t\t\t\t\t\t\t<\/div>\n\t\t<\/div>\n\t\t<div class=\"col-lg-6\">\n\t\t\t<div class=\"feature-cont\">\n\t\t\t\t<div class=\"acf-innerblocks-container\">\n\n<p>Cielora\u2122 ist eine PVB-Zwischenschichtfolie, die von v\u00f6llig undurchsichtigem Glas (Sichtschutzglas) wei\u00df bis zu v\u00f6llig transparentem Glas reicht. Der Wei\u00dfverlauf ist f\u00fcr das blo\u00dfe Auge unsichtbar, so dass hochwertige Designs mit nat\u00fcrlichen Farbabstufungen aufgebracht werden k\u00f6nnen, die der Kreativit\u00e4t keine Grenzen setzen.<\/p>\n\n\n\n<p>Cielora\u2122 l\u00e4sst sich \u00fcberall dort einsetzen, wo Glasscheiben Teil der Au\u00dfen- oder Innengestaltung sind. Beispiele f\u00fcr Anwendungen sind:<\/p>\n\n\n\n<ul class=\"wp-block-list\">\n<li>Glas-Balkon<\/li>\n\n\n\n<li>Glas f\u00fcr die Fassade<\/li>\n\n\n\n<li>Glastrennw\u00e4nde oder Trennw\u00e4nde in \u00f6ffentlichen Geb\u00e4uden<\/li>\n\n\n\n<li>Glast\u00fcren<\/li>\n<\/ul>\n\n\n<div class=\"c-button-type02 feature-cont-btn text-center\">\n\t<a href=\"\/de\/cielora\/\" >\n\t\t<button class=\"btn btn-primary is-caret-link\">\n\t\t\t\t\t\t\tMehr erfahren\t\t\t\t\t\t<\/button>\n\t<\/a>\n<\/div>\n\n\n\n<p><\/p>\n\n\n<div class=\"c-button-type01 row justify-content-center\">\n\t<div class=\"col-lg-5 d-brochure-bg-btn is-inner-btn btn-size-medium\">\n\t\t<a href=\"\/de\/download\/Cielora-leaflet\/\" target=\"_blank\">\n\t\t\t<button type=\"button\" class=\"btn btn-primary\">Brosch\u00fcren herunterladen<\/button>\n\t\t<\/a>\n\t<\/div>\n<\/div>\n\n<\/div>\t\t\t<\/div>\n\t\t<\/div>\n\t<\/div>\n\t<\/div>\n\n<\/div>\n\n<\/div>\n\n\n<div class=\"frame pt-0\">\n\t\n<div class=\"container\">\n\t\n<H2 class=\"c-title-level02 section-subtitle\">Anwendungsf\u00e4lle<\/H2>\n\n    <div class=\"container\">\r\n              <div class=\"row justify-content-center\">\r\n                <div class=\"col-lg-6\">\r\n                  <div class=\"slick-usecase\">\r\n                    <div class=\"usecase-flame\">\r\n                      <div class=\"usecase-title\">\r\n                        <img decoding=\"async\" src=\"https:\/\/www.s-lecfilm.com\/wp-content\/themes\/s-lecfilm\/images\/icon\/slec_icon_05.svg\" alt=\"\"><span>Farbe<\/span>\r\n                      <\/div>\r\n                      <div class=\"usecase-img\">\r\n                        <img decoding=\"async\" src=\"https:\/\/www.s-lecfilm.com\/wp-content\/themes\/s-lecfilm\/images\/design\/design-arch-3.jpg\" alt=\"\">\r\n                      <\/div>\r\n                      <div class=\"usecase-caption\">\r\n  Aeon Lake Town Outlet, Saitama, Japan\r\n                      <\/div>\r\n                    <\/div>\r\n                  <\/div>\r\n                <\/div>\r\n              <\/div>\r\n              <div class=\"row justify-content-center\">\r\n                <div class=\"col-lg-10\">\r\n                  <div class=\"usecase-text\">\r\n  S-LEC\u2122 Colour Film bietet eine breite Palette von Anwendungsm\u00f6glichkeiten. Am sichtbarsten ist er in Gesch\u00e4ftsgeb\u00e4uden und Wolkenkratzern, Lebensmittelgesch\u00e4ften, Restaurants und sogar in \u00f6ffentlichen Einrichtungen wie Schulen.\r\n                  <\/div>\r\n                <\/div>\r\n              <\/div>\r\n            <\/div>\n\n\n<p><\/p>\n\n\n&nbsp;\n\n\n<p><\/p>\n\n\n<H2 class=\"c-title-level02 section-subtitle\">Unsere L\u00f6sungen f\u00fcr Laminiertes Glass in der Architektur<\/H2>\n\n<div class=\"c-layout-frame section-flame\">\n\t\t<div class=\"row align-items-center\">\n\t\t<div class=\"col-lg-6 order-lg-1 order-0\">\n\t\t\t<div class=\"feature-img text-center\">\n\t\t\t\t\t\t\t\t<img decoding=\"async\" src=\"https:\/\/www.s-lecfilm.com\/wp-content\/uploads\/wall5-1_img07-1-1024x762.webp\"  alt=\"Technology peace that realizes a glass solution that combines functions and aesthetics\">\n\t\t\t\t\t\t\t<\/div>\n\t\t<\/div>\n\t\t<div class=\"col-lg-6 order-lg-0 order-1\">\n\t\t\t<div class=\"feature-cont\">\n\t\t\t\t<div class=\"acf-innerblocks-container\">\n\n<p>S-LEC\u2122 PVB interlayer film f\u00fcr Laminiertes Glass kann Sonnenkontrolle, Farboptionen, UV-Schutz, verbesserte Sicherheit und akustische Glasleistung in einer Folie vereinen. Diese Innovation optimiert die Energieeffizienz und sorgt f\u00fcr einen Hauch von individueller \u00c4sthetik. Dar\u00fcber hinaus sorgt es durch seine robusten Sicherheitsmerkmale und seine F\u00e4higkeit zur L\u00e4rmreduzierung f\u00fcr die Schaffung multifunktionaler Glasl\u00f6sungen in der Architektur f\u00fcr innere Ruhe.<\/p>\n\n\n\n<p>  Nehmen Sie jetzt Kontakt mit uns auf und erfahren Sie mehr \u00fcber die M\u00f6glichkeiten.<\/p>\n\n\n<div class=\"c-button-type02 feature-cont-btn text-center\">\n\t<a href=\"\/de\/architecture\/\" >\n\t\t<button class=\"btn btn-primary is-caret-link\">\n\t\t\t\t\t\t\tMehr erfahren\t\t\t\t\t\t<\/button>\n\t<\/a>\n<\/div>\n\n<\/div>\t\t\t<\/div>\n\t\t<\/div>\n\t<\/div>\n\t<\/div>\n\n<\/div>\n\n<\/div>\n\n\n\n<div class=\"frame is-bg-img c-more-detail \">\n\t<div class=\"container\">\n\t\t<div class=\"row justify-content-center\">\n\t\t\t<div class=\"col-lg-10\">\n\t\t\t\t<div class=\"row\">\n\t\t\t\t\t<div class=\"col-lg-7 mb-5 mb-lg-0\">\n\t\t\t\t\t\t<div class=\"contact-footer-text\">\n\t\t\t\t\t\t\tM\u00f6chten Sie mehr erfahren?\t\t\t\t\t\t<\/div>\n\t\t\t\t\t\t<div class=\"contact-footer-btn\">\n\t\t\t\t\t\t\t<a href=\"\/de\/download\/all\/\" target=\"_blank\">\n\t\t\t\t\t\t\t\t<button class=\"btn btn-primary fa-download-check\">\n\t\t\t\t\t\t\t\t\t\t\t\t\t\t\t\t\t\t\tDownloads\t\t\t\t\t\t\t\t\t\t\t\t\t\t\t\t\t<\/button>\n\t\t\t\t\t\t\t<\/a>\n\t\t\t\t\t\t\t<a href=\"\/de\/download\/Inquiry\/\" target=\"_blank\">\n\t\t\t\t\t\t\t\t<button class=\"btn btn-primary is-external-link\">\n\t\t\t\t\t\t\t\t\t\t\t\t\t\t\t\t\t\t\tKontakt\t\t\t\t\t\t\t\t\t\t\t\t\t\t\t\t\t<\/button>\n\t\t\t\t\t\t\t<\/a>\n\t\t\t\t\t\t<\/div>\n\t\t\t\t\t<\/div>\n\t\t\t\t\t<div class=\"col-lg-5\">\n\t\t\t\t\t\t<div class=\"contact-footer-img\">\n\t\t\t\t\t\t\t\t\t\t\t\t\t\t<img decoding=\"async\" src=\"https:\/\/www.s-lecfilm.com\/wp-content\/uploads\/thankyou_hero-1-1-1024x576.webp\" alt=\"Those who want to know more about S-LEC\u2122 Film\">\n\t\t\t\t\t\t\t\t\t\t\t\t\t<\/div>\n\t\t\t\t\t<\/div>\n\t\t\t\t<\/div>\n\t\t\t<\/div>\n\t\t<\/div>\n\t<\/div>\n<\/div>\n","protected":false},"excerpt":{"rendered":"","protected":false},"author":7,"featured_media":0,"parent":0,"menu_order":227,"comment_status":"closed","ping_status":"closed","template":"","meta":{"_acf_changed":false,"_oasis_is_in_workflow":0,"_oasis_original":0,"om_disable_all_campaigns":false,"inline_featured_image":false,"_monsterinsights_skip_tracking":false,"_monsterinsights_sitenote_active":false,"_monsterinsights_sitenote_note":"","_monsterinsights_sitenote_category":0,"footnotes":""},"page_category":[100,132,120],"class_list":["post-17597","page","type-page","status-publish","hentry"],"acf":[],"aioseo_notices":[],"aioseo_head":"\n\t\t<!-- All in One SEO Pro 4.6.2 - aioseo.com -->\n\t\t<meta name=\"description\" content=\"Design ist ein wichtiger Bestandteil der Verglasung. S-LEC\u2122 PVB-Zwischenschichtfolien sind in verschiedenen Farben erh\u00e4ltlich und bieten mehr Gestaltungsspielraum.\" \/>\n\t\t<meta name=\"robots\" content=\"max-image-preview:large\" \/>\n\t\t<meta name=\"google-site-verification\" content=\"LGoHK3imcI57fEDyHDnPGNxrBKyRAWvyS1_pmekTNEU\" \/>\n\t\t<link rel=\"canonical\" href=\"https:\/\/www.s-lecfilm.com\/de\/design-arch\/\" \/>\n\t\t<meta name=\"generator\" content=\"All in One SEO Pro (AIOSEO) 4.6.2\" \/>\n\t\t<meta property=\"og:locale\" content=\"de_DE\" \/>\n\t\t<meta property=\"og:site_name\" content=\"SEKISUI S-LEC\" \/>\n\t\t<meta property=\"og:type\" content=\"article\" \/>\n\t\t<meta property=\"og:title\" content=\"Farbiges Laminiertes Glass von Design Interlayer | SEKISUI S-LEC\" \/>\n\t\t<meta property=\"og:description\" content=\"Design ist ein wichtiger Bestandteil der Verglasung. S-LEC\u2122 PVB-Zwischenschichtfolien sind in verschiedenen Farben erh\u00e4ltlich und bieten mehr Gestaltungsspielraum.\" \/>\n\t\t<meta property=\"og:url\" content=\"https:\/\/www.s-lecfilm.com\/de\/design-arch\/\" \/>\n\t\t<meta property=\"og:image\" content=\"https:\/\/www.s-lecfilm.com\/wp-content\/uploads\/2023\/01\/Open-Graph-Image.png\" \/>\n\t\t<meta property=\"og:image:secure_url\" content=\"https:\/\/www.s-lecfilm.com\/wp-content\/uploads\/2023\/01\/Open-Graph-Image.png\" \/>\n\t\t<meta property=\"article:published_time\" content=\"2023-02-14T01:00:00+00:00\" \/>\n\t\t<meta property=\"article:modified_time\" content=\"2024-06-21T09:39:04+00:00\" \/>\n\t\t<meta name=\"twitter:card\" content=\"summary_large_image\" \/>\n\t\t<meta name=\"twitter:title\" content=\"Farbiges Laminiertes Glass von Design Interlayer | SEKISUI S-LEC\" \/>\n\t\t<meta name=\"twitter:description\" content=\"Design ist ein wichtiger Bestandteil der Verglasung. S-LEC\u2122 PVB-Zwischenschichtfolien sind in verschiedenen Farben erh\u00e4ltlich und bieten mehr Gestaltungsspielraum.\" \/>\n\t\t<meta name=\"twitter:image\" content=\"https:\/\/www.s-lecfilm.com\/wp-content\/uploads\/2023\/01\/Open-Graph-Image.png\" \/>\n\t\t<script type=\"application\/ld+json\" class=\"aioseo-schema\">\n\t\t\t{\"@context\":\"https:\\\/\\\/schema.org\",\"@graph\":[{\"@type\":\"BreadcrumbList\",\"@id\":\"https:\\\/\\\/www.s-lecfilm.com\\\/de\\\/design-arch\\\/#breadcrumblist\",\"itemListElement\":[{\"@type\":\"ListItem\",\"@id\":\"https:\\\/\\\/www.s-lecfilm.com\\\/de\\\/#listItem\",\"position\":1,\"name\":\"Zu Hause\",\"item\":\"https:\\\/\\\/www.s-lecfilm.com\\\/de\\\/\",\"nextItem\":\"https:\\\/\\\/www.s-lecfilm.com\\\/de\\\/design-arch\\\/#listItem\"},{\"@type\":\"ListItem\",\"@id\":\"https:\\\/\\\/www.s-lecfilm.com\\\/de\\\/design-arch\\\/#listItem\",\"position\":2,\"name\":\"\\\/de\\\/design-arch\\\/\",\"previousItem\":\"https:\\\/\\\/www.s-lecfilm.com\\\/de\\\/#listItem\"}]},{\"@type\":\"Organization\",\"@id\":\"https:\\\/\\\/www.s-lecfilm.com\\\/de\\\/#organization\",\"name\":\"s-lecfilm\",\"url\":\"https:\\\/\\\/www.s-lecfilm.com\\\/de\\\/\"},{\"@type\":\"WebPage\",\"@id\":\"https:\\\/\\\/www.s-lecfilm.com\\\/de\\\/design-arch\\\/#webpage\",\"url\":\"https:\\\/\\\/www.s-lecfilm.com\\\/de\\\/design-arch\\\/\",\"name\":\"Farbiges Laminiertes Glass von Design Interlayer | SEKISUI S-LEC\",\"description\":\"Design ist ein wichtiger Bestandteil der Verglasung. S-LEC\\u2122 PVB-Zwischenschichtfolien sind in verschiedenen Farben erh\\u00e4ltlich und bieten mehr Gestaltungsspielraum.\",\"inLanguage\":\"de-DE\",\"isPartOf\":{\"@id\":\"https:\\\/\\\/www.s-lecfilm.com\\\/de\\\/#website\"},\"breadcrumb\":{\"@id\":\"https:\\\/\\\/www.s-lecfilm.com\\\/de\\\/design-arch\\\/#breadcrumblist\"},\"datePublished\":\"2023-02-14T10:00:00+09:00\",\"dateModified\":\"2024-06-21T18:39:04+09:00\"},{\"@type\":\"WebSite\",\"@id\":\"https:\\\/\\\/www.s-lecfilm.com\\\/de\\\/#website\",\"url\":\"https:\\\/\\\/www.s-lecfilm.com\\\/de\\\/\",\"name\":\"s-lecfilm\",\"inLanguage\":\"de-DE\",\"publisher\":{\"@id\":\"https:\\\/\\\/www.s-lecfilm.com\\\/de\\\/#organization\"}}]}\n\t\t<\/script>\n\t\t<!-- All in One SEO Pro -->\r\n\t\t<title>Farbiges Laminiertes Glass von Design Interlayer | SEKISUI S-LEC<\/title>\n\n","aioseo_head_json":{"title":"Farbiges Laminiertes Glass von Design Interlayer | SEKISUI S-LEC","description":"Design ist ein wichtiger Bestandteil der Verglasung. S-LEC\u2122 PVB-Zwischenschichtfolien sind in verschiedenen Farben erh\u00e4ltlich und bieten mehr Gestaltungsspielraum.","canonical_url":"https:\/\/www.s-lecfilm.com\/de\/design-arch\/","robots":"max-image-preview:large","keywords":"","webmasterTools":{"google-site-verification":"LGoHK3imcI57fEDyHDnPGNxrBKyRAWvyS1_pmekTNEU","miscellaneous":""},"og:locale":"de_DE","og:site_name":"SEKISUI S-LEC","og:type":"article","og:title":"Farbiges Laminiertes Glass von Design Interlayer | SEKISUI S-LEC","og:description":"Design ist ein wichtiger Bestandteil der Verglasung. S-LEC\u2122 PVB-Zwischenschichtfolien sind in verschiedenen Farben erh\u00e4ltlich und bieten mehr Gestaltungsspielraum.","og:url":"https:\/\/www.s-lecfilm.com\/de\/design-arch\/","og:image":"https:\/\/www.s-lecfilm.com\/wp-content\/uploads\/2023\/01\/Open-Graph-Image.png","og:image:secure_url":"https:\/\/www.s-lecfilm.com\/wp-content\/uploads\/2023\/01\/Open-Graph-Image.png","article:published_time":"2023-02-14T01:00:00+00:00","article:modified_time":"2024-06-21T09:39:04+00:00","twitter:card":"summary_large_image","twitter:title":"Farbiges Laminiertes Glass von Design Interlayer | SEKISUI S-LEC","twitter:description":"Design ist ein wichtiger Bestandteil der Verglasung. S-LEC\u2122 PVB-Zwischenschichtfolien sind in verschiedenen Farben erh\u00e4ltlich und bieten mehr Gestaltungsspielraum.","twitter:image":"https:\/\/www.s-lecfilm.com\/wp-content\/uploads\/2023\/01\/Open-Graph-Image.png","schema":{"@context":"https:\/\/schema.org","@graph":[{"@type":"BreadcrumbList","@id":"https:\/\/www.s-lecfilm.com\/de\/design-arch\/#breadcrumblist","itemListElement":[{"@type":"ListItem","@id":"https:\/\/www.s-lecfilm.com\/de\/#listItem","position":1,"name":"Zu Hause","item":"https:\/\/www.s-lecfilm.com\/de\/","nextItem":"https:\/\/www.s-lecfilm.com\/de\/design-arch\/#listItem"},{"@type":"ListItem","@id":"https:\/\/www.s-lecfilm.com\/de\/design-arch\/#listItem","position":2,"name":"\/de\/design-arch\/","previousItem":"https:\/\/www.s-lecfilm.com\/de\/#listItem"}]},{"@type":"Organization","@id":"https:\/\/www.s-lecfilm.com\/de\/#organization","name":"s-lecfilm","url":"https:\/\/www.s-lecfilm.com\/de\/"},{"@type":"WebPage","@id":"https:\/\/www.s-lecfilm.com\/de\/design-arch\/#webpage","url":"https:\/\/www.s-lecfilm.com\/de\/design-arch\/","name":"Farbiges Laminiertes Glass von Design Interlayer | SEKISUI S-LEC","description":"Design ist ein wichtiger Bestandteil der Verglasung. S-LEC\u2122 PVB-Zwischenschichtfolien sind in verschiedenen Farben erh\u00e4ltlich und bieten mehr Gestaltungsspielraum.","inLanguage":"de-DE","isPartOf":{"@id":"https:\/\/www.s-lecfilm.com\/de\/#website"},"breadcrumb":{"@id":"https:\/\/www.s-lecfilm.com\/de\/design-arch\/#breadcrumblist"},"datePublished":"2023-02-14T10:00:00+09:00","dateModified":"2024-06-21T18:39:04+09:00"},{"@type":"WebSite","@id":"https:\/\/www.s-lecfilm.com\/de\/#website","url":"https:\/\/www.s-lecfilm.com\/de\/","name":"s-lecfilm","inLanguage":"de-DE","publisher":{"@id":"https:\/\/www.s-lecfilm.com\/de\/#organization"}}]}},"aioseo_meta_data":{"post_id":"17597","title":"Farbiges Laminiertes Glass von Design Interlayer | SEKISUI S-LEC","description":"Design ist ein wichtiger Bestandteil der Verglasung. S-LEC\u2122 PVB-Zwischenschichtfolien sind in verschiedenen Farben erh\u00e4ltlich und bieten mehr Gestaltungsspielraum.","keywords":null,"keyphrases":"{\"focus\":{\"keyphrase\":\"\",\"score\":0,\"analysis\":{\"keyphraseInTitle\":{\"score\":0,\"maxScore\":9,\"error\":1}}},\"additional\":[]}","primary_term":null,"canonical_url":null,"og_title":null,"og_description":null,"og_object_type":"default","og_image_type":"custom_image","og_image_url":"https:\/\/www.s-lecfilm.com\/wp-content\/uploads\/2023\/01\/hero-img2-arch.jpg","og_image_width":"0","og_image_height":"0","og_image_custom_url":"https:\/\/www.s-lecfilm.com\/wp-content\/uploads\/2023\/01\/hero-img2-arch.jpg","og_image_custom_fields":null,"og_video":"","og_custom_url":null,"og_article_section":null,"og_article_tags":null,"twitter_use_og":false,"twitter_card":"default","twitter_image_type":"custom_image","twitter_image_url":"https:\/\/www.s-lecfilm.com\/wp-content\/uploads\/2023\/01\/hero-img2-arch.jpg","twitter_image_custom_url":"https:\/\/www.s-lecfilm.com\/wp-content\/uploads\/2023\/01\/hero-img2-arch.jpg","twitter_image_custom_fields":null,"twitter_title":null,"twitter_description":null,"schema":{"blockGraphs":[],"customGraphs":[],"default":{"data":{"Article":[],"Course":[],"Dataset":[],"FAQPage":[],"Movie":[],"Person":[],"Product":[],"Recipe":[],"Service":[],"SoftwareApplication":[],"WebPage":[]},"graphName":"WebPage","isEnabled":true},"graphs":[]},"schema_type":"default","schema_type_options":null,"pillar_content":false,"robots_default":true,"robots_noindex":false,"robots_noarchive":false,"robots_nosnippet":false,"robots_nofollow":false,"robots_noimageindex":false,"robots_noodp":false,"robots_notranslate":false,"robots_max_snippet":"-1","robots_max_videopreview":"-1","robots_max_imagepreview":"large","priority":null,"frequency":"default","local_seo":null,"limit_modified_date":false,"reviewed_by":null,"open_ai":{"title":{"suggestions":[],"usage":0},"description":{"suggestions":[],"usage":0}},"created":"2024-03-06 09:20:46","updated":"2024-06-21 09:39:28"},"aioseo_breadcrumb":"<div class=\"aioseo-breadcrumbs\"><span class=\"aioseo-breadcrumb\">\n\t<a href=\"https:\/\/www.s-lecfilm.com\/de\/\" title=\"\u30db\u30fc\u30e0\">\u30db\u30fc\u30e0<\/a>\n<\/span><span class=\"aioseo-breadcrumb-separator\">&raquo;<\/span><span class=\"aioseo-breadcrumb\">\n\t\/de\/design-arch\/\n<\/span><\/div>","aioseo_breadcrumb_json":[{"label":"\u30db\u30fc\u30e0","link":"https:\/\/www.s-lecfilm.com\/de\/"},{"label":"\/de\/design-arch\/","link":"https:\/\/www.s-lecfilm.com\/de\/design-arch\/"}],"_links":{"self":[{"href":"https:\/\/www.s-lecfilm.com\/de\/wp-json\/wp\/v2\/pages\/17597"}],"collection":[{"href":"https:\/\/www.s-lecfilm.com\/de\/wp-json\/wp\/v2\/pages"}],"about":[{"href":"https:\/\/www.s-lecfilm.com\/de\/wp-json\/wp\/v2\/types\/page"}],"author":[{"embeddable":true,"href":"https:\/\/www.s-lecfilm.com\/de\/wp-json\/wp\/v2\/users\/7"}],"replies":[{"embeddable":true,"href":"https:\/\/www.s-lecfilm.com\/de\/wp-json\/wp\/v2\/comments?post=17597"}],"version-history":[{"count":10,"href":"https:\/\/www.s-lecfilm.com\/de\/wp-json\/wp\/v2\/pages\/17597\/revisions"}],"predecessor-version":[{"id":23170,"href":"https:\/\/www.s-lecfilm.com\/de\/wp-json\/wp\/v2\/pages\/17597\/revisions\/23170"}],"wp:attachment":[{"href":"https:\/\/www.s-lecfilm.com\/de\/wp-json\/wp\/v2\/media?parent=17597"}],"wp:term":[{"taxonomy":"page_category","embeddable":true,"href":"https:\/\/www.s-lecfilm.com\/de\/wp-json\/wp\/v2\/page_category?post=17597"}],"curies":[{"name":"wp","href":"https:\/\/api.w.org\/{rel}","templated":true}]}}