{"id":17553,"date":"2023-10-25T19:24:23","date_gmt":"2023-10-25T10:24:23","guid":{"rendered":"https:\/\/www.s-lecfilm.com\/en-news\/en-news-erneuerbare-energiequellen\/"},"modified":"2024-03-08T02:10:00","modified_gmt":"2024-03-07T17:10:00","slug":"en-news-erneuerbare-energiequellen","status":"publish","type":"page","link":"https:\/\/www.s-lecfilm.com\/de\/news\/renewable-energy-sources\/","title":{"rendered":"\/de\/news\/renewable-energy-sources\/"},"content":{"rendered":"<div class=\"frame pt-0\">\n\t\n<div class=\"container\">\n\t\n\n<h1 class=\"has-text-align-center mt-5 mb-3 wp-block-heading\">Werk f\u00fcr Zwischenschichtfolien-Rohstoffharz in Europa bezieht Strom zu 100 % aus erneuerbaren Energiequellen<\/h1>\n\n\n\n<p class=\"has-text-align-right mb-5\">Apr. 14, 2022<\/p>\n\n\n\n<p>SEKISUI CHEMICAL CO., LTD. (Pr\u00e4sident: Keita Kato; im Folgenden &#8222;SEKISUI CHEMICAL&#8220;) gab bekannt, dass die Rohstoffharzanlage in den Niederlanden ihrer hundertprozentigen Tochtergesellschaft SEKISUI S-LEC B.V., die Zwischenschichtfolien f\u00fcr Laminiertes Glass herstellt und vertreibt, ab 2022 100 % des von der Anlage bezogenen Stroms aus erneuerbaren Energiequellen beziehen wird.<\/p>\n\n\n<div class=\"feature-img text-center\">\n\t\t<img decoding=\"async\" src=\"https:\/\/www.s-lecfilm.com\/wp-content\/uploads\/220505-ER300-v2.webp\" alt=\"SEKISUI S-LEC B.V., PVB resin production factory for PVB interlayer\" style=\"width:80%;\">\n\t\t<\/div>\n\n\n<p class=\"has-text-align-center\">Au\u00dfenansicht eines Rohstoffwerks in den Niederlanden<\/p>\n\n<\/div>\n\n<\/div>\n\n\n<div class=\"frame pt-0\">\n\t\n<div class=\"container\">\n\t\n<H2 class=\"c-title-level02 section-subtitle\">Hintergrund und Chronologie<\/H2>\n\n\n<p>Die SEKISUI CHEMICAL Gruppe hat &#8222;Innovation f\u00fcr die Erde&#8220; als Vision in die langfristige Vision der Gruppe, &#8222;Vision 2030&#8220;, aufgenommen und erkl\u00e4rt: &#8222;Um eine nachhaltige Gesellschaft zu verwirklichen, unterst\u00fctzen wir die Grundlage von LIFE und werden weiterhin &#8218;Seelenfrieden f\u00fcr die Zukunft&#8216; schaffen.&#8220; Die Gruppe konzentriert sich auf das ESG-Management mit dem Ziel, sowohl die Verwirklichung einer nachhaltigen Gesellschaft als auch das profitable Wachstum der SEKISUI CHEMICAL Gruppe zu erreichen.<br>Der Klimawandel, der als Schl\u00fcsselthema des ESG-Managements angesehen wird, ist ein wichtiges soziales Thema und wird gleichzeitig als ein gro\u00dfes Risiko f\u00fcr die Gruppe erkannt. In den letzten Jahren hat die Gruppe ihre Initiativen zur Bek\u00e4mpfung des Klimawandels beschleunigt.<br>Zum 31. Dezember 2021 gibt es 18 Anlagen in Japan und \u00dcbersee, die zu 100 % auf Strom aus erneuerbaren Energiequellen umgestellt haben. Die Gruppe hat sich zum Ziel gesetzt, bis 2030 100 % des von allen Produktionsstandorten der Gruppe aus externen Quellen bezogenen Stroms auf erneuerbare Energiequellen umzustellen.<\/p>\n\n<\/div>\n\n<\/div>\n\n\n<div class=\"frame pt-0\">\n\t\n<div class=\"container\">\n\t\n<H2 class=\"c-title-level02 section-subtitle\">Zur Initiative zur Umstellung auf erneuerbare Energien im Zwischenschichtfoliengesch\u00e4ft<\/H2>\n\n\n<p>Zwischenfolien f\u00fcr Laminiertes Glass werden in der Automobil- und Bauverglasung eingesetzt und dienen dazu, bei einem Unfall das Durchdringen oder Zerspringen von Glas zu verhindern und vor ultravioletten Strahlen zu sch\u00fctzen. Zus\u00e4tzlich zu diesen Grundfunktionen bietet die Zwischenschichtfolie von SEKISUI CHEMICAL Schalld\u00e4mmung, W\u00e4rmed\u00e4mmung und HUD-Kompatibilit\u00e4t. Das Unternehmen konzentriert sich auf die Entwicklung und den Vertrieb von Hochleistungs-Zwischenschichtfolien, die mit solchen Funktionen ausgestattet sind, und das Zwischenschichtfoliengesch\u00e4ft ist ein Kerngesch\u00e4ft des Bereichs Mobilit\u00e4t.<br>Was den Umweltaspekt betrifft, so tragen Zwischenschichtfolien zur Schall- und W\u00e4rmed\u00e4mmung zur Verbesserung des Kraftstoff- und Stromverbrauchs bei. Zwischenschichtfolien zur Schalld\u00e4mmung tragen dazu bei, Fahrzeuge leichter zu machen, indem die Glasdicke reduziert wird, w\u00e4hrend Zwischenschichtfolien zur W\u00e4rmed\u00e4mmung die Effizienz von Klimaanlagen verbessern, indem sie den Temperaturanstieg im Fahrzeuginneren d\u00e4mpfen.<br>Neben der Verringerung der Umweltbelastung durch solche Produkte wurden auch an den Produktionsstandorten des Zwischenschichtfoliengesch\u00e4fts aktiv Initiativen zur Dekarbonisierung umgesetzt, darunter die Installation von Solarstromgeneratoren in f\u00fcnf der sieben Werke weltweit, um einen Teil des Energieverbrauchs dieser Werke zu decken.<\/p>\n\n<\/div>\n\n<\/div>\n\n\n<div class=\"frame pt-0\">\n\t\n<div class=\"container\">\n\t\n<H2 class=\"c-title-level02 section-subtitle\">\u00dcberblick \u00fcber die Umstellung auf erneuerbare Energiequellen f\u00fcr 100 % des eingekauften Stroms<\/H2>\n\n\n<p>Das Zwischenschichtfoliengesch\u00e4ft hat mit der Umsetzung von Dekarbonisierungsinitiativen f\u00fcr Glashersteller &#8211; seine Hauptkunden &#8211; und Europa begonnen, wo es eine starke gesellschaftliche Nachfrage nach Dekarbonisierung gibt. Ziel des Unternehmens ist es, weltweit eine umweltfreundliche Energiebeschaffung zu erreichen.<br>Die Folienproduktionsanlage von SEKISUI S-LEC B.V. hat bei dieser Initiative die F\u00fchrung \u00fcbernommen und wird im April 2020 100 % des eingekauften Stroms aus erneuerbaren Energiequellen beziehen. Mit der Umstellung des eingekauften Stroms auf erneuerbare Energiequellen, diesmal im Rohstoffwerk in den Niederlanden, hat SEKISUI S-LEC B.V. die Umstellung des eingekauften Stroms auf 100% erneuerbare Energiequellen in allen Werken erreicht.<\/p>\n\n\n\n<p>Durch ihren Beitrag zur L\u00f6sung der Probleme des Klimawandels wird die SEKISUI CHEMICAL Group gro\u00dfe Risiken in Chancen umwandeln, eine nachhaltige Gesellschaft anstreben und als nachhaltiges Unternehmen wachsen. Um eine dekarbonisierte Gesellschaft aufzubauen, beabsichtigt die Gruppe, bis zum Jahr 2030 100 % des eingekauften Stroms aus erneuerbaren Energiequellen zu beziehen, und strebt an, bis zum Jahr 2050 den Aussto\u00df von Treibhausgasen f\u00fcr die gesamte in der Gesch\u00e4ftst\u00e4tigkeit genutzte Energie, einschlie\u00dflich der in Kraft-W\u00e4rme-Kopplungsanlagen erzeugten Energie, auf Null zu reduzieren.<\/p>\n\n<\/div>\n\n<\/div>\n\n\n<div class=\"frame pt-0\">\n\t\n<div class=\"container\">\n\t\n<H2 class=\"c-title-level02 section-subtitle\">\u00dcberblick \u00fcber SEKISUI S-LEC B.V.<\/H2>\n\n<div class=\"c-table-type01 row align-items-center\">\n\t<div class=\"col-lg-12\">\n\t\t<div class=\"feature-cont un_overview_table\">\n\t\t\t\t\t\t<table>\n\t\t\t\t\t\t\t\t<tr>\n\t\t\t\t\t<th>Standort<\/th>\n\t\t\t\t\t<td>Metaalweg 5, Roermond 6045, Die Niederlande<\/td>\n\t\t\t\t<\/tr>\n\t\t\t\t\t\t\t\t<tr>\n\t\t\t\t\t<th>Einrichtung<\/th>\n\t\t\t\t\t<td>Februar 1996<\/td>\n\t\t\t\t<\/tr>\n\t\t\t\t\t\t\t\t<tr>\n\t\t\t\t\t<th>Eingezahltes Kapital<\/th>\n\t\t\t\t\t<td>11.345.000 EUR<\/td>\n\t\t\t\t<\/tr>\n\t\t\t\t\t\t\t\t<tr>\n\t\t\t\t\t<th>Abgeordneter<\/th>\n\t\t\t\t\t<td>Pr\u00e4sident Naoya Nishimoto<\/td>\n\t\t\t\t<\/tr>\n\t\t\t\t\t\t\t\t<tr>\n\t\t\t\t\t<th>Wirtschaftszweige<\/th>\n\t\t\t\t\t<td>Herstellung und Verkauf von Zwischenschichtfolien<\/td>\n\t\t\t\t<\/tr>\n\t\t\t\t\t\t\t<\/table>\n\t\t\t\t\t<\/div>\n\t<\/div>\n<\/div>\n\n<\/div>\n\n<\/div>\n\n\n<div class=\"frame pt-0 pb-0\">\n\t\n<div class=\"container feature-img-frame-full\">\n\t\n<div class=\"feature-img text-center\">\n\t\t<img decoding=\"async\" src=\"https:\/\/www.s-lecfilm.com\/wp-content\/uploads\/press-release-4.webp\" alt=\"SEKISUI S-LEC is more attitude from all aspects of relationships with diverse people, environment and society.\" >\n\t\t<\/div>\n<\/div>\n\n<\/div>\n\n\n\n<div class=\"frame is-bg-img c-more-detail \">\n\t<div class=\"container\">\n\t\t<div class=\"row justify-content-center\">\n\t\t\t<div class=\"col-lg-10\">\n\t\t\t\t<div class=\"row\">\n\t\t\t\t\t<div class=\"col-lg-7 mb-5 mb-lg-0\">\n\t\t\t\t\t\t<div class=\"contact-footer-text\">\n\t\t\t\t\t\t\tM\u00f6chten Sie mehr erfahren?\t\t\t\t\t\t<\/div>\n\t\t\t\t\t\t<div class=\"contact-footer-btn\">\n\t\t\t\t\t\t\t<a href=\"\/de\/download\/all\/\" target=\"_blank\">\n\t\t\t\t\t\t\t\t<button class=\"btn btn-primary fa-download-check\">\n\t\t\t\t\t\t\t\t\t\t\t\t\t\t\t\t\t\t\tDownloads\t\t\t\t\t\t\t\t\t\t\t\t\t\t\t\t\t<\/button>\n\t\t\t\t\t\t\t<\/a>\n\t\t\t\t\t\t\t<a href=\"\/de\/download\/Inquiry\/\" target=\"_blank\">\n\t\t\t\t\t\t\t\t<button class=\"btn btn-primary is-external-link\">\n\t\t\t\t\t\t\t\t\t\t\t\t\t\t\t\t\t\t\tKontakt\t\t\t\t\t\t\t\t\t\t\t\t\t\t\t\t\t<\/button>\n\t\t\t\t\t\t\t<\/a>\n\t\t\t\t\t\t<\/div>\n\t\t\t\t\t<\/div>\n\t\t\t\t\t<div class=\"col-lg-5\">\n\t\t\t\t\t\t<div class=\"contact-footer-img\">\n\t\t\t\t\t\t\t\t\t\t\t\t\t\t<img decoding=\"async\" src=\"https:\/\/www.s-lecfilm.com\/wp-content\/uploads\/thankyou_hero-1-1-1024x576.webp\" alt=\"Those who want to know more about S-LEC\u2122 Film\">\n\t\t\t\t\t\t\t\t\t\t\t\t\t<\/div>\n\t\t\t\t\t<\/div>\n\t\t\t\t<\/div>\n\t\t\t<\/div>\n\t\t<\/div>\n\t<\/div>\n<\/div>\n","protected":false},"excerpt":{"rendered":"","protected":false},"author":14,"featured_media":0,"parent":17041,"menu_order":39,"comment_status":"closed","ping_status":"closed","template":"","meta":{"_acf_changed":false,"_oasis_is_in_workflow":0,"_oasis_original":0,"om_disable_all_campaigns":false,"inline_featured_image":false,"_monsterinsights_skip_tracking":false,"_monsterinsights_sitenote_active":false,"_monsterinsights_sitenote_note":"","_monsterinsights_sitenote_category":0,"footnotes":""},"page_category":[120],"class_list":["post-17553","page","type-page","status-publish","hentry"],"acf":[],"aioseo_notices":[],"aioseo_head":"\n\t\t<!-- All in One SEO Pro 4.6.2 - aioseo.com -->\n\t\t<meta name=\"description\" content=\"Werk f\u00fcr Zwischenschichtfolien-Rohharz in Europa beginnt mit der Beschaffung von Strom, der zu 100% aus erneuerbaren Energiequellen stammt.\" \/>\n\t\t<meta name=\"robots\" content=\"max-image-preview:large\" \/>\n\t\t<meta name=\"google-site-verification\" content=\"LGoHK3imcI57fEDyHDnPGNxrBKyRAWvyS1_pmekTNEU\" \/>\n\t\t<link rel=\"canonical\" href=\"https:\/\/www.s-lecfilm.com\/de\/news\/renewable-energy-sources\/\" \/>\n\t\t<meta name=\"generator\" content=\"All in One SEO Pro (AIOSEO) 4.6.2\" \/>\n\t\t<meta property=\"og:locale\" content=\"de_DE\" \/>\n\t\t<meta property=\"og:site_name\" content=\"SEKISUI S-LEC\" \/>\n\t\t<meta property=\"og:type\" content=\"article\" \/>\n\t\t<meta property=\"og:title\" content=\"SEKISUI S-LEC Erneuerbare Energiequellen f\u00fcr 100% des eingekauften Stroms\" \/>\n\t\t<meta property=\"og:description\" content=\"Werk f\u00fcr Zwischenschichtfolien-Rohharz in Europa beginnt mit der Beschaffung von Strom, der zu 100% aus erneuerbaren Energiequellen stammt.\" \/>\n\t\t<meta property=\"og:url\" content=\"https:\/\/www.s-lecfilm.com\/de\/news\/renewable-energy-sources\/\" \/>\n\t\t<meta property=\"og:image\" content=\"https:\/\/www.s-lecfilm.com\/wp-content\/uploads\/220505-ER300-v2.webp\" \/>\n\t\t<meta property=\"og:image:secure_url\" content=\"https:\/\/www.s-lecfilm.com\/wp-content\/uploads\/220505-ER300-v2.webp\" \/>\n\t\t<meta property=\"og:image:width\" content=\"1200\" \/>\n\t\t<meta property=\"og:image:height\" content=\"873\" \/>\n\t\t<meta property=\"article:published_time\" content=\"2023-10-25T10:24:23+00:00\" \/>\n\t\t<meta property=\"article:modified_time\" content=\"2024-03-07T17:10:00+00:00\" \/>\n\t\t<meta name=\"twitter:card\" content=\"summary_large_image\" \/>\n\t\t<meta name=\"twitter:title\" content=\"SEKISUI S-LEC Erneuerbare Energiequellen f\u00fcr 100% des eingekauften Stroms\" \/>\n\t\t<meta name=\"twitter:description\" content=\"Werk f\u00fcr Zwischenschichtfolien-Rohharz in Europa beginnt mit der Beschaffung von Strom, der zu 100% aus erneuerbaren Energiequellen stammt.\" \/>\n\t\t<meta name=\"twitter:image\" content=\"https:\/\/www.s-lecfilm.com\/wp-content\/uploads\/2023\/01\/Open-Graph-Image.png\" \/>\n\t\t<script type=\"application\/ld+json\" class=\"aioseo-schema\">\n\t\t\t{\"@context\":\"https:\\\/\\\/schema.org\",\"@graph\":[{\"@type\":\"BreadcrumbList\",\"@id\":\"https:\\\/\\\/www.s-lecfilm.com\\\/de\\\/news\\\/renewable-energy-sources\\\/#breadcrumblist\",\"itemListElement\":[{\"@type\":\"ListItem\",\"@id\":\"https:\\\/\\\/www.s-lecfilm.com\\\/de\\\/#listItem\",\"position\":1,\"name\":\"Zu Hause\",\"item\":\"https:\\\/\\\/www.s-lecfilm.com\\\/de\\\/\",\"nextItem\":\"https:\\\/\\\/www.s-lecfilm.com\\\/de\\\/news\\\/#listItem\"},{\"@type\":\"ListItem\",\"@id\":\"https:\\\/\\\/www.s-lecfilm.com\\\/de\\\/news\\\/#listItem\",\"position\":2,\"name\":\"\\\/de\\\/news\\\/\",\"item\":\"https:\\\/\\\/www.s-lecfilm.com\\\/de\\\/news\\\/\",\"nextItem\":\"https:\\\/\\\/www.s-lecfilm.com\\\/de\\\/news\\\/renewable-energy-sources\\\/#listItem\",\"previousItem\":\"https:\\\/\\\/www.s-lecfilm.com\\\/de\\\/#listItem\"},{\"@type\":\"ListItem\",\"@id\":\"https:\\\/\\\/www.s-lecfilm.com\\\/de\\\/news\\\/renewable-energy-sources\\\/#listItem\",\"position\":3,\"name\":\"\\\/de\\\/news\\\/renewable-energy-sources\\\/\",\"previousItem\":\"https:\\\/\\\/www.s-lecfilm.com\\\/de\\\/news\\\/#listItem\"}]},{\"@type\":\"Organization\",\"@id\":\"https:\\\/\\\/www.s-lecfilm.com\\\/de\\\/#organization\",\"name\":\"s-lecfilm\",\"url\":\"https:\\\/\\\/www.s-lecfilm.com\\\/de\\\/\"},{\"@type\":\"WebPage\",\"@id\":\"https:\\\/\\\/www.s-lecfilm.com\\\/de\\\/news\\\/renewable-energy-sources\\\/#webpage\",\"url\":\"https:\\\/\\\/www.s-lecfilm.com\\\/de\\\/news\\\/renewable-energy-sources\\\/\",\"name\":\"SEKISUI S-LEC Erneuerbare Energiequellen f\\u00fcr 100% des eingekauften Stroms\",\"description\":\"Werk f\\u00fcr Zwischenschichtfolien-Rohharz in Europa beginnt mit der Beschaffung von Strom, der zu 100% aus erneuerbaren Energiequellen stammt.\",\"inLanguage\":\"de-DE\",\"isPartOf\":{\"@id\":\"https:\\\/\\\/www.s-lecfilm.com\\\/de\\\/#website\"},\"breadcrumb\":{\"@id\":\"https:\\\/\\\/www.s-lecfilm.com\\\/de\\\/news\\\/renewable-energy-sources\\\/#breadcrumblist\"},\"datePublished\":\"2023-10-25T19:24:23+09:00\",\"dateModified\":\"2024-03-08T02:10:00+09:00\"},{\"@type\":\"WebSite\",\"@id\":\"https:\\\/\\\/www.s-lecfilm.com\\\/de\\\/#website\",\"url\":\"https:\\\/\\\/www.s-lecfilm.com\\\/de\\\/\",\"name\":\"s-lecfilm\",\"inLanguage\":\"de-DE\",\"publisher\":{\"@id\":\"https:\\\/\\\/www.s-lecfilm.com\\\/de\\\/#organization\"}}]}\n\t\t<\/script>\n\t\t<!-- All in One SEO Pro -->\r\n\t\t<title>SEKISUI S-LEC Erneuerbare Energiequellen f\u00fcr 100% des eingekauften Stroms<\/title>\n\n","aioseo_head_json":{"title":"SEKISUI S-LEC Erneuerbare Energiequellen f\u00fcr 100% des eingekauften Stroms","description":"Werk f\u00fcr Zwischenschichtfolien-Rohharz in Europa beginnt mit der Beschaffung von Strom, der zu 100% aus erneuerbaren Energiequellen stammt.","canonical_url":"https:\/\/www.s-lecfilm.com\/de\/news\/renewable-energy-sources\/","robots":"max-image-preview:large","keywords":"","webmasterTools":{"google-site-verification":"LGoHK3imcI57fEDyHDnPGNxrBKyRAWvyS1_pmekTNEU","miscellaneous":""},"og:locale":"de_DE","og:site_name":"SEKISUI S-LEC","og:type":"article","og:title":"SEKISUI S-LEC Erneuerbare Energiequellen f\u00fcr 100% des eingekauften Stroms","og:description":"Werk f\u00fcr Zwischenschichtfolien-Rohharz in Europa beginnt mit der Beschaffung von Strom, der zu 100% aus erneuerbaren Energiequellen stammt.","og:url":"https:\/\/www.s-lecfilm.com\/de\/news\/renewable-energy-sources\/","og:image":"https:\/\/www.s-lecfilm.com\/wp-content\/uploads\/220505-ER300-v2.webp","og:image:secure_url":"https:\/\/www.s-lecfilm.com\/wp-content\/uploads\/220505-ER300-v2.webp","og:image:width":1200,"og:image:height":873,"article:published_time":"2023-10-25T10:24:23+00:00","article:modified_time":"2024-03-07T17:10:00+00:00","twitter:card":"summary_large_image","twitter:title":"SEKISUI S-LEC Erneuerbare Energiequellen f\u00fcr 100% des eingekauften Stroms","twitter:description":"Werk f\u00fcr Zwischenschichtfolien-Rohharz in Europa beginnt mit der Beschaffung von Strom, der zu 100% aus erneuerbaren Energiequellen stammt.","twitter:image":"https:\/\/www.s-lecfilm.com\/wp-content\/uploads\/2023\/01\/Open-Graph-Image.png","schema":{"@context":"https:\/\/schema.org","@graph":[{"@type":"BreadcrumbList","@id":"https:\/\/www.s-lecfilm.com\/de\/news\/renewable-energy-sources\/#breadcrumblist","itemListElement":[{"@type":"ListItem","@id":"https:\/\/www.s-lecfilm.com\/de\/#listItem","position":1,"name":"Zu Hause","item":"https:\/\/www.s-lecfilm.com\/de\/","nextItem":"https:\/\/www.s-lecfilm.com\/de\/news\/#listItem"},{"@type":"ListItem","@id":"https:\/\/www.s-lecfilm.com\/de\/news\/#listItem","position":2,"name":"\/de\/news\/","item":"https:\/\/www.s-lecfilm.com\/de\/news\/","nextItem":"https:\/\/www.s-lecfilm.com\/de\/news\/renewable-energy-sources\/#listItem","previousItem":"https:\/\/www.s-lecfilm.com\/de\/#listItem"},{"@type":"ListItem","@id":"https:\/\/www.s-lecfilm.com\/de\/news\/renewable-energy-sources\/#listItem","position":3,"name":"\/de\/news\/renewable-energy-sources\/","previousItem":"https:\/\/www.s-lecfilm.com\/de\/news\/#listItem"}]},{"@type":"Organization","@id":"https:\/\/www.s-lecfilm.com\/de\/#organization","name":"s-lecfilm","url":"https:\/\/www.s-lecfilm.com\/de\/"},{"@type":"WebPage","@id":"https:\/\/www.s-lecfilm.com\/de\/news\/renewable-energy-sources\/#webpage","url":"https:\/\/www.s-lecfilm.com\/de\/news\/renewable-energy-sources\/","name":"SEKISUI S-LEC Erneuerbare Energiequellen f\u00fcr 100% des eingekauften Stroms","description":"Werk f\u00fcr Zwischenschichtfolien-Rohharz in Europa beginnt mit der Beschaffung von Strom, der zu 100% aus erneuerbaren Energiequellen stammt.","inLanguage":"de-DE","isPartOf":{"@id":"https:\/\/www.s-lecfilm.com\/de\/#website"},"breadcrumb":{"@id":"https:\/\/www.s-lecfilm.com\/de\/news\/renewable-energy-sources\/#breadcrumblist"},"datePublished":"2023-10-25T19:24:23+09:00","dateModified":"2024-03-08T02:10:00+09:00"},{"@type":"WebSite","@id":"https:\/\/www.s-lecfilm.com\/de\/#website","url":"https:\/\/www.s-lecfilm.com\/de\/","name":"s-lecfilm","inLanguage":"de-DE","publisher":{"@id":"https:\/\/www.s-lecfilm.com\/de\/#organization"}}]}},"aioseo_meta_data":{"post_id":"17553","title":"SEKISUI S-LEC Erneuerbare Energiequellen f\u00fcr 100% des eingekauften Stroms","description":"Werk f\u00fcr Zwischenschichtfolien-Rohharz in Europa beginnt mit der Beschaffung von Strom, der zu 100% aus erneuerbaren Energiequellen stammt.","keywords":[],"keyphrases":"{\"focus\":{\"keyphrase\":\"\",\"score\":0,\"analysis\":{\"keyphraseInTitle\":{\"score\":0,\"maxScore\":9,\"error\":1}}},\"additional\":[]}","primary_term":null,"canonical_url":null,"og_title":null,"og_description":null,"og_object_type":"default","og_image_type":"custom_image","og_image_url":"https:\/\/www.s-lecfilm.com\/wp-content\/uploads\/220505-ER300-v2.webp","og_image_width":"1200","og_image_height":"873","og_image_custom_url":"https:\/\/www.s-lecfilm.com\/wp-content\/uploads\/220505-ER300-v2.webp","og_image_custom_fields":null,"og_video":"","og_custom_url":null,"og_article_section":null,"og_article_tags":[],"twitter_use_og":false,"twitter_card":"default","twitter_image_type":"default","twitter_image_url":null,"twitter_image_custom_url":null,"twitter_image_custom_fields":null,"twitter_title":null,"twitter_description":null,"schema":{"blockGraphs":[],"customGraphs":[],"default":{"data":{"Article":[],"Course":[],"Dataset":[],"FAQPage":[],"Movie":[],"Person":[],"Product":[],"Recipe":[],"Service":[],"SoftwareApplication":[],"WebPage":[]},"graphName":"WebPage","isEnabled":true},"graphs":[]},"schema_type":"default","schema_type_options":null,"pillar_content":false,"robots_default":true,"robots_noindex":true,"robots_noarchive":false,"robots_nosnippet":false,"robots_nofollow":false,"robots_noimageindex":false,"robots_noodp":false,"robots_notranslate":false,"robots_max_snippet":"-1","robots_max_videopreview":"-1","robots_max_imagepreview":"large","priority":null,"frequency":"default","local_seo":null,"limit_modified_date":false,"reviewed_by":null,"open_ai":{"title":{"suggestions":[],"usage":0},"description":{"suggestions":[],"usage":0}},"created":"2024-03-06 07:58:00","updated":"2024-03-07 17:20:33"},"aioseo_breadcrumb":"<div class=\"aioseo-breadcrumbs\"><span class=\"aioseo-breadcrumb\">\n\t<a href=\"https:\/\/www.s-lecfilm.com\/de\/\" title=\"\u30db\u30fc\u30e0\">\u30db\u30fc\u30e0<\/a>\n<\/span><span class=\"aioseo-breadcrumb-separator\">&raquo;<\/span><span class=\"aioseo-breadcrumb\">\n\t<a href=\"https:\/\/www.s-lecfilm.com\/de\/news\/\" title=\"Privat: \/de\/news\/\">Privat: \/de\/news\/<\/a>\n<\/span><span class=\"aioseo-breadcrumb-separator\">&raquo;<\/span><span class=\"aioseo-breadcrumb\">\n\t\/de\/news\/renewable-energy-sources\/\n<\/span><\/div>","aioseo_breadcrumb_json":[{"label":"\u30db\u30fc\u30e0","link":"https:\/\/www.s-lecfilm.com\/de\/"},{"label":"Privat: \/de\/news\/","link":"https:\/\/www.s-lecfilm.com\/de\/news\/"},{"label":"\/de\/news\/renewable-energy-sources\/","link":"https:\/\/www.s-lecfilm.com\/de\/news\/renewable-energy-sources\/"}],"_links":{"self":[{"href":"https:\/\/www.s-lecfilm.com\/de\/wp-json\/wp\/v2\/pages\/17553"}],"collection":[{"href":"https:\/\/www.s-lecfilm.com\/de\/wp-json\/wp\/v2\/pages"}],"about":[{"href":"https:\/\/www.s-lecfilm.com\/de\/wp-json\/wp\/v2\/types\/page"}],"author":[{"embeddable":true,"href":"https:\/\/www.s-lecfilm.com\/de\/wp-json\/wp\/v2\/users\/14"}],"replies":[{"embeddable":true,"href":"https:\/\/www.s-lecfilm.com\/de\/wp-json\/wp\/v2\/comments?post=17553"}],"version-history":[{"count":9,"href":"https:\/\/www.s-lecfilm.com\/de\/wp-json\/wp\/v2\/pages\/17553\/revisions"}],"predecessor-version":[{"id":17932,"href":"https:\/\/www.s-lecfilm.com\/de\/wp-json\/wp\/v2\/pages\/17553\/revisions\/17932"}],"up":[{"embeddable":true,"href":"https:\/\/www.s-lecfilm.com\/de\/wp-json\/wp\/v2\/pages\/17041"}],"wp:attachment":[{"href":"https:\/\/www.s-lecfilm.com\/de\/wp-json\/wp\/v2\/media?parent=17553"}],"wp:term":[{"taxonomy":"page_category","embeddable":true,"href":"https:\/\/www.s-lecfilm.com\/de\/wp-json\/wp\/v2\/page_category?post=17553"}],"curies":[{"name":"wp","href":"https:\/\/api.w.org\/{rel}","templated":true}]}}