{"id":17541,"date":"2023-10-25T19:21:41","date_gmt":"2023-10-25T10:21:41","guid":{"rendered":"https:\/\/www.s-lecfilm.com\/en-news\/en-news-rebranding\/"},"modified":"2024-07-03T16:19:51","modified_gmt":"2024-07-03T07:19:51","slug":"en-news-rebranding","status":"publish","type":"page","link":"https:\/\/www.s-lecfilm.com\/de\/news\/rebranding\/","title":{"rendered":"\/de\/news\/rebranding\/"},"content":{"rendered":"<div class=\"frame\">\n\t\n<div class=\"container pt-0 pb-0\">\n\t\n\n<p class=\"has-text-align-right\">07. M\u00e4rz 2022<\/p>\n\n\n\n<p>SEKISUI CHEMICAL CO., LTD.<\/p>\n\n\n\n<h1 class=\"has-text-align-center h2 mt-5 mb-5 wp-block-heading\">Umfirmierung des Zwischenschichtfoliengesch\u00e4fts von SEKISUI CHEMICAL<\/h1>\n\n\n\n<p class=\"mt-5\">SEKISUI CHEMICAL CO., LTD. (Pr\u00e4sident und Representative Director: Keita Kato; im Folgenden &#8222;SEKISUI&#8220;) hat sein Gesch\u00e4ft mit PVB-Zwischenschichtfolien in High Performance Plastics Company (Pr\u00e4sident: Ikusuke Shimizu) umbenannt.<\/p>\n\n\n<H2 class=\"c-title-level02 section-subtitle\">Hintergrund des Rebrandings<\/H2>\n\n<div class=\"feature-img text-center\">\n\t\t<img decoding=\"async\" src=\"https:\/\/www.s-lecfilm.com\/wp-content\/uploads\/rebranding.webp\" alt=\"SEKISUI S-LEC logo with the brand line\" >\n\t\t<\/div>\n\n\n<p>SEKISUI entwickelt, produziert und vertreibt PVB-Zwischenschichtfolien f\u00fcr Laminiertes Glass und nutzt dabei sein fortschrittliches technisches Know-how, seine Innovation und die Wertsch\u00e4tzung einer kooperativen Beziehung zu seinen Kunden. SEKISUI spielt seit mehr als sechzig Jahren eine f\u00fchrende Rolle in der PVB-Zwischenschichtfolien-Industrie. Das Unternehmen wird sich kontinuierlich bem\u00fchen, die PVB-Zwischenschichtfolien f\u00fcr Laminiertes Glass mit neuen Werten zu versehen, und hat den Gesch\u00e4ftsbereich PVB-Zwischenschichtfolien der High Performance Plastics Company in PVB-Zwischenschichtfolien umbenannt, um die Absicht widerzuspiegeln, mit seinen Produkten einen Beitrag f\u00fcr die Gesellschaft und die Umwelt zu leisten und eine bessere Zukunft aufzubauen&#8220;, wobei es sich der Bedeutung seiner Verbindung&#8220; nicht nur mit seinen Kunden, sondern auch mit der Gesellschaft dar\u00fcber hinaus bewusst ist.<\/p>\n\n\n<div class=\"feature-img text-center\">\n\t\t<img decoding=\"async\" src=\"https:\/\/www.s-lecfilm.com\/wp-content\/uploads\/Background-of-Rebranding_EN.webp\" alt=\"SEKISUI S-LEC brand renewal to contribute to society and environment and help build a better future\" style=\"width:80%;\">\n\t\t<\/div>\n<\/div>\n\n<\/div>\n\n\n<div class=\"frame pt-0\">\n\t\n<div class=\"container\">\n\t\n<H2 class=\"c-title-level02 section-subtitle\">Was SEKISUI anstrebt<\/H2>\n\n\n<p>SEKISUI hat sich bem\u00fcht, sichere und komfortable Orte in der Gesellschaft zu schaffen und dazu beigetragen, dass die Menschen an diesen Orten eine angenehme Beziehung aufbauen. Das Unternehmen hofft, dass es die Verbindungen zu den Menschen, der Gesellschaft, der Umwelt, der Technologie und anderen Bereichen, die uns umgeben, weiter vertiefen wird. Ziel ist es, Unternehmen zu schaffen, die eine bessere Zukunft gestalten, indem sie das Bewusstsein f\u00fcr die Schaffung und Vertiefung dieser &#8222;Verbindungen&#8220; f\u00f6rdern.<\/p>\n\n<\/div>\n\n<\/div>\n\n\n<div class=\"frame pt-0\">\n\t\n<div class=\"container\">\n\t\n<H2 class=\"c-title-level02 section-subtitle\">Markenidentit\u00e4t \/ Aktionsslogan und Markenaussage<\/H2>\n\n\n<p>SEKISUI hat sich den Aktionsslogan &#8222;Make the NEW&#8220; ausgedacht, um die herausfordernde und kreative Einstellung aller Mitglieder, die in der PVB-Zwischenschichtfolie t\u00e4tig sind, zum Ausdruck zu bringen. Dieser Slogan besagt, dass verschiedene &#8222;NEUE&#8220; geschaffen werden sollen, die sich aus ihrer Aktion ergeben, mehr Verbindungen mit Menschen und allem zu schaffen.<\/p>\n\n\n<div class=\"feature-img text-center\">\n\t\t<img decoding=\"async\" src=\"https:\/\/www.s-lecfilm.com\/wp-content\/uploads\/Action-slogan-and-brand-statement_EN-1.webp\" alt=\"Make the New, action slogan that represents the attitude of challenging and original activities\" >\n\t\t<\/div>\n<\/div>\n\n<\/div>\n\n\n<div class=\"frame pt-0 pb-0\">\n\t\n<div class=\"container\">\n\t\n<H2 class=\"c-title-level02 section-subtitle\">Markenlogo<\/H2>\n\n\n<p>Um die &#8222;Verbindung&#8220; auszudr\u00fccken, haben wir das neue Logo mit einer flachen und neutralen Schrift entworfen. Die symbolische Linie steht f\u00fcr die PVB-Zwischenschichtfolie. Und die Platzierung im &#8222;E&#8220;, das von allen Buchstaben des &#8222;S-LEC&#8220; die h\u00f6chste Anzahl von Strichen aufweist, soll zeigen, dass die Gesch\u00e4ftseinheit alle Arten von Beziehungen zu Menschen, zur Umwelt, zur Gesellschaft und zu anderen Dingen unter allen Aspekten unterst\u00fctzen wird. Die Linie ist absichtlich schr\u00e4g nach rechts gezogen, um das Wachstum der Marke zu verdeutlichen.<\/p>\n\n<\/div>\n\n\n<div class=\"feature-img text-center\">\n\t\t<img decoding=\"async\" src=\"https:\/\/www.s-lecfilm.com\/wp-content\/uploads\/press-release-3-1-1.webp\" alt=\"SEKISUI S-LEC logo\" style=\"width:100%;\">\n\t\t<\/div>\n\n<div class=\"feature-img text-center\">\n\t\t<img decoding=\"async\" src=\"https:\/\/www.s-lecfilm.com\/wp-content\/uploads\/press-release-4.webp\" alt=\"SEKISUI S-LEC is more attitude from all aspects of relationships with diverse people, environment and society.\" >\n\t\t<\/div>\n\n<div class=\"container\">\n\t\n<div class=\"feature-img text-center\">\n\t\t<\/div>\n<\/div>\n\n<\/div>\n\n\n\n<div class=\"frame is-bg-img c-more-detail \">\n\t<div class=\"container\">\n\t\t<div class=\"row justify-content-center\">\n\t\t\t<div class=\"col-lg-10\">\n\t\t\t\t<div class=\"row\">\n\t\t\t\t\t<div class=\"col-lg-7 mb-5 mb-lg-0\">\n\t\t\t\t\t\t<div class=\"contact-footer-text\">\n\t\t\t\t\t\t\tM\u00f6chten Sie mehr erfahren?\t\t\t\t\t\t<\/div>\n\t\t\t\t\t\t<div class=\"contact-footer-btn\">\n\t\t\t\t\t\t\t<a href=\"\/de\/download\/all\/\" target=\"_blank\">\n\t\t\t\t\t\t\t\t<button class=\"btn btn-primary fa-download-check\">\n\t\t\t\t\t\t\t\t\t\t\t\t\t\t\t\t\t\t\tDownloads\t\t\t\t\t\t\t\t\t\t\t\t\t\t\t\t\t<\/button>\n\t\t\t\t\t\t\t<\/a>\n\t\t\t\t\t\t\t<a href=\"\/de\/download\/Inquiry\/\" target=\"_blank\">\n\t\t\t\t\t\t\t\t<button class=\"btn btn-primary is-external-link\">\n\t\t\t\t\t\t\t\t\t\t\t\t\t\t\t\t\t\t\tKontakt\t\t\t\t\t\t\t\t\t\t\t\t\t\t\t\t\t<\/button>\n\t\t\t\t\t\t\t<\/a>\n\t\t\t\t\t\t<\/div>\n\t\t\t\t\t<\/div>\n\t\t\t\t\t<div class=\"col-lg-5\">\n\t\t\t\t\t\t<div class=\"contact-footer-img\">\n\t\t\t\t\t\t\t\t\t\t\t\t\t\t<img decoding=\"async\" src=\"https:\/\/www.s-lecfilm.com\/wp-content\/uploads\/thankyou_hero-1-1-1024x576.webp\" alt=\"Those who want to know more about S-LEC\u2122 Film\">\n\t\t\t\t\t\t\t\t\t\t\t\t\t<\/div>\n\t\t\t\t\t<\/div>\n\t\t\t\t<\/div>\n\t\t\t<\/div>\n\t\t<\/div>\n\t<\/div>\n<\/div>\n","protected":false},"excerpt":{"rendered":"","protected":false},"author":14,"featured_media":0,"parent":17041,"menu_order":37,"comment_status":"closed","ping_status":"closed","template":"","meta":{"_acf_changed":false,"_oasis_is_in_workflow":0,"_oasis_original":0,"om_disable_all_campaigns":false,"inline_featured_image":false,"_monsterinsights_skip_tracking":false,"_monsterinsights_sitenote_active":false,"_monsterinsights_sitenote_note":"","_monsterinsights_sitenote_category":0,"footnotes":""},"page_category":[120],"class_list":["post-17541","page","type-page","status-publish","hentry"],"acf":[],"aioseo_notices":[],"aioseo_head":"\n\t\t<!-- All in One SEO Pro 4.6.2 - aioseo.com -->\n\t\t<meta name=\"description\" content=\"Wir haben das Gesch\u00e4ft mit PVB-Zwischenschichtfolien umbenannt, weil wir uns der Bedeutung der &quot;Verbindung&quot; nicht nur mit den Kunden, sondern auch mit der Gesellschaft dar\u00fcber hinaus bewusst sind.\" \/>\n\t\t<meta name=\"robots\" content=\"max-image-preview:large\" \/>\n\t\t<meta name=\"google-site-verification\" content=\"LGoHK3imcI57fEDyHDnPGNxrBKyRAWvyS1_pmekTNEU\" \/>\n\t\t<link rel=\"canonical\" href=\"https:\/\/www.s-lecfilm.com\/de\/news\/rebranding\/\" \/>\n\t\t<meta name=\"generator\" content=\"All in One SEO Pro (AIOSEO) 4.6.2\" \/>\n\t\t<meta property=\"og:locale\" content=\"de_DE\" \/>\n\t\t<meta property=\"og:site_name\" content=\"SEKISUI S-LEC\" \/>\n\t\t<meta property=\"og:type\" content=\"article\" \/>\n\t\t<meta property=\"og:title\" content=\"SEKISUI S-LEC Umfirmierung\" \/>\n\t\t<meta property=\"og:description\" content=\"Wir haben das Gesch\u00e4ft mit PVB-Zwischenschichtfolien umbenannt, weil wir uns der Bedeutung der &quot;Verbindung&quot; nicht nur mit den Kunden, sondern auch mit der Gesellschaft dar\u00fcber hinaus bewusst sind.\" \/>\n\t\t<meta property=\"og:url\" content=\"https:\/\/www.s-lecfilm.com\/de\/news\/rebranding\/\" \/>\n\t\t<meta property=\"og:image\" content=\"https:\/\/www.s-lecfilm.com\/wp-content\/uploads\/press-release_2.webp\" \/>\n\t\t<meta property=\"og:image:secure_url\" content=\"https:\/\/www.s-lecfilm.com\/wp-content\/uploads\/press-release_2.webp\" \/>\n\t\t<meta property=\"og:image:width\" content=\"1200\" \/>\n\t\t<meta property=\"og:image:height\" content=\"679\" \/>\n\t\t<meta property=\"article:published_time\" content=\"2023-10-25T10:21:41+00:00\" \/>\n\t\t<meta property=\"article:modified_time\" content=\"2024-07-03T07:19:51+00:00\" \/>\n\t\t<meta name=\"twitter:card\" content=\"summary_large_image\" \/>\n\t\t<meta name=\"twitter:title\" content=\"SEKISUI S-LEC Umfirmierung\" \/>\n\t\t<meta name=\"twitter:description\" content=\"Wir haben das Gesch\u00e4ft mit PVB-Zwischenschichtfolien umbenannt, weil wir uns der Bedeutung der &quot;Verbindung&quot; nicht nur mit den Kunden, sondern auch mit der Gesellschaft dar\u00fcber hinaus bewusst sind.\" \/>\n\t\t<meta name=\"twitter:image\" content=\"https:\/\/www.s-lecfilm.com\/wp-content\/uploads\/2023\/01\/Open-Graph-Image.png\" \/>\n\t\t<script type=\"application\/ld+json\" class=\"aioseo-schema\">\n\t\t\t{\"@context\":\"https:\\\/\\\/schema.org\",\"@graph\":[{\"@type\":\"BreadcrumbList\",\"@id\":\"https:\\\/\\\/www.s-lecfilm.com\\\/de\\\/news\\\/rebranding\\\/#breadcrumblist\",\"itemListElement\":[{\"@type\":\"ListItem\",\"@id\":\"https:\\\/\\\/www.s-lecfilm.com\\\/de\\\/#listItem\",\"position\":1,\"name\":\"Zu Hause\",\"item\":\"https:\\\/\\\/www.s-lecfilm.com\\\/de\\\/\",\"nextItem\":\"https:\\\/\\\/www.s-lecfilm.com\\\/de\\\/news\\\/#listItem\"},{\"@type\":\"ListItem\",\"@id\":\"https:\\\/\\\/www.s-lecfilm.com\\\/de\\\/news\\\/#listItem\",\"position\":2,\"name\":\"\\\/de\\\/news\\\/\",\"item\":\"https:\\\/\\\/www.s-lecfilm.com\\\/de\\\/news\\\/\",\"nextItem\":\"https:\\\/\\\/www.s-lecfilm.com\\\/de\\\/news\\\/rebranding\\\/#listItem\",\"previousItem\":\"https:\\\/\\\/www.s-lecfilm.com\\\/de\\\/#listItem\"},{\"@type\":\"ListItem\",\"@id\":\"https:\\\/\\\/www.s-lecfilm.com\\\/de\\\/news\\\/rebranding\\\/#listItem\",\"position\":3,\"name\":\"\\\/de\\\/news\\\/rebranding\\\/\",\"previousItem\":\"https:\\\/\\\/www.s-lecfilm.com\\\/de\\\/news\\\/#listItem\"}]},{\"@type\":\"Organization\",\"@id\":\"https:\\\/\\\/www.s-lecfilm.com\\\/de\\\/#organization\",\"name\":\"s-lecfilm\",\"url\":\"https:\\\/\\\/www.s-lecfilm.com\\\/de\\\/\"},{\"@type\":\"WebPage\",\"@id\":\"https:\\\/\\\/www.s-lecfilm.com\\\/de\\\/news\\\/rebranding\\\/#webpage\",\"url\":\"https:\\\/\\\/www.s-lecfilm.com\\\/de\\\/news\\\/rebranding\\\/\",\"name\":\"SEKISUI S-LEC Umfirmierung\",\"description\":\"Wir haben das Gesch\\u00e4ft mit PVB-Zwischenschichtfolien umbenannt, weil wir uns der Bedeutung der \\\"Verbindung\\\" nicht nur mit den Kunden, sondern auch mit der Gesellschaft dar\\u00fcber hinaus bewusst sind.\",\"inLanguage\":\"de-DE\",\"isPartOf\":{\"@id\":\"https:\\\/\\\/www.s-lecfilm.com\\\/de\\\/#website\"},\"breadcrumb\":{\"@id\":\"https:\\\/\\\/www.s-lecfilm.com\\\/de\\\/news\\\/rebranding\\\/#breadcrumblist\"},\"datePublished\":\"2023-10-25T19:21:41+09:00\",\"dateModified\":\"2024-07-03T16:19:51+09:00\"},{\"@type\":\"WebSite\",\"@id\":\"https:\\\/\\\/www.s-lecfilm.com\\\/de\\\/#website\",\"url\":\"https:\\\/\\\/www.s-lecfilm.com\\\/de\\\/\",\"name\":\"s-lecfilm\",\"inLanguage\":\"de-DE\",\"publisher\":{\"@id\":\"https:\\\/\\\/www.s-lecfilm.com\\\/de\\\/#organization\"}}]}\n\t\t<\/script>\n\t\t<!-- All in One SEO Pro -->\r\n\t\t<title>SEKISUI S-LEC Umfirmierung<\/title>\n\n","aioseo_head_json":{"title":"SEKISUI S-LEC Umfirmierung","description":"Wir haben das Gesch\u00e4ft mit PVB-Zwischenschichtfolien umbenannt, weil wir uns der Bedeutung der \"Verbindung\" nicht nur mit den Kunden, sondern auch mit der Gesellschaft dar\u00fcber hinaus bewusst sind.","canonical_url":"https:\/\/www.s-lecfilm.com\/de\/news\/rebranding\/","robots":"max-image-preview:large","keywords":"","webmasterTools":{"google-site-verification":"LGoHK3imcI57fEDyHDnPGNxrBKyRAWvyS1_pmekTNEU","miscellaneous":""},"og:locale":"de_DE","og:site_name":"SEKISUI S-LEC","og:type":"article","og:title":"SEKISUI S-LEC Umfirmierung","og:description":"Wir haben das Gesch\u00e4ft mit PVB-Zwischenschichtfolien umbenannt, weil wir uns der Bedeutung der &quot;Verbindung&quot; nicht nur mit den Kunden, sondern auch mit der Gesellschaft dar\u00fcber hinaus bewusst sind.","og:url":"https:\/\/www.s-lecfilm.com\/de\/news\/rebranding\/","og:image":"https:\/\/www.s-lecfilm.com\/wp-content\/uploads\/press-release_2.webp","og:image:secure_url":"https:\/\/www.s-lecfilm.com\/wp-content\/uploads\/press-release_2.webp","og:image:width":1200,"og:image:height":679,"article:published_time":"2023-10-25T10:21:41+00:00","article:modified_time":"2024-07-03T07:19:51+00:00","twitter:card":"summary_large_image","twitter:title":"SEKISUI S-LEC Umfirmierung","twitter:description":"Wir haben das Gesch\u00e4ft mit PVB-Zwischenschichtfolien umbenannt, weil wir uns der Bedeutung der &quot;Verbindung&quot; nicht nur mit den Kunden, sondern auch mit der Gesellschaft dar\u00fcber hinaus bewusst sind.","twitter:image":"https:\/\/www.s-lecfilm.com\/wp-content\/uploads\/2023\/01\/Open-Graph-Image.png","schema":{"@context":"https:\/\/schema.org","@graph":[{"@type":"BreadcrumbList","@id":"https:\/\/www.s-lecfilm.com\/de\/news\/rebranding\/#breadcrumblist","itemListElement":[{"@type":"ListItem","@id":"https:\/\/www.s-lecfilm.com\/de\/#listItem","position":1,"name":"Zu Hause","item":"https:\/\/www.s-lecfilm.com\/de\/","nextItem":"https:\/\/www.s-lecfilm.com\/de\/news\/#listItem"},{"@type":"ListItem","@id":"https:\/\/www.s-lecfilm.com\/de\/news\/#listItem","position":2,"name":"\/de\/news\/","item":"https:\/\/www.s-lecfilm.com\/de\/news\/","nextItem":"https:\/\/www.s-lecfilm.com\/de\/news\/rebranding\/#listItem","previousItem":"https:\/\/www.s-lecfilm.com\/de\/#listItem"},{"@type":"ListItem","@id":"https:\/\/www.s-lecfilm.com\/de\/news\/rebranding\/#listItem","position":3,"name":"\/de\/news\/rebranding\/","previousItem":"https:\/\/www.s-lecfilm.com\/de\/news\/#listItem"}]},{"@type":"Organization","@id":"https:\/\/www.s-lecfilm.com\/de\/#organization","name":"s-lecfilm","url":"https:\/\/www.s-lecfilm.com\/de\/"},{"@type":"WebPage","@id":"https:\/\/www.s-lecfilm.com\/de\/news\/rebranding\/#webpage","url":"https:\/\/www.s-lecfilm.com\/de\/news\/rebranding\/","name":"SEKISUI S-LEC Umfirmierung","description":"Wir haben das Gesch\u00e4ft mit PVB-Zwischenschichtfolien umbenannt, weil wir uns der Bedeutung der \"Verbindung\" nicht nur mit den Kunden, sondern auch mit der Gesellschaft dar\u00fcber hinaus bewusst sind.","inLanguage":"de-DE","isPartOf":{"@id":"https:\/\/www.s-lecfilm.com\/de\/#website"},"breadcrumb":{"@id":"https:\/\/www.s-lecfilm.com\/de\/news\/rebranding\/#breadcrumblist"},"datePublished":"2023-10-25T19:21:41+09:00","dateModified":"2024-07-03T16:19:51+09:00"},{"@type":"WebSite","@id":"https:\/\/www.s-lecfilm.com\/de\/#website","url":"https:\/\/www.s-lecfilm.com\/de\/","name":"s-lecfilm","inLanguage":"de-DE","publisher":{"@id":"https:\/\/www.s-lecfilm.com\/de\/#organization"}}]}},"aioseo_meta_data":{"post_id":"17541","title":"SEKISUI S-LEC Umfirmierung","description":"Wir haben das Gesch\u00e4ft mit PVB-Zwischenschichtfolien umbenannt, weil wir uns der Bedeutung der \"Verbindung\" nicht nur mit den Kunden, sondern auch mit der Gesellschaft dar\u00fcber hinaus bewusst sind.","keywords":null,"keyphrases":"{\"focus\":{\"keyphrase\":\"\",\"score\":0,\"analysis\":{\"keyphraseInTitle\":{\"score\":0,\"maxScore\":9,\"error\":1}}},\"additional\":[]}","primary_term":null,"canonical_url":null,"og_title":null,"og_description":null,"og_object_type":"default","og_image_type":"custom_image","og_image_url":"https:\/\/www.s-lecfilm.com\/wp-content\/uploads\/press-release_2.webp","og_image_width":"0","og_image_height":"0","og_image_custom_url":"https:\/\/www.s-lecfilm.com\/wp-content\/uploads\/press-release_2.webp","og_image_custom_fields":null,"og_video":"","og_custom_url":null,"og_article_section":null,"og_article_tags":null,"twitter_use_og":false,"twitter_card":"default","twitter_image_type":"default","twitter_image_url":null,"twitter_image_custom_url":null,"twitter_image_custom_fields":null,"twitter_title":null,"twitter_description":null,"schema":{"blockGraphs":[],"customGraphs":[],"default":{"data":{"Article":[],"Course":[],"Dataset":[],"FAQPage":[],"Movie":[],"Person":[],"Product":[],"Recipe":[],"Service":[],"SoftwareApplication":[],"WebPage":[]},"graphName":"WebPage","isEnabled":true},"graphs":[]},"schema_type":"default","schema_type_options":null,"pillar_content":false,"robots_default":true,"robots_noindex":true,"robots_noarchive":false,"robots_nosnippet":false,"robots_nofollow":false,"robots_noimageindex":false,"robots_noodp":false,"robots_notranslate":false,"robots_max_snippet":"-1","robots_max_videopreview":"-1","robots_max_imagepreview":"large","priority":null,"frequency":"default","local_seo":null,"limit_modified_date":false,"reviewed_by":null,"open_ai":{"title":{"suggestions":[],"usage":0},"description":{"suggestions":[],"usage":0}},"created":"2024-03-06 07:50:45","updated":"2024-07-03 07:20:17"},"aioseo_breadcrumb":"<div class=\"aioseo-breadcrumbs\"><span class=\"aioseo-breadcrumb\">\n\t<a href=\"https:\/\/www.s-lecfilm.com\/de\/\" title=\"\u30db\u30fc\u30e0\">\u30db\u30fc\u30e0<\/a>\n<\/span><span class=\"aioseo-breadcrumb-separator\">&raquo;<\/span><span class=\"aioseo-breadcrumb\">\n\t<a href=\"https:\/\/www.s-lecfilm.com\/de\/news\/\" title=\"Privat: \/de\/news\/\">Privat: \/de\/news\/<\/a>\n<\/span><span class=\"aioseo-breadcrumb-separator\">&raquo;<\/span><span class=\"aioseo-breadcrumb\">\n\t\/de\/news\/rebranding\/\n<\/span><\/div>","aioseo_breadcrumb_json":[{"label":"\u30db\u30fc\u30e0","link":"https:\/\/www.s-lecfilm.com\/de\/"},{"label":"Privat: \/de\/news\/","link":"https:\/\/www.s-lecfilm.com\/de\/news\/"},{"label":"\/de\/news\/rebranding\/","link":"https:\/\/www.s-lecfilm.com\/de\/news\/rebranding\/"}],"_links":{"self":[{"href":"https:\/\/www.s-lecfilm.com\/de\/wp-json\/wp\/v2\/pages\/17541"}],"collection":[{"href":"https:\/\/www.s-lecfilm.com\/de\/wp-json\/wp\/v2\/pages"}],"about":[{"href":"https:\/\/www.s-lecfilm.com\/de\/wp-json\/wp\/v2\/types\/page"}],"author":[{"embeddable":true,"href":"https:\/\/www.s-lecfilm.com\/de\/wp-json\/wp\/v2\/users\/14"}],"replies":[{"embeddable":true,"href":"https:\/\/www.s-lecfilm.com\/de\/wp-json\/wp\/v2\/comments?post=17541"}],"version-history":[{"count":10,"href":"https:\/\/www.s-lecfilm.com\/de\/wp-json\/wp\/v2\/pages\/17541\/revisions"}],"predecessor-version":[{"id":25230,"href":"https:\/\/www.s-lecfilm.com\/de\/wp-json\/wp\/v2\/pages\/17541\/revisions\/25230"}],"up":[{"embeddable":true,"href":"https:\/\/www.s-lecfilm.com\/de\/wp-json\/wp\/v2\/pages\/17041"}],"wp:attachment":[{"href":"https:\/\/www.s-lecfilm.com\/de\/wp-json\/wp\/v2\/media?parent=17541"}],"wp:term":[{"taxonomy":"page_category","embeddable":true,"href":"https:\/\/www.s-lecfilm.com\/de\/wp-json\/wp\/v2\/page_category?post=17541"}],"curies":[{"name":"wp","href":"https:\/\/api.w.org\/{rel}","templated":true}]}}