{"id":17445,"date":"2023-02-28T10:00:00","date_gmt":"2023-02-28T01:00:00","guid":{"rendered":"https:\/\/www.s-lecfilm.com\/de-cielora\/"},"modified":"2024-06-05T10:40:06","modified_gmt":"2024-06-05T01:40:06","slug":"de-cielora","status":"publish","type":"page","link":"https:\/\/www.s-lecfilm.com\/de\/cielora\/","title":{"rendered":"\/de\/cielora\/"},"content":{"rendered":"<div class=\"frame pt-0\" style=\"clear: both;\">\n\t<div class=\"hero-flame\" style=\"height:62vh;margin:0;\">\n\t\t<div class=\"hero-flame-bg\">\n\t\t\t<img loading=\"lazy\" decoding=\"async\" class=\"hero-flame-bg-img\" src=\"https:\/\/www.s-lecfilm.com\/wp-content\/uploads\/Hero_cielora.webp\" width=\"1920\" height=\"561\" alt=\"Cielora\u2122, opaque to clear with a natural gradient PVB interlayer\" style=\"object-position:50% 50%;\">\n\t\t<\/div>\n\t\t<div class=\"hero-flame-content\">\n\t\t\t\t\t\t\t<div class=\"hero-text\">\n\t\t\t\t\t<div class=\"hero-text-title\">\n\t\t\t\t\t\tCielora\u2122 \t\t\t\t\t<\/div>\n\t\t\t\t\t\t\t\t\t\t\t<div class=\"hero-text-subtitle\">\n\t\t\t\t\t\t\tDurch Abstufung zur Sch\u00f6nheit gelangen\t\t\t\t\t\t<\/div>\n\t\t\t\t\t\t\t\t\t<\/div>\n\t\t\t\t<\/div>\n\t<\/div>\n<\/div>\n\n<div class=\"frame pt-0 pb-0\">\n\t\n<div class=\"container\">\n\t\n<H1 class=\"c-title-level02 section-subtitle\">Cielora\u2122, undurchsichtig bis klar mit einer PVB-Zwischenschicht mit nat\u00fcrlichem Farbverlauf<\/H1>\n\n<div class=\"c-layout-frame section-flame\">\n\t\t<div class=\"row align-items-center\">\n\t\t<div class=\"col-lg-6\">\n\t\t\t<div class=\"feature-img text-center\">\n\t\t\t\t\t\t\t\t<img decoding=\"async\" src=\"https:\/\/www.s-lecfilm.com\/wp-content\/uploads\/220114_Details-04-1024x683.webp\"  alt=\"Cielora\u2122 that creates a gradation that flows from milky to transparent\">\n\t\t\t\t\t\t\t<\/div>\n\t\t<\/div>\n\t\t<div class=\"col-lg-6\">\n\t\t\t<div class=\"feature-cont\">\n\t\t\t\t<div class=\"acf-innerblocks-container\">\n\n<p>Kreative L\u00f6sungen f\u00fcr Fenster, W\u00e4nde und Trennw\u00e4nde aus Glas f\u00fcr Privatsph\u00e4re, Sicherheit und \u00c4sthetik.<\/p>\n\n\n\n<p>Architekten und Innenarchitekten achten stets auf ein Gleichgewicht zwischen \u00c4sthetik und Funktion. Das gilt insbesondere f\u00fcr Glas, da es in der Architektur sehr vielseitig einsetzbar ist. Gemeinsam mit Projektentwicklern, Glasherstellern und Bauunternehmern suchen sie kritisch nach den besten Materialien, testen, berechnen und w\u00e4hlen diese aus. Die verwendeten Anwendungen m\u00fcssen viele Anforderungen erf\u00fcllen, z. B. einfach zu handhaben sein, den Geschmack des Endnutzers treffen und f\u00fcr Sicherheit in Geb\u00e4uden sorgen.<\/p>\n\n\n\n<p>Damit hat SEKISUI S-LEC im Nachhinein eine innovative L\u00f6sung f\u00fcr dekorative Glasfenster, Trennw\u00e4nde, Fassaden, Balkone usw. und andere Anwendungen geschaffen, die eine hochwertige Anwendung mit zahlreichen Vorteilen bietet: Cielora\u2122.<\/p>\n\n\n<div class=\"c-button-type01 row justify-content-center\">\n\t<div class=\"col-lg-5 d-brochure-bg-btn is-inner-btn btn-size-medium\">\n\t\t<a href=\"\/de\/download\/Cielora-leaflet\/\" target=\"_blank\">\n\t\t\t<button type=\"button\" class=\"btn btn-primary\">Brosch\u00fcren herunterladen<\/button>\n\t\t<\/a>\n\t<\/div>\n<\/div>\n\n<\/div>\t\t\t<\/div>\n\t\t<\/div>\n\t<\/div>\n\t<\/div>\n\n\n<H2 class=\"c-title-level02 section-subtitle\">Cielora\u2122 Merkmale<\/H2>\n\n<div class=\"c-layout-frame section-flame\">\n\t\t<div class=\"row align-items-center\">\n\t\t<div class=\"col-lg-6 order-lg-1 order-0\">\n\t\t\t<div class=\"feature-img text-center\">\n\t\t\t\t\t\t\t\t<img decoding=\"async\" src=\"https:\/\/www.s-lecfilm.com\/wp-content\/uploads\/cielora_en_02-1024x620.webp\"  alt=\"Cielora\u2122, white gradient PVB interlayer for laminated glass that features privacy and transparency\">\n\t\t\t\t\t\t\t<\/div>\n\t\t<\/div>\n\t\t<div class=\"col-lg-6 order-lg-0 order-1\">\n\t\t\t<div class=\"feature-cont\">\n\t\t\t\t<div class=\"acf-innerblocks-container\">\n\n<p>Cielora\u2122 ist eine 0,76 mm dicke PVB-Zwischenschichtfolie f\u00fcr Glasscheiben mit den gleichen Eigenschaften wie andere S-LEC\u2122 Filme f\u00fcr Sicherheitsglas:<\/p>\n\n\n\n<ul class=\"wp-block-list\">\n<li>Sicherheit &#8211; Bruchsicher, sto\u00dfd\u00e4mpfend und durchdringungssicher.<\/li>\n\n\n\n<li>Schutz &#8211; Widersteht der Kraft eines Hammers oder Glasschneiders.<\/li>\n\n\n\n<li>UV-Schutz &#8211; Blockiert 99 % der ultravioletten Strahlen.<\/li>\n\n\n\n<li>Durchl\u00e4ssigkeit f\u00fcr nat\u00fcrliches Licht, optimale Transparenz in der transparenten Zone.<\/li>\n<\/ul>\n\n\n\n<p>Das zus\u00e4tzliche einzigartige Merkmal von Cielora\u2122 ist sein erweiterter, nat\u00fcrlicher Farbverlauf von klarem \u00fcber lichtdurchl\u00e4ssigem Glas bis hin zu einem undurchsichtigen, mattierten Look, der eine kreative M\u00f6glichkeit bietet, Sichtschutz und Transparenz in einer ma\u00dfgeschneiderten Anwendung in Laminiertem Glass zu kombinieren.<\/p>\n\n\n<div class=\"c-button-type01 row justify-content-center\">\n\t<div class=\"col-lg-5 d-brochure-bg-btn is-inner-btn btn-size-medium\">\n\t\t<a href=\"\/de\/download\/Cielora-leaflet\/\" target=\"_blank\">\n\t\t\t<button type=\"button\" class=\"btn btn-primary\">Brosch\u00fcren herunterladen<\/button>\n\t\t<\/a>\n\t<\/div>\n<\/div>\n\n<\/div>\t\t\t<\/div>\n\t\t<\/div>\n\t<\/div>\n\t<\/div>\n\n\n<H2 class=\"c-title-level02 section-subtitle\">Was macht Cielora\u2122 wei\u00dfes Farbverlaufsglas einzigartig?  <\/H2>\n\n<div class=\"c-layout-frame section-flame\">\n\t\t<div class=\"row align-items-center\">\n\t\t<div class=\"col-lg-6\">\n\t\t\t<div class=\"feature-img text-center\">\n\t\t\t\t\t\t\t\t<img decoding=\"async\" src=\"https:\/\/www.s-lecfilm.com\/wp-content\/uploads\/220105_Building-06_90-1024x637.webp\"  alt=\"Cielora\u2122 that creates a gradation that flows from milky to transparent\">\n\t\t\t\t\t\t\t<\/div>\n\t\t<\/div>\n\t\t<div class=\"col-lg-6\">\n\t\t\t<div class=\"feature-cont\">\n\t\t\t\t<div class=\"acf-innerblocks-container\">\n\n<p>Cielora\u2122 ist eine PVB-Zwischenschichtfolie, die von v\u00f6llig undurchsichtigem Glas (Privacy Glass) bis hin zu v\u00f6llig transparentem Glas reicht. Der \u00dcbergang ist \u00fcber 80 cm breit, was auf dem Markt einzigartig ist. Der graduelle Farbverlauf erm\u00f6glicht einen sanften Verlaufseffekt, der f\u00fcr das Auge nahtlos erscheint und sich mit unendlicher Kreativit\u00e4t auf hochwertige Designs anwenden l\u00e4sst.<\/p>\n\n\n\n<p>Das Aufbringen einer PVB-Zwischenschicht f\u00fcr Laminiertes Glass, um die optische, Sicherheits- oder UV-Schutzfunktion des Glases zu ver\u00e4ndern, bietet immer hervorragende Eigenschaften. Im Vergleich zu Klebefolien, wie z. B. Fensterfolien, wird eine PVB-Zwischenschichtfolie versiegelt, um Verschlei\u00df zu vermeiden, selbst nach vielen Jahren. Das Design von Laminierten Glass Produkten bleibt v\u00f6llig glatt, so dass es wartungsarm ist, egal ob es im Innen- oder Au\u00dfenbereich verwendet wird.<\/p>\n\n<\/div>\t\t\t<\/div>\n\t\t<\/div>\n\t<\/div>\n\t<\/div>\n\n\n<H2 class=\"c-title-level02 section-subtitle\">Anwendungen von Laminiertem Glass mit Farbverlauf<\/H2>\n\n<div class=\"c-layout-frame section-flame\">\n\t\t<div class=\"row align-items-center\">\n\t\t<div class=\"col-lg-6 order-lg-1 order-0\">\n\t\t\t<div class=\"feature-img text-center\">\n\t\t\t\t\t\t\t\t<img decoding=\"async\" src=\"https:\/\/www.s-lecfilm.com\/wp-content\/uploads\/Cielora-application-image-1024x625.webp\"  alt=\"Gradient laminated glass with Cielora\u2122, widely used in architecture for new builds, renovations, and decor\">\n\t\t\t\t\t\t\t<\/div>\n\t\t<\/div>\n\t\t<div class=\"col-lg-6 order-lg-0 order-1\">\n\t\t\t<div class=\"feature-cont\">\n\t\t\t\t<div class=\"acf-innerblocks-container\">\n\n<p>Das Laminierte Glass mit wei\u00dfem Farbverlauf findet in der Architektur vielf\u00e4ltige Anwendung bei Neubauten, Renovierungen, Glaskonstruktionen, Skulpturen usw. \u00dcberall dort, wo Glasscheiben Teil der Au\u00dfen- oder Innengestaltung sind. Beispiele f\u00fcr Anwendungen sind:<\/p>\n\n\n\n<ul class=\"wp-block-list\">\n<li>Glas-Balkon<\/li>\n\n\n\n<li>Glas f\u00fcr die Fassade<\/li>\n\n\n\n<li>Glastrennw\u00e4nde oder Trennw\u00e4nde in \u00f6ffentlichen Geb\u00e4uden<\/li>\n\n\n\n<li>Br\u00fcstung oder Gel\u00e4nder auf dem Dach<\/li>\n\n\n\n<li>Kabine f\u00fcr Privatgespr\u00e4che in gemeinsamen B\u00fcrogeb\u00e4uden<\/li>\n\n\n\n<li>Sichtschutzfenster f\u00fcr Sitzungsr\u00e4ume und Klassenzimmer<\/li>\n\n\n\n<li>Glasdecke in Atrien oder Sonnenliegen<\/li>\n\n\n\n<li>Trennwand f\u00fcr den Schreibtisch<\/li>\n\n\n\n<li>Duscht\u00fcren f\u00fcr Badezimmer oder Trennw\u00e4nde f\u00fcr Duschkabinen<\/li>\n\n\n\n<li>Glast\u00fcren<\/li>\n<\/ul>\n\n<\/div>\t\t\t<\/div>\n\t\t<\/div>\n\t<\/div>\n\t<\/div>\n\n\n<H2 class=\"c-title-level02 section-subtitle\">Die Vorteile der Vielseitigkeit<\/H2>\n\n<div class=\"c-layout-frame section-flame\">\n\t\t<div class=\"row align-items-center\">\n\t\t<div class=\"col-lg-6\">\n\t\t\t<div class=\"feature-img text-center\">\n\t\t\t\t\t\t\t\t<img decoding=\"async\" src=\"https:\/\/www.s-lecfilm.com\/wp-content\/uploads\/cover-image-1024x746.webp\"  alt=\"Protecting privacy using opaque or transparent gradation glass by Cielora\u2122\">\n\t\t\t\t\t\t\t<\/div>\n\t\t<\/div>\n\t\t<div class=\"col-lg-6\">\n\t\t\t<div class=\"feature-cont\">\n\t\t\t\t<div class=\"acf-innerblocks-container\">\n\n<p>Moderne Geb\u00e4ude sind so konzipiert, dass sie energieeffizient sind und Raum zum Arbeiten, Wohnen und Erholen bieten. In dicht besiedelten Gebieten kommt die zus\u00e4tzliche Anforderung der Privatsph\u00e4re ins Spiel. Die Verwendung von teils undurchsichtigem und teils transparentem Verlaufsglas ist eine vielseitige M\u00f6glichkeit, ein Geb\u00e4ude hell und offen zu halten und gleichzeitig in bestimmten Bereichen f\u00fcr Privatsph\u00e4re zu sorgen.<\/p>\n\n\n\n<p>Cielora\u2122 vermittelt dieses Gef\u00fchl von Gro\u00dfz\u00fcgigkeit und verbessert gleichzeitig das einheitliche Erscheinungsbild der verschiedenen R\u00e4ume eines Geb\u00e4udes. Das breite Design und die Gesamtgr\u00f6\u00dfe der Cielora\u2122 lassen der Kreativit\u00e4t keine Grenzen. Wir k\u00f6nnen eine individuelle Anpassung anbieten, indem wir die transparente oder undurchsichtige Seite der Folie k\u00fcrzen.<\/p>\n\n\n<div class=\"c-button-type01 row justify-content-center\">\n\t<div class=\"col-lg-5 d-brochure-bg-btn is-inner-btn btn-size-medium\">\n\t\t<a href=\"\/de\/download\/Cielora-leaflet\/\" target=\"_blank\">\n\t\t\t<button type=\"button\" class=\"btn btn-primary\">Brosch\u00fcren herunterladen<\/button>\n\t\t<\/a>\n\t<\/div>\n<\/div>\n\n<\/div>\t\t\t<\/div>\n\t\t<\/div>\n\t<\/div>\n\t<\/div>\n\n\n<H2 class=\"c-title-level02 section-subtitle\">Musteranfrage<\/H2>\n\n<div class=\"c-layout-frame section-flame\">\n\t\t<div class=\"row align-items-center\">\n\t\t<div class=\"col-lg-6 order-lg-1 order-0\">\n\t\t\t<div class=\"feature-img text-center\">\n\t\t\t\t\t\t\t\t<img decoding=\"async\" src=\"https:\/\/www.s-lecfilm.com\/wp-content\/uploads\/Cielora-glass-book-grey-back2-1024x567.webp\"  alt=\"\">\n\t\t\t\t\t\t\t<\/div>\n\t\t<\/div>\n\t\t<div class=\"col-lg-6 order-lg-0 order-1\">\n\t\t\t<div class=\"feature-cont\">\n\t\t\t\t<div class=\"acf-innerblocks-container\">\n\n<p>Muster sind auf Anfrage erh\u00e4ltlich. Je nach Bedarf k\u00f6nnen wir Ihnen Muster von laminiertem Glass oder Folien zur Verf\u00fcgung stellen, z.B. um das Aussehen von laminiertem Glass mit Cielora\u2122 zu \u00fcberpr\u00fcfen oder um Prozesse im Laminierungsverfahren zu bewerten.<\/p>\n\n\n\n<p>Z\u00f6gern Sie nicht, uns \u00fcber das unten stehende Formular zu kontaktieren, und einer unserer Mitarbeiter wird sich mit Ihnen in Verbindung setzen, um Ihre Anfrage und die Verf\u00fcgbarkeit von Mustern zu besprechen.<\/p>\n\n\n<div class=\"c-button-type01 row justify-content-center\">\n\t<div class=\"col-lg-5 d-brochure-bg-btn is-inner-btn btn-size-medium\">\n\t\t<a href=\"\/de\/download\/Cielora-sample\/\" target=\"_blank\">\n\t\t\t<button type=\"button\" class=\"btn btn-primary\">Muster anfordern<\/button>\n\t\t<\/a>\n\t<\/div>\n<\/div>\n\n<\/div>\t\t\t<\/div>\n\t\t<\/div>\n\t<\/div>\n\t<\/div>\n\n\n<H2 class=\"c-title-level02 section-subtitle\">Unsere Dienstleistungen<\/H2>\n\n<div class=\"c-layout-frame section-flame\">\n\t\t<div class=\"row align-items-center\">\n\t\t<div class=\"col-lg-6\">\n\t\t\t<div class=\"feature-img text-center\">\n\t\t\t\t\t\t\t\t<img decoding=\"async\" src=\"https:\/\/www.s-lecfilm.com\/wp-content\/uploads\/shutterstock_2281799523-1-1024x672-1-1-1024x672.webp\"  alt=\"SEKISUI S-LEC can develop tailored solutions from the design stage per project needs.\">\n\t\t\t\t\t\t\t<\/div>\n\t\t<\/div>\n\t\t<div class=\"col-lg-6\">\n\t\t\t<div class=\"feature-cont\">\n\t\t\t\t<div class=\"acf-innerblocks-container\">\n\n<p>SEKISUI S-LEC verf\u00fcgt \u00fcber ein Team von Technik-, Vertriebs- und Marketingexperten, die an unseren zahlreichen PVB-Zwischenschichten-Produktionsstandorten rund um den Globus zur Verf\u00fcgung stehen, um Sie in der Designphase Ihres Produkts zu unterst\u00fctzen und Ihnen unsere Hilfe bei der Entwicklung einer ma\u00dfgeschneiderten L\u00f6sung anzubieten, die Ihren Projektanforderungen entspricht.<\/p>\n\n\n\n<p>Wenn Sie mehr \u00fcber Cielora\u2122 erfahren m\u00f6chten, k\u00f6nnen Sie uns gerne kontaktieren. Lassen Sie uns wissen, wie wir die Anforderungen k\u00fcnftiger Geb\u00e4ude erf\u00fcllen k\u00f6nnen.<\/p>\n\n<\/div>\t\t\t<\/div>\n\t\t<\/div>\n\t<\/div>\n\t<\/div>\n\n<\/div>\n\n<\/div>\n\n\n\n<div class=\"frame is-bg-img c-more-detail \">\n\t<div class=\"container\">\n\t\t<div class=\"row justify-content-center\">\n\t\t\t<div class=\"col-lg-10\">\n\t\t\t\t<div class=\"row\">\n\t\t\t\t\t<div class=\"col-lg-7 mb-5 mb-lg-0\">\n\t\t\t\t\t\t<div class=\"contact-footer-text\">\n\t\t\t\t\t\t\tM\u00f6chten Sie mehr erfahren?\t\t\t\t\t\t<\/div>\n\t\t\t\t\t\t<div class=\"contact-footer-btn\">\n\t\t\t\t\t\t\t<a href=\"\/de\/download\/all\/\" target=\"_blank\">\n\t\t\t\t\t\t\t\t<button class=\"btn btn-primary fa-download-check\">\n\t\t\t\t\t\t\t\t\t\t\t\t\t\t\t\t\t\t\tDownloads\t\t\t\t\t\t\t\t\t\t\t\t\t\t\t\t\t<\/button>\n\t\t\t\t\t\t\t<\/a>\n\t\t\t\t\t\t\t<a href=\"\/de\/download\/Inquiry\/\" target=\"_blank\">\n\t\t\t\t\t\t\t\t<button class=\"btn btn-primary is-external-link\">\n\t\t\t\t\t\t\t\t\t\t\t\t\t\t\t\t\t\t\tKontakt\t\t\t\t\t\t\t\t\t\t\t\t\t\t\t\t\t<\/button>\n\t\t\t\t\t\t\t<\/a>\n\t\t\t\t\t\t<\/div>\n\t\t\t\t\t<\/div>\n\t\t\t\t\t<div class=\"col-lg-5\">\n\t\t\t\t\t\t<div class=\"contact-footer-img\">\n\t\t\t\t\t\t\t\t\t\t\t\t\t\t<img decoding=\"async\" src=\"https:\/\/www.s-lecfilm.com\/wp-content\/uploads\/thankyou_hero-1-1-1024x576.webp\" alt=\"Those who want to know more about S-LEC\u2122 Film\">\n\t\t\t\t\t\t\t\t\t\t\t\t\t<\/div>\n\t\t\t\t\t<\/div>\n\t\t\t\t<\/div>\n\t\t\t<\/div>\n\t\t<\/div>\n\t<\/div>\n<\/div>\n","protected":false},"excerpt":{"rendered":"","protected":false},"author":7,"featured_media":0,"parent":0,"menu_order":225,"comment_status":"closed","ping_status":"closed","template":"","meta":{"_acf_changed":false,"_oasis_is_in_workflow":0,"_oasis_original":0,"om_disable_all_campaigns":false,"inline_featured_image":false,"_monsterinsights_skip_tracking":false,"_monsterinsights_sitenote_active":false,"_monsterinsights_sitenote_note":"","_monsterinsights_sitenote_category":0,"footnotes":""},"page_category":[100,132,120],"class_list":["post-17445","page","type-page","status-publish","hentry"],"acf":[],"aioseo_notices":[],"aioseo_head":"\n\t\t<!-- All in One SEO Pro 4.6.2 - aioseo.com -->\n\t\t<meta name=\"description\" content=\"Die wei\u00dfe Verlaufsfolie f\u00fcr Laminiertes Glass, die einzigartige M\u00f6glichkeiten bietet, allm\u00e4hliche \u00dcberg\u00e4nge von transluzentem Wei\u00df zu transparentem Glas zu schaffen.\" \/>\n\t\t<meta name=\"robots\" content=\"max-image-preview:large\" \/>\n\t\t<meta name=\"google-site-verification\" content=\"LGoHK3imcI57fEDyHDnPGNxrBKyRAWvyS1_pmekTNEU\" \/>\n\t\t<link rel=\"canonical\" href=\"https:\/\/www.s-lecfilm.com\/de\/cielora\/\" \/>\n\t\t<meta name=\"generator\" content=\"All in One SEO Pro (AIOSEO) 4.6.2\" \/>\n\t\t<meta property=\"og:locale\" content=\"de_DE\" \/>\n\t\t<meta property=\"og:site_name\" content=\"SEKISUI S-LEC\" \/>\n\t\t<meta property=\"og:type\" content=\"article\" \/>\n\t\t<meta property=\"og:title\" content=\"Sch\u00f6nheit durch Abstufung erlangen | Cielora\" \/>\n\t\t<meta property=\"og:description\" content=\"Die wei\u00dfe Verlaufsfolie f\u00fcr Laminiertes Glass, die einzigartige M\u00f6glichkeiten bietet, allm\u00e4hliche \u00dcberg\u00e4nge von transluzentem Wei\u00df zu transparentem Glas zu schaffen.\" \/>\n\t\t<meta property=\"og:url\" content=\"https:\/\/www.s-lecfilm.com\/de\/cielora\/\" \/>\n\t\t<meta property=\"og:image\" content=\"https:\/\/www.s-lecfilm.com\/wp-content\/uploads\/2023\/01\/cielora_01-1.png\" \/>\n\t\t<meta property=\"og:image:secure_url\" content=\"https:\/\/www.s-lecfilm.com\/wp-content\/uploads\/2023\/01\/cielora_01-1.png\" \/>\n\t\t<meta property=\"article:published_time\" content=\"2023-02-28T01:00:00+00:00\" \/>\n\t\t<meta property=\"article:modified_time\" content=\"2024-06-05T01:40:06+00:00\" \/>\n\t\t<meta name=\"twitter:card\" content=\"summary_large_image\" \/>\n\t\t<meta name=\"twitter:title\" content=\"Sch\u00f6nheit durch Abstufung erlangen | Cielora\" \/>\n\t\t<meta name=\"twitter:description\" content=\"Die wei\u00dfe Verlaufsfolie f\u00fcr Laminiertes Glass, die einzigartige M\u00f6glichkeiten bietet, allm\u00e4hliche \u00dcberg\u00e4nge von transluzentem Wei\u00df zu transparentem Glas zu schaffen.\" \/>\n\t\t<meta name=\"twitter:image\" content=\"https:\/\/www.s-lecfilm.com\/wp-content\/uploads\/2023\/01\/cielora_01-1.png\" \/>\n\t\t<script type=\"application\/ld+json\" class=\"aioseo-schema\">\n\t\t\t{\"@context\":\"https:\\\/\\\/schema.org\",\"@graph\":[{\"@type\":\"BreadcrumbList\",\"@id\":\"https:\\\/\\\/www.s-lecfilm.com\\\/de\\\/cielora\\\/#breadcrumblist\",\"itemListElement\":[{\"@type\":\"ListItem\",\"@id\":\"https:\\\/\\\/www.s-lecfilm.com\\\/de\\\/#listItem\",\"position\":1,\"name\":\"Zu Hause\",\"item\":\"https:\\\/\\\/www.s-lecfilm.com\\\/de\\\/\",\"nextItem\":\"https:\\\/\\\/www.s-lecfilm.com\\\/de\\\/cielora\\\/#listItem\"},{\"@type\":\"ListItem\",\"@id\":\"https:\\\/\\\/www.s-lecfilm.com\\\/de\\\/cielora\\\/#listItem\",\"position\":2,\"name\":\"\\\/de\\\/cielora\\\/\",\"previousItem\":\"https:\\\/\\\/www.s-lecfilm.com\\\/de\\\/#listItem\"}]},{\"@type\":\"Organization\",\"@id\":\"https:\\\/\\\/www.s-lecfilm.com\\\/de\\\/#organization\",\"name\":\"s-lecfilm\",\"url\":\"https:\\\/\\\/www.s-lecfilm.com\\\/de\\\/\"},{\"@type\":\"WebPage\",\"@id\":\"https:\\\/\\\/www.s-lecfilm.com\\\/de\\\/cielora\\\/#webpage\",\"url\":\"https:\\\/\\\/www.s-lecfilm.com\\\/de\\\/cielora\\\/\",\"name\":\"Sch\\u00f6nheit durch Abstufung erlangen | Cielora\",\"description\":\"Die wei\\u00dfe Verlaufsfolie f\\u00fcr Laminiertes Glass, die einzigartige M\\u00f6glichkeiten bietet, allm\\u00e4hliche \\u00dcberg\\u00e4nge von transluzentem Wei\\u00df zu transparentem Glas zu schaffen.\",\"inLanguage\":\"de-DE\",\"isPartOf\":{\"@id\":\"https:\\\/\\\/www.s-lecfilm.com\\\/de\\\/#website\"},\"breadcrumb\":{\"@id\":\"https:\\\/\\\/www.s-lecfilm.com\\\/de\\\/cielora\\\/#breadcrumblist\"},\"datePublished\":\"2023-02-28T10:00:00+09:00\",\"dateModified\":\"2024-06-05T10:40:06+09:00\"},{\"@type\":\"WebSite\",\"@id\":\"https:\\\/\\\/www.s-lecfilm.com\\\/de\\\/#website\",\"url\":\"https:\\\/\\\/www.s-lecfilm.com\\\/de\\\/\",\"name\":\"s-lecfilm\",\"inLanguage\":\"de-DE\",\"publisher\":{\"@id\":\"https:\\\/\\\/www.s-lecfilm.com\\\/de\\\/#organization\"}}]}\n\t\t<\/script>\n\t\t<!-- All in One SEO Pro -->\r\n\t\t<title>Sch\u00f6nheit durch Abstufung erlangen | Cielora<\/title>\n\n","aioseo_head_json":{"title":"Sch\u00f6nheit durch Abstufung erlangen | Cielora","description":"Die wei\u00dfe Verlaufsfolie f\u00fcr Laminiertes Glass, die einzigartige M\u00f6glichkeiten bietet, allm\u00e4hliche \u00dcberg\u00e4nge von transluzentem Wei\u00df zu transparentem Glas zu schaffen.","canonical_url":"https:\/\/www.s-lecfilm.com\/de\/cielora\/","robots":"max-image-preview:large","keywords":"","webmasterTools":{"google-site-verification":"LGoHK3imcI57fEDyHDnPGNxrBKyRAWvyS1_pmekTNEU","miscellaneous":""},"og:locale":"de_DE","og:site_name":"SEKISUI S-LEC","og:type":"article","og:title":"Sch\u00f6nheit durch Abstufung erlangen | Cielora","og:description":"Die wei\u00dfe Verlaufsfolie f\u00fcr Laminiertes Glass, die einzigartige M\u00f6glichkeiten bietet, allm\u00e4hliche \u00dcberg\u00e4nge von transluzentem Wei\u00df zu transparentem Glas zu schaffen.","og:url":"https:\/\/www.s-lecfilm.com\/de\/cielora\/","og:image":"https:\/\/www.s-lecfilm.com\/wp-content\/uploads\/2023\/01\/cielora_01-1.png","og:image:secure_url":"https:\/\/www.s-lecfilm.com\/wp-content\/uploads\/2023\/01\/cielora_01-1.png","article:published_time":"2023-02-28T01:00:00+00:00","article:modified_time":"2024-06-05T01:40:06+00:00","twitter:card":"summary_large_image","twitter:title":"Sch\u00f6nheit durch Abstufung erlangen | Cielora","twitter:description":"Die wei\u00dfe Verlaufsfolie f\u00fcr Laminiertes Glass, die einzigartige M\u00f6glichkeiten bietet, allm\u00e4hliche \u00dcberg\u00e4nge von transluzentem Wei\u00df zu transparentem Glas zu schaffen.","twitter:image":"https:\/\/www.s-lecfilm.com\/wp-content\/uploads\/2023\/01\/cielora_01-1.png","schema":{"@context":"https:\/\/schema.org","@graph":[{"@type":"BreadcrumbList","@id":"https:\/\/www.s-lecfilm.com\/de\/cielora\/#breadcrumblist","itemListElement":[{"@type":"ListItem","@id":"https:\/\/www.s-lecfilm.com\/de\/#listItem","position":1,"name":"Zu Hause","item":"https:\/\/www.s-lecfilm.com\/de\/","nextItem":"https:\/\/www.s-lecfilm.com\/de\/cielora\/#listItem"},{"@type":"ListItem","@id":"https:\/\/www.s-lecfilm.com\/de\/cielora\/#listItem","position":2,"name":"\/de\/cielora\/","previousItem":"https:\/\/www.s-lecfilm.com\/de\/#listItem"}]},{"@type":"Organization","@id":"https:\/\/www.s-lecfilm.com\/de\/#organization","name":"s-lecfilm","url":"https:\/\/www.s-lecfilm.com\/de\/"},{"@type":"WebPage","@id":"https:\/\/www.s-lecfilm.com\/de\/cielora\/#webpage","url":"https:\/\/www.s-lecfilm.com\/de\/cielora\/","name":"Sch\u00f6nheit durch Abstufung erlangen | Cielora","description":"Die wei\u00dfe Verlaufsfolie f\u00fcr Laminiertes Glass, die einzigartige M\u00f6glichkeiten bietet, allm\u00e4hliche \u00dcberg\u00e4nge von transluzentem Wei\u00df zu transparentem Glas zu schaffen.","inLanguage":"de-DE","isPartOf":{"@id":"https:\/\/www.s-lecfilm.com\/de\/#website"},"breadcrumb":{"@id":"https:\/\/www.s-lecfilm.com\/de\/cielora\/#breadcrumblist"},"datePublished":"2023-02-28T10:00:00+09:00","dateModified":"2024-06-05T10:40:06+09:00"},{"@type":"WebSite","@id":"https:\/\/www.s-lecfilm.com\/de\/#website","url":"https:\/\/www.s-lecfilm.com\/de\/","name":"s-lecfilm","inLanguage":"de-DE","publisher":{"@id":"https:\/\/www.s-lecfilm.com\/de\/#organization"}}]}},"aioseo_meta_data":{"post_id":"17445","title":"Sch\u00f6nheit durch Abstufung erlangen | Cielora","description":"Die wei\u00dfe Verlaufsfolie f\u00fcr Laminiertes Glass, die einzigartige M\u00f6glichkeiten bietet, allm\u00e4hliche \u00dcberg\u00e4nge von transluzentem Wei\u00df zu transparentem Glas zu schaffen.","keywords":null,"keyphrases":"{\"focus\":{\"keyphrase\":\"\",\"score\":0,\"analysis\":{\"keyphraseInTitle\":{\"score\":0,\"maxScore\":9,\"error\":1}}},\"additional\":[]}","primary_term":null,"canonical_url":null,"og_title":null,"og_description":null,"og_object_type":"default","og_image_type":"custom_image","og_image_url":"https:\/\/www.s-lecfilm.com\/wp-content\/uploads\/2023\/01\/cielora_01-1.png","og_image_width":"0","og_image_height":"0","og_image_custom_url":"https:\/\/www.s-lecfilm.com\/wp-content\/uploads\/2023\/01\/cielora_01-1.png","og_image_custom_fields":null,"og_video":"","og_custom_url":null,"og_article_section":null,"og_article_tags":null,"twitter_use_og":false,"twitter_card":"default","twitter_image_type":"custom_image","twitter_image_url":"https:\/\/www.s-lecfilm.com\/wp-content\/uploads\/2023\/01\/cielora_01-1.png","twitter_image_custom_url":"https:\/\/www.s-lecfilm.com\/wp-content\/uploads\/2023\/01\/cielora_01-1.png","twitter_image_custom_fields":null,"twitter_title":null,"twitter_description":null,"schema":{"blockGraphs":[],"customGraphs":[],"default":{"data":{"Article":[],"Course":[],"Dataset":[],"FAQPage":[],"Movie":[],"Person":[],"Product":[],"Recipe":[],"Service":[],"SoftwareApplication":[],"WebPage":[]},"graphName":"WebPage","isEnabled":true},"graphs":[]},"schema_type":"default","schema_type_options":null,"pillar_content":false,"robots_default":true,"robots_noindex":false,"robots_noarchive":false,"robots_nosnippet":false,"robots_nofollow":false,"robots_noimageindex":false,"robots_noodp":false,"robots_notranslate":false,"robots_max_snippet":"-1","robots_max_videopreview":"-1","robots_max_imagepreview":"large","priority":null,"frequency":"default","local_seo":null,"limit_modified_date":false,"reviewed_by":null,"open_ai":{"title":{"suggestions":[],"usage":0},"description":{"suggestions":[],"usage":0}},"created":"2024-03-05 06:35:20","updated":"2024-06-05 01:41:00"},"aioseo_breadcrumb":"<div class=\"aioseo-breadcrumbs\"><span class=\"aioseo-breadcrumb\">\n\t<a href=\"https:\/\/www.s-lecfilm.com\/de\/\" title=\"\u30db\u30fc\u30e0\">\u30db\u30fc\u30e0<\/a>\n<\/span><span class=\"aioseo-breadcrumb-separator\">&raquo;<\/span><span class=\"aioseo-breadcrumb\">\n\t\/de\/cielora\/\n<\/span><\/div>","aioseo_breadcrumb_json":[{"label":"\u30db\u30fc\u30e0","link":"https:\/\/www.s-lecfilm.com\/de\/"},{"label":"\/de\/cielora\/","link":"https:\/\/www.s-lecfilm.com\/de\/cielora\/"}],"_links":{"self":[{"href":"https:\/\/www.s-lecfilm.com\/de\/wp-json\/wp\/v2\/pages\/17445"}],"collection":[{"href":"https:\/\/www.s-lecfilm.com\/de\/wp-json\/wp\/v2\/pages"}],"about":[{"href":"https:\/\/www.s-lecfilm.com\/de\/wp-json\/wp\/v2\/types\/page"}],"author":[{"embeddable":true,"href":"https:\/\/www.s-lecfilm.com\/de\/wp-json\/wp\/v2\/users\/7"}],"replies":[{"embeddable":true,"href":"https:\/\/www.s-lecfilm.com\/de\/wp-json\/wp\/v2\/comments?post=17445"}],"version-history":[{"count":9,"href":"https:\/\/www.s-lecfilm.com\/de\/wp-json\/wp\/v2\/pages\/17445\/revisions"}],"predecessor-version":[{"id":21266,"href":"https:\/\/www.s-lecfilm.com\/de\/wp-json\/wp\/v2\/pages\/17445\/revisions\/21266"}],"wp:attachment":[{"href":"https:\/\/www.s-lecfilm.com\/de\/wp-json\/wp\/v2\/media?parent=17445"}],"wp:term":[{"taxonomy":"page_category","embeddable":true,"href":"https:\/\/www.s-lecfilm.com\/de\/wp-json\/wp\/v2\/page_category?post=17445"}],"curies":[{"name":"wp","href":"https:\/\/api.w.org\/{rel}","templated":true}]}}