{"id":16594,"date":"2023-01-10T12:52:31","date_gmt":"2023-01-10T03:52:31","guid":{"rendered":"https:\/\/www.s-lecfilm.com\/en-download-sounds\/"},"modified":"2025-06-04T11:23:26","modified_gmt":"2025-06-04T02:23:26","slug":"en-download-sounds","status":"publish","type":"page","link":"https:\/\/www.s-lecfilm.com\/de\/download\/SoundS\/","title":{"rendered":"\/de\/download\/SoundS\/"},"content":{"rendered":"\n<div class=\"frame\">\n\t<div class=\"container\">\n\t\t<div class=\"all_area2\">\n\t\t\t<!-- Gradient -->\n\t\t\t<div class=\"form_SolarP width-normal\">\n\t\t\t\t\n\n<div class=\"form_SolarP_left\">\n\t\n<H1 class=\"c-title-level02 section-subtitle\">S-LEC\u2122 Sound Acoustic Film SV<\/H1>\n\n\n<h4 class=\"wp-block-heading\">Fortschrittliche Technologien zur Schwingungsd\u00e4mpfung f\u00fcr eine besonders ruhige Kabine<\/h4>\n\n\n\n<p>NEUE Akustikqualit\u00e4t, die die D\u00e4mpfungsleistung verbessert und Vibrationsger\u00e4usche deutlich reduziert. Durch die Verwendung der Folie nicht nur in den Windschutzscheiben, sondern auch in den Seitenfenstern werden Ger\u00e4uscharmut und Komfort in der Kabine drastisch verbessert, so dass das Autofahren zu einem noch nie dagewesenen, luxuri\u00f6sen Erlebnis wird.<\/p>\n\n\n<div class=\"feature-img text-center form_SolarP_thumbnail mb-3\">\n\t\t<img decoding=\"async\" src=\"https:\/\/www.s-lecfilm.com\/wp-content\/uploads\/912fc48fd1bdaf251aff214406c7e21e.webp\" alt=\"\" >\n\t\t<\/div>\n\n<div class=\"mb-3 form_SolarP_thumbnail_contents\">\n\t<div class=\"mb-3 form_SolarP_thumbnail_contents_box\">\n\t\t\n\n<ul class=\"wp-block-list\">\n<li>S-LEC\u2122 Sound Acoustic Film SV Schalld\u00e4mmleistung<\/li>\n\n\n\n<li>Bewertung der Schalld\u00e4mmleistung sowohl f\u00fcr Durchgangsl\u00e4rm als auch f\u00fcr Pseudol\u00e4rm<\/li>\n\n\n\n<li>\u00dcberlegene Ger\u00e4uscharmut in der Kabine durch Tests im Windkanal nachgewiesen<\/li>\n<\/ul>\n\n\t<\/div>\n<\/div>\n\n<\/div>\n\n\n\r\n<form  name=\"S-LEC_WebContents_SoundS_EN_FH\" action=\"\" class=\"all_area2 form_contacts form_contents form_SolarP_right Breite-Gro\u00df\" method=\"post\">\r\n\t<input type=\"hidden\" name=\"Language\" value=\"EN\" id=\"Language\">\r\n\t<div class=\"mb-3 form_SolarP_forminner\">\r\n\t\t<div class=\"row\">\r\n\t\t\t<div class=\"col-md-12 mb-3\">\r\n\t\t\t\tSie erhalten den Link zu unserer L\u00f6sung, sobald Sie dieses Formular ausgef\u00fcllt haben.\t\t\t<\/div>\r\n\t\t<\/div>\r\n\t\t<div class=\"row\">\r\n\t\t\r\n\t\t\t\t\t<div class=\"col-md-6 mb-2\">\r\n\t\t\t\t<label for=\"First_Name\" class=\"field-label\">Vornamen \r\n\t\t\t\t\t\t\t\t\t<span class=\"required\">*<\/span>\r\n\t\t\t\t\t\t\t\t<\/label>\r\n\t\t\t\t<input required type=\"text\" class=\"form-control\" id=\"First_Name\" name=\"First_Name\" placeholder=\"\">\r\n\t\t\t<\/div>\r\n\t\t\t\t\r\n\t\t\t\t\t<div class=\"col-md-6 mb-2\">\r\n\t\t\t\t<label for=\"Last_Name\" class=\"field-label\">Nachname \r\n\t\t\t\t\t\t\t\t\t<span class=\"required\">*<\/span>\r\n\t\t\t\t\t\t\t\t<\/label>\r\n\t\t\t\t<input required type=\"text\" class=\"form-control\" id=\"Last_Name\" name=\"Last_Name\" placeholder=\"\">\r\n\t\t\t<\/div>\r\n\t\t\r\n\t\t\t\t\r\n\t\t\t\t\t<div class=\"col-md-12 mb-2\">\r\n\t\t\t\t<label for=\"email\" class=\"field-label\">E-Mail (nur Firmenadresse) \r\n\t\t\t\t\t\t\t\t<span class=\"required\">*<\/span>\r\n\t\t\t\t\t\t\t\t<\/label>\r\n\t\t\t\t<input required type=\"email\" class=\"form-control\" id=\"email\" name=\"email\" placeholder=\"example@yourdomain.com\">\r\n\t\t\t\t<div class=\"error_massage required\"><\/div>\r\n\t\t\t<\/div>\r\n\t\t\r\n\t\t\r\n\t\t\t\t\t<div class=\"col-md-12 mb-2\">\r\n\t\t\t\t<label for=\"Company\" class=\"field-label\">Unternehmen \r\n\t\t\t\t\t\t\t\t<span class=\"required\">*<\/span>\r\n\t\t\t\t\t\t\t\t<\/label>\r\n\t\t\t\t<input required type=\"text\" class=\"form-control\" id=\"Company\" name=\"Company\" placeholder=\"Name des Unternehmens\">\r\n\t\t\t<\/div>\r\n\t\t\r\n\t\t\r\n\t\t\r\n\t\t\r\n\t\t\r\n\t\t\r\n\t\t\r\n\t\t\t\t\t<div class=\"col-md-12 form_SolarP_subscription\">\r\n\t\t\t\t<div class=\"form_SolarP_checkboxlabel\">\r\n\t\t\t\t\t<div>\r\n\t\t\t\t\t\t<input required type=\"checkbox\" name=\"Check_the_Privacy_Policy_and_Website_Policy\" id=\"Check_the_Privacy_Policy_and_Website_Policy\" value=\"true\">\r\n\t\t\t\t\t<\/div>\r\n\t\t\t\t\t<div>\r\n\t\t\t\t\t\t<label class=\"inline\" for=\"Check_the_Privacy_Policy_and_Website_Policy\">I agree to receive information from SEKISUI CHEMICAL (High Performance Plastics Company\/Urban Infrastructure &#038; Environmental Products Company).<\/label>\r\n\t\t\t\t\t\t<div class=\"mb-2\">You can unsubscribe at anytime.<\/div>\r\n\t\t\t\t\t\t<div class=\"form_SolarP_privacylink\">Please read our <a href=\"\/en\/privacy-notice\/\" target=\"_balnk\">Privacy Notice.<\/a><\/div>\r\n\t\t\t\t\t<\/div>\r\n\t\t\t\t<\/div>\r\n\t\t\t<\/div>\r\n\t\t\r\n\t\t<\/div><!--\/row-->\r\n\t<\/div>\r\n\t<button class=\"btn btn-primary btn-lg btn-block\">Jetzt herunterladen<\/button>\r\n<\/form>\r\n\r\n<script>\r\n(function ($) {\r\n\t$('form[name=\"S-LEC_WebContents_SoundS_EN_FH\"]').submit(function() {\r\n\t\tvar postaddress = \"aHR0cHM6Ly9jb250YWN0LnMtbGVjZmlsbS5jb20vbC85MzUzOTMvMjAyMi0xMC0xMy8zeHJjOHI=\";\r\n\t\t\r\n\t\tif($('form[name=\"S-LEC_WebContents_SoundS_EN_FH\"] .js_checkbox_list').length){\r\n\t\t\tif(!func_checkbox_checked($('form[name=\"S-LEC_WebContents_SoundS_EN_FH\"] .js_checkbox_list'))){\r\n\t\t\t\treturn false;\r\n\t\t\t}\r\n\t\t}\r\n\t\tif($('form[name=\"S-LEC_WebContents_SoundS_EN_FH\"] input[type=\"email\"]').length){\r\n\t\t\tif(!func_validation_domain($('form[name=\"S-LEC_WebContents_SoundS_EN_FH\"] input[type=\"email\"]'))){\r\n\t\t\t\t$(this).attr('action',  atob(postaddress));\r\n\t\t\t} else {\r\n\t\t\t\t$('form[name=\"S-LEC_WebContents_SoundS_EN_FH\"] input[type=\"email\"]').focus();\r\n\t\t\t\treturn false;\r\n\t\t\t}\r\n\t\t} else {\r\n\t\t\t$(this).attr('action',  atob(postaddress));\r\n\t\t}\r\n\t});\r\n\r\n\r\n\t$('form[name=\"S-LEC_WebContents_SoundS_EN_FH\"] input[type=\"email\"]').on('change focusout',function() {\r\n\t\tif(func_validation_domain($(this))){\r\n\t\t\t$(this).focus();\r\n\t\t}\r\n\t});\r\n\r\n\r\n\tfunction func_validation_domain(element){\r\n\t\tvar email = element.val();\r\n\t\tvar validation_domains = new Array(\r\n\t\t'desitai','kingboard','xinfupharm','worldpvb','color-pvb','cni-lontec','atlpvb','aomeipvb','ccpgp','kuraray','eastman','satinal','gmail','icloud','yahoo','outlook','hotmail','live.','126.com','163.com','1mail','bk.ru','bvhrs','comcast.net','daum','email.','g2bsmart.com','hanmail.net','home.nl','humantist.com','laposte.net','list.ru','live.com','mac.','mail.ru','mail2','me.com','naver','nifty','ocn','qq.com','sute.jp','t-online','yandex','x.co','gamil.','advmsecurity','concecutex','skiff.com','odoziakuchi','eventsnq','jcom.home','optusnet','139.com','qyresearch','kkmm.com','camplvad','aol','hannamht','yourdomain','orange.fr','dsads.com','bdda.com','BDDA.COM','afaf.com','nate.com','wp.pl','ezweb.ne.jp','consultant.com','beh.com','asda.com','aliyun.com','wetranstech','yourdo.com','foundite.com','bigpond.com','dominatekeywords.com','qyglobaldata.com','qyrsurvey.com','ybb.ne.jp','visitordetect.com','kyteway.com','needexpo.net','bolituandu.freeqiye.com','mm2s.eu','asd.com','revanshprojects.in',\t\t);\r\n\t\tvar splitEmail = email.split('@');\r\n\t\t\r\n\t\telement.next('.error_massage').text('');\r\n\t\telement.next('.error_massage').removeClass('message_active');\r\n\r\n\t\tif(splitEmail.length === 0 || email == ''){\r\n\t\t\treturn false;\r\n\t\t}\r\n\r\n\t\tvar func_return = false;\r\n\t\t$.each(validation_domains, function(i, blockedDomain) {\r\n\t\t\tblockedDomain = blockedDomain.toLowerCase();\r\n\t\t\tconst emailDomain = splitEmail[1].toLowerCase();\r\n\t\t\tif(emailDomain.indexOf(blockedDomain) === 0){\r\n\t\t\t\tfunc_return = true;\r\n\t\t\t\telement.next('.error_massage').text('Invalid E-mail address');\r\n\t\t\t\telement.next('.error_massage').addClass('message_active');\r\n\t\t\t\treturn false;\r\n\t\t\t}\r\n\t\t});\r\n\t\t\r\n\t\treturn func_return;\r\n\t}\r\n\r\n\tfunction func_checkbox_checked(element){\r\n\t\telement.prev('.error_massage').text('');\r\n\t\telement.prev('.error_massage').removeClass('message_active');\r\n\r\n\t\tif(!element.attr('required')){\r\n\t\t\treturn true;\r\n\t\t}\r\n\r\n\t\tvar func_return = false;\r\n\t\telement.find('input[type=\"checkbox\"]').each(function() {\r\n\t\t\tif($(this).prop('checked')){\r\n\t\t\t\tfunc_return = true;\r\n\t\t\t}\r\n\t\t});\r\n\t\t\r\n\t\tif(func_return == false){\r\n\t\t\telement.prev('.error_massage').text('Please select one or more');\r\n\t\t\telement.prev('.error_massage').addClass('message_active');\r\n\t\t}\r\n\t\treturn func_return;\r\n\t}\r\n})(jQuery);\r\n\r\n<\/script>\n\t\t\t<\/div>\n\t\t<\/div>\n\t<\/div>\n<\/div>\n\n\n\n<p><\/p>\n","protected":false},"excerpt":{"rendered":"","protected":false},"author":7,"featured_media":0,"parent":16734,"menu_order":56,"comment_status":"closed","ping_status":"closed","template":"page-ctaform.php","meta":{"_acf_changed":false,"_oasis_is_in_workflow":0,"_oasis_original":0,"om_disable_all_campaigns":false,"inline_featured_image":false,"_monsterinsights_skip_tracking":false,"_monsterinsights_sitenote_active":false,"_monsterinsights_sitenote_note":"","_monsterinsights_sitenote_category":0,"footnotes":""},"page_category":[138,120],"class_list":["post-16594","page","type-page","status-publish","hentry"],"acf":[],"aioseo_notices":[],"aioseo_head":"\n\t\t<!-- All in One SEO Pro 4.6.2 - aioseo.com -->\n\t\t<meta name=\"description\" content=\"Die NEUE Akustikklasse, die die D\u00e4mpfungsleistung verbessert, reduziert die Vibrationsger\u00e4usche erheblich und erh\u00f6ht die Ger\u00e4uscharmut und den Komfort im Innenraum.\" \/>\n\t\t<meta name=\"robots\" content=\"max-image-preview:large\" \/>\n\t\t<meta name=\"google-site-verification\" content=\"LGoHK3imcI57fEDyHDnPGNxrBKyRAWvyS1_pmekTNEU\" \/>\n\t\t<link rel=\"canonical\" href=\"https:\/\/www.s-lecfilm.com\/de\/download\/SoundS\/\" \/>\n\t\t<meta name=\"generator\" content=\"All in One SEO Pro (AIOSEO) 4.6.2\" \/>\n\t\t<meta property=\"og:locale\" content=\"de_DE\" \/>\n\t\t<meta property=\"og:site_name\" content=\"SEKISUI S-LEC\" \/>\n\t\t<meta property=\"og:type\" content=\"website\" \/>\n\t\t<meta property=\"og:title\" content=\"S-LEC\u2122 Sound Acoustic Film SV HD herunterladen\" \/>\n\t\t<meta property=\"og:description\" content=\"Die NEUE Akustikklasse, die die D\u00e4mpfungsleistung verbessert, reduziert die Vibrationsger\u00e4usche erheblich und erh\u00f6ht die Ger\u00e4uscharmut und den Komfort im Innenraum.\" \/>\n\t\t<meta property=\"og:url\" content=\"https:\/\/www.s-lecfilm.com\/de\/download\/SoundS\/\" \/>\n\t\t<meta property=\"og:image\" content=\"https:\/\/www.s-lecfilm.com\/wp-content\/uploads\/2023\/01\/1005626227_safsv_leaf_3b-scaled.jpg\" \/>\n\t\t<meta property=\"og:image:secure_url\" content=\"https:\/\/www.s-lecfilm.com\/wp-content\/uploads\/2023\/01\/1005626227_safsv_leaf_3b-scaled.jpg\" \/>\n\t\t<meta name=\"twitter:card\" content=\"summary_large_image\" \/>\n\t\t<meta name=\"twitter:title\" content=\"S-LEC\u2122 Sound Acoustic Film SV HD herunterladen\" \/>\n\t\t<meta name=\"twitter:description\" content=\"Die NEUE Akustikklasse, die die D\u00e4mpfungsleistung verbessert, reduziert die Vibrationsger\u00e4usche erheblich und erh\u00f6ht die Ger\u00e4uscharmut und den Komfort im Innenraum.\" \/>\n\t\t<meta name=\"twitter:image\" content=\"https:\/\/www.s-lecfilm.com\/wp-content\/uploads\/2023\/01\/1005626227_safsv_leaf_3b-scaled.jpg\" \/>\n\t\t<script type=\"application\/ld+json\" class=\"aioseo-schema\">\n\t\t\t{\"@context\":\"https:\\\/\\\/schema.org\",\"@graph\":[{\"@type\":\"BreadcrumbList\",\"@id\":\"https:\\\/\\\/www.s-lecfilm.com\\\/de\\\/download\\\/SoundS\\\/#breadcrumblist\",\"itemListElement\":[{\"@type\":\"ListItem\",\"@id\":\"https:\\\/\\\/www.s-lecfilm.com\\\/de\\\/#listItem\",\"position\":1,\"name\":\"Zu Hause\",\"item\":\"https:\\\/\\\/www.s-lecfilm.com\\\/de\\\/\",\"nextItem\":\"https:\\\/\\\/www.s-lecfilm.com\\\/de\\\/de-download\\\/#listItem\"},{\"@type\":\"ListItem\",\"@id\":\"https:\\\/\\\/www.s-lecfilm.com\\\/de\\\/de-download\\\/#listItem\",\"position\":2,\"name\":\"\\\/de\\\/download\\\/\",\"item\":\"https:\\\/\\\/www.s-lecfilm.com\\\/de\\\/de-download\\\/\",\"nextItem\":\"https:\\\/\\\/www.s-lecfilm.com\\\/de\\\/download\\\/SoundS\\\/#listItem\",\"previousItem\":\"https:\\\/\\\/www.s-lecfilm.com\\\/de\\\/#listItem\"},{\"@type\":\"ListItem\",\"@id\":\"https:\\\/\\\/www.s-lecfilm.com\\\/de\\\/download\\\/SoundS\\\/#listItem\",\"position\":3,\"name\":\"\\\/de\\\/download\\\/SoundS\\\/\",\"previousItem\":\"https:\\\/\\\/www.s-lecfilm.com\\\/de\\\/de-download\\\/#listItem\"}]},{\"@type\":\"Organization\",\"@id\":\"https:\\\/\\\/www.s-lecfilm.com\\\/de\\\/#organization\",\"name\":\"s-lecfilm\",\"url\":\"https:\\\/\\\/www.s-lecfilm.com\\\/de\\\/\"},{\"@type\":\"WebPage\",\"@id\":\"https:\\\/\\\/www.s-lecfilm.com\\\/de\\\/download\\\/SoundS\\\/#webpage\",\"url\":\"https:\\\/\\\/www.s-lecfilm.com\\\/de\\\/download\\\/SoundS\\\/\",\"name\":\"S-LEC\\u2122 Sound Acoustic Film SV HD herunterladen\",\"description\":\"Die NEUE Akustikklasse, die die D\\u00e4mpfungsleistung verbessert, reduziert die Vibrationsger\\u00e4usche erheblich und erh\\u00f6ht die Ger\\u00e4uscharmut und den Komfort im Innenraum.\",\"inLanguage\":\"de-DE\",\"isPartOf\":{\"@id\":\"https:\\\/\\\/www.s-lecfilm.com\\\/de\\\/#website\"},\"breadcrumb\":{\"@id\":\"https:\\\/\\\/www.s-lecfilm.com\\\/de\\\/download\\\/SoundS\\\/#breadcrumblist\"},\"datePublished\":\"2023-01-10T12:52:31+09:00\",\"dateModified\":\"2025-06-04T11:23:26+09:00\"},{\"@type\":\"WebSite\",\"@id\":\"https:\\\/\\\/www.s-lecfilm.com\\\/de\\\/#website\",\"url\":\"https:\\\/\\\/www.s-lecfilm.com\\\/de\\\/\",\"name\":\"s-lecfilm\",\"inLanguage\":\"de-DE\",\"publisher\":{\"@id\":\"https:\\\/\\\/www.s-lecfilm.com\\\/de\\\/#organization\"}}]}\n\t\t<\/script>\n\t\t<!-- All in One SEO Pro -->\r\n\t\t<title>S-LEC\u2122 Sound Acoustic Film SV HD herunterladen<\/title>\n\n","aioseo_head_json":{"title":"S-LEC\u2122 Sound Acoustic Film SV HD herunterladen","description":"Die NEUE Akustikklasse, die die D\u00e4mpfungsleistung verbessert, reduziert die Vibrationsger\u00e4usche erheblich und erh\u00f6ht die Ger\u00e4uscharmut und den Komfort im Innenraum.","canonical_url":"https:\/\/www.s-lecfilm.com\/de\/download\/SoundS\/","robots":"max-image-preview:large","keywords":"","webmasterTools":{"google-site-verification":"LGoHK3imcI57fEDyHDnPGNxrBKyRAWvyS1_pmekTNEU","miscellaneous":""},"og:locale":"de_DE","og:site_name":"SEKISUI S-LEC","og:type":"website","og:title":"S-LEC\u2122 Sound Acoustic Film SV HD herunterladen","og:description":"Die NEUE Akustikklasse, die die D\u00e4mpfungsleistung verbessert, reduziert die Vibrationsger\u00e4usche erheblich und erh\u00f6ht die Ger\u00e4uscharmut und den Komfort im Innenraum.","og:url":"https:\/\/www.s-lecfilm.com\/de\/download\/SoundS\/","og:image":"https:\/\/www.s-lecfilm.com\/wp-content\/uploads\/2023\/01\/1005626227_safsv_leaf_3b-scaled.jpg","og:image:secure_url":"https:\/\/www.s-lecfilm.com\/wp-content\/uploads\/2023\/01\/1005626227_safsv_leaf_3b-scaled.jpg","twitter:card":"summary_large_image","twitter:title":"S-LEC\u2122 Sound Acoustic Film SV HD herunterladen","twitter:description":"Die NEUE Akustikklasse, die die D\u00e4mpfungsleistung verbessert, reduziert die Vibrationsger\u00e4usche erheblich und erh\u00f6ht die Ger\u00e4uscharmut und den Komfort im Innenraum.","twitter:image":"https:\/\/www.s-lecfilm.com\/wp-content\/uploads\/2023\/01\/1005626227_safsv_leaf_3b-scaled.jpg","schema":{"@context":"https:\/\/schema.org","@graph":[{"@type":"BreadcrumbList","@id":"https:\/\/www.s-lecfilm.com\/de\/download\/SoundS\/#breadcrumblist","itemListElement":[{"@type":"ListItem","@id":"https:\/\/www.s-lecfilm.com\/de\/#listItem","position":1,"name":"Zu Hause","item":"https:\/\/www.s-lecfilm.com\/de\/","nextItem":"https:\/\/www.s-lecfilm.com\/de\/de-download\/#listItem"},{"@type":"ListItem","@id":"https:\/\/www.s-lecfilm.com\/de\/de-download\/#listItem","position":2,"name":"\/de\/download\/","item":"https:\/\/www.s-lecfilm.com\/de\/de-download\/","nextItem":"https:\/\/www.s-lecfilm.com\/de\/download\/SoundS\/#listItem","previousItem":"https:\/\/www.s-lecfilm.com\/de\/#listItem"},{"@type":"ListItem","@id":"https:\/\/www.s-lecfilm.com\/de\/download\/SoundS\/#listItem","position":3,"name":"\/de\/download\/SoundS\/","previousItem":"https:\/\/www.s-lecfilm.com\/de\/de-download\/#listItem"}]},{"@type":"Organization","@id":"https:\/\/www.s-lecfilm.com\/de\/#organization","name":"s-lecfilm","url":"https:\/\/www.s-lecfilm.com\/de\/"},{"@type":"WebPage","@id":"https:\/\/www.s-lecfilm.com\/de\/download\/SoundS\/#webpage","url":"https:\/\/www.s-lecfilm.com\/de\/download\/SoundS\/","name":"S-LEC\u2122 Sound Acoustic Film SV HD herunterladen","description":"Die NEUE Akustikklasse, die die D\u00e4mpfungsleistung verbessert, reduziert die Vibrationsger\u00e4usche erheblich und erh\u00f6ht die Ger\u00e4uscharmut und den Komfort im Innenraum.","inLanguage":"de-DE","isPartOf":{"@id":"https:\/\/www.s-lecfilm.com\/de\/#website"},"breadcrumb":{"@id":"https:\/\/www.s-lecfilm.com\/de\/download\/SoundS\/#breadcrumblist"},"datePublished":"2023-01-10T12:52:31+09:00","dateModified":"2025-06-04T11:23:26+09:00"},{"@type":"WebSite","@id":"https:\/\/www.s-lecfilm.com\/de\/#website","url":"https:\/\/www.s-lecfilm.com\/de\/","name":"s-lecfilm","inLanguage":"de-DE","publisher":{"@id":"https:\/\/www.s-lecfilm.com\/de\/#organization"}}]}},"aioseo_meta_data":{"post_id":"16594","title":"S-LEC\u2122 Sound Acoustic Film SV HD herunterladen","description":"Die NEUE Akustikklasse, die die D\u00e4mpfungsleistung verbessert, reduziert die Vibrationsger\u00e4usche erheblich und erh\u00f6ht die Ger\u00e4uscharmut und den Komfort im Innenraum.","keywords":null,"keyphrases":"{\"focus\":{\"keyphrase\":\"\",\"score\":0,\"analysis\":{\"keyphraseInTitle\":{\"score\":0,\"maxScore\":9,\"error\":1}}},\"additional\":[]}","primary_term":null,"canonical_url":null,"og_title":null,"og_description":null,"og_object_type":"website","og_image_type":"custom_image","og_image_url":"https:\/\/www.s-lecfilm.com\/wp-content\/uploads\/2023\/01\/1005626227_safsv_leaf_3b-scaled.jpg","og_image_width":"0","og_image_height":"0","og_image_custom_url":"https:\/\/www.s-lecfilm.com\/wp-content\/uploads\/2023\/01\/1005626227_safsv_leaf_3b-scaled.jpg","og_image_custom_fields":null,"og_video":"","og_custom_url":null,"og_article_section":null,"og_article_tags":null,"twitter_use_og":false,"twitter_card":"default","twitter_image_type":"custom_image","twitter_image_url":"https:\/\/www.s-lecfilm.com\/wp-content\/uploads\/2023\/01\/1005626227_safsv_leaf_3b-scaled.jpg","twitter_image_custom_url":"https:\/\/www.s-lecfilm.com\/wp-content\/uploads\/2023\/01\/1005626227_safsv_leaf_3b-scaled.jpg","twitter_image_custom_fields":null,"twitter_title":null,"twitter_description":null,"schema":{"blockGraphs":[],"customGraphs":[],"default":{"data":{"Article":[],"Course":[],"Dataset":[],"FAQPage":[],"Movie":[],"Person":[],"Product":[],"Recipe":[],"Service":[],"SoftwareApplication":[],"WebPage":[]},"graphName":"WebPage","isEnabled":true},"graphs":[]},"schema_type":"default","schema_type_options":null,"pillar_content":false,"robots_default":true,"robots_noindex":false,"robots_noarchive":false,"robots_nosnippet":false,"robots_nofollow":false,"robots_noimageindex":false,"robots_noodp":false,"robots_notranslate":false,"robots_max_snippet":"-1","robots_max_videopreview":"-1","robots_max_imagepreview":"large","priority":null,"frequency":"default","local_seo":null,"limit_modified_date":false,"reviewed_by":null,"open_ai":{"title":{"suggestions":[],"usage":0},"description":{"suggestions":[],"usage":0}},"created":"2024-02-22 02:27:48","updated":"2025-07-08 10:56:48"},"aioseo_breadcrumb":"<div class=\"aioseo-breadcrumbs\"><span class=\"aioseo-breadcrumb\">\n\t<a href=\"https:\/\/www.s-lecfilm.com\/de\/\" title=\"\u30db\u30fc\u30e0\">\u30db\u30fc\u30e0<\/a>\n<\/span><span class=\"aioseo-breadcrumb-separator\">&raquo;<\/span><span class=\"aioseo-breadcrumb\">\n\t<a href=\"https:\/\/www.s-lecfilm.com\/de\/de-download\/\" title=\"Privat: \/de\/download\/\">Privat: \/de\/download\/<\/a>\n<\/span><span class=\"aioseo-breadcrumb-separator\">&raquo;<\/span><span class=\"aioseo-breadcrumb\">\n\t\/de\/download\/SoundS\/\n<\/span><\/div>","aioseo_breadcrumb_json":[{"label":"\u30db\u30fc\u30e0","link":"https:\/\/www.s-lecfilm.com\/de\/"},{"label":"Privat: \/de\/download\/","link":"https:\/\/www.s-lecfilm.com\/de\/de-download\/"},{"label":"\/de\/download\/SoundS\/","link":"https:\/\/www.s-lecfilm.com\/de\/download\/SoundS\/"}],"_links":{"self":[{"href":"https:\/\/www.s-lecfilm.com\/de\/wp-json\/wp\/v2\/pages\/16594"}],"collection":[{"href":"https:\/\/www.s-lecfilm.com\/de\/wp-json\/wp\/v2\/pages"}],"about":[{"href":"https:\/\/www.s-lecfilm.com\/de\/wp-json\/wp\/v2\/types\/page"}],"author":[{"embeddable":true,"href":"https:\/\/www.s-lecfilm.com\/de\/wp-json\/wp\/v2\/users\/7"}],"replies":[{"embeddable":true,"href":"https:\/\/www.s-lecfilm.com\/de\/wp-json\/wp\/v2\/comments?post=16594"}],"version-history":[{"count":9,"href":"https:\/\/www.s-lecfilm.com\/de\/wp-json\/wp\/v2\/pages\/16594\/revisions"}],"predecessor-version":[{"id":26833,"href":"https:\/\/www.s-lecfilm.com\/de\/wp-json\/wp\/v2\/pages\/16594\/revisions\/26833"}],"up":[{"embeddable":true,"href":"https:\/\/www.s-lecfilm.com\/de\/wp-json\/wp\/v2\/pages\/16734"}],"wp:attachment":[{"href":"https:\/\/www.s-lecfilm.com\/de\/wp-json\/wp\/v2\/media?parent=16594"}],"wp:term":[{"taxonomy":"page_category","embeddable":true,"href":"https:\/\/www.s-lecfilm.com\/de\/wp-json\/wp\/v2\/page_category?post=16594"}],"curies":[{"name":"wp","href":"https:\/\/api.w.org\/{rel}","templated":true}]}}